{"id":1754,"date":"2025-06-29T23:46:12","date_gmt":"2025-06-29T21:46:12","guid":{"rendered":"https:\/\/www.spirit-us.eu\/?post_type=product&#038;p=1754"},"modified":"2025-08-08T15:20:42","modified_gmt":"2025-08-08T13:20:42","slug":"autoenvoutement-soin-deprogrammation","status":"publish","type":"product","link":"https:\/\/www.spirit-us.eu\/index.php\/produit\/autoenvoutement-soin-deprogrammation\/","title":{"rendered":"AUTOENVOUTEMENT &#8211; soin &#038; d\u00e9programmation"},"content":{"rendered":"<p>Le sujet de l\u2019autoenvo\u00fbtement est d\u00e9licat et il convient de le d\u00e9finir soigneusement, ce que c\u2019est et ce que ce n\u2019est pas, quels en sont les effets et comment s\u2019en d\u00e9faire.<\/p>\n<p>Un autoenvo\u00fbtement <strong>EST<\/strong>\u00a0:<\/p>\n<ul>\n<li>Un envo\u00fbtement bien r\u00e9el<\/li>\n<li>Issu d\u2019un \u00e9v\u00e9nement ou de la volont\u00e9 d\u2019un proche ou d\u2019un groupe de proximit\u00e9, \u00e0 un moment o\u00f9 la d\u00e9fense \u00e9tait impossible et ce, de fa\u00e7on r\u00e9p\u00e9titive<\/li>\n<li>Un \u00e9tat de sid\u00e9ration psychique<\/li>\n<li>Qui r\u00e9pond \u00e0 un sch\u00e9ma pr\u00e9cis<\/li>\n<li>Qui \u00ab\u00a0adopte\u00a0\u00bb une volont\u00e9 mauvaise de proximit\u00e9 comme \u00e9tant n\u00f4tre, \u00e0 tort<\/li>\n<li>Qui provoque l\u2019auto-jugement, l\u2019autocensure, des \u00e9checs r\u00e9p\u00e9titifs de toute entreprise dans un domaine pr\u00e9cis ou en g\u00e9n\u00e9ral, l\u2019autodestruction, l\u2019autosabotage (voire le suicide).<\/li>\n<li>Qui provoque une phobie sociale, ou de situations (terreurs financi\u00e8res, amoureuses, professionnelles, \u2026)<\/li>\n<\/ul>\n<p>Un autoenvo\u00fbtement <strong>N\u2019EST PAS<\/strong>\u00a0:<\/p>\n<ul>\n<li>Un envo\u00fbtement t\u00e9l\u00e9pathique de proximit\u00e9 = fait par un ou des proches (amis, famille, coll\u00e8gues), par une seule personne ou en \u00e9gr\u00e9gore (= en groupe) et sans rituel magique\u00a0;<\/li>\n<li>Un envo\u00fbtement classique effectu\u00e9 par un ou des sorciers, utilisant des objets (dagyde, bougies noires et rouges, encens d\u00e9l\u00e9t\u00e8res) et des invocations aux entit\u00e9s et aux d\u00e9mons, au cours de certaines phases lunaires.<\/li>\n<\/ul>\n<p>De ce fait, on n\u2019exorcise pas un autoenvo\u00fbtement. On ne peut pas s\u2019exorciser soi-m\u00eame.\u00a0 En revanche, on reprogramme l\u2019inconscient bloqu\u00e9 par l\u2019\u00e9v\u00e9nement initial puis par l\u2019autoenvo\u00fbtement, dans la Lumi\u00e8re de l\u2019Esprit, et on transforme, gr\u00e2ce \u00e0 un protocole sp\u00e9cifique, ces \u00e9nergies lourdes en une \u00e9nergie puissante de recr\u00e9ation.<\/p>\n<p><strong>Deux possibilit\u00e9s de soin\u00a0:<\/strong><\/p>\n<ul>\n<li>Protocole analytique sous forme de th\u00e9rapie br\u00e8ve faite de 3 s\u00e9ances (minimum) dont (1) analyse et travail personnel d\u2019anamn\u00e8se, (2) soin respectant le cycle biologique de la m\u00e9moire, (3) bilan et plan d\u2019action si l\u2019autoenvo\u00fbtement a r\u00e9v\u00e9l\u00e9 d\u2019autres aspects ayant besoin de soins. Prendre rendez-vous\u00a0:<\/li>\n<li>Travail personnel en solo \u2013 aides\u00a0: l\u2019audio de soin et un livret explicatif<\/li>\n<\/ul>\n<p><strong>Un livret est livr\u00e9 en t\u00e9l\u00e9chargement en m\u00eame temps que le soin et il est tr\u00e8s important de le lire attentivement avant le soin.\u00a0 En effet, il d\u00e9crit la philosophie de ce travail de lumi\u00e8re, les gestes qui seront demand\u00e9s durant l\u2019\u00e9coute et les conditions optimales pour en potentialiser les bienfaits.<\/strong><\/p>\n<p>&nbsp;<\/p>\n<p><strong>Format<\/strong>\u00a0: Audio mp3 t\u00e9l\u00e9chargeable avec musique.<\/p>\n<p><strong>Dur\u00e9e<\/strong>\u00a0: 40 minutes<\/p>\n<p><strong>Auteure<\/strong>\u00a0: Lola Lacroix<\/p>\n<p><strong>Musique<\/strong> : Heavenly Harp Hymn Instrumental Music &#8211;\u00a0<em>To God be the glory<\/em><\/p>\n<p>Tous droits r\u00e9serv\u00e9s.<\/p>\n<p>Lien vers la prise de rendez-vous : <a href=\"https:\/\/exorciser-liberer-guerir.com\/prise-de-rendez-vous-par-domaine-dintervention\/\" target=\"_blank\" rel=\"noopener\">https:\/\/exorciser-liberer-guerir.com\/prise-de-rendez-vous-par-domaine-dintervention\/<\/a><\/p>\n","protected":false},"excerpt":{"rendered":"<p style=\"text-align: justify;\">Enregistrement Audio mp3 t\u00e9l\u00e9chargeable avec musique, d\u2019une dur\u00e9e de 40 minutes. Livret analytique et explicatif fourni avec l\u2019audio. L\u2019autoenvo\u00fbtement est une sorte d\u2019autoempoisonnement psychique autrement appel\u00e9s mal\u00e9fice ou envo\u00fbtement, et affectent g\u00e9n\u00e9ralement une sph\u00e8re particuli\u00e8re de la vie : finances, travail, relations amoureuses, ou tout autre domaine. Souvent m\u00e9pris\u00e9, l\u2019autoenvo\u00fbtement existe bel et bien, il est provoqu\u00e9 au d\u00e9part ; ensuite, il prend \u00e0 la longue la forme d\u2019envo\u00fbtement r\u00e9el. C\u2019est un ph\u00e9nom\u00e8ne obsessionnel, une fixation psychique.\u00a0 La personne pense \u00eatre victime d\u2019un envo\u00fbtement et au bout d\u2019un temps, finit par l\u2019\u00eatre.\u00a0 \u00a0Envo\u00fbt\u00e9e par une connaissance qui n\u2019a pas recours \u00e0 la sorcellerie pour nuire, mais \u00e0 des paroles (des voult), la cible guette ensuite les moindres faits venant corroborer ses sensations, le plus infime sympt\u00f4me, y compris organique. La fixation est telle qu\u2019elle se \u00ab branche \u00bb sur le ph\u00e9nom\u00e8ne \u00ab envo\u00fbtement \u00bb et l\u2019attire. Le moindre indice devient une preuve, la personne s\u2019auto-intoxique, finit par \u00eatre totalement envo\u00fbt\u00e9e par elle-m\u00eame.\u00a0 Ce qu\u2019elle redoute arrive, parce qu\u2019elle l\u2019a attir\u00e9 \u00e0 force de se focaliser dessus. Ce n\u2019est pas une fatalit\u00e9. Cela requiert une analyse, l\u2019\u00e9radication des auteurs et une reprogrammation psychique.<\/p>\n","protected":false},"featured_media":1756,"comment_status":"open","ping_status":"closed","template":"","meta":[],"product_brand":[],"product_cat":[155,166,17],"product_tag":[209,210,208,207,202],"mwb_booking_cost":[],"mwb_booking_service":[],"class_list":{"0":"post-1754","1":"product","2":"type-product","3":"status-publish","4":"has-post-thumbnail","6":"product_cat-02-soins-accueil","7":"product_cat-07-spiritualite-et-benedictions","8":"product_cat-tous-les-produits","9":"product_tag-agressions-spirituelles","10":"product_tag-deprogrammation","11":"product_tag-emotions","12":"product_tag-envoutement","13":"product_tag-peurs","15":"first","16":"instock","17":"downloadable","18":"virtual","19":"purchasable","20":"product-type-simple"},"yoast_head":"<!-- This site is optimized with the Yoast SEO plugin v27.1.1 - https:\/\/yoast.com\/product\/yoast-seo-wordpress\/ -->\n<title>AUTOENVOUTEMENT - soin &amp; d\u00e9programmation - Spirit-US<\/title>\n<meta name=\"robots\" content=\"index, follow, max-snippet:-1, max-image-preview:large, max-video-preview:-1\" \/>\n<link rel=\"canonical\" href=\"https:\/\/www.spirit-us.eu\/index.php\/produit\/autoenvoutement-soin-deprogrammation\/\" \/>\n<meta property=\"og:locale\" content=\"fr_FR\" \/>\n<meta property=\"og:type\" content=\"article\" \/>\n<meta property=\"og:title\" content=\"AUTOENVOUTEMENT - soin &amp; d\u00e9programmation - Spirit-US\" \/>\n<meta property=\"og:description\" content=\"Enregistrement Audio mp3 t\u00e9l\u00e9chargeable avec musique, d\u2019une dur\u00e9e de 40 minutes. Livret analytique et explicatif fourni avec l\u2019audio. L\u2019autoenvo\u00fbtement est une sorte d\u2019autoempoisonnement psychique autrement appel\u00e9s mal\u00e9fice ou envo\u00fbtement, et affectent g\u00e9n\u00e9ralement une sph\u00e8re particuli\u00e8re de la vie : finances, travail, relations amoureuses, ou tout autre domaine. Souvent m\u00e9pris\u00e9, l\u2019autoenvo\u00fbtement existe bel et bien, il est provoqu\u00e9 au d\u00e9part ; ensuite, il prend \u00e0 la longue la forme d\u2019envo\u00fbtement r\u00e9el. C\u2019est un ph\u00e9nom\u00e8ne obsessionnel, une fixation psychique.\u00a0 La personne pense \u00eatre victime d\u2019un envo\u00fbtement et au bout d\u2019un temps, finit par l\u2019\u00eatre.\u00a0 \u00a0Envo\u00fbt\u00e9e par une connaissance qui n\u2019a pas recours \u00e0 la sorcellerie pour nuire, mais \u00e0 des paroles (des voult), la cible guette ensuite les moindres faits venant corroborer ses sensations, le plus infime sympt\u00f4me, y compris organique. La fixation est telle qu\u2019elle se \u00ab branche \u00bb sur le ph\u00e9nom\u00e8ne \u00ab envo\u00fbtement \u00bb et l\u2019attire. Le moindre indice devient une preuve, la personne s\u2019auto-intoxique, finit par \u00eatre totalement envo\u00fbt\u00e9e par elle-m\u00eame.\u00a0 Ce qu\u2019elle redoute arrive, parce qu\u2019elle l\u2019a attir\u00e9 \u00e0 force de se focaliser dessus. Ce n\u2019est pas une fatalit\u00e9. Cela requiert une analyse, l\u2019\u00e9radication des auteurs et une reprogrammation psychique.\" \/>\n<meta property=\"og:url\" content=\"https:\/\/www.spirit-us.eu\/index.php\/produit\/autoenvoutement-soin-deprogrammation\/\" \/>\n<meta property=\"og:site_name\" content=\"Spirit-US\" \/>\n<meta property=\"article:publisher\" content=\"https:\/\/www.facebook.com\/spirit.us.deum\" \/>\n<meta property=\"article:modified_time\" content=\"2025-08-08T13:20:42+00:00\" \/>\n<meta property=\"og:image\" content=\"https:\/\/www.spirit-us.eu\/wp-content\/uploads\/2025\/06\/fiche-produit-site-boutique.jpg\" \/>\n\t<meta property=\"og:image:width\" content=\"1080\" \/>\n\t<meta property=\"og:image:height\" content=\"1080\" \/>\n\t<meta property=\"og:image:type\" content=\"image\/jpeg\" \/>\n<meta name=\"twitter:card\" content=\"summary_large_image\" \/>\n<meta name=\"twitter:label1\" content=\"Dur\u00e9e de lecture estim\u00e9e\" \/>\n\t<meta name=\"twitter:data1\" content=\"2 minutes\" \/>\n<script type=\"application\/ld+json\" class=\"yoast-schema-graph\">{\"@context\":\"https:\/\/schema.org\",\"@graph\":[{\"@type\":\"WebPage\",\"@id\":\"https:\/\/www.spirit-us.eu\/index.php\/produit\/autoenvoutement-soin-deprogrammation\/\",\"url\":\"https:\/\/www.spirit-us.eu\/index.php\/produit\/autoenvoutement-soin-deprogrammation\/\",\"name\":\"AUTOENVOUTEMENT - soin & d\u00e9programmation - Spirit-US\",\"isPartOf\":{\"@id\":\"https:\/\/www.spirit-us.eu\/#website\"},\"primaryImageOfPage\":{\"@id\":\"https:\/\/www.spirit-us.eu\/index.php\/produit\/autoenvoutement-soin-deprogrammation\/#primaryimage\"},\"image\":{\"@id\":\"https:\/\/www.spirit-us.eu\/index.php\/produit\/autoenvoutement-soin-deprogrammation\/#primaryimage\"},\"thumbnailUrl\":\"https:\/\/www.spirit-us.eu\/wp-content\/uploads\/2025\/06\/fiche-produit-site-boutique.jpg\",\"datePublished\":\"2025-06-29T21:46:12+00:00\",\"dateModified\":\"2025-08-08T13:20:42+00:00\",\"breadcrumb\":{\"@id\":\"https:\/\/www.spirit-us.eu\/index.php\/produit\/autoenvoutement-soin-deprogrammation\/#breadcrumb\"},\"inLanguage\":\"fr-FR\",\"potentialAction\":[{\"@type\":\"ReadAction\",\"target\":[\"https:\/\/www.spirit-us.eu\/index.php\/produit\/autoenvoutement-soin-deprogrammation\/\"]}]},{\"@type\":\"ImageObject\",\"inLanguage\":\"fr-FR\",\"@id\":\"https:\/\/www.spirit-us.eu\/index.php\/produit\/autoenvoutement-soin-deprogrammation\/#primaryimage\",\"url\":\"https:\/\/www.spirit-us.eu\/wp-content\/uploads\/2025\/06\/fiche-produit-site-boutique.jpg\",\"contentUrl\":\"https:\/\/www.spirit-us.eu\/wp-content\/uploads\/2025\/06\/fiche-produit-site-boutique.jpg\",\"width\":1080,\"height\":1080},{\"@type\":\"BreadcrumbList\",\"@id\":\"https:\/\/www.spirit-us.eu\/index.php\/produit\/autoenvoutement-soin-deprogrammation\/#breadcrumb\",\"itemListElement\":[{\"@type\":\"ListItem\",\"position\":1,\"name\":\"Accueil\",\"item\":\"https:\/\/www.spirit-us.eu\/\"},{\"@type\":\"ListItem\",\"position\":2,\"name\":\"Boutique\",\"item\":\"https:\/\/www.spirit-us.eu\/index.php\/boutique\/\"},{\"@type\":\"ListItem\",\"position\":3,\"name\":\"AUTOENVOUTEMENT &#8211; soin &#038; d\u00e9programmation\"}]},{\"@type\":\"WebSite\",\"@id\":\"https:\/\/www.spirit-us.eu\/#website\",\"url\":\"https:\/\/www.spirit-us.eu\/\",\"name\":\"Spirit-US\",\"description\":\"\",\"publisher\":{\"@id\":\"https:\/\/www.spirit-us.eu\/#organization\"},\"potentialAction\":[{\"@type\":\"SearchAction\",\"target\":{\"@type\":\"EntryPoint\",\"urlTemplate\":\"https:\/\/www.spirit-us.eu\/?s={search_term_string}\"},\"query-input\":{\"@type\":\"PropertyValueSpecification\",\"valueRequired\":true,\"valueName\":\"search_term_string\"}}],\"inLanguage\":\"fr-FR\"},{\"@type\":\"Organization\",\"@id\":\"https:\/\/www.spirit-us.eu\/#organization\",\"name\":\"Spirit-US\",\"url\":\"https:\/\/www.spirit-us.eu\/\",\"logo\":{\"@type\":\"ImageObject\",\"inLanguage\":\"fr-FR\",\"@id\":\"https:\/\/www.spirit-us.eu\/#\/schema\/logo\/image\/\",\"url\":\"https:\/\/www.spirit-us.eu\/wp-content\/uploads\/2025\/11\/logo-regarde-linterlocutrice-sans-arrriere-plan.jpg\",\"contentUrl\":\"https:\/\/www.spirit-us.eu\/wp-content\/uploads\/2025\/11\/logo-regarde-linterlocutrice-sans-arrriere-plan.jpg\",\"width\":1080,\"height\":1080,\"caption\":\"Spirit-US\"},\"image\":{\"@id\":\"https:\/\/www.spirit-us.eu\/#\/schema\/logo\/image\/\"},\"sameAs\":[\"https:\/\/www.facebook.com\/spirit.us.deum\"]}]}<\/script>\n<!-- \/ Yoast SEO plugin. -->","yoast_head_json":{"title":"AUTOENVOUTEMENT - soin & d\u00e9programmation - Spirit-US","robots":{"index":"index","follow":"follow","max-snippet":"max-snippet:-1","max-image-preview":"max-image-preview:large","max-video-preview":"max-video-preview:-1"},"canonical":"https:\/\/www.spirit-us.eu\/index.php\/produit\/autoenvoutement-soin-deprogrammation\/","og_locale":"fr_FR","og_type":"article","og_title":"AUTOENVOUTEMENT - soin & d\u00e9programmation - Spirit-US","og_description":"Enregistrement Audio mp3 t\u00e9l\u00e9chargeable avec musique, d\u2019une dur\u00e9e de 40 minutes. Livret analytique et explicatif fourni avec l\u2019audio. L\u2019autoenvo\u00fbtement est une sorte d\u2019autoempoisonnement psychique autrement appel\u00e9s mal\u00e9fice ou envo\u00fbtement, et affectent g\u00e9n\u00e9ralement une sph\u00e8re particuli\u00e8re de la vie : finances, travail, relations amoureuses, ou tout autre domaine. Souvent m\u00e9pris\u00e9, l\u2019autoenvo\u00fbtement existe bel et bien, il est provoqu\u00e9 au d\u00e9part ; ensuite, il prend \u00e0 la longue la forme d\u2019envo\u00fbtement r\u00e9el. C\u2019est un ph\u00e9nom\u00e8ne obsessionnel, une fixation psychique.\u00a0 La personne pense \u00eatre victime d\u2019un envo\u00fbtement et au bout d\u2019un temps, finit par l\u2019\u00eatre.\u00a0 \u00a0Envo\u00fbt\u00e9e par une connaissance qui n\u2019a pas recours \u00e0 la sorcellerie pour nuire, mais \u00e0 des paroles (des voult), la cible guette ensuite les moindres faits venant corroborer ses sensations, le plus infime sympt\u00f4me, y compris organique. La fixation est telle qu\u2019elle se \u00ab branche \u00bb sur le ph\u00e9nom\u00e8ne \u00ab envo\u00fbtement \u00bb et l\u2019attire. Le moindre indice devient une preuve, la personne s\u2019auto-intoxique, finit par \u00eatre totalement envo\u00fbt\u00e9e par elle-m\u00eame.\u00a0 Ce qu\u2019elle redoute arrive, parce qu\u2019elle l\u2019a attir\u00e9 \u00e0 force de se focaliser dessus. Ce n\u2019est pas une fatalit\u00e9. Cela requiert une analyse, l\u2019\u00e9radication des auteurs et une reprogrammation psychique.","og_url":"https:\/\/www.spirit-us.eu\/index.php\/produit\/autoenvoutement-soin-deprogrammation\/","og_site_name":"Spirit-US","article_publisher":"https:\/\/www.facebook.com\/spirit.us.deum","article_modified_time":"2025-08-08T13:20:42+00:00","og_image":[{"width":1080,"height":1080,"url":"https:\/\/www.spirit-us.eu\/wp-content\/uploads\/2025\/06\/fiche-produit-site-boutique.jpg","type":"image\/jpeg"}],"twitter_card":"summary_large_image","twitter_misc":{"Dur\u00e9e de lecture estim\u00e9e":"2 minutes"},"schema":{"@context":"https:\/\/schema.org","@graph":[{"@type":"WebPage","@id":"https:\/\/www.spirit-us.eu\/index.php\/produit\/autoenvoutement-soin-deprogrammation\/","url":"https:\/\/www.spirit-us.eu\/index.php\/produit\/autoenvoutement-soin-deprogrammation\/","name":"AUTOENVOUTEMENT - soin & d\u00e9programmation - Spirit-US","isPartOf":{"@id":"https:\/\/www.spirit-us.eu\/#website"},"primaryImageOfPage":{"@id":"https:\/\/www.spirit-us.eu\/index.php\/produit\/autoenvoutement-soin-deprogrammation\/#primaryimage"},"image":{"@id":"https:\/\/www.spirit-us.eu\/index.php\/produit\/autoenvoutement-soin-deprogrammation\/#primaryimage"},"thumbnailUrl":"https:\/\/www.spirit-us.eu\/wp-content\/uploads\/2025\/06\/fiche-produit-site-boutique.jpg","datePublished":"2025-06-29T21:46:12+00:00","dateModified":"2025-08-08T13:20:42+00:00","breadcrumb":{"@id":"https:\/\/www.spirit-us.eu\/index.php\/produit\/autoenvoutement-soin-deprogrammation\/#breadcrumb"},"inLanguage":"fr-FR","potentialAction":[{"@type":"ReadAction","target":["https:\/\/www.spirit-us.eu\/index.php\/produit\/autoenvoutement-soin-deprogrammation\/"]}]},{"@type":"ImageObject","inLanguage":"fr-FR","@id":"https:\/\/www.spirit-us.eu\/index.php\/produit\/autoenvoutement-soin-deprogrammation\/#primaryimage","url":"https:\/\/www.spirit-us.eu\/wp-content\/uploads\/2025\/06\/fiche-produit-site-boutique.jpg","contentUrl":"https:\/\/www.spirit-us.eu\/wp-content\/uploads\/2025\/06\/fiche-produit-site-boutique.jpg","width":1080,"height":1080},{"@type":"BreadcrumbList","@id":"https:\/\/www.spirit-us.eu\/index.php\/produit\/autoenvoutement-soin-deprogrammation\/#breadcrumb","itemListElement":[{"@type":"ListItem","position":1,"name":"Accueil","item":"https:\/\/www.spirit-us.eu\/"},{"@type":"ListItem","position":2,"name":"Boutique","item":"https:\/\/www.spirit-us.eu\/index.php\/boutique\/"},{"@type":"ListItem","position":3,"name":"AUTOENVOUTEMENT &#8211; soin &#038; d\u00e9programmation"}]},{"@type":"WebSite","@id":"https:\/\/www.spirit-us.eu\/#website","url":"https:\/\/www.spirit-us.eu\/","name":"Spirit-US","description":"","publisher":{"@id":"https:\/\/www.spirit-us.eu\/#organization"},"potentialAction":[{"@type":"SearchAction","target":{"@type":"EntryPoint","urlTemplate":"https:\/\/www.spirit-us.eu\/?s={search_term_string}"},"query-input":{"@type":"PropertyValueSpecification","valueRequired":true,"valueName":"search_term_string"}}],"inLanguage":"fr-FR"},{"@type":"Organization","@id":"https:\/\/www.spirit-us.eu\/#organization","name":"Spirit-US","url":"https:\/\/www.spirit-us.eu\/","logo":{"@type":"ImageObject","inLanguage":"fr-FR","@id":"https:\/\/www.spirit-us.eu\/#\/schema\/logo\/image\/","url":"https:\/\/www.spirit-us.eu\/wp-content\/uploads\/2025\/11\/logo-regarde-linterlocutrice-sans-arrriere-plan.jpg","contentUrl":"https:\/\/www.spirit-us.eu\/wp-content\/uploads\/2025\/11\/logo-regarde-linterlocutrice-sans-arrriere-plan.jpg","width":1080,"height":1080,"caption":"Spirit-US"},"image":{"@id":"https:\/\/www.spirit-us.eu\/#\/schema\/logo\/image\/"},"sameAs":["https:\/\/www.facebook.com\/spirit.us.deum"]}]}},"jetpack_sharing_enabled":true,"_links":{"self":[{"href":"https:\/\/www.spirit-us.eu\/index.php\/wp-json\/wp\/v2\/product\/1754","targetHints":{"allow":["GET"]}}],"collection":[{"href":"https:\/\/www.spirit-us.eu\/index.php\/wp-json\/wp\/v2\/product"}],"about":[{"href":"https:\/\/www.spirit-us.eu\/index.php\/wp-json\/wp\/v2\/types\/product"}],"replies":[{"embeddable":true,"href":"https:\/\/www.spirit-us.eu\/index.php\/wp-json\/wp\/v2\/comments?post=1754"}],"wp:featuredmedia":[{"embeddable":true,"href":"https:\/\/www.spirit-us.eu\/index.php\/wp-json\/wp\/v2\/media\/1756"}],"wp:attachment":[{"href":"https:\/\/www.spirit-us.eu\/index.php\/wp-json\/wp\/v2\/media?parent=1754"}],"wp:term":[{"taxonomy":"product_brand","embeddable":true,"href":"https:\/\/www.spirit-us.eu\/index.php\/wp-json\/wp\/v2\/product_brand?post=1754"},{"taxonomy":"product_cat","embeddable":true,"href":"https:\/\/www.spirit-us.eu\/index.php\/wp-json\/wp\/v2\/product_cat?post=1754"},{"taxonomy":"product_tag","embeddable":true,"href":"https:\/\/www.spirit-us.eu\/index.php\/wp-json\/wp\/v2\/product_tag?post=1754"},{"taxonomy":"mwb_booking_cost","embeddable":true,"href":"https:\/\/www.spirit-us.eu\/index.php\/wp-json\/wp\/v2\/mwb_booking_cost?post=1754"},{"taxonomy":"mwb_booking_service","embeddable":true,"href":"https:\/\/www.spirit-us.eu\/index.php\/wp-json\/wp\/v2\/mwb_booking_service?post=1754"}],"curies":[{"name":"wp","href":"https:\/\/api.w.org\/{rel}","templated":true}]}}