{"id":1745,"date":"2025-06-24T13:59:14","date_gmt":"2025-06-24T11:59:14","guid":{"rendered":"https:\/\/www.spirit-us.eu\/?post_type=product&#038;p=1745"},"modified":"2025-12-20T11:59:48","modified_gmt":"2025-12-20T10:59:48","slug":"douleurs-musculaires-articulairesmembres-douloureux-largile-verte","status":"publish","type":"product","link":"https:\/\/www.spirit-us.eu\/index.php\/produit\/douleurs-musculaires-articulairesmembres-douloureux-largile-verte\/","title":{"rendered":"DOULEURS MUSCULAIRES, ARTICULAIRES,MEMBRES DOULOUREUX &#8211; l&rsquo;argile verte"},"content":{"rendered":"<p>L\u2019argile verte est indiqu\u00e9e pour\u00a0:<\/p>\n<ul>\n<li>Soulager les douleurs musculaires et articulaires, inflammations, rhumatismes.<\/li>\n<li>Calmer les d\u00e9mangeaisons, les irritations dues aux piq\u00fbres d\u2019insectes.<\/li>\n<li>Favoriser la cicatrisation sur une plaie superficielle d\u00e8s que la plaie est d\u00fbment referm\u00e9e.<\/li>\n<li>Nettoyer et d\u00e9congestionner la peau.<\/li>\n<li>Resserrer les pores et r\u00e9\u00e9quilibrer la plupart des types de peau.<\/li>\n<li>Soigner les inflammations, les plaies et les entorses.<\/li>\n<\/ul>\n<p><em>Au passage, elle purifie la peau sur laquelle elle est appliqu\u00e9e en absorbant eau, huile et impuret\u00e9s.<\/em><\/p>\n<p><strong>Indications &amp; posologie <\/strong><\/p>\n<p>Application du m\u00e9lange pr\u00e9sent\u00e9 dans le pot \u00e0 l\u2019aide de la bande verte et appliquer directement sur la peau.\u00a0 Laisser poser pour une dur\u00e9e \u00e9quivalente \u00e0 une nuit de sommeil (+\/- 7h d\u2019application soit de jour, soit de nuit en fonction du mode de vie), en commen\u00e7ant un vendredi.<\/p>\n<p><strong>Livr\u00e9 avec le pansage ad\u00e9quat<\/strong> : bande \u00ab\u00a0strech\u00a0\u00bb de couleur verte r\u00e9utilisable \u00e0 volont\u00e9 apr\u00e8s lavage.<\/p>\n<p><u>Recyclage\u00a0<\/u>: <em>convient parfaitement \u00e0 un recyclage dans des composts, ou dans les d\u00e9chets organiques quand on ne dispose pas d\u2019un compost et d\u2019un jardin.<\/em><\/p>\n","protected":false},"excerpt":{"rendered":"<p style=\"text-align: justify;\">L\u2019argile verte ici propos\u00e9e, est une p\u00e2te pr\u00eate \u00e0 l\u2019emploi et a \u00e9t\u00e9 pr\u00e9par\u00e9e \u00e0 partir d\u2019argile s\u00e9ch\u00e9e au soleil. Elle se compose de deux ingr\u00e9dients 100% BIO\u00a0: de la poudre d\u2019argile verte et de l\u2019eau min\u00e9rale. Nous pr\u00e9cisions que l\u2019eau est choisie soigneusement \u00e0 partir de l\u2019eau des sources de Spa en Belgique (les eaux de distribution sont pollu\u00e9es par des polluants \u00e9ternels et peuvent g\u00e9n\u00e9rer des allergies ou m\u00eame de plus graves maladies). Cette argile a \u00e9t\u00e9 b\u00e9nite pour augmenter ses capacit\u00e9s gu\u00e9risseuses. En cataplasmes, elle est d\u00e9congestionnante, apaise, soulage, a de puissantes vertus anti inflammatoires et est <strong>destin\u00e9e \u00e0 l\u2019usage externe<\/strong>.\u00a0 S\u2019applique directement sur la peau ou dans un linge en empl\u00e2tre.\u00a0 L\u2019argile pr\u00e9sent\u00e9e ici a \u00e9t\u00e9 pr\u00e9par\u00e9e par nos soins pour un usage facile, elle est pr\u00eate \u00e0 l\u2019emploi.<\/p>\n","protected":false},"featured_media":1746,"comment_status":"open","ping_status":"closed","template":"","meta":[],"product_brand":[],"product_cat":[163,17],"product_tag":[203],"mwb_booking_cost":[],"mwb_booking_service":[],"class_list":{"0":"post-1745","1":"product","2":"type-product","3":"status-publish","4":"has-post-thumbnail","6":"product_cat-07-plantes-huiles-remedes","7":"product_cat-tous-les-produits","8":"product_tag-argilotherapie","10":"first","11":"instock","12":"shipping-taxable","13":"purchasable","14":"product-type-simple"},"yoast_head":"<!-- This site is optimized with the Yoast SEO plugin v27.1.1 - https:\/\/yoast.com\/product\/yoast-seo-wordpress\/ -->\n<title>DOULEURS MUSCULAIRES, ARTICULAIRES,MEMBRES DOULOUREUX - l&#039;argile verte - Spirit-US<\/title>\n<meta name=\"robots\" content=\"index, follow, max-snippet:-1, max-image-preview:large, max-video-preview:-1\" \/>\n<link rel=\"canonical\" href=\"https:\/\/www.spirit-us.eu\/index.php\/produit\/douleurs-musculaires-articulairesmembres-douloureux-largile-verte\/\" \/>\n<meta property=\"og:locale\" content=\"fr_FR\" \/>\n<meta property=\"og:type\" content=\"article\" \/>\n<meta property=\"og:title\" content=\"DOULEURS MUSCULAIRES, ARTICULAIRES,MEMBRES DOULOUREUX - l&#039;argile verte - Spirit-US\" \/>\n<meta property=\"og:description\" content=\"L\u2019argile verte ici propos\u00e9e, est une p\u00e2te pr\u00eate \u00e0 l\u2019emploi et a \u00e9t\u00e9 pr\u00e9par\u00e9e \u00e0 partir d\u2019argile s\u00e9ch\u00e9e au soleil. Elle se compose de deux ingr\u00e9dients 100% BIO\u00a0: de la poudre d\u2019argile verte et de l\u2019eau min\u00e9rale. Nous pr\u00e9cisions que l\u2019eau est choisie soigneusement \u00e0 partir de l\u2019eau des sources de Spa en Belgique (les eaux de distribution sont pollu\u00e9es par des polluants \u00e9ternels et peuvent g\u00e9n\u00e9rer des allergies ou m\u00eame de plus graves maladies). Cette argile a \u00e9t\u00e9 b\u00e9nite pour augmenter ses capacit\u00e9s gu\u00e9risseuses. En cataplasmes, elle est d\u00e9congestionnante, apaise, soulage, a de puissantes vertus anti inflammatoires et est destin\u00e9e \u00e0 l\u2019usage externe.\u00a0 S\u2019applique directement sur la peau ou dans un linge en empl\u00e2tre.\u00a0 L\u2019argile pr\u00e9sent\u00e9e ici a \u00e9t\u00e9 pr\u00e9par\u00e9e par nos soins pour un usage facile, elle est pr\u00eate \u00e0 l\u2019emploi.\" \/>\n<meta property=\"og:url\" content=\"https:\/\/www.spirit-us.eu\/index.php\/produit\/douleurs-musculaires-articulairesmembres-douloureux-largile-verte\/\" \/>\n<meta property=\"og:site_name\" content=\"Spirit-US\" \/>\n<meta property=\"article:publisher\" content=\"https:\/\/www.facebook.com\/spirit.us.deum\" \/>\n<meta property=\"article:modified_time\" content=\"2025-12-20T10:59:48+00:00\" \/>\n<meta property=\"og:image\" content=\"https:\/\/www.spirit-us.eu\/wp-content\/uploads\/2025\/06\/fiche-produit-argile-verte-1024x1024.png\" \/>\n\t<meta property=\"og:image:width\" content=\"1024\" \/>\n\t<meta property=\"og:image:height\" content=\"1024\" \/>\n\t<meta property=\"og:image:type\" content=\"image\/png\" \/>\n<meta name=\"twitter:card\" content=\"summary_large_image\" \/>\n<meta name=\"twitter:label1\" content=\"Dur\u00e9e de lecture estim\u00e9e\" \/>\n\t<meta name=\"twitter:data1\" content=\"1 minute\" \/>\n<script type=\"application\/ld+json\" class=\"yoast-schema-graph\">{\"@context\":\"https:\/\/schema.org\",\"@graph\":[{\"@type\":\"WebPage\",\"@id\":\"https:\/\/www.spirit-us.eu\/index.php\/produit\/douleurs-musculaires-articulairesmembres-douloureux-largile-verte\/\",\"url\":\"https:\/\/www.spirit-us.eu\/index.php\/produit\/douleurs-musculaires-articulairesmembres-douloureux-largile-verte\/\",\"name\":\"DOULEURS MUSCULAIRES, ARTICULAIRES,MEMBRES DOULOUREUX - l'argile verte - Spirit-US\",\"isPartOf\":{\"@id\":\"https:\/\/www.spirit-us.eu\/#website\"},\"primaryImageOfPage\":{\"@id\":\"https:\/\/www.spirit-us.eu\/index.php\/produit\/douleurs-musculaires-articulairesmembres-douloureux-largile-verte\/#primaryimage\"},\"image\":{\"@id\":\"https:\/\/www.spirit-us.eu\/index.php\/produit\/douleurs-musculaires-articulairesmembres-douloureux-largile-verte\/#primaryimage\"},\"thumbnailUrl\":\"https:\/\/www.spirit-us.eu\/wp-content\/uploads\/2025\/06\/fiche-produit-argile-verte.png\",\"datePublished\":\"2025-06-24T11:59:14+00:00\",\"dateModified\":\"2025-12-20T10:59:48+00:00\",\"breadcrumb\":{\"@id\":\"https:\/\/www.spirit-us.eu\/index.php\/produit\/douleurs-musculaires-articulairesmembres-douloureux-largile-verte\/#breadcrumb\"},\"inLanguage\":\"fr-FR\",\"potentialAction\":[{\"@type\":\"ReadAction\",\"target\":[\"https:\/\/www.spirit-us.eu\/index.php\/produit\/douleurs-musculaires-articulairesmembres-douloureux-largile-verte\/\"]}]},{\"@type\":\"ImageObject\",\"inLanguage\":\"fr-FR\",\"@id\":\"https:\/\/www.spirit-us.eu\/index.php\/produit\/douleurs-musculaires-articulairesmembres-douloureux-largile-verte\/#primaryimage\",\"url\":\"https:\/\/www.spirit-us.eu\/wp-content\/uploads\/2025\/06\/fiche-produit-argile-verte.png\",\"contentUrl\":\"https:\/\/www.spirit-us.eu\/wp-content\/uploads\/2025\/06\/fiche-produit-argile-verte.png\",\"width\":2430,\"height\":2430},{\"@type\":\"BreadcrumbList\",\"@id\":\"https:\/\/www.spirit-us.eu\/index.php\/produit\/douleurs-musculaires-articulairesmembres-douloureux-largile-verte\/#breadcrumb\",\"itemListElement\":[{\"@type\":\"ListItem\",\"position\":1,\"name\":\"Accueil\",\"item\":\"https:\/\/www.spirit-us.eu\/\"},{\"@type\":\"ListItem\",\"position\":2,\"name\":\"Boutique\",\"item\":\"https:\/\/www.spirit-us.eu\/index.php\/boutique\/\"},{\"@type\":\"ListItem\",\"position\":3,\"name\":\"DOULEURS MUSCULAIRES, ARTICULAIRES,MEMBRES DOULOUREUX &#8211; l&rsquo;argile verte\"}]},{\"@type\":\"WebSite\",\"@id\":\"https:\/\/www.spirit-us.eu\/#website\",\"url\":\"https:\/\/www.spirit-us.eu\/\",\"name\":\"Spirit-US\",\"description\":\"\",\"publisher\":{\"@id\":\"https:\/\/www.spirit-us.eu\/#organization\"},\"potentialAction\":[{\"@type\":\"SearchAction\",\"target\":{\"@type\":\"EntryPoint\",\"urlTemplate\":\"https:\/\/www.spirit-us.eu\/?s={search_term_string}\"},\"query-input\":{\"@type\":\"PropertyValueSpecification\",\"valueRequired\":true,\"valueName\":\"search_term_string\"}}],\"inLanguage\":\"fr-FR\"},{\"@type\":\"Organization\",\"@id\":\"https:\/\/www.spirit-us.eu\/#organization\",\"name\":\"Spirit-US\",\"url\":\"https:\/\/www.spirit-us.eu\/\",\"logo\":{\"@type\":\"ImageObject\",\"inLanguage\":\"fr-FR\",\"@id\":\"https:\/\/www.spirit-us.eu\/#\/schema\/logo\/image\/\",\"url\":\"https:\/\/www.spirit-us.eu\/wp-content\/uploads\/2025\/11\/logo-regarde-linterlocutrice-sans-arrriere-plan.jpg\",\"contentUrl\":\"https:\/\/www.spirit-us.eu\/wp-content\/uploads\/2025\/11\/logo-regarde-linterlocutrice-sans-arrriere-plan.jpg\",\"width\":1080,\"height\":1080,\"caption\":\"Spirit-US\"},\"image\":{\"@id\":\"https:\/\/www.spirit-us.eu\/#\/schema\/logo\/image\/\"},\"sameAs\":[\"https:\/\/www.facebook.com\/spirit.us.deum\"]}]}<\/script>\n<!-- \/ Yoast SEO plugin. -->","yoast_head_json":{"title":"DOULEURS MUSCULAIRES, ARTICULAIRES,MEMBRES DOULOUREUX - l'argile verte - Spirit-US","robots":{"index":"index","follow":"follow","max-snippet":"max-snippet:-1","max-image-preview":"max-image-preview:large","max-video-preview":"max-video-preview:-1"},"canonical":"https:\/\/www.spirit-us.eu\/index.php\/produit\/douleurs-musculaires-articulairesmembres-douloureux-largile-verte\/","og_locale":"fr_FR","og_type":"article","og_title":"DOULEURS MUSCULAIRES, ARTICULAIRES,MEMBRES DOULOUREUX - l'argile verte - Spirit-US","og_description":"L\u2019argile verte ici propos\u00e9e, est une p\u00e2te pr\u00eate \u00e0 l\u2019emploi et a \u00e9t\u00e9 pr\u00e9par\u00e9e \u00e0 partir d\u2019argile s\u00e9ch\u00e9e au soleil. Elle se compose de deux ingr\u00e9dients 100% BIO\u00a0: de la poudre d\u2019argile verte et de l\u2019eau min\u00e9rale. Nous pr\u00e9cisions que l\u2019eau est choisie soigneusement \u00e0 partir de l\u2019eau des sources de Spa en Belgique (les eaux de distribution sont pollu\u00e9es par des polluants \u00e9ternels et peuvent g\u00e9n\u00e9rer des allergies ou m\u00eame de plus graves maladies). Cette argile a \u00e9t\u00e9 b\u00e9nite pour augmenter ses capacit\u00e9s gu\u00e9risseuses. En cataplasmes, elle est d\u00e9congestionnante, apaise, soulage, a de puissantes vertus anti inflammatoires et est destin\u00e9e \u00e0 l\u2019usage externe.\u00a0 S\u2019applique directement sur la peau ou dans un linge en empl\u00e2tre.\u00a0 L\u2019argile pr\u00e9sent\u00e9e ici a \u00e9t\u00e9 pr\u00e9par\u00e9e par nos soins pour un usage facile, elle est pr\u00eate \u00e0 l\u2019emploi.","og_url":"https:\/\/www.spirit-us.eu\/index.php\/produit\/douleurs-musculaires-articulairesmembres-douloureux-largile-verte\/","og_site_name":"Spirit-US","article_publisher":"https:\/\/www.facebook.com\/spirit.us.deum","article_modified_time":"2025-12-20T10:59:48+00:00","og_image":[{"width":1024,"height":1024,"url":"https:\/\/www.spirit-us.eu\/wp-content\/uploads\/2025\/06\/fiche-produit-argile-verte-1024x1024.png","type":"image\/png"}],"twitter_card":"summary_large_image","twitter_misc":{"Dur\u00e9e de lecture estim\u00e9e":"1 minute"},"schema":{"@context":"https:\/\/schema.org","@graph":[{"@type":"WebPage","@id":"https:\/\/www.spirit-us.eu\/index.php\/produit\/douleurs-musculaires-articulairesmembres-douloureux-largile-verte\/","url":"https:\/\/www.spirit-us.eu\/index.php\/produit\/douleurs-musculaires-articulairesmembres-douloureux-largile-verte\/","name":"DOULEURS MUSCULAIRES, ARTICULAIRES,MEMBRES DOULOUREUX - l'argile verte - Spirit-US","isPartOf":{"@id":"https:\/\/www.spirit-us.eu\/#website"},"primaryImageOfPage":{"@id":"https:\/\/www.spirit-us.eu\/index.php\/produit\/douleurs-musculaires-articulairesmembres-douloureux-largile-verte\/#primaryimage"},"image":{"@id":"https:\/\/www.spirit-us.eu\/index.php\/produit\/douleurs-musculaires-articulairesmembres-douloureux-largile-verte\/#primaryimage"},"thumbnailUrl":"https:\/\/www.spirit-us.eu\/wp-content\/uploads\/2025\/06\/fiche-produit-argile-verte.png","datePublished":"2025-06-24T11:59:14+00:00","dateModified":"2025-12-20T10:59:48+00:00","breadcrumb":{"@id":"https:\/\/www.spirit-us.eu\/index.php\/produit\/douleurs-musculaires-articulairesmembres-douloureux-largile-verte\/#breadcrumb"},"inLanguage":"fr-FR","potentialAction":[{"@type":"ReadAction","target":["https:\/\/www.spirit-us.eu\/index.php\/produit\/douleurs-musculaires-articulairesmembres-douloureux-largile-verte\/"]}]},{"@type":"ImageObject","inLanguage":"fr-FR","@id":"https:\/\/www.spirit-us.eu\/index.php\/produit\/douleurs-musculaires-articulairesmembres-douloureux-largile-verte\/#primaryimage","url":"https:\/\/www.spirit-us.eu\/wp-content\/uploads\/2025\/06\/fiche-produit-argile-verte.png","contentUrl":"https:\/\/www.spirit-us.eu\/wp-content\/uploads\/2025\/06\/fiche-produit-argile-verte.png","width":2430,"height":2430},{"@type":"BreadcrumbList","@id":"https:\/\/www.spirit-us.eu\/index.php\/produit\/douleurs-musculaires-articulairesmembres-douloureux-largile-verte\/#breadcrumb","itemListElement":[{"@type":"ListItem","position":1,"name":"Accueil","item":"https:\/\/www.spirit-us.eu\/"},{"@type":"ListItem","position":2,"name":"Boutique","item":"https:\/\/www.spirit-us.eu\/index.php\/boutique\/"},{"@type":"ListItem","position":3,"name":"DOULEURS MUSCULAIRES, ARTICULAIRES,MEMBRES DOULOUREUX &#8211; l&rsquo;argile verte"}]},{"@type":"WebSite","@id":"https:\/\/www.spirit-us.eu\/#website","url":"https:\/\/www.spirit-us.eu\/","name":"Spirit-US","description":"","publisher":{"@id":"https:\/\/www.spirit-us.eu\/#organization"},"potentialAction":[{"@type":"SearchAction","target":{"@type":"EntryPoint","urlTemplate":"https:\/\/www.spirit-us.eu\/?s={search_term_string}"},"query-input":{"@type":"PropertyValueSpecification","valueRequired":true,"valueName":"search_term_string"}}],"inLanguage":"fr-FR"},{"@type":"Organization","@id":"https:\/\/www.spirit-us.eu\/#organization","name":"Spirit-US","url":"https:\/\/www.spirit-us.eu\/","logo":{"@type":"ImageObject","inLanguage":"fr-FR","@id":"https:\/\/www.spirit-us.eu\/#\/schema\/logo\/image\/","url":"https:\/\/www.spirit-us.eu\/wp-content\/uploads\/2025\/11\/logo-regarde-linterlocutrice-sans-arrriere-plan.jpg","contentUrl":"https:\/\/www.spirit-us.eu\/wp-content\/uploads\/2025\/11\/logo-regarde-linterlocutrice-sans-arrriere-plan.jpg","width":1080,"height":1080,"caption":"Spirit-US"},"image":{"@id":"https:\/\/www.spirit-us.eu\/#\/schema\/logo\/image\/"},"sameAs":["https:\/\/www.facebook.com\/spirit.us.deum"]}]}},"jetpack_sharing_enabled":true,"_links":{"self":[{"href":"https:\/\/www.spirit-us.eu\/index.php\/wp-json\/wp\/v2\/product\/1745","targetHints":{"allow":["GET"]}}],"collection":[{"href":"https:\/\/www.spirit-us.eu\/index.php\/wp-json\/wp\/v2\/product"}],"about":[{"href":"https:\/\/www.spirit-us.eu\/index.php\/wp-json\/wp\/v2\/types\/product"}],"replies":[{"embeddable":true,"href":"https:\/\/www.spirit-us.eu\/index.php\/wp-json\/wp\/v2\/comments?post=1745"}],"wp:featuredmedia":[{"embeddable":true,"href":"https:\/\/www.spirit-us.eu\/index.php\/wp-json\/wp\/v2\/media\/1746"}],"wp:attachment":[{"href":"https:\/\/www.spirit-us.eu\/index.php\/wp-json\/wp\/v2\/media?parent=1745"}],"wp:term":[{"taxonomy":"product_brand","embeddable":true,"href":"https:\/\/www.spirit-us.eu\/index.php\/wp-json\/wp\/v2\/product_brand?post=1745"},{"taxonomy":"product_cat","embeddable":true,"href":"https:\/\/www.spirit-us.eu\/index.php\/wp-json\/wp\/v2\/product_cat?post=1745"},{"taxonomy":"product_tag","embeddable":true,"href":"https:\/\/www.spirit-us.eu\/index.php\/wp-json\/wp\/v2\/product_tag?post=1745"},{"taxonomy":"mwb_booking_cost","embeddable":true,"href":"https:\/\/www.spirit-us.eu\/index.php\/wp-json\/wp\/v2\/mwb_booking_cost?post=1745"},{"taxonomy":"mwb_booking_service","embeddable":true,"href":"https:\/\/www.spirit-us.eu\/index.php\/wp-json\/wp\/v2\/mwb_booking_service?post=1745"}],"curies":[{"name":"wp","href":"https:\/\/api.w.org\/{rel}","templated":true}]}}