{"id":1742,"date":"2025-06-23T12:18:29","date_gmt":"2025-06-23T10:18:29","guid":{"rendered":"https:\/\/www.spirit-us.eu\/?post_type=product&#038;p=1742"},"modified":"2025-07-03T10:29:26","modified_gmt":"2025-07-03T08:29:26","slug":"peurs-deprogrammer-les-attaques-psychiques","status":"publish","type":"product","link":"https:\/\/www.spirit-us.eu\/index.php\/produit\/peurs-deprogrammer-les-attaques-psychiques\/","title":{"rendered":"PEURS &#8211; d\u00e9programmer les ATTAQUES PSYCHIQUES"},"content":{"rendered":"<p><strong>Auteure<\/strong> : Lola LACROIX<\/p>\n<p><strong>Objectifs<\/strong> : construire un bouclier psychique tel qu&rsquo;aucune attaque psychique post\u00e9rieure ne sera plus nocive.\u00a0 Elle sera ressentie (il vaut mieux \u00eatre pr\u00e9venu.e) mais n&rsquo;aura pas d&rsquo;incidence sur le quotidien.<\/p>\n<p><strong>Dur\u00e9e de l&rsquo;audio mp3<\/strong> : 39 minutes<\/p>\n<p><strong>Montage<\/strong> <strong>&amp; cr\u00e9ation<\/strong> : Lola LACROIX<\/p>\n<p><strong>El\u00e9ments de ce soin<\/strong> :<\/p>\n<ol>\n<li>l&rsquo;audio mp3 mont\u00e9 avec musique<\/li>\n<li>le livret au format pdf<\/li>\n<li>l&rsquo;adjuration de la peur \/ audio mp3, dur\u00e9e : 8 minutes<\/li>\n<\/ol>\n<p>Certifi\u00e9 \u00ab\u00a0<strong>100% production humaine<\/strong>\u00a0\u00bb : le texte, le montage, la musique.<\/p>\n<p>T\u00e9l\u00e9chargeable et accessible imm\u00e9diatement.<\/p>\n","protected":false},"excerpt":{"rendered":"<p style=\"text-align: justify;\">S\u00e9ance de reprogrammation psycho-\u00e9motionnelle pour contrer les attaques psychiques orchestr\u00e9es par les envo\u00fbteurs et les sorciers.\u00a0 Soin puissant visant \u00e0 se construire une force ind\u00e9fectible devant la peur que suscitent les manifestations du monde invisible.\u00a0 Ce soin convient pour att\u00e9nuer la peur du noir, peur des entit\u00e9s, des fant\u00f4mes, des d\u00e9mons de tous ordres.\u00a0 Il vous offre un mantra d&rsquo;autoprotection, non pas dans le sens de la pri\u00e8re traditionnelle, mais par une clef de reprogrammation \u00e0 la s\u00e9r\u00e9nit\u00e9, \u00e0 la force et \u00e0 l&rsquo;action.\u00a0 Il est mont\u00e9 avec une musique vibratoirement \u00e9lev\u00e9e et gu\u00e9risseuse. Soin accompagn\u00e9 d&rsquo;un livret explicatif complet au format pdf, permettant de vous mettre \u00e0 jour en toute circonstance, lorsque c&rsquo;est n\u00e9cessaire. Ce soin comporte trois \u00e9l\u00e9ments : l&rsquo;audio au format mp3, le livret explicatif et analytique, et une adjuration de la peur antique en latin, le texte int\u00e9gral et sa traduction figurant dans le livret. Ces \u00e9l\u00e9ments sont t\u00e9l\u00e9chargeables et accessibles imm\u00e9diatement.<\/p>\n","protected":false},"featured_media":1743,"comment_status":"open","ping_status":"closed","template":"","meta":[],"product_brand":[],"product_cat":[155,17],"product_tag":[205,206,202,169],"mwb_booking_cost":[],"mwb_booking_service":[],"class_list":{"0":"post-1742","1":"product","2":"type-product","3":"status-publish","4":"has-post-thumbnail","6":"product_cat-02-soins-accueil","7":"product_cat-tous-les-produits","8":"product_tag-attaques-psychiques","9":"product_tag-bouclier","10":"product_tag-peurs","11":"product_tag-protection","13":"first","14":"instock","15":"downloadable","16":"virtual","17":"purchasable","18":"product-type-simple"},"yoast_head":"<!-- This site is optimized with the Yoast SEO plugin v27.1.1 - https:\/\/yoast.com\/product\/yoast-seo-wordpress\/ -->\n<title>PEURS - d\u00e9programmer les ATTAQUES PSYCHIQUES - Spirit-US<\/title>\n<meta name=\"robots\" content=\"index, follow, max-snippet:-1, max-image-preview:large, max-video-preview:-1\" \/>\n<link rel=\"canonical\" href=\"https:\/\/www.spirit-us.eu\/index.php\/produit\/peurs-deprogrammer-les-attaques-psychiques\/\" \/>\n<meta property=\"og:locale\" content=\"fr_FR\" \/>\n<meta property=\"og:type\" content=\"article\" \/>\n<meta property=\"og:title\" content=\"PEURS - d\u00e9programmer les ATTAQUES PSYCHIQUES - Spirit-US\" \/>\n<meta property=\"og:description\" content=\"S\u00e9ance de reprogrammation psycho-\u00e9motionnelle pour contrer les attaques psychiques orchestr\u00e9es par les envo\u00fbteurs et les sorciers.\u00a0 Soin puissant visant \u00e0 se construire une force ind\u00e9fectible devant la peur que suscitent les manifestations du monde invisible.\u00a0 Ce soin convient pour att\u00e9nuer la peur du noir, peur des entit\u00e9s, des fant\u00f4mes, des d\u00e9mons de tous ordres.\u00a0 Il vous offre un mantra d&#039;autoprotection, non pas dans le sens de la pri\u00e8re traditionnelle, mais par une clef de reprogrammation \u00e0 la s\u00e9r\u00e9nit\u00e9, \u00e0 la force et \u00e0 l&#039;action.\u00a0 Il est mont\u00e9 avec une musique vibratoirement \u00e9lev\u00e9e et gu\u00e9risseuse. Soin accompagn\u00e9 d&#039;un livret explicatif complet au format pdf, permettant de vous mettre \u00e0 jour en toute circonstance, lorsque c&#039;est n\u00e9cessaire. Ce soin comporte trois \u00e9l\u00e9ments : l&#039;audio au format mp3, le livret explicatif et analytique, et une adjuration de la peur antique en latin, le texte int\u00e9gral et sa traduction figurant dans le livret. Ces \u00e9l\u00e9ments sont t\u00e9l\u00e9chargeables et accessibles imm\u00e9diatement.\" \/>\n<meta property=\"og:url\" content=\"https:\/\/www.spirit-us.eu\/index.php\/produit\/peurs-deprogrammer-les-attaques-psychiques\/\" \/>\n<meta property=\"og:site_name\" content=\"Spirit-US\" \/>\n<meta property=\"article:publisher\" content=\"https:\/\/www.facebook.com\/spirit.us.deum\" \/>\n<meta property=\"article:modified_time\" content=\"2025-07-03T08:29:26+00:00\" \/>\n<meta property=\"og:image\" content=\"https:\/\/www.spirit-us.eu\/wp-content\/uploads\/2025\/06\/1-1024x1024.png\" \/>\n\t<meta property=\"og:image:width\" content=\"1024\" \/>\n\t<meta property=\"og:image:height\" content=\"1024\" \/>\n\t<meta property=\"og:image:type\" content=\"image\/png\" \/>\n<meta name=\"twitter:card\" content=\"summary_large_image\" \/>\n<script type=\"application\/ld+json\" class=\"yoast-schema-graph\">{\"@context\":\"https:\/\/schema.org\",\"@graph\":[{\"@type\":\"WebPage\",\"@id\":\"https:\/\/www.spirit-us.eu\/index.php\/produit\/peurs-deprogrammer-les-attaques-psychiques\/\",\"url\":\"https:\/\/www.spirit-us.eu\/index.php\/produit\/peurs-deprogrammer-les-attaques-psychiques\/\",\"name\":\"PEURS - d\u00e9programmer les ATTAQUES PSYCHIQUES - Spirit-US\",\"isPartOf\":{\"@id\":\"https:\/\/www.spirit-us.eu\/#website\"},\"primaryImageOfPage\":{\"@id\":\"https:\/\/www.spirit-us.eu\/index.php\/produit\/peurs-deprogrammer-les-attaques-psychiques\/#primaryimage\"},\"image\":{\"@id\":\"https:\/\/www.spirit-us.eu\/index.php\/produit\/peurs-deprogrammer-les-attaques-psychiques\/#primaryimage\"},\"thumbnailUrl\":\"https:\/\/www.spirit-us.eu\/wp-content\/uploads\/2025\/06\/1.png\",\"datePublished\":\"2025-06-23T10:18:29+00:00\",\"dateModified\":\"2025-07-03T08:29:26+00:00\",\"breadcrumb\":{\"@id\":\"https:\/\/www.spirit-us.eu\/index.php\/produit\/peurs-deprogrammer-les-attaques-psychiques\/#breadcrumb\"},\"inLanguage\":\"fr-FR\",\"potentialAction\":[{\"@type\":\"ReadAction\",\"target\":[\"https:\/\/www.spirit-us.eu\/index.php\/produit\/peurs-deprogrammer-les-attaques-psychiques\/\"]}]},{\"@type\":\"ImageObject\",\"inLanguage\":\"fr-FR\",\"@id\":\"https:\/\/www.spirit-us.eu\/index.php\/produit\/peurs-deprogrammer-les-attaques-psychiques\/#primaryimage\",\"url\":\"https:\/\/www.spirit-us.eu\/wp-content\/uploads\/2025\/06\/1.png\",\"contentUrl\":\"https:\/\/www.spirit-us.eu\/wp-content\/uploads\/2025\/06\/1.png\",\"width\":2025,\"height\":2025},{\"@type\":\"BreadcrumbList\",\"@id\":\"https:\/\/www.spirit-us.eu\/index.php\/produit\/peurs-deprogrammer-les-attaques-psychiques\/#breadcrumb\",\"itemListElement\":[{\"@type\":\"ListItem\",\"position\":1,\"name\":\"Accueil\",\"item\":\"https:\/\/www.spirit-us.eu\/\"},{\"@type\":\"ListItem\",\"position\":2,\"name\":\"Boutique\",\"item\":\"https:\/\/www.spirit-us.eu\/index.php\/boutique\/\"},{\"@type\":\"ListItem\",\"position\":3,\"name\":\"PEURS &#8211; d\u00e9programmer les ATTAQUES PSYCHIQUES\"}]},{\"@type\":\"WebSite\",\"@id\":\"https:\/\/www.spirit-us.eu\/#website\",\"url\":\"https:\/\/www.spirit-us.eu\/\",\"name\":\"Spirit-US\",\"description\":\"\",\"publisher\":{\"@id\":\"https:\/\/www.spirit-us.eu\/#organization\"},\"potentialAction\":[{\"@type\":\"SearchAction\",\"target\":{\"@type\":\"EntryPoint\",\"urlTemplate\":\"https:\/\/www.spirit-us.eu\/?s={search_term_string}\"},\"query-input\":{\"@type\":\"PropertyValueSpecification\",\"valueRequired\":true,\"valueName\":\"search_term_string\"}}],\"inLanguage\":\"fr-FR\"},{\"@type\":\"Organization\",\"@id\":\"https:\/\/www.spirit-us.eu\/#organization\",\"name\":\"Spirit-US\",\"url\":\"https:\/\/www.spirit-us.eu\/\",\"logo\":{\"@type\":\"ImageObject\",\"inLanguage\":\"fr-FR\",\"@id\":\"https:\/\/www.spirit-us.eu\/#\/schema\/logo\/image\/\",\"url\":\"https:\/\/www.spirit-us.eu\/wp-content\/uploads\/2025\/11\/logo-regarde-linterlocutrice-sans-arrriere-plan.jpg\",\"contentUrl\":\"https:\/\/www.spirit-us.eu\/wp-content\/uploads\/2025\/11\/logo-regarde-linterlocutrice-sans-arrriere-plan.jpg\",\"width\":1080,\"height\":1080,\"caption\":\"Spirit-US\"},\"image\":{\"@id\":\"https:\/\/www.spirit-us.eu\/#\/schema\/logo\/image\/\"},\"sameAs\":[\"https:\/\/www.facebook.com\/spirit.us.deum\"]}]}<\/script>\n<!-- \/ Yoast SEO plugin. -->","yoast_head_json":{"title":"PEURS - d\u00e9programmer les ATTAQUES PSYCHIQUES - Spirit-US","robots":{"index":"index","follow":"follow","max-snippet":"max-snippet:-1","max-image-preview":"max-image-preview:large","max-video-preview":"max-video-preview:-1"},"canonical":"https:\/\/www.spirit-us.eu\/index.php\/produit\/peurs-deprogrammer-les-attaques-psychiques\/","og_locale":"fr_FR","og_type":"article","og_title":"PEURS - d\u00e9programmer les ATTAQUES PSYCHIQUES - Spirit-US","og_description":"S\u00e9ance de reprogrammation psycho-\u00e9motionnelle pour contrer les attaques psychiques orchestr\u00e9es par les envo\u00fbteurs et les sorciers.\u00a0 Soin puissant visant \u00e0 se construire une force ind\u00e9fectible devant la peur que suscitent les manifestations du monde invisible.\u00a0 Ce soin convient pour att\u00e9nuer la peur du noir, peur des entit\u00e9s, des fant\u00f4mes, des d\u00e9mons de tous ordres.\u00a0 Il vous offre un mantra d'autoprotection, non pas dans le sens de la pri\u00e8re traditionnelle, mais par une clef de reprogrammation \u00e0 la s\u00e9r\u00e9nit\u00e9, \u00e0 la force et \u00e0 l'action.\u00a0 Il est mont\u00e9 avec une musique vibratoirement \u00e9lev\u00e9e et gu\u00e9risseuse. Soin accompagn\u00e9 d'un livret explicatif complet au format pdf, permettant de vous mettre \u00e0 jour en toute circonstance, lorsque c'est n\u00e9cessaire. Ce soin comporte trois \u00e9l\u00e9ments : l'audio au format mp3, le livret explicatif et analytique, et une adjuration de la peur antique en latin, le texte int\u00e9gral et sa traduction figurant dans le livret. Ces \u00e9l\u00e9ments sont t\u00e9l\u00e9chargeables et accessibles imm\u00e9diatement.","og_url":"https:\/\/www.spirit-us.eu\/index.php\/produit\/peurs-deprogrammer-les-attaques-psychiques\/","og_site_name":"Spirit-US","article_publisher":"https:\/\/www.facebook.com\/spirit.us.deum","article_modified_time":"2025-07-03T08:29:26+00:00","og_image":[{"width":1024,"height":1024,"url":"https:\/\/www.spirit-us.eu\/wp-content\/uploads\/2025\/06\/1-1024x1024.png","type":"image\/png"}],"twitter_card":"summary_large_image","schema":{"@context":"https:\/\/schema.org","@graph":[{"@type":"WebPage","@id":"https:\/\/www.spirit-us.eu\/index.php\/produit\/peurs-deprogrammer-les-attaques-psychiques\/","url":"https:\/\/www.spirit-us.eu\/index.php\/produit\/peurs-deprogrammer-les-attaques-psychiques\/","name":"PEURS - d\u00e9programmer les ATTAQUES PSYCHIQUES - Spirit-US","isPartOf":{"@id":"https:\/\/www.spirit-us.eu\/#website"},"primaryImageOfPage":{"@id":"https:\/\/www.spirit-us.eu\/index.php\/produit\/peurs-deprogrammer-les-attaques-psychiques\/#primaryimage"},"image":{"@id":"https:\/\/www.spirit-us.eu\/index.php\/produit\/peurs-deprogrammer-les-attaques-psychiques\/#primaryimage"},"thumbnailUrl":"https:\/\/www.spirit-us.eu\/wp-content\/uploads\/2025\/06\/1.png","datePublished":"2025-06-23T10:18:29+00:00","dateModified":"2025-07-03T08:29:26+00:00","breadcrumb":{"@id":"https:\/\/www.spirit-us.eu\/index.php\/produit\/peurs-deprogrammer-les-attaques-psychiques\/#breadcrumb"},"inLanguage":"fr-FR","potentialAction":[{"@type":"ReadAction","target":["https:\/\/www.spirit-us.eu\/index.php\/produit\/peurs-deprogrammer-les-attaques-psychiques\/"]}]},{"@type":"ImageObject","inLanguage":"fr-FR","@id":"https:\/\/www.spirit-us.eu\/index.php\/produit\/peurs-deprogrammer-les-attaques-psychiques\/#primaryimage","url":"https:\/\/www.spirit-us.eu\/wp-content\/uploads\/2025\/06\/1.png","contentUrl":"https:\/\/www.spirit-us.eu\/wp-content\/uploads\/2025\/06\/1.png","width":2025,"height":2025},{"@type":"BreadcrumbList","@id":"https:\/\/www.spirit-us.eu\/index.php\/produit\/peurs-deprogrammer-les-attaques-psychiques\/#breadcrumb","itemListElement":[{"@type":"ListItem","position":1,"name":"Accueil","item":"https:\/\/www.spirit-us.eu\/"},{"@type":"ListItem","position":2,"name":"Boutique","item":"https:\/\/www.spirit-us.eu\/index.php\/boutique\/"},{"@type":"ListItem","position":3,"name":"PEURS &#8211; d\u00e9programmer les ATTAQUES PSYCHIQUES"}]},{"@type":"WebSite","@id":"https:\/\/www.spirit-us.eu\/#website","url":"https:\/\/www.spirit-us.eu\/","name":"Spirit-US","description":"","publisher":{"@id":"https:\/\/www.spirit-us.eu\/#organization"},"potentialAction":[{"@type":"SearchAction","target":{"@type":"EntryPoint","urlTemplate":"https:\/\/www.spirit-us.eu\/?s={search_term_string}"},"query-input":{"@type":"PropertyValueSpecification","valueRequired":true,"valueName":"search_term_string"}}],"inLanguage":"fr-FR"},{"@type":"Organization","@id":"https:\/\/www.spirit-us.eu\/#organization","name":"Spirit-US","url":"https:\/\/www.spirit-us.eu\/","logo":{"@type":"ImageObject","inLanguage":"fr-FR","@id":"https:\/\/www.spirit-us.eu\/#\/schema\/logo\/image\/","url":"https:\/\/www.spirit-us.eu\/wp-content\/uploads\/2025\/11\/logo-regarde-linterlocutrice-sans-arrriere-plan.jpg","contentUrl":"https:\/\/www.spirit-us.eu\/wp-content\/uploads\/2025\/11\/logo-regarde-linterlocutrice-sans-arrriere-plan.jpg","width":1080,"height":1080,"caption":"Spirit-US"},"image":{"@id":"https:\/\/www.spirit-us.eu\/#\/schema\/logo\/image\/"},"sameAs":["https:\/\/www.facebook.com\/spirit.us.deum"]}]}},"jetpack_sharing_enabled":true,"_links":{"self":[{"href":"https:\/\/www.spirit-us.eu\/index.php\/wp-json\/wp\/v2\/product\/1742","targetHints":{"allow":["GET"]}}],"collection":[{"href":"https:\/\/www.spirit-us.eu\/index.php\/wp-json\/wp\/v2\/product"}],"about":[{"href":"https:\/\/www.spirit-us.eu\/index.php\/wp-json\/wp\/v2\/types\/product"}],"replies":[{"embeddable":true,"href":"https:\/\/www.spirit-us.eu\/index.php\/wp-json\/wp\/v2\/comments?post=1742"}],"wp:featuredmedia":[{"embeddable":true,"href":"https:\/\/www.spirit-us.eu\/index.php\/wp-json\/wp\/v2\/media\/1743"}],"wp:attachment":[{"href":"https:\/\/www.spirit-us.eu\/index.php\/wp-json\/wp\/v2\/media?parent=1742"}],"wp:term":[{"taxonomy":"product_brand","embeddable":true,"href":"https:\/\/www.spirit-us.eu\/index.php\/wp-json\/wp\/v2\/product_brand?post=1742"},{"taxonomy":"product_cat","embeddable":true,"href":"https:\/\/www.spirit-us.eu\/index.php\/wp-json\/wp\/v2\/product_cat?post=1742"},{"taxonomy":"product_tag","embeddable":true,"href":"https:\/\/www.spirit-us.eu\/index.php\/wp-json\/wp\/v2\/product_tag?post=1742"},{"taxonomy":"mwb_booking_cost","embeddable":true,"href":"https:\/\/www.spirit-us.eu\/index.php\/wp-json\/wp\/v2\/mwb_booking_cost?post=1742"},{"taxonomy":"mwb_booking_service","embeddable":true,"href":"https:\/\/www.spirit-us.eu\/index.php\/wp-json\/wp\/v2\/mwb_booking_service?post=1742"}],"curies":[{"name":"wp","href":"https:\/\/api.w.org\/{rel}","templated":true}]}}