{"id":1729,"date":"2025-06-07T21:05:12","date_gmt":"2025-06-07T19:05:12","guid":{"rendered":"https:\/\/www.spirit-us.eu\/?post_type=product&#038;p=1729"},"modified":"2025-12-17T14:54:22","modified_gmt":"2025-12-17T13:54:22","slug":"1729","status":"publish","type":"product","link":"https:\/\/www.spirit-us.eu\/index.php\/produit\/1729\/","title":{"rendered":"LIBELLULE &#8211; collier fantaisie"},"content":{"rendered":"<p><strong>Mat\u00e9riaux<\/strong> : m\u00e9tal dor\u00e9, zircons<\/p>\n<p><strong>Style<\/strong> : \u00e9l\u00e9gant, original, lumineux \u2013 th\u00e8me nature<\/p>\n<p><strong>Dimensions du pendentif<\/strong> : 2,8 cm de largeur ; hauteur\u00a0 : 2,6 cm<\/p>\n<p><strong>Finition<\/strong>\u00a0: or<\/p>\n<p>Incrustations : zircons pour une jolie brillance et des \u00e9clats de lumi\u00e8re<\/p>\n<p><strong>Dimension de la cha\u00eene<\/strong>\u00a0: 45 cm<\/p>\n<p>Livr\u00e9 dans un bo\u00eetier de velours.<\/p>\n","protected":false},"excerpt":{"rendered":"<p style=\"text-align: justify;\">Collier tr\u00e8s mignon, finition or, \u00e0 offrir \u2013 ou \u00e0 s\u2019offrir en toute occasion.\u00a0 Le pendentif dor\u00e9 repr\u00e9sente une adorable libellule.\u00a0 Il est compos\u00e9 d\u2019un d&rsquo;un motif \u00ab\u00a0libellule\u00a0\u00bb avec des ailes incrust\u00e9es de zircons pour un joli \u00e9clat lumineux; tandis que les ailes du bas et le corps sont en laiton dor\u00e9.\u00a0 C\u2019est un bijou \u00e9l\u00e9gant, qui convient en toutes circonstances. Livr\u00e9 avec sa cha\u00eene en m\u00e9tal dor\u00e9, dans une jolie bo\u00eete. Offrir ou s&rsquo;offrir un bijou en forme de libellule accompagne un moment de transformation de la vie, de transmutation. <span data-huuid=\"14999023348102565004\">Elle repr\u00e9sente la l\u00e9g\u00e8ret\u00e9, la joie, la cr\u00e9ativit\u00e9 et la capacit\u00e9 \u00e0 naviguer entre diff\u00e9rents \u00e9tats d&rsquo;\u00eatre. <\/span><span data-huuid=\"14999023348102565477\">Dans diff\u00e9rentes cultures, elle est synonyme de sagesse, de courage, de protection, de prosp\u00e9rit\u00e9 et de connexion spirituelle<\/span><\/p>\n","protected":false},"featured_media":1730,"comment_status":"open","ping_status":"closed","template":"","meta":[],"product_brand":[],"product_cat":[156,463,17],"product_tag":[199],"mwb_booking_cost":[],"mwb_booking_service":[],"class_list":{"0":"post-1729","1":"product","2":"type-product","3":"status-publish","4":"has-post-thumbnail","6":"product_cat-04-bijoux","7":"product_cat-pendentif","8":"product_cat-tous-les-produits","9":"product_tag-astrologie","11":"first","12":"instock","13":"shipping-taxable","14":"purchasable","15":"product-type-simple"},"yoast_head":"<!-- This site is optimized with the Yoast SEO plugin v27.1.1 - https:\/\/yoast.com\/product\/yoast-seo-wordpress\/ -->\n<title>LIBELLULE - collier fantaisie - Spirit-US<\/title>\n<meta name=\"robots\" content=\"index, follow, max-snippet:-1, max-image-preview:large, max-video-preview:-1\" \/>\n<link rel=\"canonical\" href=\"https:\/\/www.spirit-us.eu\/index.php\/produit\/1729\/\" \/>\n<meta property=\"og:locale\" content=\"fr_FR\" \/>\n<meta property=\"og:type\" content=\"article\" \/>\n<meta property=\"og:title\" content=\"LIBELLULE - collier fantaisie - Spirit-US\" \/>\n<meta property=\"og:description\" content=\"Collier tr\u00e8s mignon, finition or, \u00e0 offrir \u2013 ou \u00e0 s\u2019offrir en toute occasion.\u00a0 Le pendentif dor\u00e9 repr\u00e9sente une adorable libellule.\u00a0 Il est compos\u00e9 d\u2019un d&#039;un motif &quot;libellule&quot; avec des ailes incrust\u00e9es de zircons pour un joli \u00e9clat lumineux; tandis que les ailes du bas et le corps sont en laiton dor\u00e9.\u00a0 C\u2019est un bijou \u00e9l\u00e9gant, qui convient en toutes circonstances. Livr\u00e9 avec sa cha\u00eene en m\u00e9tal dor\u00e9, dans une jolie bo\u00eete. Offrir ou s&#039;offrir un bijou en forme de libellule accompagne un moment de transformation de la vie, de transmutation. Elle repr\u00e9sente la l\u00e9g\u00e8ret\u00e9, la joie, la cr\u00e9ativit\u00e9 et la capacit\u00e9 \u00e0 naviguer entre diff\u00e9rents \u00e9tats d&#039;\u00eatre. Dans diff\u00e9rentes cultures, elle est synonyme de sagesse, de courage, de protection, de prosp\u00e9rit\u00e9 et de connexion spirituelle\" \/>\n<meta property=\"og:url\" content=\"https:\/\/www.spirit-us.eu\/index.php\/produit\/1729\/\" \/>\n<meta property=\"og:site_name\" content=\"Spirit-US\" \/>\n<meta property=\"article:publisher\" content=\"https:\/\/www.facebook.com\/spirit.us.deum\" \/>\n<meta property=\"article:modified_time\" content=\"2025-12-17T13:54:22+00:00\" \/>\n<meta property=\"og:image\" content=\"https:\/\/www.spirit-us.eu\/wp-content\/uploads\/2025\/06\/libellule-image-produit.png\" \/>\n\t<meta property=\"og:image:width\" content=\"1080\" \/>\n\t<meta property=\"og:image:height\" content=\"1080\" \/>\n\t<meta property=\"og:image:type\" content=\"image\/png\" \/>\n<meta name=\"twitter:card\" content=\"summary_large_image\" \/>\n<script type=\"application\/ld+json\" class=\"yoast-schema-graph\">{\"@context\":\"https:\/\/schema.org\",\"@graph\":[{\"@type\":\"WebPage\",\"@id\":\"https:\/\/www.spirit-us.eu\/index.php\/produit\/1729\/\",\"url\":\"https:\/\/www.spirit-us.eu\/index.php\/produit\/1729\/\",\"name\":\"LIBELLULE - collier fantaisie - Spirit-US\",\"isPartOf\":{\"@id\":\"https:\/\/www.spirit-us.eu\/#website\"},\"primaryImageOfPage\":{\"@id\":\"https:\/\/www.spirit-us.eu\/index.php\/produit\/1729\/#primaryimage\"},\"image\":{\"@id\":\"https:\/\/www.spirit-us.eu\/index.php\/produit\/1729\/#primaryimage\"},\"thumbnailUrl\":\"https:\/\/www.spirit-us.eu\/wp-content\/uploads\/2025\/06\/libellule-image-produit.png\",\"datePublished\":\"2025-06-07T19:05:12+00:00\",\"dateModified\":\"2025-12-17T13:54:22+00:00\",\"breadcrumb\":{\"@id\":\"https:\/\/www.spirit-us.eu\/index.php\/produit\/1729\/#breadcrumb\"},\"inLanguage\":\"fr-FR\",\"potentialAction\":[{\"@type\":\"ReadAction\",\"target\":[\"https:\/\/www.spirit-us.eu\/index.php\/produit\/1729\/\"]}]},{\"@type\":\"ImageObject\",\"inLanguage\":\"fr-FR\",\"@id\":\"https:\/\/www.spirit-us.eu\/index.php\/produit\/1729\/#primaryimage\",\"url\":\"https:\/\/www.spirit-us.eu\/wp-content\/uploads\/2025\/06\/libellule-image-produit.png\",\"contentUrl\":\"https:\/\/www.spirit-us.eu\/wp-content\/uploads\/2025\/06\/libellule-image-produit.png\",\"width\":1080,\"height\":1080},{\"@type\":\"BreadcrumbList\",\"@id\":\"https:\/\/www.spirit-us.eu\/index.php\/produit\/1729\/#breadcrumb\",\"itemListElement\":[{\"@type\":\"ListItem\",\"position\":1,\"name\":\"Accueil\",\"item\":\"https:\/\/www.spirit-us.eu\/\"},{\"@type\":\"ListItem\",\"position\":2,\"name\":\"Boutique\",\"item\":\"https:\/\/www.spirit-us.eu\/index.php\/boutique\/\"},{\"@type\":\"ListItem\",\"position\":3,\"name\":\"LIBELLULE &#8211; collier fantaisie\"}]},{\"@type\":\"WebSite\",\"@id\":\"https:\/\/www.spirit-us.eu\/#website\",\"url\":\"https:\/\/www.spirit-us.eu\/\",\"name\":\"Spirit-US\",\"description\":\"\",\"publisher\":{\"@id\":\"https:\/\/www.spirit-us.eu\/#organization\"},\"potentialAction\":[{\"@type\":\"SearchAction\",\"target\":{\"@type\":\"EntryPoint\",\"urlTemplate\":\"https:\/\/www.spirit-us.eu\/?s={search_term_string}\"},\"query-input\":{\"@type\":\"PropertyValueSpecification\",\"valueRequired\":true,\"valueName\":\"search_term_string\"}}],\"inLanguage\":\"fr-FR\"},{\"@type\":\"Organization\",\"@id\":\"https:\/\/www.spirit-us.eu\/#organization\",\"name\":\"Spirit-US\",\"url\":\"https:\/\/www.spirit-us.eu\/\",\"logo\":{\"@type\":\"ImageObject\",\"inLanguage\":\"fr-FR\",\"@id\":\"https:\/\/www.spirit-us.eu\/#\/schema\/logo\/image\/\",\"url\":\"https:\/\/www.spirit-us.eu\/wp-content\/uploads\/2025\/11\/logo-regarde-linterlocutrice-sans-arrriere-plan.jpg\",\"contentUrl\":\"https:\/\/www.spirit-us.eu\/wp-content\/uploads\/2025\/11\/logo-regarde-linterlocutrice-sans-arrriere-plan.jpg\",\"width\":1080,\"height\":1080,\"caption\":\"Spirit-US\"},\"image\":{\"@id\":\"https:\/\/www.spirit-us.eu\/#\/schema\/logo\/image\/\"},\"sameAs\":[\"https:\/\/www.facebook.com\/spirit.us.deum\"]}]}<\/script>\n<!-- \/ Yoast SEO plugin. -->","yoast_head_json":{"title":"LIBELLULE - collier fantaisie - Spirit-US","robots":{"index":"index","follow":"follow","max-snippet":"max-snippet:-1","max-image-preview":"max-image-preview:large","max-video-preview":"max-video-preview:-1"},"canonical":"https:\/\/www.spirit-us.eu\/index.php\/produit\/1729\/","og_locale":"fr_FR","og_type":"article","og_title":"LIBELLULE - collier fantaisie - Spirit-US","og_description":"Collier tr\u00e8s mignon, finition or, \u00e0 offrir \u2013 ou \u00e0 s\u2019offrir en toute occasion.\u00a0 Le pendentif dor\u00e9 repr\u00e9sente une adorable libellule.\u00a0 Il est compos\u00e9 d\u2019un d'un motif \"libellule\" avec des ailes incrust\u00e9es de zircons pour un joli \u00e9clat lumineux; tandis que les ailes du bas et le corps sont en laiton dor\u00e9.\u00a0 C\u2019est un bijou \u00e9l\u00e9gant, qui convient en toutes circonstances. Livr\u00e9 avec sa cha\u00eene en m\u00e9tal dor\u00e9, dans une jolie bo\u00eete. Offrir ou s'offrir un bijou en forme de libellule accompagne un moment de transformation de la vie, de transmutation. Elle repr\u00e9sente la l\u00e9g\u00e8ret\u00e9, la joie, la cr\u00e9ativit\u00e9 et la capacit\u00e9 \u00e0 naviguer entre diff\u00e9rents \u00e9tats d'\u00eatre. Dans diff\u00e9rentes cultures, elle est synonyme de sagesse, de courage, de protection, de prosp\u00e9rit\u00e9 et de connexion spirituelle","og_url":"https:\/\/www.spirit-us.eu\/index.php\/produit\/1729\/","og_site_name":"Spirit-US","article_publisher":"https:\/\/www.facebook.com\/spirit.us.deum","article_modified_time":"2025-12-17T13:54:22+00:00","og_image":[{"width":1080,"height":1080,"url":"https:\/\/www.spirit-us.eu\/wp-content\/uploads\/2025\/06\/libellule-image-produit.png","type":"image\/png"}],"twitter_card":"summary_large_image","schema":{"@context":"https:\/\/schema.org","@graph":[{"@type":"WebPage","@id":"https:\/\/www.spirit-us.eu\/index.php\/produit\/1729\/","url":"https:\/\/www.spirit-us.eu\/index.php\/produit\/1729\/","name":"LIBELLULE - collier fantaisie - Spirit-US","isPartOf":{"@id":"https:\/\/www.spirit-us.eu\/#website"},"primaryImageOfPage":{"@id":"https:\/\/www.spirit-us.eu\/index.php\/produit\/1729\/#primaryimage"},"image":{"@id":"https:\/\/www.spirit-us.eu\/index.php\/produit\/1729\/#primaryimage"},"thumbnailUrl":"https:\/\/www.spirit-us.eu\/wp-content\/uploads\/2025\/06\/libellule-image-produit.png","datePublished":"2025-06-07T19:05:12+00:00","dateModified":"2025-12-17T13:54:22+00:00","breadcrumb":{"@id":"https:\/\/www.spirit-us.eu\/index.php\/produit\/1729\/#breadcrumb"},"inLanguage":"fr-FR","potentialAction":[{"@type":"ReadAction","target":["https:\/\/www.spirit-us.eu\/index.php\/produit\/1729\/"]}]},{"@type":"ImageObject","inLanguage":"fr-FR","@id":"https:\/\/www.spirit-us.eu\/index.php\/produit\/1729\/#primaryimage","url":"https:\/\/www.spirit-us.eu\/wp-content\/uploads\/2025\/06\/libellule-image-produit.png","contentUrl":"https:\/\/www.spirit-us.eu\/wp-content\/uploads\/2025\/06\/libellule-image-produit.png","width":1080,"height":1080},{"@type":"BreadcrumbList","@id":"https:\/\/www.spirit-us.eu\/index.php\/produit\/1729\/#breadcrumb","itemListElement":[{"@type":"ListItem","position":1,"name":"Accueil","item":"https:\/\/www.spirit-us.eu\/"},{"@type":"ListItem","position":2,"name":"Boutique","item":"https:\/\/www.spirit-us.eu\/index.php\/boutique\/"},{"@type":"ListItem","position":3,"name":"LIBELLULE &#8211; collier fantaisie"}]},{"@type":"WebSite","@id":"https:\/\/www.spirit-us.eu\/#website","url":"https:\/\/www.spirit-us.eu\/","name":"Spirit-US","description":"","publisher":{"@id":"https:\/\/www.spirit-us.eu\/#organization"},"potentialAction":[{"@type":"SearchAction","target":{"@type":"EntryPoint","urlTemplate":"https:\/\/www.spirit-us.eu\/?s={search_term_string}"},"query-input":{"@type":"PropertyValueSpecification","valueRequired":true,"valueName":"search_term_string"}}],"inLanguage":"fr-FR"},{"@type":"Organization","@id":"https:\/\/www.spirit-us.eu\/#organization","name":"Spirit-US","url":"https:\/\/www.spirit-us.eu\/","logo":{"@type":"ImageObject","inLanguage":"fr-FR","@id":"https:\/\/www.spirit-us.eu\/#\/schema\/logo\/image\/","url":"https:\/\/www.spirit-us.eu\/wp-content\/uploads\/2025\/11\/logo-regarde-linterlocutrice-sans-arrriere-plan.jpg","contentUrl":"https:\/\/www.spirit-us.eu\/wp-content\/uploads\/2025\/11\/logo-regarde-linterlocutrice-sans-arrriere-plan.jpg","width":1080,"height":1080,"caption":"Spirit-US"},"image":{"@id":"https:\/\/www.spirit-us.eu\/#\/schema\/logo\/image\/"},"sameAs":["https:\/\/www.facebook.com\/spirit.us.deum"]}]}},"jetpack_sharing_enabled":true,"_links":{"self":[{"href":"https:\/\/www.spirit-us.eu\/index.php\/wp-json\/wp\/v2\/product\/1729","targetHints":{"allow":["GET"]}}],"collection":[{"href":"https:\/\/www.spirit-us.eu\/index.php\/wp-json\/wp\/v2\/product"}],"about":[{"href":"https:\/\/www.spirit-us.eu\/index.php\/wp-json\/wp\/v2\/types\/product"}],"replies":[{"embeddable":true,"href":"https:\/\/www.spirit-us.eu\/index.php\/wp-json\/wp\/v2\/comments?post=1729"}],"wp:featuredmedia":[{"embeddable":true,"href":"https:\/\/www.spirit-us.eu\/index.php\/wp-json\/wp\/v2\/media\/1730"}],"wp:attachment":[{"href":"https:\/\/www.spirit-us.eu\/index.php\/wp-json\/wp\/v2\/media?parent=1729"}],"wp:term":[{"taxonomy":"product_brand","embeddable":true,"href":"https:\/\/www.spirit-us.eu\/index.php\/wp-json\/wp\/v2\/product_brand?post=1729"},{"taxonomy":"product_cat","embeddable":true,"href":"https:\/\/www.spirit-us.eu\/index.php\/wp-json\/wp\/v2\/product_cat?post=1729"},{"taxonomy":"product_tag","embeddable":true,"href":"https:\/\/www.spirit-us.eu\/index.php\/wp-json\/wp\/v2\/product_tag?post=1729"},{"taxonomy":"mwb_booking_cost","embeddable":true,"href":"https:\/\/www.spirit-us.eu\/index.php\/wp-json\/wp\/v2\/mwb_booking_cost?post=1729"},{"taxonomy":"mwb_booking_service","embeddable":true,"href":"https:\/\/www.spirit-us.eu\/index.php\/wp-json\/wp\/v2\/mwb_booking_service?post=1729"}],"curies":[{"name":"wp","href":"https:\/\/api.w.org\/{rel}","templated":true}]}}