{"id":1724,"date":"2025-06-07T21:03:04","date_gmt":"2025-06-07T19:03:04","guid":{"rendered":"https:\/\/www.spirit-us.eu\/?post_type=product&#038;p=1724"},"modified":"2025-12-17T14:47:49","modified_gmt":"2025-12-17T13:47:49","slug":"collier-des-astrologues-la-lune-et-les-planetes","status":"publish","type":"product","link":"https:\/\/www.spirit-us.eu\/index.php\/produit\/collier-des-astrologues-la-lune-et-les-planetes\/","title":{"rendered":"COLLIER DES ASTROLOGUES &#8211; la lune et les plan\u00e8tes"},"content":{"rendered":"<p><strong>Mat\u00e9riaux<\/strong>\u00a0: m\u00e9tal dor\u00e9, zircons, pierre de lune<\/p>\n<p><strong>Style<\/strong>\u00a0: \u00e9l\u00e9gant, original, lumineux \u2013 th\u00e8me de l\u2019astrologie<\/p>\n<p><strong>Dimensions du pendentif<\/strong>\u00a0: 2 cm de c\u00f4t\u00e9\u00a0; hauteur avec le suspensoir en forme d\u2019\u00e9toile\u00a0: 2,5 cm<\/p>\n<p><strong>Finition<\/strong>\u00a0: or<\/p>\n<p><strong>Dimension de la cha\u00eene<\/strong>\u00a0: 45 cm<\/p>\n<p>Livr\u00e9 dans un bo\u00eetier de velours.\u00a0 Emballage cadeau \u00e0 la demande.<\/p>\n","protected":false},"excerpt":{"rendered":"<p style=\"text-align: justify;\">Adorable collier \u00e0 offrir \u00e0 une astrologue \u2013 ou \u00e0 s\u2019offrir lorsqu\u2019on pratique l\u2019astrologie.\u00a0 Le pendentif dor\u00e9 repr\u00e9sente la lune et l\u2019\u00e9toile (de la destin\u00e9e) et le suspensoir est aussi en forme d\u2019\u00e9toile, celle de l\u2019\u00e9nergie cosmogonique qui r\u00e9git les destin\u00e9es.\u00a0 Il est compos\u00e9 d\u2019un cercle en pierre de lune synth\u00e9tique, sertie de strass\u00a0; un demi-cercle en laiton dor\u00e9.\u00a0 C\u2019est un bijou \u00e9l\u00e9gant, qui convient en toutes circonstances. Livr\u00e9 avec sa cha\u00eene en m\u00e9tal dor\u00e9, dans un joli bo\u00eetier de velours.<\/p>\n","protected":false},"featured_media":1725,"comment_status":"open","ping_status":"closed","template":"","meta":[],"product_brand":[],"product_cat":[156,463,17],"product_tag":[199],"mwb_booking_cost":[],"mwb_booking_service":[],"class_list":{"0":"post-1724","1":"product","2":"type-product","3":"status-publish","4":"has-post-thumbnail","6":"product_cat-04-bijoux","7":"product_cat-pendentif","8":"product_cat-tous-les-produits","9":"product_tag-astrologie","11":"first","12":"instock","13":"shipping-taxable","14":"purchasable","15":"product-type-simple"},"yoast_head":"<!-- This site is optimized with the Yoast SEO plugin v27.1.1 - https:\/\/yoast.com\/product\/yoast-seo-wordpress\/ -->\n<title>COLLIER DES ASTROLOGUES - la lune et les plan\u00e8tes - Spirit-US<\/title>\n<meta name=\"robots\" content=\"index, follow, max-snippet:-1, max-image-preview:large, max-video-preview:-1\" \/>\n<link rel=\"canonical\" href=\"https:\/\/www.spirit-us.eu\/index.php\/produit\/collier-des-astrologues-la-lune-et-les-planetes\/\" \/>\n<meta property=\"og:locale\" content=\"fr_FR\" \/>\n<meta property=\"og:type\" content=\"article\" \/>\n<meta property=\"og:title\" content=\"COLLIER DES ASTROLOGUES - la lune et les plan\u00e8tes - Spirit-US\" \/>\n<meta property=\"og:description\" content=\"Adorable collier \u00e0 offrir \u00e0 une astrologue \u2013 ou \u00e0 s\u2019offrir lorsqu\u2019on pratique l\u2019astrologie.\u00a0 Le pendentif dor\u00e9 repr\u00e9sente la lune et l\u2019\u00e9toile (de la destin\u00e9e) et le suspensoir est aussi en forme d\u2019\u00e9toile, celle de l\u2019\u00e9nergie cosmogonique qui r\u00e9git les destin\u00e9es.\u00a0 Il est compos\u00e9 d\u2019un cercle en pierre de lune synth\u00e9tique, sertie de strass\u00a0; un demi-cercle en laiton dor\u00e9.\u00a0 C\u2019est un bijou \u00e9l\u00e9gant, qui convient en toutes circonstances. Livr\u00e9 avec sa cha\u00eene en m\u00e9tal dor\u00e9, dans un joli bo\u00eetier de velours.\" \/>\n<meta property=\"og:url\" content=\"https:\/\/www.spirit-us.eu\/index.php\/produit\/collier-des-astrologues-la-lune-et-les-planetes\/\" \/>\n<meta property=\"og:site_name\" content=\"Spirit-US\" \/>\n<meta property=\"article:publisher\" content=\"https:\/\/www.facebook.com\/spirit.us.deum\" \/>\n<meta property=\"article:modified_time\" content=\"2025-12-17T13:47:49+00:00\" \/>\n<meta property=\"og:image\" content=\"https:\/\/www.spirit-us.eu\/wp-content\/uploads\/2025\/06\/astrologue-image-ou-galerie.png\" \/>\n\t<meta property=\"og:image:width\" content=\"1080\" \/>\n\t<meta property=\"og:image:height\" content=\"1080\" \/>\n\t<meta property=\"og:image:type\" content=\"image\/png\" \/>\n<meta name=\"twitter:card\" content=\"summary_large_image\" \/>\n<script type=\"application\/ld+json\" class=\"yoast-schema-graph\">{\"@context\":\"https:\/\/schema.org\",\"@graph\":[{\"@type\":\"WebPage\",\"@id\":\"https:\/\/www.spirit-us.eu\/index.php\/produit\/collier-des-astrologues-la-lune-et-les-planetes\/\",\"url\":\"https:\/\/www.spirit-us.eu\/index.php\/produit\/collier-des-astrologues-la-lune-et-les-planetes\/\",\"name\":\"COLLIER DES ASTROLOGUES - la lune et les plan\u00e8tes - Spirit-US\",\"isPartOf\":{\"@id\":\"https:\/\/www.spirit-us.eu\/#website\"},\"primaryImageOfPage\":{\"@id\":\"https:\/\/www.spirit-us.eu\/index.php\/produit\/collier-des-astrologues-la-lune-et-les-planetes\/#primaryimage\"},\"image\":{\"@id\":\"https:\/\/www.spirit-us.eu\/index.php\/produit\/collier-des-astrologues-la-lune-et-les-planetes\/#primaryimage\"},\"thumbnailUrl\":\"https:\/\/www.spirit-us.eu\/wp-content\/uploads\/2025\/06\/astrologue-image-ou-galerie.png\",\"datePublished\":\"2025-06-07T19:03:04+00:00\",\"dateModified\":\"2025-12-17T13:47:49+00:00\",\"breadcrumb\":{\"@id\":\"https:\/\/www.spirit-us.eu\/index.php\/produit\/collier-des-astrologues-la-lune-et-les-planetes\/#breadcrumb\"},\"inLanguage\":\"fr-FR\",\"potentialAction\":[{\"@type\":\"ReadAction\",\"target\":[\"https:\/\/www.spirit-us.eu\/index.php\/produit\/collier-des-astrologues-la-lune-et-les-planetes\/\"]}]},{\"@type\":\"ImageObject\",\"inLanguage\":\"fr-FR\",\"@id\":\"https:\/\/www.spirit-us.eu\/index.php\/produit\/collier-des-astrologues-la-lune-et-les-planetes\/#primaryimage\",\"url\":\"https:\/\/www.spirit-us.eu\/wp-content\/uploads\/2025\/06\/astrologue-image-ou-galerie.png\",\"contentUrl\":\"https:\/\/www.spirit-us.eu\/wp-content\/uploads\/2025\/06\/astrologue-image-ou-galerie.png\",\"width\":1080,\"height\":1080},{\"@type\":\"BreadcrumbList\",\"@id\":\"https:\/\/www.spirit-us.eu\/index.php\/produit\/collier-des-astrologues-la-lune-et-les-planetes\/#breadcrumb\",\"itemListElement\":[{\"@type\":\"ListItem\",\"position\":1,\"name\":\"Accueil\",\"item\":\"https:\/\/www.spirit-us.eu\/\"},{\"@type\":\"ListItem\",\"position\":2,\"name\":\"Boutique\",\"item\":\"https:\/\/www.spirit-us.eu\/index.php\/boutique\/\"},{\"@type\":\"ListItem\",\"position\":3,\"name\":\"COLLIER DES ASTROLOGUES &#8211; la lune et les plan\u00e8tes\"}]},{\"@type\":\"WebSite\",\"@id\":\"https:\/\/www.spirit-us.eu\/#website\",\"url\":\"https:\/\/www.spirit-us.eu\/\",\"name\":\"Spirit-US\",\"description\":\"\",\"publisher\":{\"@id\":\"https:\/\/www.spirit-us.eu\/#organization\"},\"potentialAction\":[{\"@type\":\"SearchAction\",\"target\":{\"@type\":\"EntryPoint\",\"urlTemplate\":\"https:\/\/www.spirit-us.eu\/?s={search_term_string}\"},\"query-input\":{\"@type\":\"PropertyValueSpecification\",\"valueRequired\":true,\"valueName\":\"search_term_string\"}}],\"inLanguage\":\"fr-FR\"},{\"@type\":\"Organization\",\"@id\":\"https:\/\/www.spirit-us.eu\/#organization\",\"name\":\"Spirit-US\",\"url\":\"https:\/\/www.spirit-us.eu\/\",\"logo\":{\"@type\":\"ImageObject\",\"inLanguage\":\"fr-FR\",\"@id\":\"https:\/\/www.spirit-us.eu\/#\/schema\/logo\/image\/\",\"url\":\"https:\/\/www.spirit-us.eu\/wp-content\/uploads\/2025\/11\/logo-regarde-linterlocutrice-sans-arrriere-plan.jpg\",\"contentUrl\":\"https:\/\/www.spirit-us.eu\/wp-content\/uploads\/2025\/11\/logo-regarde-linterlocutrice-sans-arrriere-plan.jpg\",\"width\":1080,\"height\":1080,\"caption\":\"Spirit-US\"},\"image\":{\"@id\":\"https:\/\/www.spirit-us.eu\/#\/schema\/logo\/image\/\"},\"sameAs\":[\"https:\/\/www.facebook.com\/spirit.us.deum\"]}]}<\/script>\n<!-- \/ Yoast SEO plugin. -->","yoast_head_json":{"title":"COLLIER DES ASTROLOGUES - la lune et les plan\u00e8tes - Spirit-US","robots":{"index":"index","follow":"follow","max-snippet":"max-snippet:-1","max-image-preview":"max-image-preview:large","max-video-preview":"max-video-preview:-1"},"canonical":"https:\/\/www.spirit-us.eu\/index.php\/produit\/collier-des-astrologues-la-lune-et-les-planetes\/","og_locale":"fr_FR","og_type":"article","og_title":"COLLIER DES ASTROLOGUES - la lune et les plan\u00e8tes - Spirit-US","og_description":"Adorable collier \u00e0 offrir \u00e0 une astrologue \u2013 ou \u00e0 s\u2019offrir lorsqu\u2019on pratique l\u2019astrologie.\u00a0 Le pendentif dor\u00e9 repr\u00e9sente la lune et l\u2019\u00e9toile (de la destin\u00e9e) et le suspensoir est aussi en forme d\u2019\u00e9toile, celle de l\u2019\u00e9nergie cosmogonique qui r\u00e9git les destin\u00e9es.\u00a0 Il est compos\u00e9 d\u2019un cercle en pierre de lune synth\u00e9tique, sertie de strass\u00a0; un demi-cercle en laiton dor\u00e9.\u00a0 C\u2019est un bijou \u00e9l\u00e9gant, qui convient en toutes circonstances. Livr\u00e9 avec sa cha\u00eene en m\u00e9tal dor\u00e9, dans un joli bo\u00eetier de velours.","og_url":"https:\/\/www.spirit-us.eu\/index.php\/produit\/collier-des-astrologues-la-lune-et-les-planetes\/","og_site_name":"Spirit-US","article_publisher":"https:\/\/www.facebook.com\/spirit.us.deum","article_modified_time":"2025-12-17T13:47:49+00:00","og_image":[{"width":1080,"height":1080,"url":"https:\/\/www.spirit-us.eu\/wp-content\/uploads\/2025\/06\/astrologue-image-ou-galerie.png","type":"image\/png"}],"twitter_card":"summary_large_image","schema":{"@context":"https:\/\/schema.org","@graph":[{"@type":"WebPage","@id":"https:\/\/www.spirit-us.eu\/index.php\/produit\/collier-des-astrologues-la-lune-et-les-planetes\/","url":"https:\/\/www.spirit-us.eu\/index.php\/produit\/collier-des-astrologues-la-lune-et-les-planetes\/","name":"COLLIER DES ASTROLOGUES - la lune et les plan\u00e8tes - Spirit-US","isPartOf":{"@id":"https:\/\/www.spirit-us.eu\/#website"},"primaryImageOfPage":{"@id":"https:\/\/www.spirit-us.eu\/index.php\/produit\/collier-des-astrologues-la-lune-et-les-planetes\/#primaryimage"},"image":{"@id":"https:\/\/www.spirit-us.eu\/index.php\/produit\/collier-des-astrologues-la-lune-et-les-planetes\/#primaryimage"},"thumbnailUrl":"https:\/\/www.spirit-us.eu\/wp-content\/uploads\/2025\/06\/astrologue-image-ou-galerie.png","datePublished":"2025-06-07T19:03:04+00:00","dateModified":"2025-12-17T13:47:49+00:00","breadcrumb":{"@id":"https:\/\/www.spirit-us.eu\/index.php\/produit\/collier-des-astrologues-la-lune-et-les-planetes\/#breadcrumb"},"inLanguage":"fr-FR","potentialAction":[{"@type":"ReadAction","target":["https:\/\/www.spirit-us.eu\/index.php\/produit\/collier-des-astrologues-la-lune-et-les-planetes\/"]}]},{"@type":"ImageObject","inLanguage":"fr-FR","@id":"https:\/\/www.spirit-us.eu\/index.php\/produit\/collier-des-astrologues-la-lune-et-les-planetes\/#primaryimage","url":"https:\/\/www.spirit-us.eu\/wp-content\/uploads\/2025\/06\/astrologue-image-ou-galerie.png","contentUrl":"https:\/\/www.spirit-us.eu\/wp-content\/uploads\/2025\/06\/astrologue-image-ou-galerie.png","width":1080,"height":1080},{"@type":"BreadcrumbList","@id":"https:\/\/www.spirit-us.eu\/index.php\/produit\/collier-des-astrologues-la-lune-et-les-planetes\/#breadcrumb","itemListElement":[{"@type":"ListItem","position":1,"name":"Accueil","item":"https:\/\/www.spirit-us.eu\/"},{"@type":"ListItem","position":2,"name":"Boutique","item":"https:\/\/www.spirit-us.eu\/index.php\/boutique\/"},{"@type":"ListItem","position":3,"name":"COLLIER DES ASTROLOGUES &#8211; la lune et les plan\u00e8tes"}]},{"@type":"WebSite","@id":"https:\/\/www.spirit-us.eu\/#website","url":"https:\/\/www.spirit-us.eu\/","name":"Spirit-US","description":"","publisher":{"@id":"https:\/\/www.spirit-us.eu\/#organization"},"potentialAction":[{"@type":"SearchAction","target":{"@type":"EntryPoint","urlTemplate":"https:\/\/www.spirit-us.eu\/?s={search_term_string}"},"query-input":{"@type":"PropertyValueSpecification","valueRequired":true,"valueName":"search_term_string"}}],"inLanguage":"fr-FR"},{"@type":"Organization","@id":"https:\/\/www.spirit-us.eu\/#organization","name":"Spirit-US","url":"https:\/\/www.spirit-us.eu\/","logo":{"@type":"ImageObject","inLanguage":"fr-FR","@id":"https:\/\/www.spirit-us.eu\/#\/schema\/logo\/image\/","url":"https:\/\/www.spirit-us.eu\/wp-content\/uploads\/2025\/11\/logo-regarde-linterlocutrice-sans-arrriere-plan.jpg","contentUrl":"https:\/\/www.spirit-us.eu\/wp-content\/uploads\/2025\/11\/logo-regarde-linterlocutrice-sans-arrriere-plan.jpg","width":1080,"height":1080,"caption":"Spirit-US"},"image":{"@id":"https:\/\/www.spirit-us.eu\/#\/schema\/logo\/image\/"},"sameAs":["https:\/\/www.facebook.com\/spirit.us.deum"]}]}},"jetpack_sharing_enabled":true,"_links":{"self":[{"href":"https:\/\/www.spirit-us.eu\/index.php\/wp-json\/wp\/v2\/product\/1724","targetHints":{"allow":["GET"]}}],"collection":[{"href":"https:\/\/www.spirit-us.eu\/index.php\/wp-json\/wp\/v2\/product"}],"about":[{"href":"https:\/\/www.spirit-us.eu\/index.php\/wp-json\/wp\/v2\/types\/product"}],"replies":[{"embeddable":true,"href":"https:\/\/www.spirit-us.eu\/index.php\/wp-json\/wp\/v2\/comments?post=1724"}],"wp:featuredmedia":[{"embeddable":true,"href":"https:\/\/www.spirit-us.eu\/index.php\/wp-json\/wp\/v2\/media\/1725"}],"wp:attachment":[{"href":"https:\/\/www.spirit-us.eu\/index.php\/wp-json\/wp\/v2\/media?parent=1724"}],"wp:term":[{"taxonomy":"product_brand","embeddable":true,"href":"https:\/\/www.spirit-us.eu\/index.php\/wp-json\/wp\/v2\/product_brand?post=1724"},{"taxonomy":"product_cat","embeddable":true,"href":"https:\/\/www.spirit-us.eu\/index.php\/wp-json\/wp\/v2\/product_cat?post=1724"},{"taxonomy":"product_tag","embeddable":true,"href":"https:\/\/www.spirit-us.eu\/index.php\/wp-json\/wp\/v2\/product_tag?post=1724"},{"taxonomy":"mwb_booking_cost","embeddable":true,"href":"https:\/\/www.spirit-us.eu\/index.php\/wp-json\/wp\/v2\/mwb_booking_cost?post=1724"},{"taxonomy":"mwb_booking_service","embeddable":true,"href":"https:\/\/www.spirit-us.eu\/index.php\/wp-json\/wp\/v2\/mwb_booking_service?post=1724"}],"curies":[{"name":"wp","href":"https:\/\/api.w.org\/{rel}","templated":true}]}}