{"id":1722,"date":"2025-06-07T20:19:11","date_gmt":"2025-06-07T18:19:11","guid":{"rendered":"https:\/\/www.spirit-us.eu\/?post_type=product&#038;p=1722"},"modified":"2025-06-07T20:25:57","modified_gmt":"2025-06-07T18:25:57","slug":"douleurs-articulatoires-et-musculaires-lharpagophytum","status":"publish","type":"product","link":"https:\/\/www.spirit-us.eu\/index.php\/produit\/douleurs-articulatoires-et-musculaires-lharpagophytum\/","title":{"rendered":"DOULEURS ARTICULATOIRES ET MUSCULAIRES \u2013 l\u2019harpagophytum"},"content":{"rendered":"<p><strong>Nature du produit<\/strong> : compl\u00e9ment alimentaire<\/p>\n<p><strong>Composantes<\/strong> : harpagophytum procumbens (extrait des racines)<\/p>\n<p><strong>Composantes secondaires<\/strong> : glyc\u00e9rine, eau distill\u00e9e<\/p>\n<p><strong>Conditionnement<\/strong> : compte-gouttes de 30 ml<\/p>\n<p><strong>Garanties<\/strong> : ce produit a pass\u00e9 tous les tests des autorit\u00e9s en charge de la s\u00e9curit\u00e9 alimentaire<\/p>\n<p><strong>Dosage conseill\u00e9<\/strong> : ne pas d\u00e9passer les 3&#215;15 gouttes par jour<\/p>\n<p><strong>Conseil d&rsquo;utilisation<\/strong> :\u00a0 il est conseill\u00e9 de l&rsquo;additionner \u00e0 un jus de fruits &#8211; le jus d&rsquo;ananas bio est particuli\u00e8rement indiqu\u00e9, ou \u00e0 une tisane \u00e9ventuellement sucr\u00e9e au sirop de canne bio.<\/p>\n<p>On peut l&rsquo;utiliser en synergie avec d&rsquo;autres m\u00e9decines douces comme l&rsquo;acupression; mais aussi le curcuma, l&rsquo;ananas, le saule et le bouleau.<\/p>\n<p>Ceci est un compl\u00e9ment alimentaire. Il convient de l&rsquo;utiliser selon les indications.\u00a0 Il ne se substitue en aucun cas \u00e0 un traitement sous contr\u00f4le m\u00e9dical.<\/p>\n<p>&nbsp;<\/p>\n","protected":false},"excerpt":{"rendered":"<p style=\"text-align: justify;\">L\u2019\u00e9ventail op\u00e9rationnel de cette plante africaine s\u00e9culaire est large. On l\u2019utilise seule ou en synergie avec d\u2019autres plantes et elle fait des miracles.<\/p>\n<p style=\"text-align: justify;\"><strong>Indications curatives <\/strong><\/p>\n<p style=\"text-align: justify;\">Traitement de fond du rhumatisme, de l\u2019arthrose, de la tendinite, du mal de dos, des douleurs articulaires et musculaires\u00a0; antidouleur indiqu\u00e9 pour les entorses, les foulures, la sciatique et les torticolis.<\/p>\n<p style=\"text-align: justify;\">Cette plante originaire d\u2019Afrique est utilis\u00e9e depuis des si\u00e8cles par les gu\u00e9risseurs du sud du continent. On utilise une d\u00e9coction de sa racine ou la teinture-m\u00e8re qu\u2019on en extrait. Identifi\u00e9e et incluse dans la pharmacop\u00e9e phytoth\u00e9rapeutique occidentale depuis 1904. L\u2019harpagophytum contient des principes anti-inflammatoires et analg\u00e9siques. Son utilisation am\u00e9liore significativement le confort des personnes souffrant d\u2019inflammations et de douleurs chroniques.\u00a0 Elle permet la restauration de la mobilit\u00e9 et de la souplesse articulaire sans effet ind\u00e9sirable pour l\u2019estomac.\u00a0 Elle donne aussi de bons r\u00e9sultats pour les sportifs souffrant de tendinites ou de douleurs articulaires dues \u00e0 l\u2019effort.<\/p>\n<p style=\"text-align: justify;\"><strong>Synergies <\/strong><\/p>\n<p style=\"text-align: justify;\">Pour les rhumatismes, l\u2019arthrose et les tendinites, on peut utiliser simultan\u00e9ment l\u2019harpagophytum, le curcuma et le bouleau\u00a0;<\/p>\n<p style=\"text-align: justify;\">Pour le mal de dos, on utilise l\u2019harpagophytum, le saule et le curcuma. En fonction de l\u2019origine de la douleur, on peut \u00e9galement proc\u00e9der \u00e0 un traitement par acupression\u00a0;<\/p>\n<p style=\"text-align: justify;\">Pour les torticolis et la sciatique, on conseille une synergie avec de l\u2019harpagophytum, du cassis et du curcuma\u00a0; dans les deux cas, l\u2019acupression fait des miracles.<\/p>\n","protected":false},"featured_media":1723,"comment_status":"open","ping_status":"closed","template":"","meta":[],"product_brand":[],"product_cat":[163,17],"product_tag":[195,197,198,196],"mwb_booking_cost":[],"mwb_booking_service":[],"class_list":{"0":"post-1722","1":"product","2":"type-product","3":"status-publish","4":"has-post-thumbnail","6":"product_cat-07-plantes-huiles-remedes","7":"product_cat-tous-les-produits","8":"product_tag-articulations","9":"product_tag-douleurs-articulaires","10":"product_tag-douleurs-musculaires","11":"product_tag-sciatique","13":"first","14":"instock","15":"shipping-taxable","16":"purchasable","17":"product-type-simple"},"yoast_head":"<!-- This site is optimized with the Yoast SEO plugin v27.1.1 - https:\/\/yoast.com\/product\/yoast-seo-wordpress\/ -->\n<title>DOULEURS ARTICULATOIRES ET MUSCULAIRES \u2013 l\u2019harpagophytum - Spirit-US<\/title>\n<meta name=\"robots\" content=\"index, follow, max-snippet:-1, max-image-preview:large, max-video-preview:-1\" \/>\n<link rel=\"canonical\" href=\"https:\/\/www.spirit-us.eu\/index.php\/produit\/douleurs-articulatoires-et-musculaires-lharpagophytum\/\" \/>\n<meta property=\"og:locale\" content=\"fr_FR\" \/>\n<meta property=\"og:type\" content=\"article\" \/>\n<meta property=\"og:title\" content=\"DOULEURS ARTICULATOIRES ET MUSCULAIRES \u2013 l\u2019harpagophytum - Spirit-US\" \/>\n<meta property=\"og:description\" content=\"L\u2019\u00e9ventail op\u00e9rationnel de cette plante africaine s\u00e9culaire est large. On l\u2019utilise seule ou en synergie avec d\u2019autres plantes et elle fait des miracles. Indications curatives  Traitement de fond du rhumatisme, de l\u2019arthrose, de la tendinite, du mal de dos, des douleurs articulaires et musculaires\u00a0; antidouleur indiqu\u00e9 pour les entorses, les foulures, la sciatique et les torticolis. Cette plante originaire d\u2019Afrique est utilis\u00e9e depuis des si\u00e8cles par les gu\u00e9risseurs du sud du continent. On utilise une d\u00e9coction de sa racine ou la teinture-m\u00e8re qu\u2019on en extrait. Identifi\u00e9e et incluse dans la pharmacop\u00e9e phytoth\u00e9rapeutique occidentale depuis 1904. L\u2019harpagophytum contient des principes anti-inflammatoires et analg\u00e9siques. Son utilisation am\u00e9liore significativement le confort des personnes souffrant d\u2019inflammations et de douleurs chroniques.\u00a0 Elle permet la restauration de la mobilit\u00e9 et de la souplesse articulaire sans effet ind\u00e9sirable pour l\u2019estomac.\u00a0 Elle donne aussi de bons r\u00e9sultats pour les sportifs souffrant de tendinites ou de douleurs articulaires dues \u00e0 l\u2019effort. Synergies  Pour les rhumatismes, l\u2019arthrose et les tendinites, on peut utiliser simultan\u00e9ment l\u2019harpagophytum, le curcuma et le bouleau\u00a0; Pour le mal de dos, on utilise l\u2019harpagophytum, le saule et le curcuma. En fonction de l\u2019origine de la douleur, on peut \u00e9galement proc\u00e9der \u00e0 un traitement par acupression\u00a0; Pour les torticolis et la sciatique, on conseille une synergie avec de l\u2019harpagophytum, du cassis et du curcuma\u00a0; dans les deux cas, l\u2019acupression fait des miracles.\" \/>\n<meta property=\"og:url\" content=\"https:\/\/www.spirit-us.eu\/index.php\/produit\/douleurs-articulatoires-et-musculaires-lharpagophytum\/\" \/>\n<meta property=\"og:site_name\" content=\"Spirit-US\" \/>\n<meta property=\"article:publisher\" content=\"https:\/\/www.facebook.com\/spirit.us.deum\" \/>\n<meta property=\"article:modified_time\" content=\"2025-06-07T18:25:57+00:00\" \/>\n<meta property=\"og:image\" content=\"https:\/\/www.spirit-us.eu\/wp-content\/uploads\/2025\/06\/harpagophytum-image-produit.png\" \/>\n\t<meta property=\"og:image:width\" content=\"1080\" \/>\n\t<meta property=\"og:image:height\" content=\"1080\" \/>\n\t<meta property=\"og:image:type\" content=\"image\/png\" \/>\n<meta name=\"twitter:card\" content=\"summary_large_image\" \/>\n<meta name=\"twitter:label1\" content=\"Dur\u00e9e de lecture estim\u00e9e\" \/>\n\t<meta name=\"twitter:data1\" content=\"1 minute\" \/>\n<script type=\"application\/ld+json\" class=\"yoast-schema-graph\">{\"@context\":\"https:\/\/schema.org\",\"@graph\":[{\"@type\":\"WebPage\",\"@id\":\"https:\/\/www.spirit-us.eu\/index.php\/produit\/douleurs-articulatoires-et-musculaires-lharpagophytum\/\",\"url\":\"https:\/\/www.spirit-us.eu\/index.php\/produit\/douleurs-articulatoires-et-musculaires-lharpagophytum\/\",\"name\":\"DOULEURS ARTICULATOIRES ET MUSCULAIRES \u2013 l\u2019harpagophytum - Spirit-US\",\"isPartOf\":{\"@id\":\"https:\/\/www.spirit-us.eu\/#website\"},\"primaryImageOfPage\":{\"@id\":\"https:\/\/www.spirit-us.eu\/index.php\/produit\/douleurs-articulatoires-et-musculaires-lharpagophytum\/#primaryimage\"},\"image\":{\"@id\":\"https:\/\/www.spirit-us.eu\/index.php\/produit\/douleurs-articulatoires-et-musculaires-lharpagophytum\/#primaryimage\"},\"thumbnailUrl\":\"https:\/\/www.spirit-us.eu\/wp-content\/uploads\/2025\/06\/harpagophytum-image-produit.png\",\"datePublished\":\"2025-06-07T18:19:11+00:00\",\"dateModified\":\"2025-06-07T18:25:57+00:00\",\"breadcrumb\":{\"@id\":\"https:\/\/www.spirit-us.eu\/index.php\/produit\/douleurs-articulatoires-et-musculaires-lharpagophytum\/#breadcrumb\"},\"inLanguage\":\"fr-FR\",\"potentialAction\":[{\"@type\":\"ReadAction\",\"target\":[\"https:\/\/www.spirit-us.eu\/index.php\/produit\/douleurs-articulatoires-et-musculaires-lharpagophytum\/\"]}]},{\"@type\":\"ImageObject\",\"inLanguage\":\"fr-FR\",\"@id\":\"https:\/\/www.spirit-us.eu\/index.php\/produit\/douleurs-articulatoires-et-musculaires-lharpagophytum\/#primaryimage\",\"url\":\"https:\/\/www.spirit-us.eu\/wp-content\/uploads\/2025\/06\/harpagophytum-image-produit.png\",\"contentUrl\":\"https:\/\/www.spirit-us.eu\/wp-content\/uploads\/2025\/06\/harpagophytum-image-produit.png\",\"width\":1080,\"height\":1080},{\"@type\":\"BreadcrumbList\",\"@id\":\"https:\/\/www.spirit-us.eu\/index.php\/produit\/douleurs-articulatoires-et-musculaires-lharpagophytum\/#breadcrumb\",\"itemListElement\":[{\"@type\":\"ListItem\",\"position\":1,\"name\":\"Accueil\",\"item\":\"https:\/\/www.spirit-us.eu\/\"},{\"@type\":\"ListItem\",\"position\":2,\"name\":\"Boutique\",\"item\":\"https:\/\/www.spirit-us.eu\/index.php\/boutique\/\"},{\"@type\":\"ListItem\",\"position\":3,\"name\":\"DOULEURS ARTICULATOIRES ET MUSCULAIRES \u2013 l\u2019harpagophytum\"}]},{\"@type\":\"WebSite\",\"@id\":\"https:\/\/www.spirit-us.eu\/#website\",\"url\":\"https:\/\/www.spirit-us.eu\/\",\"name\":\"Spirit-US\",\"description\":\"\",\"publisher\":{\"@id\":\"https:\/\/www.spirit-us.eu\/#organization\"},\"potentialAction\":[{\"@type\":\"SearchAction\",\"target\":{\"@type\":\"EntryPoint\",\"urlTemplate\":\"https:\/\/www.spirit-us.eu\/?s={search_term_string}\"},\"query-input\":{\"@type\":\"PropertyValueSpecification\",\"valueRequired\":true,\"valueName\":\"search_term_string\"}}],\"inLanguage\":\"fr-FR\"},{\"@type\":\"Organization\",\"@id\":\"https:\/\/www.spirit-us.eu\/#organization\",\"name\":\"Spirit-US\",\"url\":\"https:\/\/www.spirit-us.eu\/\",\"logo\":{\"@type\":\"ImageObject\",\"inLanguage\":\"fr-FR\",\"@id\":\"https:\/\/www.spirit-us.eu\/#\/schema\/logo\/image\/\",\"url\":\"https:\/\/www.spirit-us.eu\/wp-content\/uploads\/2025\/11\/logo-regarde-linterlocutrice-sans-arrriere-plan.jpg\",\"contentUrl\":\"https:\/\/www.spirit-us.eu\/wp-content\/uploads\/2025\/11\/logo-regarde-linterlocutrice-sans-arrriere-plan.jpg\",\"width\":1080,\"height\":1080,\"caption\":\"Spirit-US\"},\"image\":{\"@id\":\"https:\/\/www.spirit-us.eu\/#\/schema\/logo\/image\/\"},\"sameAs\":[\"https:\/\/www.facebook.com\/spirit.us.deum\"]}]}<\/script>\n<!-- \/ Yoast SEO plugin. -->","yoast_head_json":{"title":"DOULEURS ARTICULATOIRES ET MUSCULAIRES \u2013 l\u2019harpagophytum - Spirit-US","robots":{"index":"index","follow":"follow","max-snippet":"max-snippet:-1","max-image-preview":"max-image-preview:large","max-video-preview":"max-video-preview:-1"},"canonical":"https:\/\/www.spirit-us.eu\/index.php\/produit\/douleurs-articulatoires-et-musculaires-lharpagophytum\/","og_locale":"fr_FR","og_type":"article","og_title":"DOULEURS ARTICULATOIRES ET MUSCULAIRES \u2013 l\u2019harpagophytum - Spirit-US","og_description":"L\u2019\u00e9ventail op\u00e9rationnel de cette plante africaine s\u00e9culaire est large. On l\u2019utilise seule ou en synergie avec d\u2019autres plantes et elle fait des miracles. Indications curatives  Traitement de fond du rhumatisme, de l\u2019arthrose, de la tendinite, du mal de dos, des douleurs articulaires et musculaires\u00a0; antidouleur indiqu\u00e9 pour les entorses, les foulures, la sciatique et les torticolis. Cette plante originaire d\u2019Afrique est utilis\u00e9e depuis des si\u00e8cles par les gu\u00e9risseurs du sud du continent. On utilise une d\u00e9coction de sa racine ou la teinture-m\u00e8re qu\u2019on en extrait. Identifi\u00e9e et incluse dans la pharmacop\u00e9e phytoth\u00e9rapeutique occidentale depuis 1904. L\u2019harpagophytum contient des principes anti-inflammatoires et analg\u00e9siques. Son utilisation am\u00e9liore significativement le confort des personnes souffrant d\u2019inflammations et de douleurs chroniques.\u00a0 Elle permet la restauration de la mobilit\u00e9 et de la souplesse articulaire sans effet ind\u00e9sirable pour l\u2019estomac.\u00a0 Elle donne aussi de bons r\u00e9sultats pour les sportifs souffrant de tendinites ou de douleurs articulaires dues \u00e0 l\u2019effort. Synergies  Pour les rhumatismes, l\u2019arthrose et les tendinites, on peut utiliser simultan\u00e9ment l\u2019harpagophytum, le curcuma et le bouleau\u00a0; Pour le mal de dos, on utilise l\u2019harpagophytum, le saule et le curcuma. En fonction de l\u2019origine de la douleur, on peut \u00e9galement proc\u00e9der \u00e0 un traitement par acupression\u00a0; Pour les torticolis et la sciatique, on conseille une synergie avec de l\u2019harpagophytum, du cassis et du curcuma\u00a0; dans les deux cas, l\u2019acupression fait des miracles.","og_url":"https:\/\/www.spirit-us.eu\/index.php\/produit\/douleurs-articulatoires-et-musculaires-lharpagophytum\/","og_site_name":"Spirit-US","article_publisher":"https:\/\/www.facebook.com\/spirit.us.deum","article_modified_time":"2025-06-07T18:25:57+00:00","og_image":[{"width":1080,"height":1080,"url":"https:\/\/www.spirit-us.eu\/wp-content\/uploads\/2025\/06\/harpagophytum-image-produit.png","type":"image\/png"}],"twitter_card":"summary_large_image","twitter_misc":{"Dur\u00e9e de lecture estim\u00e9e":"1 minute"},"schema":{"@context":"https:\/\/schema.org","@graph":[{"@type":"WebPage","@id":"https:\/\/www.spirit-us.eu\/index.php\/produit\/douleurs-articulatoires-et-musculaires-lharpagophytum\/","url":"https:\/\/www.spirit-us.eu\/index.php\/produit\/douleurs-articulatoires-et-musculaires-lharpagophytum\/","name":"DOULEURS ARTICULATOIRES ET MUSCULAIRES \u2013 l\u2019harpagophytum - Spirit-US","isPartOf":{"@id":"https:\/\/www.spirit-us.eu\/#website"},"primaryImageOfPage":{"@id":"https:\/\/www.spirit-us.eu\/index.php\/produit\/douleurs-articulatoires-et-musculaires-lharpagophytum\/#primaryimage"},"image":{"@id":"https:\/\/www.spirit-us.eu\/index.php\/produit\/douleurs-articulatoires-et-musculaires-lharpagophytum\/#primaryimage"},"thumbnailUrl":"https:\/\/www.spirit-us.eu\/wp-content\/uploads\/2025\/06\/harpagophytum-image-produit.png","datePublished":"2025-06-07T18:19:11+00:00","dateModified":"2025-06-07T18:25:57+00:00","breadcrumb":{"@id":"https:\/\/www.spirit-us.eu\/index.php\/produit\/douleurs-articulatoires-et-musculaires-lharpagophytum\/#breadcrumb"},"inLanguage":"fr-FR","potentialAction":[{"@type":"ReadAction","target":["https:\/\/www.spirit-us.eu\/index.php\/produit\/douleurs-articulatoires-et-musculaires-lharpagophytum\/"]}]},{"@type":"ImageObject","inLanguage":"fr-FR","@id":"https:\/\/www.spirit-us.eu\/index.php\/produit\/douleurs-articulatoires-et-musculaires-lharpagophytum\/#primaryimage","url":"https:\/\/www.spirit-us.eu\/wp-content\/uploads\/2025\/06\/harpagophytum-image-produit.png","contentUrl":"https:\/\/www.spirit-us.eu\/wp-content\/uploads\/2025\/06\/harpagophytum-image-produit.png","width":1080,"height":1080},{"@type":"BreadcrumbList","@id":"https:\/\/www.spirit-us.eu\/index.php\/produit\/douleurs-articulatoires-et-musculaires-lharpagophytum\/#breadcrumb","itemListElement":[{"@type":"ListItem","position":1,"name":"Accueil","item":"https:\/\/www.spirit-us.eu\/"},{"@type":"ListItem","position":2,"name":"Boutique","item":"https:\/\/www.spirit-us.eu\/index.php\/boutique\/"},{"@type":"ListItem","position":3,"name":"DOULEURS ARTICULATOIRES ET MUSCULAIRES \u2013 l\u2019harpagophytum"}]},{"@type":"WebSite","@id":"https:\/\/www.spirit-us.eu\/#website","url":"https:\/\/www.spirit-us.eu\/","name":"Spirit-US","description":"","publisher":{"@id":"https:\/\/www.spirit-us.eu\/#organization"},"potentialAction":[{"@type":"SearchAction","target":{"@type":"EntryPoint","urlTemplate":"https:\/\/www.spirit-us.eu\/?s={search_term_string}"},"query-input":{"@type":"PropertyValueSpecification","valueRequired":true,"valueName":"search_term_string"}}],"inLanguage":"fr-FR"},{"@type":"Organization","@id":"https:\/\/www.spirit-us.eu\/#organization","name":"Spirit-US","url":"https:\/\/www.spirit-us.eu\/","logo":{"@type":"ImageObject","inLanguage":"fr-FR","@id":"https:\/\/www.spirit-us.eu\/#\/schema\/logo\/image\/","url":"https:\/\/www.spirit-us.eu\/wp-content\/uploads\/2025\/11\/logo-regarde-linterlocutrice-sans-arrriere-plan.jpg","contentUrl":"https:\/\/www.spirit-us.eu\/wp-content\/uploads\/2025\/11\/logo-regarde-linterlocutrice-sans-arrriere-plan.jpg","width":1080,"height":1080,"caption":"Spirit-US"},"image":{"@id":"https:\/\/www.spirit-us.eu\/#\/schema\/logo\/image\/"},"sameAs":["https:\/\/www.facebook.com\/spirit.us.deum"]}]}},"jetpack_sharing_enabled":true,"_links":{"self":[{"href":"https:\/\/www.spirit-us.eu\/index.php\/wp-json\/wp\/v2\/product\/1722","targetHints":{"allow":["GET"]}}],"collection":[{"href":"https:\/\/www.spirit-us.eu\/index.php\/wp-json\/wp\/v2\/product"}],"about":[{"href":"https:\/\/www.spirit-us.eu\/index.php\/wp-json\/wp\/v2\/types\/product"}],"replies":[{"embeddable":true,"href":"https:\/\/www.spirit-us.eu\/index.php\/wp-json\/wp\/v2\/comments?post=1722"}],"wp:featuredmedia":[{"embeddable":true,"href":"https:\/\/www.spirit-us.eu\/index.php\/wp-json\/wp\/v2\/media\/1723"}],"wp:attachment":[{"href":"https:\/\/www.spirit-us.eu\/index.php\/wp-json\/wp\/v2\/media?parent=1722"}],"wp:term":[{"taxonomy":"product_brand","embeddable":true,"href":"https:\/\/www.spirit-us.eu\/index.php\/wp-json\/wp\/v2\/product_brand?post=1722"},{"taxonomy":"product_cat","embeddable":true,"href":"https:\/\/www.spirit-us.eu\/index.php\/wp-json\/wp\/v2\/product_cat?post=1722"},{"taxonomy":"product_tag","embeddable":true,"href":"https:\/\/www.spirit-us.eu\/index.php\/wp-json\/wp\/v2\/product_tag?post=1722"},{"taxonomy":"mwb_booking_cost","embeddable":true,"href":"https:\/\/www.spirit-us.eu\/index.php\/wp-json\/wp\/v2\/mwb_booking_cost?post=1722"},{"taxonomy":"mwb_booking_service","embeddable":true,"href":"https:\/\/www.spirit-us.eu\/index.php\/wp-json\/wp\/v2\/mwb_booking_service?post=1722"}],"curies":[{"name":"wp","href":"https:\/\/api.w.org\/{rel}","templated":true}]}}