{"id":1698,"date":"2025-06-02T19:31:08","date_gmt":"2025-06-02T17:31:08","guid":{"rendered":"https:\/\/www.spirit-us.eu\/?post_type=product&#038;p=1698"},"modified":"2025-12-17T00:04:44","modified_gmt":"2025-12-16T23:04:44","slug":"boucles-doreilles-de-prosperite-trefles-a-quatre-feuilles","status":"publish","type":"product","link":"https:\/\/www.spirit-us.eu\/index.php\/produit\/boucles-doreilles-de-prosperite-trefles-a-quatre-feuilles\/","title":{"rendered":"BOUCLES D\u2019OREILLES DE PROSPERITE : TREFLES A QUATRE FEUILLES"},"content":{"rendered":"<p><strong>Dimensions\u00a0<\/strong>: le tr\u00e8fle mesure 1,3 cm de c\u00f4t\u00e9<\/p>\n<p><strong>Le bijou entier mesure<\/strong> 1,8 cm de hauteur<\/p>\n<p><strong>Syst\u00e8me d\u2019attache<\/strong>\u00a0: clous et ailettes<\/p>\n<p><strong>Mat\u00e9riau<\/strong>\u00a0: m\u00e9tal dor\u00e9, r\u00e9sine translucide de couleur verte \u00e9clatante<\/p>\n","protected":false},"excerpt":{"rendered":"<p style=\"text-align: justify;\">Paire de boucles d&rsquo;oreilles porte-chance en forme de tr\u00e8fles \u00e0 quatre feuilles, de couleur vert vif (la couleur de la prosp\u00e9rit\u00e9 et de la chance), m\u00e9tal hypoallerg\u00e9nique; convient aussi pour la c\u00e9l\u00e9bration de la Saint-Patrick. C&rsquo;est un accessoire\u00a0 tr\u00e8s mignon pour Femmes et Filles (livr\u00e9 dans son coffret de velours). Vous souhaitez travailler l\u2019\u00e9nergie de chance et l\u2019\u00e9nergie financi\u00e8re ? Entourez-vous d\u2019accessoires qui vous rappellent votre objectif joliment et de fa\u00e7on tr\u00e8s esth\u00e9tique.<\/p>\n","protected":false},"featured_media":1699,"comment_status":"open","ping_status":"closed","template":"","meta":[],"product_brand":[],"product_cat":[156,461],"product_tag":[193,194],"mwb_booking_cost":[],"mwb_booking_service":[],"class_list":{"0":"post-1698","1":"product","2":"type-product","3":"status-publish","4":"has-post-thumbnail","6":"product_cat-04-bijoux","7":"product_cat-007-boucles-doreilles","8":"product_tag-chance","9":"product_tag-vert","11":"first","12":"instock","13":"shipping-taxable","14":"purchasable","15":"product-type-simple"},"yoast_head":"<!-- This site is optimized with the Yoast SEO plugin v27.1.1 - https:\/\/yoast.com\/product\/yoast-seo-wordpress\/ -->\n<title>BOUCLES D\u2019OREILLES DE PROSPERITE : TREFLES A QUATRE FEUILLES - Spirit-US<\/title>\n<meta name=\"robots\" content=\"index, follow, max-snippet:-1, max-image-preview:large, max-video-preview:-1\" \/>\n<link rel=\"canonical\" href=\"https:\/\/www.spirit-us.eu\/index.php\/produit\/boucles-doreilles-de-prosperite-trefles-a-quatre-feuilles\/\" \/>\n<meta property=\"og:locale\" content=\"fr_FR\" \/>\n<meta property=\"og:type\" content=\"article\" \/>\n<meta property=\"og:title\" content=\"BOUCLES D\u2019OREILLES DE PROSPERITE : TREFLES A QUATRE FEUILLES - Spirit-US\" \/>\n<meta property=\"og:description\" content=\"Paire de boucles d&#039;oreilles porte-chance en forme de tr\u00e8fles \u00e0 quatre feuilles, de couleur vert vif (la couleur de la prosp\u00e9rit\u00e9 et de la chance), m\u00e9tal hypoallerg\u00e9nique; convient aussi pour la c\u00e9l\u00e9bration de la Saint-Patrick. C&#039;est un accessoire\u00a0 tr\u00e8s mignon pour Femmes et Filles (livr\u00e9 dans son coffret de velours). Vous souhaitez travailler l\u2019\u00e9nergie de chance et l\u2019\u00e9nergie financi\u00e8re ? Entourez-vous d\u2019accessoires qui vous rappellent votre objectif joliment et de fa\u00e7on tr\u00e8s esth\u00e9tique.\" \/>\n<meta property=\"og:url\" content=\"https:\/\/www.spirit-us.eu\/index.php\/produit\/boucles-doreilles-de-prosperite-trefles-a-quatre-feuilles\/\" \/>\n<meta property=\"og:site_name\" content=\"Spirit-US\" \/>\n<meta property=\"article:publisher\" content=\"https:\/\/www.facebook.com\/spirit.us.deum\" \/>\n<meta property=\"article:modified_time\" content=\"2025-12-16T23:04:44+00:00\" \/>\n<meta property=\"og:image\" content=\"https:\/\/www.spirit-us.eu\/wp-content\/uploads\/2025\/06\/boucles-doreilles-trefle-a-4-feuilles-image-produit.png\" \/>\n\t<meta property=\"og:image:width\" content=\"1080\" \/>\n\t<meta property=\"og:image:height\" content=\"1080\" \/>\n\t<meta property=\"og:image:type\" content=\"image\/png\" \/>\n<meta name=\"twitter:card\" content=\"summary_large_image\" \/>\n<meta name=\"twitter:label1\" content=\"Dur\u00e9e de lecture estim\u00e9e\" \/>\n\t<meta name=\"twitter:data1\" content=\"1 minute\" \/>\n<script type=\"application\/ld+json\" class=\"yoast-schema-graph\">{\"@context\":\"https:\/\/schema.org\",\"@graph\":[{\"@type\":\"WebPage\",\"@id\":\"https:\/\/www.spirit-us.eu\/index.php\/produit\/boucles-doreilles-de-prosperite-trefles-a-quatre-feuilles\/\",\"url\":\"https:\/\/www.spirit-us.eu\/index.php\/produit\/boucles-doreilles-de-prosperite-trefles-a-quatre-feuilles\/\",\"name\":\"BOUCLES D\u2019OREILLES DE PROSPERITE : TREFLES A QUATRE FEUILLES - Spirit-US\",\"isPartOf\":{\"@id\":\"https:\/\/www.spirit-us.eu\/#website\"},\"primaryImageOfPage\":{\"@id\":\"https:\/\/www.spirit-us.eu\/index.php\/produit\/boucles-doreilles-de-prosperite-trefles-a-quatre-feuilles\/#primaryimage\"},\"image\":{\"@id\":\"https:\/\/www.spirit-us.eu\/index.php\/produit\/boucles-doreilles-de-prosperite-trefles-a-quatre-feuilles\/#primaryimage\"},\"thumbnailUrl\":\"https:\/\/www.spirit-us.eu\/wp-content\/uploads\/2025\/06\/boucles-doreilles-trefle-a-4-feuilles-image-produit.png\",\"datePublished\":\"2025-06-02T17:31:08+00:00\",\"dateModified\":\"2025-12-16T23:04:44+00:00\",\"breadcrumb\":{\"@id\":\"https:\/\/www.spirit-us.eu\/index.php\/produit\/boucles-doreilles-de-prosperite-trefles-a-quatre-feuilles\/#breadcrumb\"},\"inLanguage\":\"fr-FR\",\"potentialAction\":[{\"@type\":\"ReadAction\",\"target\":[\"https:\/\/www.spirit-us.eu\/index.php\/produit\/boucles-doreilles-de-prosperite-trefles-a-quatre-feuilles\/\"]}]},{\"@type\":\"ImageObject\",\"inLanguage\":\"fr-FR\",\"@id\":\"https:\/\/www.spirit-us.eu\/index.php\/produit\/boucles-doreilles-de-prosperite-trefles-a-quatre-feuilles\/#primaryimage\",\"url\":\"https:\/\/www.spirit-us.eu\/wp-content\/uploads\/2025\/06\/boucles-doreilles-trefle-a-4-feuilles-image-produit.png\",\"contentUrl\":\"https:\/\/www.spirit-us.eu\/wp-content\/uploads\/2025\/06\/boucles-doreilles-trefle-a-4-feuilles-image-produit.png\",\"width\":1080,\"height\":1080},{\"@type\":\"BreadcrumbList\",\"@id\":\"https:\/\/www.spirit-us.eu\/index.php\/produit\/boucles-doreilles-de-prosperite-trefles-a-quatre-feuilles\/#breadcrumb\",\"itemListElement\":[{\"@type\":\"ListItem\",\"position\":1,\"name\":\"Accueil\",\"item\":\"https:\/\/www.spirit-us.eu\/\"},{\"@type\":\"ListItem\",\"position\":2,\"name\":\"Boutique\",\"item\":\"https:\/\/www.spirit-us.eu\/index.php\/boutique\/\"},{\"@type\":\"ListItem\",\"position\":3,\"name\":\"BOUCLES D\u2019OREILLES DE PROSPERITE : TREFLES A QUATRE FEUILLES\"}]},{\"@type\":\"WebSite\",\"@id\":\"https:\/\/www.spirit-us.eu\/#website\",\"url\":\"https:\/\/www.spirit-us.eu\/\",\"name\":\"Spirit-US\",\"description\":\"\",\"publisher\":{\"@id\":\"https:\/\/www.spirit-us.eu\/#organization\"},\"potentialAction\":[{\"@type\":\"SearchAction\",\"target\":{\"@type\":\"EntryPoint\",\"urlTemplate\":\"https:\/\/www.spirit-us.eu\/?s={search_term_string}\"},\"query-input\":{\"@type\":\"PropertyValueSpecification\",\"valueRequired\":true,\"valueName\":\"search_term_string\"}}],\"inLanguage\":\"fr-FR\"},{\"@type\":\"Organization\",\"@id\":\"https:\/\/www.spirit-us.eu\/#organization\",\"name\":\"Spirit-US\",\"url\":\"https:\/\/www.spirit-us.eu\/\",\"logo\":{\"@type\":\"ImageObject\",\"inLanguage\":\"fr-FR\",\"@id\":\"https:\/\/www.spirit-us.eu\/#\/schema\/logo\/image\/\",\"url\":\"https:\/\/www.spirit-us.eu\/wp-content\/uploads\/2025\/11\/logo-regarde-linterlocutrice-sans-arrriere-plan.jpg\",\"contentUrl\":\"https:\/\/www.spirit-us.eu\/wp-content\/uploads\/2025\/11\/logo-regarde-linterlocutrice-sans-arrriere-plan.jpg\",\"width\":1080,\"height\":1080,\"caption\":\"Spirit-US\"},\"image\":{\"@id\":\"https:\/\/www.spirit-us.eu\/#\/schema\/logo\/image\/\"},\"sameAs\":[\"https:\/\/www.facebook.com\/spirit.us.deum\"]}]}<\/script>\n<!-- \/ Yoast SEO plugin. -->","yoast_head_json":{"title":"BOUCLES D\u2019OREILLES DE PROSPERITE : TREFLES A QUATRE FEUILLES - Spirit-US","robots":{"index":"index","follow":"follow","max-snippet":"max-snippet:-1","max-image-preview":"max-image-preview:large","max-video-preview":"max-video-preview:-1"},"canonical":"https:\/\/www.spirit-us.eu\/index.php\/produit\/boucles-doreilles-de-prosperite-trefles-a-quatre-feuilles\/","og_locale":"fr_FR","og_type":"article","og_title":"BOUCLES D\u2019OREILLES DE PROSPERITE : TREFLES A QUATRE FEUILLES - Spirit-US","og_description":"Paire de boucles d'oreilles porte-chance en forme de tr\u00e8fles \u00e0 quatre feuilles, de couleur vert vif (la couleur de la prosp\u00e9rit\u00e9 et de la chance), m\u00e9tal hypoallerg\u00e9nique; convient aussi pour la c\u00e9l\u00e9bration de la Saint-Patrick. C'est un accessoire\u00a0 tr\u00e8s mignon pour Femmes et Filles (livr\u00e9 dans son coffret de velours). Vous souhaitez travailler l\u2019\u00e9nergie de chance et l\u2019\u00e9nergie financi\u00e8re ? Entourez-vous d\u2019accessoires qui vous rappellent votre objectif joliment et de fa\u00e7on tr\u00e8s esth\u00e9tique.","og_url":"https:\/\/www.spirit-us.eu\/index.php\/produit\/boucles-doreilles-de-prosperite-trefles-a-quatre-feuilles\/","og_site_name":"Spirit-US","article_publisher":"https:\/\/www.facebook.com\/spirit.us.deum","article_modified_time":"2025-12-16T23:04:44+00:00","og_image":[{"width":1080,"height":1080,"url":"https:\/\/www.spirit-us.eu\/wp-content\/uploads\/2025\/06\/boucles-doreilles-trefle-a-4-feuilles-image-produit.png","type":"image\/png"}],"twitter_card":"summary_large_image","twitter_misc":{"Dur\u00e9e de lecture estim\u00e9e":"1 minute"},"schema":{"@context":"https:\/\/schema.org","@graph":[{"@type":"WebPage","@id":"https:\/\/www.spirit-us.eu\/index.php\/produit\/boucles-doreilles-de-prosperite-trefles-a-quatre-feuilles\/","url":"https:\/\/www.spirit-us.eu\/index.php\/produit\/boucles-doreilles-de-prosperite-trefles-a-quatre-feuilles\/","name":"BOUCLES D\u2019OREILLES DE PROSPERITE : TREFLES A QUATRE FEUILLES - Spirit-US","isPartOf":{"@id":"https:\/\/www.spirit-us.eu\/#website"},"primaryImageOfPage":{"@id":"https:\/\/www.spirit-us.eu\/index.php\/produit\/boucles-doreilles-de-prosperite-trefles-a-quatre-feuilles\/#primaryimage"},"image":{"@id":"https:\/\/www.spirit-us.eu\/index.php\/produit\/boucles-doreilles-de-prosperite-trefles-a-quatre-feuilles\/#primaryimage"},"thumbnailUrl":"https:\/\/www.spirit-us.eu\/wp-content\/uploads\/2025\/06\/boucles-doreilles-trefle-a-4-feuilles-image-produit.png","datePublished":"2025-06-02T17:31:08+00:00","dateModified":"2025-12-16T23:04:44+00:00","breadcrumb":{"@id":"https:\/\/www.spirit-us.eu\/index.php\/produit\/boucles-doreilles-de-prosperite-trefles-a-quatre-feuilles\/#breadcrumb"},"inLanguage":"fr-FR","potentialAction":[{"@type":"ReadAction","target":["https:\/\/www.spirit-us.eu\/index.php\/produit\/boucles-doreilles-de-prosperite-trefles-a-quatre-feuilles\/"]}]},{"@type":"ImageObject","inLanguage":"fr-FR","@id":"https:\/\/www.spirit-us.eu\/index.php\/produit\/boucles-doreilles-de-prosperite-trefles-a-quatre-feuilles\/#primaryimage","url":"https:\/\/www.spirit-us.eu\/wp-content\/uploads\/2025\/06\/boucles-doreilles-trefle-a-4-feuilles-image-produit.png","contentUrl":"https:\/\/www.spirit-us.eu\/wp-content\/uploads\/2025\/06\/boucles-doreilles-trefle-a-4-feuilles-image-produit.png","width":1080,"height":1080},{"@type":"BreadcrumbList","@id":"https:\/\/www.spirit-us.eu\/index.php\/produit\/boucles-doreilles-de-prosperite-trefles-a-quatre-feuilles\/#breadcrumb","itemListElement":[{"@type":"ListItem","position":1,"name":"Accueil","item":"https:\/\/www.spirit-us.eu\/"},{"@type":"ListItem","position":2,"name":"Boutique","item":"https:\/\/www.spirit-us.eu\/index.php\/boutique\/"},{"@type":"ListItem","position":3,"name":"BOUCLES D\u2019OREILLES DE PROSPERITE : TREFLES A QUATRE FEUILLES"}]},{"@type":"WebSite","@id":"https:\/\/www.spirit-us.eu\/#website","url":"https:\/\/www.spirit-us.eu\/","name":"Spirit-US","description":"","publisher":{"@id":"https:\/\/www.spirit-us.eu\/#organization"},"potentialAction":[{"@type":"SearchAction","target":{"@type":"EntryPoint","urlTemplate":"https:\/\/www.spirit-us.eu\/?s={search_term_string}"},"query-input":{"@type":"PropertyValueSpecification","valueRequired":true,"valueName":"search_term_string"}}],"inLanguage":"fr-FR"},{"@type":"Organization","@id":"https:\/\/www.spirit-us.eu\/#organization","name":"Spirit-US","url":"https:\/\/www.spirit-us.eu\/","logo":{"@type":"ImageObject","inLanguage":"fr-FR","@id":"https:\/\/www.spirit-us.eu\/#\/schema\/logo\/image\/","url":"https:\/\/www.spirit-us.eu\/wp-content\/uploads\/2025\/11\/logo-regarde-linterlocutrice-sans-arrriere-plan.jpg","contentUrl":"https:\/\/www.spirit-us.eu\/wp-content\/uploads\/2025\/11\/logo-regarde-linterlocutrice-sans-arrriere-plan.jpg","width":1080,"height":1080,"caption":"Spirit-US"},"image":{"@id":"https:\/\/www.spirit-us.eu\/#\/schema\/logo\/image\/"},"sameAs":["https:\/\/www.facebook.com\/spirit.us.deum"]}]}},"jetpack_sharing_enabled":true,"_links":{"self":[{"href":"https:\/\/www.spirit-us.eu\/index.php\/wp-json\/wp\/v2\/product\/1698","targetHints":{"allow":["GET"]}}],"collection":[{"href":"https:\/\/www.spirit-us.eu\/index.php\/wp-json\/wp\/v2\/product"}],"about":[{"href":"https:\/\/www.spirit-us.eu\/index.php\/wp-json\/wp\/v2\/types\/product"}],"replies":[{"embeddable":true,"href":"https:\/\/www.spirit-us.eu\/index.php\/wp-json\/wp\/v2\/comments?post=1698"}],"wp:featuredmedia":[{"embeddable":true,"href":"https:\/\/www.spirit-us.eu\/index.php\/wp-json\/wp\/v2\/media\/1699"}],"wp:attachment":[{"href":"https:\/\/www.spirit-us.eu\/index.php\/wp-json\/wp\/v2\/media?parent=1698"}],"wp:term":[{"taxonomy":"product_brand","embeddable":true,"href":"https:\/\/www.spirit-us.eu\/index.php\/wp-json\/wp\/v2\/product_brand?post=1698"},{"taxonomy":"product_cat","embeddable":true,"href":"https:\/\/www.spirit-us.eu\/index.php\/wp-json\/wp\/v2\/product_cat?post=1698"},{"taxonomy":"product_tag","embeddable":true,"href":"https:\/\/www.spirit-us.eu\/index.php\/wp-json\/wp\/v2\/product_tag?post=1698"},{"taxonomy":"mwb_booking_cost","embeddable":true,"href":"https:\/\/www.spirit-us.eu\/index.php\/wp-json\/wp\/v2\/mwb_booking_cost?post=1698"},{"taxonomy":"mwb_booking_service","embeddable":true,"href":"https:\/\/www.spirit-us.eu\/index.php\/wp-json\/wp\/v2\/mwb_booking_service?post=1698"}],"curies":[{"name":"wp","href":"https:\/\/api.w.org\/{rel}","templated":true}]}}