{"id":1694,"date":"2025-06-02T18:58:53","date_gmt":"2025-06-02T16:58:53","guid":{"rendered":"https:\/\/www.spirit-us.eu\/?post_type=product&#038;p=1694"},"modified":"2025-12-20T10:23:32","modified_gmt":"2025-12-20T09:23:32","slug":"chapelet-en-buis-de-notre-dame-de-bonsecours","status":"publish","type":"product","link":"https:\/\/www.spirit-us.eu\/index.php\/produit\/chapelet-en-buis-de-notre-dame-de-bonsecours\/","title":{"rendered":"Chapelet en buis de Notre-Dame de BONSECOURS"},"content":{"rendered":"<p>Chapelet 100% artisanal fait selon la tradition en bois de buis.<\/p>\n<p>Il est d\u00e9di\u00e9 \u00e0 Notre Dame de Bonsecours.<\/p>\n","protected":false},"excerpt":{"rendered":"<p>Chapelet magnifique en perles de buis v\u00e9ritable d\u00e9gageant une \u00e9nergie de s\u00e9r\u00e9nit\u00e9 et de paix. Il sera votre compagnon quotidien dans la pri\u00e8re et les neuvaines. Il est livr\u00e9 consacr\u00e9 \u00e0 Notre Dame et b\u00e9ni; un joli coffret bleu le prot\u00e8ge. La m\u00e9daille repr\u00e9sente en son recto Notre Dame de Bonsecours et en son verso, la basilique du m\u00eame nom. Il est un cadeau id\u00e9al \u00e0 faire \u00e0 une personne qui prie souvent.<\/p>\n<p><strong>Dimension du chapelet<\/strong>\u00a0(longueur doubl\u00e9e) : 49 cm<\/p>\n<p><strong>Dimension des perles de buis<\/strong> : 5 mm<\/p>\n<p><strong>Mati\u00e8re<\/strong> : perles de de bois fa\u00e7onn\u00e9 \u00e0 la main et m\u00e9tal argent\u00e9 sertissant la croix, m\u00e9daille et la cha\u00eenette<\/p>\n<p><strong>Dimensions du bo\u00eetier\u00a0<\/strong>: 8 x 8 x 3cm<\/p>\n","protected":false},"featured_media":1695,"comment_status":"open","ping_status":"closed","template":"","meta":[],"product_brand":[],"product_cat":[508,17,504],"product_tag":[],"mwb_booking_cost":[],"mwb_booking_service":[],"class_list":{"0":"post-1694","1":"product","2":"type-product","3":"status-publish","4":"has-post-thumbnail","6":"product_cat-004-images-bijoux-saints","7":"product_cat-tous-les-produits","8":"product_cat-01-univers-sacre-accueil","10":"first","11":"instock","12":"shipping-taxable","13":"purchasable","14":"product-type-simple"},"yoast_head":"<!-- This site is optimized with the Yoast SEO plugin v27.1.1 - https:\/\/yoast.com\/product\/yoast-seo-wordpress\/ -->\n<title>Chapelet en buis de Notre-Dame de BONSECOURS - Spirit-US<\/title>\n<meta name=\"robots\" content=\"index, follow, max-snippet:-1, max-image-preview:large, max-video-preview:-1\" \/>\n<link rel=\"canonical\" href=\"https:\/\/www.spirit-us.eu\/index.php\/produit\/chapelet-en-buis-de-notre-dame-de-bonsecours\/\" \/>\n<meta property=\"og:locale\" content=\"fr_FR\" \/>\n<meta property=\"og:type\" content=\"article\" \/>\n<meta property=\"og:title\" content=\"Chapelet en buis de Notre-Dame de BONSECOURS - Spirit-US\" \/>\n<meta property=\"og:description\" content=\"Chapelet magnifique en perles de buis v\u00e9ritable d\u00e9gageant une \u00e9nergie de s\u00e9r\u00e9nit\u00e9 et de paix. Il sera votre compagnon quotidien dans la pri\u00e8re et les neuvaines. Il est livr\u00e9 consacr\u00e9 \u00e0 Notre Dame et b\u00e9ni; un joli coffret bleu le prot\u00e8ge. La m\u00e9daille repr\u00e9sente en son recto Notre Dame de Bonsecours et en son verso, la basilique du m\u00eame nom. Il est un cadeau id\u00e9al \u00e0 faire \u00e0 une personne qui prie souvent.  Dimension du chapelet\u00a0(longueur doubl\u00e9e) : 49 cm  Dimension des perles de buis : 5 mm  Mati\u00e8re : perles de de bois fa\u00e7onn\u00e9 \u00e0 la main et m\u00e9tal argent\u00e9 sertissant la croix, m\u00e9daille et la cha\u00eenette  Dimensions du bo\u00eetier\u00a0: 8 x 8 x 3cm\" \/>\n<meta property=\"og:url\" content=\"https:\/\/www.spirit-us.eu\/index.php\/produit\/chapelet-en-buis-de-notre-dame-de-bonsecours\/\" \/>\n<meta property=\"og:site_name\" content=\"Spirit-US\" \/>\n<meta property=\"article:publisher\" content=\"https:\/\/www.facebook.com\/spirit.us.deum\" \/>\n<meta property=\"article:modified_time\" content=\"2025-12-20T09:23:32+00:00\" \/>\n<meta property=\"og:image\" content=\"https:\/\/www.spirit-us.eu\/wp-content\/uploads\/2025\/06\/chapelet-de-buis-image-produit.png\" \/>\n\t<meta property=\"og:image:width\" content=\"1080\" \/>\n\t<meta property=\"og:image:height\" content=\"1080\" \/>\n\t<meta property=\"og:image:type\" content=\"image\/png\" \/>\n<meta name=\"twitter:card\" content=\"summary_large_image\" \/>\n<script type=\"application\/ld+json\" class=\"yoast-schema-graph\">{\"@context\":\"https:\/\/schema.org\",\"@graph\":[{\"@type\":\"WebPage\",\"@id\":\"https:\/\/www.spirit-us.eu\/index.php\/produit\/chapelet-en-buis-de-notre-dame-de-bonsecours\/\",\"url\":\"https:\/\/www.spirit-us.eu\/index.php\/produit\/chapelet-en-buis-de-notre-dame-de-bonsecours\/\",\"name\":\"Chapelet en buis de Notre-Dame de BONSECOURS - Spirit-US\",\"isPartOf\":{\"@id\":\"https:\/\/www.spirit-us.eu\/#website\"},\"primaryImageOfPage\":{\"@id\":\"https:\/\/www.spirit-us.eu\/index.php\/produit\/chapelet-en-buis-de-notre-dame-de-bonsecours\/#primaryimage\"},\"image\":{\"@id\":\"https:\/\/www.spirit-us.eu\/index.php\/produit\/chapelet-en-buis-de-notre-dame-de-bonsecours\/#primaryimage\"},\"thumbnailUrl\":\"https:\/\/www.spirit-us.eu\/wp-content\/uploads\/2025\/06\/chapelet-de-buis-image-produit.png\",\"datePublished\":\"2025-06-02T16:58:53+00:00\",\"dateModified\":\"2025-12-20T09:23:32+00:00\",\"breadcrumb\":{\"@id\":\"https:\/\/www.spirit-us.eu\/index.php\/produit\/chapelet-en-buis-de-notre-dame-de-bonsecours\/#breadcrumb\"},\"inLanguage\":\"fr-FR\",\"potentialAction\":[{\"@type\":\"ReadAction\",\"target\":[\"https:\/\/www.spirit-us.eu\/index.php\/produit\/chapelet-en-buis-de-notre-dame-de-bonsecours\/\"]}]},{\"@type\":\"ImageObject\",\"inLanguage\":\"fr-FR\",\"@id\":\"https:\/\/www.spirit-us.eu\/index.php\/produit\/chapelet-en-buis-de-notre-dame-de-bonsecours\/#primaryimage\",\"url\":\"https:\/\/www.spirit-us.eu\/wp-content\/uploads\/2025\/06\/chapelet-de-buis-image-produit.png\",\"contentUrl\":\"https:\/\/www.spirit-us.eu\/wp-content\/uploads\/2025\/06\/chapelet-de-buis-image-produit.png\",\"width\":1080,\"height\":1080},{\"@type\":\"BreadcrumbList\",\"@id\":\"https:\/\/www.spirit-us.eu\/index.php\/produit\/chapelet-en-buis-de-notre-dame-de-bonsecours\/#breadcrumb\",\"itemListElement\":[{\"@type\":\"ListItem\",\"position\":1,\"name\":\"Accueil\",\"item\":\"https:\/\/www.spirit-us.eu\/\"},{\"@type\":\"ListItem\",\"position\":2,\"name\":\"Boutique\",\"item\":\"https:\/\/www.spirit-us.eu\/index.php\/boutique\/\"},{\"@type\":\"ListItem\",\"position\":3,\"name\":\"Chapelet en buis de Notre-Dame de BONSECOURS\"}]},{\"@type\":\"WebSite\",\"@id\":\"https:\/\/www.spirit-us.eu\/#website\",\"url\":\"https:\/\/www.spirit-us.eu\/\",\"name\":\"Spirit-US\",\"description\":\"\",\"publisher\":{\"@id\":\"https:\/\/www.spirit-us.eu\/#organization\"},\"potentialAction\":[{\"@type\":\"SearchAction\",\"target\":{\"@type\":\"EntryPoint\",\"urlTemplate\":\"https:\/\/www.spirit-us.eu\/?s={search_term_string}\"},\"query-input\":{\"@type\":\"PropertyValueSpecification\",\"valueRequired\":true,\"valueName\":\"search_term_string\"}}],\"inLanguage\":\"fr-FR\"},{\"@type\":\"Organization\",\"@id\":\"https:\/\/www.spirit-us.eu\/#organization\",\"name\":\"Spirit-US\",\"url\":\"https:\/\/www.spirit-us.eu\/\",\"logo\":{\"@type\":\"ImageObject\",\"inLanguage\":\"fr-FR\",\"@id\":\"https:\/\/www.spirit-us.eu\/#\/schema\/logo\/image\/\",\"url\":\"https:\/\/www.spirit-us.eu\/wp-content\/uploads\/2025\/11\/logo-regarde-linterlocutrice-sans-arrriere-plan.jpg\",\"contentUrl\":\"https:\/\/www.spirit-us.eu\/wp-content\/uploads\/2025\/11\/logo-regarde-linterlocutrice-sans-arrriere-plan.jpg\",\"width\":1080,\"height\":1080,\"caption\":\"Spirit-US\"},\"image\":{\"@id\":\"https:\/\/www.spirit-us.eu\/#\/schema\/logo\/image\/\"},\"sameAs\":[\"https:\/\/www.facebook.com\/spirit.us.deum\"]}]}<\/script>\n<!-- \/ Yoast SEO plugin. -->","yoast_head_json":{"title":"Chapelet en buis de Notre-Dame de BONSECOURS - Spirit-US","robots":{"index":"index","follow":"follow","max-snippet":"max-snippet:-1","max-image-preview":"max-image-preview:large","max-video-preview":"max-video-preview:-1"},"canonical":"https:\/\/www.spirit-us.eu\/index.php\/produit\/chapelet-en-buis-de-notre-dame-de-bonsecours\/","og_locale":"fr_FR","og_type":"article","og_title":"Chapelet en buis de Notre-Dame de BONSECOURS - Spirit-US","og_description":"Chapelet magnifique en perles de buis v\u00e9ritable d\u00e9gageant une \u00e9nergie de s\u00e9r\u00e9nit\u00e9 et de paix. Il sera votre compagnon quotidien dans la pri\u00e8re et les neuvaines. Il est livr\u00e9 consacr\u00e9 \u00e0 Notre Dame et b\u00e9ni; un joli coffret bleu le prot\u00e8ge. La m\u00e9daille repr\u00e9sente en son recto Notre Dame de Bonsecours et en son verso, la basilique du m\u00eame nom. Il est un cadeau id\u00e9al \u00e0 faire \u00e0 une personne qui prie souvent.  Dimension du chapelet\u00a0(longueur doubl\u00e9e) : 49 cm  Dimension des perles de buis : 5 mm  Mati\u00e8re : perles de de bois fa\u00e7onn\u00e9 \u00e0 la main et m\u00e9tal argent\u00e9 sertissant la croix, m\u00e9daille et la cha\u00eenette  Dimensions du bo\u00eetier\u00a0: 8 x 8 x 3cm","og_url":"https:\/\/www.spirit-us.eu\/index.php\/produit\/chapelet-en-buis-de-notre-dame-de-bonsecours\/","og_site_name":"Spirit-US","article_publisher":"https:\/\/www.facebook.com\/spirit.us.deum","article_modified_time":"2025-12-20T09:23:32+00:00","og_image":[{"width":1080,"height":1080,"url":"https:\/\/www.spirit-us.eu\/wp-content\/uploads\/2025\/06\/chapelet-de-buis-image-produit.png","type":"image\/png"}],"twitter_card":"summary_large_image","schema":{"@context":"https:\/\/schema.org","@graph":[{"@type":"WebPage","@id":"https:\/\/www.spirit-us.eu\/index.php\/produit\/chapelet-en-buis-de-notre-dame-de-bonsecours\/","url":"https:\/\/www.spirit-us.eu\/index.php\/produit\/chapelet-en-buis-de-notre-dame-de-bonsecours\/","name":"Chapelet en buis de Notre-Dame de BONSECOURS - Spirit-US","isPartOf":{"@id":"https:\/\/www.spirit-us.eu\/#website"},"primaryImageOfPage":{"@id":"https:\/\/www.spirit-us.eu\/index.php\/produit\/chapelet-en-buis-de-notre-dame-de-bonsecours\/#primaryimage"},"image":{"@id":"https:\/\/www.spirit-us.eu\/index.php\/produit\/chapelet-en-buis-de-notre-dame-de-bonsecours\/#primaryimage"},"thumbnailUrl":"https:\/\/www.spirit-us.eu\/wp-content\/uploads\/2025\/06\/chapelet-de-buis-image-produit.png","datePublished":"2025-06-02T16:58:53+00:00","dateModified":"2025-12-20T09:23:32+00:00","breadcrumb":{"@id":"https:\/\/www.spirit-us.eu\/index.php\/produit\/chapelet-en-buis-de-notre-dame-de-bonsecours\/#breadcrumb"},"inLanguage":"fr-FR","potentialAction":[{"@type":"ReadAction","target":["https:\/\/www.spirit-us.eu\/index.php\/produit\/chapelet-en-buis-de-notre-dame-de-bonsecours\/"]}]},{"@type":"ImageObject","inLanguage":"fr-FR","@id":"https:\/\/www.spirit-us.eu\/index.php\/produit\/chapelet-en-buis-de-notre-dame-de-bonsecours\/#primaryimage","url":"https:\/\/www.spirit-us.eu\/wp-content\/uploads\/2025\/06\/chapelet-de-buis-image-produit.png","contentUrl":"https:\/\/www.spirit-us.eu\/wp-content\/uploads\/2025\/06\/chapelet-de-buis-image-produit.png","width":1080,"height":1080},{"@type":"BreadcrumbList","@id":"https:\/\/www.spirit-us.eu\/index.php\/produit\/chapelet-en-buis-de-notre-dame-de-bonsecours\/#breadcrumb","itemListElement":[{"@type":"ListItem","position":1,"name":"Accueil","item":"https:\/\/www.spirit-us.eu\/"},{"@type":"ListItem","position":2,"name":"Boutique","item":"https:\/\/www.spirit-us.eu\/index.php\/boutique\/"},{"@type":"ListItem","position":3,"name":"Chapelet en buis de Notre-Dame de BONSECOURS"}]},{"@type":"WebSite","@id":"https:\/\/www.spirit-us.eu\/#website","url":"https:\/\/www.spirit-us.eu\/","name":"Spirit-US","description":"","publisher":{"@id":"https:\/\/www.spirit-us.eu\/#organization"},"potentialAction":[{"@type":"SearchAction","target":{"@type":"EntryPoint","urlTemplate":"https:\/\/www.spirit-us.eu\/?s={search_term_string}"},"query-input":{"@type":"PropertyValueSpecification","valueRequired":true,"valueName":"search_term_string"}}],"inLanguage":"fr-FR"},{"@type":"Organization","@id":"https:\/\/www.spirit-us.eu\/#organization","name":"Spirit-US","url":"https:\/\/www.spirit-us.eu\/","logo":{"@type":"ImageObject","inLanguage":"fr-FR","@id":"https:\/\/www.spirit-us.eu\/#\/schema\/logo\/image\/","url":"https:\/\/www.spirit-us.eu\/wp-content\/uploads\/2025\/11\/logo-regarde-linterlocutrice-sans-arrriere-plan.jpg","contentUrl":"https:\/\/www.spirit-us.eu\/wp-content\/uploads\/2025\/11\/logo-regarde-linterlocutrice-sans-arrriere-plan.jpg","width":1080,"height":1080,"caption":"Spirit-US"},"image":{"@id":"https:\/\/www.spirit-us.eu\/#\/schema\/logo\/image\/"},"sameAs":["https:\/\/www.facebook.com\/spirit.us.deum"]}]}},"jetpack_sharing_enabled":true,"_links":{"self":[{"href":"https:\/\/www.spirit-us.eu\/index.php\/wp-json\/wp\/v2\/product\/1694","targetHints":{"allow":["GET"]}}],"collection":[{"href":"https:\/\/www.spirit-us.eu\/index.php\/wp-json\/wp\/v2\/product"}],"about":[{"href":"https:\/\/www.spirit-us.eu\/index.php\/wp-json\/wp\/v2\/types\/product"}],"replies":[{"embeddable":true,"href":"https:\/\/www.spirit-us.eu\/index.php\/wp-json\/wp\/v2\/comments?post=1694"}],"wp:featuredmedia":[{"embeddable":true,"href":"https:\/\/www.spirit-us.eu\/index.php\/wp-json\/wp\/v2\/media\/1695"}],"wp:attachment":[{"href":"https:\/\/www.spirit-us.eu\/index.php\/wp-json\/wp\/v2\/media?parent=1694"}],"wp:term":[{"taxonomy":"product_brand","embeddable":true,"href":"https:\/\/www.spirit-us.eu\/index.php\/wp-json\/wp\/v2\/product_brand?post=1694"},{"taxonomy":"product_cat","embeddable":true,"href":"https:\/\/www.spirit-us.eu\/index.php\/wp-json\/wp\/v2\/product_cat?post=1694"},{"taxonomy":"product_tag","embeddable":true,"href":"https:\/\/www.spirit-us.eu\/index.php\/wp-json\/wp\/v2\/product_tag?post=1694"},{"taxonomy":"mwb_booking_cost","embeddable":true,"href":"https:\/\/www.spirit-us.eu\/index.php\/wp-json\/wp\/v2\/mwb_booking_cost?post=1694"},{"taxonomy":"mwb_booking_service","embeddable":true,"href":"https:\/\/www.spirit-us.eu\/index.php\/wp-json\/wp\/v2\/mwb_booking_service?post=1694"}],"curies":[{"name":"wp","href":"https:\/\/api.w.org\/{rel}","templated":true}]}}