{"id":1689,"date":"2025-05-28T19:58:00","date_gmt":"2025-05-28T17:58:00","guid":{"rendered":"https:\/\/www.spirit-us.eu\/?post_type=product&#038;p=1689"},"modified":"2025-06-07T20:25:39","modified_gmt":"2025-06-07T18:25:39","slug":"sommeil-paisible-reparateur-lescolzia","status":"publish","type":"product","link":"https:\/\/www.spirit-us.eu\/index.php\/produit\/sommeil-paisible-reparateur-lescolzia\/","title":{"rendered":"SOMMEIL PAISIBLE &#038; REPARATEUR &#8211; l&rsquo;Escolzia"},"content":{"rendered":"<p><strong>Nature du produit<\/strong> : compl\u00e9ment alimentaire<\/p>\n<p><strong>Composantes<\/strong> : Escolzia californica [on trouve \u00e9galement la graphie Escholtzia]<\/p>\n<p><strong>Composantes secondaires<\/strong> : glyc\u00e9rine, eau distill\u00e9e<\/p>\n<p><strong>Conditionnement<\/strong> : compte-gouttes de 30 ml<\/p>\n<p><strong>Garanties<\/strong> : ce produit a pass\u00e9 tous les tests des autorit\u00e9s en charge de la s\u00e9curit\u00e9 alimentaire<\/p>\n<p><strong>Dosage conseill\u00e9<\/strong> : ne pas d\u00e9passer les 3&#215;15 gouttes par jour<\/p>\n<p><strong>Conseil d&rsquo;utilisation<\/strong> :\u00a0 il est conseill\u00e9 de l&rsquo;additionner \u00e0 un jus de fruits ou \u00e0 une tisane \u00e9ventuellement sucr\u00e9e au sirop de canne bio.<\/p>\n<p>Ceci est un compl\u00e9ment alimentaire. Il convient de l&rsquo;utiliser selon les indications.\u00a0 Il ne se substitue en aucun cas \u00e0 un traitement sous contr\u00f4le m\u00e9dical.<\/p>\n<p>&nbsp;<\/p>\n","protected":false},"excerpt":{"rendered":"<p style=\"text-align: justify;\">Tr\u00e8s r\u00e9cemment, des travaux ont d\u00e9montr\u00e9 que cette plante de la famille des coquelicots aide \u00e0 l&rsquo;endormissement et aide \u00e0 avoir un sommeil r\u00e9parateur et paisible.\u00a0 Cette plante ne provoque aucune accoutumance, tout en exer\u00e7ant, quand on l&rsquo;utilise, des effets b\u00e9n\u00e9fiques sur la qualit\u00e9 du sommeil, facilite l&rsquo;endormissement et agit sur les r\u00e9veils nocturnes ind\u00e9sir\u00e9s et sur les cauchemars.\u00a0 Cette plante est s\u00e9dative sans \u00eatre hypnotique; elle est parfaitement tol\u00e9r\u00e9e, notamment par les enfants qu&rsquo;elle calme avant d&rsquo;aller au lit.\u00a0 L&rsquo;Escolzia a \u00e9galement des propri\u00e9t\u00e9s anxiolytiques, elle combat le stress autant des adultes que des enfants. Il n&rsquo;y a pas d&rsquo;effets secondaires notamment lors du r\u00e9veil, le matin.\u00a0 Parce qu&rsquo;elle a des vertus antispasmodiques, l&rsquo;Escolzia att\u00e9nue aussi les douleurs et les crampes, qui accompagnent les troubles du sommeil. On la prend en synergie avec la val\u00e9riane si les difficult\u00e9s d&rsquo;endormissement sont particuli\u00e8rement tenaces.<\/p>\n<p style=\"text-align: justify;\">Rappelons que le sommeil humain naturel est compos\u00e9 d&rsquo;un premier et d&rsquo;un second sommeil, entrecoup\u00e9s, \u00e0 la nuit close, d&rsquo;un r\u00e9veil naturel, qui peut durer quelque peu sans que cela soit un trouble du sommeil.\u00a0 Le fordisme (l&rsquo;industrie du travail \u00e0 la cha\u00eene) a totalement perturb\u00e9 le sommeil humain et le rythme du travail au tournant du 20\u00e8me si\u00e8cle.\u00a0 Notre sommeil en subit les cons\u00e9quences.\u00a0 Cette plante magnifique, la teinture-m\u00e8re que nous proposons ici vous aidera grandement \u00e0 retrouver un rythme nycth\u00e9m\u00e9ral satisfaisant. Cette teinture-m\u00e8re est d\u00e9conseill\u00e9e pour les futures mamans, les mamans allaitantes et les nourrissons. D\u00e8s 6 ans, elle peut \u00eatre consomm\u00e9e selon la posologie conseill\u00e9e (adaptable en fonction du taux de stress ou du type de troubles du sommeil).<\/p>\n","protected":false},"featured_media":1690,"comment_status":"open","ping_status":"closed","template":"","meta":[],"product_brand":[],"product_cat":[163,17],"product_tag":[192],"mwb_booking_cost":[],"mwb_booking_service":[],"class_list":{"0":"post-1689","1":"product","2":"type-product","3":"status-publish","4":"has-post-thumbnail","6":"product_cat-07-plantes-huiles-remedes","7":"product_cat-tous-les-produits","8":"product_tag-sommeil","10":"first","11":"instock","12":"shipping-taxable","13":"purchasable","14":"product-type-simple"},"yoast_head":"<!-- This site is optimized with the Yoast SEO plugin v27.1.1 - https:\/\/yoast.com\/product\/yoast-seo-wordpress\/ -->\n<title>SOMMEIL PAISIBLE &amp; REPARATEUR - l&#039;Escolzia - Spirit-US<\/title>\n<meta name=\"robots\" content=\"index, follow, max-snippet:-1, max-image-preview:large, max-video-preview:-1\" \/>\n<link rel=\"canonical\" href=\"https:\/\/www.spirit-us.eu\/index.php\/produit\/sommeil-paisible-reparateur-lescolzia\/\" \/>\n<meta property=\"og:locale\" content=\"fr_FR\" \/>\n<meta property=\"og:type\" content=\"article\" \/>\n<meta property=\"og:title\" content=\"SOMMEIL PAISIBLE &amp; REPARATEUR - l&#039;Escolzia - Spirit-US\" \/>\n<meta property=\"og:description\" content=\"Tr\u00e8s r\u00e9cemment, des travaux ont d\u00e9montr\u00e9 que cette plante de la famille des coquelicots aide \u00e0 l&#039;endormissement et aide \u00e0 avoir un sommeil r\u00e9parateur et paisible.\u00a0 Cette plante ne provoque aucune accoutumance, tout en exer\u00e7ant, quand on l&#039;utilise, des effets b\u00e9n\u00e9fiques sur la qualit\u00e9 du sommeil, facilite l&#039;endormissement et agit sur les r\u00e9veils nocturnes ind\u00e9sir\u00e9s et sur les cauchemars.\u00a0 Cette plante est s\u00e9dative sans \u00eatre hypnotique; elle est parfaitement tol\u00e9r\u00e9e, notamment par les enfants qu&#039;elle calme avant d&#039;aller au lit.\u00a0 L&#039;Escolzia a \u00e9galement des propri\u00e9t\u00e9s anxiolytiques, elle combat le stress autant des adultes que des enfants. Il n&#039;y a pas d&#039;effets secondaires notamment lors du r\u00e9veil, le matin.\u00a0 Parce qu&#039;elle a des vertus antispasmodiques, l&#039;Escolzia att\u00e9nue aussi les douleurs et les crampes, qui accompagnent les troubles du sommeil. On la prend en synergie avec la val\u00e9riane si les difficult\u00e9s d&#039;endormissement sont particuli\u00e8rement tenaces. Rappelons que le sommeil humain naturel est compos\u00e9 d&#039;un premier et d&#039;un second sommeil, entrecoup\u00e9s, \u00e0 la nuit close, d&#039;un r\u00e9veil naturel, qui peut durer quelque peu sans que cela soit un trouble du sommeil.\u00a0 Le fordisme (l&#039;industrie du travail \u00e0 la cha\u00eene) a totalement perturb\u00e9 le sommeil humain et le rythme du travail au tournant du 20\u00e8me si\u00e8cle.\u00a0 Notre sommeil en subit les cons\u00e9quences.\u00a0 Cette plante magnifique, la teinture-m\u00e8re que nous proposons ici vous aidera grandement \u00e0 retrouver un rythme nycth\u00e9m\u00e9ral satisfaisant. Cette teinture-m\u00e8re est d\u00e9conseill\u00e9e pour les futures mamans, les mamans allaitantes et les nourrissons. D\u00e8s 6 ans, elle peut \u00eatre consomm\u00e9e selon la posologie conseill\u00e9e (adaptable en fonction du taux de stress ou du type de troubles du sommeil).\" \/>\n<meta property=\"og:url\" content=\"https:\/\/www.spirit-us.eu\/index.php\/produit\/sommeil-paisible-reparateur-lescolzia\/\" \/>\n<meta property=\"og:site_name\" content=\"Spirit-US\" \/>\n<meta property=\"article:publisher\" content=\"https:\/\/www.facebook.com\/spirit.us.deum\" \/>\n<meta property=\"article:modified_time\" content=\"2025-06-07T18:25:39+00:00\" \/>\n<meta property=\"og:image\" content=\"https:\/\/www.spirit-us.eu\/wp-content\/uploads\/2025\/05\/escolzia-image-produit.png\" \/>\n\t<meta property=\"og:image:width\" content=\"1080\" \/>\n\t<meta property=\"og:image:height\" content=\"1080\" \/>\n\t<meta property=\"og:image:type\" content=\"image\/png\" \/>\n<meta name=\"twitter:card\" content=\"summary_large_image\" \/>\n<meta name=\"twitter:label1\" content=\"Dur\u00e9e de lecture estim\u00e9e\" \/>\n\t<meta name=\"twitter:data1\" content=\"1 minute\" \/>\n<script type=\"application\/ld+json\" class=\"yoast-schema-graph\">{\"@context\":\"https:\/\/schema.org\",\"@graph\":[{\"@type\":\"WebPage\",\"@id\":\"https:\/\/www.spirit-us.eu\/index.php\/produit\/sommeil-paisible-reparateur-lescolzia\/\",\"url\":\"https:\/\/www.spirit-us.eu\/index.php\/produit\/sommeil-paisible-reparateur-lescolzia\/\",\"name\":\"SOMMEIL PAISIBLE & REPARATEUR - l'Escolzia - Spirit-US\",\"isPartOf\":{\"@id\":\"https:\/\/www.spirit-us.eu\/#website\"},\"primaryImageOfPage\":{\"@id\":\"https:\/\/www.spirit-us.eu\/index.php\/produit\/sommeil-paisible-reparateur-lescolzia\/#primaryimage\"},\"image\":{\"@id\":\"https:\/\/www.spirit-us.eu\/index.php\/produit\/sommeil-paisible-reparateur-lescolzia\/#primaryimage\"},\"thumbnailUrl\":\"https:\/\/www.spirit-us.eu\/wp-content\/uploads\/2025\/05\/escolzia-image-produit.png\",\"datePublished\":\"2025-05-28T17:58:00+00:00\",\"dateModified\":\"2025-06-07T18:25:39+00:00\",\"breadcrumb\":{\"@id\":\"https:\/\/www.spirit-us.eu\/index.php\/produit\/sommeil-paisible-reparateur-lescolzia\/#breadcrumb\"},\"inLanguage\":\"fr-FR\",\"potentialAction\":[{\"@type\":\"ReadAction\",\"target\":[\"https:\/\/www.spirit-us.eu\/index.php\/produit\/sommeil-paisible-reparateur-lescolzia\/\"]}]},{\"@type\":\"ImageObject\",\"inLanguage\":\"fr-FR\",\"@id\":\"https:\/\/www.spirit-us.eu\/index.php\/produit\/sommeil-paisible-reparateur-lescolzia\/#primaryimage\",\"url\":\"https:\/\/www.spirit-us.eu\/wp-content\/uploads\/2025\/05\/escolzia-image-produit.png\",\"contentUrl\":\"https:\/\/www.spirit-us.eu\/wp-content\/uploads\/2025\/05\/escolzia-image-produit.png\",\"width\":1080,\"height\":1080},{\"@type\":\"BreadcrumbList\",\"@id\":\"https:\/\/www.spirit-us.eu\/index.php\/produit\/sommeil-paisible-reparateur-lescolzia\/#breadcrumb\",\"itemListElement\":[{\"@type\":\"ListItem\",\"position\":1,\"name\":\"Accueil\",\"item\":\"https:\/\/www.spirit-us.eu\/\"},{\"@type\":\"ListItem\",\"position\":2,\"name\":\"Boutique\",\"item\":\"https:\/\/www.spirit-us.eu\/index.php\/boutique\/\"},{\"@type\":\"ListItem\",\"position\":3,\"name\":\"SOMMEIL PAISIBLE &#038; REPARATEUR &#8211; l&rsquo;Escolzia\"}]},{\"@type\":\"WebSite\",\"@id\":\"https:\/\/www.spirit-us.eu\/#website\",\"url\":\"https:\/\/www.spirit-us.eu\/\",\"name\":\"Spirit-US\",\"description\":\"\",\"publisher\":{\"@id\":\"https:\/\/www.spirit-us.eu\/#organization\"},\"potentialAction\":[{\"@type\":\"SearchAction\",\"target\":{\"@type\":\"EntryPoint\",\"urlTemplate\":\"https:\/\/www.spirit-us.eu\/?s={search_term_string}\"},\"query-input\":{\"@type\":\"PropertyValueSpecification\",\"valueRequired\":true,\"valueName\":\"search_term_string\"}}],\"inLanguage\":\"fr-FR\"},{\"@type\":\"Organization\",\"@id\":\"https:\/\/www.spirit-us.eu\/#organization\",\"name\":\"Spirit-US\",\"url\":\"https:\/\/www.spirit-us.eu\/\",\"logo\":{\"@type\":\"ImageObject\",\"inLanguage\":\"fr-FR\",\"@id\":\"https:\/\/www.spirit-us.eu\/#\/schema\/logo\/image\/\",\"url\":\"https:\/\/www.spirit-us.eu\/wp-content\/uploads\/2025\/11\/logo-regarde-linterlocutrice-sans-arrriere-plan.jpg\",\"contentUrl\":\"https:\/\/www.spirit-us.eu\/wp-content\/uploads\/2025\/11\/logo-regarde-linterlocutrice-sans-arrriere-plan.jpg\",\"width\":1080,\"height\":1080,\"caption\":\"Spirit-US\"},\"image\":{\"@id\":\"https:\/\/www.spirit-us.eu\/#\/schema\/logo\/image\/\"},\"sameAs\":[\"https:\/\/www.facebook.com\/spirit.us.deum\"]}]}<\/script>\n<!-- \/ Yoast SEO plugin. -->","yoast_head_json":{"title":"SOMMEIL PAISIBLE & REPARATEUR - l'Escolzia - Spirit-US","robots":{"index":"index","follow":"follow","max-snippet":"max-snippet:-1","max-image-preview":"max-image-preview:large","max-video-preview":"max-video-preview:-1"},"canonical":"https:\/\/www.spirit-us.eu\/index.php\/produit\/sommeil-paisible-reparateur-lescolzia\/","og_locale":"fr_FR","og_type":"article","og_title":"SOMMEIL PAISIBLE & REPARATEUR - l'Escolzia - Spirit-US","og_description":"Tr\u00e8s r\u00e9cemment, des travaux ont d\u00e9montr\u00e9 que cette plante de la famille des coquelicots aide \u00e0 l'endormissement et aide \u00e0 avoir un sommeil r\u00e9parateur et paisible.\u00a0 Cette plante ne provoque aucune accoutumance, tout en exer\u00e7ant, quand on l'utilise, des effets b\u00e9n\u00e9fiques sur la qualit\u00e9 du sommeil, facilite l'endormissement et agit sur les r\u00e9veils nocturnes ind\u00e9sir\u00e9s et sur les cauchemars.\u00a0 Cette plante est s\u00e9dative sans \u00eatre hypnotique; elle est parfaitement tol\u00e9r\u00e9e, notamment par les enfants qu'elle calme avant d'aller au lit.\u00a0 L'Escolzia a \u00e9galement des propri\u00e9t\u00e9s anxiolytiques, elle combat le stress autant des adultes que des enfants. Il n'y a pas d'effets secondaires notamment lors du r\u00e9veil, le matin.\u00a0 Parce qu'elle a des vertus antispasmodiques, l'Escolzia att\u00e9nue aussi les douleurs et les crampes, qui accompagnent les troubles du sommeil. On la prend en synergie avec la val\u00e9riane si les difficult\u00e9s d'endormissement sont particuli\u00e8rement tenaces. Rappelons que le sommeil humain naturel est compos\u00e9 d'un premier et d'un second sommeil, entrecoup\u00e9s, \u00e0 la nuit close, d'un r\u00e9veil naturel, qui peut durer quelque peu sans que cela soit un trouble du sommeil.\u00a0 Le fordisme (l'industrie du travail \u00e0 la cha\u00eene) a totalement perturb\u00e9 le sommeil humain et le rythme du travail au tournant du 20\u00e8me si\u00e8cle.\u00a0 Notre sommeil en subit les cons\u00e9quences.\u00a0 Cette plante magnifique, la teinture-m\u00e8re que nous proposons ici vous aidera grandement \u00e0 retrouver un rythme nycth\u00e9m\u00e9ral satisfaisant. Cette teinture-m\u00e8re est d\u00e9conseill\u00e9e pour les futures mamans, les mamans allaitantes et les nourrissons. D\u00e8s 6 ans, elle peut \u00eatre consomm\u00e9e selon la posologie conseill\u00e9e (adaptable en fonction du taux de stress ou du type de troubles du sommeil).","og_url":"https:\/\/www.spirit-us.eu\/index.php\/produit\/sommeil-paisible-reparateur-lescolzia\/","og_site_name":"Spirit-US","article_publisher":"https:\/\/www.facebook.com\/spirit.us.deum","article_modified_time":"2025-06-07T18:25:39+00:00","og_image":[{"width":1080,"height":1080,"url":"https:\/\/www.spirit-us.eu\/wp-content\/uploads\/2025\/05\/escolzia-image-produit.png","type":"image\/png"}],"twitter_card":"summary_large_image","twitter_misc":{"Dur\u00e9e de lecture estim\u00e9e":"1 minute"},"schema":{"@context":"https:\/\/schema.org","@graph":[{"@type":"WebPage","@id":"https:\/\/www.spirit-us.eu\/index.php\/produit\/sommeil-paisible-reparateur-lescolzia\/","url":"https:\/\/www.spirit-us.eu\/index.php\/produit\/sommeil-paisible-reparateur-lescolzia\/","name":"SOMMEIL PAISIBLE & REPARATEUR - l'Escolzia - Spirit-US","isPartOf":{"@id":"https:\/\/www.spirit-us.eu\/#website"},"primaryImageOfPage":{"@id":"https:\/\/www.spirit-us.eu\/index.php\/produit\/sommeil-paisible-reparateur-lescolzia\/#primaryimage"},"image":{"@id":"https:\/\/www.spirit-us.eu\/index.php\/produit\/sommeil-paisible-reparateur-lescolzia\/#primaryimage"},"thumbnailUrl":"https:\/\/www.spirit-us.eu\/wp-content\/uploads\/2025\/05\/escolzia-image-produit.png","datePublished":"2025-05-28T17:58:00+00:00","dateModified":"2025-06-07T18:25:39+00:00","breadcrumb":{"@id":"https:\/\/www.spirit-us.eu\/index.php\/produit\/sommeil-paisible-reparateur-lescolzia\/#breadcrumb"},"inLanguage":"fr-FR","potentialAction":[{"@type":"ReadAction","target":["https:\/\/www.spirit-us.eu\/index.php\/produit\/sommeil-paisible-reparateur-lescolzia\/"]}]},{"@type":"ImageObject","inLanguage":"fr-FR","@id":"https:\/\/www.spirit-us.eu\/index.php\/produit\/sommeil-paisible-reparateur-lescolzia\/#primaryimage","url":"https:\/\/www.spirit-us.eu\/wp-content\/uploads\/2025\/05\/escolzia-image-produit.png","contentUrl":"https:\/\/www.spirit-us.eu\/wp-content\/uploads\/2025\/05\/escolzia-image-produit.png","width":1080,"height":1080},{"@type":"BreadcrumbList","@id":"https:\/\/www.spirit-us.eu\/index.php\/produit\/sommeil-paisible-reparateur-lescolzia\/#breadcrumb","itemListElement":[{"@type":"ListItem","position":1,"name":"Accueil","item":"https:\/\/www.spirit-us.eu\/"},{"@type":"ListItem","position":2,"name":"Boutique","item":"https:\/\/www.spirit-us.eu\/index.php\/boutique\/"},{"@type":"ListItem","position":3,"name":"SOMMEIL PAISIBLE &#038; REPARATEUR &#8211; l&rsquo;Escolzia"}]},{"@type":"WebSite","@id":"https:\/\/www.spirit-us.eu\/#website","url":"https:\/\/www.spirit-us.eu\/","name":"Spirit-US","description":"","publisher":{"@id":"https:\/\/www.spirit-us.eu\/#organization"},"potentialAction":[{"@type":"SearchAction","target":{"@type":"EntryPoint","urlTemplate":"https:\/\/www.spirit-us.eu\/?s={search_term_string}"},"query-input":{"@type":"PropertyValueSpecification","valueRequired":true,"valueName":"search_term_string"}}],"inLanguage":"fr-FR"},{"@type":"Organization","@id":"https:\/\/www.spirit-us.eu\/#organization","name":"Spirit-US","url":"https:\/\/www.spirit-us.eu\/","logo":{"@type":"ImageObject","inLanguage":"fr-FR","@id":"https:\/\/www.spirit-us.eu\/#\/schema\/logo\/image\/","url":"https:\/\/www.spirit-us.eu\/wp-content\/uploads\/2025\/11\/logo-regarde-linterlocutrice-sans-arrriere-plan.jpg","contentUrl":"https:\/\/www.spirit-us.eu\/wp-content\/uploads\/2025\/11\/logo-regarde-linterlocutrice-sans-arrriere-plan.jpg","width":1080,"height":1080,"caption":"Spirit-US"},"image":{"@id":"https:\/\/www.spirit-us.eu\/#\/schema\/logo\/image\/"},"sameAs":["https:\/\/www.facebook.com\/spirit.us.deum"]}]}},"jetpack_sharing_enabled":true,"_links":{"self":[{"href":"https:\/\/www.spirit-us.eu\/index.php\/wp-json\/wp\/v2\/product\/1689","targetHints":{"allow":["GET"]}}],"collection":[{"href":"https:\/\/www.spirit-us.eu\/index.php\/wp-json\/wp\/v2\/product"}],"about":[{"href":"https:\/\/www.spirit-us.eu\/index.php\/wp-json\/wp\/v2\/types\/product"}],"replies":[{"embeddable":true,"href":"https:\/\/www.spirit-us.eu\/index.php\/wp-json\/wp\/v2\/comments?post=1689"}],"wp:featuredmedia":[{"embeddable":true,"href":"https:\/\/www.spirit-us.eu\/index.php\/wp-json\/wp\/v2\/media\/1690"}],"wp:attachment":[{"href":"https:\/\/www.spirit-us.eu\/index.php\/wp-json\/wp\/v2\/media?parent=1689"}],"wp:term":[{"taxonomy":"product_brand","embeddable":true,"href":"https:\/\/www.spirit-us.eu\/index.php\/wp-json\/wp\/v2\/product_brand?post=1689"},{"taxonomy":"product_cat","embeddable":true,"href":"https:\/\/www.spirit-us.eu\/index.php\/wp-json\/wp\/v2\/product_cat?post=1689"},{"taxonomy":"product_tag","embeddable":true,"href":"https:\/\/www.spirit-us.eu\/index.php\/wp-json\/wp\/v2\/product_tag?post=1689"},{"taxonomy":"mwb_booking_cost","embeddable":true,"href":"https:\/\/www.spirit-us.eu\/index.php\/wp-json\/wp\/v2\/mwb_booking_cost?post=1689"},{"taxonomy":"mwb_booking_service","embeddable":true,"href":"https:\/\/www.spirit-us.eu\/index.php\/wp-json\/wp\/v2\/mwb_booking_service?post=1689"}],"curies":[{"name":"wp","href":"https:\/\/api.w.org\/{rel}","templated":true}]}}