{"id":1626,"date":"2025-05-22T19:20:50","date_gmt":"2025-05-22T17:20:50","guid":{"rendered":"https:\/\/www.spirit-us.eu\/?post_type=product&#038;p=1626"},"modified":"2025-05-26T12:17:22","modified_gmt":"2025-05-26T10:17:22","slug":"le-ginko","status":"publish","type":"product","link":"https:\/\/www.spirit-us.eu\/index.php\/produit\/le-ginko\/","title":{"rendered":"MEMORISER, SE CONCENTRER &#038; ACTIVER LA CIRCULATION SANGUINE &#8211; le Ginkgo"},"content":{"rendered":"<p><strong>Nature du produit<\/strong> : compl\u00e9ment alimentaire<\/p>\n<p><strong>Composantes<\/strong> : Ginkgo biloba<\/p>\n<p><strong>Composantes secondaires<\/strong> : glyc\u00e9rine, eau distill\u00e9e<\/p>\n<p><strong>Conditionnement<\/strong> : compte-gouttes de 30 ml<\/p>\n<p><strong>Garanties<\/strong> : ce produit a pass\u00e9 tous les tests des autorit\u00e9s en charge de la s\u00e9curit\u00e9 alimentaire<\/p>\n<p><strong>Dosage conseill\u00e9<\/strong> : ne pas d\u00e9passer les 3&#215;15 gouttes par jour<\/p>\n<p><strong>Conseil d&rsquo;utilisation<\/strong> :\u00a0 il est conseill\u00e9 de l&rsquo;additionner \u00e0 un jus de fruits ou \u00e0 une tisane \u00e9ventuellement sucr\u00e9e au sirop de canne bio.<\/p>\n<p>Ceci est un compl\u00e9ment alimentaire. Il convient de l&rsquo;utiliser selon les indications.\u00a0 Il ne se substitue en aucun cas \u00e0 un traitement sous contr\u00f4le m\u00e9dical.<\/p>\n<p>Le ginko biloba est une plante tr\u00e8s ancienne et gu\u00e9risseuse.<\/p>\n","protected":false},"excerpt":{"rendered":"<p style=\"text-align: justify;\">Les vertus antioxydantes et microcirculatoires du ginkgo biloba sur la sph\u00e8re c\u00e9r\u00e9brale permettent d&rsquo;am\u00e9liorer les performances cognitives et la m\u00e9moire, de diminuer l&rsquo;impact du d\u00e9clin cognitif et de prot\u00e9ger l&rsquo;audition et la vision.\u00a0 Le\u00a0ginkgo\u00a0(Ginkgo biloba\u00a0L.)\u00a0est l&rsquo;unique repr\u00e9sentant actuel de la famille des <em>ginkgoaceae<\/em> : un arbre tr\u00e8s vieux \u00e0 la long\u00e9vit\u00e9 spectaculaire. Il se reconna\u00eet tr\u00e8s facilement \u00e0 ses feuilles en \u00e9ventail qui sont souvent bilob\u00e9es, ce qui a donn\u00e9 son nom \u00e0 l&rsquo;esp\u00e8ce, biloba. Il est recommand\u00e9 aux \u00e9tudiants, lorsqu&rsquo;ils ont des efforts de concentration et\u00a0 m\u00e9moire consid\u00e9rables \u00e0 fournir.\u00a0 Gr\u00e2ce \u00e0 son action sur la micro circulation, les principes actifs du ginkgo favorisent l&rsquo;irrigation du cerveau qui est alors mieux nourri en oxyg\u00e8ne et en nutriments. Le ginkgo biloba est particuli\u00e8rement efficace pour contribuer \u00e0 maintenir la m\u00e9moire, l&rsquo;attention et la concentration.<\/p>\n","protected":false},"featured_media":1630,"comment_status":"open","ping_status":"closed","template":"","meta":[],"product_brand":[],"product_cat":[163,17],"product_tag":[189],"mwb_booking_cost":[],"mwb_booking_service":[],"class_list":{"0":"post-1626","1":"product","2":"type-product","3":"status-publish","4":"has-post-thumbnail","6":"product_cat-07-plantes-huiles-remedes","7":"product_cat-tous-les-produits","8":"product_tag-phytotherapie","10":"first","11":"instock","12":"shipping-taxable","13":"purchasable","14":"product-type-simple"},"yoast_head":"<!-- This site is optimized with the Yoast SEO plugin v27.1.1 - https:\/\/yoast.com\/product\/yoast-seo-wordpress\/ -->\n<title>MEMORISER, SE CONCENTRER &amp; ACTIVER LA CIRCULATION SANGUINE - le Ginkgo - Spirit-US<\/title>\n<meta name=\"robots\" content=\"index, follow, max-snippet:-1, max-image-preview:large, max-video-preview:-1\" \/>\n<link rel=\"canonical\" href=\"https:\/\/www.spirit-us.eu\/index.php\/produit\/le-ginko\/\" \/>\n<meta property=\"og:locale\" content=\"fr_FR\" \/>\n<meta property=\"og:type\" content=\"article\" \/>\n<meta property=\"og:title\" content=\"MEMORISER, SE CONCENTRER &amp; ACTIVER LA CIRCULATION SANGUINE - le Ginkgo - Spirit-US\" \/>\n<meta property=\"og:description\" content=\"Les vertus antioxydantes et microcirculatoires du ginkgo biloba sur la sph\u00e8re c\u00e9r\u00e9brale permettent d&#039;am\u00e9liorer les performances cognitives et la m\u00e9moire, de diminuer l&#039;impact du d\u00e9clin cognitif et de prot\u00e9ger l&#039;audition et la vision.\u00a0 Le\u00a0ginkgo\u00a0(Ginkgo biloba\u00a0L.)\u00a0est l&#039;unique repr\u00e9sentant actuel de la famille des ginkgoaceae : un arbre tr\u00e8s vieux \u00e0 la long\u00e9vit\u00e9 spectaculaire. Il se reconna\u00eet tr\u00e8s facilement \u00e0 ses feuilles en \u00e9ventail qui sont souvent bilob\u00e9es, ce qui a donn\u00e9 son nom \u00e0 l&#039;esp\u00e8ce, biloba. Il est recommand\u00e9 aux \u00e9tudiants, lorsqu&#039;ils ont des efforts de concentration et\u00a0 m\u00e9moire consid\u00e9rables \u00e0 fournir.\u00a0 Gr\u00e2ce \u00e0 son action sur la micro circulation, les principes actifs du ginkgo favorisent l&#039;irrigation du cerveau qui est alors mieux nourri en oxyg\u00e8ne et en nutriments. Le ginkgo biloba est particuli\u00e8rement efficace pour contribuer \u00e0 maintenir la m\u00e9moire, l&#039;attention et la concentration.\" \/>\n<meta property=\"og:url\" content=\"https:\/\/www.spirit-us.eu\/index.php\/produit\/le-ginko\/\" \/>\n<meta property=\"og:site_name\" content=\"Spirit-US\" \/>\n<meta property=\"article:publisher\" content=\"https:\/\/www.facebook.com\/spirit.us.deum\" \/>\n<meta property=\"article:modified_time\" content=\"2025-05-26T10:17:22+00:00\" \/>\n<meta property=\"og:image\" content=\"https:\/\/www.spirit-us.eu\/wp-content\/uploads\/2025\/05\/ginko-image-produit-1024x1024.png\" \/>\n\t<meta property=\"og:image:width\" content=\"1024\" \/>\n\t<meta property=\"og:image:height\" content=\"1024\" \/>\n\t<meta property=\"og:image:type\" content=\"image\/png\" \/>\n<meta name=\"twitter:card\" content=\"summary_large_image\" \/>\n<meta name=\"twitter:label1\" content=\"Dur\u00e9e de lecture estim\u00e9e\" \/>\n\t<meta name=\"twitter:data1\" content=\"1 minute\" \/>\n<script type=\"application\/ld+json\" class=\"yoast-schema-graph\">{\"@context\":\"https:\/\/schema.org\",\"@graph\":[{\"@type\":\"WebPage\",\"@id\":\"https:\/\/www.spirit-us.eu\/index.php\/produit\/le-ginko\/\",\"url\":\"https:\/\/www.spirit-us.eu\/index.php\/produit\/le-ginko\/\",\"name\":\"MEMORISER, SE CONCENTRER & ACTIVER LA CIRCULATION SANGUINE - le Ginkgo - Spirit-US\",\"isPartOf\":{\"@id\":\"https:\/\/www.spirit-us.eu\/#website\"},\"primaryImageOfPage\":{\"@id\":\"https:\/\/www.spirit-us.eu\/index.php\/produit\/le-ginko\/#primaryimage\"},\"image\":{\"@id\":\"https:\/\/www.spirit-us.eu\/index.php\/produit\/le-ginko\/#primaryimage\"},\"thumbnailUrl\":\"https:\/\/www.spirit-us.eu\/wp-content\/uploads\/2025\/05\/ginko-image-produit.png\",\"datePublished\":\"2025-05-22T17:20:50+00:00\",\"dateModified\":\"2025-05-26T10:17:22+00:00\",\"breadcrumb\":{\"@id\":\"https:\/\/www.spirit-us.eu\/index.php\/produit\/le-ginko\/#breadcrumb\"},\"inLanguage\":\"fr-FR\",\"potentialAction\":[{\"@type\":\"ReadAction\",\"target\":[\"https:\/\/www.spirit-us.eu\/index.php\/produit\/le-ginko\/\"]}]},{\"@type\":\"ImageObject\",\"inLanguage\":\"fr-FR\",\"@id\":\"https:\/\/www.spirit-us.eu\/index.php\/produit\/le-ginko\/#primaryimage\",\"url\":\"https:\/\/www.spirit-us.eu\/wp-content\/uploads\/2025\/05\/ginko-image-produit.png\",\"contentUrl\":\"https:\/\/www.spirit-us.eu\/wp-content\/uploads\/2025\/05\/ginko-image-produit.png\",\"width\":2025,\"height\":2025},{\"@type\":\"BreadcrumbList\",\"@id\":\"https:\/\/www.spirit-us.eu\/index.php\/produit\/le-ginko\/#breadcrumb\",\"itemListElement\":[{\"@type\":\"ListItem\",\"position\":1,\"name\":\"Accueil\",\"item\":\"https:\/\/www.spirit-us.eu\/\"},{\"@type\":\"ListItem\",\"position\":2,\"name\":\"Boutique\",\"item\":\"https:\/\/www.spirit-us.eu\/index.php\/boutique\/\"},{\"@type\":\"ListItem\",\"position\":3,\"name\":\"MEMORISER, SE CONCENTRER &#038; ACTIVER LA CIRCULATION SANGUINE &#8211; le Ginkgo\"}]},{\"@type\":\"WebSite\",\"@id\":\"https:\/\/www.spirit-us.eu\/#website\",\"url\":\"https:\/\/www.spirit-us.eu\/\",\"name\":\"Spirit-US\",\"description\":\"\",\"publisher\":{\"@id\":\"https:\/\/www.spirit-us.eu\/#organization\"},\"potentialAction\":[{\"@type\":\"SearchAction\",\"target\":{\"@type\":\"EntryPoint\",\"urlTemplate\":\"https:\/\/www.spirit-us.eu\/?s={search_term_string}\"},\"query-input\":{\"@type\":\"PropertyValueSpecification\",\"valueRequired\":true,\"valueName\":\"search_term_string\"}}],\"inLanguage\":\"fr-FR\"},{\"@type\":\"Organization\",\"@id\":\"https:\/\/www.spirit-us.eu\/#organization\",\"name\":\"Spirit-US\",\"url\":\"https:\/\/www.spirit-us.eu\/\",\"logo\":{\"@type\":\"ImageObject\",\"inLanguage\":\"fr-FR\",\"@id\":\"https:\/\/www.spirit-us.eu\/#\/schema\/logo\/image\/\",\"url\":\"https:\/\/www.spirit-us.eu\/wp-content\/uploads\/2025\/11\/logo-regarde-linterlocutrice-sans-arrriere-plan.jpg\",\"contentUrl\":\"https:\/\/www.spirit-us.eu\/wp-content\/uploads\/2025\/11\/logo-regarde-linterlocutrice-sans-arrriere-plan.jpg\",\"width\":1080,\"height\":1080,\"caption\":\"Spirit-US\"},\"image\":{\"@id\":\"https:\/\/www.spirit-us.eu\/#\/schema\/logo\/image\/\"},\"sameAs\":[\"https:\/\/www.facebook.com\/spirit.us.deum\"]}]}<\/script>\n<!-- \/ Yoast SEO plugin. -->","yoast_head_json":{"title":"MEMORISER, SE CONCENTRER & ACTIVER LA CIRCULATION SANGUINE - le Ginkgo - Spirit-US","robots":{"index":"index","follow":"follow","max-snippet":"max-snippet:-1","max-image-preview":"max-image-preview:large","max-video-preview":"max-video-preview:-1"},"canonical":"https:\/\/www.spirit-us.eu\/index.php\/produit\/le-ginko\/","og_locale":"fr_FR","og_type":"article","og_title":"MEMORISER, SE CONCENTRER & ACTIVER LA CIRCULATION SANGUINE - le Ginkgo - Spirit-US","og_description":"Les vertus antioxydantes et microcirculatoires du ginkgo biloba sur la sph\u00e8re c\u00e9r\u00e9brale permettent d'am\u00e9liorer les performances cognitives et la m\u00e9moire, de diminuer l'impact du d\u00e9clin cognitif et de prot\u00e9ger l'audition et la vision.\u00a0 Le\u00a0ginkgo\u00a0(Ginkgo biloba\u00a0L.)\u00a0est l'unique repr\u00e9sentant actuel de la famille des ginkgoaceae : un arbre tr\u00e8s vieux \u00e0 la long\u00e9vit\u00e9 spectaculaire. Il se reconna\u00eet tr\u00e8s facilement \u00e0 ses feuilles en \u00e9ventail qui sont souvent bilob\u00e9es, ce qui a donn\u00e9 son nom \u00e0 l'esp\u00e8ce, biloba. Il est recommand\u00e9 aux \u00e9tudiants, lorsqu'ils ont des efforts de concentration et\u00a0 m\u00e9moire consid\u00e9rables \u00e0 fournir.\u00a0 Gr\u00e2ce \u00e0 son action sur la micro circulation, les principes actifs du ginkgo favorisent l'irrigation du cerveau qui est alors mieux nourri en oxyg\u00e8ne et en nutriments. Le ginkgo biloba est particuli\u00e8rement efficace pour contribuer \u00e0 maintenir la m\u00e9moire, l'attention et la concentration.","og_url":"https:\/\/www.spirit-us.eu\/index.php\/produit\/le-ginko\/","og_site_name":"Spirit-US","article_publisher":"https:\/\/www.facebook.com\/spirit.us.deum","article_modified_time":"2025-05-26T10:17:22+00:00","og_image":[{"width":1024,"height":1024,"url":"https:\/\/www.spirit-us.eu\/wp-content\/uploads\/2025\/05\/ginko-image-produit-1024x1024.png","type":"image\/png"}],"twitter_card":"summary_large_image","twitter_misc":{"Dur\u00e9e de lecture estim\u00e9e":"1 minute"},"schema":{"@context":"https:\/\/schema.org","@graph":[{"@type":"WebPage","@id":"https:\/\/www.spirit-us.eu\/index.php\/produit\/le-ginko\/","url":"https:\/\/www.spirit-us.eu\/index.php\/produit\/le-ginko\/","name":"MEMORISER, SE CONCENTRER & ACTIVER LA CIRCULATION SANGUINE - le Ginkgo - Spirit-US","isPartOf":{"@id":"https:\/\/www.spirit-us.eu\/#website"},"primaryImageOfPage":{"@id":"https:\/\/www.spirit-us.eu\/index.php\/produit\/le-ginko\/#primaryimage"},"image":{"@id":"https:\/\/www.spirit-us.eu\/index.php\/produit\/le-ginko\/#primaryimage"},"thumbnailUrl":"https:\/\/www.spirit-us.eu\/wp-content\/uploads\/2025\/05\/ginko-image-produit.png","datePublished":"2025-05-22T17:20:50+00:00","dateModified":"2025-05-26T10:17:22+00:00","breadcrumb":{"@id":"https:\/\/www.spirit-us.eu\/index.php\/produit\/le-ginko\/#breadcrumb"},"inLanguage":"fr-FR","potentialAction":[{"@type":"ReadAction","target":["https:\/\/www.spirit-us.eu\/index.php\/produit\/le-ginko\/"]}]},{"@type":"ImageObject","inLanguage":"fr-FR","@id":"https:\/\/www.spirit-us.eu\/index.php\/produit\/le-ginko\/#primaryimage","url":"https:\/\/www.spirit-us.eu\/wp-content\/uploads\/2025\/05\/ginko-image-produit.png","contentUrl":"https:\/\/www.spirit-us.eu\/wp-content\/uploads\/2025\/05\/ginko-image-produit.png","width":2025,"height":2025},{"@type":"BreadcrumbList","@id":"https:\/\/www.spirit-us.eu\/index.php\/produit\/le-ginko\/#breadcrumb","itemListElement":[{"@type":"ListItem","position":1,"name":"Accueil","item":"https:\/\/www.spirit-us.eu\/"},{"@type":"ListItem","position":2,"name":"Boutique","item":"https:\/\/www.spirit-us.eu\/index.php\/boutique\/"},{"@type":"ListItem","position":3,"name":"MEMORISER, SE CONCENTRER &#038; ACTIVER LA CIRCULATION SANGUINE &#8211; le Ginkgo"}]},{"@type":"WebSite","@id":"https:\/\/www.spirit-us.eu\/#website","url":"https:\/\/www.spirit-us.eu\/","name":"Spirit-US","description":"","publisher":{"@id":"https:\/\/www.spirit-us.eu\/#organization"},"potentialAction":[{"@type":"SearchAction","target":{"@type":"EntryPoint","urlTemplate":"https:\/\/www.spirit-us.eu\/?s={search_term_string}"},"query-input":{"@type":"PropertyValueSpecification","valueRequired":true,"valueName":"search_term_string"}}],"inLanguage":"fr-FR"},{"@type":"Organization","@id":"https:\/\/www.spirit-us.eu\/#organization","name":"Spirit-US","url":"https:\/\/www.spirit-us.eu\/","logo":{"@type":"ImageObject","inLanguage":"fr-FR","@id":"https:\/\/www.spirit-us.eu\/#\/schema\/logo\/image\/","url":"https:\/\/www.spirit-us.eu\/wp-content\/uploads\/2025\/11\/logo-regarde-linterlocutrice-sans-arrriere-plan.jpg","contentUrl":"https:\/\/www.spirit-us.eu\/wp-content\/uploads\/2025\/11\/logo-regarde-linterlocutrice-sans-arrriere-plan.jpg","width":1080,"height":1080,"caption":"Spirit-US"},"image":{"@id":"https:\/\/www.spirit-us.eu\/#\/schema\/logo\/image\/"},"sameAs":["https:\/\/www.facebook.com\/spirit.us.deum"]}]}},"jetpack_sharing_enabled":true,"_links":{"self":[{"href":"https:\/\/www.spirit-us.eu\/index.php\/wp-json\/wp\/v2\/product\/1626","targetHints":{"allow":["GET"]}}],"collection":[{"href":"https:\/\/www.spirit-us.eu\/index.php\/wp-json\/wp\/v2\/product"}],"about":[{"href":"https:\/\/www.spirit-us.eu\/index.php\/wp-json\/wp\/v2\/types\/product"}],"replies":[{"embeddable":true,"href":"https:\/\/www.spirit-us.eu\/index.php\/wp-json\/wp\/v2\/comments?post=1626"}],"wp:featuredmedia":[{"embeddable":true,"href":"https:\/\/www.spirit-us.eu\/index.php\/wp-json\/wp\/v2\/media\/1630"}],"wp:attachment":[{"href":"https:\/\/www.spirit-us.eu\/index.php\/wp-json\/wp\/v2\/media?parent=1626"}],"wp:term":[{"taxonomy":"product_brand","embeddable":true,"href":"https:\/\/www.spirit-us.eu\/index.php\/wp-json\/wp\/v2\/product_brand?post=1626"},{"taxonomy":"product_cat","embeddable":true,"href":"https:\/\/www.spirit-us.eu\/index.php\/wp-json\/wp\/v2\/product_cat?post=1626"},{"taxonomy":"product_tag","embeddable":true,"href":"https:\/\/www.spirit-us.eu\/index.php\/wp-json\/wp\/v2\/product_tag?post=1626"},{"taxonomy":"mwb_booking_cost","embeddable":true,"href":"https:\/\/www.spirit-us.eu\/index.php\/wp-json\/wp\/v2\/mwb_booking_cost?post=1626"},{"taxonomy":"mwb_booking_service","embeddable":true,"href":"https:\/\/www.spirit-us.eu\/index.php\/wp-json\/wp\/v2\/mwb_booking_service?post=1626"}],"curies":[{"name":"wp","href":"https:\/\/api.w.org\/{rel}","templated":true}]}}