{"id":1615,"date":"2025-05-22T12:25:18","date_gmt":"2025-05-22T10:25:18","guid":{"rendered":"https:\/\/www.spirit-us.eu\/?post_type=product&#038;p=1615"},"modified":"2025-05-26T12:16:53","modified_gmt":"2025-05-26T10:16:53","slug":"energie-1-vitalite-leleutherocoque","status":"publish","type":"product","link":"https:\/\/www.spirit-us.eu\/index.php\/produit\/energie-1-vitalite-leleutherocoque\/","title":{"rendered":"ENERGIE &#038; VITALITE &#8211; l&rsquo;Eleuth\u00e9rocoque"},"content":{"rendered":"<p><strong>Nature du produit<\/strong> : compl\u00e9ment alimentaire<\/p>\n<p><strong>Composantes<\/strong> : \u00e9leuth\u00e9rosides et glucosides sont les composantes actives<\/p>\n<p><strong>Composantes secondaires<\/strong> : vitamines B1, B12, B2, B5, B8, B9; fructose, pectine, acides amin\u00e9s, enzymes, min\u00e9raux, vitamine C et Propolis<\/p>\n<p><strong>Conditionnement<\/strong> : compte-gouttes de 30 ml<\/p>\n<p><strong>Garanties<\/strong> : ce produit a pass\u00e9 tous les tests des autorit\u00e9s en charge de la s\u00e9curit\u00e9 alimentaire<\/p>\n<p><strong>Dosage conseill\u00e9<\/strong> : ne pas d\u00e9passer les 3&#215;15 gouttes par jour<\/p>\n<p><strong>Conseil d&rsquo;utilisation<\/strong> : le go\u00fbt est amer, il est conseill\u00e9 de l&rsquo;additionner \u00e0 un jus de fruits<\/p>\n<p>Ceci est un compl\u00e9ment alimentaire. Il convient de l&rsquo;utiliser selon les indications.\u00a0 Il ne se substitue en aucun cas \u00e0 un traitement sous contr\u00f4le m\u00e9dical.<\/p>\n","protected":false},"excerpt":{"rendered":"<p style=\"text-align: justify;\">La base de ce produit est l&rsquo;\u00e9leuth\u00e9rocoque, une plante puissante dont on utilise les racines pour en faire des rem\u00e8des. Ce produit poss\u00e8de de grandes vertus vitalisantes et tonifiantes\u00a0: l\u2019\u00e9leuth\u00e9rocoque peut \u00eatre appel\u00e9e la plante de l\u2019\u00e9nergie vitale. La plante, ses extraits, contenus dans les gouttes stimule l\u2019immunit\u00e9, est anti-oxydante, augmente la r\u00e9sistance physique et r\u00e9duit les effets du stress.\u00a0 Elle stimule \u00e9galement l\u2019\u00e9nergie physique et intellectuelle.\u00a0 En cas de grossesse ou d\u2019allaitement, et pour les enfants de moins de 12 ans, il est d\u00e9conseill\u00e9 de la consommer. Si vous avez un gros coup de fatigue (quelle que soit son origine), ou si vous avez des prestations intellectuelles intenses \u00e0 fournir (\u00e9tudiant.es), ou des prestations physiques (sportifs\/sportives), cette plante vous apportera ses bienfaits et une aide puissante.<\/p>\n","protected":false},"featured_media":1631,"comment_status":"open","ping_status":"closed","template":"","meta":[],"product_brand":[],"product_cat":[163,17],"product_tag":[189],"mwb_booking_cost":[],"mwb_booking_service":[],"class_list":{"0":"post-1615","1":"product","2":"type-product","3":"status-publish","4":"has-post-thumbnail","6":"product_cat-07-plantes-huiles-remedes","7":"product_cat-tous-les-produits","8":"product_tag-phytotherapie","10":"first","11":"instock","12":"shipping-taxable","13":"purchasable","14":"product-type-simple"},"yoast_head":"<!-- This site is optimized with the Yoast SEO plugin v27.1.1 - https:\/\/yoast.com\/product\/yoast-seo-wordpress\/ -->\n<title>ENERGIE &amp; VITALITE - l&#039;Eleuth\u00e9rocoque - Spirit-US<\/title>\n<meta name=\"robots\" content=\"index, follow, max-snippet:-1, max-image-preview:large, max-video-preview:-1\" \/>\n<link rel=\"canonical\" href=\"https:\/\/www.spirit-us.eu\/index.php\/produit\/energie-1-vitalite-leleutherocoque\/\" \/>\n<meta property=\"og:locale\" content=\"fr_FR\" \/>\n<meta property=\"og:type\" content=\"article\" \/>\n<meta property=\"og:title\" content=\"ENERGIE &amp; VITALITE - l&#039;Eleuth\u00e9rocoque - Spirit-US\" \/>\n<meta property=\"og:description\" content=\"La base de ce produit est l&#039;\u00e9leuth\u00e9rocoque, une plante puissante dont on utilise les racines pour en faire des rem\u00e8des. Ce produit poss\u00e8de de grandes vertus vitalisantes et tonifiantes\u00a0: l\u2019\u00e9leuth\u00e9rocoque peut \u00eatre appel\u00e9e la plante de l\u2019\u00e9nergie vitale. La plante, ses extraits, contenus dans les gouttes stimule l\u2019immunit\u00e9, est anti-oxydante, augmente la r\u00e9sistance physique et r\u00e9duit les effets du stress.\u00a0 Elle stimule \u00e9galement l\u2019\u00e9nergie physique et intellectuelle.\u00a0 En cas de grossesse ou d\u2019allaitement, et pour les enfants de moins de 12 ans, il est d\u00e9conseill\u00e9 de la consommer. Si vous avez un gros coup de fatigue (quelle que soit son origine), ou si vous avez des prestations intellectuelles intenses \u00e0 fournir (\u00e9tudiant.es), ou des prestations physiques (sportifs\/sportives), cette plante vous apportera ses bienfaits et une aide puissante.\" \/>\n<meta property=\"og:url\" content=\"https:\/\/www.spirit-us.eu\/index.php\/produit\/energie-1-vitalite-leleutherocoque\/\" \/>\n<meta property=\"og:site_name\" content=\"Spirit-US\" \/>\n<meta property=\"article:publisher\" content=\"https:\/\/www.facebook.com\/spirit.us.deum\" \/>\n<meta property=\"article:modified_time\" content=\"2025-05-26T10:16:53+00:00\" \/>\n<meta property=\"og:image\" content=\"https:\/\/www.spirit-us.eu\/wp-content\/uploads\/2025\/05\/eleutherocoque-image-produit-1-1024x1024.png\" \/>\n\t<meta property=\"og:image:width\" content=\"1024\" \/>\n\t<meta property=\"og:image:height\" content=\"1024\" \/>\n\t<meta property=\"og:image:type\" content=\"image\/png\" \/>\n<meta name=\"twitter:card\" content=\"summary_large_image\" \/>\n<meta name=\"twitter:label1\" content=\"Dur\u00e9e de lecture estim\u00e9e\" \/>\n\t<meta name=\"twitter:data1\" content=\"1 minute\" \/>\n<script type=\"application\/ld+json\" class=\"yoast-schema-graph\">{\"@context\":\"https:\/\/schema.org\",\"@graph\":[{\"@type\":\"WebPage\",\"@id\":\"https:\/\/www.spirit-us.eu\/index.php\/produit\/energie-1-vitalite-leleutherocoque\/\",\"url\":\"https:\/\/www.spirit-us.eu\/index.php\/produit\/energie-1-vitalite-leleutherocoque\/\",\"name\":\"ENERGIE & VITALITE - l'Eleuth\u00e9rocoque - Spirit-US\",\"isPartOf\":{\"@id\":\"https:\/\/www.spirit-us.eu\/#website\"},\"primaryImageOfPage\":{\"@id\":\"https:\/\/www.spirit-us.eu\/index.php\/produit\/energie-1-vitalite-leleutherocoque\/#primaryimage\"},\"image\":{\"@id\":\"https:\/\/www.spirit-us.eu\/index.php\/produit\/energie-1-vitalite-leleutherocoque\/#primaryimage\"},\"thumbnailUrl\":\"https:\/\/www.spirit-us.eu\/wp-content\/uploads\/2025\/05\/eleutherocoque-image-produit-1.png\",\"datePublished\":\"2025-05-22T10:25:18+00:00\",\"dateModified\":\"2025-05-26T10:16:53+00:00\",\"breadcrumb\":{\"@id\":\"https:\/\/www.spirit-us.eu\/index.php\/produit\/energie-1-vitalite-leleutherocoque\/#breadcrumb\"},\"inLanguage\":\"fr-FR\",\"potentialAction\":[{\"@type\":\"ReadAction\",\"target\":[\"https:\/\/www.spirit-us.eu\/index.php\/produit\/energie-1-vitalite-leleutherocoque\/\"]}]},{\"@type\":\"ImageObject\",\"inLanguage\":\"fr-FR\",\"@id\":\"https:\/\/www.spirit-us.eu\/index.php\/produit\/energie-1-vitalite-leleutherocoque\/#primaryimage\",\"url\":\"https:\/\/www.spirit-us.eu\/wp-content\/uploads\/2025\/05\/eleutherocoque-image-produit-1.png\",\"contentUrl\":\"https:\/\/www.spirit-us.eu\/wp-content\/uploads\/2025\/05\/eleutherocoque-image-produit-1.png\",\"width\":1890,\"height\":1890},{\"@type\":\"BreadcrumbList\",\"@id\":\"https:\/\/www.spirit-us.eu\/index.php\/produit\/energie-1-vitalite-leleutherocoque\/#breadcrumb\",\"itemListElement\":[{\"@type\":\"ListItem\",\"position\":1,\"name\":\"Accueil\",\"item\":\"https:\/\/www.spirit-us.eu\/\"},{\"@type\":\"ListItem\",\"position\":2,\"name\":\"Boutique\",\"item\":\"https:\/\/www.spirit-us.eu\/index.php\/boutique\/\"},{\"@type\":\"ListItem\",\"position\":3,\"name\":\"ENERGIE &#038; VITALITE &#8211; l&rsquo;Eleuth\u00e9rocoque\"}]},{\"@type\":\"WebSite\",\"@id\":\"https:\/\/www.spirit-us.eu\/#website\",\"url\":\"https:\/\/www.spirit-us.eu\/\",\"name\":\"Spirit-US\",\"description\":\"\",\"publisher\":{\"@id\":\"https:\/\/www.spirit-us.eu\/#organization\"},\"potentialAction\":[{\"@type\":\"SearchAction\",\"target\":{\"@type\":\"EntryPoint\",\"urlTemplate\":\"https:\/\/www.spirit-us.eu\/?s={search_term_string}\"},\"query-input\":{\"@type\":\"PropertyValueSpecification\",\"valueRequired\":true,\"valueName\":\"search_term_string\"}}],\"inLanguage\":\"fr-FR\"},{\"@type\":\"Organization\",\"@id\":\"https:\/\/www.spirit-us.eu\/#organization\",\"name\":\"Spirit-US\",\"url\":\"https:\/\/www.spirit-us.eu\/\",\"logo\":{\"@type\":\"ImageObject\",\"inLanguage\":\"fr-FR\",\"@id\":\"https:\/\/www.spirit-us.eu\/#\/schema\/logo\/image\/\",\"url\":\"https:\/\/www.spirit-us.eu\/wp-content\/uploads\/2025\/11\/logo-regarde-linterlocutrice-sans-arrriere-plan.jpg\",\"contentUrl\":\"https:\/\/www.spirit-us.eu\/wp-content\/uploads\/2025\/11\/logo-regarde-linterlocutrice-sans-arrriere-plan.jpg\",\"width\":1080,\"height\":1080,\"caption\":\"Spirit-US\"},\"image\":{\"@id\":\"https:\/\/www.spirit-us.eu\/#\/schema\/logo\/image\/\"},\"sameAs\":[\"https:\/\/www.facebook.com\/spirit.us.deum\"]}]}<\/script>\n<!-- \/ Yoast SEO plugin. -->","yoast_head_json":{"title":"ENERGIE & VITALITE - l'Eleuth\u00e9rocoque - Spirit-US","robots":{"index":"index","follow":"follow","max-snippet":"max-snippet:-1","max-image-preview":"max-image-preview:large","max-video-preview":"max-video-preview:-1"},"canonical":"https:\/\/www.spirit-us.eu\/index.php\/produit\/energie-1-vitalite-leleutherocoque\/","og_locale":"fr_FR","og_type":"article","og_title":"ENERGIE & VITALITE - l'Eleuth\u00e9rocoque - Spirit-US","og_description":"La base de ce produit est l'\u00e9leuth\u00e9rocoque, une plante puissante dont on utilise les racines pour en faire des rem\u00e8des. Ce produit poss\u00e8de de grandes vertus vitalisantes et tonifiantes\u00a0: l\u2019\u00e9leuth\u00e9rocoque peut \u00eatre appel\u00e9e la plante de l\u2019\u00e9nergie vitale. La plante, ses extraits, contenus dans les gouttes stimule l\u2019immunit\u00e9, est anti-oxydante, augmente la r\u00e9sistance physique et r\u00e9duit les effets du stress.\u00a0 Elle stimule \u00e9galement l\u2019\u00e9nergie physique et intellectuelle.\u00a0 En cas de grossesse ou d\u2019allaitement, et pour les enfants de moins de 12 ans, il est d\u00e9conseill\u00e9 de la consommer. Si vous avez un gros coup de fatigue (quelle que soit son origine), ou si vous avez des prestations intellectuelles intenses \u00e0 fournir (\u00e9tudiant.es), ou des prestations physiques (sportifs\/sportives), cette plante vous apportera ses bienfaits et une aide puissante.","og_url":"https:\/\/www.spirit-us.eu\/index.php\/produit\/energie-1-vitalite-leleutherocoque\/","og_site_name":"Spirit-US","article_publisher":"https:\/\/www.facebook.com\/spirit.us.deum","article_modified_time":"2025-05-26T10:16:53+00:00","og_image":[{"width":1024,"height":1024,"url":"https:\/\/www.spirit-us.eu\/wp-content\/uploads\/2025\/05\/eleutherocoque-image-produit-1-1024x1024.png","type":"image\/png"}],"twitter_card":"summary_large_image","twitter_misc":{"Dur\u00e9e de lecture estim\u00e9e":"1 minute"},"schema":{"@context":"https:\/\/schema.org","@graph":[{"@type":"WebPage","@id":"https:\/\/www.spirit-us.eu\/index.php\/produit\/energie-1-vitalite-leleutherocoque\/","url":"https:\/\/www.spirit-us.eu\/index.php\/produit\/energie-1-vitalite-leleutherocoque\/","name":"ENERGIE & VITALITE - l'Eleuth\u00e9rocoque - Spirit-US","isPartOf":{"@id":"https:\/\/www.spirit-us.eu\/#website"},"primaryImageOfPage":{"@id":"https:\/\/www.spirit-us.eu\/index.php\/produit\/energie-1-vitalite-leleutherocoque\/#primaryimage"},"image":{"@id":"https:\/\/www.spirit-us.eu\/index.php\/produit\/energie-1-vitalite-leleutherocoque\/#primaryimage"},"thumbnailUrl":"https:\/\/www.spirit-us.eu\/wp-content\/uploads\/2025\/05\/eleutherocoque-image-produit-1.png","datePublished":"2025-05-22T10:25:18+00:00","dateModified":"2025-05-26T10:16:53+00:00","breadcrumb":{"@id":"https:\/\/www.spirit-us.eu\/index.php\/produit\/energie-1-vitalite-leleutherocoque\/#breadcrumb"},"inLanguage":"fr-FR","potentialAction":[{"@type":"ReadAction","target":["https:\/\/www.spirit-us.eu\/index.php\/produit\/energie-1-vitalite-leleutherocoque\/"]}]},{"@type":"ImageObject","inLanguage":"fr-FR","@id":"https:\/\/www.spirit-us.eu\/index.php\/produit\/energie-1-vitalite-leleutherocoque\/#primaryimage","url":"https:\/\/www.spirit-us.eu\/wp-content\/uploads\/2025\/05\/eleutherocoque-image-produit-1.png","contentUrl":"https:\/\/www.spirit-us.eu\/wp-content\/uploads\/2025\/05\/eleutherocoque-image-produit-1.png","width":1890,"height":1890},{"@type":"BreadcrumbList","@id":"https:\/\/www.spirit-us.eu\/index.php\/produit\/energie-1-vitalite-leleutherocoque\/#breadcrumb","itemListElement":[{"@type":"ListItem","position":1,"name":"Accueil","item":"https:\/\/www.spirit-us.eu\/"},{"@type":"ListItem","position":2,"name":"Boutique","item":"https:\/\/www.spirit-us.eu\/index.php\/boutique\/"},{"@type":"ListItem","position":3,"name":"ENERGIE &#038; VITALITE &#8211; l&rsquo;Eleuth\u00e9rocoque"}]},{"@type":"WebSite","@id":"https:\/\/www.spirit-us.eu\/#website","url":"https:\/\/www.spirit-us.eu\/","name":"Spirit-US","description":"","publisher":{"@id":"https:\/\/www.spirit-us.eu\/#organization"},"potentialAction":[{"@type":"SearchAction","target":{"@type":"EntryPoint","urlTemplate":"https:\/\/www.spirit-us.eu\/?s={search_term_string}"},"query-input":{"@type":"PropertyValueSpecification","valueRequired":true,"valueName":"search_term_string"}}],"inLanguage":"fr-FR"},{"@type":"Organization","@id":"https:\/\/www.spirit-us.eu\/#organization","name":"Spirit-US","url":"https:\/\/www.spirit-us.eu\/","logo":{"@type":"ImageObject","inLanguage":"fr-FR","@id":"https:\/\/www.spirit-us.eu\/#\/schema\/logo\/image\/","url":"https:\/\/www.spirit-us.eu\/wp-content\/uploads\/2025\/11\/logo-regarde-linterlocutrice-sans-arrriere-plan.jpg","contentUrl":"https:\/\/www.spirit-us.eu\/wp-content\/uploads\/2025\/11\/logo-regarde-linterlocutrice-sans-arrriere-plan.jpg","width":1080,"height":1080,"caption":"Spirit-US"},"image":{"@id":"https:\/\/www.spirit-us.eu\/#\/schema\/logo\/image\/"},"sameAs":["https:\/\/www.facebook.com\/spirit.us.deum"]}]}},"jetpack_sharing_enabled":true,"_links":{"self":[{"href":"https:\/\/www.spirit-us.eu\/index.php\/wp-json\/wp\/v2\/product\/1615","targetHints":{"allow":["GET"]}}],"collection":[{"href":"https:\/\/www.spirit-us.eu\/index.php\/wp-json\/wp\/v2\/product"}],"about":[{"href":"https:\/\/www.spirit-us.eu\/index.php\/wp-json\/wp\/v2\/types\/product"}],"replies":[{"embeddable":true,"href":"https:\/\/www.spirit-us.eu\/index.php\/wp-json\/wp\/v2\/comments?post=1615"}],"wp:featuredmedia":[{"embeddable":true,"href":"https:\/\/www.spirit-us.eu\/index.php\/wp-json\/wp\/v2\/media\/1631"}],"wp:attachment":[{"href":"https:\/\/www.spirit-us.eu\/index.php\/wp-json\/wp\/v2\/media?parent=1615"}],"wp:term":[{"taxonomy":"product_brand","embeddable":true,"href":"https:\/\/www.spirit-us.eu\/index.php\/wp-json\/wp\/v2\/product_brand?post=1615"},{"taxonomy":"product_cat","embeddable":true,"href":"https:\/\/www.spirit-us.eu\/index.php\/wp-json\/wp\/v2\/product_cat?post=1615"},{"taxonomy":"product_tag","embeddable":true,"href":"https:\/\/www.spirit-us.eu\/index.php\/wp-json\/wp\/v2\/product_tag?post=1615"},{"taxonomy":"mwb_booking_cost","embeddable":true,"href":"https:\/\/www.spirit-us.eu\/index.php\/wp-json\/wp\/v2\/mwb_booking_cost?post=1615"},{"taxonomy":"mwb_booking_service","embeddable":true,"href":"https:\/\/www.spirit-us.eu\/index.php\/wp-json\/wp\/v2\/mwb_booking_service?post=1615"}],"curies":[{"name":"wp","href":"https:\/\/api.w.org\/{rel}","templated":true}]}}