{"id":1610,"date":"2025-05-21T11:25:26","date_gmt":"2025-05-21T09:25:26","guid":{"rendered":"https:\/\/www.spirit-us.eu\/?post_type=product&#038;p=1610"},"modified":"2025-12-17T00:09:51","modified_gmt":"2025-12-16T23:09:51","slug":"boucles-doreilles-en-agate-noire","status":"publish","type":"product","link":"https:\/\/www.spirit-us.eu\/index.php\/produit\/boucles-doreilles-en-agate-noire\/","title":{"rendered":"BOUCLES D\u2019OREILLES en Agate noire"},"content":{"rendered":"<p>Pendants d&rsquo;oreilles de la couleur de votre humeur<\/p>\n<p><strong>Mat\u00e9riaux<\/strong>\u00a0: \u00a0pierre\u00a0naturelle &amp; m\u00e9tal argent\u00e9 anti-allergies<\/p>\n<p><strong>Mat\u00e9riau principal<\/strong> : pierre naturelle opaque noire<\/p>\n<p><strong>Chakra concern\u00e9<\/strong> : aucun et tous mais cette pierre op\u00e8re en cas d&rsquo;\u00e9pisodes de tristesse (qu&rsquo;elle absorbe)<\/p>\n<p><strong>Style<\/strong> :\u00a0\u00e9l\u00e9gant<\/p>\n<p>Pr\u00e9sent\u00e9 dans un joli coffret cadeau.<\/p>\n<p>Nettoyer r\u00e9guli\u00e8rement cette pierre qui absorbe les ondes n\u00e9gatives : on la trempe trois fois dans l&rsquo;eau (b\u00e9nite de pr\u00e9f\u00e9rence &#8211; voir c\u00e9r\u00e9monie de b\u00e9n\u00e9diction de l&rsquo;eau : <a href=\"https:\/\/www.spirit-us.eu\/index.php\/produit\/eau-benite-benir-leau-chez-soi\/\" target=\"_blank\" rel=\"noopener\">https:\/\/www.spirit-us.eu\/index.php\/produit\/eau-benite-benir-leau-chez-soi\/<\/a> )<\/p>\n","protected":false},"excerpt":{"rendered":"<p style=\"text-align: justify;\">Paire de boucles d&rsquo;oreilles en forme de larme, en pierre naturelle. Jolis pendants d&rsquo;oreilles mont\u00e9s sur crochet en alliage. Tr\u00e8s \u00e9l\u00e9gantes, elles s\u2019adaptent \u00e0 toutes les tenues, puisqu\u2019elles se d\u00e9clinent en 9 couleurs.\u00a0 Elles sont aussi des aides pr\u00e9cieuses pour travailler les \u00e9nergies, puisqu\u2019elles se d\u00e9clinent dans leurs couleurs. Ici c&rsquo;est l&rsquo;\u00e9nergie du recentrage apr\u00e8s une \u00e9preuve, qui est privil\u00e9gi\u00e9e car elle absorbe les ondes n\u00e9gatives : elle ne s&rsquo;attache \u00e0 aucun chakra en particulier, mais aux \u00e9motions et \u00e0 la dimension psycho-\u00e9motionnelle de l&rsquo;Etre. A offrir ou \u00e0 s\u2019offrir en toute occasion et en toute saison. Pendants d&rsquo;oreilles de la couleur de votre humeur ou de l&rsquo;\u00e9nergie et du chakra\u00a0 que vous souhaitez mettre \u00e0 l&rsquo;honneur.<\/p>\n","protected":false},"featured_media":1612,"comment_status":"open","ping_status":"closed","template":"","meta":[],"product_brand":[],"product_cat":[156,461],"product_tag":[],"mwb_booking_cost":[],"mwb_booking_service":[],"class_list":{"0":"post-1610","1":"product","2":"type-product","3":"status-publish","4":"has-post-thumbnail","6":"product_cat-04-bijoux","7":"product_cat-007-boucles-doreilles","9":"first","10":"instock","11":"shipping-taxable","12":"purchasable","13":"product-type-simple"},"yoast_head":"<!-- This site is optimized with the Yoast SEO plugin v27.1.1 - https:\/\/yoast.com\/product\/yoast-seo-wordpress\/ -->\n<title>BOUCLES D\u2019OREILLES en Agate noire - Spirit-US<\/title>\n<meta name=\"robots\" content=\"index, follow, max-snippet:-1, max-image-preview:large, max-video-preview:-1\" \/>\n<link rel=\"canonical\" href=\"https:\/\/www.spirit-us.eu\/index.php\/produit\/boucles-doreilles-en-agate-noire\/\" \/>\n<meta property=\"og:locale\" content=\"fr_FR\" \/>\n<meta property=\"og:type\" content=\"article\" \/>\n<meta property=\"og:title\" content=\"BOUCLES D\u2019OREILLES en Agate noire - Spirit-US\" \/>\n<meta property=\"og:description\" content=\"Paire de boucles d&#039;oreilles en forme de larme, en pierre naturelle. Jolis pendants d&#039;oreilles mont\u00e9s sur crochet en alliage. Tr\u00e8s \u00e9l\u00e9gantes, elles s\u2019adaptent \u00e0 toutes les tenues, puisqu\u2019elles se d\u00e9clinent en 9 couleurs.\u00a0 Elles sont aussi des aides pr\u00e9cieuses pour travailler les \u00e9nergies, puisqu\u2019elles se d\u00e9clinent dans leurs couleurs. Ici c&#039;est l&#039;\u00e9nergie du recentrage apr\u00e8s une \u00e9preuve, qui est privil\u00e9gi\u00e9e car elle absorbe les ondes n\u00e9gatives : elle ne s&#039;attache \u00e0 aucun chakra en particulier, mais aux \u00e9motions et \u00e0 la dimension psycho-\u00e9motionnelle de l&#039;Etre. A offrir ou \u00e0 s\u2019offrir en toute occasion et en toute saison. Pendants d&#039;oreilles de la couleur de votre humeur ou de l&#039;\u00e9nergie et du chakra\u00a0 que vous souhaitez mettre \u00e0 l&#039;honneur.\" \/>\n<meta property=\"og:url\" content=\"https:\/\/www.spirit-us.eu\/index.php\/produit\/boucles-doreilles-en-agate-noire\/\" \/>\n<meta property=\"og:site_name\" content=\"Spirit-US\" \/>\n<meta property=\"article:publisher\" content=\"https:\/\/www.facebook.com\/spirit.us.deum\" \/>\n<meta property=\"article:modified_time\" content=\"2025-12-16T23:09:51+00:00\" \/>\n<meta property=\"og:image\" content=\"https:\/\/www.spirit-us.eu\/wp-content\/uploads\/2025\/05\/boucles-doreille-noires-obsidienne-pas-chakra-collection.png\" \/>\n\t<meta property=\"og:image:width\" content=\"1080\" \/>\n\t<meta property=\"og:image:height\" content=\"1080\" \/>\n\t<meta property=\"og:image:type\" content=\"image\/png\" \/>\n<meta name=\"twitter:card\" content=\"summary_large_image\" \/>\n<meta name=\"twitter:label1\" content=\"Dur\u00e9e de lecture estim\u00e9e\" \/>\n\t<meta name=\"twitter:data1\" content=\"1 minute\" \/>\n<script type=\"application\/ld+json\" class=\"yoast-schema-graph\">{\"@context\":\"https:\/\/schema.org\",\"@graph\":[{\"@type\":\"WebPage\",\"@id\":\"https:\/\/www.spirit-us.eu\/index.php\/produit\/boucles-doreilles-en-agate-noire\/\",\"url\":\"https:\/\/www.spirit-us.eu\/index.php\/produit\/boucles-doreilles-en-agate-noire\/\",\"name\":\"BOUCLES D\u2019OREILLES en Agate noire - Spirit-US\",\"isPartOf\":{\"@id\":\"https:\/\/www.spirit-us.eu\/#website\"},\"primaryImageOfPage\":{\"@id\":\"https:\/\/www.spirit-us.eu\/index.php\/produit\/boucles-doreilles-en-agate-noire\/#primaryimage\"},\"image\":{\"@id\":\"https:\/\/www.spirit-us.eu\/index.php\/produit\/boucles-doreilles-en-agate-noire\/#primaryimage\"},\"thumbnailUrl\":\"https:\/\/www.spirit-us.eu\/wp-content\/uploads\/2025\/05\/boucles-doreille-noires-obsidienne-pas-chakra-collection.png\",\"datePublished\":\"2025-05-21T09:25:26+00:00\",\"dateModified\":\"2025-12-16T23:09:51+00:00\",\"breadcrumb\":{\"@id\":\"https:\/\/www.spirit-us.eu\/index.php\/produit\/boucles-doreilles-en-agate-noire\/#breadcrumb\"},\"inLanguage\":\"fr-FR\",\"potentialAction\":[{\"@type\":\"ReadAction\",\"target\":[\"https:\/\/www.spirit-us.eu\/index.php\/produit\/boucles-doreilles-en-agate-noire\/\"]}]},{\"@type\":\"ImageObject\",\"inLanguage\":\"fr-FR\",\"@id\":\"https:\/\/www.spirit-us.eu\/index.php\/produit\/boucles-doreilles-en-agate-noire\/#primaryimage\",\"url\":\"https:\/\/www.spirit-us.eu\/wp-content\/uploads\/2025\/05\/boucles-doreille-noires-obsidienne-pas-chakra-collection.png\",\"contentUrl\":\"https:\/\/www.spirit-us.eu\/wp-content\/uploads\/2025\/05\/boucles-doreille-noires-obsidienne-pas-chakra-collection.png\",\"width\":1080,\"height\":1080},{\"@type\":\"BreadcrumbList\",\"@id\":\"https:\/\/www.spirit-us.eu\/index.php\/produit\/boucles-doreilles-en-agate-noire\/#breadcrumb\",\"itemListElement\":[{\"@type\":\"ListItem\",\"position\":1,\"name\":\"Accueil\",\"item\":\"https:\/\/www.spirit-us.eu\/\"},{\"@type\":\"ListItem\",\"position\":2,\"name\":\"Boutique\",\"item\":\"https:\/\/www.spirit-us.eu\/index.php\/boutique\/\"},{\"@type\":\"ListItem\",\"position\":3,\"name\":\"BOUCLES D\u2019OREILLES en Agate noire\"}]},{\"@type\":\"WebSite\",\"@id\":\"https:\/\/www.spirit-us.eu\/#website\",\"url\":\"https:\/\/www.spirit-us.eu\/\",\"name\":\"Spirit-US\",\"description\":\"\",\"publisher\":{\"@id\":\"https:\/\/www.spirit-us.eu\/#organization\"},\"potentialAction\":[{\"@type\":\"SearchAction\",\"target\":{\"@type\":\"EntryPoint\",\"urlTemplate\":\"https:\/\/www.spirit-us.eu\/?s={search_term_string}\"},\"query-input\":{\"@type\":\"PropertyValueSpecification\",\"valueRequired\":true,\"valueName\":\"search_term_string\"}}],\"inLanguage\":\"fr-FR\"},{\"@type\":\"Organization\",\"@id\":\"https:\/\/www.spirit-us.eu\/#organization\",\"name\":\"Spirit-US\",\"url\":\"https:\/\/www.spirit-us.eu\/\",\"logo\":{\"@type\":\"ImageObject\",\"inLanguage\":\"fr-FR\",\"@id\":\"https:\/\/www.spirit-us.eu\/#\/schema\/logo\/image\/\",\"url\":\"https:\/\/www.spirit-us.eu\/wp-content\/uploads\/2025\/11\/logo-regarde-linterlocutrice-sans-arrriere-plan.jpg\",\"contentUrl\":\"https:\/\/www.spirit-us.eu\/wp-content\/uploads\/2025\/11\/logo-regarde-linterlocutrice-sans-arrriere-plan.jpg\",\"width\":1080,\"height\":1080,\"caption\":\"Spirit-US\"},\"image\":{\"@id\":\"https:\/\/www.spirit-us.eu\/#\/schema\/logo\/image\/\"},\"sameAs\":[\"https:\/\/www.facebook.com\/spirit.us.deum\"]}]}<\/script>\n<!-- \/ Yoast SEO plugin. -->","yoast_head_json":{"title":"BOUCLES D\u2019OREILLES en Agate noire - Spirit-US","robots":{"index":"index","follow":"follow","max-snippet":"max-snippet:-1","max-image-preview":"max-image-preview:large","max-video-preview":"max-video-preview:-1"},"canonical":"https:\/\/www.spirit-us.eu\/index.php\/produit\/boucles-doreilles-en-agate-noire\/","og_locale":"fr_FR","og_type":"article","og_title":"BOUCLES D\u2019OREILLES en Agate noire - Spirit-US","og_description":"Paire de boucles d'oreilles en forme de larme, en pierre naturelle. Jolis pendants d'oreilles mont\u00e9s sur crochet en alliage. Tr\u00e8s \u00e9l\u00e9gantes, elles s\u2019adaptent \u00e0 toutes les tenues, puisqu\u2019elles se d\u00e9clinent en 9 couleurs.\u00a0 Elles sont aussi des aides pr\u00e9cieuses pour travailler les \u00e9nergies, puisqu\u2019elles se d\u00e9clinent dans leurs couleurs. Ici c'est l'\u00e9nergie du recentrage apr\u00e8s une \u00e9preuve, qui est privil\u00e9gi\u00e9e car elle absorbe les ondes n\u00e9gatives : elle ne s'attache \u00e0 aucun chakra en particulier, mais aux \u00e9motions et \u00e0 la dimension psycho-\u00e9motionnelle de l'Etre. A offrir ou \u00e0 s\u2019offrir en toute occasion et en toute saison. Pendants d'oreilles de la couleur de votre humeur ou de l'\u00e9nergie et du chakra\u00a0 que vous souhaitez mettre \u00e0 l'honneur.","og_url":"https:\/\/www.spirit-us.eu\/index.php\/produit\/boucles-doreilles-en-agate-noire\/","og_site_name":"Spirit-US","article_publisher":"https:\/\/www.facebook.com\/spirit.us.deum","article_modified_time":"2025-12-16T23:09:51+00:00","og_image":[{"width":1080,"height":1080,"url":"https:\/\/www.spirit-us.eu\/wp-content\/uploads\/2025\/05\/boucles-doreille-noires-obsidienne-pas-chakra-collection.png","type":"image\/png"}],"twitter_card":"summary_large_image","twitter_misc":{"Dur\u00e9e de lecture estim\u00e9e":"1 minute"},"schema":{"@context":"https:\/\/schema.org","@graph":[{"@type":"WebPage","@id":"https:\/\/www.spirit-us.eu\/index.php\/produit\/boucles-doreilles-en-agate-noire\/","url":"https:\/\/www.spirit-us.eu\/index.php\/produit\/boucles-doreilles-en-agate-noire\/","name":"BOUCLES D\u2019OREILLES en Agate noire - Spirit-US","isPartOf":{"@id":"https:\/\/www.spirit-us.eu\/#website"},"primaryImageOfPage":{"@id":"https:\/\/www.spirit-us.eu\/index.php\/produit\/boucles-doreilles-en-agate-noire\/#primaryimage"},"image":{"@id":"https:\/\/www.spirit-us.eu\/index.php\/produit\/boucles-doreilles-en-agate-noire\/#primaryimage"},"thumbnailUrl":"https:\/\/www.spirit-us.eu\/wp-content\/uploads\/2025\/05\/boucles-doreille-noires-obsidienne-pas-chakra-collection.png","datePublished":"2025-05-21T09:25:26+00:00","dateModified":"2025-12-16T23:09:51+00:00","breadcrumb":{"@id":"https:\/\/www.spirit-us.eu\/index.php\/produit\/boucles-doreilles-en-agate-noire\/#breadcrumb"},"inLanguage":"fr-FR","potentialAction":[{"@type":"ReadAction","target":["https:\/\/www.spirit-us.eu\/index.php\/produit\/boucles-doreilles-en-agate-noire\/"]}]},{"@type":"ImageObject","inLanguage":"fr-FR","@id":"https:\/\/www.spirit-us.eu\/index.php\/produit\/boucles-doreilles-en-agate-noire\/#primaryimage","url":"https:\/\/www.spirit-us.eu\/wp-content\/uploads\/2025\/05\/boucles-doreille-noires-obsidienne-pas-chakra-collection.png","contentUrl":"https:\/\/www.spirit-us.eu\/wp-content\/uploads\/2025\/05\/boucles-doreille-noires-obsidienne-pas-chakra-collection.png","width":1080,"height":1080},{"@type":"BreadcrumbList","@id":"https:\/\/www.spirit-us.eu\/index.php\/produit\/boucles-doreilles-en-agate-noire\/#breadcrumb","itemListElement":[{"@type":"ListItem","position":1,"name":"Accueil","item":"https:\/\/www.spirit-us.eu\/"},{"@type":"ListItem","position":2,"name":"Boutique","item":"https:\/\/www.spirit-us.eu\/index.php\/boutique\/"},{"@type":"ListItem","position":3,"name":"BOUCLES D\u2019OREILLES en Agate noire"}]},{"@type":"WebSite","@id":"https:\/\/www.spirit-us.eu\/#website","url":"https:\/\/www.spirit-us.eu\/","name":"Spirit-US","description":"","publisher":{"@id":"https:\/\/www.spirit-us.eu\/#organization"},"potentialAction":[{"@type":"SearchAction","target":{"@type":"EntryPoint","urlTemplate":"https:\/\/www.spirit-us.eu\/?s={search_term_string}"},"query-input":{"@type":"PropertyValueSpecification","valueRequired":true,"valueName":"search_term_string"}}],"inLanguage":"fr-FR"},{"@type":"Organization","@id":"https:\/\/www.spirit-us.eu\/#organization","name":"Spirit-US","url":"https:\/\/www.spirit-us.eu\/","logo":{"@type":"ImageObject","inLanguage":"fr-FR","@id":"https:\/\/www.spirit-us.eu\/#\/schema\/logo\/image\/","url":"https:\/\/www.spirit-us.eu\/wp-content\/uploads\/2025\/11\/logo-regarde-linterlocutrice-sans-arrriere-plan.jpg","contentUrl":"https:\/\/www.spirit-us.eu\/wp-content\/uploads\/2025\/11\/logo-regarde-linterlocutrice-sans-arrriere-plan.jpg","width":1080,"height":1080,"caption":"Spirit-US"},"image":{"@id":"https:\/\/www.spirit-us.eu\/#\/schema\/logo\/image\/"},"sameAs":["https:\/\/www.facebook.com\/spirit.us.deum"]}]}},"jetpack_sharing_enabled":true,"_links":{"self":[{"href":"https:\/\/www.spirit-us.eu\/index.php\/wp-json\/wp\/v2\/product\/1610","targetHints":{"allow":["GET"]}}],"collection":[{"href":"https:\/\/www.spirit-us.eu\/index.php\/wp-json\/wp\/v2\/product"}],"about":[{"href":"https:\/\/www.spirit-us.eu\/index.php\/wp-json\/wp\/v2\/types\/product"}],"replies":[{"embeddable":true,"href":"https:\/\/www.spirit-us.eu\/index.php\/wp-json\/wp\/v2\/comments?post=1610"}],"wp:featuredmedia":[{"embeddable":true,"href":"https:\/\/www.spirit-us.eu\/index.php\/wp-json\/wp\/v2\/media\/1612"}],"wp:attachment":[{"href":"https:\/\/www.spirit-us.eu\/index.php\/wp-json\/wp\/v2\/media?parent=1610"}],"wp:term":[{"taxonomy":"product_brand","embeddable":true,"href":"https:\/\/www.spirit-us.eu\/index.php\/wp-json\/wp\/v2\/product_brand?post=1610"},{"taxonomy":"product_cat","embeddable":true,"href":"https:\/\/www.spirit-us.eu\/index.php\/wp-json\/wp\/v2\/product_cat?post=1610"},{"taxonomy":"product_tag","embeddable":true,"href":"https:\/\/www.spirit-us.eu\/index.php\/wp-json\/wp\/v2\/product_tag?post=1610"},{"taxonomy":"mwb_booking_cost","embeddable":true,"href":"https:\/\/www.spirit-us.eu\/index.php\/wp-json\/wp\/v2\/mwb_booking_cost?post=1610"},{"taxonomy":"mwb_booking_service","embeddable":true,"href":"https:\/\/www.spirit-us.eu\/index.php\/wp-json\/wp\/v2\/mwb_booking_service?post=1610"}],"curies":[{"name":"wp","href":"https:\/\/api.w.org\/{rel}","templated":true}]}}