{"id":1591,"date":"2025-05-20T21:56:17","date_gmt":"2025-05-20T19:56:17","guid":{"rendered":"https:\/\/www.spirit-us.eu\/?post_type=product&#038;p=1591"},"modified":"2025-12-17T10:50:32","modified_gmt":"2025-12-17T09:50:32","slug":"bracelet-en-howlite-blanche","status":"publish","type":"product","link":"https:\/\/www.spirit-us.eu\/index.php\/produit\/bracelet-en-howlite-blanche\/","title":{"rendered":"BRACELET EN HOWLITE  BLANCHE"},"content":{"rendered":"<p><strong>Dimensions<\/strong>\u00a0: longueur du bracelet 19 cm<\/p>\n<p><strong>Bracelet double avec breloque<\/strong> arbre de vie argent\u00e9e<\/p>\n<p><strong>Couleurs<\/strong> : blanc<\/p>\n<p><strong>Mat\u00e9riau principal<\/strong> :\u00a0pierre naturelle<\/p>\n<p><strong>Mat\u00e9riaux<\/strong> : perles en Howlite blanche<\/p>\n<p><strong>Dimension des perles<\/strong>\u00a0: 0,8 cm<\/p>\n<p>Chaque perle est s\u00e9par\u00e9e par un petit anneau en m\u00e9tal argent\u00e9<\/p>\n<p><strong>Circonstances<\/strong> : f\u00eate des m\u00e8res ; bijou de tendresse et d&rsquo;amiti\u00e9 et en toute circonstance de la vie.<\/p>\n<p>Cette pierre est peu connue, mais elle est tr\u00e8s belle.\u00a0 Voici son histoire : elle a \u00e9t\u00e9 identifi\u00e9e, au 18\u00e8me si\u00e8cle, par un chimiste canadien nomm\u00e9 Henry How. C\u2019est en travaillant dans les carri\u00e8res de gypse de la Nouvelle-\u00c9cosse qu\u2019il a rep\u00e9r\u00e9 ce min\u00e9ral, aux tons blancs nuanc\u00e9s, encore peu connu.<\/p>\n","protected":false},"excerpt":{"rendered":"<p style=\"text-align: justify;\">Bracelet en perles de pierres naturelles en howlite\u00a0 \u00a0blanche avec breloque argent\u00e9e\u00a0 arbre de vie. La howlite symbolise g\u00e9n\u00e9ralement le sentiment de paix, de sagesse et de stabilit\u00e9. En cons\u00e9quence, cette pierre est couramment choisie pour accompagner les grandes d\u00e9cisions de la vie, pour renforcer le sens des responsabilit\u00e9s et pour guider l\u2019esprit vers ce qui est juste. Elle apporte ses propri\u00e9t\u00e9s b\u00e9n\u00e9fiques au chakra du 3<sup>\u00e8me\u00a0 <\/sup>\u0153il, celui de l&rsquo;amygdale au centre du cerveau. Dans son \u00e9tat d\u2019ouverture optimal, ce chakra est source de clairvoyance, de conscience et de lucidit\u00e9. Au contraire, les personnes encombr\u00e9es psychologiquement, souffrent probablement d\u2019un chakra\u00a0 3<sup>\u00e8me\u00a0 <\/sup>\u0153il ferm\u00e9. La howlite favorise l\u2019ouverture mentale et l\u2019acc\u00e8s \u00e0 une clart\u00e9 sup\u00e9rieure de la pens\u00e9e.<\/p>\n","protected":false},"featured_media":1593,"comment_status":"open","ping_status":"closed","template":"","meta":[],"product_brand":[],"product_cat":[156,460,17],"product_tag":[],"mwb_booking_cost":[],"mwb_booking_service":[],"class_list":{"0":"post-1591","1":"product","2":"type-product","3":"status-publish","4":"has-post-thumbnail","6":"product_cat-04-bijoux","7":"product_cat-bracelets","8":"product_cat-tous-les-produits","10":"first","11":"instock","12":"shipping-taxable","13":"purchasable","14":"product-type-simple"},"yoast_head":"<!-- This site is optimized with the Yoast SEO plugin v27.1.1 - https:\/\/yoast.com\/product\/yoast-seo-wordpress\/ -->\n<title>BRACELET EN HOWLITE BLANCHE - Spirit-US<\/title>\n<meta name=\"robots\" content=\"index, follow, max-snippet:-1, max-image-preview:large, max-video-preview:-1\" \/>\n<link rel=\"canonical\" href=\"https:\/\/www.spirit-us.eu\/index.php\/produit\/bracelet-en-howlite-blanche\/\" \/>\n<meta property=\"og:locale\" content=\"fr_FR\" \/>\n<meta property=\"og:type\" content=\"article\" \/>\n<meta property=\"og:title\" content=\"BRACELET EN HOWLITE BLANCHE - Spirit-US\" \/>\n<meta property=\"og:description\" content=\"Bracelet en perles de pierres naturelles en howlite\u00a0 \u00a0blanche avec breloque argent\u00e9e\u00a0 arbre de vie. La howlite symbolise g\u00e9n\u00e9ralement le sentiment de paix, de sagesse et de stabilit\u00e9. En cons\u00e9quence, cette pierre est couramment choisie pour accompagner les grandes d\u00e9cisions de la vie, pour renforcer le sens des responsabilit\u00e9s et pour guider l\u2019esprit vers ce qui est juste. Elle apporte ses propri\u00e9t\u00e9s b\u00e9n\u00e9fiques au chakra du 3\u00e8me\u00a0 \u0153il, celui de l&#039;amygdale au centre du cerveau. Dans son \u00e9tat d\u2019ouverture optimal, ce chakra est source de clairvoyance, de conscience et de lucidit\u00e9. Au contraire, les personnes encombr\u00e9es psychologiquement, souffrent probablement d\u2019un chakra\u00a0 3\u00e8me\u00a0 \u0153il ferm\u00e9. La howlite favorise l\u2019ouverture mentale et l\u2019acc\u00e8s \u00e0 une clart\u00e9 sup\u00e9rieure de la pens\u00e9e.\" \/>\n<meta property=\"og:url\" content=\"https:\/\/www.spirit-us.eu\/index.php\/produit\/bracelet-en-howlite-blanche\/\" \/>\n<meta property=\"og:site_name\" content=\"Spirit-US\" \/>\n<meta property=\"article:publisher\" content=\"https:\/\/www.facebook.com\/spirit.us.deum\" \/>\n<meta property=\"article:modified_time\" content=\"2025-12-17T09:50:32+00:00\" \/>\n<meta property=\"og:image\" content=\"https:\/\/www.spirit-us.eu\/wp-content\/uploads\/2025\/05\/bracelet-turquoise-blanche-fiche-produit.png\" \/>\n\t<meta property=\"og:image:width\" content=\"1080\" \/>\n\t<meta property=\"og:image:height\" content=\"1080\" \/>\n\t<meta property=\"og:image:type\" content=\"image\/png\" \/>\n<meta name=\"twitter:card\" content=\"summary_large_image\" \/>\n<meta name=\"twitter:label1\" content=\"Dur\u00e9e de lecture estim\u00e9e\" \/>\n\t<meta name=\"twitter:data1\" content=\"1 minute\" \/>\n<script type=\"application\/ld+json\" class=\"yoast-schema-graph\">{\"@context\":\"https:\/\/schema.org\",\"@graph\":[{\"@type\":\"WebPage\",\"@id\":\"https:\/\/www.spirit-us.eu\/index.php\/produit\/bracelet-en-howlite-blanche\/\",\"url\":\"https:\/\/www.spirit-us.eu\/index.php\/produit\/bracelet-en-howlite-blanche\/\",\"name\":\"BRACELET EN HOWLITE BLANCHE - Spirit-US\",\"isPartOf\":{\"@id\":\"https:\/\/www.spirit-us.eu\/#website\"},\"primaryImageOfPage\":{\"@id\":\"https:\/\/www.spirit-us.eu\/index.php\/produit\/bracelet-en-howlite-blanche\/#primaryimage\"},\"image\":{\"@id\":\"https:\/\/www.spirit-us.eu\/index.php\/produit\/bracelet-en-howlite-blanche\/#primaryimage\"},\"thumbnailUrl\":\"https:\/\/www.spirit-us.eu\/wp-content\/uploads\/2025\/05\/bracelet-turquoise-blanche-fiche-produit.png\",\"datePublished\":\"2025-05-20T19:56:17+00:00\",\"dateModified\":\"2025-12-17T09:50:32+00:00\",\"breadcrumb\":{\"@id\":\"https:\/\/www.spirit-us.eu\/index.php\/produit\/bracelet-en-howlite-blanche\/#breadcrumb\"},\"inLanguage\":\"fr-FR\",\"potentialAction\":[{\"@type\":\"ReadAction\",\"target\":[\"https:\/\/www.spirit-us.eu\/index.php\/produit\/bracelet-en-howlite-blanche\/\"]}]},{\"@type\":\"ImageObject\",\"inLanguage\":\"fr-FR\",\"@id\":\"https:\/\/www.spirit-us.eu\/index.php\/produit\/bracelet-en-howlite-blanche\/#primaryimage\",\"url\":\"https:\/\/www.spirit-us.eu\/wp-content\/uploads\/2025\/05\/bracelet-turquoise-blanche-fiche-produit.png\",\"contentUrl\":\"https:\/\/www.spirit-us.eu\/wp-content\/uploads\/2025\/05\/bracelet-turquoise-blanche-fiche-produit.png\",\"width\":1080,\"height\":1080},{\"@type\":\"BreadcrumbList\",\"@id\":\"https:\/\/www.spirit-us.eu\/index.php\/produit\/bracelet-en-howlite-blanche\/#breadcrumb\",\"itemListElement\":[{\"@type\":\"ListItem\",\"position\":1,\"name\":\"Accueil\",\"item\":\"https:\/\/www.spirit-us.eu\/\"},{\"@type\":\"ListItem\",\"position\":2,\"name\":\"Boutique\",\"item\":\"https:\/\/www.spirit-us.eu\/index.php\/boutique\/\"},{\"@type\":\"ListItem\",\"position\":3,\"name\":\"BRACELET EN HOWLITE BLANCHE\"}]},{\"@type\":\"WebSite\",\"@id\":\"https:\/\/www.spirit-us.eu\/#website\",\"url\":\"https:\/\/www.spirit-us.eu\/\",\"name\":\"Spirit-US\",\"description\":\"\",\"publisher\":{\"@id\":\"https:\/\/www.spirit-us.eu\/#organization\"},\"potentialAction\":[{\"@type\":\"SearchAction\",\"target\":{\"@type\":\"EntryPoint\",\"urlTemplate\":\"https:\/\/www.spirit-us.eu\/?s={search_term_string}\"},\"query-input\":{\"@type\":\"PropertyValueSpecification\",\"valueRequired\":true,\"valueName\":\"search_term_string\"}}],\"inLanguage\":\"fr-FR\"},{\"@type\":\"Organization\",\"@id\":\"https:\/\/www.spirit-us.eu\/#organization\",\"name\":\"Spirit-US\",\"url\":\"https:\/\/www.spirit-us.eu\/\",\"logo\":{\"@type\":\"ImageObject\",\"inLanguage\":\"fr-FR\",\"@id\":\"https:\/\/www.spirit-us.eu\/#\/schema\/logo\/image\/\",\"url\":\"https:\/\/www.spirit-us.eu\/wp-content\/uploads\/2025\/11\/logo-regarde-linterlocutrice-sans-arrriere-plan.jpg\",\"contentUrl\":\"https:\/\/www.spirit-us.eu\/wp-content\/uploads\/2025\/11\/logo-regarde-linterlocutrice-sans-arrriere-plan.jpg\",\"width\":1080,\"height\":1080,\"caption\":\"Spirit-US\"},\"image\":{\"@id\":\"https:\/\/www.spirit-us.eu\/#\/schema\/logo\/image\/\"},\"sameAs\":[\"https:\/\/www.facebook.com\/spirit.us.deum\"]}]}<\/script>\n<!-- \/ Yoast SEO plugin. -->","yoast_head_json":{"title":"BRACELET EN HOWLITE BLANCHE - Spirit-US","robots":{"index":"index","follow":"follow","max-snippet":"max-snippet:-1","max-image-preview":"max-image-preview:large","max-video-preview":"max-video-preview:-1"},"canonical":"https:\/\/www.spirit-us.eu\/index.php\/produit\/bracelet-en-howlite-blanche\/","og_locale":"fr_FR","og_type":"article","og_title":"BRACELET EN HOWLITE BLANCHE - Spirit-US","og_description":"Bracelet en perles de pierres naturelles en howlite\u00a0 \u00a0blanche avec breloque argent\u00e9e\u00a0 arbre de vie. La howlite symbolise g\u00e9n\u00e9ralement le sentiment de paix, de sagesse et de stabilit\u00e9. En cons\u00e9quence, cette pierre est couramment choisie pour accompagner les grandes d\u00e9cisions de la vie, pour renforcer le sens des responsabilit\u00e9s et pour guider l\u2019esprit vers ce qui est juste. Elle apporte ses propri\u00e9t\u00e9s b\u00e9n\u00e9fiques au chakra du 3\u00e8me\u00a0 \u0153il, celui de l'amygdale au centre du cerveau. Dans son \u00e9tat d\u2019ouverture optimal, ce chakra est source de clairvoyance, de conscience et de lucidit\u00e9. Au contraire, les personnes encombr\u00e9es psychologiquement, souffrent probablement d\u2019un chakra\u00a0 3\u00e8me\u00a0 \u0153il ferm\u00e9. La howlite favorise l\u2019ouverture mentale et l\u2019acc\u00e8s \u00e0 une clart\u00e9 sup\u00e9rieure de la pens\u00e9e.","og_url":"https:\/\/www.spirit-us.eu\/index.php\/produit\/bracelet-en-howlite-blanche\/","og_site_name":"Spirit-US","article_publisher":"https:\/\/www.facebook.com\/spirit.us.deum","article_modified_time":"2025-12-17T09:50:32+00:00","og_image":[{"width":1080,"height":1080,"url":"https:\/\/www.spirit-us.eu\/wp-content\/uploads\/2025\/05\/bracelet-turquoise-blanche-fiche-produit.png","type":"image\/png"}],"twitter_card":"summary_large_image","twitter_misc":{"Dur\u00e9e de lecture estim\u00e9e":"1 minute"},"schema":{"@context":"https:\/\/schema.org","@graph":[{"@type":"WebPage","@id":"https:\/\/www.spirit-us.eu\/index.php\/produit\/bracelet-en-howlite-blanche\/","url":"https:\/\/www.spirit-us.eu\/index.php\/produit\/bracelet-en-howlite-blanche\/","name":"BRACELET EN HOWLITE BLANCHE - Spirit-US","isPartOf":{"@id":"https:\/\/www.spirit-us.eu\/#website"},"primaryImageOfPage":{"@id":"https:\/\/www.spirit-us.eu\/index.php\/produit\/bracelet-en-howlite-blanche\/#primaryimage"},"image":{"@id":"https:\/\/www.spirit-us.eu\/index.php\/produit\/bracelet-en-howlite-blanche\/#primaryimage"},"thumbnailUrl":"https:\/\/www.spirit-us.eu\/wp-content\/uploads\/2025\/05\/bracelet-turquoise-blanche-fiche-produit.png","datePublished":"2025-05-20T19:56:17+00:00","dateModified":"2025-12-17T09:50:32+00:00","breadcrumb":{"@id":"https:\/\/www.spirit-us.eu\/index.php\/produit\/bracelet-en-howlite-blanche\/#breadcrumb"},"inLanguage":"fr-FR","potentialAction":[{"@type":"ReadAction","target":["https:\/\/www.spirit-us.eu\/index.php\/produit\/bracelet-en-howlite-blanche\/"]}]},{"@type":"ImageObject","inLanguage":"fr-FR","@id":"https:\/\/www.spirit-us.eu\/index.php\/produit\/bracelet-en-howlite-blanche\/#primaryimage","url":"https:\/\/www.spirit-us.eu\/wp-content\/uploads\/2025\/05\/bracelet-turquoise-blanche-fiche-produit.png","contentUrl":"https:\/\/www.spirit-us.eu\/wp-content\/uploads\/2025\/05\/bracelet-turquoise-blanche-fiche-produit.png","width":1080,"height":1080},{"@type":"BreadcrumbList","@id":"https:\/\/www.spirit-us.eu\/index.php\/produit\/bracelet-en-howlite-blanche\/#breadcrumb","itemListElement":[{"@type":"ListItem","position":1,"name":"Accueil","item":"https:\/\/www.spirit-us.eu\/"},{"@type":"ListItem","position":2,"name":"Boutique","item":"https:\/\/www.spirit-us.eu\/index.php\/boutique\/"},{"@type":"ListItem","position":3,"name":"BRACELET EN HOWLITE BLANCHE"}]},{"@type":"WebSite","@id":"https:\/\/www.spirit-us.eu\/#website","url":"https:\/\/www.spirit-us.eu\/","name":"Spirit-US","description":"","publisher":{"@id":"https:\/\/www.spirit-us.eu\/#organization"},"potentialAction":[{"@type":"SearchAction","target":{"@type":"EntryPoint","urlTemplate":"https:\/\/www.spirit-us.eu\/?s={search_term_string}"},"query-input":{"@type":"PropertyValueSpecification","valueRequired":true,"valueName":"search_term_string"}}],"inLanguage":"fr-FR"},{"@type":"Organization","@id":"https:\/\/www.spirit-us.eu\/#organization","name":"Spirit-US","url":"https:\/\/www.spirit-us.eu\/","logo":{"@type":"ImageObject","inLanguage":"fr-FR","@id":"https:\/\/www.spirit-us.eu\/#\/schema\/logo\/image\/","url":"https:\/\/www.spirit-us.eu\/wp-content\/uploads\/2025\/11\/logo-regarde-linterlocutrice-sans-arrriere-plan.jpg","contentUrl":"https:\/\/www.spirit-us.eu\/wp-content\/uploads\/2025\/11\/logo-regarde-linterlocutrice-sans-arrriere-plan.jpg","width":1080,"height":1080,"caption":"Spirit-US"},"image":{"@id":"https:\/\/www.spirit-us.eu\/#\/schema\/logo\/image\/"},"sameAs":["https:\/\/www.facebook.com\/spirit.us.deum"]}]}},"jetpack_sharing_enabled":true,"_links":{"self":[{"href":"https:\/\/www.spirit-us.eu\/index.php\/wp-json\/wp\/v2\/product\/1591","targetHints":{"allow":["GET"]}}],"collection":[{"href":"https:\/\/www.spirit-us.eu\/index.php\/wp-json\/wp\/v2\/product"}],"about":[{"href":"https:\/\/www.spirit-us.eu\/index.php\/wp-json\/wp\/v2\/types\/product"}],"replies":[{"embeddable":true,"href":"https:\/\/www.spirit-us.eu\/index.php\/wp-json\/wp\/v2\/comments?post=1591"}],"wp:featuredmedia":[{"embeddable":true,"href":"https:\/\/www.spirit-us.eu\/index.php\/wp-json\/wp\/v2\/media\/1593"}],"wp:attachment":[{"href":"https:\/\/www.spirit-us.eu\/index.php\/wp-json\/wp\/v2\/media?parent=1591"}],"wp:term":[{"taxonomy":"product_brand","embeddable":true,"href":"https:\/\/www.spirit-us.eu\/index.php\/wp-json\/wp\/v2\/product_brand?post=1591"},{"taxonomy":"product_cat","embeddable":true,"href":"https:\/\/www.spirit-us.eu\/index.php\/wp-json\/wp\/v2\/product_cat?post=1591"},{"taxonomy":"product_tag","embeddable":true,"href":"https:\/\/www.spirit-us.eu\/index.php\/wp-json\/wp\/v2\/product_tag?post=1591"},{"taxonomy":"mwb_booking_cost","embeddable":true,"href":"https:\/\/www.spirit-us.eu\/index.php\/wp-json\/wp\/v2\/mwb_booking_cost?post=1591"},{"taxonomy":"mwb_booking_service","embeddable":true,"href":"https:\/\/www.spirit-us.eu\/index.php\/wp-json\/wp\/v2\/mwb_booking_service?post=1591"}],"curies":[{"name":"wp","href":"https:\/\/api.w.org\/{rel}","templated":true}]}}