{"id":1571,"date":"2025-05-20T21:12:37","date_gmt":"2025-05-20T19:12:37","guid":{"rendered":"https:\/\/www.spirit-us.eu\/?post_type=product&#038;p=1571"},"modified":"2025-05-20T21:16:28","modified_gmt":"2025-05-20T19:16:28","slug":"etole-orange-pailletee-chakra-sacre","status":"publish","type":"product","link":"https:\/\/www.spirit-us.eu\/index.php\/produit\/etole-orange-pailletee-chakra-sacre\/","title":{"rendered":"ETOLE ORANGE PAILLETEE \u2013 chakra sacr\u00e9"},"content":{"rendered":"<p><strong>Mat\u00e9riau <\/strong>:\u00a0Polyester<\/p>\n<p><strong>Couleur<\/strong> : orange discret et doux<\/p>\n<p><strong>Dimensions<\/strong>\u00a0: largeur 47 cm\u00a0; longueur 155 cm<\/p>\n<p><strong>Style <\/strong>:\u00a0D\u00e9contract\u00e9<\/p>\n<p><strong>Type<\/strong> :\u00a0non \u00e9lastique, PAS de strech<\/p>\n<p><strong>Utilisation fonctionnelle<\/strong> :\u00a0Respirant, tr\u00e8s joli accessoire pour toute occasion<\/p>\n<p><strong>Composition<\/strong> :\u00a0 polyester et soie<\/p>\n<p><strong>Conseils d&rsquo;entretien<\/strong> :\u00a0Lavage en machine ou nettoyage \u00e0 sec professionnel<\/p>\n","protected":false},"excerpt":{"rendered":"<p style=\"text-align: justify;\">Tr\u00e8s jolie \u00e9tole l\u00e9g\u00e8re soyeuse et douce, unie, \u00e9l\u00e9gante et fine, ch\u00e2le en mousseline de soie, simple pour femme.\u00a0 La couleur de cette \u00e9charpe est d\u2019un bel orange, la couleur des \u00e9nergies de vie et du chakra sacr\u00e9.\u00a0 Si celui-ci est attaqu\u00e9 par des ph\u00e9nom\u00e8nes de fatigue organique, d\u2019\u00e9puisement, par des attaques spirituelles qui vous donnent une sensation de manque d\u2019\u00e9nergie, de flottement, de tristesse, il est utile de prendre soin de ce centre \u00e9nerg\u00e9tique et de vos organes.\u00a0 Ind\u00e9pendamment de toute obligation m\u00e9dicale, vous pouvez les prot\u00e9ger dans leurs couleurs. Cette \u00e9tole convient \u00e0 tous les styles et s\u2019utilise en toute saison. Un cadeau id\u00e9al et classique \u00e0 faire ou \u00e0 se faire pour prendre soin de soi.<\/p>\n","protected":false},"featured_media":1572,"comment_status":"open","ping_status":"closed","template":"","meta":[],"product_brand":[],"product_cat":[17],"product_tag":[188],"mwb_booking_cost":[],"mwb_booking_service":[],"class_list":{"0":"post-1571","1":"product","2":"type-product","3":"status-publish","4":"has-post-thumbnail","6":"product_cat-tous-les-produits","7":"product_tag-chakras-collection","9":"first","10":"instock","11":"shipping-taxable","12":"purchasable","13":"product-type-simple"},"yoast_head":"<!-- This site is optimized with the Yoast SEO plugin v27.1.1 - https:\/\/yoast.com\/product\/yoast-seo-wordpress\/ -->\n<title>ETOLE ORANGE PAILLETEE \u2013 chakra sacr\u00e9 - Spirit-US<\/title>\n<meta name=\"robots\" content=\"index, follow, max-snippet:-1, max-image-preview:large, max-video-preview:-1\" \/>\n<link rel=\"canonical\" href=\"https:\/\/www.spirit-us.eu\/index.php\/produit\/etole-orange-pailletee-chakra-sacre\/\" \/>\n<meta property=\"og:locale\" content=\"fr_FR\" \/>\n<meta property=\"og:type\" content=\"article\" \/>\n<meta property=\"og:title\" content=\"ETOLE ORANGE PAILLETEE \u2013 chakra sacr\u00e9 - Spirit-US\" \/>\n<meta property=\"og:description\" content=\"Tr\u00e8s jolie \u00e9tole l\u00e9g\u00e8re soyeuse et douce, unie, \u00e9l\u00e9gante et fine, ch\u00e2le en mousseline de soie, simple pour femme.\u00a0 La couleur de cette \u00e9charpe est d\u2019un bel orange, la couleur des \u00e9nergies de vie et du chakra sacr\u00e9.\u00a0 Si celui-ci est attaqu\u00e9 par des ph\u00e9nom\u00e8nes de fatigue organique, d\u2019\u00e9puisement, par des attaques spirituelles qui vous donnent une sensation de manque d\u2019\u00e9nergie, de flottement, de tristesse, il est utile de prendre soin de ce centre \u00e9nerg\u00e9tique et de vos organes.\u00a0 Ind\u00e9pendamment de toute obligation m\u00e9dicale, vous pouvez les prot\u00e9ger dans leurs couleurs. Cette \u00e9tole convient \u00e0 tous les styles et s\u2019utilise en toute saison. Un cadeau id\u00e9al et classique \u00e0 faire ou \u00e0 se faire pour prendre soin de soi.\" \/>\n<meta property=\"og:url\" content=\"https:\/\/www.spirit-us.eu\/index.php\/produit\/etole-orange-pailletee-chakra-sacre\/\" \/>\n<meta property=\"og:site_name\" content=\"Spirit-US\" \/>\n<meta property=\"article:publisher\" content=\"https:\/\/www.facebook.com\/spirit.us.deum\" \/>\n<meta property=\"article:modified_time\" content=\"2025-05-20T19:16:28+00:00\" \/>\n<meta property=\"og:image\" content=\"https:\/\/www.spirit-us.eu\/wp-content\/uploads\/2025\/05\/etole-unie-chakra-sacre.png\" \/>\n\t<meta property=\"og:image:width\" content=\"1080\" \/>\n\t<meta property=\"og:image:height\" content=\"1080\" \/>\n\t<meta property=\"og:image:type\" content=\"image\/png\" \/>\n<meta name=\"twitter:card\" content=\"summary_large_image\" \/>\n<script type=\"application\/ld+json\" class=\"yoast-schema-graph\">{\"@context\":\"https:\/\/schema.org\",\"@graph\":[{\"@type\":\"WebPage\",\"@id\":\"https:\/\/www.spirit-us.eu\/index.php\/produit\/etole-orange-pailletee-chakra-sacre\/\",\"url\":\"https:\/\/www.spirit-us.eu\/index.php\/produit\/etole-orange-pailletee-chakra-sacre\/\",\"name\":\"ETOLE ORANGE PAILLETEE \u2013 chakra sacr\u00e9 - Spirit-US\",\"isPartOf\":{\"@id\":\"https:\/\/www.spirit-us.eu\/#website\"},\"primaryImageOfPage\":{\"@id\":\"https:\/\/www.spirit-us.eu\/index.php\/produit\/etole-orange-pailletee-chakra-sacre\/#primaryimage\"},\"image\":{\"@id\":\"https:\/\/www.spirit-us.eu\/index.php\/produit\/etole-orange-pailletee-chakra-sacre\/#primaryimage\"},\"thumbnailUrl\":\"https:\/\/www.spirit-us.eu\/wp-content\/uploads\/2025\/05\/etole-unie-chakra-sacre.png\",\"datePublished\":\"2025-05-20T19:12:37+00:00\",\"dateModified\":\"2025-05-20T19:16:28+00:00\",\"breadcrumb\":{\"@id\":\"https:\/\/www.spirit-us.eu\/index.php\/produit\/etole-orange-pailletee-chakra-sacre\/#breadcrumb\"},\"inLanguage\":\"fr-FR\",\"potentialAction\":[{\"@type\":\"ReadAction\",\"target\":[\"https:\/\/www.spirit-us.eu\/index.php\/produit\/etole-orange-pailletee-chakra-sacre\/\"]}]},{\"@type\":\"ImageObject\",\"inLanguage\":\"fr-FR\",\"@id\":\"https:\/\/www.spirit-us.eu\/index.php\/produit\/etole-orange-pailletee-chakra-sacre\/#primaryimage\",\"url\":\"https:\/\/www.spirit-us.eu\/wp-content\/uploads\/2025\/05\/etole-unie-chakra-sacre.png\",\"contentUrl\":\"https:\/\/www.spirit-us.eu\/wp-content\/uploads\/2025\/05\/etole-unie-chakra-sacre.png\",\"width\":1080,\"height\":1080},{\"@type\":\"BreadcrumbList\",\"@id\":\"https:\/\/www.spirit-us.eu\/index.php\/produit\/etole-orange-pailletee-chakra-sacre\/#breadcrumb\",\"itemListElement\":[{\"@type\":\"ListItem\",\"position\":1,\"name\":\"Accueil\",\"item\":\"https:\/\/www.spirit-us.eu\/\"},{\"@type\":\"ListItem\",\"position\":2,\"name\":\"Boutique\",\"item\":\"https:\/\/www.spirit-us.eu\/index.php\/boutique\/\"},{\"@type\":\"ListItem\",\"position\":3,\"name\":\"ETOLE ORANGE PAILLETEE \u2013 chakra sacr\u00e9\"}]},{\"@type\":\"WebSite\",\"@id\":\"https:\/\/www.spirit-us.eu\/#website\",\"url\":\"https:\/\/www.spirit-us.eu\/\",\"name\":\"Spirit-US\",\"description\":\"\",\"publisher\":{\"@id\":\"https:\/\/www.spirit-us.eu\/#organization\"},\"potentialAction\":[{\"@type\":\"SearchAction\",\"target\":{\"@type\":\"EntryPoint\",\"urlTemplate\":\"https:\/\/www.spirit-us.eu\/?s={search_term_string}\"},\"query-input\":{\"@type\":\"PropertyValueSpecification\",\"valueRequired\":true,\"valueName\":\"search_term_string\"}}],\"inLanguage\":\"fr-FR\"},{\"@type\":\"Organization\",\"@id\":\"https:\/\/www.spirit-us.eu\/#organization\",\"name\":\"Spirit-US\",\"url\":\"https:\/\/www.spirit-us.eu\/\",\"logo\":{\"@type\":\"ImageObject\",\"inLanguage\":\"fr-FR\",\"@id\":\"https:\/\/www.spirit-us.eu\/#\/schema\/logo\/image\/\",\"url\":\"https:\/\/www.spirit-us.eu\/wp-content\/uploads\/2025\/11\/logo-regarde-linterlocutrice-sans-arrriere-plan.jpg\",\"contentUrl\":\"https:\/\/www.spirit-us.eu\/wp-content\/uploads\/2025\/11\/logo-regarde-linterlocutrice-sans-arrriere-plan.jpg\",\"width\":1080,\"height\":1080,\"caption\":\"Spirit-US\"},\"image\":{\"@id\":\"https:\/\/www.spirit-us.eu\/#\/schema\/logo\/image\/\"},\"sameAs\":[\"https:\/\/www.facebook.com\/spirit.us.deum\"]}]}<\/script>\n<!-- \/ Yoast SEO plugin. -->","yoast_head_json":{"title":"ETOLE ORANGE PAILLETEE \u2013 chakra sacr\u00e9 - Spirit-US","robots":{"index":"index","follow":"follow","max-snippet":"max-snippet:-1","max-image-preview":"max-image-preview:large","max-video-preview":"max-video-preview:-1"},"canonical":"https:\/\/www.spirit-us.eu\/index.php\/produit\/etole-orange-pailletee-chakra-sacre\/","og_locale":"fr_FR","og_type":"article","og_title":"ETOLE ORANGE PAILLETEE \u2013 chakra sacr\u00e9 - Spirit-US","og_description":"Tr\u00e8s jolie \u00e9tole l\u00e9g\u00e8re soyeuse et douce, unie, \u00e9l\u00e9gante et fine, ch\u00e2le en mousseline de soie, simple pour femme.\u00a0 La couleur de cette \u00e9charpe est d\u2019un bel orange, la couleur des \u00e9nergies de vie et du chakra sacr\u00e9.\u00a0 Si celui-ci est attaqu\u00e9 par des ph\u00e9nom\u00e8nes de fatigue organique, d\u2019\u00e9puisement, par des attaques spirituelles qui vous donnent une sensation de manque d\u2019\u00e9nergie, de flottement, de tristesse, il est utile de prendre soin de ce centre \u00e9nerg\u00e9tique et de vos organes.\u00a0 Ind\u00e9pendamment de toute obligation m\u00e9dicale, vous pouvez les prot\u00e9ger dans leurs couleurs. Cette \u00e9tole convient \u00e0 tous les styles et s\u2019utilise en toute saison. Un cadeau id\u00e9al et classique \u00e0 faire ou \u00e0 se faire pour prendre soin de soi.","og_url":"https:\/\/www.spirit-us.eu\/index.php\/produit\/etole-orange-pailletee-chakra-sacre\/","og_site_name":"Spirit-US","article_publisher":"https:\/\/www.facebook.com\/spirit.us.deum","article_modified_time":"2025-05-20T19:16:28+00:00","og_image":[{"width":1080,"height":1080,"url":"https:\/\/www.spirit-us.eu\/wp-content\/uploads\/2025\/05\/etole-unie-chakra-sacre.png","type":"image\/png"}],"twitter_card":"summary_large_image","schema":{"@context":"https:\/\/schema.org","@graph":[{"@type":"WebPage","@id":"https:\/\/www.spirit-us.eu\/index.php\/produit\/etole-orange-pailletee-chakra-sacre\/","url":"https:\/\/www.spirit-us.eu\/index.php\/produit\/etole-orange-pailletee-chakra-sacre\/","name":"ETOLE ORANGE PAILLETEE \u2013 chakra sacr\u00e9 - Spirit-US","isPartOf":{"@id":"https:\/\/www.spirit-us.eu\/#website"},"primaryImageOfPage":{"@id":"https:\/\/www.spirit-us.eu\/index.php\/produit\/etole-orange-pailletee-chakra-sacre\/#primaryimage"},"image":{"@id":"https:\/\/www.spirit-us.eu\/index.php\/produit\/etole-orange-pailletee-chakra-sacre\/#primaryimage"},"thumbnailUrl":"https:\/\/www.spirit-us.eu\/wp-content\/uploads\/2025\/05\/etole-unie-chakra-sacre.png","datePublished":"2025-05-20T19:12:37+00:00","dateModified":"2025-05-20T19:16:28+00:00","breadcrumb":{"@id":"https:\/\/www.spirit-us.eu\/index.php\/produit\/etole-orange-pailletee-chakra-sacre\/#breadcrumb"},"inLanguage":"fr-FR","potentialAction":[{"@type":"ReadAction","target":["https:\/\/www.spirit-us.eu\/index.php\/produit\/etole-orange-pailletee-chakra-sacre\/"]}]},{"@type":"ImageObject","inLanguage":"fr-FR","@id":"https:\/\/www.spirit-us.eu\/index.php\/produit\/etole-orange-pailletee-chakra-sacre\/#primaryimage","url":"https:\/\/www.spirit-us.eu\/wp-content\/uploads\/2025\/05\/etole-unie-chakra-sacre.png","contentUrl":"https:\/\/www.spirit-us.eu\/wp-content\/uploads\/2025\/05\/etole-unie-chakra-sacre.png","width":1080,"height":1080},{"@type":"BreadcrumbList","@id":"https:\/\/www.spirit-us.eu\/index.php\/produit\/etole-orange-pailletee-chakra-sacre\/#breadcrumb","itemListElement":[{"@type":"ListItem","position":1,"name":"Accueil","item":"https:\/\/www.spirit-us.eu\/"},{"@type":"ListItem","position":2,"name":"Boutique","item":"https:\/\/www.spirit-us.eu\/index.php\/boutique\/"},{"@type":"ListItem","position":3,"name":"ETOLE ORANGE PAILLETEE \u2013 chakra sacr\u00e9"}]},{"@type":"WebSite","@id":"https:\/\/www.spirit-us.eu\/#website","url":"https:\/\/www.spirit-us.eu\/","name":"Spirit-US","description":"","publisher":{"@id":"https:\/\/www.spirit-us.eu\/#organization"},"potentialAction":[{"@type":"SearchAction","target":{"@type":"EntryPoint","urlTemplate":"https:\/\/www.spirit-us.eu\/?s={search_term_string}"},"query-input":{"@type":"PropertyValueSpecification","valueRequired":true,"valueName":"search_term_string"}}],"inLanguage":"fr-FR"},{"@type":"Organization","@id":"https:\/\/www.spirit-us.eu\/#organization","name":"Spirit-US","url":"https:\/\/www.spirit-us.eu\/","logo":{"@type":"ImageObject","inLanguage":"fr-FR","@id":"https:\/\/www.spirit-us.eu\/#\/schema\/logo\/image\/","url":"https:\/\/www.spirit-us.eu\/wp-content\/uploads\/2025\/11\/logo-regarde-linterlocutrice-sans-arrriere-plan.jpg","contentUrl":"https:\/\/www.spirit-us.eu\/wp-content\/uploads\/2025\/11\/logo-regarde-linterlocutrice-sans-arrriere-plan.jpg","width":1080,"height":1080,"caption":"Spirit-US"},"image":{"@id":"https:\/\/www.spirit-us.eu\/#\/schema\/logo\/image\/"},"sameAs":["https:\/\/www.facebook.com\/spirit.us.deum"]}]}},"jetpack_sharing_enabled":true,"_links":{"self":[{"href":"https:\/\/www.spirit-us.eu\/index.php\/wp-json\/wp\/v2\/product\/1571","targetHints":{"allow":["GET"]}}],"collection":[{"href":"https:\/\/www.spirit-us.eu\/index.php\/wp-json\/wp\/v2\/product"}],"about":[{"href":"https:\/\/www.spirit-us.eu\/index.php\/wp-json\/wp\/v2\/types\/product"}],"replies":[{"embeddable":true,"href":"https:\/\/www.spirit-us.eu\/index.php\/wp-json\/wp\/v2\/comments?post=1571"}],"wp:featuredmedia":[{"embeddable":true,"href":"https:\/\/www.spirit-us.eu\/index.php\/wp-json\/wp\/v2\/media\/1572"}],"wp:attachment":[{"href":"https:\/\/www.spirit-us.eu\/index.php\/wp-json\/wp\/v2\/media?parent=1571"}],"wp:term":[{"taxonomy":"product_brand","embeddable":true,"href":"https:\/\/www.spirit-us.eu\/index.php\/wp-json\/wp\/v2\/product_brand?post=1571"},{"taxonomy":"product_cat","embeddable":true,"href":"https:\/\/www.spirit-us.eu\/index.php\/wp-json\/wp\/v2\/product_cat?post=1571"},{"taxonomy":"product_tag","embeddable":true,"href":"https:\/\/www.spirit-us.eu\/index.php\/wp-json\/wp\/v2\/product_tag?post=1571"},{"taxonomy":"mwb_booking_cost","embeddable":true,"href":"https:\/\/www.spirit-us.eu\/index.php\/wp-json\/wp\/v2\/mwb_booking_cost?post=1571"},{"taxonomy":"mwb_booking_service","embeddable":true,"href":"https:\/\/www.spirit-us.eu\/index.php\/wp-json\/wp\/v2\/mwb_booking_service?post=1571"}],"curies":[{"name":"wp","href":"https:\/\/api.w.org\/{rel}","templated":true}]}}