{"id":1563,"date":"2025-05-20T16:06:59","date_gmt":"2025-05-20T14:06:59","guid":{"rendered":"https:\/\/www.spirit-us.eu\/?post_type=product&#038;p=1563"},"modified":"2025-12-20T11:57:31","modified_gmt":"2025-12-20T10:57:31","slug":"pyramide-de-geobiologie-en-shungite","status":"publish","type":"product","link":"https:\/\/www.spirit-us.eu\/index.php\/produit\/pyramide-de-geobiologie-en-shungite\/","title":{"rendered":"PYRAMIDE DE GEOBIOLOGIE EN SHUNGITE avec fleur de vie"},"content":{"rendered":"<p><strong>Mat\u00e9riau<\/strong> : pierre naturelle : shungite<\/p>\n<p>Particularit\u00e9 : comporte une fleur de vie grav\u00e9e sur un des faces lat\u00e9rales<\/p>\n<p><strong>Couleur<\/strong> : noire<\/p>\n<p><strong>Utilisations<\/strong> : d\u00e9corer, prot\u00e9ger, se pr\u00e9munir des ondes n\u00e9gatives, rectifier le r\u00e9seau de Hartman perturb\u00e9<\/p>\n<p><strong>Dimensions<\/strong> : 5,5 cm de c\u00f4t\u00e9<\/p>\n<p><strong>Facture<\/strong> : artisanat, pierre polie \u00e0 la main<\/p>\n","protected":false},"excerpt":{"rendered":"<p style=\"text-align: justify;\">Afin de pr\u00e9munir votre foyer des ondes \u00e9lectromagn\u00e9tiques diffus\u00e9es par le wifi, le t\u00e9l\u00e9phone, l\u2019ordinateur, les \u00e9metteurs ou lignes \u00e0 haute tension, disposez une pyramide ou un \u0153uf de Shungite dans vos pi\u00e8ces de vie.\u00a0 Porter des bijoux en Shungite s\u2019av\u00e8re recommand\u00e9, notamment pour les personnes qui manipulent r\u00e9guli\u00e8rement du mat\u00e9riel qui g\u00e9n\u00e8re des ondes n\u00e9gatives. Dans ce cas, mieux vaut privil\u00e9gier le port d\u2019un bracelet ou encore d\u2019une bague, puisqu\u2019ils prot\u00e8gent en premier les mains en contact avec les \u00e9l\u00e9ments en question. Tous les signes du zodiaque, sans distinction, peuvent profiter pleinement des bienfaits de la Shungite. La Pierre Shungite est reli\u00e9e au chakra racine, en lien direct \u00e0 la Terre. Lorsqu\u2019elle dirige son action vers ce carrefour \u00e9nerg\u00e9tique, elle encourage \u00e0 se reconnecter \u00e0 l\u2019essentiel. Ainsi, elle invite son propri\u00e9taire \u00e0 revoir ses priorit\u00e9s, et \u00e0 se d\u00e9barrasser du superflu.\u00a0 Elle favorise \u00e9galement l\u2019introspection pour une meilleure connaissance et acceptation de soi.\u00a0 Enfin, en g\u00e9obiologie, on peut disposer des pyramides \u00e0 des endroits d\u00e9termin\u00e9s par le pendule ou les baguettes afin de r\u00e9\u00e9quilibrer le r\u00e9seau de Hartmann l\u00e0 o\u00f9 les \u0153uvres humaines inconsid\u00e9r\u00e9es l\u2019ont perturb\u00e9.<\/p>\n","protected":false},"featured_media":2042,"comment_status":"open","ping_status":"closed","template":"","meta":[],"product_brand":[],"product_cat":[180,499,503,17],"product_tag":[169],"mwb_booking_cost":[],"mwb_booking_service":[],"class_list":{"0":"post-1563","1":"product","2":"type-product","3":"status-publish","4":"has-post-thumbnail","6":"product_cat-09-decoration","7":"product_cat-03-energetique","8":"product_cat-geobiologie","9":"product_cat-tous-les-produits","10":"product_tag-protection","12":"first","13":"instock","14":"shipping-taxable","15":"product-type-simple"},"yoast_head":"<!-- This site is optimized with the Yoast SEO plugin v27.1.1 - https:\/\/yoast.com\/product\/yoast-seo-wordpress\/ -->\n<title>PYRAMIDE DE GEOBIOLOGIE EN SHUNGITE avec fleur de vie - Spirit-US<\/title>\n<meta name=\"robots\" content=\"index, follow, max-snippet:-1, max-image-preview:large, max-video-preview:-1\" \/>\n<link rel=\"canonical\" href=\"https:\/\/www.spirit-us.eu\/index.php\/produit\/pyramide-de-geobiologie-en-shungite\/\" \/>\n<meta property=\"og:locale\" content=\"fr_FR\" \/>\n<meta property=\"og:type\" content=\"article\" \/>\n<meta property=\"og:title\" content=\"PYRAMIDE DE GEOBIOLOGIE EN SHUNGITE avec fleur de vie - Spirit-US\" \/>\n<meta property=\"og:description\" content=\"Afin de pr\u00e9munir votre foyer des ondes \u00e9lectromagn\u00e9tiques diffus\u00e9es par le wifi, le t\u00e9l\u00e9phone, l\u2019ordinateur, les \u00e9metteurs ou lignes \u00e0 haute tension, disposez une pyramide ou un \u0153uf de Shungite dans vos pi\u00e8ces de vie.\u00a0 Porter des bijoux en Shungite s\u2019av\u00e8re recommand\u00e9, notamment pour les personnes qui manipulent r\u00e9guli\u00e8rement du mat\u00e9riel qui g\u00e9n\u00e8re des ondes n\u00e9gatives. Dans ce cas, mieux vaut privil\u00e9gier le port d\u2019un bracelet ou encore d\u2019une bague, puisqu\u2019ils prot\u00e8gent en premier les mains en contact avec les \u00e9l\u00e9ments en question. Tous les signes du zodiaque, sans distinction, peuvent profiter pleinement des bienfaits de la Shungite. La Pierre Shungite est reli\u00e9e au chakra racine, en lien direct \u00e0 la Terre. Lorsqu\u2019elle dirige son action vers ce carrefour \u00e9nerg\u00e9tique, elle encourage \u00e0 se reconnecter \u00e0 l\u2019essentiel. Ainsi, elle invite son propri\u00e9taire \u00e0 revoir ses priorit\u00e9s, et \u00e0 se d\u00e9barrasser du superflu.\u00a0 Elle favorise \u00e9galement l\u2019introspection pour une meilleure connaissance et acceptation de soi.\u00a0 Enfin, en g\u00e9obiologie, on peut disposer des pyramides \u00e0 des endroits d\u00e9termin\u00e9s par le pendule ou les baguettes afin de r\u00e9\u00e9quilibrer le r\u00e9seau de Hartmann l\u00e0 o\u00f9 les \u0153uvres humaines inconsid\u00e9r\u00e9es l\u2019ont perturb\u00e9.\" \/>\n<meta property=\"og:url\" content=\"https:\/\/www.spirit-us.eu\/index.php\/produit\/pyramide-de-geobiologie-en-shungite\/\" \/>\n<meta property=\"og:site_name\" content=\"Spirit-US\" \/>\n<meta property=\"article:publisher\" content=\"https:\/\/www.facebook.com\/spirit.us.deum\" \/>\n<meta property=\"article:modified_time\" content=\"2025-12-20T10:57:31+00:00\" \/>\n<meta property=\"og:image\" content=\"https:\/\/www.spirit-us.eu\/wp-content\/uploads\/2025\/05\/pyramide-shungite-galerie1.png\" \/>\n\t<meta property=\"og:image:width\" content=\"1080\" \/>\n\t<meta property=\"og:image:height\" content=\"1080\" \/>\n\t<meta property=\"og:image:type\" content=\"image\/png\" \/>\n<meta name=\"twitter:card\" content=\"summary_large_image\" \/>\n<meta name=\"twitter:label1\" content=\"Dur\u00e9e de lecture estim\u00e9e\" \/>\n\t<meta name=\"twitter:data1\" content=\"1 minute\" \/>\n<script type=\"application\/ld+json\" class=\"yoast-schema-graph\">{\"@context\":\"https:\/\/schema.org\",\"@graph\":[{\"@type\":\"WebPage\",\"@id\":\"https:\/\/www.spirit-us.eu\/index.php\/produit\/pyramide-de-geobiologie-en-shungite\/\",\"url\":\"https:\/\/www.spirit-us.eu\/index.php\/produit\/pyramide-de-geobiologie-en-shungite\/\",\"name\":\"PYRAMIDE DE GEOBIOLOGIE EN SHUNGITE avec fleur de vie - Spirit-US\",\"isPartOf\":{\"@id\":\"https:\/\/www.spirit-us.eu\/#website\"},\"primaryImageOfPage\":{\"@id\":\"https:\/\/www.spirit-us.eu\/index.php\/produit\/pyramide-de-geobiologie-en-shungite\/#primaryimage\"},\"image\":{\"@id\":\"https:\/\/www.spirit-us.eu\/index.php\/produit\/pyramide-de-geobiologie-en-shungite\/#primaryimage\"},\"thumbnailUrl\":\"https:\/\/www.spirit-us.eu\/wp-content\/uploads\/2025\/05\/pyramide-shungite-galerie1.png\",\"datePublished\":\"2025-05-20T14:06:59+00:00\",\"dateModified\":\"2025-12-20T10:57:31+00:00\",\"breadcrumb\":{\"@id\":\"https:\/\/www.spirit-us.eu\/index.php\/produit\/pyramide-de-geobiologie-en-shungite\/#breadcrumb\"},\"inLanguage\":\"fr-FR\",\"potentialAction\":[{\"@type\":\"ReadAction\",\"target\":[\"https:\/\/www.spirit-us.eu\/index.php\/produit\/pyramide-de-geobiologie-en-shungite\/\"]}]},{\"@type\":\"ImageObject\",\"inLanguage\":\"fr-FR\",\"@id\":\"https:\/\/www.spirit-us.eu\/index.php\/produit\/pyramide-de-geobiologie-en-shungite\/#primaryimage\",\"url\":\"https:\/\/www.spirit-us.eu\/wp-content\/uploads\/2025\/05\/pyramide-shungite-galerie1.png\",\"contentUrl\":\"https:\/\/www.spirit-us.eu\/wp-content\/uploads\/2025\/05\/pyramide-shungite-galerie1.png\",\"width\":1080,\"height\":1080},{\"@type\":\"BreadcrumbList\",\"@id\":\"https:\/\/www.spirit-us.eu\/index.php\/produit\/pyramide-de-geobiologie-en-shungite\/#breadcrumb\",\"itemListElement\":[{\"@type\":\"ListItem\",\"position\":1,\"name\":\"Accueil\",\"item\":\"https:\/\/www.spirit-us.eu\/\"},{\"@type\":\"ListItem\",\"position\":2,\"name\":\"Boutique\",\"item\":\"https:\/\/www.spirit-us.eu\/index.php\/boutique\/\"},{\"@type\":\"ListItem\",\"position\":3,\"name\":\"PYRAMIDE DE GEOBIOLOGIE EN SHUNGITE avec fleur de vie\"}]},{\"@type\":\"WebSite\",\"@id\":\"https:\/\/www.spirit-us.eu\/#website\",\"url\":\"https:\/\/www.spirit-us.eu\/\",\"name\":\"Spirit-US\",\"description\":\"\",\"publisher\":{\"@id\":\"https:\/\/www.spirit-us.eu\/#organization\"},\"potentialAction\":[{\"@type\":\"SearchAction\",\"target\":{\"@type\":\"EntryPoint\",\"urlTemplate\":\"https:\/\/www.spirit-us.eu\/?s={search_term_string}\"},\"query-input\":{\"@type\":\"PropertyValueSpecification\",\"valueRequired\":true,\"valueName\":\"search_term_string\"}}],\"inLanguage\":\"fr-FR\"},{\"@type\":\"Organization\",\"@id\":\"https:\/\/www.spirit-us.eu\/#organization\",\"name\":\"Spirit-US\",\"url\":\"https:\/\/www.spirit-us.eu\/\",\"logo\":{\"@type\":\"ImageObject\",\"inLanguage\":\"fr-FR\",\"@id\":\"https:\/\/www.spirit-us.eu\/#\/schema\/logo\/image\/\",\"url\":\"https:\/\/www.spirit-us.eu\/wp-content\/uploads\/2025\/11\/logo-regarde-linterlocutrice-sans-arrriere-plan.jpg\",\"contentUrl\":\"https:\/\/www.spirit-us.eu\/wp-content\/uploads\/2025\/11\/logo-regarde-linterlocutrice-sans-arrriere-plan.jpg\",\"width\":1080,\"height\":1080,\"caption\":\"Spirit-US\"},\"image\":{\"@id\":\"https:\/\/www.spirit-us.eu\/#\/schema\/logo\/image\/\"},\"sameAs\":[\"https:\/\/www.facebook.com\/spirit.us.deum\"]}]}<\/script>\n<!-- \/ Yoast SEO plugin. -->","yoast_head_json":{"title":"PYRAMIDE DE GEOBIOLOGIE EN SHUNGITE avec fleur de vie - Spirit-US","robots":{"index":"index","follow":"follow","max-snippet":"max-snippet:-1","max-image-preview":"max-image-preview:large","max-video-preview":"max-video-preview:-1"},"canonical":"https:\/\/www.spirit-us.eu\/index.php\/produit\/pyramide-de-geobiologie-en-shungite\/","og_locale":"fr_FR","og_type":"article","og_title":"PYRAMIDE DE GEOBIOLOGIE EN SHUNGITE avec fleur de vie - Spirit-US","og_description":"Afin de pr\u00e9munir votre foyer des ondes \u00e9lectromagn\u00e9tiques diffus\u00e9es par le wifi, le t\u00e9l\u00e9phone, l\u2019ordinateur, les \u00e9metteurs ou lignes \u00e0 haute tension, disposez une pyramide ou un \u0153uf de Shungite dans vos pi\u00e8ces de vie.\u00a0 Porter des bijoux en Shungite s\u2019av\u00e8re recommand\u00e9, notamment pour les personnes qui manipulent r\u00e9guli\u00e8rement du mat\u00e9riel qui g\u00e9n\u00e8re des ondes n\u00e9gatives. Dans ce cas, mieux vaut privil\u00e9gier le port d\u2019un bracelet ou encore d\u2019une bague, puisqu\u2019ils prot\u00e8gent en premier les mains en contact avec les \u00e9l\u00e9ments en question. Tous les signes du zodiaque, sans distinction, peuvent profiter pleinement des bienfaits de la Shungite. La Pierre Shungite est reli\u00e9e au chakra racine, en lien direct \u00e0 la Terre. Lorsqu\u2019elle dirige son action vers ce carrefour \u00e9nerg\u00e9tique, elle encourage \u00e0 se reconnecter \u00e0 l\u2019essentiel. Ainsi, elle invite son propri\u00e9taire \u00e0 revoir ses priorit\u00e9s, et \u00e0 se d\u00e9barrasser du superflu.\u00a0 Elle favorise \u00e9galement l\u2019introspection pour une meilleure connaissance et acceptation de soi.\u00a0 Enfin, en g\u00e9obiologie, on peut disposer des pyramides \u00e0 des endroits d\u00e9termin\u00e9s par le pendule ou les baguettes afin de r\u00e9\u00e9quilibrer le r\u00e9seau de Hartmann l\u00e0 o\u00f9 les \u0153uvres humaines inconsid\u00e9r\u00e9es l\u2019ont perturb\u00e9.","og_url":"https:\/\/www.spirit-us.eu\/index.php\/produit\/pyramide-de-geobiologie-en-shungite\/","og_site_name":"Spirit-US","article_publisher":"https:\/\/www.facebook.com\/spirit.us.deum","article_modified_time":"2025-12-20T10:57:31+00:00","og_image":[{"width":1080,"height":1080,"url":"https:\/\/www.spirit-us.eu\/wp-content\/uploads\/2025\/05\/pyramide-shungite-galerie1.png","type":"image\/png"}],"twitter_card":"summary_large_image","twitter_misc":{"Dur\u00e9e de lecture estim\u00e9e":"1 minute"},"schema":{"@context":"https:\/\/schema.org","@graph":[{"@type":"WebPage","@id":"https:\/\/www.spirit-us.eu\/index.php\/produit\/pyramide-de-geobiologie-en-shungite\/","url":"https:\/\/www.spirit-us.eu\/index.php\/produit\/pyramide-de-geobiologie-en-shungite\/","name":"PYRAMIDE DE GEOBIOLOGIE EN SHUNGITE avec fleur de vie - Spirit-US","isPartOf":{"@id":"https:\/\/www.spirit-us.eu\/#website"},"primaryImageOfPage":{"@id":"https:\/\/www.spirit-us.eu\/index.php\/produit\/pyramide-de-geobiologie-en-shungite\/#primaryimage"},"image":{"@id":"https:\/\/www.spirit-us.eu\/index.php\/produit\/pyramide-de-geobiologie-en-shungite\/#primaryimage"},"thumbnailUrl":"https:\/\/www.spirit-us.eu\/wp-content\/uploads\/2025\/05\/pyramide-shungite-galerie1.png","datePublished":"2025-05-20T14:06:59+00:00","dateModified":"2025-12-20T10:57:31+00:00","breadcrumb":{"@id":"https:\/\/www.spirit-us.eu\/index.php\/produit\/pyramide-de-geobiologie-en-shungite\/#breadcrumb"},"inLanguage":"fr-FR","potentialAction":[{"@type":"ReadAction","target":["https:\/\/www.spirit-us.eu\/index.php\/produit\/pyramide-de-geobiologie-en-shungite\/"]}]},{"@type":"ImageObject","inLanguage":"fr-FR","@id":"https:\/\/www.spirit-us.eu\/index.php\/produit\/pyramide-de-geobiologie-en-shungite\/#primaryimage","url":"https:\/\/www.spirit-us.eu\/wp-content\/uploads\/2025\/05\/pyramide-shungite-galerie1.png","contentUrl":"https:\/\/www.spirit-us.eu\/wp-content\/uploads\/2025\/05\/pyramide-shungite-galerie1.png","width":1080,"height":1080},{"@type":"BreadcrumbList","@id":"https:\/\/www.spirit-us.eu\/index.php\/produit\/pyramide-de-geobiologie-en-shungite\/#breadcrumb","itemListElement":[{"@type":"ListItem","position":1,"name":"Accueil","item":"https:\/\/www.spirit-us.eu\/"},{"@type":"ListItem","position":2,"name":"Boutique","item":"https:\/\/www.spirit-us.eu\/index.php\/boutique\/"},{"@type":"ListItem","position":3,"name":"PYRAMIDE DE GEOBIOLOGIE EN SHUNGITE avec fleur de vie"}]},{"@type":"WebSite","@id":"https:\/\/www.spirit-us.eu\/#website","url":"https:\/\/www.spirit-us.eu\/","name":"Spirit-US","description":"","publisher":{"@id":"https:\/\/www.spirit-us.eu\/#organization"},"potentialAction":[{"@type":"SearchAction","target":{"@type":"EntryPoint","urlTemplate":"https:\/\/www.spirit-us.eu\/?s={search_term_string}"},"query-input":{"@type":"PropertyValueSpecification","valueRequired":true,"valueName":"search_term_string"}}],"inLanguage":"fr-FR"},{"@type":"Organization","@id":"https:\/\/www.spirit-us.eu\/#organization","name":"Spirit-US","url":"https:\/\/www.spirit-us.eu\/","logo":{"@type":"ImageObject","inLanguage":"fr-FR","@id":"https:\/\/www.spirit-us.eu\/#\/schema\/logo\/image\/","url":"https:\/\/www.spirit-us.eu\/wp-content\/uploads\/2025\/11\/logo-regarde-linterlocutrice-sans-arrriere-plan.jpg","contentUrl":"https:\/\/www.spirit-us.eu\/wp-content\/uploads\/2025\/11\/logo-regarde-linterlocutrice-sans-arrriere-plan.jpg","width":1080,"height":1080,"caption":"Spirit-US"},"image":{"@id":"https:\/\/www.spirit-us.eu\/#\/schema\/logo\/image\/"},"sameAs":["https:\/\/www.facebook.com\/spirit.us.deum"]}]}},"jetpack_sharing_enabled":true,"_links":{"self":[{"href":"https:\/\/www.spirit-us.eu\/index.php\/wp-json\/wp\/v2\/product\/1563","targetHints":{"allow":["GET"]}}],"collection":[{"href":"https:\/\/www.spirit-us.eu\/index.php\/wp-json\/wp\/v2\/product"}],"about":[{"href":"https:\/\/www.spirit-us.eu\/index.php\/wp-json\/wp\/v2\/types\/product"}],"replies":[{"embeddable":true,"href":"https:\/\/www.spirit-us.eu\/index.php\/wp-json\/wp\/v2\/comments?post=1563"}],"wp:featuredmedia":[{"embeddable":true,"href":"https:\/\/www.spirit-us.eu\/index.php\/wp-json\/wp\/v2\/media\/2042"}],"wp:attachment":[{"href":"https:\/\/www.spirit-us.eu\/index.php\/wp-json\/wp\/v2\/media?parent=1563"}],"wp:term":[{"taxonomy":"product_brand","embeddable":true,"href":"https:\/\/www.spirit-us.eu\/index.php\/wp-json\/wp\/v2\/product_brand?post=1563"},{"taxonomy":"product_cat","embeddable":true,"href":"https:\/\/www.spirit-us.eu\/index.php\/wp-json\/wp\/v2\/product_cat?post=1563"},{"taxonomy":"product_tag","embeddable":true,"href":"https:\/\/www.spirit-us.eu\/index.php\/wp-json\/wp\/v2\/product_tag?post=1563"},{"taxonomy":"mwb_booking_cost","embeddable":true,"href":"https:\/\/www.spirit-us.eu\/index.php\/wp-json\/wp\/v2\/mwb_booking_cost?post=1563"},{"taxonomy":"mwb_booking_service","embeddable":true,"href":"https:\/\/www.spirit-us.eu\/index.php\/wp-json\/wp\/v2\/mwb_booking_service?post=1563"}],"curies":[{"name":"wp","href":"https:\/\/api.w.org\/{rel}","templated":true}]}}