{"id":1555,"date":"2025-05-20T14:35:57","date_gmt":"2025-05-20T12:35:57","guid":{"rendered":"https:\/\/www.spirit-us.eu\/?post_type=product&#038;p=1555"},"modified":"2025-12-17T10:51:08","modified_gmt":"2025-12-17T09:51:08","slug":"bracelet-de-prosperite-en-aventurine","status":"publish","type":"product","link":"https:\/\/www.spirit-us.eu\/index.php\/produit\/bracelet-de-prosperite-en-aventurine\/","title":{"rendered":"BRACELET DE PROSPERITE EN AVENTURINE"},"content":{"rendered":"<p><strong>Dimensions<\/strong>\u00a0: longueur du bracelet 19 cm<\/p>\n<p><strong>Couleurs<\/strong>\u00a0: nuances de vert, perles blanches, perles ambr\u00e9es et m\u00e9tal dor\u00e9<\/p>\n<p><strong>Mat\u00e9riau principal<\/strong> :\u00a0pierre naturelle<\/p>\n<p><strong>Mat\u00e9riaux<\/strong>\u00a0: perles en aventurine, chrysocolla et breloque en m\u00e9tal dor\u00e9<\/p>\n<p><strong>Dimension des perles<\/strong>\u00a0: 0,8 cm<\/p>\n<p>Chaque perle est s\u00e9par\u00e9e par un petit anneau en m\u00e9tal dor\u00e9<\/p>\n<p><strong>Circonstances<\/strong>\u00a0: f\u00eate de la saint Patrick et de l\u2019Irlande\u00a0; bijou de prosp\u00e9rit\u00e9 et de chance au jeu de hasard et en toute circonstance de la vie.<\/p>\n<p>Unisexe<\/p>\n","protected":false},"excerpt":{"rendered":"<p style=\"text-align: justify;\">Bracelet en perles de pierre verte aventurine et chrysocolle avec breloque dor\u00e9e \u00a0en forme de tr\u00e8fle \u00e0 quatre feuilles, bijoux de pierre naturelle pour la prosp\u00e9rit\u00e9, style boh\u00e8me vintage\u00a0; \u00e9galement consid\u00e9r\u00e9 comme un joli cadeau pour la f\u00eate de la saint Patrick et le jour de gr\u00e2ce, accessoire \u00e9l\u00e9gant unisexe. Significations de ce bijou\u00a0: les propri\u00e9t\u00e9s m\u00e9taphysiques de la chrysocolle incluent son\u00a0\u00e9nergie de mise \u00e0 la terre et d&rsquo;apaisement, ce qui la rend b\u00e9n\u00e9fique pour les relations et le deuil. L&rsquo;aventurine quant \u00e0 elle, s&rsquo;entoure de mystique, avec des vertus qui vont au-del\u00e0 de l&rsquo;esth\u00e9tique pour toucher les plans spirituels. Elle est per\u00e7ue comme une pierre qui\u00a0favorise l&rsquo;\u00e9quilibre \u00e9motionnel, calmant le tourment int\u00e9rieur et renfor\u00e7ant l&rsquo;auto-discipline. Enfin, l\u2019alliance des couleurs verte et or, connectent ce bijou \u00e0 la chance et \u00e0 la prosp\u00e9rit\u00e9\u00a0; on peut le porter sur soi lorsqu\u2019on tente sa chance au jeu ou lorsqu\u2019on souhaite jouer en bourse.<\/p>\n","protected":false},"featured_media":1556,"comment_status":"open","ping_status":"closed","template":"","meta":[],"product_brand":[],"product_cat":[156,460,17],"product_tag":[],"mwb_booking_cost":[],"mwb_booking_service":[],"class_list":{"0":"post-1555","1":"product","2":"type-product","3":"status-publish","4":"has-post-thumbnail","6":"product_cat-04-bijoux","7":"product_cat-bracelets","8":"product_cat-tous-les-produits","10":"first","11":"instock","12":"shipping-taxable","13":"purchasable","14":"product-type-simple"},"yoast_head":"<!-- This site is optimized with the Yoast SEO plugin v27.1.1 - https:\/\/yoast.com\/product\/yoast-seo-wordpress\/ -->\n<title>BRACELET DE PROSPERITE EN AVENTURINE - Spirit-US<\/title>\n<meta name=\"robots\" content=\"index, follow, max-snippet:-1, max-image-preview:large, max-video-preview:-1\" \/>\n<link rel=\"canonical\" href=\"https:\/\/www.spirit-us.eu\/index.php\/produit\/bracelet-de-prosperite-en-aventurine\/\" \/>\n<meta property=\"og:locale\" content=\"fr_FR\" \/>\n<meta property=\"og:type\" content=\"article\" \/>\n<meta property=\"og:title\" content=\"BRACELET DE PROSPERITE EN AVENTURINE - Spirit-US\" \/>\n<meta property=\"og:description\" content=\"Bracelet en perles de pierre verte aventurine et chrysocolle avec breloque dor\u00e9e \u00a0en forme de tr\u00e8fle \u00e0 quatre feuilles, bijoux de pierre naturelle pour la prosp\u00e9rit\u00e9, style boh\u00e8me vintage\u00a0; \u00e9galement consid\u00e9r\u00e9 comme un joli cadeau pour la f\u00eate de la saint Patrick et le jour de gr\u00e2ce, accessoire \u00e9l\u00e9gant unisexe. Significations de ce bijou\u00a0: les propri\u00e9t\u00e9s m\u00e9taphysiques de la chrysocolle incluent son\u00a0\u00e9nergie de mise \u00e0 la terre et d&#039;apaisement, ce qui la rend b\u00e9n\u00e9fique pour les relations et le deuil. L&#039;aventurine quant \u00e0 elle, s&#039;entoure de mystique, avec des vertus qui vont au-del\u00e0 de l&#039;esth\u00e9tique pour toucher les plans spirituels. Elle est per\u00e7ue comme une pierre qui\u00a0favorise l&#039;\u00e9quilibre \u00e9motionnel, calmant le tourment int\u00e9rieur et renfor\u00e7ant l&#039;auto-discipline. Enfin, l\u2019alliance des couleurs verte et or, connectent ce bijou \u00e0 la chance et \u00e0 la prosp\u00e9rit\u00e9\u00a0; on peut le porter sur soi lorsqu\u2019on tente sa chance au jeu ou lorsqu\u2019on souhaite jouer en bourse.\" \/>\n<meta property=\"og:url\" content=\"https:\/\/www.spirit-us.eu\/index.php\/produit\/bracelet-de-prosperite-en-aventurine\/\" \/>\n<meta property=\"og:site_name\" content=\"Spirit-US\" \/>\n<meta property=\"article:publisher\" content=\"https:\/\/www.facebook.com\/spirit.us.deum\" \/>\n<meta property=\"article:modified_time\" content=\"2025-12-17T09:51:08+00:00\" \/>\n<meta property=\"og:image\" content=\"https:\/\/www.spirit-us.eu\/wp-content\/uploads\/2025\/05\/bracelet-aventurine-galerie.png\" \/>\n\t<meta property=\"og:image:width\" content=\"1080\" \/>\n\t<meta property=\"og:image:height\" content=\"1080\" \/>\n\t<meta property=\"og:image:type\" content=\"image\/png\" \/>\n<meta name=\"twitter:card\" content=\"summary_large_image\" \/>\n<script type=\"application\/ld+json\" class=\"yoast-schema-graph\">{\"@context\":\"https:\/\/schema.org\",\"@graph\":[{\"@type\":\"WebPage\",\"@id\":\"https:\/\/www.spirit-us.eu\/index.php\/produit\/bracelet-de-prosperite-en-aventurine\/\",\"url\":\"https:\/\/www.spirit-us.eu\/index.php\/produit\/bracelet-de-prosperite-en-aventurine\/\",\"name\":\"BRACELET DE PROSPERITE EN AVENTURINE - Spirit-US\",\"isPartOf\":{\"@id\":\"https:\/\/www.spirit-us.eu\/#website\"},\"primaryImageOfPage\":{\"@id\":\"https:\/\/www.spirit-us.eu\/index.php\/produit\/bracelet-de-prosperite-en-aventurine\/#primaryimage\"},\"image\":{\"@id\":\"https:\/\/www.spirit-us.eu\/index.php\/produit\/bracelet-de-prosperite-en-aventurine\/#primaryimage\"},\"thumbnailUrl\":\"https:\/\/www.spirit-us.eu\/wp-content\/uploads\/2025\/05\/bracelet-aventurine-galerie.png\",\"datePublished\":\"2025-05-20T12:35:57+00:00\",\"dateModified\":\"2025-12-17T09:51:08+00:00\",\"breadcrumb\":{\"@id\":\"https:\/\/www.spirit-us.eu\/index.php\/produit\/bracelet-de-prosperite-en-aventurine\/#breadcrumb\"},\"inLanguage\":\"fr-FR\",\"potentialAction\":[{\"@type\":\"ReadAction\",\"target\":[\"https:\/\/www.spirit-us.eu\/index.php\/produit\/bracelet-de-prosperite-en-aventurine\/\"]}]},{\"@type\":\"ImageObject\",\"inLanguage\":\"fr-FR\",\"@id\":\"https:\/\/www.spirit-us.eu\/index.php\/produit\/bracelet-de-prosperite-en-aventurine\/#primaryimage\",\"url\":\"https:\/\/www.spirit-us.eu\/wp-content\/uploads\/2025\/05\/bracelet-aventurine-galerie.png\",\"contentUrl\":\"https:\/\/www.spirit-us.eu\/wp-content\/uploads\/2025\/05\/bracelet-aventurine-galerie.png\",\"width\":1080,\"height\":1080},{\"@type\":\"BreadcrumbList\",\"@id\":\"https:\/\/www.spirit-us.eu\/index.php\/produit\/bracelet-de-prosperite-en-aventurine\/#breadcrumb\",\"itemListElement\":[{\"@type\":\"ListItem\",\"position\":1,\"name\":\"Accueil\",\"item\":\"https:\/\/www.spirit-us.eu\/\"},{\"@type\":\"ListItem\",\"position\":2,\"name\":\"Boutique\",\"item\":\"https:\/\/www.spirit-us.eu\/index.php\/boutique\/\"},{\"@type\":\"ListItem\",\"position\":3,\"name\":\"BRACELET DE PROSPERITE EN AVENTURINE\"}]},{\"@type\":\"WebSite\",\"@id\":\"https:\/\/www.spirit-us.eu\/#website\",\"url\":\"https:\/\/www.spirit-us.eu\/\",\"name\":\"Spirit-US\",\"description\":\"\",\"publisher\":{\"@id\":\"https:\/\/www.spirit-us.eu\/#organization\"},\"potentialAction\":[{\"@type\":\"SearchAction\",\"target\":{\"@type\":\"EntryPoint\",\"urlTemplate\":\"https:\/\/www.spirit-us.eu\/?s={search_term_string}\"},\"query-input\":{\"@type\":\"PropertyValueSpecification\",\"valueRequired\":true,\"valueName\":\"search_term_string\"}}],\"inLanguage\":\"fr-FR\"},{\"@type\":\"Organization\",\"@id\":\"https:\/\/www.spirit-us.eu\/#organization\",\"name\":\"Spirit-US\",\"url\":\"https:\/\/www.spirit-us.eu\/\",\"logo\":{\"@type\":\"ImageObject\",\"inLanguage\":\"fr-FR\",\"@id\":\"https:\/\/www.spirit-us.eu\/#\/schema\/logo\/image\/\",\"url\":\"https:\/\/www.spirit-us.eu\/wp-content\/uploads\/2025\/11\/logo-regarde-linterlocutrice-sans-arrriere-plan.jpg\",\"contentUrl\":\"https:\/\/www.spirit-us.eu\/wp-content\/uploads\/2025\/11\/logo-regarde-linterlocutrice-sans-arrriere-plan.jpg\",\"width\":1080,\"height\":1080,\"caption\":\"Spirit-US\"},\"image\":{\"@id\":\"https:\/\/www.spirit-us.eu\/#\/schema\/logo\/image\/\"},\"sameAs\":[\"https:\/\/www.facebook.com\/spirit.us.deum\"]}]}<\/script>\n<!-- \/ Yoast SEO plugin. -->","yoast_head_json":{"title":"BRACELET DE PROSPERITE EN AVENTURINE - Spirit-US","robots":{"index":"index","follow":"follow","max-snippet":"max-snippet:-1","max-image-preview":"max-image-preview:large","max-video-preview":"max-video-preview:-1"},"canonical":"https:\/\/www.spirit-us.eu\/index.php\/produit\/bracelet-de-prosperite-en-aventurine\/","og_locale":"fr_FR","og_type":"article","og_title":"BRACELET DE PROSPERITE EN AVENTURINE - Spirit-US","og_description":"Bracelet en perles de pierre verte aventurine et chrysocolle avec breloque dor\u00e9e \u00a0en forme de tr\u00e8fle \u00e0 quatre feuilles, bijoux de pierre naturelle pour la prosp\u00e9rit\u00e9, style boh\u00e8me vintage\u00a0; \u00e9galement consid\u00e9r\u00e9 comme un joli cadeau pour la f\u00eate de la saint Patrick et le jour de gr\u00e2ce, accessoire \u00e9l\u00e9gant unisexe. Significations de ce bijou\u00a0: les propri\u00e9t\u00e9s m\u00e9taphysiques de la chrysocolle incluent son\u00a0\u00e9nergie de mise \u00e0 la terre et d'apaisement, ce qui la rend b\u00e9n\u00e9fique pour les relations et le deuil. L'aventurine quant \u00e0 elle, s'entoure de mystique, avec des vertus qui vont au-del\u00e0 de l'esth\u00e9tique pour toucher les plans spirituels. Elle est per\u00e7ue comme une pierre qui\u00a0favorise l'\u00e9quilibre \u00e9motionnel, calmant le tourment int\u00e9rieur et renfor\u00e7ant l'auto-discipline. Enfin, l\u2019alliance des couleurs verte et or, connectent ce bijou \u00e0 la chance et \u00e0 la prosp\u00e9rit\u00e9\u00a0; on peut le porter sur soi lorsqu\u2019on tente sa chance au jeu ou lorsqu\u2019on souhaite jouer en bourse.","og_url":"https:\/\/www.spirit-us.eu\/index.php\/produit\/bracelet-de-prosperite-en-aventurine\/","og_site_name":"Spirit-US","article_publisher":"https:\/\/www.facebook.com\/spirit.us.deum","article_modified_time":"2025-12-17T09:51:08+00:00","og_image":[{"width":1080,"height":1080,"url":"https:\/\/www.spirit-us.eu\/wp-content\/uploads\/2025\/05\/bracelet-aventurine-galerie.png","type":"image\/png"}],"twitter_card":"summary_large_image","schema":{"@context":"https:\/\/schema.org","@graph":[{"@type":"WebPage","@id":"https:\/\/www.spirit-us.eu\/index.php\/produit\/bracelet-de-prosperite-en-aventurine\/","url":"https:\/\/www.spirit-us.eu\/index.php\/produit\/bracelet-de-prosperite-en-aventurine\/","name":"BRACELET DE PROSPERITE EN AVENTURINE - Spirit-US","isPartOf":{"@id":"https:\/\/www.spirit-us.eu\/#website"},"primaryImageOfPage":{"@id":"https:\/\/www.spirit-us.eu\/index.php\/produit\/bracelet-de-prosperite-en-aventurine\/#primaryimage"},"image":{"@id":"https:\/\/www.spirit-us.eu\/index.php\/produit\/bracelet-de-prosperite-en-aventurine\/#primaryimage"},"thumbnailUrl":"https:\/\/www.spirit-us.eu\/wp-content\/uploads\/2025\/05\/bracelet-aventurine-galerie.png","datePublished":"2025-05-20T12:35:57+00:00","dateModified":"2025-12-17T09:51:08+00:00","breadcrumb":{"@id":"https:\/\/www.spirit-us.eu\/index.php\/produit\/bracelet-de-prosperite-en-aventurine\/#breadcrumb"},"inLanguage":"fr-FR","potentialAction":[{"@type":"ReadAction","target":["https:\/\/www.spirit-us.eu\/index.php\/produit\/bracelet-de-prosperite-en-aventurine\/"]}]},{"@type":"ImageObject","inLanguage":"fr-FR","@id":"https:\/\/www.spirit-us.eu\/index.php\/produit\/bracelet-de-prosperite-en-aventurine\/#primaryimage","url":"https:\/\/www.spirit-us.eu\/wp-content\/uploads\/2025\/05\/bracelet-aventurine-galerie.png","contentUrl":"https:\/\/www.spirit-us.eu\/wp-content\/uploads\/2025\/05\/bracelet-aventurine-galerie.png","width":1080,"height":1080},{"@type":"BreadcrumbList","@id":"https:\/\/www.spirit-us.eu\/index.php\/produit\/bracelet-de-prosperite-en-aventurine\/#breadcrumb","itemListElement":[{"@type":"ListItem","position":1,"name":"Accueil","item":"https:\/\/www.spirit-us.eu\/"},{"@type":"ListItem","position":2,"name":"Boutique","item":"https:\/\/www.spirit-us.eu\/index.php\/boutique\/"},{"@type":"ListItem","position":3,"name":"BRACELET DE PROSPERITE EN AVENTURINE"}]},{"@type":"WebSite","@id":"https:\/\/www.spirit-us.eu\/#website","url":"https:\/\/www.spirit-us.eu\/","name":"Spirit-US","description":"","publisher":{"@id":"https:\/\/www.spirit-us.eu\/#organization"},"potentialAction":[{"@type":"SearchAction","target":{"@type":"EntryPoint","urlTemplate":"https:\/\/www.spirit-us.eu\/?s={search_term_string}"},"query-input":{"@type":"PropertyValueSpecification","valueRequired":true,"valueName":"search_term_string"}}],"inLanguage":"fr-FR"},{"@type":"Organization","@id":"https:\/\/www.spirit-us.eu\/#organization","name":"Spirit-US","url":"https:\/\/www.spirit-us.eu\/","logo":{"@type":"ImageObject","inLanguage":"fr-FR","@id":"https:\/\/www.spirit-us.eu\/#\/schema\/logo\/image\/","url":"https:\/\/www.spirit-us.eu\/wp-content\/uploads\/2025\/11\/logo-regarde-linterlocutrice-sans-arrriere-plan.jpg","contentUrl":"https:\/\/www.spirit-us.eu\/wp-content\/uploads\/2025\/11\/logo-regarde-linterlocutrice-sans-arrriere-plan.jpg","width":1080,"height":1080,"caption":"Spirit-US"},"image":{"@id":"https:\/\/www.spirit-us.eu\/#\/schema\/logo\/image\/"},"sameAs":["https:\/\/www.facebook.com\/spirit.us.deum"]}]}},"jetpack_sharing_enabled":true,"_links":{"self":[{"href":"https:\/\/www.spirit-us.eu\/index.php\/wp-json\/wp\/v2\/product\/1555","targetHints":{"allow":["GET"]}}],"collection":[{"href":"https:\/\/www.spirit-us.eu\/index.php\/wp-json\/wp\/v2\/product"}],"about":[{"href":"https:\/\/www.spirit-us.eu\/index.php\/wp-json\/wp\/v2\/types\/product"}],"replies":[{"embeddable":true,"href":"https:\/\/www.spirit-us.eu\/index.php\/wp-json\/wp\/v2\/comments?post=1555"}],"wp:featuredmedia":[{"embeddable":true,"href":"https:\/\/www.spirit-us.eu\/index.php\/wp-json\/wp\/v2\/media\/1556"}],"wp:attachment":[{"href":"https:\/\/www.spirit-us.eu\/index.php\/wp-json\/wp\/v2\/media?parent=1555"}],"wp:term":[{"taxonomy":"product_brand","embeddable":true,"href":"https:\/\/www.spirit-us.eu\/index.php\/wp-json\/wp\/v2\/product_brand?post=1555"},{"taxonomy":"product_cat","embeddable":true,"href":"https:\/\/www.spirit-us.eu\/index.php\/wp-json\/wp\/v2\/product_cat?post=1555"},{"taxonomy":"product_tag","embeddable":true,"href":"https:\/\/www.spirit-us.eu\/index.php\/wp-json\/wp\/v2\/product_tag?post=1555"},{"taxonomy":"mwb_booking_cost","embeddable":true,"href":"https:\/\/www.spirit-us.eu\/index.php\/wp-json\/wp\/v2\/mwb_booking_cost?post=1555"},{"taxonomy":"mwb_booking_service","embeddable":true,"href":"https:\/\/www.spirit-us.eu\/index.php\/wp-json\/wp\/v2\/mwb_booking_service?post=1555"}],"curies":[{"name":"wp","href":"https:\/\/api.w.org\/{rel}","templated":true}]}}