{"id":1541,"date":"2025-07-25T05:16:08","date_gmt":"2025-07-25T03:16:08","guid":{"rendered":"https:\/\/www.spirit-us.eu\/?post_type=product&#038;p=1541"},"modified":"2025-12-17T10:47:44","modified_gmt":"2025-12-17T09:47:44","slug":"bracelet-en-hematite-attraction-protection","status":"publish","type":"product","link":"https:\/\/www.spirit-us.eu\/index.php\/produit\/bracelet-en-hematite-attraction-protection\/","title":{"rendered":"BRACELET en HEMATITE &#8211; attraction &#038; protection"},"content":{"rendered":"<p>Bracelet en pierre d&rsquo;h\u00e9matite (attraction de Bien et protection de toute entreprise)<\/p>\n<p><strong>Mat\u00e9riau<\/strong> : pierre roul\u00e9e d&rsquo;h\u00e9matite<\/p>\n<p><strong>Dimensions<\/strong> :<\/p>\n<ul>\n<li>Bracelet : 23 \u00e0 24 cm<\/li>\n<li>Perles : 8 mm<\/li>\n<li>Perle de finition : 1 cm<\/li>\n<\/ul>\n<p><strong>Pr\u00e9sentation<\/strong> : dans une pochette pr\u00e9cieuse respectueuse du magn\u00e9tisme de la pierre<\/p>\n<p>Emballage cadeau sur demande.<\/p>\n<p>Unisexe.<\/p>\n","protected":false},"excerpt":{"rendered":"<p style=\"text-align: justify;\">Bracelet de puissance et de protection, reli\u00e9 au chakra de l&rsquo;\u00e9toile-terre, pour homme\u00a0 ou pour femme ayant besoin de s&rsquo;ancrer, de d\u00e9ployer sa puissance et de demeurer dans la protection parfaite dans toutes ses entreprises de Lumi\u00e8re. Sur le plan spirituel, l&rsquo;h\u00e9matite est associ\u00e9e \u00e0 l&rsquo;ancrage, \u00e0 la protection et \u00e0 la force. On pense qu&rsquo;elle contribue \u00e0 ancrer l&rsquo;\u00e2me dans le monde physique, \u00e0 favoriser un sentiment de stabilit\u00e9 et de s\u00e9curit\u00e9, et \u00e0 d\u00e9tourner les \u00e9nergies n\u00e9gatives. L&rsquo;h\u00e9matite magn\u00e9tique combine les bienfaits de la pierre et de l&rsquo;aimant. Cette pierre r\u00e9\u00e9quilibre les polarit\u00e9s du corps et apporte chaleur et bien-\u00eatre \u00e0 celui-ci. Par son magn\u00e9tisme, elle est aussi un pierre d&rsquo;attraction qui peut \u00eatre utilis\u00e9e dans les rituels de prosp\u00e9rit\u00e9. Elle compose une magnifique synergie avec la pierre \/ les bijoux en \u0153il de tigre : leurs couleurs sont en harmonie et leurs bienfaits \u00e9galement.<\/p>\n","protected":false},"featured_media":1933,"comment_status":"open","ping_status":"closed","template":"","meta":[],"product_brand":[],"product_cat":[156,460,157,166,17],"product_tag":[185,183,182,184],"mwb_booking_cost":[],"mwb_booking_service":[],"class_list":{"0":"post-1541","1":"product","2":"type-product","3":"status-publish","4":"has-post-thumbnail","6":"product_cat-04-bijoux","7":"product_cat-bracelets","8":"product_cat-06-rituels-et-protection","9":"product_cat-07-spiritualite-et-benedictions","10":"product_cat-tous-les-produits","11":"product_tag-chakra-etoile-de-la-terre","12":"product_tag-fete-des-peres","13":"product_tag-hommes","14":"product_tag-saint-valentin","16":"first","17":"instock","18":"shipping-taxable","19":"purchasable","20":"product-type-simple"},"yoast_head":"<!-- This site is optimized with the Yoast SEO plugin v27.1.1 - https:\/\/yoast.com\/product\/yoast-seo-wordpress\/ -->\n<title>BRACELET en HEMATITE - attraction &amp; protection - Spirit-US<\/title>\n<meta name=\"robots\" content=\"index, follow, max-snippet:-1, max-image-preview:large, max-video-preview:-1\" \/>\n<link rel=\"canonical\" href=\"https:\/\/www.spirit-us.eu\/index.php\/produit\/bracelet-en-hematite-attraction-protection\/\" \/>\n<meta property=\"og:locale\" content=\"fr_FR\" \/>\n<meta property=\"og:type\" content=\"article\" \/>\n<meta property=\"og:title\" content=\"BRACELET en HEMATITE - attraction &amp; protection - Spirit-US\" \/>\n<meta property=\"og:description\" content=\"Bracelet de puissance et de protection, reli\u00e9 au chakra de l&#039;\u00e9toile-terre, pour homme\u00a0 ou pour femme ayant besoin de s&#039;ancrer, de d\u00e9ployer sa puissance et de demeurer dans la protection parfaite dans toutes ses entreprises de Lumi\u00e8re. Sur le plan spirituel, l&#039;h\u00e9matite est associ\u00e9e \u00e0 l&#039;ancrage, \u00e0 la protection et \u00e0 la force. On pense qu&#039;elle contribue \u00e0 ancrer l&#039;\u00e2me dans le monde physique, \u00e0 favoriser un sentiment de stabilit\u00e9 et de s\u00e9curit\u00e9, et \u00e0 d\u00e9tourner les \u00e9nergies n\u00e9gatives. L&#039;h\u00e9matite magn\u00e9tique combine les bienfaits de la pierre et de l&#039;aimant. Cette pierre r\u00e9\u00e9quilibre les polarit\u00e9s du corps et apporte chaleur et bien-\u00eatre \u00e0 celui-ci. Par son magn\u00e9tisme, elle est aussi un pierre d&#039;attraction qui peut \u00eatre utilis\u00e9e dans les rituels de prosp\u00e9rit\u00e9. Elle compose une magnifique synergie avec la pierre \/ les bijoux en \u0153il de tigre : leurs couleurs sont en harmonie et leurs bienfaits \u00e9galement.\" \/>\n<meta property=\"og:url\" content=\"https:\/\/www.spirit-us.eu\/index.php\/produit\/bracelet-en-hematite-attraction-protection\/\" \/>\n<meta property=\"og:site_name\" content=\"Spirit-US\" \/>\n<meta property=\"article:publisher\" content=\"https:\/\/www.facebook.com\/spirit.us.deum\" \/>\n<meta property=\"article:modified_time\" content=\"2025-12-17T09:47:44+00:00\" \/>\n<meta property=\"og:image\" content=\"https:\/\/www.spirit-us.eu\/wp-content\/uploads\/2025\/07\/hematite.png\" \/>\n\t<meta property=\"og:image:width\" content=\"1080\" \/>\n\t<meta property=\"og:image:height\" content=\"1080\" \/>\n\t<meta property=\"og:image:type\" content=\"image\/png\" \/>\n<meta name=\"twitter:card\" content=\"summary_large_image\" \/>\n<script type=\"application\/ld+json\" class=\"yoast-schema-graph\">{\"@context\":\"https:\/\/schema.org\",\"@graph\":[{\"@type\":\"WebPage\",\"@id\":\"https:\/\/www.spirit-us.eu\/index.php\/produit\/bracelet-en-hematite-attraction-protection\/\",\"url\":\"https:\/\/www.spirit-us.eu\/index.php\/produit\/bracelet-en-hematite-attraction-protection\/\",\"name\":\"BRACELET en HEMATITE - attraction & protection - Spirit-US\",\"isPartOf\":{\"@id\":\"https:\/\/www.spirit-us.eu\/#website\"},\"primaryImageOfPage\":{\"@id\":\"https:\/\/www.spirit-us.eu\/index.php\/produit\/bracelet-en-hematite-attraction-protection\/#primaryimage\"},\"image\":{\"@id\":\"https:\/\/www.spirit-us.eu\/index.php\/produit\/bracelet-en-hematite-attraction-protection\/#primaryimage\"},\"thumbnailUrl\":\"https:\/\/www.spirit-us.eu\/wp-content\/uploads\/2025\/07\/hematite.png\",\"datePublished\":\"2025-07-25T03:16:08+00:00\",\"dateModified\":\"2025-12-17T09:47:44+00:00\",\"breadcrumb\":{\"@id\":\"https:\/\/www.spirit-us.eu\/index.php\/produit\/bracelet-en-hematite-attraction-protection\/#breadcrumb\"},\"inLanguage\":\"fr-FR\",\"potentialAction\":[{\"@type\":\"ReadAction\",\"target\":[\"https:\/\/www.spirit-us.eu\/index.php\/produit\/bracelet-en-hematite-attraction-protection\/\"]}]},{\"@type\":\"ImageObject\",\"inLanguage\":\"fr-FR\",\"@id\":\"https:\/\/www.spirit-us.eu\/index.php\/produit\/bracelet-en-hematite-attraction-protection\/#primaryimage\",\"url\":\"https:\/\/www.spirit-us.eu\/wp-content\/uploads\/2025\/07\/hematite.png\",\"contentUrl\":\"https:\/\/www.spirit-us.eu\/wp-content\/uploads\/2025\/07\/hematite.png\",\"width\":1080,\"height\":1080},{\"@type\":\"BreadcrumbList\",\"@id\":\"https:\/\/www.spirit-us.eu\/index.php\/produit\/bracelet-en-hematite-attraction-protection\/#breadcrumb\",\"itemListElement\":[{\"@type\":\"ListItem\",\"position\":1,\"name\":\"Accueil\",\"item\":\"https:\/\/www.spirit-us.eu\/\"},{\"@type\":\"ListItem\",\"position\":2,\"name\":\"Boutique\",\"item\":\"https:\/\/www.spirit-us.eu\/index.php\/boutique\/\"},{\"@type\":\"ListItem\",\"position\":3,\"name\":\"BRACELET en HEMATITE &#8211; attraction &#038; protection\"}]},{\"@type\":\"WebSite\",\"@id\":\"https:\/\/www.spirit-us.eu\/#website\",\"url\":\"https:\/\/www.spirit-us.eu\/\",\"name\":\"Spirit-US\",\"description\":\"\",\"publisher\":{\"@id\":\"https:\/\/www.spirit-us.eu\/#organization\"},\"potentialAction\":[{\"@type\":\"SearchAction\",\"target\":{\"@type\":\"EntryPoint\",\"urlTemplate\":\"https:\/\/www.spirit-us.eu\/?s={search_term_string}\"},\"query-input\":{\"@type\":\"PropertyValueSpecification\",\"valueRequired\":true,\"valueName\":\"search_term_string\"}}],\"inLanguage\":\"fr-FR\"},{\"@type\":\"Organization\",\"@id\":\"https:\/\/www.spirit-us.eu\/#organization\",\"name\":\"Spirit-US\",\"url\":\"https:\/\/www.spirit-us.eu\/\",\"logo\":{\"@type\":\"ImageObject\",\"inLanguage\":\"fr-FR\",\"@id\":\"https:\/\/www.spirit-us.eu\/#\/schema\/logo\/image\/\",\"url\":\"https:\/\/www.spirit-us.eu\/wp-content\/uploads\/2025\/11\/logo-regarde-linterlocutrice-sans-arrriere-plan.jpg\",\"contentUrl\":\"https:\/\/www.spirit-us.eu\/wp-content\/uploads\/2025\/11\/logo-regarde-linterlocutrice-sans-arrriere-plan.jpg\",\"width\":1080,\"height\":1080,\"caption\":\"Spirit-US\"},\"image\":{\"@id\":\"https:\/\/www.spirit-us.eu\/#\/schema\/logo\/image\/\"},\"sameAs\":[\"https:\/\/www.facebook.com\/spirit.us.deum\"]}]}<\/script>\n<!-- \/ Yoast SEO plugin. -->","yoast_head_json":{"title":"BRACELET en HEMATITE - attraction & protection - Spirit-US","robots":{"index":"index","follow":"follow","max-snippet":"max-snippet:-1","max-image-preview":"max-image-preview:large","max-video-preview":"max-video-preview:-1"},"canonical":"https:\/\/www.spirit-us.eu\/index.php\/produit\/bracelet-en-hematite-attraction-protection\/","og_locale":"fr_FR","og_type":"article","og_title":"BRACELET en HEMATITE - attraction & protection - Spirit-US","og_description":"Bracelet de puissance et de protection, reli\u00e9 au chakra de l'\u00e9toile-terre, pour homme\u00a0 ou pour femme ayant besoin de s'ancrer, de d\u00e9ployer sa puissance et de demeurer dans la protection parfaite dans toutes ses entreprises de Lumi\u00e8re. Sur le plan spirituel, l'h\u00e9matite est associ\u00e9e \u00e0 l'ancrage, \u00e0 la protection et \u00e0 la force. On pense qu'elle contribue \u00e0 ancrer l'\u00e2me dans le monde physique, \u00e0 favoriser un sentiment de stabilit\u00e9 et de s\u00e9curit\u00e9, et \u00e0 d\u00e9tourner les \u00e9nergies n\u00e9gatives. L'h\u00e9matite magn\u00e9tique combine les bienfaits de la pierre et de l'aimant. Cette pierre r\u00e9\u00e9quilibre les polarit\u00e9s du corps et apporte chaleur et bien-\u00eatre \u00e0 celui-ci. Par son magn\u00e9tisme, elle est aussi un pierre d'attraction qui peut \u00eatre utilis\u00e9e dans les rituels de prosp\u00e9rit\u00e9. Elle compose une magnifique synergie avec la pierre \/ les bijoux en \u0153il de tigre : leurs couleurs sont en harmonie et leurs bienfaits \u00e9galement.","og_url":"https:\/\/www.spirit-us.eu\/index.php\/produit\/bracelet-en-hematite-attraction-protection\/","og_site_name":"Spirit-US","article_publisher":"https:\/\/www.facebook.com\/spirit.us.deum","article_modified_time":"2025-12-17T09:47:44+00:00","og_image":[{"width":1080,"height":1080,"url":"https:\/\/www.spirit-us.eu\/wp-content\/uploads\/2025\/07\/hematite.png","type":"image\/png"}],"twitter_card":"summary_large_image","schema":{"@context":"https:\/\/schema.org","@graph":[{"@type":"WebPage","@id":"https:\/\/www.spirit-us.eu\/index.php\/produit\/bracelet-en-hematite-attraction-protection\/","url":"https:\/\/www.spirit-us.eu\/index.php\/produit\/bracelet-en-hematite-attraction-protection\/","name":"BRACELET en HEMATITE - attraction & protection - Spirit-US","isPartOf":{"@id":"https:\/\/www.spirit-us.eu\/#website"},"primaryImageOfPage":{"@id":"https:\/\/www.spirit-us.eu\/index.php\/produit\/bracelet-en-hematite-attraction-protection\/#primaryimage"},"image":{"@id":"https:\/\/www.spirit-us.eu\/index.php\/produit\/bracelet-en-hematite-attraction-protection\/#primaryimage"},"thumbnailUrl":"https:\/\/www.spirit-us.eu\/wp-content\/uploads\/2025\/07\/hematite.png","datePublished":"2025-07-25T03:16:08+00:00","dateModified":"2025-12-17T09:47:44+00:00","breadcrumb":{"@id":"https:\/\/www.spirit-us.eu\/index.php\/produit\/bracelet-en-hematite-attraction-protection\/#breadcrumb"},"inLanguage":"fr-FR","potentialAction":[{"@type":"ReadAction","target":["https:\/\/www.spirit-us.eu\/index.php\/produit\/bracelet-en-hematite-attraction-protection\/"]}]},{"@type":"ImageObject","inLanguage":"fr-FR","@id":"https:\/\/www.spirit-us.eu\/index.php\/produit\/bracelet-en-hematite-attraction-protection\/#primaryimage","url":"https:\/\/www.spirit-us.eu\/wp-content\/uploads\/2025\/07\/hematite.png","contentUrl":"https:\/\/www.spirit-us.eu\/wp-content\/uploads\/2025\/07\/hematite.png","width":1080,"height":1080},{"@type":"BreadcrumbList","@id":"https:\/\/www.spirit-us.eu\/index.php\/produit\/bracelet-en-hematite-attraction-protection\/#breadcrumb","itemListElement":[{"@type":"ListItem","position":1,"name":"Accueil","item":"https:\/\/www.spirit-us.eu\/"},{"@type":"ListItem","position":2,"name":"Boutique","item":"https:\/\/www.spirit-us.eu\/index.php\/boutique\/"},{"@type":"ListItem","position":3,"name":"BRACELET en HEMATITE &#8211; attraction &#038; protection"}]},{"@type":"WebSite","@id":"https:\/\/www.spirit-us.eu\/#website","url":"https:\/\/www.spirit-us.eu\/","name":"Spirit-US","description":"","publisher":{"@id":"https:\/\/www.spirit-us.eu\/#organization"},"potentialAction":[{"@type":"SearchAction","target":{"@type":"EntryPoint","urlTemplate":"https:\/\/www.spirit-us.eu\/?s={search_term_string}"},"query-input":{"@type":"PropertyValueSpecification","valueRequired":true,"valueName":"search_term_string"}}],"inLanguage":"fr-FR"},{"@type":"Organization","@id":"https:\/\/www.spirit-us.eu\/#organization","name":"Spirit-US","url":"https:\/\/www.spirit-us.eu\/","logo":{"@type":"ImageObject","inLanguage":"fr-FR","@id":"https:\/\/www.spirit-us.eu\/#\/schema\/logo\/image\/","url":"https:\/\/www.spirit-us.eu\/wp-content\/uploads\/2025\/11\/logo-regarde-linterlocutrice-sans-arrriere-plan.jpg","contentUrl":"https:\/\/www.spirit-us.eu\/wp-content\/uploads\/2025\/11\/logo-regarde-linterlocutrice-sans-arrriere-plan.jpg","width":1080,"height":1080,"caption":"Spirit-US"},"image":{"@id":"https:\/\/www.spirit-us.eu\/#\/schema\/logo\/image\/"},"sameAs":["https:\/\/www.facebook.com\/spirit.us.deum"]}]}},"jetpack_sharing_enabled":true,"_links":{"self":[{"href":"https:\/\/www.spirit-us.eu\/index.php\/wp-json\/wp\/v2\/product\/1541","targetHints":{"allow":["GET"]}}],"collection":[{"href":"https:\/\/www.spirit-us.eu\/index.php\/wp-json\/wp\/v2\/product"}],"about":[{"href":"https:\/\/www.spirit-us.eu\/index.php\/wp-json\/wp\/v2\/types\/product"}],"replies":[{"embeddable":true,"href":"https:\/\/www.spirit-us.eu\/index.php\/wp-json\/wp\/v2\/comments?post=1541"}],"wp:featuredmedia":[{"embeddable":true,"href":"https:\/\/www.spirit-us.eu\/index.php\/wp-json\/wp\/v2\/media\/1933"}],"wp:attachment":[{"href":"https:\/\/www.spirit-us.eu\/index.php\/wp-json\/wp\/v2\/media?parent=1541"}],"wp:term":[{"taxonomy":"product_brand","embeddable":true,"href":"https:\/\/www.spirit-us.eu\/index.php\/wp-json\/wp\/v2\/product_brand?post=1541"},{"taxonomy":"product_cat","embeddable":true,"href":"https:\/\/www.spirit-us.eu\/index.php\/wp-json\/wp\/v2\/product_cat?post=1541"},{"taxonomy":"product_tag","embeddable":true,"href":"https:\/\/www.spirit-us.eu\/index.php\/wp-json\/wp\/v2\/product_tag?post=1541"},{"taxonomy":"mwb_booking_cost","embeddable":true,"href":"https:\/\/www.spirit-us.eu\/index.php\/wp-json\/wp\/v2\/mwb_booking_cost?post=1541"},{"taxonomy":"mwb_booking_service","embeddable":true,"href":"https:\/\/www.spirit-us.eu\/index.php\/wp-json\/wp\/v2\/mwb_booking_service?post=1541"}],"curies":[{"name":"wp","href":"https:\/\/api.w.org\/{rel}","templated":true}]}}