{"id":1398,"date":"2025-05-12T17:20:25","date_gmt":"2025-05-12T15:20:25","guid":{"rendered":"https:\/\/www.spirit-us.eu\/?post_type=product&#038;p=1398"},"modified":"2025-12-20T10:25:04","modified_gmt":"2025-12-20T09:25:04","slug":"medaillon-de-saint-benoit-protection-spirituelle","status":"publish","type":"product","link":"https:\/\/www.spirit-us.eu\/index.php\/produit\/medaillon-de-saint-benoit-protection-spirituelle\/","title":{"rendered":"MEDAILLON DE SAINT BENOIT (protection spirituelle)"},"content":{"rendered":"<p>M\u00e9daille de forme rectangulaire en m\u00e9tal dor\u00e9 \u00e0 l\u2019effigie de saint Beno\u00eet, grand protecteur spirituel au recto et grav\u00e9e de la croix de saint Beno\u00eet au verso<\/p>\n<p><strong>Dimensions<\/strong>\u00a0: largeur 1 cm\u00a0; hauteur\u00a0: 3 cm (avec le suspensoir)<\/p>\n<p><strong>Mat\u00e9riau<\/strong>\u00a0: acier inoxydable dor\u00e9<\/p>\n<p><strong>Livr\u00e9 avec<\/strong> cha\u00eenette en m\u00e9tal dor\u00e9, dans un \u00e9crin de velours noir<\/p>\n<p><strong>Longueur de la cha\u00eene<\/strong>\u00a0: 50 cm<\/p>\n","protected":false},"excerpt":{"rendered":"<p style=\"text-align: justify;\">Puissant bijou de protection spirituelle.\u00a0 Saint Beno\u00eet est le saint patron des exorcistes et par sa croix, il a le pouvoir de chasser tout d\u00e9mon et toute entit\u00e9 ou \u00e9nergie n\u00e9gative. Porter sur soi cet embl\u00e8me de la protection divine est un acte engag\u00e9\u00a0: je chasse tout ce qui n\u2019est pas Dieu le Cr\u00e9ateur loin de moi et de ceux que j\u2019aime.\u00a0 Saint Beno\u00eet me prot\u00e8ge et me garde.<\/p>\n<p style=\"text-align: justify;\">La face de cette m\u00e9daille repr\u00e9sente saint Beno\u00eet porteur de son sceptre et des Ecritures saintes ; tandis que le verso de la m\u00e9daille repr\u00e9sente la Croix porteuse des initiales de la sainte Croix en latin. Livr\u00e9 dans un \u00e9crin noir en velours, avec une notice explicative de ces initiales et du message de paix et de protection de saint Beno\u00eet.\u00a0 Se porte en toute circonstance, discr\u00e8tement sous les v\u00eatements pour une protection ind\u00e9fectible ou de fa\u00e7on visible pour montrer au monde que saint Beno\u00eet continue son \u0153uvre de lib\u00e9ration et de d\u00e9livrance \u00e0 travers nous. Offrez-vous ce bijou de protection ou offrez-le \u00e0 quelqu\u2019un que vous aimez : il convient en toute occasion et particuli\u00e8rement lorsque les \u00e9preuves de la vie incitent \u00e0 renforcer notre protection spirituelle. Ce bijou est livr\u00e9 b\u00e9ni et exorcis\u00e9.<\/p>\n","protected":false},"featured_media":1399,"comment_status":"open","ping_status":"closed","template":"","meta":[],"product_brand":[],"product_cat":[156,508,17,504],"product_tag":[169,179],"mwb_booking_cost":[],"mwb_booking_service":[],"class_list":{"0":"post-1398","1":"product","2":"type-product","3":"status-publish","4":"has-post-thumbnail","6":"product_cat-04-bijoux","7":"product_cat-004-images-bijoux-saints","8":"product_cat-tous-les-produits","9":"product_cat-01-univers-sacre-accueil","10":"product_tag-protection","11":"product_tag-saint-benoit","13":"first","14":"instock","15":"shipping-taxable","16":"purchasable","17":"product-type-simple"},"yoast_head":"<!-- This site is optimized with the Yoast SEO plugin v27.1.1 - https:\/\/yoast.com\/product\/yoast-seo-wordpress\/ -->\n<title>MEDAILLON DE SAINT BENOIT (protection spirituelle) - Spirit-US<\/title>\n<meta name=\"robots\" content=\"index, follow, max-snippet:-1, max-image-preview:large, max-video-preview:-1\" \/>\n<link rel=\"canonical\" href=\"https:\/\/www.spirit-us.eu\/index.php\/produit\/medaillon-de-saint-benoit-protection-spirituelle\/\" \/>\n<meta property=\"og:locale\" content=\"fr_FR\" \/>\n<meta property=\"og:type\" content=\"article\" \/>\n<meta property=\"og:title\" content=\"MEDAILLON DE SAINT BENOIT (protection spirituelle) - Spirit-US\" \/>\n<meta property=\"og:description\" content=\"Puissant bijou de protection spirituelle.\u00a0 Saint Beno\u00eet est le saint patron des exorcistes et par sa croix, il a le pouvoir de chasser tout d\u00e9mon et toute entit\u00e9 ou \u00e9nergie n\u00e9gative. Porter sur soi cet embl\u00e8me de la protection divine est un acte engag\u00e9\u00a0: je chasse tout ce qui n\u2019est pas Dieu le Cr\u00e9ateur loin de moi et de ceux que j\u2019aime.\u00a0 Saint Beno\u00eet me prot\u00e8ge et me garde. La face de cette m\u00e9daille repr\u00e9sente saint Beno\u00eet porteur de son sceptre et des Ecritures saintes ; tandis que le verso de la m\u00e9daille repr\u00e9sente la Croix porteuse des initiales de la sainte Croix en latin. Livr\u00e9 dans un \u00e9crin noir en velours, avec une notice explicative de ces initiales et du message de paix et de protection de saint Beno\u00eet.\u00a0 Se porte en toute circonstance, discr\u00e8tement sous les v\u00eatements pour une protection ind\u00e9fectible ou de fa\u00e7on visible pour montrer au monde que saint Beno\u00eet continue son \u0153uvre de lib\u00e9ration et de d\u00e9livrance \u00e0 travers nous. Offrez-vous ce bijou de protection ou offrez-le \u00e0 quelqu\u2019un que vous aimez : il convient en toute occasion et particuli\u00e8rement lorsque les \u00e9preuves de la vie incitent \u00e0 renforcer notre protection spirituelle. Ce bijou est livr\u00e9 b\u00e9ni et exorcis\u00e9.\" \/>\n<meta property=\"og:url\" content=\"https:\/\/www.spirit-us.eu\/index.php\/produit\/medaillon-de-saint-benoit-protection-spirituelle\/\" \/>\n<meta property=\"og:site_name\" content=\"Spirit-US\" \/>\n<meta property=\"article:publisher\" content=\"https:\/\/www.facebook.com\/spirit.us.deum\" \/>\n<meta property=\"article:modified_time\" content=\"2025-12-20T09:25:04+00:00\" \/>\n<meta property=\"og:image\" content=\"https:\/\/www.spirit-us.eu\/wp-content\/uploads\/2025\/05\/saint-benoit-image-produit-ok.png\" \/>\n\t<meta property=\"og:image:width\" content=\"1080\" \/>\n\t<meta property=\"og:image:height\" content=\"1080\" \/>\n\t<meta property=\"og:image:type\" content=\"image\/png\" \/>\n<meta name=\"twitter:card\" content=\"summary_large_image\" \/>\n<script type=\"application\/ld+json\" class=\"yoast-schema-graph\">{\"@context\":\"https:\/\/schema.org\",\"@graph\":[{\"@type\":\"WebPage\",\"@id\":\"https:\/\/www.spirit-us.eu\/index.php\/produit\/medaillon-de-saint-benoit-protection-spirituelle\/\",\"url\":\"https:\/\/www.spirit-us.eu\/index.php\/produit\/medaillon-de-saint-benoit-protection-spirituelle\/\",\"name\":\"MEDAILLON DE SAINT BENOIT (protection spirituelle) - Spirit-US\",\"isPartOf\":{\"@id\":\"https:\/\/www.spirit-us.eu\/#website\"},\"primaryImageOfPage\":{\"@id\":\"https:\/\/www.spirit-us.eu\/index.php\/produit\/medaillon-de-saint-benoit-protection-spirituelle\/#primaryimage\"},\"image\":{\"@id\":\"https:\/\/www.spirit-us.eu\/index.php\/produit\/medaillon-de-saint-benoit-protection-spirituelle\/#primaryimage\"},\"thumbnailUrl\":\"https:\/\/www.spirit-us.eu\/wp-content\/uploads\/2025\/05\/saint-benoit-image-produit-ok.png\",\"datePublished\":\"2025-05-12T15:20:25+00:00\",\"dateModified\":\"2025-12-20T09:25:04+00:00\",\"breadcrumb\":{\"@id\":\"https:\/\/www.spirit-us.eu\/index.php\/produit\/medaillon-de-saint-benoit-protection-spirituelle\/#breadcrumb\"},\"inLanguage\":\"fr-FR\",\"potentialAction\":[{\"@type\":\"ReadAction\",\"target\":[\"https:\/\/www.spirit-us.eu\/index.php\/produit\/medaillon-de-saint-benoit-protection-spirituelle\/\"]}]},{\"@type\":\"ImageObject\",\"inLanguage\":\"fr-FR\",\"@id\":\"https:\/\/www.spirit-us.eu\/index.php\/produit\/medaillon-de-saint-benoit-protection-spirituelle\/#primaryimage\",\"url\":\"https:\/\/www.spirit-us.eu\/wp-content\/uploads\/2025\/05\/saint-benoit-image-produit-ok.png\",\"contentUrl\":\"https:\/\/www.spirit-us.eu\/wp-content\/uploads\/2025\/05\/saint-benoit-image-produit-ok.png\",\"width\":1080,\"height\":1080},{\"@type\":\"BreadcrumbList\",\"@id\":\"https:\/\/www.spirit-us.eu\/index.php\/produit\/medaillon-de-saint-benoit-protection-spirituelle\/#breadcrumb\",\"itemListElement\":[{\"@type\":\"ListItem\",\"position\":1,\"name\":\"Accueil\",\"item\":\"https:\/\/www.spirit-us.eu\/\"},{\"@type\":\"ListItem\",\"position\":2,\"name\":\"Boutique\",\"item\":\"https:\/\/www.spirit-us.eu\/index.php\/boutique\/\"},{\"@type\":\"ListItem\",\"position\":3,\"name\":\"MEDAILLON DE SAINT BENOIT (protection spirituelle)\"}]},{\"@type\":\"WebSite\",\"@id\":\"https:\/\/www.spirit-us.eu\/#website\",\"url\":\"https:\/\/www.spirit-us.eu\/\",\"name\":\"Spirit-US\",\"description\":\"\",\"publisher\":{\"@id\":\"https:\/\/www.spirit-us.eu\/#organization\"},\"potentialAction\":[{\"@type\":\"SearchAction\",\"target\":{\"@type\":\"EntryPoint\",\"urlTemplate\":\"https:\/\/www.spirit-us.eu\/?s={search_term_string}\"},\"query-input\":{\"@type\":\"PropertyValueSpecification\",\"valueRequired\":true,\"valueName\":\"search_term_string\"}}],\"inLanguage\":\"fr-FR\"},{\"@type\":\"Organization\",\"@id\":\"https:\/\/www.spirit-us.eu\/#organization\",\"name\":\"Spirit-US\",\"url\":\"https:\/\/www.spirit-us.eu\/\",\"logo\":{\"@type\":\"ImageObject\",\"inLanguage\":\"fr-FR\",\"@id\":\"https:\/\/www.spirit-us.eu\/#\/schema\/logo\/image\/\",\"url\":\"https:\/\/www.spirit-us.eu\/wp-content\/uploads\/2025\/11\/logo-regarde-linterlocutrice-sans-arrriere-plan.jpg\",\"contentUrl\":\"https:\/\/www.spirit-us.eu\/wp-content\/uploads\/2025\/11\/logo-regarde-linterlocutrice-sans-arrriere-plan.jpg\",\"width\":1080,\"height\":1080,\"caption\":\"Spirit-US\"},\"image\":{\"@id\":\"https:\/\/www.spirit-us.eu\/#\/schema\/logo\/image\/\"},\"sameAs\":[\"https:\/\/www.facebook.com\/spirit.us.deum\"]}]}<\/script>\n<!-- \/ Yoast SEO plugin. -->","yoast_head_json":{"title":"MEDAILLON DE SAINT BENOIT (protection spirituelle) - Spirit-US","robots":{"index":"index","follow":"follow","max-snippet":"max-snippet:-1","max-image-preview":"max-image-preview:large","max-video-preview":"max-video-preview:-1"},"canonical":"https:\/\/www.spirit-us.eu\/index.php\/produit\/medaillon-de-saint-benoit-protection-spirituelle\/","og_locale":"fr_FR","og_type":"article","og_title":"MEDAILLON DE SAINT BENOIT (protection spirituelle) - Spirit-US","og_description":"Puissant bijou de protection spirituelle.\u00a0 Saint Beno\u00eet est le saint patron des exorcistes et par sa croix, il a le pouvoir de chasser tout d\u00e9mon et toute entit\u00e9 ou \u00e9nergie n\u00e9gative. Porter sur soi cet embl\u00e8me de la protection divine est un acte engag\u00e9\u00a0: je chasse tout ce qui n\u2019est pas Dieu le Cr\u00e9ateur loin de moi et de ceux que j\u2019aime.\u00a0 Saint Beno\u00eet me prot\u00e8ge et me garde. La face de cette m\u00e9daille repr\u00e9sente saint Beno\u00eet porteur de son sceptre et des Ecritures saintes ; tandis que le verso de la m\u00e9daille repr\u00e9sente la Croix porteuse des initiales de la sainte Croix en latin. Livr\u00e9 dans un \u00e9crin noir en velours, avec une notice explicative de ces initiales et du message de paix et de protection de saint Beno\u00eet.\u00a0 Se porte en toute circonstance, discr\u00e8tement sous les v\u00eatements pour une protection ind\u00e9fectible ou de fa\u00e7on visible pour montrer au monde que saint Beno\u00eet continue son \u0153uvre de lib\u00e9ration et de d\u00e9livrance \u00e0 travers nous. Offrez-vous ce bijou de protection ou offrez-le \u00e0 quelqu\u2019un que vous aimez : il convient en toute occasion et particuli\u00e8rement lorsque les \u00e9preuves de la vie incitent \u00e0 renforcer notre protection spirituelle. Ce bijou est livr\u00e9 b\u00e9ni et exorcis\u00e9.","og_url":"https:\/\/www.spirit-us.eu\/index.php\/produit\/medaillon-de-saint-benoit-protection-spirituelle\/","og_site_name":"Spirit-US","article_publisher":"https:\/\/www.facebook.com\/spirit.us.deum","article_modified_time":"2025-12-20T09:25:04+00:00","og_image":[{"width":1080,"height":1080,"url":"https:\/\/www.spirit-us.eu\/wp-content\/uploads\/2025\/05\/saint-benoit-image-produit-ok.png","type":"image\/png"}],"twitter_card":"summary_large_image","schema":{"@context":"https:\/\/schema.org","@graph":[{"@type":"WebPage","@id":"https:\/\/www.spirit-us.eu\/index.php\/produit\/medaillon-de-saint-benoit-protection-spirituelle\/","url":"https:\/\/www.spirit-us.eu\/index.php\/produit\/medaillon-de-saint-benoit-protection-spirituelle\/","name":"MEDAILLON DE SAINT BENOIT (protection spirituelle) - Spirit-US","isPartOf":{"@id":"https:\/\/www.spirit-us.eu\/#website"},"primaryImageOfPage":{"@id":"https:\/\/www.spirit-us.eu\/index.php\/produit\/medaillon-de-saint-benoit-protection-spirituelle\/#primaryimage"},"image":{"@id":"https:\/\/www.spirit-us.eu\/index.php\/produit\/medaillon-de-saint-benoit-protection-spirituelle\/#primaryimage"},"thumbnailUrl":"https:\/\/www.spirit-us.eu\/wp-content\/uploads\/2025\/05\/saint-benoit-image-produit-ok.png","datePublished":"2025-05-12T15:20:25+00:00","dateModified":"2025-12-20T09:25:04+00:00","breadcrumb":{"@id":"https:\/\/www.spirit-us.eu\/index.php\/produit\/medaillon-de-saint-benoit-protection-spirituelle\/#breadcrumb"},"inLanguage":"fr-FR","potentialAction":[{"@type":"ReadAction","target":["https:\/\/www.spirit-us.eu\/index.php\/produit\/medaillon-de-saint-benoit-protection-spirituelle\/"]}]},{"@type":"ImageObject","inLanguage":"fr-FR","@id":"https:\/\/www.spirit-us.eu\/index.php\/produit\/medaillon-de-saint-benoit-protection-spirituelle\/#primaryimage","url":"https:\/\/www.spirit-us.eu\/wp-content\/uploads\/2025\/05\/saint-benoit-image-produit-ok.png","contentUrl":"https:\/\/www.spirit-us.eu\/wp-content\/uploads\/2025\/05\/saint-benoit-image-produit-ok.png","width":1080,"height":1080},{"@type":"BreadcrumbList","@id":"https:\/\/www.spirit-us.eu\/index.php\/produit\/medaillon-de-saint-benoit-protection-spirituelle\/#breadcrumb","itemListElement":[{"@type":"ListItem","position":1,"name":"Accueil","item":"https:\/\/www.spirit-us.eu\/"},{"@type":"ListItem","position":2,"name":"Boutique","item":"https:\/\/www.spirit-us.eu\/index.php\/boutique\/"},{"@type":"ListItem","position":3,"name":"MEDAILLON DE SAINT BENOIT (protection spirituelle)"}]},{"@type":"WebSite","@id":"https:\/\/www.spirit-us.eu\/#website","url":"https:\/\/www.spirit-us.eu\/","name":"Spirit-US","description":"","publisher":{"@id":"https:\/\/www.spirit-us.eu\/#organization"},"potentialAction":[{"@type":"SearchAction","target":{"@type":"EntryPoint","urlTemplate":"https:\/\/www.spirit-us.eu\/?s={search_term_string}"},"query-input":{"@type":"PropertyValueSpecification","valueRequired":true,"valueName":"search_term_string"}}],"inLanguage":"fr-FR"},{"@type":"Organization","@id":"https:\/\/www.spirit-us.eu\/#organization","name":"Spirit-US","url":"https:\/\/www.spirit-us.eu\/","logo":{"@type":"ImageObject","inLanguage":"fr-FR","@id":"https:\/\/www.spirit-us.eu\/#\/schema\/logo\/image\/","url":"https:\/\/www.spirit-us.eu\/wp-content\/uploads\/2025\/11\/logo-regarde-linterlocutrice-sans-arrriere-plan.jpg","contentUrl":"https:\/\/www.spirit-us.eu\/wp-content\/uploads\/2025\/11\/logo-regarde-linterlocutrice-sans-arrriere-plan.jpg","width":1080,"height":1080,"caption":"Spirit-US"},"image":{"@id":"https:\/\/www.spirit-us.eu\/#\/schema\/logo\/image\/"},"sameAs":["https:\/\/www.facebook.com\/spirit.us.deum"]}]}},"jetpack_sharing_enabled":true,"_links":{"self":[{"href":"https:\/\/www.spirit-us.eu\/index.php\/wp-json\/wp\/v2\/product\/1398","targetHints":{"allow":["GET"]}}],"collection":[{"href":"https:\/\/www.spirit-us.eu\/index.php\/wp-json\/wp\/v2\/product"}],"about":[{"href":"https:\/\/www.spirit-us.eu\/index.php\/wp-json\/wp\/v2\/types\/product"}],"replies":[{"embeddable":true,"href":"https:\/\/www.spirit-us.eu\/index.php\/wp-json\/wp\/v2\/comments?post=1398"}],"wp:featuredmedia":[{"embeddable":true,"href":"https:\/\/www.spirit-us.eu\/index.php\/wp-json\/wp\/v2\/media\/1399"}],"wp:attachment":[{"href":"https:\/\/www.spirit-us.eu\/index.php\/wp-json\/wp\/v2\/media?parent=1398"}],"wp:term":[{"taxonomy":"product_brand","embeddable":true,"href":"https:\/\/www.spirit-us.eu\/index.php\/wp-json\/wp\/v2\/product_brand?post=1398"},{"taxonomy":"product_cat","embeddable":true,"href":"https:\/\/www.spirit-us.eu\/index.php\/wp-json\/wp\/v2\/product_cat?post=1398"},{"taxonomy":"product_tag","embeddable":true,"href":"https:\/\/www.spirit-us.eu\/index.php\/wp-json\/wp\/v2\/product_tag?post=1398"},{"taxonomy":"mwb_booking_cost","embeddable":true,"href":"https:\/\/www.spirit-us.eu\/index.php\/wp-json\/wp\/v2\/mwb_booking_cost?post=1398"},{"taxonomy":"mwb_booking_service","embeddable":true,"href":"https:\/\/www.spirit-us.eu\/index.php\/wp-json\/wp\/v2\/mwb_booking_service?post=1398"}],"curies":[{"name":"wp","href":"https:\/\/api.w.org\/{rel}","templated":true}]}}