{"id":1387,"date":"2025-05-12T15:27:57","date_gmt":"2025-05-12T13:27:57","guid":{"rendered":"https:\/\/www.spirit-us.eu\/?post_type=product&#038;p=1387"},"modified":"2025-12-17T14:55:14","modified_gmt":"2025-12-17T13:55:14","slug":"pendentif-dauphin-et-pierreries","status":"publish","type":"product","link":"https:\/\/www.spirit-us.eu\/index.php\/produit\/pendentif-dauphin-et-pierreries\/","title":{"rendered":"PENDENTIF DAUPHIN ET PIERRERIES"},"content":{"rendered":"<p>Bijou rond en forme de cercle, agr\u00e9ment\u00e9 de brillants, d\u2019un dauphin en m\u00e9tal dor\u00e9, et de pierres bleue et cristal<\/p>\n<p><strong>Poids<\/strong>\u00a0: 5,4 grammes<\/p>\n<p><strong>Dimensions\u00a0<\/strong>: hauteur 2,8 cm \/ largeur 2,4 cm<\/p>\n<p><strong>Mat\u00e9riaux\u00a0<\/strong>: acier dor\u00e9 inoxydable, zircons, pierre de verre d\u2019un bleu profond<\/p>\n<p><strong>Placage:<\/strong>\u00a0dor\u00e9<\/p>\n<p><strong>Couleurs<\/strong> :\u00a0or, cristal et bleu profond<\/p>\n<p><strong>Livr\u00e9 avec la cha\u00eene<\/strong>\u00a0: 40 cm, m\u00e9tal dor\u00e9<\/p>\n<p><strong>Emballage<\/strong>\u00a0: joli \u00e9crin de couleur en fonction du bijou, en velours<\/p>\n","protected":false},"excerpt":{"rendered":"<p style=\"text-align: justify;\">Adorable bijou tout en finesse, repr\u00e9sentant un dauphin, une \u00e9toile et une \u00e9toile, le tout serti de petits brillants et de m\u00e9tal dor\u00e9.\u00a0 Une pierre d\u2019un joli bleu compl\u00e8te ce bijou en forme de cercle.\u00a0 Convient en toute circonstance et peut \u00eatre un gentil cadeau \u00e0 offrir pour l\u2019anniversaire d\u2019une personne n\u00e9e sous le signe des poissons, ou aimant les dauphins ; mais aussi pour No\u00ebl, la saint Valentin ou toute autre circonstance.<\/p>\n<p>&nbsp;<\/p>\n","protected":false},"featured_media":1928,"comment_status":"open","ping_status":"closed","template":"","meta":[],"product_brand":[],"product_cat":[156,463,17],"product_tag":[167],"mwb_booking_cost":[],"mwb_booking_service":[],"class_list":{"0":"post-1387","1":"product","2":"type-product","3":"status-publish","4":"has-post-thumbnail","6":"product_cat-04-bijoux","7":"product_cat-pendentif","8":"product_cat-tous-les-produits","9":"product_tag-bleu","11":"first","12":"instock","13":"shipping-taxable","14":"purchasable","15":"product-type-simple"},"yoast_head":"<!-- This site is optimized with the Yoast SEO plugin v27.1.1 - https:\/\/yoast.com\/product\/yoast-seo-wordpress\/ -->\n<title>PENDENTIF DAUPHIN ET PIERRERIES - Spirit-US<\/title>\n<meta name=\"robots\" content=\"index, follow, max-snippet:-1, max-image-preview:large, max-video-preview:-1\" \/>\n<link rel=\"canonical\" href=\"https:\/\/www.spirit-us.eu\/index.php\/produit\/pendentif-dauphin-et-pierreries\/\" \/>\n<meta property=\"og:locale\" content=\"fr_FR\" \/>\n<meta property=\"og:type\" content=\"article\" \/>\n<meta property=\"og:title\" content=\"PENDENTIF DAUPHIN ET PIERRERIES - Spirit-US\" \/>\n<meta property=\"og:description\" content=\"Adorable bijou tout en finesse, repr\u00e9sentant un dauphin, une \u00e9toile et une \u00e9toile, le tout serti de petits brillants et de m\u00e9tal dor\u00e9.\u00a0 Une pierre d\u2019un joli bleu compl\u00e8te ce bijou en forme de cercle.\u00a0 Convient en toute circonstance et peut \u00eatre un gentil cadeau \u00e0 offrir pour l\u2019anniversaire d\u2019une personne n\u00e9e sous le signe des poissons, ou aimant les dauphins ; mais aussi pour No\u00ebl, la saint Valentin ou toute autre circonstance. &nbsp;\" \/>\n<meta property=\"og:url\" content=\"https:\/\/www.spirit-us.eu\/index.php\/produit\/pendentif-dauphin-et-pierreries\/\" \/>\n<meta property=\"og:site_name\" content=\"Spirit-US\" \/>\n<meta property=\"article:publisher\" content=\"https:\/\/www.facebook.com\/spirit.us.deum\" \/>\n<meta property=\"article:modified_time\" content=\"2025-12-17T13:55:14+00:00\" \/>\n<meta property=\"og:image\" content=\"https:\/\/www.spirit-us.eu\/wp-content\/uploads\/2025\/05\/dauphin-produit-version-xx.png\" \/>\n\t<meta property=\"og:image:width\" content=\"1755\" \/>\n\t<meta property=\"og:image:height\" content=\"1755\" \/>\n\t<meta property=\"og:image:type\" content=\"image\/png\" \/>\n<meta name=\"twitter:card\" content=\"summary_large_image\" \/>\n<script type=\"application\/ld+json\" class=\"yoast-schema-graph\">{\"@context\":\"https:\/\/schema.org\",\"@graph\":[{\"@type\":\"WebPage\",\"@id\":\"https:\/\/www.spirit-us.eu\/index.php\/produit\/pendentif-dauphin-et-pierreries\/\",\"url\":\"https:\/\/www.spirit-us.eu\/index.php\/produit\/pendentif-dauphin-et-pierreries\/\",\"name\":\"PENDENTIF DAUPHIN ET PIERRERIES - Spirit-US\",\"isPartOf\":{\"@id\":\"https:\/\/www.spirit-us.eu\/#website\"},\"primaryImageOfPage\":{\"@id\":\"https:\/\/www.spirit-us.eu\/index.php\/produit\/pendentif-dauphin-et-pierreries\/#primaryimage\"},\"image\":{\"@id\":\"https:\/\/www.spirit-us.eu\/index.php\/produit\/pendentif-dauphin-et-pierreries\/#primaryimage\"},\"thumbnailUrl\":\"https:\/\/www.spirit-us.eu\/wp-content\/uploads\/2025\/05\/dauphin-produit-version-xx.png\",\"datePublished\":\"2025-05-12T13:27:57+00:00\",\"dateModified\":\"2025-12-17T13:55:14+00:00\",\"breadcrumb\":{\"@id\":\"https:\/\/www.spirit-us.eu\/index.php\/produit\/pendentif-dauphin-et-pierreries\/#breadcrumb\"},\"inLanguage\":\"fr-FR\",\"potentialAction\":[{\"@type\":\"ReadAction\",\"target\":[\"https:\/\/www.spirit-us.eu\/index.php\/produit\/pendentif-dauphin-et-pierreries\/\"]}]},{\"@type\":\"ImageObject\",\"inLanguage\":\"fr-FR\",\"@id\":\"https:\/\/www.spirit-us.eu\/index.php\/produit\/pendentif-dauphin-et-pierreries\/#primaryimage\",\"url\":\"https:\/\/www.spirit-us.eu\/wp-content\/uploads\/2025\/05\/dauphin-produit-version-xx.png\",\"contentUrl\":\"https:\/\/www.spirit-us.eu\/wp-content\/uploads\/2025\/05\/dauphin-produit-version-xx.png\",\"width\":1755,\"height\":1755},{\"@type\":\"BreadcrumbList\",\"@id\":\"https:\/\/www.spirit-us.eu\/index.php\/produit\/pendentif-dauphin-et-pierreries\/#breadcrumb\",\"itemListElement\":[{\"@type\":\"ListItem\",\"position\":1,\"name\":\"Accueil\",\"item\":\"https:\/\/www.spirit-us.eu\/\"},{\"@type\":\"ListItem\",\"position\":2,\"name\":\"Boutique\",\"item\":\"https:\/\/www.spirit-us.eu\/index.php\/boutique\/\"},{\"@type\":\"ListItem\",\"position\":3,\"name\":\"PENDENTIF DAUPHIN ET PIERRERIES\"}]},{\"@type\":\"WebSite\",\"@id\":\"https:\/\/www.spirit-us.eu\/#website\",\"url\":\"https:\/\/www.spirit-us.eu\/\",\"name\":\"Spirit-US\",\"description\":\"\",\"publisher\":{\"@id\":\"https:\/\/www.spirit-us.eu\/#organization\"},\"potentialAction\":[{\"@type\":\"SearchAction\",\"target\":{\"@type\":\"EntryPoint\",\"urlTemplate\":\"https:\/\/www.spirit-us.eu\/?s={search_term_string}\"},\"query-input\":{\"@type\":\"PropertyValueSpecification\",\"valueRequired\":true,\"valueName\":\"search_term_string\"}}],\"inLanguage\":\"fr-FR\"},{\"@type\":\"Organization\",\"@id\":\"https:\/\/www.spirit-us.eu\/#organization\",\"name\":\"Spirit-US\",\"url\":\"https:\/\/www.spirit-us.eu\/\",\"logo\":{\"@type\":\"ImageObject\",\"inLanguage\":\"fr-FR\",\"@id\":\"https:\/\/www.spirit-us.eu\/#\/schema\/logo\/image\/\",\"url\":\"https:\/\/www.spirit-us.eu\/wp-content\/uploads\/2025\/11\/logo-regarde-linterlocutrice-sans-arrriere-plan.jpg\",\"contentUrl\":\"https:\/\/www.spirit-us.eu\/wp-content\/uploads\/2025\/11\/logo-regarde-linterlocutrice-sans-arrriere-plan.jpg\",\"width\":1080,\"height\":1080,\"caption\":\"Spirit-US\"},\"image\":{\"@id\":\"https:\/\/www.spirit-us.eu\/#\/schema\/logo\/image\/\"},\"sameAs\":[\"https:\/\/www.facebook.com\/spirit.us.deum\"]}]}<\/script>\n<!-- \/ Yoast SEO plugin. -->","yoast_head_json":{"title":"PENDENTIF DAUPHIN ET PIERRERIES - Spirit-US","robots":{"index":"index","follow":"follow","max-snippet":"max-snippet:-1","max-image-preview":"max-image-preview:large","max-video-preview":"max-video-preview:-1"},"canonical":"https:\/\/www.spirit-us.eu\/index.php\/produit\/pendentif-dauphin-et-pierreries\/","og_locale":"fr_FR","og_type":"article","og_title":"PENDENTIF DAUPHIN ET PIERRERIES - Spirit-US","og_description":"Adorable bijou tout en finesse, repr\u00e9sentant un dauphin, une \u00e9toile et une \u00e9toile, le tout serti de petits brillants et de m\u00e9tal dor\u00e9.\u00a0 Une pierre d\u2019un joli bleu compl\u00e8te ce bijou en forme de cercle.\u00a0 Convient en toute circonstance et peut \u00eatre un gentil cadeau \u00e0 offrir pour l\u2019anniversaire d\u2019une personne n\u00e9e sous le signe des poissons, ou aimant les dauphins ; mais aussi pour No\u00ebl, la saint Valentin ou toute autre circonstance. &nbsp;","og_url":"https:\/\/www.spirit-us.eu\/index.php\/produit\/pendentif-dauphin-et-pierreries\/","og_site_name":"Spirit-US","article_publisher":"https:\/\/www.facebook.com\/spirit.us.deum","article_modified_time":"2025-12-17T13:55:14+00:00","og_image":[{"width":1755,"height":1755,"url":"https:\/\/www.spirit-us.eu\/wp-content\/uploads\/2025\/05\/dauphin-produit-version-xx.png","type":"image\/png"}],"twitter_card":"summary_large_image","schema":{"@context":"https:\/\/schema.org","@graph":[{"@type":"WebPage","@id":"https:\/\/www.spirit-us.eu\/index.php\/produit\/pendentif-dauphin-et-pierreries\/","url":"https:\/\/www.spirit-us.eu\/index.php\/produit\/pendentif-dauphin-et-pierreries\/","name":"PENDENTIF DAUPHIN ET PIERRERIES - Spirit-US","isPartOf":{"@id":"https:\/\/www.spirit-us.eu\/#website"},"primaryImageOfPage":{"@id":"https:\/\/www.spirit-us.eu\/index.php\/produit\/pendentif-dauphin-et-pierreries\/#primaryimage"},"image":{"@id":"https:\/\/www.spirit-us.eu\/index.php\/produit\/pendentif-dauphin-et-pierreries\/#primaryimage"},"thumbnailUrl":"https:\/\/www.spirit-us.eu\/wp-content\/uploads\/2025\/05\/dauphin-produit-version-xx.png","datePublished":"2025-05-12T13:27:57+00:00","dateModified":"2025-12-17T13:55:14+00:00","breadcrumb":{"@id":"https:\/\/www.spirit-us.eu\/index.php\/produit\/pendentif-dauphin-et-pierreries\/#breadcrumb"},"inLanguage":"fr-FR","potentialAction":[{"@type":"ReadAction","target":["https:\/\/www.spirit-us.eu\/index.php\/produit\/pendentif-dauphin-et-pierreries\/"]}]},{"@type":"ImageObject","inLanguage":"fr-FR","@id":"https:\/\/www.spirit-us.eu\/index.php\/produit\/pendentif-dauphin-et-pierreries\/#primaryimage","url":"https:\/\/www.spirit-us.eu\/wp-content\/uploads\/2025\/05\/dauphin-produit-version-xx.png","contentUrl":"https:\/\/www.spirit-us.eu\/wp-content\/uploads\/2025\/05\/dauphin-produit-version-xx.png","width":1755,"height":1755},{"@type":"BreadcrumbList","@id":"https:\/\/www.spirit-us.eu\/index.php\/produit\/pendentif-dauphin-et-pierreries\/#breadcrumb","itemListElement":[{"@type":"ListItem","position":1,"name":"Accueil","item":"https:\/\/www.spirit-us.eu\/"},{"@type":"ListItem","position":2,"name":"Boutique","item":"https:\/\/www.spirit-us.eu\/index.php\/boutique\/"},{"@type":"ListItem","position":3,"name":"PENDENTIF DAUPHIN ET PIERRERIES"}]},{"@type":"WebSite","@id":"https:\/\/www.spirit-us.eu\/#website","url":"https:\/\/www.spirit-us.eu\/","name":"Spirit-US","description":"","publisher":{"@id":"https:\/\/www.spirit-us.eu\/#organization"},"potentialAction":[{"@type":"SearchAction","target":{"@type":"EntryPoint","urlTemplate":"https:\/\/www.spirit-us.eu\/?s={search_term_string}"},"query-input":{"@type":"PropertyValueSpecification","valueRequired":true,"valueName":"search_term_string"}}],"inLanguage":"fr-FR"},{"@type":"Organization","@id":"https:\/\/www.spirit-us.eu\/#organization","name":"Spirit-US","url":"https:\/\/www.spirit-us.eu\/","logo":{"@type":"ImageObject","inLanguage":"fr-FR","@id":"https:\/\/www.spirit-us.eu\/#\/schema\/logo\/image\/","url":"https:\/\/www.spirit-us.eu\/wp-content\/uploads\/2025\/11\/logo-regarde-linterlocutrice-sans-arrriere-plan.jpg","contentUrl":"https:\/\/www.spirit-us.eu\/wp-content\/uploads\/2025\/11\/logo-regarde-linterlocutrice-sans-arrriere-plan.jpg","width":1080,"height":1080,"caption":"Spirit-US"},"image":{"@id":"https:\/\/www.spirit-us.eu\/#\/schema\/logo\/image\/"},"sameAs":["https:\/\/www.facebook.com\/spirit.us.deum"]}]}},"jetpack_sharing_enabled":true,"_links":{"self":[{"href":"https:\/\/www.spirit-us.eu\/index.php\/wp-json\/wp\/v2\/product\/1387","targetHints":{"allow":["GET"]}}],"collection":[{"href":"https:\/\/www.spirit-us.eu\/index.php\/wp-json\/wp\/v2\/product"}],"about":[{"href":"https:\/\/www.spirit-us.eu\/index.php\/wp-json\/wp\/v2\/types\/product"}],"replies":[{"embeddable":true,"href":"https:\/\/www.spirit-us.eu\/index.php\/wp-json\/wp\/v2\/comments?post=1387"}],"wp:featuredmedia":[{"embeddable":true,"href":"https:\/\/www.spirit-us.eu\/index.php\/wp-json\/wp\/v2\/media\/1928"}],"wp:attachment":[{"href":"https:\/\/www.spirit-us.eu\/index.php\/wp-json\/wp\/v2\/media?parent=1387"}],"wp:term":[{"taxonomy":"product_brand","embeddable":true,"href":"https:\/\/www.spirit-us.eu\/index.php\/wp-json\/wp\/v2\/product_brand?post=1387"},{"taxonomy":"product_cat","embeddable":true,"href":"https:\/\/www.spirit-us.eu\/index.php\/wp-json\/wp\/v2\/product_cat?post=1387"},{"taxonomy":"product_tag","embeddable":true,"href":"https:\/\/www.spirit-us.eu\/index.php\/wp-json\/wp\/v2\/product_tag?post=1387"},{"taxonomy":"mwb_booking_cost","embeddable":true,"href":"https:\/\/www.spirit-us.eu\/index.php\/wp-json\/wp\/v2\/mwb_booking_cost?post=1387"},{"taxonomy":"mwb_booking_service","embeddable":true,"href":"https:\/\/www.spirit-us.eu\/index.php\/wp-json\/wp\/v2\/mwb_booking_service?post=1387"}],"curies":[{"name":"wp","href":"https:\/\/api.w.org\/{rel}","templated":true}]}}