{"id":1382,"date":"2025-05-09T11:51:55","date_gmt":"2025-05-09T09:51:55","guid":{"rendered":"https:\/\/www.spirit-us.eu\/?post_type=product&#038;p=1382"},"modified":"2025-12-17T14:48:55","modified_gmt":"2025-12-17T13:48:55","slug":"collier-de-perles-et-lapis-lazzuli","status":"publish","type":"product","link":"https:\/\/www.spirit-us.eu\/index.php\/produit\/collier-de-perles-et-lapis-lazzuli\/","title":{"rendered":"COLLIER DE PERLES ET LAPIS LAZZULI"},"content":{"rendered":"<p><strong>Mat\u00e9riau<\/strong>\u00a0: petites perles en lapis lazulli et perles de nacre authentiques<\/p>\n<p><strong>Montage<\/strong>\u00a0: classique, fil de coton<\/p>\n<p><strong>Nombre de perles<\/strong> de lapis lazzuli et de nacre\u00a0: nombre total 112\u00a0; nombre de perles de nacre 16\u00a0; nombre de perles en lapis lazzuli 96<\/p>\n<p><strong>Longueur du collier<\/strong> (sans le fermoir)\u00a0: 41,3 cm<\/p>\n<p><strong>Dimension du fermoir<\/strong>\u00a0: 1 cm<\/p>\n<p><strong>Description du fermoir<\/strong>\u00a0: m\u00e9tal plaqu\u00e9 or comportant 2 sinogrammes diff\u00e9rents<\/p>\n<p><strong>Longueur totale<\/strong>\u00a0: 42,3 cm<\/p>\n<p><strong>Dimension des perles de pierre et de nacre<\/strong>\u00a0: identique 3 mm<\/p>\n<p><strong>Fermoir<\/strong> avec deux sinogrammes diff\u00e9rents en m\u00e9tal dor\u00e9<\/p>\n<p><strong>Origine<\/strong>\u00a0: \u00a0Macau<\/p>\n<p>Pi\u00e8ce unique totalement manufactur\u00e9e au Portugal.<\/p>\n","protected":false},"excerpt":{"rendered":"<p style=\"text-align: justify;\">Voici un tr\u00e8s joli collier, pr\u00e9cieux, une pi\u00e8ce unique faite de vraies perles fines de culture originaires de Macau et de perles de lapis lazzuli. Livr\u00e9 dans un \u00e9crin de velours. Il symbolise la protection puissante du monde invisible. Cadeau id\u00e9al pour la saint Valentin, ou la f\u00eate des m\u00e8res ou une occasion unique, ou une f\u00eate de No\u00ebl.<\/p>\n<p style=\"text-align: justify;\"><u>Pr\u00e9cautions d\u2019utilisation et conservation de ce bijou<\/u>\u00a0: \u00a0le garder \u00e0 l\u2019abri des produits chimiques comme les laques pour cheveux, les parfums, les sprays de toute origine ou fonction car ces produits endommagent les perles de nacre.<\/p>\n","protected":false},"featured_media":1383,"comment_status":"open","ping_status":"closed","template":"","meta":[],"product_brand":[],"product_cat":[156,462,17],"product_tag":[167],"mwb_booking_cost":[],"mwb_booking_service":[],"class_list":{"0":"post-1382","1":"product","2":"type-product","3":"status-publish","4":"has-post-thumbnail","6":"product_cat-04-bijoux","7":"product_cat-006-colliers","8":"product_cat-tous-les-produits","9":"product_tag-bleu","11":"first","12":"instock","13":"shipping-taxable","14":"purchasable","15":"product-type-simple"},"yoast_head":"<!-- This site is optimized with the Yoast SEO plugin v27.1.1 - https:\/\/yoast.com\/product\/yoast-seo-wordpress\/ -->\n<title>COLLIER DE PERLES ET LAPIS LAZZULI - Spirit-US<\/title>\n<meta name=\"robots\" content=\"index, follow, max-snippet:-1, max-image-preview:large, max-video-preview:-1\" \/>\n<link rel=\"canonical\" href=\"https:\/\/www.spirit-us.eu\/index.php\/produit\/collier-de-perles-et-lapis-lazzuli\/\" \/>\n<meta property=\"og:locale\" content=\"fr_FR\" \/>\n<meta property=\"og:type\" content=\"article\" \/>\n<meta property=\"og:title\" content=\"COLLIER DE PERLES ET LAPIS LAZZULI - Spirit-US\" \/>\n<meta property=\"og:description\" content=\"Voici un tr\u00e8s joli collier, pr\u00e9cieux, une pi\u00e8ce unique faite de vraies perles fines de culture originaires de Macau et de perles de lapis lazzuli. Livr\u00e9 dans un \u00e9crin de velours. Il symbolise la protection puissante du monde invisible. Cadeau id\u00e9al pour la saint Valentin, ou la f\u00eate des m\u00e8res ou une occasion unique, ou une f\u00eate de No\u00ebl. Pr\u00e9cautions d\u2019utilisation et conservation de ce bijou\u00a0: \u00a0le garder \u00e0 l\u2019abri des produits chimiques comme les laques pour cheveux, les parfums, les sprays de toute origine ou fonction car ces produits endommagent les perles de nacre.\" \/>\n<meta property=\"og:url\" content=\"https:\/\/www.spirit-us.eu\/index.php\/produit\/collier-de-perles-et-lapis-lazzuli\/\" \/>\n<meta property=\"og:site_name\" content=\"Spirit-US\" \/>\n<meta property=\"article:publisher\" content=\"https:\/\/www.facebook.com\/spirit.us.deum\" \/>\n<meta property=\"article:modified_time\" content=\"2025-12-17T13:48:55+00:00\" \/>\n<meta property=\"og:image\" content=\"https:\/\/www.spirit-us.eu\/wp-content\/uploads\/2025\/05\/macau-image-produit-sur-soie.png\" \/>\n\t<meta property=\"og:image:width\" content=\"1080\" \/>\n\t<meta property=\"og:image:height\" content=\"1080\" \/>\n\t<meta property=\"og:image:type\" content=\"image\/png\" \/>\n<meta name=\"twitter:card\" content=\"summary_large_image\" \/>\n<script type=\"application\/ld+json\" class=\"yoast-schema-graph\">{\"@context\":\"https:\/\/schema.org\",\"@graph\":[{\"@type\":\"WebPage\",\"@id\":\"https:\/\/www.spirit-us.eu\/index.php\/produit\/collier-de-perles-et-lapis-lazzuli\/\",\"url\":\"https:\/\/www.spirit-us.eu\/index.php\/produit\/collier-de-perles-et-lapis-lazzuli\/\",\"name\":\"COLLIER DE PERLES ET LAPIS LAZZULI - Spirit-US\",\"isPartOf\":{\"@id\":\"https:\/\/www.spirit-us.eu\/#website\"},\"primaryImageOfPage\":{\"@id\":\"https:\/\/www.spirit-us.eu\/index.php\/produit\/collier-de-perles-et-lapis-lazzuli\/#primaryimage\"},\"image\":{\"@id\":\"https:\/\/www.spirit-us.eu\/index.php\/produit\/collier-de-perles-et-lapis-lazzuli\/#primaryimage\"},\"thumbnailUrl\":\"https:\/\/www.spirit-us.eu\/wp-content\/uploads\/2025\/05\/macau-image-produit-sur-soie.png\",\"datePublished\":\"2025-05-09T09:51:55+00:00\",\"dateModified\":\"2025-12-17T13:48:55+00:00\",\"breadcrumb\":{\"@id\":\"https:\/\/www.spirit-us.eu\/index.php\/produit\/collier-de-perles-et-lapis-lazzuli\/#breadcrumb\"},\"inLanguage\":\"fr-FR\",\"potentialAction\":[{\"@type\":\"ReadAction\",\"target\":[\"https:\/\/www.spirit-us.eu\/index.php\/produit\/collier-de-perles-et-lapis-lazzuli\/\"]}]},{\"@type\":\"ImageObject\",\"inLanguage\":\"fr-FR\",\"@id\":\"https:\/\/www.spirit-us.eu\/index.php\/produit\/collier-de-perles-et-lapis-lazzuli\/#primaryimage\",\"url\":\"https:\/\/www.spirit-us.eu\/wp-content\/uploads\/2025\/05\/macau-image-produit-sur-soie.png\",\"contentUrl\":\"https:\/\/www.spirit-us.eu\/wp-content\/uploads\/2025\/05\/macau-image-produit-sur-soie.png\",\"width\":1080,\"height\":1080},{\"@type\":\"BreadcrumbList\",\"@id\":\"https:\/\/www.spirit-us.eu\/index.php\/produit\/collier-de-perles-et-lapis-lazzuli\/#breadcrumb\",\"itemListElement\":[{\"@type\":\"ListItem\",\"position\":1,\"name\":\"Accueil\",\"item\":\"https:\/\/www.spirit-us.eu\/\"},{\"@type\":\"ListItem\",\"position\":2,\"name\":\"Boutique\",\"item\":\"https:\/\/www.spirit-us.eu\/index.php\/boutique\/\"},{\"@type\":\"ListItem\",\"position\":3,\"name\":\"COLLIER DE PERLES ET LAPIS LAZZULI\"}]},{\"@type\":\"WebSite\",\"@id\":\"https:\/\/www.spirit-us.eu\/#website\",\"url\":\"https:\/\/www.spirit-us.eu\/\",\"name\":\"Spirit-US\",\"description\":\"\",\"publisher\":{\"@id\":\"https:\/\/www.spirit-us.eu\/#organization\"},\"potentialAction\":[{\"@type\":\"SearchAction\",\"target\":{\"@type\":\"EntryPoint\",\"urlTemplate\":\"https:\/\/www.spirit-us.eu\/?s={search_term_string}\"},\"query-input\":{\"@type\":\"PropertyValueSpecification\",\"valueRequired\":true,\"valueName\":\"search_term_string\"}}],\"inLanguage\":\"fr-FR\"},{\"@type\":\"Organization\",\"@id\":\"https:\/\/www.spirit-us.eu\/#organization\",\"name\":\"Spirit-US\",\"url\":\"https:\/\/www.spirit-us.eu\/\",\"logo\":{\"@type\":\"ImageObject\",\"inLanguage\":\"fr-FR\",\"@id\":\"https:\/\/www.spirit-us.eu\/#\/schema\/logo\/image\/\",\"url\":\"https:\/\/www.spirit-us.eu\/wp-content\/uploads\/2025\/11\/logo-regarde-linterlocutrice-sans-arrriere-plan.jpg\",\"contentUrl\":\"https:\/\/www.spirit-us.eu\/wp-content\/uploads\/2025\/11\/logo-regarde-linterlocutrice-sans-arrriere-plan.jpg\",\"width\":1080,\"height\":1080,\"caption\":\"Spirit-US\"},\"image\":{\"@id\":\"https:\/\/www.spirit-us.eu\/#\/schema\/logo\/image\/\"},\"sameAs\":[\"https:\/\/www.facebook.com\/spirit.us.deum\"]}]}<\/script>\n<!-- \/ Yoast SEO plugin. -->","yoast_head_json":{"title":"COLLIER DE PERLES ET LAPIS LAZZULI - Spirit-US","robots":{"index":"index","follow":"follow","max-snippet":"max-snippet:-1","max-image-preview":"max-image-preview:large","max-video-preview":"max-video-preview:-1"},"canonical":"https:\/\/www.spirit-us.eu\/index.php\/produit\/collier-de-perles-et-lapis-lazzuli\/","og_locale":"fr_FR","og_type":"article","og_title":"COLLIER DE PERLES ET LAPIS LAZZULI - Spirit-US","og_description":"Voici un tr\u00e8s joli collier, pr\u00e9cieux, une pi\u00e8ce unique faite de vraies perles fines de culture originaires de Macau et de perles de lapis lazzuli. Livr\u00e9 dans un \u00e9crin de velours. Il symbolise la protection puissante du monde invisible. Cadeau id\u00e9al pour la saint Valentin, ou la f\u00eate des m\u00e8res ou une occasion unique, ou une f\u00eate de No\u00ebl. Pr\u00e9cautions d\u2019utilisation et conservation de ce bijou\u00a0: \u00a0le garder \u00e0 l\u2019abri des produits chimiques comme les laques pour cheveux, les parfums, les sprays de toute origine ou fonction car ces produits endommagent les perles de nacre.","og_url":"https:\/\/www.spirit-us.eu\/index.php\/produit\/collier-de-perles-et-lapis-lazzuli\/","og_site_name":"Spirit-US","article_publisher":"https:\/\/www.facebook.com\/spirit.us.deum","article_modified_time":"2025-12-17T13:48:55+00:00","og_image":[{"width":1080,"height":1080,"url":"https:\/\/www.spirit-us.eu\/wp-content\/uploads\/2025\/05\/macau-image-produit-sur-soie.png","type":"image\/png"}],"twitter_card":"summary_large_image","schema":{"@context":"https:\/\/schema.org","@graph":[{"@type":"WebPage","@id":"https:\/\/www.spirit-us.eu\/index.php\/produit\/collier-de-perles-et-lapis-lazzuli\/","url":"https:\/\/www.spirit-us.eu\/index.php\/produit\/collier-de-perles-et-lapis-lazzuli\/","name":"COLLIER DE PERLES ET LAPIS LAZZULI - Spirit-US","isPartOf":{"@id":"https:\/\/www.spirit-us.eu\/#website"},"primaryImageOfPage":{"@id":"https:\/\/www.spirit-us.eu\/index.php\/produit\/collier-de-perles-et-lapis-lazzuli\/#primaryimage"},"image":{"@id":"https:\/\/www.spirit-us.eu\/index.php\/produit\/collier-de-perles-et-lapis-lazzuli\/#primaryimage"},"thumbnailUrl":"https:\/\/www.spirit-us.eu\/wp-content\/uploads\/2025\/05\/macau-image-produit-sur-soie.png","datePublished":"2025-05-09T09:51:55+00:00","dateModified":"2025-12-17T13:48:55+00:00","breadcrumb":{"@id":"https:\/\/www.spirit-us.eu\/index.php\/produit\/collier-de-perles-et-lapis-lazzuli\/#breadcrumb"},"inLanguage":"fr-FR","potentialAction":[{"@type":"ReadAction","target":["https:\/\/www.spirit-us.eu\/index.php\/produit\/collier-de-perles-et-lapis-lazzuli\/"]}]},{"@type":"ImageObject","inLanguage":"fr-FR","@id":"https:\/\/www.spirit-us.eu\/index.php\/produit\/collier-de-perles-et-lapis-lazzuli\/#primaryimage","url":"https:\/\/www.spirit-us.eu\/wp-content\/uploads\/2025\/05\/macau-image-produit-sur-soie.png","contentUrl":"https:\/\/www.spirit-us.eu\/wp-content\/uploads\/2025\/05\/macau-image-produit-sur-soie.png","width":1080,"height":1080},{"@type":"BreadcrumbList","@id":"https:\/\/www.spirit-us.eu\/index.php\/produit\/collier-de-perles-et-lapis-lazzuli\/#breadcrumb","itemListElement":[{"@type":"ListItem","position":1,"name":"Accueil","item":"https:\/\/www.spirit-us.eu\/"},{"@type":"ListItem","position":2,"name":"Boutique","item":"https:\/\/www.spirit-us.eu\/index.php\/boutique\/"},{"@type":"ListItem","position":3,"name":"COLLIER DE PERLES ET LAPIS LAZZULI"}]},{"@type":"WebSite","@id":"https:\/\/www.spirit-us.eu\/#website","url":"https:\/\/www.spirit-us.eu\/","name":"Spirit-US","description":"","publisher":{"@id":"https:\/\/www.spirit-us.eu\/#organization"},"potentialAction":[{"@type":"SearchAction","target":{"@type":"EntryPoint","urlTemplate":"https:\/\/www.spirit-us.eu\/?s={search_term_string}"},"query-input":{"@type":"PropertyValueSpecification","valueRequired":true,"valueName":"search_term_string"}}],"inLanguage":"fr-FR"},{"@type":"Organization","@id":"https:\/\/www.spirit-us.eu\/#organization","name":"Spirit-US","url":"https:\/\/www.spirit-us.eu\/","logo":{"@type":"ImageObject","inLanguage":"fr-FR","@id":"https:\/\/www.spirit-us.eu\/#\/schema\/logo\/image\/","url":"https:\/\/www.spirit-us.eu\/wp-content\/uploads\/2025\/11\/logo-regarde-linterlocutrice-sans-arrriere-plan.jpg","contentUrl":"https:\/\/www.spirit-us.eu\/wp-content\/uploads\/2025\/11\/logo-regarde-linterlocutrice-sans-arrriere-plan.jpg","width":1080,"height":1080,"caption":"Spirit-US"},"image":{"@id":"https:\/\/www.spirit-us.eu\/#\/schema\/logo\/image\/"},"sameAs":["https:\/\/www.facebook.com\/spirit.us.deum"]}]}},"jetpack_sharing_enabled":true,"_links":{"self":[{"href":"https:\/\/www.spirit-us.eu\/index.php\/wp-json\/wp\/v2\/product\/1382","targetHints":{"allow":["GET"]}}],"collection":[{"href":"https:\/\/www.spirit-us.eu\/index.php\/wp-json\/wp\/v2\/product"}],"about":[{"href":"https:\/\/www.spirit-us.eu\/index.php\/wp-json\/wp\/v2\/types\/product"}],"replies":[{"embeddable":true,"href":"https:\/\/www.spirit-us.eu\/index.php\/wp-json\/wp\/v2\/comments?post=1382"}],"wp:featuredmedia":[{"embeddable":true,"href":"https:\/\/www.spirit-us.eu\/index.php\/wp-json\/wp\/v2\/media\/1383"}],"wp:attachment":[{"href":"https:\/\/www.spirit-us.eu\/index.php\/wp-json\/wp\/v2\/media?parent=1382"}],"wp:term":[{"taxonomy":"product_brand","embeddable":true,"href":"https:\/\/www.spirit-us.eu\/index.php\/wp-json\/wp\/v2\/product_brand?post=1382"},{"taxonomy":"product_cat","embeddable":true,"href":"https:\/\/www.spirit-us.eu\/index.php\/wp-json\/wp\/v2\/product_cat?post=1382"},{"taxonomy":"product_tag","embeddable":true,"href":"https:\/\/www.spirit-us.eu\/index.php\/wp-json\/wp\/v2\/product_tag?post=1382"},{"taxonomy":"mwb_booking_cost","embeddable":true,"href":"https:\/\/www.spirit-us.eu\/index.php\/wp-json\/wp\/v2\/mwb_booking_cost?post=1382"},{"taxonomy":"mwb_booking_service","embeddable":true,"href":"https:\/\/www.spirit-us.eu\/index.php\/wp-json\/wp\/v2\/mwb_booking_service?post=1382"}],"curies":[{"name":"wp","href":"https:\/\/api.w.org\/{rel}","templated":true}]}}