{"id":1371,"date":"2025-05-08T18:47:47","date_gmt":"2025-05-08T16:47:47","guid":{"rendered":"https:\/\/www.spirit-us.eu\/?post_type=product&#038;p=1371"},"modified":"2025-05-08T18:47:47","modified_gmt":"2025-05-08T16:47:47","slug":"jeu-de-cartes-les-messages-de-lunivers","status":"publish","type":"product","link":"https:\/\/www.spirit-us.eu\/index.php\/produit\/jeu-de-cartes-les-messages-de-lunivers\/","title":{"rendered":"JEU DE CARTES LES MESSAGES DE L\u2019UNIVERS"},"content":{"rendered":"<p><strong>Mat\u00e9riau<\/strong> :\u00a0Papier cartonn\u00e9<\/p>\n<p><strong>Dimensions des cartes<\/strong>\u00a0: 7 cm de large, 12 cm de haut<\/p>\n<p><strong>Nombre de cartes<\/strong>\u00a0: 54<\/p>\n<p><strong>Langue\u00a0<\/strong>: fran\u00e7ais<\/p>\n<p><strong>Tranche d&rsquo;\u00e2ge<\/strong> :\u00a014 ans+<\/p>\n<p>Jeu de cartes pr\u00e9sent\u00e9 dans une bo\u00eete cartonn\u00e9e.<\/p>\n","protected":false},"excerpt":{"rendered":"<p style=\"text-align: justify;\">Ce jeu de cartes n\u2019est pas un tarot \u00e0 proprement parler bien qu\u2019il fonctionne comme peuvent le faire les tarots : le matin, on tire une carte et on a des messages qui donnent la \u00ab couleur de la journ\u00e9e \u00bb : conseils pratiques ou spirituels, aide \u00e0 la compr\u00e9hension du pr\u00e9sent pour une meilleure gestion de l\u2019avenir.\u00a0 On peut l\u2019utiliser individuellement, le matin en prenant le caf\u00e9 ou en groupe, une forme de jeu entre amis ou en famille.\u00a0 Vous tirerez une carte, puis lancerez la discussion ou le jeu sur la th\u00e9matique et les conseils pr\u00e9cieux qu\u2019elle v\u00e9hicule. Les cartes sont cartonn\u00e9es et brillantes, avec illustrations de nuit \u00e9toil\u00e9e, comportent des messages inspirants en fran\u00e7ais pour une orientation spirituelle. La petite dimension des cartes les rend maniables et permet de les emporter partout avec soi, pour des pauses ludiques entre amis ou pour un soutien spirituel en toute situation.<\/p>\n","protected":false},"featured_media":1372,"comment_status":"open","ping_status":"closed","template":"","meta":[],"product_brand":[],"product_cat":[161,17],"product_tag":[176,177],"mwb_booking_cost":[],"mwb_booking_service":[],"class_list":{"0":"post-1371","1":"product","2":"type-product","3":"status-publish","4":"has-post-thumbnail","6":"product_cat-09-tarots-voyance","7":"product_cat-tous-les-produits","8":"product_tag-cartes-spirituelles","9":"product_tag-jeu","11":"first","12":"instock","13":"shipping-taxable","14":"purchasable","15":"product-type-simple"},"yoast_head":"<!-- This site is optimized with the Yoast SEO plugin v27.1.1 - https:\/\/yoast.com\/product\/yoast-seo-wordpress\/ -->\n<title>JEU DE CARTES LES MESSAGES DE L\u2019UNIVERS - Spirit-US<\/title>\n<meta name=\"robots\" content=\"index, follow, max-snippet:-1, max-image-preview:large, max-video-preview:-1\" \/>\n<link rel=\"canonical\" href=\"https:\/\/www.spirit-us.eu\/index.php\/produit\/jeu-de-cartes-les-messages-de-lunivers\/\" \/>\n<meta property=\"og:locale\" content=\"fr_FR\" \/>\n<meta property=\"og:type\" content=\"article\" \/>\n<meta property=\"og:title\" content=\"JEU DE CARTES LES MESSAGES DE L\u2019UNIVERS - Spirit-US\" \/>\n<meta property=\"og:description\" content=\"Ce jeu de cartes n\u2019est pas un tarot \u00e0 proprement parler bien qu\u2019il fonctionne comme peuvent le faire les tarots : le matin, on tire une carte et on a des messages qui donnent la \u00ab couleur de la journ\u00e9e \u00bb : conseils pratiques ou spirituels, aide \u00e0 la compr\u00e9hension du pr\u00e9sent pour une meilleure gestion de l\u2019avenir.\u00a0 On peut l\u2019utiliser individuellement, le matin en prenant le caf\u00e9 ou en groupe, une forme de jeu entre amis ou en famille.\u00a0 Vous tirerez une carte, puis lancerez la discussion ou le jeu sur la th\u00e9matique et les conseils pr\u00e9cieux qu\u2019elle v\u00e9hicule. Les cartes sont cartonn\u00e9es et brillantes, avec illustrations de nuit \u00e9toil\u00e9e, comportent des messages inspirants en fran\u00e7ais pour une orientation spirituelle. La petite dimension des cartes les rend maniables et permet de les emporter partout avec soi, pour des pauses ludiques entre amis ou pour un soutien spirituel en toute situation.\" \/>\n<meta property=\"og:url\" content=\"https:\/\/www.spirit-us.eu\/index.php\/produit\/jeu-de-cartes-les-messages-de-lunivers\/\" \/>\n<meta property=\"og:site_name\" content=\"Spirit-US\" \/>\n<meta property=\"article:publisher\" content=\"https:\/\/www.facebook.com\/spirit.us.deum\" \/>\n<meta property=\"og:image\" content=\"https:\/\/www.spirit-us.eu\/wp-content\/uploads\/2025\/05\/messages-image-produit.png\" \/>\n\t<meta property=\"og:image:width\" content=\"1080\" \/>\n\t<meta property=\"og:image:height\" content=\"1080\" \/>\n\t<meta property=\"og:image:type\" content=\"image\/png\" \/>\n<meta name=\"twitter:card\" content=\"summary_large_image\" \/>\n<script type=\"application\/ld+json\" class=\"yoast-schema-graph\">{\"@context\":\"https:\/\/schema.org\",\"@graph\":[{\"@type\":\"WebPage\",\"@id\":\"https:\/\/www.spirit-us.eu\/index.php\/produit\/jeu-de-cartes-les-messages-de-lunivers\/\",\"url\":\"https:\/\/www.spirit-us.eu\/index.php\/produit\/jeu-de-cartes-les-messages-de-lunivers\/\",\"name\":\"JEU DE CARTES LES MESSAGES DE L\u2019UNIVERS - Spirit-US\",\"isPartOf\":{\"@id\":\"https:\/\/www.spirit-us.eu\/#website\"},\"primaryImageOfPage\":{\"@id\":\"https:\/\/www.spirit-us.eu\/index.php\/produit\/jeu-de-cartes-les-messages-de-lunivers\/#primaryimage\"},\"image\":{\"@id\":\"https:\/\/www.spirit-us.eu\/index.php\/produit\/jeu-de-cartes-les-messages-de-lunivers\/#primaryimage\"},\"thumbnailUrl\":\"https:\/\/www.spirit-us.eu\/wp-content\/uploads\/2025\/05\/messages-image-produit.png\",\"datePublished\":\"2025-05-08T16:47:47+00:00\",\"breadcrumb\":{\"@id\":\"https:\/\/www.spirit-us.eu\/index.php\/produit\/jeu-de-cartes-les-messages-de-lunivers\/#breadcrumb\"},\"inLanguage\":\"fr-FR\",\"potentialAction\":[{\"@type\":\"ReadAction\",\"target\":[\"https:\/\/www.spirit-us.eu\/index.php\/produit\/jeu-de-cartes-les-messages-de-lunivers\/\"]}]},{\"@type\":\"ImageObject\",\"inLanguage\":\"fr-FR\",\"@id\":\"https:\/\/www.spirit-us.eu\/index.php\/produit\/jeu-de-cartes-les-messages-de-lunivers\/#primaryimage\",\"url\":\"https:\/\/www.spirit-us.eu\/wp-content\/uploads\/2025\/05\/messages-image-produit.png\",\"contentUrl\":\"https:\/\/www.spirit-us.eu\/wp-content\/uploads\/2025\/05\/messages-image-produit.png\",\"width\":1080,\"height\":1080},{\"@type\":\"BreadcrumbList\",\"@id\":\"https:\/\/www.spirit-us.eu\/index.php\/produit\/jeu-de-cartes-les-messages-de-lunivers\/#breadcrumb\",\"itemListElement\":[{\"@type\":\"ListItem\",\"position\":1,\"name\":\"Accueil\",\"item\":\"https:\/\/www.spirit-us.eu\/\"},{\"@type\":\"ListItem\",\"position\":2,\"name\":\"Boutique\",\"item\":\"https:\/\/www.spirit-us.eu\/index.php\/boutique\/\"},{\"@type\":\"ListItem\",\"position\":3,\"name\":\"JEU DE CARTES LES MESSAGES DE L\u2019UNIVERS\"}]},{\"@type\":\"WebSite\",\"@id\":\"https:\/\/www.spirit-us.eu\/#website\",\"url\":\"https:\/\/www.spirit-us.eu\/\",\"name\":\"Spirit-US\",\"description\":\"\",\"publisher\":{\"@id\":\"https:\/\/www.spirit-us.eu\/#organization\"},\"potentialAction\":[{\"@type\":\"SearchAction\",\"target\":{\"@type\":\"EntryPoint\",\"urlTemplate\":\"https:\/\/www.spirit-us.eu\/?s={search_term_string}\"},\"query-input\":{\"@type\":\"PropertyValueSpecification\",\"valueRequired\":true,\"valueName\":\"search_term_string\"}}],\"inLanguage\":\"fr-FR\"},{\"@type\":\"Organization\",\"@id\":\"https:\/\/www.spirit-us.eu\/#organization\",\"name\":\"Spirit-US\",\"url\":\"https:\/\/www.spirit-us.eu\/\",\"logo\":{\"@type\":\"ImageObject\",\"inLanguage\":\"fr-FR\",\"@id\":\"https:\/\/www.spirit-us.eu\/#\/schema\/logo\/image\/\",\"url\":\"https:\/\/www.spirit-us.eu\/wp-content\/uploads\/2025\/11\/logo-regarde-linterlocutrice-sans-arrriere-plan.jpg\",\"contentUrl\":\"https:\/\/www.spirit-us.eu\/wp-content\/uploads\/2025\/11\/logo-regarde-linterlocutrice-sans-arrriere-plan.jpg\",\"width\":1080,\"height\":1080,\"caption\":\"Spirit-US\"},\"image\":{\"@id\":\"https:\/\/www.spirit-us.eu\/#\/schema\/logo\/image\/\"},\"sameAs\":[\"https:\/\/www.facebook.com\/spirit.us.deum\"]}]}<\/script>\n<!-- \/ Yoast SEO plugin. -->","yoast_head_json":{"title":"JEU DE CARTES LES MESSAGES DE L\u2019UNIVERS - Spirit-US","robots":{"index":"index","follow":"follow","max-snippet":"max-snippet:-1","max-image-preview":"max-image-preview:large","max-video-preview":"max-video-preview:-1"},"canonical":"https:\/\/www.spirit-us.eu\/index.php\/produit\/jeu-de-cartes-les-messages-de-lunivers\/","og_locale":"fr_FR","og_type":"article","og_title":"JEU DE CARTES LES MESSAGES DE L\u2019UNIVERS - Spirit-US","og_description":"Ce jeu de cartes n\u2019est pas un tarot \u00e0 proprement parler bien qu\u2019il fonctionne comme peuvent le faire les tarots : le matin, on tire une carte et on a des messages qui donnent la \u00ab couleur de la journ\u00e9e \u00bb : conseils pratiques ou spirituels, aide \u00e0 la compr\u00e9hension du pr\u00e9sent pour une meilleure gestion de l\u2019avenir.\u00a0 On peut l\u2019utiliser individuellement, le matin en prenant le caf\u00e9 ou en groupe, une forme de jeu entre amis ou en famille.\u00a0 Vous tirerez une carte, puis lancerez la discussion ou le jeu sur la th\u00e9matique et les conseils pr\u00e9cieux qu\u2019elle v\u00e9hicule. Les cartes sont cartonn\u00e9es et brillantes, avec illustrations de nuit \u00e9toil\u00e9e, comportent des messages inspirants en fran\u00e7ais pour une orientation spirituelle. La petite dimension des cartes les rend maniables et permet de les emporter partout avec soi, pour des pauses ludiques entre amis ou pour un soutien spirituel en toute situation.","og_url":"https:\/\/www.spirit-us.eu\/index.php\/produit\/jeu-de-cartes-les-messages-de-lunivers\/","og_site_name":"Spirit-US","article_publisher":"https:\/\/www.facebook.com\/spirit.us.deum","og_image":[{"width":1080,"height":1080,"url":"https:\/\/www.spirit-us.eu\/wp-content\/uploads\/2025\/05\/messages-image-produit.png","type":"image\/png"}],"twitter_card":"summary_large_image","schema":{"@context":"https:\/\/schema.org","@graph":[{"@type":"WebPage","@id":"https:\/\/www.spirit-us.eu\/index.php\/produit\/jeu-de-cartes-les-messages-de-lunivers\/","url":"https:\/\/www.spirit-us.eu\/index.php\/produit\/jeu-de-cartes-les-messages-de-lunivers\/","name":"JEU DE CARTES LES MESSAGES DE L\u2019UNIVERS - Spirit-US","isPartOf":{"@id":"https:\/\/www.spirit-us.eu\/#website"},"primaryImageOfPage":{"@id":"https:\/\/www.spirit-us.eu\/index.php\/produit\/jeu-de-cartes-les-messages-de-lunivers\/#primaryimage"},"image":{"@id":"https:\/\/www.spirit-us.eu\/index.php\/produit\/jeu-de-cartes-les-messages-de-lunivers\/#primaryimage"},"thumbnailUrl":"https:\/\/www.spirit-us.eu\/wp-content\/uploads\/2025\/05\/messages-image-produit.png","datePublished":"2025-05-08T16:47:47+00:00","breadcrumb":{"@id":"https:\/\/www.spirit-us.eu\/index.php\/produit\/jeu-de-cartes-les-messages-de-lunivers\/#breadcrumb"},"inLanguage":"fr-FR","potentialAction":[{"@type":"ReadAction","target":["https:\/\/www.spirit-us.eu\/index.php\/produit\/jeu-de-cartes-les-messages-de-lunivers\/"]}]},{"@type":"ImageObject","inLanguage":"fr-FR","@id":"https:\/\/www.spirit-us.eu\/index.php\/produit\/jeu-de-cartes-les-messages-de-lunivers\/#primaryimage","url":"https:\/\/www.spirit-us.eu\/wp-content\/uploads\/2025\/05\/messages-image-produit.png","contentUrl":"https:\/\/www.spirit-us.eu\/wp-content\/uploads\/2025\/05\/messages-image-produit.png","width":1080,"height":1080},{"@type":"BreadcrumbList","@id":"https:\/\/www.spirit-us.eu\/index.php\/produit\/jeu-de-cartes-les-messages-de-lunivers\/#breadcrumb","itemListElement":[{"@type":"ListItem","position":1,"name":"Accueil","item":"https:\/\/www.spirit-us.eu\/"},{"@type":"ListItem","position":2,"name":"Boutique","item":"https:\/\/www.spirit-us.eu\/index.php\/boutique\/"},{"@type":"ListItem","position":3,"name":"JEU DE CARTES LES MESSAGES DE L\u2019UNIVERS"}]},{"@type":"WebSite","@id":"https:\/\/www.spirit-us.eu\/#website","url":"https:\/\/www.spirit-us.eu\/","name":"Spirit-US","description":"","publisher":{"@id":"https:\/\/www.spirit-us.eu\/#organization"},"potentialAction":[{"@type":"SearchAction","target":{"@type":"EntryPoint","urlTemplate":"https:\/\/www.spirit-us.eu\/?s={search_term_string}"},"query-input":{"@type":"PropertyValueSpecification","valueRequired":true,"valueName":"search_term_string"}}],"inLanguage":"fr-FR"},{"@type":"Organization","@id":"https:\/\/www.spirit-us.eu\/#organization","name":"Spirit-US","url":"https:\/\/www.spirit-us.eu\/","logo":{"@type":"ImageObject","inLanguage":"fr-FR","@id":"https:\/\/www.spirit-us.eu\/#\/schema\/logo\/image\/","url":"https:\/\/www.spirit-us.eu\/wp-content\/uploads\/2025\/11\/logo-regarde-linterlocutrice-sans-arrriere-plan.jpg","contentUrl":"https:\/\/www.spirit-us.eu\/wp-content\/uploads\/2025\/11\/logo-regarde-linterlocutrice-sans-arrriere-plan.jpg","width":1080,"height":1080,"caption":"Spirit-US"},"image":{"@id":"https:\/\/www.spirit-us.eu\/#\/schema\/logo\/image\/"},"sameAs":["https:\/\/www.facebook.com\/spirit.us.deum"]}]}},"jetpack_sharing_enabled":true,"_links":{"self":[{"href":"https:\/\/www.spirit-us.eu\/index.php\/wp-json\/wp\/v2\/product\/1371","targetHints":{"allow":["GET"]}}],"collection":[{"href":"https:\/\/www.spirit-us.eu\/index.php\/wp-json\/wp\/v2\/product"}],"about":[{"href":"https:\/\/www.spirit-us.eu\/index.php\/wp-json\/wp\/v2\/types\/product"}],"replies":[{"embeddable":true,"href":"https:\/\/www.spirit-us.eu\/index.php\/wp-json\/wp\/v2\/comments?post=1371"}],"wp:featuredmedia":[{"embeddable":true,"href":"https:\/\/www.spirit-us.eu\/index.php\/wp-json\/wp\/v2\/media\/1372"}],"wp:attachment":[{"href":"https:\/\/www.spirit-us.eu\/index.php\/wp-json\/wp\/v2\/media?parent=1371"}],"wp:term":[{"taxonomy":"product_brand","embeddable":true,"href":"https:\/\/www.spirit-us.eu\/index.php\/wp-json\/wp\/v2\/product_brand?post=1371"},{"taxonomy":"product_cat","embeddable":true,"href":"https:\/\/www.spirit-us.eu\/index.php\/wp-json\/wp\/v2\/product_cat?post=1371"},{"taxonomy":"product_tag","embeddable":true,"href":"https:\/\/www.spirit-us.eu\/index.php\/wp-json\/wp\/v2\/product_tag?post=1371"},{"taxonomy":"mwb_booking_cost","embeddable":true,"href":"https:\/\/www.spirit-us.eu\/index.php\/wp-json\/wp\/v2\/mwb_booking_cost?post=1371"},{"taxonomy":"mwb_booking_service","embeddable":true,"href":"https:\/\/www.spirit-us.eu\/index.php\/wp-json\/wp\/v2\/mwb_booking_service?post=1371"}],"curies":[{"name":"wp","href":"https:\/\/api.w.org\/{rel}","templated":true}]}}