{"id":1365,"date":"2025-05-07T13:33:46","date_gmt":"2025-05-07T11:33:46","guid":{"rendered":"https:\/\/www.spirit-us.eu\/?post_type=product&#038;p=1365"},"modified":"2025-05-07T13:43:17","modified_gmt":"2025-05-07T11:43:17","slug":"jolie-boite-precieuse-et-de-grande-classe","status":"publish","type":"product","link":"https:\/\/www.spirit-us.eu\/index.php\/produit\/jolie-boite-precieuse-et-de-grande-classe\/","title":{"rendered":"JOLIE BOITE PRECIEUSE ET DE GRANDE CLASSE"},"content":{"rendered":"<p><strong>Mat\u00e9riau<\/strong>\u00a0: bois poli et verni fa\u00e7on merisier et m\u00e9tal dor\u00e9<\/p>\n<p><strong>Fermeture<\/strong>\u00a0: fermoir en m\u00e9tal dor\u00e9 et charni\u00e8res int\u00e9rieures pour le rabattant<\/p>\n<p><strong>Couleur de la bo\u00eete<\/strong>\u00a0: marron fonc\u00e9<\/p>\n<p><strong>Int\u00e9rieur<\/strong>\u00a0: feutrine pr\u00e9cieuse de couleur cr\u00e8me<\/p>\n<p><strong>Dimensions<\/strong>\u00a0: 20 cm de longueur, 15 cm de largeur, 6,5 cm de profondeur<\/p>\n<p>Bo\u00eete de rangement pr\u00e9cieuse multiusages<\/p>\n","protected":false},"excerpt":{"rendered":"<p style=\"text-align: justify;\">Pour les amateurs et amatrices de belles bo\u00eetes, en voici une.\u00a0 Tr\u00e8s classe, elle recueillera vos secrets ou vos bijoux, ou vos cartes de Tarot, ou servira \u00e0 d\u2019autres choses encore.\u00a0 Tr\u00e8s d\u00e9corative et de belle facture, elle trouvera sa place dans votre int\u00e9rieur et valorisera l\u2019endroit o\u00f9 vous la poserez.<\/p>\n","protected":false},"featured_media":1366,"comment_status":"open","ping_status":"closed","template":"","meta":[],"product_brand":[],"product_cat":[161,17],"product_tag":[175],"mwb_booking_cost":[],"mwb_booking_service":[],"class_list":{"0":"post-1365","1":"product","2":"type-product","3":"status-publish","4":"has-post-thumbnail","6":"product_cat-09-tarots-voyance","7":"product_cat-tous-les-produits","8":"product_tag-decoration","10":"first","11":"instock","12":"shipping-taxable","13":"purchasable","14":"product-type-simple"},"yoast_head":"<!-- This site is optimized with the Yoast SEO plugin v27.1.1 - https:\/\/yoast.com\/product\/yoast-seo-wordpress\/ -->\n<title>JOLIE BOITE PRECIEUSE ET DE GRANDE CLASSE - Spirit-US<\/title>\n<meta name=\"robots\" content=\"index, follow, max-snippet:-1, max-image-preview:large, max-video-preview:-1\" \/>\n<link rel=\"canonical\" href=\"https:\/\/www.spirit-us.eu\/index.php\/produit\/jolie-boite-precieuse-et-de-grande-classe\/\" \/>\n<meta property=\"og:locale\" content=\"fr_FR\" \/>\n<meta property=\"og:type\" content=\"article\" \/>\n<meta property=\"og:title\" content=\"JOLIE BOITE PRECIEUSE ET DE GRANDE CLASSE - Spirit-US\" \/>\n<meta property=\"og:description\" content=\"Pour les amateurs et amatrices de belles bo\u00eetes, en voici une.\u00a0 Tr\u00e8s classe, elle recueillera vos secrets ou vos bijoux, ou vos cartes de Tarot, ou servira \u00e0 d\u2019autres choses encore.\u00a0 Tr\u00e8s d\u00e9corative et de belle facture, elle trouvera sa place dans votre int\u00e9rieur et valorisera l\u2019endroit o\u00f9 vous la poserez.\" \/>\n<meta property=\"og:url\" content=\"https:\/\/www.spirit-us.eu\/index.php\/produit\/jolie-boite-precieuse-et-de-grande-classe\/\" \/>\n<meta property=\"og:site_name\" content=\"Spirit-US\" \/>\n<meta property=\"article:publisher\" content=\"https:\/\/www.facebook.com\/spirit.us.deum\" \/>\n<meta property=\"article:modified_time\" content=\"2025-05-07T11:43:17+00:00\" \/>\n<meta property=\"og:image\" content=\"https:\/\/www.spirit-us.eu\/wp-content\/uploads\/2025\/05\/merisier-image-produit.png\" \/>\n\t<meta property=\"og:image:width\" content=\"1080\" \/>\n\t<meta property=\"og:image:height\" content=\"1080\" \/>\n\t<meta property=\"og:image:type\" content=\"image\/png\" \/>\n<meta name=\"twitter:card\" content=\"summary_large_image\" \/>\n<script type=\"application\/ld+json\" class=\"yoast-schema-graph\">{\"@context\":\"https:\/\/schema.org\",\"@graph\":[{\"@type\":\"WebPage\",\"@id\":\"https:\/\/www.spirit-us.eu\/index.php\/produit\/jolie-boite-precieuse-et-de-grande-classe\/\",\"url\":\"https:\/\/www.spirit-us.eu\/index.php\/produit\/jolie-boite-precieuse-et-de-grande-classe\/\",\"name\":\"JOLIE BOITE PRECIEUSE ET DE GRANDE CLASSE - Spirit-US\",\"isPartOf\":{\"@id\":\"https:\/\/www.spirit-us.eu\/#website\"},\"primaryImageOfPage\":{\"@id\":\"https:\/\/www.spirit-us.eu\/index.php\/produit\/jolie-boite-precieuse-et-de-grande-classe\/#primaryimage\"},\"image\":{\"@id\":\"https:\/\/www.spirit-us.eu\/index.php\/produit\/jolie-boite-precieuse-et-de-grande-classe\/#primaryimage\"},\"thumbnailUrl\":\"https:\/\/www.spirit-us.eu\/wp-content\/uploads\/2025\/05\/merisier-image-produit.png\",\"datePublished\":\"2025-05-07T11:33:46+00:00\",\"dateModified\":\"2025-05-07T11:43:17+00:00\",\"breadcrumb\":{\"@id\":\"https:\/\/www.spirit-us.eu\/index.php\/produit\/jolie-boite-precieuse-et-de-grande-classe\/#breadcrumb\"},\"inLanguage\":\"fr-FR\",\"potentialAction\":[{\"@type\":\"ReadAction\",\"target\":[\"https:\/\/www.spirit-us.eu\/index.php\/produit\/jolie-boite-precieuse-et-de-grande-classe\/\"]}]},{\"@type\":\"ImageObject\",\"inLanguage\":\"fr-FR\",\"@id\":\"https:\/\/www.spirit-us.eu\/index.php\/produit\/jolie-boite-precieuse-et-de-grande-classe\/#primaryimage\",\"url\":\"https:\/\/www.spirit-us.eu\/wp-content\/uploads\/2025\/05\/merisier-image-produit.png\",\"contentUrl\":\"https:\/\/www.spirit-us.eu\/wp-content\/uploads\/2025\/05\/merisier-image-produit.png\",\"width\":1080,\"height\":1080},{\"@type\":\"BreadcrumbList\",\"@id\":\"https:\/\/www.spirit-us.eu\/index.php\/produit\/jolie-boite-precieuse-et-de-grande-classe\/#breadcrumb\",\"itemListElement\":[{\"@type\":\"ListItem\",\"position\":1,\"name\":\"Accueil\",\"item\":\"https:\/\/www.spirit-us.eu\/\"},{\"@type\":\"ListItem\",\"position\":2,\"name\":\"Boutique\",\"item\":\"https:\/\/www.spirit-us.eu\/index.php\/boutique\/\"},{\"@type\":\"ListItem\",\"position\":3,\"name\":\"JOLIE BOITE PRECIEUSE ET DE GRANDE CLASSE\"}]},{\"@type\":\"WebSite\",\"@id\":\"https:\/\/www.spirit-us.eu\/#website\",\"url\":\"https:\/\/www.spirit-us.eu\/\",\"name\":\"Spirit-US\",\"description\":\"\",\"publisher\":{\"@id\":\"https:\/\/www.spirit-us.eu\/#organization\"},\"potentialAction\":[{\"@type\":\"SearchAction\",\"target\":{\"@type\":\"EntryPoint\",\"urlTemplate\":\"https:\/\/www.spirit-us.eu\/?s={search_term_string}\"},\"query-input\":{\"@type\":\"PropertyValueSpecification\",\"valueRequired\":true,\"valueName\":\"search_term_string\"}}],\"inLanguage\":\"fr-FR\"},{\"@type\":\"Organization\",\"@id\":\"https:\/\/www.spirit-us.eu\/#organization\",\"name\":\"Spirit-US\",\"url\":\"https:\/\/www.spirit-us.eu\/\",\"logo\":{\"@type\":\"ImageObject\",\"inLanguage\":\"fr-FR\",\"@id\":\"https:\/\/www.spirit-us.eu\/#\/schema\/logo\/image\/\",\"url\":\"https:\/\/www.spirit-us.eu\/wp-content\/uploads\/2025\/11\/logo-regarde-linterlocutrice-sans-arrriere-plan.jpg\",\"contentUrl\":\"https:\/\/www.spirit-us.eu\/wp-content\/uploads\/2025\/11\/logo-regarde-linterlocutrice-sans-arrriere-plan.jpg\",\"width\":1080,\"height\":1080,\"caption\":\"Spirit-US\"},\"image\":{\"@id\":\"https:\/\/www.spirit-us.eu\/#\/schema\/logo\/image\/\"},\"sameAs\":[\"https:\/\/www.facebook.com\/spirit.us.deum\"]}]}<\/script>\n<!-- \/ Yoast SEO plugin. -->","yoast_head_json":{"title":"JOLIE BOITE PRECIEUSE ET DE GRANDE CLASSE - Spirit-US","robots":{"index":"index","follow":"follow","max-snippet":"max-snippet:-1","max-image-preview":"max-image-preview:large","max-video-preview":"max-video-preview:-1"},"canonical":"https:\/\/www.spirit-us.eu\/index.php\/produit\/jolie-boite-precieuse-et-de-grande-classe\/","og_locale":"fr_FR","og_type":"article","og_title":"JOLIE BOITE PRECIEUSE ET DE GRANDE CLASSE - Spirit-US","og_description":"Pour les amateurs et amatrices de belles bo\u00eetes, en voici une.\u00a0 Tr\u00e8s classe, elle recueillera vos secrets ou vos bijoux, ou vos cartes de Tarot, ou servira \u00e0 d\u2019autres choses encore.\u00a0 Tr\u00e8s d\u00e9corative et de belle facture, elle trouvera sa place dans votre int\u00e9rieur et valorisera l\u2019endroit o\u00f9 vous la poserez.","og_url":"https:\/\/www.spirit-us.eu\/index.php\/produit\/jolie-boite-precieuse-et-de-grande-classe\/","og_site_name":"Spirit-US","article_publisher":"https:\/\/www.facebook.com\/spirit.us.deum","article_modified_time":"2025-05-07T11:43:17+00:00","og_image":[{"width":1080,"height":1080,"url":"https:\/\/www.spirit-us.eu\/wp-content\/uploads\/2025\/05\/merisier-image-produit.png","type":"image\/png"}],"twitter_card":"summary_large_image","schema":{"@context":"https:\/\/schema.org","@graph":[{"@type":"WebPage","@id":"https:\/\/www.spirit-us.eu\/index.php\/produit\/jolie-boite-precieuse-et-de-grande-classe\/","url":"https:\/\/www.spirit-us.eu\/index.php\/produit\/jolie-boite-precieuse-et-de-grande-classe\/","name":"JOLIE BOITE PRECIEUSE ET DE GRANDE CLASSE - Spirit-US","isPartOf":{"@id":"https:\/\/www.spirit-us.eu\/#website"},"primaryImageOfPage":{"@id":"https:\/\/www.spirit-us.eu\/index.php\/produit\/jolie-boite-precieuse-et-de-grande-classe\/#primaryimage"},"image":{"@id":"https:\/\/www.spirit-us.eu\/index.php\/produit\/jolie-boite-precieuse-et-de-grande-classe\/#primaryimage"},"thumbnailUrl":"https:\/\/www.spirit-us.eu\/wp-content\/uploads\/2025\/05\/merisier-image-produit.png","datePublished":"2025-05-07T11:33:46+00:00","dateModified":"2025-05-07T11:43:17+00:00","breadcrumb":{"@id":"https:\/\/www.spirit-us.eu\/index.php\/produit\/jolie-boite-precieuse-et-de-grande-classe\/#breadcrumb"},"inLanguage":"fr-FR","potentialAction":[{"@type":"ReadAction","target":["https:\/\/www.spirit-us.eu\/index.php\/produit\/jolie-boite-precieuse-et-de-grande-classe\/"]}]},{"@type":"ImageObject","inLanguage":"fr-FR","@id":"https:\/\/www.spirit-us.eu\/index.php\/produit\/jolie-boite-precieuse-et-de-grande-classe\/#primaryimage","url":"https:\/\/www.spirit-us.eu\/wp-content\/uploads\/2025\/05\/merisier-image-produit.png","contentUrl":"https:\/\/www.spirit-us.eu\/wp-content\/uploads\/2025\/05\/merisier-image-produit.png","width":1080,"height":1080},{"@type":"BreadcrumbList","@id":"https:\/\/www.spirit-us.eu\/index.php\/produit\/jolie-boite-precieuse-et-de-grande-classe\/#breadcrumb","itemListElement":[{"@type":"ListItem","position":1,"name":"Accueil","item":"https:\/\/www.spirit-us.eu\/"},{"@type":"ListItem","position":2,"name":"Boutique","item":"https:\/\/www.spirit-us.eu\/index.php\/boutique\/"},{"@type":"ListItem","position":3,"name":"JOLIE BOITE PRECIEUSE ET DE GRANDE CLASSE"}]},{"@type":"WebSite","@id":"https:\/\/www.spirit-us.eu\/#website","url":"https:\/\/www.spirit-us.eu\/","name":"Spirit-US","description":"","publisher":{"@id":"https:\/\/www.spirit-us.eu\/#organization"},"potentialAction":[{"@type":"SearchAction","target":{"@type":"EntryPoint","urlTemplate":"https:\/\/www.spirit-us.eu\/?s={search_term_string}"},"query-input":{"@type":"PropertyValueSpecification","valueRequired":true,"valueName":"search_term_string"}}],"inLanguage":"fr-FR"},{"@type":"Organization","@id":"https:\/\/www.spirit-us.eu\/#organization","name":"Spirit-US","url":"https:\/\/www.spirit-us.eu\/","logo":{"@type":"ImageObject","inLanguage":"fr-FR","@id":"https:\/\/www.spirit-us.eu\/#\/schema\/logo\/image\/","url":"https:\/\/www.spirit-us.eu\/wp-content\/uploads\/2025\/11\/logo-regarde-linterlocutrice-sans-arrriere-plan.jpg","contentUrl":"https:\/\/www.spirit-us.eu\/wp-content\/uploads\/2025\/11\/logo-regarde-linterlocutrice-sans-arrriere-plan.jpg","width":1080,"height":1080,"caption":"Spirit-US"},"image":{"@id":"https:\/\/www.spirit-us.eu\/#\/schema\/logo\/image\/"},"sameAs":["https:\/\/www.facebook.com\/spirit.us.deum"]}]}},"jetpack_sharing_enabled":true,"_links":{"self":[{"href":"https:\/\/www.spirit-us.eu\/index.php\/wp-json\/wp\/v2\/product\/1365","targetHints":{"allow":["GET"]}}],"collection":[{"href":"https:\/\/www.spirit-us.eu\/index.php\/wp-json\/wp\/v2\/product"}],"about":[{"href":"https:\/\/www.spirit-us.eu\/index.php\/wp-json\/wp\/v2\/types\/product"}],"replies":[{"embeddable":true,"href":"https:\/\/www.spirit-us.eu\/index.php\/wp-json\/wp\/v2\/comments?post=1365"}],"wp:featuredmedia":[{"embeddable":true,"href":"https:\/\/www.spirit-us.eu\/index.php\/wp-json\/wp\/v2\/media\/1366"}],"wp:attachment":[{"href":"https:\/\/www.spirit-us.eu\/index.php\/wp-json\/wp\/v2\/media?parent=1365"}],"wp:term":[{"taxonomy":"product_brand","embeddable":true,"href":"https:\/\/www.spirit-us.eu\/index.php\/wp-json\/wp\/v2\/product_brand?post=1365"},{"taxonomy":"product_cat","embeddable":true,"href":"https:\/\/www.spirit-us.eu\/index.php\/wp-json\/wp\/v2\/product_cat?post=1365"},{"taxonomy":"product_tag","embeddable":true,"href":"https:\/\/www.spirit-us.eu\/index.php\/wp-json\/wp\/v2\/product_tag?post=1365"},{"taxonomy":"mwb_booking_cost","embeddable":true,"href":"https:\/\/www.spirit-us.eu\/index.php\/wp-json\/wp\/v2\/mwb_booking_cost?post=1365"},{"taxonomy":"mwb_booking_service","embeddable":true,"href":"https:\/\/www.spirit-us.eu\/index.php\/wp-json\/wp\/v2\/mwb_booking_service?post=1365"}],"curies":[{"name":"wp","href":"https:\/\/api.w.org\/{rel}","templated":true}]}}