{"id":1362,"date":"2025-05-07T12:40:33","date_gmt":"2025-05-07T10:40:33","guid":{"rendered":"https:\/\/www.spirit-us.eu\/?post_type=product&#038;p=1362"},"modified":"2025-05-08T18:57:47","modified_gmt":"2025-05-08T16:57:47","slug":"boite-en-bois-blanc-jolie-pratique-et-simple","status":"publish","type":"product","link":"https:\/\/www.spirit-us.eu\/index.php\/produit\/boite-en-bois-blanc-jolie-pratique-et-simple\/","title":{"rendered":"BOITE EN BOIS BLANC : JOLIE, PRATIQUE ET SIMPLE"},"content":{"rendered":"<p><strong>Mat\u00e9riau<\/strong>\u00a0: bois blanc ponc\u00e9 naturel<\/p>\n<p><strong>Dimensions\u00a0<\/strong>: 12,5 cm de largeur, 17,5 cm de longueur, 8 cm de profondeur<\/p>\n<p><strong>Fermeture<\/strong>\u00a0: loquet de m\u00e9tal couleur bronze \u2013 syst\u00e8me de couvercle en bois massif et charni\u00e8res \u00e0 l\u2019arri\u00e8re<\/p>\n","protected":false},"excerpt":{"rendered":"<p style=\"text-align: justify;\">Nombre d\u2019entre nous aiment les bo\u00eetes. Celles qui vous sont propos\u00e9es ici ont pour mission de prot\u00e9ger vos Tarots, mais bien s\u00fbr, tous les usages sont permis !\u00a0 Voici la bo\u00eete toute simple, en bois blanc.\u00a0 C\u2019est un joli cadeau \u00e0 faire en toute occasion et qui contiendra des objets pr\u00e9cieux comme vos tarots ou des bijoux.<\/p>\n","protected":false},"featured_media":1375,"comment_status":"open","ping_status":"closed","template":"","meta":[],"product_brand":[],"product_cat":[161,17],"product_tag":[175],"mwb_booking_cost":[],"mwb_booking_service":[],"class_list":{"0":"post-1362","1":"product","2":"type-product","3":"status-publish","4":"has-post-thumbnail","6":"product_cat-09-tarots-voyance","7":"product_cat-tous-les-produits","8":"product_tag-decoration","10":"first","11":"instock","12":"shipping-taxable","13":"purchasable","14":"product-type-simple"},"yoast_head":"<!-- This site is optimized with the Yoast SEO plugin v27.1.1 - https:\/\/yoast.com\/product\/yoast-seo-wordpress\/ -->\n<title>BOITE EN BOIS BLANC : JOLIE, PRATIQUE ET SIMPLE - Spirit-US<\/title>\n<meta name=\"robots\" content=\"index, follow, max-snippet:-1, max-image-preview:large, max-video-preview:-1\" \/>\n<link rel=\"canonical\" href=\"https:\/\/www.spirit-us.eu\/index.php\/produit\/boite-en-bois-blanc-jolie-pratique-et-simple\/\" \/>\n<meta property=\"og:locale\" content=\"fr_FR\" \/>\n<meta property=\"og:type\" content=\"article\" \/>\n<meta property=\"og:title\" content=\"BOITE EN BOIS BLANC : JOLIE, PRATIQUE ET SIMPLE - Spirit-US\" \/>\n<meta property=\"og:description\" content=\"Nombre d\u2019entre nous aiment les bo\u00eetes. Celles qui vous sont propos\u00e9es ici ont pour mission de prot\u00e9ger vos Tarots, mais bien s\u00fbr, tous les usages sont permis !\u00a0 Voici la bo\u00eete toute simple, en bois blanc.\u00a0 C\u2019est un joli cadeau \u00e0 faire en toute occasion et qui contiendra des objets pr\u00e9cieux comme vos tarots ou des bijoux.\" \/>\n<meta property=\"og:url\" content=\"https:\/\/www.spirit-us.eu\/index.php\/produit\/boite-en-bois-blanc-jolie-pratique-et-simple\/\" \/>\n<meta property=\"og:site_name\" content=\"Spirit-US\" \/>\n<meta property=\"article:publisher\" content=\"https:\/\/www.facebook.com\/spirit.us.deum\" \/>\n<meta property=\"article:modified_time\" content=\"2025-05-08T16:57:47+00:00\" \/>\n<meta property=\"og:image\" content=\"https:\/\/www.spirit-us.eu\/wp-content\/uploads\/2025\/05\/boite-bpos-bmanc-image-produit.png\" \/>\n\t<meta property=\"og:image:width\" content=\"1080\" \/>\n\t<meta property=\"og:image:height\" content=\"1080\" \/>\n\t<meta property=\"og:image:type\" content=\"image\/png\" \/>\n<meta name=\"twitter:card\" content=\"summary_large_image\" \/>\n<script type=\"application\/ld+json\" class=\"yoast-schema-graph\">{\"@context\":\"https:\/\/schema.org\",\"@graph\":[{\"@type\":\"WebPage\",\"@id\":\"https:\/\/www.spirit-us.eu\/index.php\/produit\/boite-en-bois-blanc-jolie-pratique-et-simple\/\",\"url\":\"https:\/\/www.spirit-us.eu\/index.php\/produit\/boite-en-bois-blanc-jolie-pratique-et-simple\/\",\"name\":\"BOITE EN BOIS BLANC : JOLIE, PRATIQUE ET SIMPLE - Spirit-US\",\"isPartOf\":{\"@id\":\"https:\/\/www.spirit-us.eu\/#website\"},\"primaryImageOfPage\":{\"@id\":\"https:\/\/www.spirit-us.eu\/index.php\/produit\/boite-en-bois-blanc-jolie-pratique-et-simple\/#primaryimage\"},\"image\":{\"@id\":\"https:\/\/www.spirit-us.eu\/index.php\/produit\/boite-en-bois-blanc-jolie-pratique-et-simple\/#primaryimage\"},\"thumbnailUrl\":\"https:\/\/www.spirit-us.eu\/wp-content\/uploads\/2025\/05\/boite-bpos-bmanc-image-produit.png\",\"datePublished\":\"2025-05-07T10:40:33+00:00\",\"dateModified\":\"2025-05-08T16:57:47+00:00\",\"breadcrumb\":{\"@id\":\"https:\/\/www.spirit-us.eu\/index.php\/produit\/boite-en-bois-blanc-jolie-pratique-et-simple\/#breadcrumb\"},\"inLanguage\":\"fr-FR\",\"potentialAction\":[{\"@type\":\"ReadAction\",\"target\":[\"https:\/\/www.spirit-us.eu\/index.php\/produit\/boite-en-bois-blanc-jolie-pratique-et-simple\/\"]}]},{\"@type\":\"ImageObject\",\"inLanguage\":\"fr-FR\",\"@id\":\"https:\/\/www.spirit-us.eu\/index.php\/produit\/boite-en-bois-blanc-jolie-pratique-et-simple\/#primaryimage\",\"url\":\"https:\/\/www.spirit-us.eu\/wp-content\/uploads\/2025\/05\/boite-bpos-bmanc-image-produit.png\",\"contentUrl\":\"https:\/\/www.spirit-us.eu\/wp-content\/uploads\/2025\/05\/boite-bpos-bmanc-image-produit.png\",\"width\":1080,\"height\":1080},{\"@type\":\"BreadcrumbList\",\"@id\":\"https:\/\/www.spirit-us.eu\/index.php\/produit\/boite-en-bois-blanc-jolie-pratique-et-simple\/#breadcrumb\",\"itemListElement\":[{\"@type\":\"ListItem\",\"position\":1,\"name\":\"Accueil\",\"item\":\"https:\/\/www.spirit-us.eu\/\"},{\"@type\":\"ListItem\",\"position\":2,\"name\":\"Boutique\",\"item\":\"https:\/\/www.spirit-us.eu\/index.php\/boutique\/\"},{\"@type\":\"ListItem\",\"position\":3,\"name\":\"BOITE EN BOIS BLANC : JOLIE, PRATIQUE ET SIMPLE\"}]},{\"@type\":\"WebSite\",\"@id\":\"https:\/\/www.spirit-us.eu\/#website\",\"url\":\"https:\/\/www.spirit-us.eu\/\",\"name\":\"Spirit-US\",\"description\":\"\",\"publisher\":{\"@id\":\"https:\/\/www.spirit-us.eu\/#organization\"},\"potentialAction\":[{\"@type\":\"SearchAction\",\"target\":{\"@type\":\"EntryPoint\",\"urlTemplate\":\"https:\/\/www.spirit-us.eu\/?s={search_term_string}\"},\"query-input\":{\"@type\":\"PropertyValueSpecification\",\"valueRequired\":true,\"valueName\":\"search_term_string\"}}],\"inLanguage\":\"fr-FR\"},{\"@type\":\"Organization\",\"@id\":\"https:\/\/www.spirit-us.eu\/#organization\",\"name\":\"Spirit-US\",\"url\":\"https:\/\/www.spirit-us.eu\/\",\"logo\":{\"@type\":\"ImageObject\",\"inLanguage\":\"fr-FR\",\"@id\":\"https:\/\/www.spirit-us.eu\/#\/schema\/logo\/image\/\",\"url\":\"https:\/\/www.spirit-us.eu\/wp-content\/uploads\/2025\/11\/logo-regarde-linterlocutrice-sans-arrriere-plan.jpg\",\"contentUrl\":\"https:\/\/www.spirit-us.eu\/wp-content\/uploads\/2025\/11\/logo-regarde-linterlocutrice-sans-arrriere-plan.jpg\",\"width\":1080,\"height\":1080,\"caption\":\"Spirit-US\"},\"image\":{\"@id\":\"https:\/\/www.spirit-us.eu\/#\/schema\/logo\/image\/\"},\"sameAs\":[\"https:\/\/www.facebook.com\/spirit.us.deum\"]}]}<\/script>\n<!-- \/ Yoast SEO plugin. -->","yoast_head_json":{"title":"BOITE EN BOIS BLANC : JOLIE, PRATIQUE ET SIMPLE - Spirit-US","robots":{"index":"index","follow":"follow","max-snippet":"max-snippet:-1","max-image-preview":"max-image-preview:large","max-video-preview":"max-video-preview:-1"},"canonical":"https:\/\/www.spirit-us.eu\/index.php\/produit\/boite-en-bois-blanc-jolie-pratique-et-simple\/","og_locale":"fr_FR","og_type":"article","og_title":"BOITE EN BOIS BLANC : JOLIE, PRATIQUE ET SIMPLE - Spirit-US","og_description":"Nombre d\u2019entre nous aiment les bo\u00eetes. Celles qui vous sont propos\u00e9es ici ont pour mission de prot\u00e9ger vos Tarots, mais bien s\u00fbr, tous les usages sont permis !\u00a0 Voici la bo\u00eete toute simple, en bois blanc.\u00a0 C\u2019est un joli cadeau \u00e0 faire en toute occasion et qui contiendra des objets pr\u00e9cieux comme vos tarots ou des bijoux.","og_url":"https:\/\/www.spirit-us.eu\/index.php\/produit\/boite-en-bois-blanc-jolie-pratique-et-simple\/","og_site_name":"Spirit-US","article_publisher":"https:\/\/www.facebook.com\/spirit.us.deum","article_modified_time":"2025-05-08T16:57:47+00:00","og_image":[{"width":1080,"height":1080,"url":"https:\/\/www.spirit-us.eu\/wp-content\/uploads\/2025\/05\/boite-bpos-bmanc-image-produit.png","type":"image\/png"}],"twitter_card":"summary_large_image","schema":{"@context":"https:\/\/schema.org","@graph":[{"@type":"WebPage","@id":"https:\/\/www.spirit-us.eu\/index.php\/produit\/boite-en-bois-blanc-jolie-pratique-et-simple\/","url":"https:\/\/www.spirit-us.eu\/index.php\/produit\/boite-en-bois-blanc-jolie-pratique-et-simple\/","name":"BOITE EN BOIS BLANC : JOLIE, PRATIQUE ET SIMPLE - Spirit-US","isPartOf":{"@id":"https:\/\/www.spirit-us.eu\/#website"},"primaryImageOfPage":{"@id":"https:\/\/www.spirit-us.eu\/index.php\/produit\/boite-en-bois-blanc-jolie-pratique-et-simple\/#primaryimage"},"image":{"@id":"https:\/\/www.spirit-us.eu\/index.php\/produit\/boite-en-bois-blanc-jolie-pratique-et-simple\/#primaryimage"},"thumbnailUrl":"https:\/\/www.spirit-us.eu\/wp-content\/uploads\/2025\/05\/boite-bpos-bmanc-image-produit.png","datePublished":"2025-05-07T10:40:33+00:00","dateModified":"2025-05-08T16:57:47+00:00","breadcrumb":{"@id":"https:\/\/www.spirit-us.eu\/index.php\/produit\/boite-en-bois-blanc-jolie-pratique-et-simple\/#breadcrumb"},"inLanguage":"fr-FR","potentialAction":[{"@type":"ReadAction","target":["https:\/\/www.spirit-us.eu\/index.php\/produit\/boite-en-bois-blanc-jolie-pratique-et-simple\/"]}]},{"@type":"ImageObject","inLanguage":"fr-FR","@id":"https:\/\/www.spirit-us.eu\/index.php\/produit\/boite-en-bois-blanc-jolie-pratique-et-simple\/#primaryimage","url":"https:\/\/www.spirit-us.eu\/wp-content\/uploads\/2025\/05\/boite-bpos-bmanc-image-produit.png","contentUrl":"https:\/\/www.spirit-us.eu\/wp-content\/uploads\/2025\/05\/boite-bpos-bmanc-image-produit.png","width":1080,"height":1080},{"@type":"BreadcrumbList","@id":"https:\/\/www.spirit-us.eu\/index.php\/produit\/boite-en-bois-blanc-jolie-pratique-et-simple\/#breadcrumb","itemListElement":[{"@type":"ListItem","position":1,"name":"Accueil","item":"https:\/\/www.spirit-us.eu\/"},{"@type":"ListItem","position":2,"name":"Boutique","item":"https:\/\/www.spirit-us.eu\/index.php\/boutique\/"},{"@type":"ListItem","position":3,"name":"BOITE EN BOIS BLANC : JOLIE, PRATIQUE ET SIMPLE"}]},{"@type":"WebSite","@id":"https:\/\/www.spirit-us.eu\/#website","url":"https:\/\/www.spirit-us.eu\/","name":"Spirit-US","description":"","publisher":{"@id":"https:\/\/www.spirit-us.eu\/#organization"},"potentialAction":[{"@type":"SearchAction","target":{"@type":"EntryPoint","urlTemplate":"https:\/\/www.spirit-us.eu\/?s={search_term_string}"},"query-input":{"@type":"PropertyValueSpecification","valueRequired":true,"valueName":"search_term_string"}}],"inLanguage":"fr-FR"},{"@type":"Organization","@id":"https:\/\/www.spirit-us.eu\/#organization","name":"Spirit-US","url":"https:\/\/www.spirit-us.eu\/","logo":{"@type":"ImageObject","inLanguage":"fr-FR","@id":"https:\/\/www.spirit-us.eu\/#\/schema\/logo\/image\/","url":"https:\/\/www.spirit-us.eu\/wp-content\/uploads\/2025\/11\/logo-regarde-linterlocutrice-sans-arrriere-plan.jpg","contentUrl":"https:\/\/www.spirit-us.eu\/wp-content\/uploads\/2025\/11\/logo-regarde-linterlocutrice-sans-arrriere-plan.jpg","width":1080,"height":1080,"caption":"Spirit-US"},"image":{"@id":"https:\/\/www.spirit-us.eu\/#\/schema\/logo\/image\/"},"sameAs":["https:\/\/www.facebook.com\/spirit.us.deum"]}]}},"jetpack_sharing_enabled":true,"_links":{"self":[{"href":"https:\/\/www.spirit-us.eu\/index.php\/wp-json\/wp\/v2\/product\/1362","targetHints":{"allow":["GET"]}}],"collection":[{"href":"https:\/\/www.spirit-us.eu\/index.php\/wp-json\/wp\/v2\/product"}],"about":[{"href":"https:\/\/www.spirit-us.eu\/index.php\/wp-json\/wp\/v2\/types\/product"}],"replies":[{"embeddable":true,"href":"https:\/\/www.spirit-us.eu\/index.php\/wp-json\/wp\/v2\/comments?post=1362"}],"wp:featuredmedia":[{"embeddable":true,"href":"https:\/\/www.spirit-us.eu\/index.php\/wp-json\/wp\/v2\/media\/1375"}],"wp:attachment":[{"href":"https:\/\/www.spirit-us.eu\/index.php\/wp-json\/wp\/v2\/media?parent=1362"}],"wp:term":[{"taxonomy":"product_brand","embeddable":true,"href":"https:\/\/www.spirit-us.eu\/index.php\/wp-json\/wp\/v2\/product_brand?post=1362"},{"taxonomy":"product_cat","embeddable":true,"href":"https:\/\/www.spirit-us.eu\/index.php\/wp-json\/wp\/v2\/product_cat?post=1362"},{"taxonomy":"product_tag","embeddable":true,"href":"https:\/\/www.spirit-us.eu\/index.php\/wp-json\/wp\/v2\/product_tag?post=1362"},{"taxonomy":"mwb_booking_cost","embeddable":true,"href":"https:\/\/www.spirit-us.eu\/index.php\/wp-json\/wp\/v2\/mwb_booking_cost?post=1362"},{"taxonomy":"mwb_booking_service","embeddable":true,"href":"https:\/\/www.spirit-us.eu\/index.php\/wp-json\/wp\/v2\/mwb_booking_service?post=1362"}],"curies":[{"name":"wp","href":"https:\/\/api.w.org\/{rel}","templated":true}]}}