{"id":1352,"date":"2025-05-07T11:16:17","date_gmt":"2025-05-07T09:16:17","guid":{"rendered":"https:\/\/www.spirit-us.eu\/?post_type=product&#038;p=1352"},"modified":"2025-05-08T12:08:30","modified_gmt":"2025-05-08T10:08:30","slug":"tarot-reminiscence-des-vies-anterieures","status":"publish","type":"product","link":"https:\/\/www.spirit-us.eu\/index.php\/produit\/tarot-reminiscence-des-vies-anterieures\/","title":{"rendered":"TAROT : REMINISCENCE DES VIES ANTERIEURES"},"content":{"rendered":"<p><strong>Nombre de pages du livret explicatif<\/strong>\u00a0: \u00a0228 pages<\/p>\n<p><strong>Dimensions du livret<\/strong>\u00a0: 16 cm x 11,3 cm x 1,4 cm<\/p>\n<p><strong>Langue<\/strong>\u00a0: fran\u00e7ais<\/p>\n<p><strong>\u00c9diteur<\/strong>\u00a0:\u00a0 Exergue<\/p>\n<p><strong>Ann\u00e9e de publication<\/strong>\u00a0:\u00a0 2022<\/p>\n<p><strong>Dimensions des cartes de ce Tarot<\/strong>\u00a0:\u00a0 12.3 x 8 cm<\/p>\n<p><strong>Mat\u00e9riau\u00a0<\/strong>: carton laqu\u00e9<\/p>\n<p><strong>Couleurs<\/strong>\u00a0: illustration polychromes \/ le dos des cartes est violet avec motif \u00e9sot\u00e9rique<\/p>\n","protected":false},"excerpt":{"rendered":"<p style=\"text-align: justify;\">Cet oracle de 79 cartes magnifiquement illustr\u00e9es permet de mieux comprendre les blocages de la vie actuelle, en relation avec une ou des vies ant\u00e9rieures. Son interpr\u00e9tation demande une grande rigueur et en contrepartie, ce Tarot nous permet de travailler avec une grande coh\u00e9rence, des faits et des situations jusque-l\u00e0 inexpliqu\u00e9s. Les probl\u00e9matiques de la vie actuelle, les peurs profondes, les blessures \u00e0 r\u00e9soudre, mais aussi les croyances limitantes qui nous emp\u00eachent de nous r\u00e9aliser pleinement apparaissent au fil des tirages.\u00a0 En ce sens, ce Tarot n\u2019est pas un outil de pr\u00e9cognition (de voyance), mais de r\u00e9trocognition (comprendre le pr\u00e9sent \u00e0 la lumi\u00e8re du pass\u00e9).<br \/>\nDans le livret explicatif, on trouve les m\u00e9thodes de tirage, la signification des cartes, ainsi que les messages inspirants qui vous feront voyager dans le temps pour retrouver les m\u00e9moires de votre \u00e2me au fil des incarnations successives, depuis les temps les plus recul\u00e9s. Nous vous le conseillons vivement, nous l\u2019utilisons tr\u00e8s r\u00e9guli\u00e8rement et il fait ses preuves.<\/p>\n","protected":false},"featured_media":1370,"comment_status":"open","ping_status":"closed","template":"","meta":[],"product_brand":[],"product_cat":[161,17],"product_tag":[171],"mwb_booking_cost":[],"mwb_booking_service":[],"class_list":{"0":"post-1352","1":"product","2":"type-product","3":"status-publish","4":"has-post-thumbnail","6":"product_cat-09-tarots-voyance","7":"product_cat-tous-les-produits","8":"product_tag-voyance","10":"first","11":"instock","12":"shipping-taxable","13":"purchasable","14":"product-type-simple"},"yoast_head":"<!-- This site is optimized with the Yoast SEO plugin v27.1.1 - https:\/\/yoast.com\/product\/yoast-seo-wordpress\/ -->\n<title>TAROT : REMINISCENCE DES VIES ANTERIEURES - Spirit-US<\/title>\n<meta name=\"robots\" content=\"index, follow, max-snippet:-1, max-image-preview:large, max-video-preview:-1\" \/>\n<link rel=\"canonical\" href=\"https:\/\/www.spirit-us.eu\/index.php\/produit\/tarot-reminiscence-des-vies-anterieures\/\" \/>\n<meta property=\"og:locale\" content=\"fr_FR\" \/>\n<meta property=\"og:type\" content=\"article\" \/>\n<meta property=\"og:title\" content=\"TAROT : REMINISCENCE DES VIES ANTERIEURES - Spirit-US\" \/>\n<meta property=\"og:description\" content=\"Cet oracle de 79 cartes magnifiquement illustr\u00e9es permet de mieux comprendre les blocages de la vie actuelle, en relation avec une ou des vies ant\u00e9rieures. Son interpr\u00e9tation demande une grande rigueur et en contrepartie, ce Tarot nous permet de travailler avec une grande coh\u00e9rence, des faits et des situations jusque-l\u00e0 inexpliqu\u00e9s. Les probl\u00e9matiques de la vie actuelle, les peurs profondes, les blessures \u00e0 r\u00e9soudre, mais aussi les croyances limitantes qui nous emp\u00eachent de nous r\u00e9aliser pleinement apparaissent au fil des tirages.\u00a0 En ce sens, ce Tarot n\u2019est pas un outil de pr\u00e9cognition (de voyance), mais de r\u00e9trocognition (comprendre le pr\u00e9sent \u00e0 la lumi\u00e8re du pass\u00e9). Dans le livret explicatif, on trouve les m\u00e9thodes de tirage, la signification des cartes, ainsi que les messages inspirants qui vous feront voyager dans le temps pour retrouver les m\u00e9moires de votre \u00e2me au fil des incarnations successives, depuis les temps les plus recul\u00e9s. Nous vous le conseillons vivement, nous l\u2019utilisons tr\u00e8s r\u00e9guli\u00e8rement et il fait ses preuves.\" \/>\n<meta property=\"og:url\" content=\"https:\/\/www.spirit-us.eu\/index.php\/produit\/tarot-reminiscence-des-vies-anterieures\/\" \/>\n<meta property=\"og:site_name\" content=\"Spirit-US\" \/>\n<meta property=\"article:publisher\" content=\"https:\/\/www.facebook.com\/spirit.us.deum\" \/>\n<meta property=\"article:modified_time\" content=\"2025-05-08T10:08:30+00:00\" \/>\n<meta property=\"og:image\" content=\"https:\/\/www.spirit-us.eu\/wp-content\/uploads\/2025\/05\/anterieures-image-produit-avec-fond.png\" \/>\n\t<meta property=\"og:image:width\" content=\"1080\" \/>\n\t<meta property=\"og:image:height\" content=\"1080\" \/>\n\t<meta property=\"og:image:type\" content=\"image\/png\" \/>\n<meta name=\"twitter:card\" content=\"summary_large_image\" \/>\n<script type=\"application\/ld+json\" class=\"yoast-schema-graph\">{\"@context\":\"https:\/\/schema.org\",\"@graph\":[{\"@type\":\"WebPage\",\"@id\":\"https:\/\/www.spirit-us.eu\/index.php\/produit\/tarot-reminiscence-des-vies-anterieures\/\",\"url\":\"https:\/\/www.spirit-us.eu\/index.php\/produit\/tarot-reminiscence-des-vies-anterieures\/\",\"name\":\"TAROT : REMINISCENCE DES VIES ANTERIEURES - Spirit-US\",\"isPartOf\":{\"@id\":\"https:\/\/www.spirit-us.eu\/#website\"},\"primaryImageOfPage\":{\"@id\":\"https:\/\/www.spirit-us.eu\/index.php\/produit\/tarot-reminiscence-des-vies-anterieures\/#primaryimage\"},\"image\":{\"@id\":\"https:\/\/www.spirit-us.eu\/index.php\/produit\/tarot-reminiscence-des-vies-anterieures\/#primaryimage\"},\"thumbnailUrl\":\"https:\/\/www.spirit-us.eu\/wp-content\/uploads\/2025\/05\/anterieures-image-produit-avec-fond.png\",\"datePublished\":\"2025-05-07T09:16:17+00:00\",\"dateModified\":\"2025-05-08T10:08:30+00:00\",\"breadcrumb\":{\"@id\":\"https:\/\/www.spirit-us.eu\/index.php\/produit\/tarot-reminiscence-des-vies-anterieures\/#breadcrumb\"},\"inLanguage\":\"fr-FR\",\"potentialAction\":[{\"@type\":\"ReadAction\",\"target\":[\"https:\/\/www.spirit-us.eu\/index.php\/produit\/tarot-reminiscence-des-vies-anterieures\/\"]}]},{\"@type\":\"ImageObject\",\"inLanguage\":\"fr-FR\",\"@id\":\"https:\/\/www.spirit-us.eu\/index.php\/produit\/tarot-reminiscence-des-vies-anterieures\/#primaryimage\",\"url\":\"https:\/\/www.spirit-us.eu\/wp-content\/uploads\/2025\/05\/anterieures-image-produit-avec-fond.png\",\"contentUrl\":\"https:\/\/www.spirit-us.eu\/wp-content\/uploads\/2025\/05\/anterieures-image-produit-avec-fond.png\",\"width\":1080,\"height\":1080},{\"@type\":\"BreadcrumbList\",\"@id\":\"https:\/\/www.spirit-us.eu\/index.php\/produit\/tarot-reminiscence-des-vies-anterieures\/#breadcrumb\",\"itemListElement\":[{\"@type\":\"ListItem\",\"position\":1,\"name\":\"Accueil\",\"item\":\"https:\/\/www.spirit-us.eu\/\"},{\"@type\":\"ListItem\",\"position\":2,\"name\":\"Boutique\",\"item\":\"https:\/\/www.spirit-us.eu\/index.php\/boutique\/\"},{\"@type\":\"ListItem\",\"position\":3,\"name\":\"TAROT : REMINISCENCE DES VIES ANTERIEURES\"}]},{\"@type\":\"WebSite\",\"@id\":\"https:\/\/www.spirit-us.eu\/#website\",\"url\":\"https:\/\/www.spirit-us.eu\/\",\"name\":\"Spirit-US\",\"description\":\"\",\"publisher\":{\"@id\":\"https:\/\/www.spirit-us.eu\/#organization\"},\"potentialAction\":[{\"@type\":\"SearchAction\",\"target\":{\"@type\":\"EntryPoint\",\"urlTemplate\":\"https:\/\/www.spirit-us.eu\/?s={search_term_string}\"},\"query-input\":{\"@type\":\"PropertyValueSpecification\",\"valueRequired\":true,\"valueName\":\"search_term_string\"}}],\"inLanguage\":\"fr-FR\"},{\"@type\":\"Organization\",\"@id\":\"https:\/\/www.spirit-us.eu\/#organization\",\"name\":\"Spirit-US\",\"url\":\"https:\/\/www.spirit-us.eu\/\",\"logo\":{\"@type\":\"ImageObject\",\"inLanguage\":\"fr-FR\",\"@id\":\"https:\/\/www.spirit-us.eu\/#\/schema\/logo\/image\/\",\"url\":\"https:\/\/www.spirit-us.eu\/wp-content\/uploads\/2025\/11\/logo-regarde-linterlocutrice-sans-arrriere-plan.jpg\",\"contentUrl\":\"https:\/\/www.spirit-us.eu\/wp-content\/uploads\/2025\/11\/logo-regarde-linterlocutrice-sans-arrriere-plan.jpg\",\"width\":1080,\"height\":1080,\"caption\":\"Spirit-US\"},\"image\":{\"@id\":\"https:\/\/www.spirit-us.eu\/#\/schema\/logo\/image\/\"},\"sameAs\":[\"https:\/\/www.facebook.com\/spirit.us.deum\"]}]}<\/script>\n<!-- \/ Yoast SEO plugin. -->","yoast_head_json":{"title":"TAROT : REMINISCENCE DES VIES ANTERIEURES - Spirit-US","robots":{"index":"index","follow":"follow","max-snippet":"max-snippet:-1","max-image-preview":"max-image-preview:large","max-video-preview":"max-video-preview:-1"},"canonical":"https:\/\/www.spirit-us.eu\/index.php\/produit\/tarot-reminiscence-des-vies-anterieures\/","og_locale":"fr_FR","og_type":"article","og_title":"TAROT : REMINISCENCE DES VIES ANTERIEURES - Spirit-US","og_description":"Cet oracle de 79 cartes magnifiquement illustr\u00e9es permet de mieux comprendre les blocages de la vie actuelle, en relation avec une ou des vies ant\u00e9rieures. Son interpr\u00e9tation demande une grande rigueur et en contrepartie, ce Tarot nous permet de travailler avec une grande coh\u00e9rence, des faits et des situations jusque-l\u00e0 inexpliqu\u00e9s. Les probl\u00e9matiques de la vie actuelle, les peurs profondes, les blessures \u00e0 r\u00e9soudre, mais aussi les croyances limitantes qui nous emp\u00eachent de nous r\u00e9aliser pleinement apparaissent au fil des tirages.\u00a0 En ce sens, ce Tarot n\u2019est pas un outil de pr\u00e9cognition (de voyance), mais de r\u00e9trocognition (comprendre le pr\u00e9sent \u00e0 la lumi\u00e8re du pass\u00e9). Dans le livret explicatif, on trouve les m\u00e9thodes de tirage, la signification des cartes, ainsi que les messages inspirants qui vous feront voyager dans le temps pour retrouver les m\u00e9moires de votre \u00e2me au fil des incarnations successives, depuis les temps les plus recul\u00e9s. Nous vous le conseillons vivement, nous l\u2019utilisons tr\u00e8s r\u00e9guli\u00e8rement et il fait ses preuves.","og_url":"https:\/\/www.spirit-us.eu\/index.php\/produit\/tarot-reminiscence-des-vies-anterieures\/","og_site_name":"Spirit-US","article_publisher":"https:\/\/www.facebook.com\/spirit.us.deum","article_modified_time":"2025-05-08T10:08:30+00:00","og_image":[{"width":1080,"height":1080,"url":"https:\/\/www.spirit-us.eu\/wp-content\/uploads\/2025\/05\/anterieures-image-produit-avec-fond.png","type":"image\/png"}],"twitter_card":"summary_large_image","schema":{"@context":"https:\/\/schema.org","@graph":[{"@type":"WebPage","@id":"https:\/\/www.spirit-us.eu\/index.php\/produit\/tarot-reminiscence-des-vies-anterieures\/","url":"https:\/\/www.spirit-us.eu\/index.php\/produit\/tarot-reminiscence-des-vies-anterieures\/","name":"TAROT : REMINISCENCE DES VIES ANTERIEURES - Spirit-US","isPartOf":{"@id":"https:\/\/www.spirit-us.eu\/#website"},"primaryImageOfPage":{"@id":"https:\/\/www.spirit-us.eu\/index.php\/produit\/tarot-reminiscence-des-vies-anterieures\/#primaryimage"},"image":{"@id":"https:\/\/www.spirit-us.eu\/index.php\/produit\/tarot-reminiscence-des-vies-anterieures\/#primaryimage"},"thumbnailUrl":"https:\/\/www.spirit-us.eu\/wp-content\/uploads\/2025\/05\/anterieures-image-produit-avec-fond.png","datePublished":"2025-05-07T09:16:17+00:00","dateModified":"2025-05-08T10:08:30+00:00","breadcrumb":{"@id":"https:\/\/www.spirit-us.eu\/index.php\/produit\/tarot-reminiscence-des-vies-anterieures\/#breadcrumb"},"inLanguage":"fr-FR","potentialAction":[{"@type":"ReadAction","target":["https:\/\/www.spirit-us.eu\/index.php\/produit\/tarot-reminiscence-des-vies-anterieures\/"]}]},{"@type":"ImageObject","inLanguage":"fr-FR","@id":"https:\/\/www.spirit-us.eu\/index.php\/produit\/tarot-reminiscence-des-vies-anterieures\/#primaryimage","url":"https:\/\/www.spirit-us.eu\/wp-content\/uploads\/2025\/05\/anterieures-image-produit-avec-fond.png","contentUrl":"https:\/\/www.spirit-us.eu\/wp-content\/uploads\/2025\/05\/anterieures-image-produit-avec-fond.png","width":1080,"height":1080},{"@type":"BreadcrumbList","@id":"https:\/\/www.spirit-us.eu\/index.php\/produit\/tarot-reminiscence-des-vies-anterieures\/#breadcrumb","itemListElement":[{"@type":"ListItem","position":1,"name":"Accueil","item":"https:\/\/www.spirit-us.eu\/"},{"@type":"ListItem","position":2,"name":"Boutique","item":"https:\/\/www.spirit-us.eu\/index.php\/boutique\/"},{"@type":"ListItem","position":3,"name":"TAROT : REMINISCENCE DES VIES ANTERIEURES"}]},{"@type":"WebSite","@id":"https:\/\/www.spirit-us.eu\/#website","url":"https:\/\/www.spirit-us.eu\/","name":"Spirit-US","description":"","publisher":{"@id":"https:\/\/www.spirit-us.eu\/#organization"},"potentialAction":[{"@type":"SearchAction","target":{"@type":"EntryPoint","urlTemplate":"https:\/\/www.spirit-us.eu\/?s={search_term_string}"},"query-input":{"@type":"PropertyValueSpecification","valueRequired":true,"valueName":"search_term_string"}}],"inLanguage":"fr-FR"},{"@type":"Organization","@id":"https:\/\/www.spirit-us.eu\/#organization","name":"Spirit-US","url":"https:\/\/www.spirit-us.eu\/","logo":{"@type":"ImageObject","inLanguage":"fr-FR","@id":"https:\/\/www.spirit-us.eu\/#\/schema\/logo\/image\/","url":"https:\/\/www.spirit-us.eu\/wp-content\/uploads\/2025\/11\/logo-regarde-linterlocutrice-sans-arrriere-plan.jpg","contentUrl":"https:\/\/www.spirit-us.eu\/wp-content\/uploads\/2025\/11\/logo-regarde-linterlocutrice-sans-arrriere-plan.jpg","width":1080,"height":1080,"caption":"Spirit-US"},"image":{"@id":"https:\/\/www.spirit-us.eu\/#\/schema\/logo\/image\/"},"sameAs":["https:\/\/www.facebook.com\/spirit.us.deum"]}]}},"jetpack_sharing_enabled":true,"_links":{"self":[{"href":"https:\/\/www.spirit-us.eu\/index.php\/wp-json\/wp\/v2\/product\/1352","targetHints":{"allow":["GET"]}}],"collection":[{"href":"https:\/\/www.spirit-us.eu\/index.php\/wp-json\/wp\/v2\/product"}],"about":[{"href":"https:\/\/www.spirit-us.eu\/index.php\/wp-json\/wp\/v2\/types\/product"}],"replies":[{"embeddable":true,"href":"https:\/\/www.spirit-us.eu\/index.php\/wp-json\/wp\/v2\/comments?post=1352"}],"wp:featuredmedia":[{"embeddable":true,"href":"https:\/\/www.spirit-us.eu\/index.php\/wp-json\/wp\/v2\/media\/1370"}],"wp:attachment":[{"href":"https:\/\/www.spirit-us.eu\/index.php\/wp-json\/wp\/v2\/media?parent=1352"}],"wp:term":[{"taxonomy":"product_brand","embeddable":true,"href":"https:\/\/www.spirit-us.eu\/index.php\/wp-json\/wp\/v2\/product_brand?post=1352"},{"taxonomy":"product_cat","embeddable":true,"href":"https:\/\/www.spirit-us.eu\/index.php\/wp-json\/wp\/v2\/product_cat?post=1352"},{"taxonomy":"product_tag","embeddable":true,"href":"https:\/\/www.spirit-us.eu\/index.php\/wp-json\/wp\/v2\/product_tag?post=1352"},{"taxonomy":"mwb_booking_cost","embeddable":true,"href":"https:\/\/www.spirit-us.eu\/index.php\/wp-json\/wp\/v2\/mwb_booking_cost?post=1352"},{"taxonomy":"mwb_booking_service","embeddable":true,"href":"https:\/\/www.spirit-us.eu\/index.php\/wp-json\/wp\/v2\/mwb_booking_service?post=1352"}],"curies":[{"name":"wp","href":"https:\/\/api.w.org\/{rel}","templated":true}]}}