{"id":1243,"date":"2025-05-06T13:19:06","date_gmt":"2025-05-06T11:19:06","guid":{"rendered":"https:\/\/www.spirit-us.eu\/?post_type=product&#038;p=1243"},"modified":"2025-05-06T13:21:25","modified_gmt":"2025-05-06T11:21:25","slug":"le-tarot-des-templiers-coffret-de-cartes-divinatoires","status":"publish","type":"product","link":"https:\/\/www.spirit-us.eu\/index.php\/produit\/le-tarot-des-templiers-coffret-de-cartes-divinatoires\/","title":{"rendered":"LE TAROT DES TEMPLIERS, coffret de cartes divinatoires"},"content":{"rendered":"<p><strong>Coffret de cartes<\/strong> comportant 78 lames illustr\u00e9es et color\u00e9es<\/p>\n<p><strong>Ann\u00e9e d\u2019\u00e9dition<\/strong>\u00a0: 1996<\/p>\n<p><strong>Auteur<\/strong>\u00a0: Jean-Louis VICTOR<\/p>\n<p><strong>Editeur<\/strong>\u00a0: Dervy<\/p>\n<p><strong>Dimensions\u00a0des lames du Tarot<\/strong>\u00a0: 14 cm x 7,8 cm<\/p>\n<p><strong>Dimensions de la bo\u00eete<\/strong>\u00a0: 14,2 cm x 8 cm x 2,8 cm<\/p>\n<p><strong>Mat\u00e9riau<\/strong> : carton glac\u00e9 polychrome<\/p>\n","protected":false},"excerpt":{"rendered":"<p>Excellent jeu de Tarot, tr\u00e8s rare, mais parfait pour apprendre la divination et la philosophie de la science de l\u2019avenir, qui n\u2019est pas une succession de faits in\u00e9vitables et fatals, mais bien une un savoir qui permet de g\u00e9rer les choses\u00a0: on peut \u00e9viter ce qui semble in\u00e9vitable lorsqu\u2019on en est averti.e, on peut se pr\u00e9parer \u00e0 affronter des dissensions de la fa\u00e7on la plus utile et avantageuse pour soi lorsqu\u2019on sait qu\u2019elles se profilent \u00e0 l\u2019horizon de notre avenir. Ce jeu est parfait pour apprendre la divination, patiemment et efficacement. Il est \u00e9galement de belle facture, les cartes sont agr\u00e9ables \u00e0 manipuler et le design fort joli.\u00a0 Apprendre dans la joie \u2026 tel est le destin de ce jeu de Tarots, rare et pr\u00e9cieux.<\/p>\n","protected":false},"featured_media":1248,"comment_status":"open","ping_status":"closed","template":"","meta":[],"product_brand":[],"product_cat":[161,17],"product_tag":[171],"mwb_booking_cost":[],"mwb_booking_service":[],"class_list":{"0":"post-1243","1":"product","2":"type-product","3":"status-publish","4":"has-post-thumbnail","6":"product_cat-09-tarots-voyance","7":"product_cat-tous-les-produits","8":"product_tag-voyance","10":"first","11":"instock","12":"shipping-taxable","13":"purchasable","14":"product-type-simple"},"yoast_head":"<!-- This site is optimized with the Yoast SEO plugin v27.1.1 - https:\/\/yoast.com\/product\/yoast-seo-wordpress\/ -->\n<title>LE TAROT DES TEMPLIERS, coffret de cartes divinatoires - Spirit-US<\/title>\n<meta name=\"robots\" content=\"index, follow, max-snippet:-1, max-image-preview:large, max-video-preview:-1\" \/>\n<link rel=\"canonical\" href=\"https:\/\/www.spirit-us.eu\/index.php\/produit\/le-tarot-des-templiers-coffret-de-cartes-divinatoires\/\" \/>\n<meta property=\"og:locale\" content=\"fr_FR\" \/>\n<meta property=\"og:type\" content=\"article\" \/>\n<meta property=\"og:title\" content=\"LE TAROT DES TEMPLIERS, coffret de cartes divinatoires - Spirit-US\" \/>\n<meta property=\"og:description\" content=\"Excellent jeu de Tarot, tr\u00e8s rare, mais parfait pour apprendre la divination et la philosophie de la science de l\u2019avenir, qui n\u2019est pas une succession de faits in\u00e9vitables et fatals, mais bien une un savoir qui permet de g\u00e9rer les choses\u00a0: on peut \u00e9viter ce qui semble in\u00e9vitable lorsqu\u2019on en est averti.e, on peut se pr\u00e9parer \u00e0 affronter des dissensions de la fa\u00e7on la plus utile et avantageuse pour soi lorsqu\u2019on sait qu\u2019elles se profilent \u00e0 l\u2019horizon de notre avenir. Ce jeu est parfait pour apprendre la divination, patiemment et efficacement. Il est \u00e9galement de belle facture, les cartes sont agr\u00e9ables \u00e0 manipuler et le design fort joli.\u00a0 Apprendre dans la joie \u2026 tel est le destin de ce jeu de Tarots, rare et pr\u00e9cieux.\" \/>\n<meta property=\"og:url\" content=\"https:\/\/www.spirit-us.eu\/index.php\/produit\/le-tarot-des-templiers-coffret-de-cartes-divinatoires\/\" \/>\n<meta property=\"og:site_name\" content=\"Spirit-US\" \/>\n<meta property=\"article:publisher\" content=\"https:\/\/www.facebook.com\/spirit.us.deum\" \/>\n<meta property=\"article:modified_time\" content=\"2025-05-06T11:21:25+00:00\" \/>\n<meta property=\"og:image\" content=\"https:\/\/www.spirit-us.eu\/wp-content\/uploads\/2025\/05\/templier-cartes-image-produit-ok-1024x1024.png\" \/>\n\t<meta property=\"og:image:width\" content=\"1024\" \/>\n\t<meta property=\"og:image:height\" content=\"1024\" \/>\n\t<meta property=\"og:image:type\" content=\"image\/png\" \/>\n<meta name=\"twitter:card\" content=\"summary_large_image\" \/>\n<script type=\"application\/ld+json\" class=\"yoast-schema-graph\">{\"@context\":\"https:\/\/schema.org\",\"@graph\":[{\"@type\":\"WebPage\",\"@id\":\"https:\/\/www.spirit-us.eu\/index.php\/produit\/le-tarot-des-templiers-coffret-de-cartes-divinatoires\/\",\"url\":\"https:\/\/www.spirit-us.eu\/index.php\/produit\/le-tarot-des-templiers-coffret-de-cartes-divinatoires\/\",\"name\":\"LE TAROT DES TEMPLIERS, coffret de cartes divinatoires - Spirit-US\",\"isPartOf\":{\"@id\":\"https:\/\/www.spirit-us.eu\/#website\"},\"primaryImageOfPage\":{\"@id\":\"https:\/\/www.spirit-us.eu\/index.php\/produit\/le-tarot-des-templiers-coffret-de-cartes-divinatoires\/#primaryimage\"},\"image\":{\"@id\":\"https:\/\/www.spirit-us.eu\/index.php\/produit\/le-tarot-des-templiers-coffret-de-cartes-divinatoires\/#primaryimage\"},\"thumbnailUrl\":\"https:\/\/www.spirit-us.eu\/wp-content\/uploads\/2025\/05\/templier-cartes-image-produit-ok.png\",\"datePublished\":\"2025-05-06T11:19:06+00:00\",\"dateModified\":\"2025-05-06T11:21:25+00:00\",\"breadcrumb\":{\"@id\":\"https:\/\/www.spirit-us.eu\/index.php\/produit\/le-tarot-des-templiers-coffret-de-cartes-divinatoires\/#breadcrumb\"},\"inLanguage\":\"fr-FR\",\"potentialAction\":[{\"@type\":\"ReadAction\",\"target\":[\"https:\/\/www.spirit-us.eu\/index.php\/produit\/le-tarot-des-templiers-coffret-de-cartes-divinatoires\/\"]}]},{\"@type\":\"ImageObject\",\"inLanguage\":\"fr-FR\",\"@id\":\"https:\/\/www.spirit-us.eu\/index.php\/produit\/le-tarot-des-templiers-coffret-de-cartes-divinatoires\/#primaryimage\",\"url\":\"https:\/\/www.spirit-us.eu\/wp-content\/uploads\/2025\/05\/templier-cartes-image-produit-ok.png\",\"contentUrl\":\"https:\/\/www.spirit-us.eu\/wp-content\/uploads\/2025\/05\/templier-cartes-image-produit-ok.png\",\"width\":2295,\"height\":2295},{\"@type\":\"BreadcrumbList\",\"@id\":\"https:\/\/www.spirit-us.eu\/index.php\/produit\/le-tarot-des-templiers-coffret-de-cartes-divinatoires\/#breadcrumb\",\"itemListElement\":[{\"@type\":\"ListItem\",\"position\":1,\"name\":\"Accueil\",\"item\":\"https:\/\/www.spirit-us.eu\/\"},{\"@type\":\"ListItem\",\"position\":2,\"name\":\"Boutique\",\"item\":\"https:\/\/www.spirit-us.eu\/index.php\/boutique\/\"},{\"@type\":\"ListItem\",\"position\":3,\"name\":\"LE TAROT DES TEMPLIERS, coffret de cartes divinatoires\"}]},{\"@type\":\"WebSite\",\"@id\":\"https:\/\/www.spirit-us.eu\/#website\",\"url\":\"https:\/\/www.spirit-us.eu\/\",\"name\":\"Spirit-US\",\"description\":\"\",\"publisher\":{\"@id\":\"https:\/\/www.spirit-us.eu\/#organization\"},\"potentialAction\":[{\"@type\":\"SearchAction\",\"target\":{\"@type\":\"EntryPoint\",\"urlTemplate\":\"https:\/\/www.spirit-us.eu\/?s={search_term_string}\"},\"query-input\":{\"@type\":\"PropertyValueSpecification\",\"valueRequired\":true,\"valueName\":\"search_term_string\"}}],\"inLanguage\":\"fr-FR\"},{\"@type\":\"Organization\",\"@id\":\"https:\/\/www.spirit-us.eu\/#organization\",\"name\":\"Spirit-US\",\"url\":\"https:\/\/www.spirit-us.eu\/\",\"logo\":{\"@type\":\"ImageObject\",\"inLanguage\":\"fr-FR\",\"@id\":\"https:\/\/www.spirit-us.eu\/#\/schema\/logo\/image\/\",\"url\":\"https:\/\/www.spirit-us.eu\/wp-content\/uploads\/2025\/11\/logo-regarde-linterlocutrice-sans-arrriere-plan.jpg\",\"contentUrl\":\"https:\/\/www.spirit-us.eu\/wp-content\/uploads\/2025\/11\/logo-regarde-linterlocutrice-sans-arrriere-plan.jpg\",\"width\":1080,\"height\":1080,\"caption\":\"Spirit-US\"},\"image\":{\"@id\":\"https:\/\/www.spirit-us.eu\/#\/schema\/logo\/image\/\"},\"sameAs\":[\"https:\/\/www.facebook.com\/spirit.us.deum\"]}]}<\/script>\n<!-- \/ Yoast SEO plugin. -->","yoast_head_json":{"title":"LE TAROT DES TEMPLIERS, coffret de cartes divinatoires - Spirit-US","robots":{"index":"index","follow":"follow","max-snippet":"max-snippet:-1","max-image-preview":"max-image-preview:large","max-video-preview":"max-video-preview:-1"},"canonical":"https:\/\/www.spirit-us.eu\/index.php\/produit\/le-tarot-des-templiers-coffret-de-cartes-divinatoires\/","og_locale":"fr_FR","og_type":"article","og_title":"LE TAROT DES TEMPLIERS, coffret de cartes divinatoires - Spirit-US","og_description":"Excellent jeu de Tarot, tr\u00e8s rare, mais parfait pour apprendre la divination et la philosophie de la science de l\u2019avenir, qui n\u2019est pas une succession de faits in\u00e9vitables et fatals, mais bien une un savoir qui permet de g\u00e9rer les choses\u00a0: on peut \u00e9viter ce qui semble in\u00e9vitable lorsqu\u2019on en est averti.e, on peut se pr\u00e9parer \u00e0 affronter des dissensions de la fa\u00e7on la plus utile et avantageuse pour soi lorsqu\u2019on sait qu\u2019elles se profilent \u00e0 l\u2019horizon de notre avenir. Ce jeu est parfait pour apprendre la divination, patiemment et efficacement. Il est \u00e9galement de belle facture, les cartes sont agr\u00e9ables \u00e0 manipuler et le design fort joli.\u00a0 Apprendre dans la joie \u2026 tel est le destin de ce jeu de Tarots, rare et pr\u00e9cieux.","og_url":"https:\/\/www.spirit-us.eu\/index.php\/produit\/le-tarot-des-templiers-coffret-de-cartes-divinatoires\/","og_site_name":"Spirit-US","article_publisher":"https:\/\/www.facebook.com\/spirit.us.deum","article_modified_time":"2025-05-06T11:21:25+00:00","og_image":[{"width":1024,"height":1024,"url":"https:\/\/www.spirit-us.eu\/wp-content\/uploads\/2025\/05\/templier-cartes-image-produit-ok-1024x1024.png","type":"image\/png"}],"twitter_card":"summary_large_image","schema":{"@context":"https:\/\/schema.org","@graph":[{"@type":"WebPage","@id":"https:\/\/www.spirit-us.eu\/index.php\/produit\/le-tarot-des-templiers-coffret-de-cartes-divinatoires\/","url":"https:\/\/www.spirit-us.eu\/index.php\/produit\/le-tarot-des-templiers-coffret-de-cartes-divinatoires\/","name":"LE TAROT DES TEMPLIERS, coffret de cartes divinatoires - Spirit-US","isPartOf":{"@id":"https:\/\/www.spirit-us.eu\/#website"},"primaryImageOfPage":{"@id":"https:\/\/www.spirit-us.eu\/index.php\/produit\/le-tarot-des-templiers-coffret-de-cartes-divinatoires\/#primaryimage"},"image":{"@id":"https:\/\/www.spirit-us.eu\/index.php\/produit\/le-tarot-des-templiers-coffret-de-cartes-divinatoires\/#primaryimage"},"thumbnailUrl":"https:\/\/www.spirit-us.eu\/wp-content\/uploads\/2025\/05\/templier-cartes-image-produit-ok.png","datePublished":"2025-05-06T11:19:06+00:00","dateModified":"2025-05-06T11:21:25+00:00","breadcrumb":{"@id":"https:\/\/www.spirit-us.eu\/index.php\/produit\/le-tarot-des-templiers-coffret-de-cartes-divinatoires\/#breadcrumb"},"inLanguage":"fr-FR","potentialAction":[{"@type":"ReadAction","target":["https:\/\/www.spirit-us.eu\/index.php\/produit\/le-tarot-des-templiers-coffret-de-cartes-divinatoires\/"]}]},{"@type":"ImageObject","inLanguage":"fr-FR","@id":"https:\/\/www.spirit-us.eu\/index.php\/produit\/le-tarot-des-templiers-coffret-de-cartes-divinatoires\/#primaryimage","url":"https:\/\/www.spirit-us.eu\/wp-content\/uploads\/2025\/05\/templier-cartes-image-produit-ok.png","contentUrl":"https:\/\/www.spirit-us.eu\/wp-content\/uploads\/2025\/05\/templier-cartes-image-produit-ok.png","width":2295,"height":2295},{"@type":"BreadcrumbList","@id":"https:\/\/www.spirit-us.eu\/index.php\/produit\/le-tarot-des-templiers-coffret-de-cartes-divinatoires\/#breadcrumb","itemListElement":[{"@type":"ListItem","position":1,"name":"Accueil","item":"https:\/\/www.spirit-us.eu\/"},{"@type":"ListItem","position":2,"name":"Boutique","item":"https:\/\/www.spirit-us.eu\/index.php\/boutique\/"},{"@type":"ListItem","position":3,"name":"LE TAROT DES TEMPLIERS, coffret de cartes divinatoires"}]},{"@type":"WebSite","@id":"https:\/\/www.spirit-us.eu\/#website","url":"https:\/\/www.spirit-us.eu\/","name":"Spirit-US","description":"","publisher":{"@id":"https:\/\/www.spirit-us.eu\/#organization"},"potentialAction":[{"@type":"SearchAction","target":{"@type":"EntryPoint","urlTemplate":"https:\/\/www.spirit-us.eu\/?s={search_term_string}"},"query-input":{"@type":"PropertyValueSpecification","valueRequired":true,"valueName":"search_term_string"}}],"inLanguage":"fr-FR"},{"@type":"Organization","@id":"https:\/\/www.spirit-us.eu\/#organization","name":"Spirit-US","url":"https:\/\/www.spirit-us.eu\/","logo":{"@type":"ImageObject","inLanguage":"fr-FR","@id":"https:\/\/www.spirit-us.eu\/#\/schema\/logo\/image\/","url":"https:\/\/www.spirit-us.eu\/wp-content\/uploads\/2025\/11\/logo-regarde-linterlocutrice-sans-arrriere-plan.jpg","contentUrl":"https:\/\/www.spirit-us.eu\/wp-content\/uploads\/2025\/11\/logo-regarde-linterlocutrice-sans-arrriere-plan.jpg","width":1080,"height":1080,"caption":"Spirit-US"},"image":{"@id":"https:\/\/www.spirit-us.eu\/#\/schema\/logo\/image\/"},"sameAs":["https:\/\/www.facebook.com\/spirit.us.deum"]}]}},"jetpack_sharing_enabled":true,"_links":{"self":[{"href":"https:\/\/www.spirit-us.eu\/index.php\/wp-json\/wp\/v2\/product\/1243","targetHints":{"allow":["GET"]}}],"collection":[{"href":"https:\/\/www.spirit-us.eu\/index.php\/wp-json\/wp\/v2\/product"}],"about":[{"href":"https:\/\/www.spirit-us.eu\/index.php\/wp-json\/wp\/v2\/types\/product"}],"replies":[{"embeddable":true,"href":"https:\/\/www.spirit-us.eu\/index.php\/wp-json\/wp\/v2\/comments?post=1243"}],"wp:featuredmedia":[{"embeddable":true,"href":"https:\/\/www.spirit-us.eu\/index.php\/wp-json\/wp\/v2\/media\/1248"}],"wp:attachment":[{"href":"https:\/\/www.spirit-us.eu\/index.php\/wp-json\/wp\/v2\/media?parent=1243"}],"wp:term":[{"taxonomy":"product_brand","embeddable":true,"href":"https:\/\/www.spirit-us.eu\/index.php\/wp-json\/wp\/v2\/product_brand?post=1243"},{"taxonomy":"product_cat","embeddable":true,"href":"https:\/\/www.spirit-us.eu\/index.php\/wp-json\/wp\/v2\/product_cat?post=1243"},{"taxonomy":"product_tag","embeddable":true,"href":"https:\/\/www.spirit-us.eu\/index.php\/wp-json\/wp\/v2\/product_tag?post=1243"},{"taxonomy":"mwb_booking_cost","embeddable":true,"href":"https:\/\/www.spirit-us.eu\/index.php\/wp-json\/wp\/v2\/mwb_booking_cost?post=1243"},{"taxonomy":"mwb_booking_service","embeddable":true,"href":"https:\/\/www.spirit-us.eu\/index.php\/wp-json\/wp\/v2\/mwb_booking_service?post=1243"}],"curies":[{"name":"wp","href":"https:\/\/api.w.org\/{rel}","templated":true}]}}