{"id":1238,"date":"2025-05-06T13:15:58","date_gmt":"2025-05-06T11:15:58","guid":{"rendered":"https:\/\/www.spirit-us.eu\/?post_type=product&#038;p=1238"},"modified":"2025-05-06T13:16:33","modified_gmt":"2025-05-06T11:16:33","slug":"le-tarot-des-templiers-livre-de-jean-louis-victor-1996","status":"publish","type":"product","link":"https:\/\/www.spirit-us.eu\/index.php\/produit\/le-tarot-des-templiers-livre-de-jean-louis-victor-1996\/","title":{"rendered":"LE TAROT DES TEMPLIERS, livre de Jean-Louis VICTOR (1996)"},"content":{"rendered":"<p><strong>Auteur\u00a0: <\/strong>Jean-Louis VICTOR<\/p>\n<p><strong>Livre broch\u00e9<\/strong><\/p>\n<p><strong>Langue<\/strong>\u00a0: Fran\u00e7ais<\/p>\n<p><strong>\u00c9diteur<\/strong>\u00a0: Dervy<\/p>\n<p><strong>Date de publication<\/strong>\u00a0: 1996<\/p>\n<p><strong>Nombre de pages\u00a0: <\/strong>143<\/p>\n<p><strong>Format<\/strong>\u00a0: 21 cm x 14 cm x 1,2 cm<\/p>\n<p>Excellent ouvrage, tr\u00e8s clair, qui permet aux d\u00e9butants de se familiariser avec la divination par les cartes de Tarot.<\/p>\n","protected":false},"excerpt":{"rendered":"<p>Excellent ouvrage qui d\u00e9crit la signification de chacune des cartes du Tarot des Templiers, leur lecture en fonction des autres cartes du tirage et surtout, qui montre l\u2019\u00e9volutivit\u00e9 et la perfectibilit\u00e9 des consultant.es qui d\u00e9sirent faire de l\u2019outil de divination un instrument de gestion r\u00e9fl\u00e9chi et \u00e9clairant sur l\u2019avenir \u00e0 moyen et court termes.\u00a0 Le Tarot des Templiers et son ouvrage de r\u00e9f\u00e9rence, sont deux outils id\u00e9aux pour les d\u00e9butants.\u00a0 Il est bon de prendre le temps de lire le livre, de le r\u00e9fl\u00e9chir, de s\u2019impr\u00e9gner de la philosophie de perfectibilit\u00e9 de l\u2019Humain qu\u2019il v\u00e9hicule, afin de mieux comprendre et surtout de mieux agir notre vie.<\/p>\n","protected":false},"featured_media":1239,"comment_status":"open","ping_status":"closed","template":"","meta":[],"product_brand":[],"product_cat":[161,17],"product_tag":[171],"mwb_booking_cost":[],"mwb_booking_service":[],"class_list":{"0":"post-1238","1":"product","2":"type-product","3":"status-publish","4":"has-post-thumbnail","6":"product_cat-09-tarots-voyance","7":"product_cat-tous-les-produits","8":"product_tag-voyance","10":"first","11":"instock","12":"shipping-taxable","13":"purchasable","14":"product-type-simple"},"yoast_head":"<!-- This site is optimized with the Yoast SEO plugin v27.1.1 - https:\/\/yoast.com\/product\/yoast-seo-wordpress\/ -->\n<title>LE TAROT DES TEMPLIERS, livre de Jean-Louis VICTOR (1996) - Spirit-US<\/title>\n<meta name=\"robots\" content=\"index, follow, max-snippet:-1, max-image-preview:large, max-video-preview:-1\" \/>\n<link rel=\"canonical\" href=\"https:\/\/www.spirit-us.eu\/index.php\/produit\/le-tarot-des-templiers-livre-de-jean-louis-victor-1996\/\" \/>\n<meta property=\"og:locale\" content=\"fr_FR\" \/>\n<meta property=\"og:type\" content=\"article\" \/>\n<meta property=\"og:title\" content=\"LE TAROT DES TEMPLIERS, livre de Jean-Louis VICTOR (1996) - Spirit-US\" \/>\n<meta property=\"og:description\" content=\"Excellent ouvrage qui d\u00e9crit la signification de chacune des cartes du Tarot des Templiers, leur lecture en fonction des autres cartes du tirage et surtout, qui montre l\u2019\u00e9volutivit\u00e9 et la perfectibilit\u00e9 des consultant.es qui d\u00e9sirent faire de l\u2019outil de divination un instrument de gestion r\u00e9fl\u00e9chi et \u00e9clairant sur l\u2019avenir \u00e0 moyen et court termes.\u00a0 Le Tarot des Templiers et son ouvrage de r\u00e9f\u00e9rence, sont deux outils id\u00e9aux pour les d\u00e9butants.\u00a0 Il est bon de prendre le temps de lire le livre, de le r\u00e9fl\u00e9chir, de s\u2019impr\u00e9gner de la philosophie de perfectibilit\u00e9 de l\u2019Humain qu\u2019il v\u00e9hicule, afin de mieux comprendre et surtout de mieux agir notre vie.\" \/>\n<meta property=\"og:url\" content=\"https:\/\/www.spirit-us.eu\/index.php\/produit\/le-tarot-des-templiers-livre-de-jean-louis-victor-1996\/\" \/>\n<meta property=\"og:site_name\" content=\"Spirit-US\" \/>\n<meta property=\"article:publisher\" content=\"https:\/\/www.facebook.com\/spirit.us.deum\" \/>\n<meta property=\"article:modified_time\" content=\"2025-05-06T11:16:33+00:00\" \/>\n<meta property=\"og:image\" content=\"https:\/\/www.spirit-us.eu\/wp-content\/uploads\/2025\/05\/templiers-livre-image-produit.png\" \/>\n\t<meta property=\"og:image:width\" content=\"1080\" \/>\n\t<meta property=\"og:image:height\" content=\"1080\" \/>\n\t<meta property=\"og:image:type\" content=\"image\/png\" \/>\n<meta name=\"twitter:card\" content=\"summary_large_image\" \/>\n<script type=\"application\/ld+json\" class=\"yoast-schema-graph\">{\"@context\":\"https:\/\/schema.org\",\"@graph\":[{\"@type\":\"WebPage\",\"@id\":\"https:\/\/www.spirit-us.eu\/index.php\/produit\/le-tarot-des-templiers-livre-de-jean-louis-victor-1996\/\",\"url\":\"https:\/\/www.spirit-us.eu\/index.php\/produit\/le-tarot-des-templiers-livre-de-jean-louis-victor-1996\/\",\"name\":\"LE TAROT DES TEMPLIERS, livre de Jean-Louis VICTOR (1996) - Spirit-US\",\"isPartOf\":{\"@id\":\"https:\/\/www.spirit-us.eu\/#website\"},\"primaryImageOfPage\":{\"@id\":\"https:\/\/www.spirit-us.eu\/index.php\/produit\/le-tarot-des-templiers-livre-de-jean-louis-victor-1996\/#primaryimage\"},\"image\":{\"@id\":\"https:\/\/www.spirit-us.eu\/index.php\/produit\/le-tarot-des-templiers-livre-de-jean-louis-victor-1996\/#primaryimage\"},\"thumbnailUrl\":\"https:\/\/www.spirit-us.eu\/wp-content\/uploads\/2025\/05\/templiers-livre-image-produit.png\",\"datePublished\":\"2025-05-06T11:15:58+00:00\",\"dateModified\":\"2025-05-06T11:16:33+00:00\",\"breadcrumb\":{\"@id\":\"https:\/\/www.spirit-us.eu\/index.php\/produit\/le-tarot-des-templiers-livre-de-jean-louis-victor-1996\/#breadcrumb\"},\"inLanguage\":\"fr-FR\",\"potentialAction\":[{\"@type\":\"ReadAction\",\"target\":[\"https:\/\/www.spirit-us.eu\/index.php\/produit\/le-tarot-des-templiers-livre-de-jean-louis-victor-1996\/\"]}]},{\"@type\":\"ImageObject\",\"inLanguage\":\"fr-FR\",\"@id\":\"https:\/\/www.spirit-us.eu\/index.php\/produit\/le-tarot-des-templiers-livre-de-jean-louis-victor-1996\/#primaryimage\",\"url\":\"https:\/\/www.spirit-us.eu\/wp-content\/uploads\/2025\/05\/templiers-livre-image-produit.png\",\"contentUrl\":\"https:\/\/www.spirit-us.eu\/wp-content\/uploads\/2025\/05\/templiers-livre-image-produit.png\",\"width\":1080,\"height\":1080},{\"@type\":\"BreadcrumbList\",\"@id\":\"https:\/\/www.spirit-us.eu\/index.php\/produit\/le-tarot-des-templiers-livre-de-jean-louis-victor-1996\/#breadcrumb\",\"itemListElement\":[{\"@type\":\"ListItem\",\"position\":1,\"name\":\"Accueil\",\"item\":\"https:\/\/www.spirit-us.eu\/\"},{\"@type\":\"ListItem\",\"position\":2,\"name\":\"Boutique\",\"item\":\"https:\/\/www.spirit-us.eu\/index.php\/boutique\/\"},{\"@type\":\"ListItem\",\"position\":3,\"name\":\"LE TAROT DES TEMPLIERS, livre de Jean-Louis VICTOR (1996)\"}]},{\"@type\":\"WebSite\",\"@id\":\"https:\/\/www.spirit-us.eu\/#website\",\"url\":\"https:\/\/www.spirit-us.eu\/\",\"name\":\"Spirit-US\",\"description\":\"\",\"publisher\":{\"@id\":\"https:\/\/www.spirit-us.eu\/#organization\"},\"potentialAction\":[{\"@type\":\"SearchAction\",\"target\":{\"@type\":\"EntryPoint\",\"urlTemplate\":\"https:\/\/www.spirit-us.eu\/?s={search_term_string}\"},\"query-input\":{\"@type\":\"PropertyValueSpecification\",\"valueRequired\":true,\"valueName\":\"search_term_string\"}}],\"inLanguage\":\"fr-FR\"},{\"@type\":\"Organization\",\"@id\":\"https:\/\/www.spirit-us.eu\/#organization\",\"name\":\"Spirit-US\",\"url\":\"https:\/\/www.spirit-us.eu\/\",\"logo\":{\"@type\":\"ImageObject\",\"inLanguage\":\"fr-FR\",\"@id\":\"https:\/\/www.spirit-us.eu\/#\/schema\/logo\/image\/\",\"url\":\"https:\/\/www.spirit-us.eu\/wp-content\/uploads\/2025\/11\/logo-regarde-linterlocutrice-sans-arrriere-plan.jpg\",\"contentUrl\":\"https:\/\/www.spirit-us.eu\/wp-content\/uploads\/2025\/11\/logo-regarde-linterlocutrice-sans-arrriere-plan.jpg\",\"width\":1080,\"height\":1080,\"caption\":\"Spirit-US\"},\"image\":{\"@id\":\"https:\/\/www.spirit-us.eu\/#\/schema\/logo\/image\/\"},\"sameAs\":[\"https:\/\/www.facebook.com\/spirit.us.deum\"]}]}<\/script>\n<!-- \/ Yoast SEO plugin. -->","yoast_head_json":{"title":"LE TAROT DES TEMPLIERS, livre de Jean-Louis VICTOR (1996) - Spirit-US","robots":{"index":"index","follow":"follow","max-snippet":"max-snippet:-1","max-image-preview":"max-image-preview:large","max-video-preview":"max-video-preview:-1"},"canonical":"https:\/\/www.spirit-us.eu\/index.php\/produit\/le-tarot-des-templiers-livre-de-jean-louis-victor-1996\/","og_locale":"fr_FR","og_type":"article","og_title":"LE TAROT DES TEMPLIERS, livre de Jean-Louis VICTOR (1996) - Spirit-US","og_description":"Excellent ouvrage qui d\u00e9crit la signification de chacune des cartes du Tarot des Templiers, leur lecture en fonction des autres cartes du tirage et surtout, qui montre l\u2019\u00e9volutivit\u00e9 et la perfectibilit\u00e9 des consultant.es qui d\u00e9sirent faire de l\u2019outil de divination un instrument de gestion r\u00e9fl\u00e9chi et \u00e9clairant sur l\u2019avenir \u00e0 moyen et court termes.\u00a0 Le Tarot des Templiers et son ouvrage de r\u00e9f\u00e9rence, sont deux outils id\u00e9aux pour les d\u00e9butants.\u00a0 Il est bon de prendre le temps de lire le livre, de le r\u00e9fl\u00e9chir, de s\u2019impr\u00e9gner de la philosophie de perfectibilit\u00e9 de l\u2019Humain qu\u2019il v\u00e9hicule, afin de mieux comprendre et surtout de mieux agir notre vie.","og_url":"https:\/\/www.spirit-us.eu\/index.php\/produit\/le-tarot-des-templiers-livre-de-jean-louis-victor-1996\/","og_site_name":"Spirit-US","article_publisher":"https:\/\/www.facebook.com\/spirit.us.deum","article_modified_time":"2025-05-06T11:16:33+00:00","og_image":[{"width":1080,"height":1080,"url":"https:\/\/www.spirit-us.eu\/wp-content\/uploads\/2025\/05\/templiers-livre-image-produit.png","type":"image\/png"}],"twitter_card":"summary_large_image","schema":{"@context":"https:\/\/schema.org","@graph":[{"@type":"WebPage","@id":"https:\/\/www.spirit-us.eu\/index.php\/produit\/le-tarot-des-templiers-livre-de-jean-louis-victor-1996\/","url":"https:\/\/www.spirit-us.eu\/index.php\/produit\/le-tarot-des-templiers-livre-de-jean-louis-victor-1996\/","name":"LE TAROT DES TEMPLIERS, livre de Jean-Louis VICTOR (1996) - Spirit-US","isPartOf":{"@id":"https:\/\/www.spirit-us.eu\/#website"},"primaryImageOfPage":{"@id":"https:\/\/www.spirit-us.eu\/index.php\/produit\/le-tarot-des-templiers-livre-de-jean-louis-victor-1996\/#primaryimage"},"image":{"@id":"https:\/\/www.spirit-us.eu\/index.php\/produit\/le-tarot-des-templiers-livre-de-jean-louis-victor-1996\/#primaryimage"},"thumbnailUrl":"https:\/\/www.spirit-us.eu\/wp-content\/uploads\/2025\/05\/templiers-livre-image-produit.png","datePublished":"2025-05-06T11:15:58+00:00","dateModified":"2025-05-06T11:16:33+00:00","breadcrumb":{"@id":"https:\/\/www.spirit-us.eu\/index.php\/produit\/le-tarot-des-templiers-livre-de-jean-louis-victor-1996\/#breadcrumb"},"inLanguage":"fr-FR","potentialAction":[{"@type":"ReadAction","target":["https:\/\/www.spirit-us.eu\/index.php\/produit\/le-tarot-des-templiers-livre-de-jean-louis-victor-1996\/"]}]},{"@type":"ImageObject","inLanguage":"fr-FR","@id":"https:\/\/www.spirit-us.eu\/index.php\/produit\/le-tarot-des-templiers-livre-de-jean-louis-victor-1996\/#primaryimage","url":"https:\/\/www.spirit-us.eu\/wp-content\/uploads\/2025\/05\/templiers-livre-image-produit.png","contentUrl":"https:\/\/www.spirit-us.eu\/wp-content\/uploads\/2025\/05\/templiers-livre-image-produit.png","width":1080,"height":1080},{"@type":"BreadcrumbList","@id":"https:\/\/www.spirit-us.eu\/index.php\/produit\/le-tarot-des-templiers-livre-de-jean-louis-victor-1996\/#breadcrumb","itemListElement":[{"@type":"ListItem","position":1,"name":"Accueil","item":"https:\/\/www.spirit-us.eu\/"},{"@type":"ListItem","position":2,"name":"Boutique","item":"https:\/\/www.spirit-us.eu\/index.php\/boutique\/"},{"@type":"ListItem","position":3,"name":"LE TAROT DES TEMPLIERS, livre de Jean-Louis VICTOR (1996)"}]},{"@type":"WebSite","@id":"https:\/\/www.spirit-us.eu\/#website","url":"https:\/\/www.spirit-us.eu\/","name":"Spirit-US","description":"","publisher":{"@id":"https:\/\/www.spirit-us.eu\/#organization"},"potentialAction":[{"@type":"SearchAction","target":{"@type":"EntryPoint","urlTemplate":"https:\/\/www.spirit-us.eu\/?s={search_term_string}"},"query-input":{"@type":"PropertyValueSpecification","valueRequired":true,"valueName":"search_term_string"}}],"inLanguage":"fr-FR"},{"@type":"Organization","@id":"https:\/\/www.spirit-us.eu\/#organization","name":"Spirit-US","url":"https:\/\/www.spirit-us.eu\/","logo":{"@type":"ImageObject","inLanguage":"fr-FR","@id":"https:\/\/www.spirit-us.eu\/#\/schema\/logo\/image\/","url":"https:\/\/www.spirit-us.eu\/wp-content\/uploads\/2025\/11\/logo-regarde-linterlocutrice-sans-arrriere-plan.jpg","contentUrl":"https:\/\/www.spirit-us.eu\/wp-content\/uploads\/2025\/11\/logo-regarde-linterlocutrice-sans-arrriere-plan.jpg","width":1080,"height":1080,"caption":"Spirit-US"},"image":{"@id":"https:\/\/www.spirit-us.eu\/#\/schema\/logo\/image\/"},"sameAs":["https:\/\/www.facebook.com\/spirit.us.deum"]}]}},"jetpack_sharing_enabled":true,"_links":{"self":[{"href":"https:\/\/www.spirit-us.eu\/index.php\/wp-json\/wp\/v2\/product\/1238","targetHints":{"allow":["GET"]}}],"collection":[{"href":"https:\/\/www.spirit-us.eu\/index.php\/wp-json\/wp\/v2\/product"}],"about":[{"href":"https:\/\/www.spirit-us.eu\/index.php\/wp-json\/wp\/v2\/types\/product"}],"replies":[{"embeddable":true,"href":"https:\/\/www.spirit-us.eu\/index.php\/wp-json\/wp\/v2\/comments?post=1238"}],"wp:featuredmedia":[{"embeddable":true,"href":"https:\/\/www.spirit-us.eu\/index.php\/wp-json\/wp\/v2\/media\/1239"}],"wp:attachment":[{"href":"https:\/\/www.spirit-us.eu\/index.php\/wp-json\/wp\/v2\/media?parent=1238"}],"wp:term":[{"taxonomy":"product_brand","embeddable":true,"href":"https:\/\/www.spirit-us.eu\/index.php\/wp-json\/wp\/v2\/product_brand?post=1238"},{"taxonomy":"product_cat","embeddable":true,"href":"https:\/\/www.spirit-us.eu\/index.php\/wp-json\/wp\/v2\/product_cat?post=1238"},{"taxonomy":"product_tag","embeddable":true,"href":"https:\/\/www.spirit-us.eu\/index.php\/wp-json\/wp\/v2\/product_tag?post=1238"},{"taxonomy":"mwb_booking_cost","embeddable":true,"href":"https:\/\/www.spirit-us.eu\/index.php\/wp-json\/wp\/v2\/mwb_booking_cost?post=1238"},{"taxonomy":"mwb_booking_service","embeddable":true,"href":"https:\/\/www.spirit-us.eu\/index.php\/wp-json\/wp\/v2\/mwb_booking_service?post=1238"}],"curies":[{"name":"wp","href":"https:\/\/api.w.org\/{rel}","templated":true}]}}