{"id":1234,"date":"2025-05-06T11:20:58","date_gmt":"2025-05-06T09:20:58","guid":{"rendered":"https:\/\/www.spirit-us.eu\/?post_type=product&#038;p=1234"},"modified":"2025-12-21T16:57:49","modified_gmt":"2025-12-21T15:57:49","slug":"oracle-belline","status":"publish","type":"product","link":"https:\/\/www.spirit-us.eu\/index.php\/produit\/oracle-belline\/","title":{"rendered":"ORACLE BELLINE"},"content":{"rendered":"<p><strong>Editeur<\/strong>\u00a0: Grimaud<\/p>\n<p><strong>Pr\u00e9sentation<\/strong>\u00a0: coffret noir et or comme le voulait son cr\u00e9ateur<\/p>\n<p><strong>Mat\u00e9riau<\/strong>\u00a0: carton, cartes de haute qualit\u00e9 (52)<\/p>\n<p><strong>Dimensions\u00a0<\/strong>: hauteur 10,5 cm \/ largeur 7,5 cm<\/p>\n<p>\u00c9dition fran\u00e7aise\u00a0: \u00a0jeu de cartes destin\u00e9es \u00e0 la divination<\/p>\n<p><strong>Usage<\/strong>\u00a0: divination, divertissement et guidance spirituelle<\/p>\n<p><strong>Tranche d&rsquo;\u00e2ge <\/strong>: 18 ans+<\/p>\n","protected":false},"excerpt":{"rendered":"<p>Le magnifique Oracle noir et or. C\u2019est Charles BILLAUDOT (19<sup>\u00e8me<\/sup> si\u00e8cle), qui cr\u00e9a cet Oracle, il \u00e9tait professeur de Math\u00e9matique \u00e0 Paris. Il \u00e9tait aussi le voyant d\u2019Alexandre Dumas, de Victor Hugo, de Napol\u00e9on III, de l\u2019Imp\u00e9ratrice Eug\u00e9nie, et bien d\u2019autres personnalit\u00e9s encore le consultaient r\u00e9guli\u00e8rement. Il a dessin\u00e9 lui-m\u00eame ce jeu de Tarot, nomm\u00e9 l\u2019Oracle Belline, en s\u2019inspirant \u00e0 la fois du Tarot de Marseille et du jeu d\u2019ETTEILA. Au 20<sup>\u00e8me<\/sup> si\u00e8cle, Marcel BELLINE le sort de l\u2019oubli et en fait l\u2019illustre jeu de cartes que nous connaissons aujourd\u2019hui. Il fit \u00e9diter l\u2019Oracle BELLINE par le Ma\u00eetre-Cartier Grimaud et souhaita qu\u2019il soit pr\u00e9sent\u00e9 dans un coffret noir et or. L\u2019Oracle BELLINE comprend 52 cartes auxquelles vient s\u2019ajouter une carte bleue, la carte de la Protection, comme un talisman. Sur chacune de ces cartes, est repr\u00e9sent\u00e9 le symbole de l\u2019une des 7 plan\u00e8tes : le Soleil, la Lune, Mercure, V\u00e9nus, Mars, Jupiter, Saturne. Ce jeu se pr\u00e9sente en 7 groupes compos\u00e9s de 7 lames soit un total de 49 cartes et de 3 lames n\u2019ayant pas de r\u00e9f\u00e9rence plan\u00e9taire. Ces cartes sont : la carte de la clef, la carte de l\u2019homme et la carte de la femme, repr\u00e9sentant les consultant.es C\u2019est l\u2019un des oracles les plus populaires. Il est aussi d\u00e9crit comme l\u2019un des plus efficaces dans les r\u00e9ponses qu\u2019il apporte, dans l\u2019aide \u00e0 la d\u00e9cision. Il offre la possibilit\u00e9 d\u2019analyser les situations avec une grande pr\u00e9cision, qu\u2019elles soient pr\u00e9sentes ou futures. \u00a0L\u2019oracle BELLINE est tr\u00e8s fiable, c\u2019est un magnifique et puissant outil de voyance.<\/p>\n","protected":false},"featured_media":1235,"comment_status":"open","ping_status":"closed","template":"","meta":[],"product_brand":[],"product_cat":[499,161,17,502],"product_tag":[171],"mwb_booking_cost":[],"mwb_booking_service":[],"class_list":{"0":"post-1234","1":"product","2":"type-product","3":"status-publish","4":"has-post-thumbnail","6":"product_cat-03-energetique","7":"product_cat-09-tarots-voyance","8":"product_cat-tous-les-produits","9":"product_cat-voyance","10":"product_tag-voyance","12":"first","13":"instock","14":"shipping-taxable","15":"purchasable","16":"product-type-simple"},"yoast_head":"<!-- This site is optimized with the Yoast SEO plugin v27.1.1 - https:\/\/yoast.com\/product\/yoast-seo-wordpress\/ -->\n<title>ORACLE BELLINE - Spirit-US<\/title>\n<meta name=\"robots\" content=\"index, follow, max-snippet:-1, max-image-preview:large, max-video-preview:-1\" \/>\n<link rel=\"canonical\" href=\"https:\/\/www.spirit-us.eu\/index.php\/produit\/oracle-belline\/\" \/>\n<meta property=\"og:locale\" content=\"fr_FR\" \/>\n<meta property=\"og:type\" content=\"article\" \/>\n<meta property=\"og:title\" content=\"ORACLE BELLINE - Spirit-US\" \/>\n<meta property=\"og:description\" content=\"Le magnifique Oracle noir et or. C\u2019est Charles BILLAUDOT (19\u00e8me si\u00e8cle), qui cr\u00e9a cet Oracle, il \u00e9tait professeur de Math\u00e9matique \u00e0 Paris. Il \u00e9tait aussi le voyant d\u2019Alexandre Dumas, de Victor Hugo, de Napol\u00e9on III, de l\u2019Imp\u00e9ratrice Eug\u00e9nie, et bien d\u2019autres personnalit\u00e9s encore le consultaient r\u00e9guli\u00e8rement. Il a dessin\u00e9 lui-m\u00eame ce jeu de Tarot, nomm\u00e9 l\u2019Oracle Belline, en s\u2019inspirant \u00e0 la fois du Tarot de Marseille et du jeu d\u2019ETTEILA. Au 20\u00e8me si\u00e8cle, Marcel BELLINE le sort de l\u2019oubli et en fait l\u2019illustre jeu de cartes que nous connaissons aujourd\u2019hui. Il fit \u00e9diter l\u2019Oracle BELLINE par le Ma\u00eetre-Cartier Grimaud et souhaita qu\u2019il soit pr\u00e9sent\u00e9 dans un coffret noir et or. L\u2019Oracle BELLINE comprend 52 cartes auxquelles vient s\u2019ajouter une carte bleue, la carte de la Protection, comme un talisman. Sur chacune de ces cartes, est repr\u00e9sent\u00e9 le symbole de l\u2019une des 7 plan\u00e8tes : le Soleil, la Lune, Mercure, V\u00e9nus, Mars, Jupiter, Saturne. Ce jeu se pr\u00e9sente en 7 groupes compos\u00e9s de 7 lames soit un total de 49 cartes et de 3 lames n\u2019ayant pas de r\u00e9f\u00e9rence plan\u00e9taire. Ces cartes sont : la carte de la clef, la carte de l\u2019homme et la carte de la femme, repr\u00e9sentant les consultant.es C\u2019est l\u2019un des oracles les plus populaires. Il est aussi d\u00e9crit comme l\u2019un des plus efficaces dans les r\u00e9ponses qu\u2019il apporte, dans l\u2019aide \u00e0 la d\u00e9cision. Il offre la possibilit\u00e9 d\u2019analyser les situations avec une grande pr\u00e9cision, qu\u2019elles soient pr\u00e9sentes ou futures. \u00a0L\u2019oracle BELLINE est tr\u00e8s fiable, c\u2019est un magnifique et puissant outil de voyance.\" \/>\n<meta property=\"og:url\" content=\"https:\/\/www.spirit-us.eu\/index.php\/produit\/oracle-belline\/\" \/>\n<meta property=\"og:site_name\" content=\"Spirit-US\" \/>\n<meta property=\"article:publisher\" content=\"https:\/\/www.facebook.com\/spirit.us.deum\" \/>\n<meta property=\"article:modified_time\" content=\"2025-12-21T15:57:49+00:00\" \/>\n<meta property=\"og:image\" content=\"https:\/\/www.spirit-us.eu\/wp-content\/uploads\/2025\/05\/belline-image-produit-ok.png\" \/>\n\t<meta property=\"og:image:width\" content=\"1080\" \/>\n\t<meta property=\"og:image:height\" content=\"1080\" \/>\n\t<meta property=\"og:image:type\" content=\"image\/png\" \/>\n<meta name=\"twitter:card\" content=\"summary_large_image\" \/>\n<script type=\"application\/ld+json\" class=\"yoast-schema-graph\">{\"@context\":\"https:\/\/schema.org\",\"@graph\":[{\"@type\":\"WebPage\",\"@id\":\"https:\/\/www.spirit-us.eu\/index.php\/produit\/oracle-belline\/\",\"url\":\"https:\/\/www.spirit-us.eu\/index.php\/produit\/oracle-belline\/\",\"name\":\"ORACLE BELLINE - Spirit-US\",\"isPartOf\":{\"@id\":\"https:\/\/www.spirit-us.eu\/#website\"},\"primaryImageOfPage\":{\"@id\":\"https:\/\/www.spirit-us.eu\/index.php\/produit\/oracle-belline\/#primaryimage\"},\"image\":{\"@id\":\"https:\/\/www.spirit-us.eu\/index.php\/produit\/oracle-belline\/#primaryimage\"},\"thumbnailUrl\":\"https:\/\/www.spirit-us.eu\/wp-content\/uploads\/2025\/05\/belline-image-produit-ok.png\",\"datePublished\":\"2025-05-06T09:20:58+00:00\",\"dateModified\":\"2025-12-21T15:57:49+00:00\",\"breadcrumb\":{\"@id\":\"https:\/\/www.spirit-us.eu\/index.php\/produit\/oracle-belline\/#breadcrumb\"},\"inLanguage\":\"fr-FR\",\"potentialAction\":[{\"@type\":\"ReadAction\",\"target\":[\"https:\/\/www.spirit-us.eu\/index.php\/produit\/oracle-belline\/\"]}]},{\"@type\":\"ImageObject\",\"inLanguage\":\"fr-FR\",\"@id\":\"https:\/\/www.spirit-us.eu\/index.php\/produit\/oracle-belline\/#primaryimage\",\"url\":\"https:\/\/www.spirit-us.eu\/wp-content\/uploads\/2025\/05\/belline-image-produit-ok.png\",\"contentUrl\":\"https:\/\/www.spirit-us.eu\/wp-content\/uploads\/2025\/05\/belline-image-produit-ok.png\",\"width\":1080,\"height\":1080},{\"@type\":\"BreadcrumbList\",\"@id\":\"https:\/\/www.spirit-us.eu\/index.php\/produit\/oracle-belline\/#breadcrumb\",\"itemListElement\":[{\"@type\":\"ListItem\",\"position\":1,\"name\":\"Accueil\",\"item\":\"https:\/\/www.spirit-us.eu\/\"},{\"@type\":\"ListItem\",\"position\":2,\"name\":\"Boutique\",\"item\":\"https:\/\/www.spirit-us.eu\/index.php\/boutique\/\"},{\"@type\":\"ListItem\",\"position\":3,\"name\":\"ORACLE BELLINE\"}]},{\"@type\":\"WebSite\",\"@id\":\"https:\/\/www.spirit-us.eu\/#website\",\"url\":\"https:\/\/www.spirit-us.eu\/\",\"name\":\"Spirit-US\",\"description\":\"\",\"publisher\":{\"@id\":\"https:\/\/www.spirit-us.eu\/#organization\"},\"potentialAction\":[{\"@type\":\"SearchAction\",\"target\":{\"@type\":\"EntryPoint\",\"urlTemplate\":\"https:\/\/www.spirit-us.eu\/?s={search_term_string}\"},\"query-input\":{\"@type\":\"PropertyValueSpecification\",\"valueRequired\":true,\"valueName\":\"search_term_string\"}}],\"inLanguage\":\"fr-FR\"},{\"@type\":\"Organization\",\"@id\":\"https:\/\/www.spirit-us.eu\/#organization\",\"name\":\"Spirit-US\",\"url\":\"https:\/\/www.spirit-us.eu\/\",\"logo\":{\"@type\":\"ImageObject\",\"inLanguage\":\"fr-FR\",\"@id\":\"https:\/\/www.spirit-us.eu\/#\/schema\/logo\/image\/\",\"url\":\"https:\/\/www.spirit-us.eu\/wp-content\/uploads\/2025\/11\/logo-regarde-linterlocutrice-sans-arrriere-plan.jpg\",\"contentUrl\":\"https:\/\/www.spirit-us.eu\/wp-content\/uploads\/2025\/11\/logo-regarde-linterlocutrice-sans-arrriere-plan.jpg\",\"width\":1080,\"height\":1080,\"caption\":\"Spirit-US\"},\"image\":{\"@id\":\"https:\/\/www.spirit-us.eu\/#\/schema\/logo\/image\/\"},\"sameAs\":[\"https:\/\/www.facebook.com\/spirit.us.deum\"]}]}<\/script>\n<!-- \/ Yoast SEO plugin. -->","yoast_head_json":{"title":"ORACLE BELLINE - Spirit-US","robots":{"index":"index","follow":"follow","max-snippet":"max-snippet:-1","max-image-preview":"max-image-preview:large","max-video-preview":"max-video-preview:-1"},"canonical":"https:\/\/www.spirit-us.eu\/index.php\/produit\/oracle-belline\/","og_locale":"fr_FR","og_type":"article","og_title":"ORACLE BELLINE - Spirit-US","og_description":"Le magnifique Oracle noir et or. C\u2019est Charles BILLAUDOT (19\u00e8me si\u00e8cle), qui cr\u00e9a cet Oracle, il \u00e9tait professeur de Math\u00e9matique \u00e0 Paris. Il \u00e9tait aussi le voyant d\u2019Alexandre Dumas, de Victor Hugo, de Napol\u00e9on III, de l\u2019Imp\u00e9ratrice Eug\u00e9nie, et bien d\u2019autres personnalit\u00e9s encore le consultaient r\u00e9guli\u00e8rement. Il a dessin\u00e9 lui-m\u00eame ce jeu de Tarot, nomm\u00e9 l\u2019Oracle Belline, en s\u2019inspirant \u00e0 la fois du Tarot de Marseille et du jeu d\u2019ETTEILA. Au 20\u00e8me si\u00e8cle, Marcel BELLINE le sort de l\u2019oubli et en fait l\u2019illustre jeu de cartes que nous connaissons aujourd\u2019hui. Il fit \u00e9diter l\u2019Oracle BELLINE par le Ma\u00eetre-Cartier Grimaud et souhaita qu\u2019il soit pr\u00e9sent\u00e9 dans un coffret noir et or. L\u2019Oracle BELLINE comprend 52 cartes auxquelles vient s\u2019ajouter une carte bleue, la carte de la Protection, comme un talisman. Sur chacune de ces cartes, est repr\u00e9sent\u00e9 le symbole de l\u2019une des 7 plan\u00e8tes : le Soleil, la Lune, Mercure, V\u00e9nus, Mars, Jupiter, Saturne. Ce jeu se pr\u00e9sente en 7 groupes compos\u00e9s de 7 lames soit un total de 49 cartes et de 3 lames n\u2019ayant pas de r\u00e9f\u00e9rence plan\u00e9taire. Ces cartes sont : la carte de la clef, la carte de l\u2019homme et la carte de la femme, repr\u00e9sentant les consultant.es C\u2019est l\u2019un des oracles les plus populaires. Il est aussi d\u00e9crit comme l\u2019un des plus efficaces dans les r\u00e9ponses qu\u2019il apporte, dans l\u2019aide \u00e0 la d\u00e9cision. Il offre la possibilit\u00e9 d\u2019analyser les situations avec une grande pr\u00e9cision, qu\u2019elles soient pr\u00e9sentes ou futures. \u00a0L\u2019oracle BELLINE est tr\u00e8s fiable, c\u2019est un magnifique et puissant outil de voyance.","og_url":"https:\/\/www.spirit-us.eu\/index.php\/produit\/oracle-belline\/","og_site_name":"Spirit-US","article_publisher":"https:\/\/www.facebook.com\/spirit.us.deum","article_modified_time":"2025-12-21T15:57:49+00:00","og_image":[{"width":1080,"height":1080,"url":"https:\/\/www.spirit-us.eu\/wp-content\/uploads\/2025\/05\/belline-image-produit-ok.png","type":"image\/png"}],"twitter_card":"summary_large_image","schema":{"@context":"https:\/\/schema.org","@graph":[{"@type":"WebPage","@id":"https:\/\/www.spirit-us.eu\/index.php\/produit\/oracle-belline\/","url":"https:\/\/www.spirit-us.eu\/index.php\/produit\/oracle-belline\/","name":"ORACLE BELLINE - Spirit-US","isPartOf":{"@id":"https:\/\/www.spirit-us.eu\/#website"},"primaryImageOfPage":{"@id":"https:\/\/www.spirit-us.eu\/index.php\/produit\/oracle-belline\/#primaryimage"},"image":{"@id":"https:\/\/www.spirit-us.eu\/index.php\/produit\/oracle-belline\/#primaryimage"},"thumbnailUrl":"https:\/\/www.spirit-us.eu\/wp-content\/uploads\/2025\/05\/belline-image-produit-ok.png","datePublished":"2025-05-06T09:20:58+00:00","dateModified":"2025-12-21T15:57:49+00:00","breadcrumb":{"@id":"https:\/\/www.spirit-us.eu\/index.php\/produit\/oracle-belline\/#breadcrumb"},"inLanguage":"fr-FR","potentialAction":[{"@type":"ReadAction","target":["https:\/\/www.spirit-us.eu\/index.php\/produit\/oracle-belline\/"]}]},{"@type":"ImageObject","inLanguage":"fr-FR","@id":"https:\/\/www.spirit-us.eu\/index.php\/produit\/oracle-belline\/#primaryimage","url":"https:\/\/www.spirit-us.eu\/wp-content\/uploads\/2025\/05\/belline-image-produit-ok.png","contentUrl":"https:\/\/www.spirit-us.eu\/wp-content\/uploads\/2025\/05\/belline-image-produit-ok.png","width":1080,"height":1080},{"@type":"BreadcrumbList","@id":"https:\/\/www.spirit-us.eu\/index.php\/produit\/oracle-belline\/#breadcrumb","itemListElement":[{"@type":"ListItem","position":1,"name":"Accueil","item":"https:\/\/www.spirit-us.eu\/"},{"@type":"ListItem","position":2,"name":"Boutique","item":"https:\/\/www.spirit-us.eu\/index.php\/boutique\/"},{"@type":"ListItem","position":3,"name":"ORACLE BELLINE"}]},{"@type":"WebSite","@id":"https:\/\/www.spirit-us.eu\/#website","url":"https:\/\/www.spirit-us.eu\/","name":"Spirit-US","description":"","publisher":{"@id":"https:\/\/www.spirit-us.eu\/#organization"},"potentialAction":[{"@type":"SearchAction","target":{"@type":"EntryPoint","urlTemplate":"https:\/\/www.spirit-us.eu\/?s={search_term_string}"},"query-input":{"@type":"PropertyValueSpecification","valueRequired":true,"valueName":"search_term_string"}}],"inLanguage":"fr-FR"},{"@type":"Organization","@id":"https:\/\/www.spirit-us.eu\/#organization","name":"Spirit-US","url":"https:\/\/www.spirit-us.eu\/","logo":{"@type":"ImageObject","inLanguage":"fr-FR","@id":"https:\/\/www.spirit-us.eu\/#\/schema\/logo\/image\/","url":"https:\/\/www.spirit-us.eu\/wp-content\/uploads\/2025\/11\/logo-regarde-linterlocutrice-sans-arrriere-plan.jpg","contentUrl":"https:\/\/www.spirit-us.eu\/wp-content\/uploads\/2025\/11\/logo-regarde-linterlocutrice-sans-arrriere-plan.jpg","width":1080,"height":1080,"caption":"Spirit-US"},"image":{"@id":"https:\/\/www.spirit-us.eu\/#\/schema\/logo\/image\/"},"sameAs":["https:\/\/www.facebook.com\/spirit.us.deum"]}]}},"jetpack_sharing_enabled":true,"_links":{"self":[{"href":"https:\/\/www.spirit-us.eu\/index.php\/wp-json\/wp\/v2\/product\/1234","targetHints":{"allow":["GET"]}}],"collection":[{"href":"https:\/\/www.spirit-us.eu\/index.php\/wp-json\/wp\/v2\/product"}],"about":[{"href":"https:\/\/www.spirit-us.eu\/index.php\/wp-json\/wp\/v2\/types\/product"}],"replies":[{"embeddable":true,"href":"https:\/\/www.spirit-us.eu\/index.php\/wp-json\/wp\/v2\/comments?post=1234"}],"wp:featuredmedia":[{"embeddable":true,"href":"https:\/\/www.spirit-us.eu\/index.php\/wp-json\/wp\/v2\/media\/1235"}],"wp:attachment":[{"href":"https:\/\/www.spirit-us.eu\/index.php\/wp-json\/wp\/v2\/media?parent=1234"}],"wp:term":[{"taxonomy":"product_brand","embeddable":true,"href":"https:\/\/www.spirit-us.eu\/index.php\/wp-json\/wp\/v2\/product_brand?post=1234"},{"taxonomy":"product_cat","embeddable":true,"href":"https:\/\/www.spirit-us.eu\/index.php\/wp-json\/wp\/v2\/product_cat?post=1234"},{"taxonomy":"product_tag","embeddable":true,"href":"https:\/\/www.spirit-us.eu\/index.php\/wp-json\/wp\/v2\/product_tag?post=1234"},{"taxonomy":"mwb_booking_cost","embeddable":true,"href":"https:\/\/www.spirit-us.eu\/index.php\/wp-json\/wp\/v2\/mwb_booking_cost?post=1234"},{"taxonomy":"mwb_booking_service","embeddable":true,"href":"https:\/\/www.spirit-us.eu\/index.php\/wp-json\/wp\/v2\/mwb_booking_service?post=1234"}],"curies":[{"name":"wp","href":"https:\/\/api.w.org\/{rel}","templated":true}]}}