{"id":1230,"date":"2025-05-06T09:52:04","date_gmt":"2025-05-06T07:52:04","guid":{"rendered":"https:\/\/www.spirit-us.eu\/?post_type=product&#038;p=1230"},"modified":"2025-12-21T16:58:03","modified_gmt":"2025-12-21T15:58:03","slug":"tarot-de-marseille","status":"publish","type":"product","link":"https:\/\/www.spirit-us.eu\/index.php\/produit\/tarot-de-marseille\/","title":{"rendered":"TAROT DE MARSEILLE"},"content":{"rendered":"<p><strong>Coffret<\/strong> cartonn\u00e9\u00a0: comportant 78 lames et un livret explicatif de leur signification<\/p>\n<p><strong>Dimensions du coffret<\/strong>\u00a0: hauteur 10,5 cm \/ largeur 6,5 cm<\/p>\n<p><strong>Poids<\/strong>\u00a0: 150g<\/p>\n<p><strong>Mat\u00e9riau<\/strong>:\u00a0Papier cartonn\u00e9<\/p>\n<p><strong>Accessoires<\/strong> :\u00a078 cartes (+2)<\/p>\n<p><strong>Tranche d&rsquo;\u00e2ge<\/strong> :\u00a018 ans+<\/p>\n<p><strong>Editeur<\/strong>\u00a0: Grimaud<\/p>\n<p>Tarot de Marseille de petite dimension, permet un usage tr\u00e8s souple\u00a0: on peut le porter dans un sac et l\u2019utiliser \u00e0 tout moment en toute discr\u00e9tion.<\/p>\n","protected":false},"excerpt":{"rendered":"<p>Cr\u00e9\u00e9 \u00e0 la fin du 17\u00e8me si\u00e8cle par Marsile de Lyon, le Tarot de Marseille est un ancien et magnifique outil de divination (\u00e9tymologiquement, <em>divination<\/em> signifie <em>dialoguer avec le divin<\/em>), de r\u00e9flexion, d\u2019appui \u00e0 la pr\u00e9cognition (le fait d\u2019\u00e9tablir les 24 connexions neuronales dans le cerveau pour <em>voir en avance<\/em> \u2013 une facult\u00e9 que nous avons tou.te.s si nous consentons \u00e0 la d\u00e9velopper), et de d\u00e9veloppement personnel accessible \u00e0 tout le monde.\u00a0 Il est possible de tirer un grand b\u00e9n\u00e9fice imm\u00e9diat de ce que nous enseignent les cartes en voyance ou en analyse d\u2019une situation complexe ou invisibilis\u00e9e.\u00a0 Pour cela il est indispensable de conna\u00eetre la signification des cartes et cela demande un peu de pratique.\u00a0 Le Tarot de Marseille est compos\u00e9 de 78 lames (un autre nom pour le mot <em>cartes<\/em>) et permet plus de 3.000 combinaisons qui donnent une vision tr\u00e8s fine et pr\u00e9cise de ce que r\u00e9serve l\u2019avenir, \u00e0 la lumi\u00e8re du pass\u00e9. Il est compos\u00e9 de 18 lames majeures qui concernent les grands domaines de la vie et 60 lames mineures qui concernent les \u00e9nergies qui sont associ\u00e9es aux situations\u00a0: \u00e9nergie financi\u00e8re, \u00e9nergie d\u2019amour, \u00e9nergie de combat \u00e0 mener, \u00e9nergie de travail \u00e0 accomplir. Ces cartes sont destin\u00e9es \u00e0 quelqu\u2019un qui a un peu d\u2019entra\u00eenement dans le domaine et souhaite magnifier ses connaissances.<\/p>\n","protected":false},"featured_media":1231,"comment_status":"open","ping_status":"closed","template":"","meta":[],"product_brand":[],"product_cat":[499,161,17,502],"product_tag":[171],"mwb_booking_cost":[],"mwb_booking_service":[],"class_list":{"0":"post-1230","1":"product","2":"type-product","3":"status-publish","4":"has-post-thumbnail","6":"product_cat-03-energetique","7":"product_cat-09-tarots-voyance","8":"product_cat-tous-les-produits","9":"product_cat-voyance","10":"product_tag-voyance","12":"first","13":"instock","14":"shipping-taxable","15":"purchasable","16":"product-type-simple"},"yoast_head":"<!-- This site is optimized with the Yoast SEO plugin v27.1.1 - https:\/\/yoast.com\/product\/yoast-seo-wordpress\/ -->\n<title>TAROT DE MARSEILLE - Spirit-US<\/title>\n<meta name=\"robots\" content=\"index, follow, max-snippet:-1, max-image-preview:large, max-video-preview:-1\" \/>\n<link rel=\"canonical\" href=\"https:\/\/www.spirit-us.eu\/index.php\/produit\/tarot-de-marseille\/\" \/>\n<meta property=\"og:locale\" content=\"fr_FR\" \/>\n<meta property=\"og:type\" content=\"article\" \/>\n<meta property=\"og:title\" content=\"TAROT DE MARSEILLE - Spirit-US\" \/>\n<meta property=\"og:description\" content=\"Cr\u00e9\u00e9 \u00e0 la fin du 17\u00e8me si\u00e8cle par Marsile de Lyon, le Tarot de Marseille est un ancien et magnifique outil de divination (\u00e9tymologiquement, divination signifie dialoguer avec le divin), de r\u00e9flexion, d\u2019appui \u00e0 la pr\u00e9cognition (le fait d\u2019\u00e9tablir les 24 connexions neuronales dans le cerveau pour voir en avance \u2013 une facult\u00e9 que nous avons tou.te.s si nous consentons \u00e0 la d\u00e9velopper), et de d\u00e9veloppement personnel accessible \u00e0 tout le monde.\u00a0 Il est possible de tirer un grand b\u00e9n\u00e9fice imm\u00e9diat de ce que nous enseignent les cartes en voyance ou en analyse d\u2019une situation complexe ou invisibilis\u00e9e.\u00a0 Pour cela il est indispensable de conna\u00eetre la signification des cartes et cela demande un peu de pratique.\u00a0 Le Tarot de Marseille est compos\u00e9 de 78 lames (un autre nom pour le mot cartes) et permet plus de 3.000 combinaisons qui donnent une vision tr\u00e8s fine et pr\u00e9cise de ce que r\u00e9serve l\u2019avenir, \u00e0 la lumi\u00e8re du pass\u00e9. Il est compos\u00e9 de 18 lames majeures qui concernent les grands domaines de la vie et 60 lames mineures qui concernent les \u00e9nergies qui sont associ\u00e9es aux situations\u00a0: \u00e9nergie financi\u00e8re, \u00e9nergie d\u2019amour, \u00e9nergie de combat \u00e0 mener, \u00e9nergie de travail \u00e0 accomplir. Ces cartes sont destin\u00e9es \u00e0 quelqu\u2019un qui a un peu d\u2019entra\u00eenement dans le domaine et souhaite magnifier ses connaissances.\" \/>\n<meta property=\"og:url\" content=\"https:\/\/www.spirit-us.eu\/index.php\/produit\/tarot-de-marseille\/\" \/>\n<meta property=\"og:site_name\" content=\"Spirit-US\" \/>\n<meta property=\"article:publisher\" content=\"https:\/\/www.facebook.com\/spirit.us.deum\" \/>\n<meta property=\"article:modified_time\" content=\"2025-12-21T15:58:03+00:00\" \/>\n<meta property=\"og:image\" content=\"https:\/\/www.spirit-us.eu\/wp-content\/uploads\/2025\/05\/marseille-image-produit-prioritaire.png\" \/>\n\t<meta property=\"og:image:width\" content=\"1080\" \/>\n\t<meta property=\"og:image:height\" content=\"1080\" \/>\n\t<meta property=\"og:image:type\" content=\"image\/png\" \/>\n<meta name=\"twitter:card\" content=\"summary_large_image\" \/>\n<script type=\"application\/ld+json\" class=\"yoast-schema-graph\">{\"@context\":\"https:\/\/schema.org\",\"@graph\":[{\"@type\":\"WebPage\",\"@id\":\"https:\/\/www.spirit-us.eu\/index.php\/produit\/tarot-de-marseille\/\",\"url\":\"https:\/\/www.spirit-us.eu\/index.php\/produit\/tarot-de-marseille\/\",\"name\":\"TAROT DE MARSEILLE - Spirit-US\",\"isPartOf\":{\"@id\":\"https:\/\/www.spirit-us.eu\/#website\"},\"primaryImageOfPage\":{\"@id\":\"https:\/\/www.spirit-us.eu\/index.php\/produit\/tarot-de-marseille\/#primaryimage\"},\"image\":{\"@id\":\"https:\/\/www.spirit-us.eu\/index.php\/produit\/tarot-de-marseille\/#primaryimage\"},\"thumbnailUrl\":\"https:\/\/www.spirit-us.eu\/wp-content\/uploads\/2025\/05\/marseille-image-produit-prioritaire.png\",\"datePublished\":\"2025-05-06T07:52:04+00:00\",\"dateModified\":\"2025-12-21T15:58:03+00:00\",\"breadcrumb\":{\"@id\":\"https:\/\/www.spirit-us.eu\/index.php\/produit\/tarot-de-marseille\/#breadcrumb\"},\"inLanguage\":\"fr-FR\",\"potentialAction\":[{\"@type\":\"ReadAction\",\"target\":[\"https:\/\/www.spirit-us.eu\/index.php\/produit\/tarot-de-marseille\/\"]}]},{\"@type\":\"ImageObject\",\"inLanguage\":\"fr-FR\",\"@id\":\"https:\/\/www.spirit-us.eu\/index.php\/produit\/tarot-de-marseille\/#primaryimage\",\"url\":\"https:\/\/www.spirit-us.eu\/wp-content\/uploads\/2025\/05\/marseille-image-produit-prioritaire.png\",\"contentUrl\":\"https:\/\/www.spirit-us.eu\/wp-content\/uploads\/2025\/05\/marseille-image-produit-prioritaire.png\",\"width\":1080,\"height\":1080},{\"@type\":\"BreadcrumbList\",\"@id\":\"https:\/\/www.spirit-us.eu\/index.php\/produit\/tarot-de-marseille\/#breadcrumb\",\"itemListElement\":[{\"@type\":\"ListItem\",\"position\":1,\"name\":\"Accueil\",\"item\":\"https:\/\/www.spirit-us.eu\/\"},{\"@type\":\"ListItem\",\"position\":2,\"name\":\"Boutique\",\"item\":\"https:\/\/www.spirit-us.eu\/index.php\/boutique\/\"},{\"@type\":\"ListItem\",\"position\":3,\"name\":\"TAROT DE MARSEILLE\"}]},{\"@type\":\"WebSite\",\"@id\":\"https:\/\/www.spirit-us.eu\/#website\",\"url\":\"https:\/\/www.spirit-us.eu\/\",\"name\":\"Spirit-US\",\"description\":\"\",\"publisher\":{\"@id\":\"https:\/\/www.spirit-us.eu\/#organization\"},\"potentialAction\":[{\"@type\":\"SearchAction\",\"target\":{\"@type\":\"EntryPoint\",\"urlTemplate\":\"https:\/\/www.spirit-us.eu\/?s={search_term_string}\"},\"query-input\":{\"@type\":\"PropertyValueSpecification\",\"valueRequired\":true,\"valueName\":\"search_term_string\"}}],\"inLanguage\":\"fr-FR\"},{\"@type\":\"Organization\",\"@id\":\"https:\/\/www.spirit-us.eu\/#organization\",\"name\":\"Spirit-US\",\"url\":\"https:\/\/www.spirit-us.eu\/\",\"logo\":{\"@type\":\"ImageObject\",\"inLanguage\":\"fr-FR\",\"@id\":\"https:\/\/www.spirit-us.eu\/#\/schema\/logo\/image\/\",\"url\":\"https:\/\/www.spirit-us.eu\/wp-content\/uploads\/2025\/11\/logo-regarde-linterlocutrice-sans-arrriere-plan.jpg\",\"contentUrl\":\"https:\/\/www.spirit-us.eu\/wp-content\/uploads\/2025\/11\/logo-regarde-linterlocutrice-sans-arrriere-plan.jpg\",\"width\":1080,\"height\":1080,\"caption\":\"Spirit-US\"},\"image\":{\"@id\":\"https:\/\/www.spirit-us.eu\/#\/schema\/logo\/image\/\"},\"sameAs\":[\"https:\/\/www.facebook.com\/spirit.us.deum\"]}]}<\/script>\n<!-- \/ Yoast SEO plugin. -->","yoast_head_json":{"title":"TAROT DE MARSEILLE - Spirit-US","robots":{"index":"index","follow":"follow","max-snippet":"max-snippet:-1","max-image-preview":"max-image-preview:large","max-video-preview":"max-video-preview:-1"},"canonical":"https:\/\/www.spirit-us.eu\/index.php\/produit\/tarot-de-marseille\/","og_locale":"fr_FR","og_type":"article","og_title":"TAROT DE MARSEILLE - Spirit-US","og_description":"Cr\u00e9\u00e9 \u00e0 la fin du 17\u00e8me si\u00e8cle par Marsile de Lyon, le Tarot de Marseille est un ancien et magnifique outil de divination (\u00e9tymologiquement, divination signifie dialoguer avec le divin), de r\u00e9flexion, d\u2019appui \u00e0 la pr\u00e9cognition (le fait d\u2019\u00e9tablir les 24 connexions neuronales dans le cerveau pour voir en avance \u2013 une facult\u00e9 que nous avons tou.te.s si nous consentons \u00e0 la d\u00e9velopper), et de d\u00e9veloppement personnel accessible \u00e0 tout le monde.\u00a0 Il est possible de tirer un grand b\u00e9n\u00e9fice imm\u00e9diat de ce que nous enseignent les cartes en voyance ou en analyse d\u2019une situation complexe ou invisibilis\u00e9e.\u00a0 Pour cela il est indispensable de conna\u00eetre la signification des cartes et cela demande un peu de pratique.\u00a0 Le Tarot de Marseille est compos\u00e9 de 78 lames (un autre nom pour le mot cartes) et permet plus de 3.000 combinaisons qui donnent une vision tr\u00e8s fine et pr\u00e9cise de ce que r\u00e9serve l\u2019avenir, \u00e0 la lumi\u00e8re du pass\u00e9. Il est compos\u00e9 de 18 lames majeures qui concernent les grands domaines de la vie et 60 lames mineures qui concernent les \u00e9nergies qui sont associ\u00e9es aux situations\u00a0: \u00e9nergie financi\u00e8re, \u00e9nergie d\u2019amour, \u00e9nergie de combat \u00e0 mener, \u00e9nergie de travail \u00e0 accomplir. Ces cartes sont destin\u00e9es \u00e0 quelqu\u2019un qui a un peu d\u2019entra\u00eenement dans le domaine et souhaite magnifier ses connaissances.","og_url":"https:\/\/www.spirit-us.eu\/index.php\/produit\/tarot-de-marseille\/","og_site_name":"Spirit-US","article_publisher":"https:\/\/www.facebook.com\/spirit.us.deum","article_modified_time":"2025-12-21T15:58:03+00:00","og_image":[{"width":1080,"height":1080,"url":"https:\/\/www.spirit-us.eu\/wp-content\/uploads\/2025\/05\/marseille-image-produit-prioritaire.png","type":"image\/png"}],"twitter_card":"summary_large_image","schema":{"@context":"https:\/\/schema.org","@graph":[{"@type":"WebPage","@id":"https:\/\/www.spirit-us.eu\/index.php\/produit\/tarot-de-marseille\/","url":"https:\/\/www.spirit-us.eu\/index.php\/produit\/tarot-de-marseille\/","name":"TAROT DE MARSEILLE - Spirit-US","isPartOf":{"@id":"https:\/\/www.spirit-us.eu\/#website"},"primaryImageOfPage":{"@id":"https:\/\/www.spirit-us.eu\/index.php\/produit\/tarot-de-marseille\/#primaryimage"},"image":{"@id":"https:\/\/www.spirit-us.eu\/index.php\/produit\/tarot-de-marseille\/#primaryimage"},"thumbnailUrl":"https:\/\/www.spirit-us.eu\/wp-content\/uploads\/2025\/05\/marseille-image-produit-prioritaire.png","datePublished":"2025-05-06T07:52:04+00:00","dateModified":"2025-12-21T15:58:03+00:00","breadcrumb":{"@id":"https:\/\/www.spirit-us.eu\/index.php\/produit\/tarot-de-marseille\/#breadcrumb"},"inLanguage":"fr-FR","potentialAction":[{"@type":"ReadAction","target":["https:\/\/www.spirit-us.eu\/index.php\/produit\/tarot-de-marseille\/"]}]},{"@type":"ImageObject","inLanguage":"fr-FR","@id":"https:\/\/www.spirit-us.eu\/index.php\/produit\/tarot-de-marseille\/#primaryimage","url":"https:\/\/www.spirit-us.eu\/wp-content\/uploads\/2025\/05\/marseille-image-produit-prioritaire.png","contentUrl":"https:\/\/www.spirit-us.eu\/wp-content\/uploads\/2025\/05\/marseille-image-produit-prioritaire.png","width":1080,"height":1080},{"@type":"BreadcrumbList","@id":"https:\/\/www.spirit-us.eu\/index.php\/produit\/tarot-de-marseille\/#breadcrumb","itemListElement":[{"@type":"ListItem","position":1,"name":"Accueil","item":"https:\/\/www.spirit-us.eu\/"},{"@type":"ListItem","position":2,"name":"Boutique","item":"https:\/\/www.spirit-us.eu\/index.php\/boutique\/"},{"@type":"ListItem","position":3,"name":"TAROT DE MARSEILLE"}]},{"@type":"WebSite","@id":"https:\/\/www.spirit-us.eu\/#website","url":"https:\/\/www.spirit-us.eu\/","name":"Spirit-US","description":"","publisher":{"@id":"https:\/\/www.spirit-us.eu\/#organization"},"potentialAction":[{"@type":"SearchAction","target":{"@type":"EntryPoint","urlTemplate":"https:\/\/www.spirit-us.eu\/?s={search_term_string}"},"query-input":{"@type":"PropertyValueSpecification","valueRequired":true,"valueName":"search_term_string"}}],"inLanguage":"fr-FR"},{"@type":"Organization","@id":"https:\/\/www.spirit-us.eu\/#organization","name":"Spirit-US","url":"https:\/\/www.spirit-us.eu\/","logo":{"@type":"ImageObject","inLanguage":"fr-FR","@id":"https:\/\/www.spirit-us.eu\/#\/schema\/logo\/image\/","url":"https:\/\/www.spirit-us.eu\/wp-content\/uploads\/2025\/11\/logo-regarde-linterlocutrice-sans-arrriere-plan.jpg","contentUrl":"https:\/\/www.spirit-us.eu\/wp-content\/uploads\/2025\/11\/logo-regarde-linterlocutrice-sans-arrriere-plan.jpg","width":1080,"height":1080,"caption":"Spirit-US"},"image":{"@id":"https:\/\/www.spirit-us.eu\/#\/schema\/logo\/image\/"},"sameAs":["https:\/\/www.facebook.com\/spirit.us.deum"]}]}},"jetpack_sharing_enabled":true,"_links":{"self":[{"href":"https:\/\/www.spirit-us.eu\/index.php\/wp-json\/wp\/v2\/product\/1230","targetHints":{"allow":["GET"]}}],"collection":[{"href":"https:\/\/www.spirit-us.eu\/index.php\/wp-json\/wp\/v2\/product"}],"about":[{"href":"https:\/\/www.spirit-us.eu\/index.php\/wp-json\/wp\/v2\/types\/product"}],"replies":[{"embeddable":true,"href":"https:\/\/www.spirit-us.eu\/index.php\/wp-json\/wp\/v2\/comments?post=1230"}],"wp:featuredmedia":[{"embeddable":true,"href":"https:\/\/www.spirit-us.eu\/index.php\/wp-json\/wp\/v2\/media\/1231"}],"wp:attachment":[{"href":"https:\/\/www.spirit-us.eu\/index.php\/wp-json\/wp\/v2\/media?parent=1230"}],"wp:term":[{"taxonomy":"product_brand","embeddable":true,"href":"https:\/\/www.spirit-us.eu\/index.php\/wp-json\/wp\/v2\/product_brand?post=1230"},{"taxonomy":"product_cat","embeddable":true,"href":"https:\/\/www.spirit-us.eu\/index.php\/wp-json\/wp\/v2\/product_cat?post=1230"},{"taxonomy":"product_tag","embeddable":true,"href":"https:\/\/www.spirit-us.eu\/index.php\/wp-json\/wp\/v2\/product_tag?post=1230"},{"taxonomy":"mwb_booking_cost","embeddable":true,"href":"https:\/\/www.spirit-us.eu\/index.php\/wp-json\/wp\/v2\/mwb_booking_cost?post=1230"},{"taxonomy":"mwb_booking_service","embeddable":true,"href":"https:\/\/www.spirit-us.eu\/index.php\/wp-json\/wp\/v2\/mwb_booking_service?post=1230"}],"curies":[{"name":"wp","href":"https:\/\/api.w.org\/{rel}","templated":true}]}}