{"id":1185,"date":"2025-04-27T16:48:25","date_gmt":"2025-04-27T14:48:25","guid":{"rendered":"https:\/\/www.spirit-us.eu\/?post_type=product&#038;p=1185"},"modified":"2025-12-17T14:55:29","modified_gmt":"2025-12-17T13:55:29","slug":"pendentif-coeur-en-cornaline-chakra-sacre","status":"publish","type":"product","link":"https:\/\/www.spirit-us.eu\/index.php\/produit\/pendentif-coeur-en-cornaline-chakra-sacre\/","title":{"rendered":"PENDENTIF C\u0152UR EN QUARTZ ROSE (chakra sacr\u00e9)"},"content":{"rendered":"<p><strong>Mat\u00e9riaux<\/strong> : quartz rose (cerise) et m\u00e9tal argent\u00e9<\/p>\n<p><strong>Dimension du pendentif<\/strong> (breloque) : largeur 2 cm \/ hauteur 2 cm (hors suspensoir)<\/p>\n<p><strong>Forme<\/strong>\u00a0: c\u0153ur<\/p>\n<p><strong>Couleur<\/strong> : rouge cerise translucide<\/p>\n<p><strong>Dimension de la cha\u00eenette<\/strong> : 50 cm<\/p>\n<p><strong>Couleur de la cha\u00eenette<\/strong>\u00a0: argent\u00e9e<\/p>\n<p>Livr\u00e9 dans un coffret de velours.\u00a0 Id\u00e9al comme cadeau lorsqu\u2019une personne a besoin de renforcer sa bonne sant\u00e9 et sa positivit\u00e9, ou de se soigner au plan organique.<\/p>\n<p>&nbsp;<\/p>\n","protected":false},"excerpt":{"rendered":"<p style=\"text-align: justify;\">Tr\u00e8s joli pendentif en forme de c\u0153ur et en pierre rose-cerise, symbolisant l\u2019\u00e9veil du chakra sacr\u00e9. Ni trop grand, ni trop petit, il a une taille discr\u00e8te.\u00a0 Il se porte seul ou avec d\u2019autres bijoux.\u00a0 Les nombreuses couleurs de ces petits c\u0153urs en pierres semi-pr\u00e9cieuses, permet de l\u2019assortir \u00e0 votre tenue, \u00e0 votre humeur ou \u00e0 l\u2019\u00e9nergie que vous souhaitez travailler \u00e0 un moment pr\u00e9cis. C\u2019est un cadeau id\u00e9al \u00e0 offrir en toute circonstance ; il convient tr\u00e8s bien pour la f\u00eate des m\u00e8res ou la saint Valentin. Il est livr\u00e9 dans son \u00e9crin blanc avec une cha\u00eenette argent\u00e9e.<\/p>\n","protected":false},"featured_media":1708,"comment_status":"open","ping_status":"closed","template":"","meta":[],"product_brand":[],"product_cat":[156,463,17],"product_tag":[172,173],"mwb_booking_cost":[],"mwb_booking_service":[],"class_list":{"0":"post-1185","1":"product","2":"type-product","3":"status-publish","4":"has-post-thumbnail","6":"product_cat-04-bijoux","7":"product_cat-pendentif","8":"product_cat-tous-les-produits","9":"product_tag-amour","10":"product_tag-chakras","12":"first","13":"instock","14":"shipping-taxable","15":"purchasable","16":"product-type-simple"},"yoast_head":"<!-- This site is optimized with the Yoast SEO plugin v27.1.1 - https:\/\/yoast.com\/product\/yoast-seo-wordpress\/ -->\n<title>PENDENTIF C\u0152UR EN QUARTZ ROSE (chakra sacr\u00e9) - Spirit-US<\/title>\n<meta name=\"robots\" content=\"index, follow, max-snippet:-1, max-image-preview:large, max-video-preview:-1\" \/>\n<link rel=\"canonical\" href=\"https:\/\/www.spirit-us.eu\/index.php\/produit\/pendentif-coeur-en-cornaline-chakra-sacre\/\" \/>\n<meta property=\"og:locale\" content=\"fr_FR\" \/>\n<meta property=\"og:type\" content=\"article\" \/>\n<meta property=\"og:title\" content=\"PENDENTIF C\u0152UR EN QUARTZ ROSE (chakra sacr\u00e9) - Spirit-US\" \/>\n<meta property=\"og:description\" content=\"Tr\u00e8s joli pendentif en forme de c\u0153ur et en pierre rose-cerise, symbolisant l\u2019\u00e9veil du chakra sacr\u00e9. Ni trop grand, ni trop petit, il a une taille discr\u00e8te.\u00a0 Il se porte seul ou avec d\u2019autres bijoux.\u00a0 Les nombreuses couleurs de ces petits c\u0153urs en pierres semi-pr\u00e9cieuses, permet de l\u2019assortir \u00e0 votre tenue, \u00e0 votre humeur ou \u00e0 l\u2019\u00e9nergie que vous souhaitez travailler \u00e0 un moment pr\u00e9cis. C\u2019est un cadeau id\u00e9al \u00e0 offrir en toute circonstance ; il convient tr\u00e8s bien pour la f\u00eate des m\u00e8res ou la saint Valentin. Il est livr\u00e9 dans son \u00e9crin blanc avec une cha\u00eenette argent\u00e9e.\" \/>\n<meta property=\"og:url\" content=\"https:\/\/www.spirit-us.eu\/index.php\/produit\/pendentif-coeur-en-cornaline-chakra-sacre\/\" \/>\n<meta property=\"og:site_name\" content=\"Spirit-US\" \/>\n<meta property=\"article:publisher\" content=\"https:\/\/www.facebook.com\/spirit.us.deum\" \/>\n<meta property=\"article:modified_time\" content=\"2025-12-17T13:55:29+00:00\" \/>\n<meta property=\"og:image\" content=\"https:\/\/www.spirit-us.eu\/wp-content\/uploads\/2025\/04\/coeur-rose-image-produit-1024x1024.png\" \/>\n\t<meta property=\"og:image:width\" content=\"1024\" \/>\n\t<meta property=\"og:image:height\" content=\"1024\" \/>\n\t<meta property=\"og:image:type\" content=\"image\/png\" \/>\n<meta name=\"twitter:card\" content=\"summary_large_image\" \/>\n<script type=\"application\/ld+json\" class=\"yoast-schema-graph\">{\"@context\":\"https:\/\/schema.org\",\"@graph\":[{\"@type\":\"WebPage\",\"@id\":\"https:\/\/www.spirit-us.eu\/index.php\/produit\/pendentif-coeur-en-cornaline-chakra-sacre\/\",\"url\":\"https:\/\/www.spirit-us.eu\/index.php\/produit\/pendentif-coeur-en-cornaline-chakra-sacre\/\",\"name\":\"PENDENTIF C\u0152UR EN QUARTZ ROSE (chakra sacr\u00e9) - Spirit-US\",\"isPartOf\":{\"@id\":\"https:\/\/www.spirit-us.eu\/#website\"},\"primaryImageOfPage\":{\"@id\":\"https:\/\/www.spirit-us.eu\/index.php\/produit\/pendentif-coeur-en-cornaline-chakra-sacre\/#primaryimage\"},\"image\":{\"@id\":\"https:\/\/www.spirit-us.eu\/index.php\/produit\/pendentif-coeur-en-cornaline-chakra-sacre\/#primaryimage\"},\"thumbnailUrl\":\"https:\/\/www.spirit-us.eu\/wp-content\/uploads\/2025\/04\/coeur-rose-image-produit.png\",\"datePublished\":\"2025-04-27T14:48:25+00:00\",\"dateModified\":\"2025-12-17T13:55:29+00:00\",\"breadcrumb\":{\"@id\":\"https:\/\/www.spirit-us.eu\/index.php\/produit\/pendentif-coeur-en-cornaline-chakra-sacre\/#breadcrumb\"},\"inLanguage\":\"fr-FR\",\"potentialAction\":[{\"@type\":\"ReadAction\",\"target\":[\"https:\/\/www.spirit-us.eu\/index.php\/produit\/pendentif-coeur-en-cornaline-chakra-sacre\/\"]}]},{\"@type\":\"ImageObject\",\"inLanguage\":\"fr-FR\",\"@id\":\"https:\/\/www.spirit-us.eu\/index.php\/produit\/pendentif-coeur-en-cornaline-chakra-sacre\/#primaryimage\",\"url\":\"https:\/\/www.spirit-us.eu\/wp-content\/uploads\/2025\/04\/coeur-rose-image-produit.png\",\"contentUrl\":\"https:\/\/www.spirit-us.eu\/wp-content\/uploads\/2025\/04\/coeur-rose-image-produit.png\",\"width\":1080,\"height\":1080},{\"@type\":\"BreadcrumbList\",\"@id\":\"https:\/\/www.spirit-us.eu\/index.php\/produit\/pendentif-coeur-en-cornaline-chakra-sacre\/#breadcrumb\",\"itemListElement\":[{\"@type\":\"ListItem\",\"position\":1,\"name\":\"Accueil\",\"item\":\"https:\/\/www.spirit-us.eu\/\"},{\"@type\":\"ListItem\",\"position\":2,\"name\":\"Boutique\",\"item\":\"https:\/\/www.spirit-us.eu\/index.php\/boutique\/\"},{\"@type\":\"ListItem\",\"position\":3,\"name\":\"PENDENTIF C\u0152UR EN QUARTZ ROSE (chakra sacr\u00e9)\"}]},{\"@type\":\"WebSite\",\"@id\":\"https:\/\/www.spirit-us.eu\/#website\",\"url\":\"https:\/\/www.spirit-us.eu\/\",\"name\":\"Spirit-US\",\"description\":\"\",\"publisher\":{\"@id\":\"https:\/\/www.spirit-us.eu\/#organization\"},\"potentialAction\":[{\"@type\":\"SearchAction\",\"target\":{\"@type\":\"EntryPoint\",\"urlTemplate\":\"https:\/\/www.spirit-us.eu\/?s={search_term_string}\"},\"query-input\":{\"@type\":\"PropertyValueSpecification\",\"valueRequired\":true,\"valueName\":\"search_term_string\"}}],\"inLanguage\":\"fr-FR\"},{\"@type\":\"Organization\",\"@id\":\"https:\/\/www.spirit-us.eu\/#organization\",\"name\":\"Spirit-US\",\"url\":\"https:\/\/www.spirit-us.eu\/\",\"logo\":{\"@type\":\"ImageObject\",\"inLanguage\":\"fr-FR\",\"@id\":\"https:\/\/www.spirit-us.eu\/#\/schema\/logo\/image\/\",\"url\":\"https:\/\/www.spirit-us.eu\/wp-content\/uploads\/2025\/11\/logo-regarde-linterlocutrice-sans-arrriere-plan.jpg\",\"contentUrl\":\"https:\/\/www.spirit-us.eu\/wp-content\/uploads\/2025\/11\/logo-regarde-linterlocutrice-sans-arrriere-plan.jpg\",\"width\":1080,\"height\":1080,\"caption\":\"Spirit-US\"},\"image\":{\"@id\":\"https:\/\/www.spirit-us.eu\/#\/schema\/logo\/image\/\"},\"sameAs\":[\"https:\/\/www.facebook.com\/spirit.us.deum\"]}]}<\/script>\n<!-- \/ Yoast SEO plugin. -->","yoast_head_json":{"title":"PENDENTIF C\u0152UR EN QUARTZ ROSE (chakra sacr\u00e9) - Spirit-US","robots":{"index":"index","follow":"follow","max-snippet":"max-snippet:-1","max-image-preview":"max-image-preview:large","max-video-preview":"max-video-preview:-1"},"canonical":"https:\/\/www.spirit-us.eu\/index.php\/produit\/pendentif-coeur-en-cornaline-chakra-sacre\/","og_locale":"fr_FR","og_type":"article","og_title":"PENDENTIF C\u0152UR EN QUARTZ ROSE (chakra sacr\u00e9) - Spirit-US","og_description":"Tr\u00e8s joli pendentif en forme de c\u0153ur et en pierre rose-cerise, symbolisant l\u2019\u00e9veil du chakra sacr\u00e9. Ni trop grand, ni trop petit, il a une taille discr\u00e8te.\u00a0 Il se porte seul ou avec d\u2019autres bijoux.\u00a0 Les nombreuses couleurs de ces petits c\u0153urs en pierres semi-pr\u00e9cieuses, permet de l\u2019assortir \u00e0 votre tenue, \u00e0 votre humeur ou \u00e0 l\u2019\u00e9nergie que vous souhaitez travailler \u00e0 un moment pr\u00e9cis. C\u2019est un cadeau id\u00e9al \u00e0 offrir en toute circonstance ; il convient tr\u00e8s bien pour la f\u00eate des m\u00e8res ou la saint Valentin. Il est livr\u00e9 dans son \u00e9crin blanc avec une cha\u00eenette argent\u00e9e.","og_url":"https:\/\/www.spirit-us.eu\/index.php\/produit\/pendentif-coeur-en-cornaline-chakra-sacre\/","og_site_name":"Spirit-US","article_publisher":"https:\/\/www.facebook.com\/spirit.us.deum","article_modified_time":"2025-12-17T13:55:29+00:00","og_image":[{"width":1024,"height":1024,"url":"https:\/\/www.spirit-us.eu\/wp-content\/uploads\/2025\/04\/coeur-rose-image-produit-1024x1024.png","type":"image\/png"}],"twitter_card":"summary_large_image","schema":{"@context":"https:\/\/schema.org","@graph":[{"@type":"WebPage","@id":"https:\/\/www.spirit-us.eu\/index.php\/produit\/pendentif-coeur-en-cornaline-chakra-sacre\/","url":"https:\/\/www.spirit-us.eu\/index.php\/produit\/pendentif-coeur-en-cornaline-chakra-sacre\/","name":"PENDENTIF C\u0152UR EN QUARTZ ROSE (chakra sacr\u00e9) - Spirit-US","isPartOf":{"@id":"https:\/\/www.spirit-us.eu\/#website"},"primaryImageOfPage":{"@id":"https:\/\/www.spirit-us.eu\/index.php\/produit\/pendentif-coeur-en-cornaline-chakra-sacre\/#primaryimage"},"image":{"@id":"https:\/\/www.spirit-us.eu\/index.php\/produit\/pendentif-coeur-en-cornaline-chakra-sacre\/#primaryimage"},"thumbnailUrl":"https:\/\/www.spirit-us.eu\/wp-content\/uploads\/2025\/04\/coeur-rose-image-produit.png","datePublished":"2025-04-27T14:48:25+00:00","dateModified":"2025-12-17T13:55:29+00:00","breadcrumb":{"@id":"https:\/\/www.spirit-us.eu\/index.php\/produit\/pendentif-coeur-en-cornaline-chakra-sacre\/#breadcrumb"},"inLanguage":"fr-FR","potentialAction":[{"@type":"ReadAction","target":["https:\/\/www.spirit-us.eu\/index.php\/produit\/pendentif-coeur-en-cornaline-chakra-sacre\/"]}]},{"@type":"ImageObject","inLanguage":"fr-FR","@id":"https:\/\/www.spirit-us.eu\/index.php\/produit\/pendentif-coeur-en-cornaline-chakra-sacre\/#primaryimage","url":"https:\/\/www.spirit-us.eu\/wp-content\/uploads\/2025\/04\/coeur-rose-image-produit.png","contentUrl":"https:\/\/www.spirit-us.eu\/wp-content\/uploads\/2025\/04\/coeur-rose-image-produit.png","width":1080,"height":1080},{"@type":"BreadcrumbList","@id":"https:\/\/www.spirit-us.eu\/index.php\/produit\/pendentif-coeur-en-cornaline-chakra-sacre\/#breadcrumb","itemListElement":[{"@type":"ListItem","position":1,"name":"Accueil","item":"https:\/\/www.spirit-us.eu\/"},{"@type":"ListItem","position":2,"name":"Boutique","item":"https:\/\/www.spirit-us.eu\/index.php\/boutique\/"},{"@type":"ListItem","position":3,"name":"PENDENTIF C\u0152UR EN QUARTZ ROSE (chakra sacr\u00e9)"}]},{"@type":"WebSite","@id":"https:\/\/www.spirit-us.eu\/#website","url":"https:\/\/www.spirit-us.eu\/","name":"Spirit-US","description":"","publisher":{"@id":"https:\/\/www.spirit-us.eu\/#organization"},"potentialAction":[{"@type":"SearchAction","target":{"@type":"EntryPoint","urlTemplate":"https:\/\/www.spirit-us.eu\/?s={search_term_string}"},"query-input":{"@type":"PropertyValueSpecification","valueRequired":true,"valueName":"search_term_string"}}],"inLanguage":"fr-FR"},{"@type":"Organization","@id":"https:\/\/www.spirit-us.eu\/#organization","name":"Spirit-US","url":"https:\/\/www.spirit-us.eu\/","logo":{"@type":"ImageObject","inLanguage":"fr-FR","@id":"https:\/\/www.spirit-us.eu\/#\/schema\/logo\/image\/","url":"https:\/\/www.spirit-us.eu\/wp-content\/uploads\/2025\/11\/logo-regarde-linterlocutrice-sans-arrriere-plan.jpg","contentUrl":"https:\/\/www.spirit-us.eu\/wp-content\/uploads\/2025\/11\/logo-regarde-linterlocutrice-sans-arrriere-plan.jpg","width":1080,"height":1080,"caption":"Spirit-US"},"image":{"@id":"https:\/\/www.spirit-us.eu\/#\/schema\/logo\/image\/"},"sameAs":["https:\/\/www.facebook.com\/spirit.us.deum"]}]}},"jetpack_sharing_enabled":true,"_links":{"self":[{"href":"https:\/\/www.spirit-us.eu\/index.php\/wp-json\/wp\/v2\/product\/1185","targetHints":{"allow":["GET"]}}],"collection":[{"href":"https:\/\/www.spirit-us.eu\/index.php\/wp-json\/wp\/v2\/product"}],"about":[{"href":"https:\/\/www.spirit-us.eu\/index.php\/wp-json\/wp\/v2\/types\/product"}],"replies":[{"embeddable":true,"href":"https:\/\/www.spirit-us.eu\/index.php\/wp-json\/wp\/v2\/comments?post=1185"}],"wp:featuredmedia":[{"embeddable":true,"href":"https:\/\/www.spirit-us.eu\/index.php\/wp-json\/wp\/v2\/media\/1708"}],"wp:attachment":[{"href":"https:\/\/www.spirit-us.eu\/index.php\/wp-json\/wp\/v2\/media?parent=1185"}],"wp:term":[{"taxonomy":"product_brand","embeddable":true,"href":"https:\/\/www.spirit-us.eu\/index.php\/wp-json\/wp\/v2\/product_brand?post=1185"},{"taxonomy":"product_cat","embeddable":true,"href":"https:\/\/www.spirit-us.eu\/index.php\/wp-json\/wp\/v2\/product_cat?post=1185"},{"taxonomy":"product_tag","embeddable":true,"href":"https:\/\/www.spirit-us.eu\/index.php\/wp-json\/wp\/v2\/product_tag?post=1185"},{"taxonomy":"mwb_booking_cost","embeddable":true,"href":"https:\/\/www.spirit-us.eu\/index.php\/wp-json\/wp\/v2\/mwb_booking_cost?post=1185"},{"taxonomy":"mwb_booking_service","embeddable":true,"href":"https:\/\/www.spirit-us.eu\/index.php\/wp-json\/wp\/v2\/mwb_booking_service?post=1185"}],"curies":[{"name":"wp","href":"https:\/\/api.w.org\/{rel}","templated":true}]}}