{"id":1181,"date":"2025-04-27T16:10:05","date_gmt":"2025-04-27T14:10:05","guid":{"rendered":"https:\/\/www.spirit-us.eu\/?post_type=product&#038;p=1181"},"modified":"2025-12-17T14:55:38","modified_gmt":"2025-12-17T13:55:38","slug":"pendentif-coeur-en-jaspe-rouge-chakra-racine","status":"publish","type":"product","link":"https:\/\/www.spirit-us.eu\/index.php\/produit\/pendentif-coeur-en-jaspe-rouge-chakra-racine\/","title":{"rendered":"PENDENTIF C\u0152UR EN JASPE ROUGE (chakra racine)"},"content":{"rendered":"<p><strong>Mat\u00e9riaux<\/strong>\u00a0: pierre en jaspe rouge et m\u00e9tal argent\u00e9<\/p>\n<p><strong>Dimension du pendentif<\/strong> (breloque)\u00a0: largeur 1,9 cm \/ hauteur 2,7 cm<\/p>\n<p><strong>Forme<\/strong>\u00a0: c\u0153ur<\/p>\n<p><strong>Couleur<\/strong>\u00a0: rouge piquet\u00e9 de rouge fonc\u00e9<\/p>\n<p><strong>Dimension de la cha\u00eenette<\/strong>\u00a0: 45 cm<\/p>\n<p><strong>Couleur de la cha\u00eenette<\/strong>\u00a0: argent\u00e9e<\/p>\n<p>Livr\u00e9 dans un coffretde velours.\u00a0 Id\u00e9al comme cadeau lorsqu\u2019une personne a besoin de renforcer son \u00e9nergie vitale.<\/p>\n<p>&nbsp;<\/p>\n","protected":false},"excerpt":{"rendered":"<p>En forme de c\u0153ur ce pedentif est fabriqu\u00e9 en pierre naturelle avec une surface lisse, solide et durable, \u00a0incassable et ind\u00e9colorable. Facile \u00e0 porter en toute circonstance, se marie facilement avec les tenues dont il est l\u2019accessoire indispensable et tr\u00e8s classe.<\/p>\n<p>Le jaspe rouge est une pierre qui poss\u00e8de plusieurs vertus et bienfaits dont voici les principales\u00a0:<\/p>\n<ul>\n<li>Favorise l\u2019enracinement, la force et la s\u00e9curit\u00e9<\/li>\n<li>Dynamise le corps<\/li>\n<li>Favorise la vitalit\u00e9<\/li>\n<li>Pierre de propret\u00e9 et \u00e9quilibre<\/li>\n<li>Renforce le syst\u00e8me immunitaire<\/li>\n<li>Aide \u00e0 d\u00e9toxifier le syst\u00e8me circulatoire<\/li>\n<li>Ancrage \u00e0 la terre<\/li>\n<li>Renforcement du courage<\/li>\n<li>Stimulation de l&rsquo;\u00e9nergie vitale<\/li>\n<li>Accroissement de la confiance en soi<\/li>\n<li>Harmonisation des vibrations<\/li>\n<\/ul>\n","protected":false},"featured_media":1182,"comment_status":"open","ping_status":"closed","template":"","meta":[],"product_brand":[],"product_cat":[156,463,17],"product_tag":[172],"mwb_booking_cost":[],"mwb_booking_service":[],"class_list":{"0":"post-1181","1":"product","2":"type-product","3":"status-publish","4":"has-post-thumbnail","6":"product_cat-04-bijoux","7":"product_cat-pendentif","8":"product_cat-tous-les-produits","9":"product_tag-amour","11":"first","12":"instock","13":"shipping-taxable","14":"purchasable","15":"product-type-simple"},"yoast_head":"<!-- This site is optimized with the Yoast SEO plugin v27.1.1 - https:\/\/yoast.com\/product\/yoast-seo-wordpress\/ -->\n<title>PENDENTIF C\u0152UR EN JASPE ROUGE (chakra racine) - Spirit-US<\/title>\n<meta name=\"robots\" content=\"index, follow, max-snippet:-1, max-image-preview:large, max-video-preview:-1\" \/>\n<link rel=\"canonical\" href=\"https:\/\/www.spirit-us.eu\/index.php\/produit\/pendentif-coeur-en-jaspe-rouge-chakra-racine\/\" \/>\n<meta property=\"og:locale\" content=\"fr_FR\" \/>\n<meta property=\"og:type\" content=\"article\" \/>\n<meta property=\"og:title\" content=\"PENDENTIF C\u0152UR EN JASPE ROUGE (chakra racine) - Spirit-US\" \/>\n<meta property=\"og:description\" content=\"En forme de c\u0153ur ce pedentif est fabriqu\u00e9 en pierre naturelle avec une surface lisse, solide et durable, \u00a0incassable et ind\u00e9colorable. Facile \u00e0 porter en toute circonstance, se marie facilement avec les tenues dont il est l\u2019accessoire indispensable et tr\u00e8s classe.  Le jaspe rouge est une pierre qui poss\u00e8de plusieurs vertus et bienfaits dont voici les principales\u00a0:   Favorise l\u2019enracinement, la force et la s\u00e9curit\u00e9  Dynamise le corps  Favorise la vitalit\u00e9  Pierre de propret\u00e9 et \u00e9quilibre  Renforce le syst\u00e8me immunitaire  Aide \u00e0 d\u00e9toxifier le syst\u00e8me circulatoire  Ancrage \u00e0 la terre  Renforcement du courage  Stimulation de l&#039;\u00e9nergie vitale  Accroissement de la confiance en soi  Harmonisation des vibrations\" \/>\n<meta property=\"og:url\" content=\"https:\/\/www.spirit-us.eu\/index.php\/produit\/pendentif-coeur-en-jaspe-rouge-chakra-racine\/\" \/>\n<meta property=\"og:site_name\" content=\"Spirit-US\" \/>\n<meta property=\"article:publisher\" content=\"https:\/\/www.facebook.com\/spirit.us.deum\" \/>\n<meta property=\"article:modified_time\" content=\"2025-12-17T13:55:38+00:00\" \/>\n<meta property=\"og:image\" content=\"https:\/\/www.spirit-us.eu\/wp-content\/uploads\/2025\/04\/coeur-rouge-image-produit-1024x1024.png\" \/>\n\t<meta property=\"og:image:width\" content=\"1024\" \/>\n\t<meta property=\"og:image:height\" content=\"1024\" \/>\n\t<meta property=\"og:image:type\" content=\"image\/png\" \/>\n<meta name=\"twitter:card\" content=\"summary_large_image\" \/>\n<script type=\"application\/ld+json\" class=\"yoast-schema-graph\">{\"@context\":\"https:\/\/schema.org\",\"@graph\":[{\"@type\":\"WebPage\",\"@id\":\"https:\/\/www.spirit-us.eu\/index.php\/produit\/pendentif-coeur-en-jaspe-rouge-chakra-racine\/\",\"url\":\"https:\/\/www.spirit-us.eu\/index.php\/produit\/pendentif-coeur-en-jaspe-rouge-chakra-racine\/\",\"name\":\"PENDENTIF C\u0152UR EN JASPE ROUGE (chakra racine) - Spirit-US\",\"isPartOf\":{\"@id\":\"https:\/\/www.spirit-us.eu\/#website\"},\"primaryImageOfPage\":{\"@id\":\"https:\/\/www.spirit-us.eu\/index.php\/produit\/pendentif-coeur-en-jaspe-rouge-chakra-racine\/#primaryimage\"},\"image\":{\"@id\":\"https:\/\/www.spirit-us.eu\/index.php\/produit\/pendentif-coeur-en-jaspe-rouge-chakra-racine\/#primaryimage\"},\"thumbnailUrl\":\"https:\/\/www.spirit-us.eu\/wp-content\/uploads\/2025\/04\/coeur-rouge-image-produit-scaled.png\",\"datePublished\":\"2025-04-27T14:10:05+00:00\",\"dateModified\":\"2025-12-17T13:55:38+00:00\",\"breadcrumb\":{\"@id\":\"https:\/\/www.spirit-us.eu\/index.php\/produit\/pendentif-coeur-en-jaspe-rouge-chakra-racine\/#breadcrumb\"},\"inLanguage\":\"fr-FR\",\"potentialAction\":[{\"@type\":\"ReadAction\",\"target\":[\"https:\/\/www.spirit-us.eu\/index.php\/produit\/pendentif-coeur-en-jaspe-rouge-chakra-racine\/\"]}]},{\"@type\":\"ImageObject\",\"inLanguage\":\"fr-FR\",\"@id\":\"https:\/\/www.spirit-us.eu\/index.php\/produit\/pendentif-coeur-en-jaspe-rouge-chakra-racine\/#primaryimage\",\"url\":\"https:\/\/www.spirit-us.eu\/wp-content\/uploads\/2025\/04\/coeur-rouge-image-produit-scaled.png\",\"contentUrl\":\"https:\/\/www.spirit-us.eu\/wp-content\/uploads\/2025\/04\/coeur-rouge-image-produit-scaled.png\",\"width\":2560,\"height\":2560},{\"@type\":\"BreadcrumbList\",\"@id\":\"https:\/\/www.spirit-us.eu\/index.php\/produit\/pendentif-coeur-en-jaspe-rouge-chakra-racine\/#breadcrumb\",\"itemListElement\":[{\"@type\":\"ListItem\",\"position\":1,\"name\":\"Accueil\",\"item\":\"https:\/\/www.spirit-us.eu\/\"},{\"@type\":\"ListItem\",\"position\":2,\"name\":\"Boutique\",\"item\":\"https:\/\/www.spirit-us.eu\/index.php\/boutique\/\"},{\"@type\":\"ListItem\",\"position\":3,\"name\":\"PENDENTIF C\u0152UR EN JASPE ROUGE (chakra racine)\"}]},{\"@type\":\"WebSite\",\"@id\":\"https:\/\/www.spirit-us.eu\/#website\",\"url\":\"https:\/\/www.spirit-us.eu\/\",\"name\":\"Spirit-US\",\"description\":\"\",\"publisher\":{\"@id\":\"https:\/\/www.spirit-us.eu\/#organization\"},\"potentialAction\":[{\"@type\":\"SearchAction\",\"target\":{\"@type\":\"EntryPoint\",\"urlTemplate\":\"https:\/\/www.spirit-us.eu\/?s={search_term_string}\"},\"query-input\":{\"@type\":\"PropertyValueSpecification\",\"valueRequired\":true,\"valueName\":\"search_term_string\"}}],\"inLanguage\":\"fr-FR\"},{\"@type\":\"Organization\",\"@id\":\"https:\/\/www.spirit-us.eu\/#organization\",\"name\":\"Spirit-US\",\"url\":\"https:\/\/www.spirit-us.eu\/\",\"logo\":{\"@type\":\"ImageObject\",\"inLanguage\":\"fr-FR\",\"@id\":\"https:\/\/www.spirit-us.eu\/#\/schema\/logo\/image\/\",\"url\":\"https:\/\/www.spirit-us.eu\/wp-content\/uploads\/2025\/11\/logo-regarde-linterlocutrice-sans-arrriere-plan.jpg\",\"contentUrl\":\"https:\/\/www.spirit-us.eu\/wp-content\/uploads\/2025\/11\/logo-regarde-linterlocutrice-sans-arrriere-plan.jpg\",\"width\":1080,\"height\":1080,\"caption\":\"Spirit-US\"},\"image\":{\"@id\":\"https:\/\/www.spirit-us.eu\/#\/schema\/logo\/image\/\"},\"sameAs\":[\"https:\/\/www.facebook.com\/spirit.us.deum\"]}]}<\/script>\n<!-- \/ Yoast SEO plugin. -->","yoast_head_json":{"title":"PENDENTIF C\u0152UR EN JASPE ROUGE (chakra racine) - Spirit-US","robots":{"index":"index","follow":"follow","max-snippet":"max-snippet:-1","max-image-preview":"max-image-preview:large","max-video-preview":"max-video-preview:-1"},"canonical":"https:\/\/www.spirit-us.eu\/index.php\/produit\/pendentif-coeur-en-jaspe-rouge-chakra-racine\/","og_locale":"fr_FR","og_type":"article","og_title":"PENDENTIF C\u0152UR EN JASPE ROUGE (chakra racine) - Spirit-US","og_description":"En forme de c\u0153ur ce pedentif est fabriqu\u00e9 en pierre naturelle avec une surface lisse, solide et durable, \u00a0incassable et ind\u00e9colorable. Facile \u00e0 porter en toute circonstance, se marie facilement avec les tenues dont il est l\u2019accessoire indispensable et tr\u00e8s classe.  Le jaspe rouge est une pierre qui poss\u00e8de plusieurs vertus et bienfaits dont voici les principales\u00a0:   Favorise l\u2019enracinement, la force et la s\u00e9curit\u00e9  Dynamise le corps  Favorise la vitalit\u00e9  Pierre de propret\u00e9 et \u00e9quilibre  Renforce le syst\u00e8me immunitaire  Aide \u00e0 d\u00e9toxifier le syst\u00e8me circulatoire  Ancrage \u00e0 la terre  Renforcement du courage  Stimulation de l'\u00e9nergie vitale  Accroissement de la confiance en soi  Harmonisation des vibrations","og_url":"https:\/\/www.spirit-us.eu\/index.php\/produit\/pendentif-coeur-en-jaspe-rouge-chakra-racine\/","og_site_name":"Spirit-US","article_publisher":"https:\/\/www.facebook.com\/spirit.us.deum","article_modified_time":"2025-12-17T13:55:38+00:00","og_image":[{"width":1024,"height":1024,"url":"https:\/\/www.spirit-us.eu\/wp-content\/uploads\/2025\/04\/coeur-rouge-image-produit-1024x1024.png","type":"image\/png"}],"twitter_card":"summary_large_image","schema":{"@context":"https:\/\/schema.org","@graph":[{"@type":"WebPage","@id":"https:\/\/www.spirit-us.eu\/index.php\/produit\/pendentif-coeur-en-jaspe-rouge-chakra-racine\/","url":"https:\/\/www.spirit-us.eu\/index.php\/produit\/pendentif-coeur-en-jaspe-rouge-chakra-racine\/","name":"PENDENTIF C\u0152UR EN JASPE ROUGE (chakra racine) - Spirit-US","isPartOf":{"@id":"https:\/\/www.spirit-us.eu\/#website"},"primaryImageOfPage":{"@id":"https:\/\/www.spirit-us.eu\/index.php\/produit\/pendentif-coeur-en-jaspe-rouge-chakra-racine\/#primaryimage"},"image":{"@id":"https:\/\/www.spirit-us.eu\/index.php\/produit\/pendentif-coeur-en-jaspe-rouge-chakra-racine\/#primaryimage"},"thumbnailUrl":"https:\/\/www.spirit-us.eu\/wp-content\/uploads\/2025\/04\/coeur-rouge-image-produit-scaled.png","datePublished":"2025-04-27T14:10:05+00:00","dateModified":"2025-12-17T13:55:38+00:00","breadcrumb":{"@id":"https:\/\/www.spirit-us.eu\/index.php\/produit\/pendentif-coeur-en-jaspe-rouge-chakra-racine\/#breadcrumb"},"inLanguage":"fr-FR","potentialAction":[{"@type":"ReadAction","target":["https:\/\/www.spirit-us.eu\/index.php\/produit\/pendentif-coeur-en-jaspe-rouge-chakra-racine\/"]}]},{"@type":"ImageObject","inLanguage":"fr-FR","@id":"https:\/\/www.spirit-us.eu\/index.php\/produit\/pendentif-coeur-en-jaspe-rouge-chakra-racine\/#primaryimage","url":"https:\/\/www.spirit-us.eu\/wp-content\/uploads\/2025\/04\/coeur-rouge-image-produit-scaled.png","contentUrl":"https:\/\/www.spirit-us.eu\/wp-content\/uploads\/2025\/04\/coeur-rouge-image-produit-scaled.png","width":2560,"height":2560},{"@type":"BreadcrumbList","@id":"https:\/\/www.spirit-us.eu\/index.php\/produit\/pendentif-coeur-en-jaspe-rouge-chakra-racine\/#breadcrumb","itemListElement":[{"@type":"ListItem","position":1,"name":"Accueil","item":"https:\/\/www.spirit-us.eu\/"},{"@type":"ListItem","position":2,"name":"Boutique","item":"https:\/\/www.spirit-us.eu\/index.php\/boutique\/"},{"@type":"ListItem","position":3,"name":"PENDENTIF C\u0152UR EN JASPE ROUGE (chakra racine)"}]},{"@type":"WebSite","@id":"https:\/\/www.spirit-us.eu\/#website","url":"https:\/\/www.spirit-us.eu\/","name":"Spirit-US","description":"","publisher":{"@id":"https:\/\/www.spirit-us.eu\/#organization"},"potentialAction":[{"@type":"SearchAction","target":{"@type":"EntryPoint","urlTemplate":"https:\/\/www.spirit-us.eu\/?s={search_term_string}"},"query-input":{"@type":"PropertyValueSpecification","valueRequired":true,"valueName":"search_term_string"}}],"inLanguage":"fr-FR"},{"@type":"Organization","@id":"https:\/\/www.spirit-us.eu\/#organization","name":"Spirit-US","url":"https:\/\/www.spirit-us.eu\/","logo":{"@type":"ImageObject","inLanguage":"fr-FR","@id":"https:\/\/www.spirit-us.eu\/#\/schema\/logo\/image\/","url":"https:\/\/www.spirit-us.eu\/wp-content\/uploads\/2025\/11\/logo-regarde-linterlocutrice-sans-arrriere-plan.jpg","contentUrl":"https:\/\/www.spirit-us.eu\/wp-content\/uploads\/2025\/11\/logo-regarde-linterlocutrice-sans-arrriere-plan.jpg","width":1080,"height":1080,"caption":"Spirit-US"},"image":{"@id":"https:\/\/www.spirit-us.eu\/#\/schema\/logo\/image\/"},"sameAs":["https:\/\/www.facebook.com\/spirit.us.deum"]}]}},"jetpack_sharing_enabled":true,"_links":{"self":[{"href":"https:\/\/www.spirit-us.eu\/index.php\/wp-json\/wp\/v2\/product\/1181","targetHints":{"allow":["GET"]}}],"collection":[{"href":"https:\/\/www.spirit-us.eu\/index.php\/wp-json\/wp\/v2\/product"}],"about":[{"href":"https:\/\/www.spirit-us.eu\/index.php\/wp-json\/wp\/v2\/types\/product"}],"replies":[{"embeddable":true,"href":"https:\/\/www.spirit-us.eu\/index.php\/wp-json\/wp\/v2\/comments?post=1181"}],"wp:featuredmedia":[{"embeddable":true,"href":"https:\/\/www.spirit-us.eu\/index.php\/wp-json\/wp\/v2\/media\/1182"}],"wp:attachment":[{"href":"https:\/\/www.spirit-us.eu\/index.php\/wp-json\/wp\/v2\/media?parent=1181"}],"wp:term":[{"taxonomy":"product_brand","embeddable":true,"href":"https:\/\/www.spirit-us.eu\/index.php\/wp-json\/wp\/v2\/product_brand?post=1181"},{"taxonomy":"product_cat","embeddable":true,"href":"https:\/\/www.spirit-us.eu\/index.php\/wp-json\/wp\/v2\/product_cat?post=1181"},{"taxonomy":"product_tag","embeddable":true,"href":"https:\/\/www.spirit-us.eu\/index.php\/wp-json\/wp\/v2\/product_tag?post=1181"},{"taxonomy":"mwb_booking_cost","embeddable":true,"href":"https:\/\/www.spirit-us.eu\/index.php\/wp-json\/wp\/v2\/mwb_booking_cost?post=1181"},{"taxonomy":"mwb_booking_service","embeddable":true,"href":"https:\/\/www.spirit-us.eu\/index.php\/wp-json\/wp\/v2\/mwb_booking_service?post=1181"}],"curies":[{"name":"wp","href":"https:\/\/api.w.org\/{rel}","templated":true}]}}