{"id":1177,"date":"2025-04-27T15:55:44","date_gmt":"2025-04-27T13:55:44","guid":{"rendered":"https:\/\/www.spirit-us.eu\/?post_type=product&#038;p=1177"},"modified":"2025-12-17T14:55:47","modified_gmt":"2025-12-17T13:55:47","slug":"pendentif-coeur-en-oeil-de-tigre-chakra-terre","status":"publish","type":"product","link":"https:\/\/www.spirit-us.eu\/index.php\/produit\/pendentif-coeur-en-oeil-de-tigre-chakra-terre\/","title":{"rendered":"PENDENTIF C\u0152UR EN \u0152IL DE TIGRE (chakra terre)"},"content":{"rendered":"<p><strong>Mat\u00e9riaux<\/strong>\u00a0: pierre dite \u0153il de tigre et m\u00e9tal argent\u00e9<\/p>\n<p><strong>Dimension du pendentif<\/strong> (breloque)\u00a0: largeur 2 cm \/ hauteur 2 cm<\/p>\n<p><strong>Forme<\/strong>\u00a0: c\u0153ur<\/p>\n<p><strong>Couleur<\/strong>\u00a0: marron vein\u00e9 marron clair\/marron fonc\u00e9<\/p>\n<p><strong>Dimension de la cha\u00eenette<\/strong>\u00a0: 45 cm<\/p>\n<p><strong>Couleur de la cha\u00eenette<\/strong>\u00a0: argent\u00e9e<\/p>\n<p>Livr\u00e9 dans un coffret de velours beige tr\u00e8s clair.\u00a0 Id\u00e9al comme cadeau lorsqu\u2019une personne a des difficult\u00e9s \u00e0 se poser ou \u00e0 s\u2019enraciner.<\/p>\n","protected":false},"excerpt":{"rendered":"<p>L&rsquo;\u0153il de tigre est connu pour sa capacit\u00e9 \u00e0 prot\u00e9ger contre les \u00e9nergies n\u00e9gatives et \u00e0 renforcer la confiance en soi. Design \u00e9l\u00e9gant en forme de c\u0153ur, ce pendentif ajoute une touche de charme et de sophistication \u00e0 toutes les tenues. C\u2019est un cadeau Id\u00e9al : Parfait pour offrir lors d&rsquo;occasions sp\u00e9ciales telles que les anniversaires, les f\u00eates ou simplement pour faire plaisir. A offrir \u00e0 des amis ayant des difficult\u00e9s \u00e0 se poser, s\u2019enraciner. Ce pendentif est con\u00e7u pour durer tout en conservant sa beaut\u00e9 naturelle.<\/p>\n","protected":false},"featured_media":1178,"comment_status":"open","ping_status":"closed","template":"","meta":[],"product_brand":[],"product_cat":[156,463,17],"product_tag":[172],"mwb_booking_cost":[],"mwb_booking_service":[],"class_list":{"0":"post-1177","1":"product","2":"type-product","3":"status-publish","4":"has-post-thumbnail","6":"product_cat-04-bijoux","7":"product_cat-pendentif","8":"product_cat-tous-les-produits","9":"product_tag-amour","11":"first","12":"instock","13":"shipping-taxable","14":"purchasable","15":"product-type-simple"},"yoast_head":"<!-- This site is optimized with the Yoast SEO plugin v27.1.1 - https:\/\/yoast.com\/product\/yoast-seo-wordpress\/ -->\n<title>PENDENTIF C\u0152UR EN \u0152IL DE TIGRE (chakra terre) - Spirit-US<\/title>\n<meta name=\"robots\" content=\"index, follow, max-snippet:-1, max-image-preview:large, max-video-preview:-1\" \/>\n<link rel=\"canonical\" href=\"https:\/\/www.spirit-us.eu\/index.php\/produit\/pendentif-coeur-en-oeil-de-tigre-chakra-terre\/\" \/>\n<meta property=\"og:locale\" content=\"fr_FR\" \/>\n<meta property=\"og:type\" content=\"article\" \/>\n<meta property=\"og:title\" content=\"PENDENTIF C\u0152UR EN \u0152IL DE TIGRE (chakra terre) - Spirit-US\" \/>\n<meta property=\"og:description\" content=\"L&#039;\u0153il de tigre est connu pour sa capacit\u00e9 \u00e0 prot\u00e9ger contre les \u00e9nergies n\u00e9gatives et \u00e0 renforcer la confiance en soi. Design \u00e9l\u00e9gant en forme de c\u0153ur, ce pendentif ajoute une touche de charme et de sophistication \u00e0 toutes les tenues. C\u2019est un cadeau Id\u00e9al : Parfait pour offrir lors d&#039;occasions sp\u00e9ciales telles que les anniversaires, les f\u00eates ou simplement pour faire plaisir. A offrir \u00e0 des amis ayant des difficult\u00e9s \u00e0 se poser, s\u2019enraciner. Ce pendentif est con\u00e7u pour durer tout en conservant sa beaut\u00e9 naturelle.\" \/>\n<meta property=\"og:url\" content=\"https:\/\/www.spirit-us.eu\/index.php\/produit\/pendentif-coeur-en-oeil-de-tigre-chakra-terre\/\" \/>\n<meta property=\"og:site_name\" content=\"Spirit-US\" \/>\n<meta property=\"article:publisher\" content=\"https:\/\/www.facebook.com\/spirit.us.deum\" \/>\n<meta property=\"article:modified_time\" content=\"2025-12-17T13:55:47+00:00\" \/>\n<meta property=\"og:image\" content=\"https:\/\/www.spirit-us.eu\/wp-content\/uploads\/2025\/04\/coeur-oeil-image-produit-1024x1024.png\" \/>\n\t<meta property=\"og:image:width\" content=\"1024\" \/>\n\t<meta property=\"og:image:height\" content=\"1024\" \/>\n\t<meta property=\"og:image:type\" content=\"image\/png\" \/>\n<meta name=\"twitter:card\" content=\"summary_large_image\" \/>\n<script type=\"application\/ld+json\" class=\"yoast-schema-graph\">{\"@context\":\"https:\/\/schema.org\",\"@graph\":[{\"@type\":\"WebPage\",\"@id\":\"https:\/\/www.spirit-us.eu\/index.php\/produit\/pendentif-coeur-en-oeil-de-tigre-chakra-terre\/\",\"url\":\"https:\/\/www.spirit-us.eu\/index.php\/produit\/pendentif-coeur-en-oeil-de-tigre-chakra-terre\/\",\"name\":\"PENDENTIF C\u0152UR EN \u0152IL DE TIGRE (chakra terre) - Spirit-US\",\"isPartOf\":{\"@id\":\"https:\/\/www.spirit-us.eu\/#website\"},\"primaryImageOfPage\":{\"@id\":\"https:\/\/www.spirit-us.eu\/index.php\/produit\/pendentif-coeur-en-oeil-de-tigre-chakra-terre\/#primaryimage\"},\"image\":{\"@id\":\"https:\/\/www.spirit-us.eu\/index.php\/produit\/pendentif-coeur-en-oeil-de-tigre-chakra-terre\/#primaryimage\"},\"thumbnailUrl\":\"https:\/\/www.spirit-us.eu\/wp-content\/uploads\/2025\/04\/coeur-oeil-image-produit-scaled.png\",\"datePublished\":\"2025-04-27T13:55:44+00:00\",\"dateModified\":\"2025-12-17T13:55:47+00:00\",\"breadcrumb\":{\"@id\":\"https:\/\/www.spirit-us.eu\/index.php\/produit\/pendentif-coeur-en-oeil-de-tigre-chakra-terre\/#breadcrumb\"},\"inLanguage\":\"fr-FR\",\"potentialAction\":[{\"@type\":\"ReadAction\",\"target\":[\"https:\/\/www.spirit-us.eu\/index.php\/produit\/pendentif-coeur-en-oeil-de-tigre-chakra-terre\/\"]}]},{\"@type\":\"ImageObject\",\"inLanguage\":\"fr-FR\",\"@id\":\"https:\/\/www.spirit-us.eu\/index.php\/produit\/pendentif-coeur-en-oeil-de-tigre-chakra-terre\/#primaryimage\",\"url\":\"https:\/\/www.spirit-us.eu\/wp-content\/uploads\/2025\/04\/coeur-oeil-image-produit-scaled.png\",\"contentUrl\":\"https:\/\/www.spirit-us.eu\/wp-content\/uploads\/2025\/04\/coeur-oeil-image-produit-scaled.png\",\"width\":2560,\"height\":2560},{\"@type\":\"BreadcrumbList\",\"@id\":\"https:\/\/www.spirit-us.eu\/index.php\/produit\/pendentif-coeur-en-oeil-de-tigre-chakra-terre\/#breadcrumb\",\"itemListElement\":[{\"@type\":\"ListItem\",\"position\":1,\"name\":\"Accueil\",\"item\":\"https:\/\/www.spirit-us.eu\/\"},{\"@type\":\"ListItem\",\"position\":2,\"name\":\"Boutique\",\"item\":\"https:\/\/www.spirit-us.eu\/index.php\/boutique\/\"},{\"@type\":\"ListItem\",\"position\":3,\"name\":\"PENDENTIF C\u0152UR EN \u0152IL DE TIGRE (chakra terre)\"}]},{\"@type\":\"WebSite\",\"@id\":\"https:\/\/www.spirit-us.eu\/#website\",\"url\":\"https:\/\/www.spirit-us.eu\/\",\"name\":\"Spirit-US\",\"description\":\"\",\"publisher\":{\"@id\":\"https:\/\/www.spirit-us.eu\/#organization\"},\"potentialAction\":[{\"@type\":\"SearchAction\",\"target\":{\"@type\":\"EntryPoint\",\"urlTemplate\":\"https:\/\/www.spirit-us.eu\/?s={search_term_string}\"},\"query-input\":{\"@type\":\"PropertyValueSpecification\",\"valueRequired\":true,\"valueName\":\"search_term_string\"}}],\"inLanguage\":\"fr-FR\"},{\"@type\":\"Organization\",\"@id\":\"https:\/\/www.spirit-us.eu\/#organization\",\"name\":\"Spirit-US\",\"url\":\"https:\/\/www.spirit-us.eu\/\",\"logo\":{\"@type\":\"ImageObject\",\"inLanguage\":\"fr-FR\",\"@id\":\"https:\/\/www.spirit-us.eu\/#\/schema\/logo\/image\/\",\"url\":\"https:\/\/www.spirit-us.eu\/wp-content\/uploads\/2025\/11\/logo-regarde-linterlocutrice-sans-arrriere-plan.jpg\",\"contentUrl\":\"https:\/\/www.spirit-us.eu\/wp-content\/uploads\/2025\/11\/logo-regarde-linterlocutrice-sans-arrriere-plan.jpg\",\"width\":1080,\"height\":1080,\"caption\":\"Spirit-US\"},\"image\":{\"@id\":\"https:\/\/www.spirit-us.eu\/#\/schema\/logo\/image\/\"},\"sameAs\":[\"https:\/\/www.facebook.com\/spirit.us.deum\"]}]}<\/script>\n<!-- \/ Yoast SEO plugin. -->","yoast_head_json":{"title":"PENDENTIF C\u0152UR EN \u0152IL DE TIGRE (chakra terre) - Spirit-US","robots":{"index":"index","follow":"follow","max-snippet":"max-snippet:-1","max-image-preview":"max-image-preview:large","max-video-preview":"max-video-preview:-1"},"canonical":"https:\/\/www.spirit-us.eu\/index.php\/produit\/pendentif-coeur-en-oeil-de-tigre-chakra-terre\/","og_locale":"fr_FR","og_type":"article","og_title":"PENDENTIF C\u0152UR EN \u0152IL DE TIGRE (chakra terre) - Spirit-US","og_description":"L'\u0153il de tigre est connu pour sa capacit\u00e9 \u00e0 prot\u00e9ger contre les \u00e9nergies n\u00e9gatives et \u00e0 renforcer la confiance en soi. Design \u00e9l\u00e9gant en forme de c\u0153ur, ce pendentif ajoute une touche de charme et de sophistication \u00e0 toutes les tenues. C\u2019est un cadeau Id\u00e9al : Parfait pour offrir lors d'occasions sp\u00e9ciales telles que les anniversaires, les f\u00eates ou simplement pour faire plaisir. A offrir \u00e0 des amis ayant des difficult\u00e9s \u00e0 se poser, s\u2019enraciner. Ce pendentif est con\u00e7u pour durer tout en conservant sa beaut\u00e9 naturelle.","og_url":"https:\/\/www.spirit-us.eu\/index.php\/produit\/pendentif-coeur-en-oeil-de-tigre-chakra-terre\/","og_site_name":"Spirit-US","article_publisher":"https:\/\/www.facebook.com\/spirit.us.deum","article_modified_time":"2025-12-17T13:55:47+00:00","og_image":[{"width":1024,"height":1024,"url":"https:\/\/www.spirit-us.eu\/wp-content\/uploads\/2025\/04\/coeur-oeil-image-produit-1024x1024.png","type":"image\/png"}],"twitter_card":"summary_large_image","schema":{"@context":"https:\/\/schema.org","@graph":[{"@type":"WebPage","@id":"https:\/\/www.spirit-us.eu\/index.php\/produit\/pendentif-coeur-en-oeil-de-tigre-chakra-terre\/","url":"https:\/\/www.spirit-us.eu\/index.php\/produit\/pendentif-coeur-en-oeil-de-tigre-chakra-terre\/","name":"PENDENTIF C\u0152UR EN \u0152IL DE TIGRE (chakra terre) - Spirit-US","isPartOf":{"@id":"https:\/\/www.spirit-us.eu\/#website"},"primaryImageOfPage":{"@id":"https:\/\/www.spirit-us.eu\/index.php\/produit\/pendentif-coeur-en-oeil-de-tigre-chakra-terre\/#primaryimage"},"image":{"@id":"https:\/\/www.spirit-us.eu\/index.php\/produit\/pendentif-coeur-en-oeil-de-tigre-chakra-terre\/#primaryimage"},"thumbnailUrl":"https:\/\/www.spirit-us.eu\/wp-content\/uploads\/2025\/04\/coeur-oeil-image-produit-scaled.png","datePublished":"2025-04-27T13:55:44+00:00","dateModified":"2025-12-17T13:55:47+00:00","breadcrumb":{"@id":"https:\/\/www.spirit-us.eu\/index.php\/produit\/pendentif-coeur-en-oeil-de-tigre-chakra-terre\/#breadcrumb"},"inLanguage":"fr-FR","potentialAction":[{"@type":"ReadAction","target":["https:\/\/www.spirit-us.eu\/index.php\/produit\/pendentif-coeur-en-oeil-de-tigre-chakra-terre\/"]}]},{"@type":"ImageObject","inLanguage":"fr-FR","@id":"https:\/\/www.spirit-us.eu\/index.php\/produit\/pendentif-coeur-en-oeil-de-tigre-chakra-terre\/#primaryimage","url":"https:\/\/www.spirit-us.eu\/wp-content\/uploads\/2025\/04\/coeur-oeil-image-produit-scaled.png","contentUrl":"https:\/\/www.spirit-us.eu\/wp-content\/uploads\/2025\/04\/coeur-oeil-image-produit-scaled.png","width":2560,"height":2560},{"@type":"BreadcrumbList","@id":"https:\/\/www.spirit-us.eu\/index.php\/produit\/pendentif-coeur-en-oeil-de-tigre-chakra-terre\/#breadcrumb","itemListElement":[{"@type":"ListItem","position":1,"name":"Accueil","item":"https:\/\/www.spirit-us.eu\/"},{"@type":"ListItem","position":2,"name":"Boutique","item":"https:\/\/www.spirit-us.eu\/index.php\/boutique\/"},{"@type":"ListItem","position":3,"name":"PENDENTIF C\u0152UR EN \u0152IL DE TIGRE (chakra terre)"}]},{"@type":"WebSite","@id":"https:\/\/www.spirit-us.eu\/#website","url":"https:\/\/www.spirit-us.eu\/","name":"Spirit-US","description":"","publisher":{"@id":"https:\/\/www.spirit-us.eu\/#organization"},"potentialAction":[{"@type":"SearchAction","target":{"@type":"EntryPoint","urlTemplate":"https:\/\/www.spirit-us.eu\/?s={search_term_string}"},"query-input":{"@type":"PropertyValueSpecification","valueRequired":true,"valueName":"search_term_string"}}],"inLanguage":"fr-FR"},{"@type":"Organization","@id":"https:\/\/www.spirit-us.eu\/#organization","name":"Spirit-US","url":"https:\/\/www.spirit-us.eu\/","logo":{"@type":"ImageObject","inLanguage":"fr-FR","@id":"https:\/\/www.spirit-us.eu\/#\/schema\/logo\/image\/","url":"https:\/\/www.spirit-us.eu\/wp-content\/uploads\/2025\/11\/logo-regarde-linterlocutrice-sans-arrriere-plan.jpg","contentUrl":"https:\/\/www.spirit-us.eu\/wp-content\/uploads\/2025\/11\/logo-regarde-linterlocutrice-sans-arrriere-plan.jpg","width":1080,"height":1080,"caption":"Spirit-US"},"image":{"@id":"https:\/\/www.spirit-us.eu\/#\/schema\/logo\/image\/"},"sameAs":["https:\/\/www.facebook.com\/spirit.us.deum"]}]}},"jetpack_sharing_enabled":true,"_links":{"self":[{"href":"https:\/\/www.spirit-us.eu\/index.php\/wp-json\/wp\/v2\/product\/1177","targetHints":{"allow":["GET"]}}],"collection":[{"href":"https:\/\/www.spirit-us.eu\/index.php\/wp-json\/wp\/v2\/product"}],"about":[{"href":"https:\/\/www.spirit-us.eu\/index.php\/wp-json\/wp\/v2\/types\/product"}],"replies":[{"embeddable":true,"href":"https:\/\/www.spirit-us.eu\/index.php\/wp-json\/wp\/v2\/comments?post=1177"}],"wp:featuredmedia":[{"embeddable":true,"href":"https:\/\/www.spirit-us.eu\/index.php\/wp-json\/wp\/v2\/media\/1178"}],"wp:attachment":[{"href":"https:\/\/www.spirit-us.eu\/index.php\/wp-json\/wp\/v2\/media?parent=1177"}],"wp:term":[{"taxonomy":"product_brand","embeddable":true,"href":"https:\/\/www.spirit-us.eu\/index.php\/wp-json\/wp\/v2\/product_brand?post=1177"},{"taxonomy":"product_cat","embeddable":true,"href":"https:\/\/www.spirit-us.eu\/index.php\/wp-json\/wp\/v2\/product_cat?post=1177"},{"taxonomy":"product_tag","embeddable":true,"href":"https:\/\/www.spirit-us.eu\/index.php\/wp-json\/wp\/v2\/product_tag?post=1177"},{"taxonomy":"mwb_booking_cost","embeddable":true,"href":"https:\/\/www.spirit-us.eu\/index.php\/wp-json\/wp\/v2\/mwb_booking_cost?post=1177"},{"taxonomy":"mwb_booking_service","embeddable":true,"href":"https:\/\/www.spirit-us.eu\/index.php\/wp-json\/wp\/v2\/mwb_booking_service?post=1177"}],"curies":[{"name":"wp","href":"https:\/\/api.w.org\/{rel}","templated":true}]}}