{"id":1168,"date":"2025-04-27T14:47:10","date_gmt":"2025-04-27T12:47:10","guid":{"rendered":"https:\/\/www.spirit-us.eu\/?post_type=product&#038;p=1168"},"modified":"2025-12-21T13:06:12","modified_gmt":"2025-12-21T12:06:12","slug":"traite-des-influences-cosmo-magnetiques","status":"publish","type":"product","link":"https:\/\/www.spirit-us.eu\/index.php\/produit\/traite-des-influences-cosmo-magnetiques\/","title":{"rendered":"TRAITE DES INFLUENCES COSMO-MAGNETIQUES"},"content":{"rendered":"<p><u>Traite des influences cosmo-magn\u00e9tiques<\/u>, Frandeau de Marly, Labussiere, 2006<\/p>\n<p><strong>Nombre de pages<\/strong>\u00a0:\u00a0 303<\/p>\n<p><strong>Langue<\/strong>\u00a0: Fran\u00e7ais<\/p>\n<p><strong>\u00c9diteur<\/strong>\u00a0: Editions Labussi\u00e8re<\/p>\n<p><strong>Date de publication<\/strong>\u00a0: 1 juillet 2006<\/p>\n<p><strong>Dimensions<\/strong>\u00a0: 16.5 x 2 x 24 cm<\/p>\n<p>Actuellement en cours de r\u00e9impression<\/p>\n","protected":false},"excerpt":{"rendered":"<p>Actuellement en cours de r\u00e9impression ! 1 livre en stock !<\/p>\n<p>Le livre est l&rsquo;aboutissement de plusieurs ann\u00e9es de recherches dans le domaine passionnant des \u00e9nergies subtiles. II est le fruit d&rsquo;un travail rigoureusement scientifique, effectu\u00e9 par un grand chercheur fran\u00e7ais le Dr. Francis Frandeau de Marly. Cet universitaire de talent (ing\u00e9nieur en \u00e9lectro-m\u00e9canique, pharmacien de l&rsquo;universit\u00e9 de Bordeaux, docteur \u00ab\u00a0honoris causa\u00a0\u00bb de plusieurs universit\u00e9s \u00e9trang\u00e8res) a mis au point un pendentif que l&rsquo;on utilise comme pendule radiesth\u00e9sique, mais aussi et surtout comme instrument radionique \u00e9metteur d&rsquo;une \u00e9nergie bienfaisante.<br \/>\nLe Dr. Francis Frandeau de Marly a appel\u00e9 son invention \u00ab\u00a0Pendentif Cosmo-Magn\u00e9tique\u00a0\u00bb(r) L&rsquo;appareil se suffit \u00e0 lui-m\u00eame : il est complet, parfait, fiable et \u00e9quilibr\u00e9. Ses applications dans le domaine des \u00e9nergies micro-vibratoires \u00e0 bienfait vital, sont immenses. En faisant tourner volontairement et rapidement le \u00ab\u00a0Pendentif Cosmo-Magn\u00e9tique\u00a0\u00bb(r) dans le sens des aiguilles d&rsquo;une montre, il se transforme en une v\u00e9ritable dynamo d&rsquo;\u00e9nergie fluidique. II se substitue alors au magn\u00e9tisme humain et de ce fait, merveille des merveilles, il n&rsquo;est alors nul besoin que vous ayez le DON pour que cela fonctionne. Toute les extraordinaires exp\u00e9riences qui en d\u00e9coulent sont d\u00e9crites avec pr\u00e9cision dans ce fabuleux ouvrage.<\/p>\n<ul>\n<li>Capter des \u00e9nergies micro-vibratoires \u00e0 bienfaits biologiques.<\/li>\n<li>Transmettre ces \u00e9nergies sur photo.<\/li>\n<li>Neutraliser et \u00e9liminer les \u00e9nergies nocives de toutes provenances,<\/li>\n<li><\/li>\n<\/ul>\n<p>Francis Frandeau de Marly s&rsquo;inscrit ainsi dans la lign\u00e9e de tous ces grands chercheurs ayant nom Louis Turenne, Bovis, Chaumery ou encore De B\u00e9lizal.<\/p>\n","protected":false},"featured_media":1169,"comment_status":"open","ping_status":"closed","template":"","meta":[],"product_brand":[],"product_cat":[499,159,160,17],"product_tag":[],"mwb_booking_cost":[],"mwb_booking_service":[],"class_list":{"0":"post-1168","1":"product","2":"type-product","3":"status-publish","4":"has-post-thumbnail","6":"product_cat-03-energetique","7":"product_cat-08-livres","8":"product_cat-08-pendules-accueil","9":"product_cat-tous-les-produits","11":"first","12":"instock","13":"shipping-taxable","14":"purchasable","15":"product-type-simple"},"yoast_head":"<!-- This site is optimized with the Yoast SEO plugin v27.1.1 - https:\/\/yoast.com\/product\/yoast-seo-wordpress\/ -->\n<title>TRAITE DES INFLUENCES COSMO-MAGNETIQUES - Spirit-US<\/title>\n<meta name=\"robots\" content=\"index, follow, max-snippet:-1, max-image-preview:large, max-video-preview:-1\" \/>\n<link rel=\"canonical\" href=\"https:\/\/www.spirit-us.eu\/index.php\/produit\/traite-des-influences-cosmo-magnetiques\/\" \/>\n<meta property=\"og:locale\" content=\"fr_FR\" \/>\n<meta property=\"og:type\" content=\"article\" \/>\n<meta property=\"og:title\" content=\"TRAITE DES INFLUENCES COSMO-MAGNETIQUES - Spirit-US\" \/>\n<meta property=\"og:description\" content=\"Actuellement en cours de r\u00e9impression ! 1 livre en stock !  Le livre est l&#039;aboutissement de plusieurs ann\u00e9es de recherches dans le domaine passionnant des \u00e9nergies subtiles. II est le fruit d&#039;un travail rigoureusement scientifique, effectu\u00e9 par un grand chercheur fran\u00e7ais le Dr. Francis Frandeau de Marly. Cet universitaire de talent (ing\u00e9nieur en \u00e9lectro-m\u00e9canique, pharmacien de l&#039;universit\u00e9 de Bordeaux, docteur &quot;honoris causa&quot; de plusieurs universit\u00e9s \u00e9trang\u00e8res) a mis au point un pendentif que l&#039;on utilise comme pendule radiesth\u00e9sique, mais aussi et surtout comme instrument radionique \u00e9metteur d&#039;une \u00e9nergie bienfaisante. Le Dr. Francis Frandeau de Marly a appel\u00e9 son invention &quot;Pendentif Cosmo-Magn\u00e9tique&quot;(r) L&#039;appareil se suffit \u00e0 lui-m\u00eame : il est complet, parfait, fiable et \u00e9quilibr\u00e9. Ses applications dans le domaine des \u00e9nergies micro-vibratoires \u00e0 bienfait vital, sont immenses. En faisant tourner volontairement et rapidement le &quot;Pendentif Cosmo-Magn\u00e9tique&quot;(r) dans le sens des aiguilles d&#039;une montre, il se transforme en une v\u00e9ritable dynamo d&#039;\u00e9nergie fluidique. II se substitue alors au magn\u00e9tisme humain et de ce fait, merveille des merveilles, il n&#039;est alors nul besoin que vous ayez le DON pour que cela fonctionne. Toute les extraordinaires exp\u00e9riences qui en d\u00e9coulent sont d\u00e9crites avec pr\u00e9cision dans ce fabuleux ouvrage.   Capter des \u00e9nergies micro-vibratoires \u00e0 bienfaits biologiques.  Transmettre ces \u00e9nergies sur photo.  Neutraliser et \u00e9liminer les \u00e9nergies nocives de toutes provenances,    Francis Frandeau de Marly s&#039;inscrit ainsi dans la lign\u00e9e de tous ces grands chercheurs ayant nom Louis Turenne, Bovis, Chaumery ou encore De B\u00e9lizal.\" \/>\n<meta property=\"og:url\" content=\"https:\/\/www.spirit-us.eu\/index.php\/produit\/traite-des-influences-cosmo-magnetiques\/\" \/>\n<meta property=\"og:site_name\" content=\"Spirit-US\" \/>\n<meta property=\"article:publisher\" content=\"https:\/\/www.facebook.com\/spirit.us.deum\" \/>\n<meta property=\"article:modified_time\" content=\"2025-12-21T12:06:12+00:00\" \/>\n<meta property=\"og:image\" content=\"https:\/\/www.spirit-us.eu\/wp-content\/uploads\/2025\/04\/cosmo-livre-image-produit-1024x1024.png\" \/>\n\t<meta property=\"og:image:width\" content=\"1024\" \/>\n\t<meta property=\"og:image:height\" content=\"1024\" \/>\n\t<meta property=\"og:image:type\" content=\"image\/png\" \/>\n<meta name=\"twitter:card\" content=\"summary_large_image\" \/>\n<script type=\"application\/ld+json\" class=\"yoast-schema-graph\">{\"@context\":\"https:\/\/schema.org\",\"@graph\":[{\"@type\":\"WebPage\",\"@id\":\"https:\/\/www.spirit-us.eu\/index.php\/produit\/traite-des-influences-cosmo-magnetiques\/\",\"url\":\"https:\/\/www.spirit-us.eu\/index.php\/produit\/traite-des-influences-cosmo-magnetiques\/\",\"name\":\"TRAITE DES INFLUENCES COSMO-MAGNETIQUES - Spirit-US\",\"isPartOf\":{\"@id\":\"https:\/\/www.spirit-us.eu\/#website\"},\"primaryImageOfPage\":{\"@id\":\"https:\/\/www.spirit-us.eu\/index.php\/produit\/traite-des-influences-cosmo-magnetiques\/#primaryimage\"},\"image\":{\"@id\":\"https:\/\/www.spirit-us.eu\/index.php\/produit\/traite-des-influences-cosmo-magnetiques\/#primaryimage\"},\"thumbnailUrl\":\"https:\/\/www.spirit-us.eu\/wp-content\/uploads\/2025\/04\/cosmo-livre-image-produit-scaled.png\",\"datePublished\":\"2025-04-27T12:47:10+00:00\",\"dateModified\":\"2025-12-21T12:06:12+00:00\",\"breadcrumb\":{\"@id\":\"https:\/\/www.spirit-us.eu\/index.php\/produit\/traite-des-influences-cosmo-magnetiques\/#breadcrumb\"},\"inLanguage\":\"fr-FR\",\"potentialAction\":[{\"@type\":\"ReadAction\",\"target\":[\"https:\/\/www.spirit-us.eu\/index.php\/produit\/traite-des-influences-cosmo-magnetiques\/\"]}]},{\"@type\":\"ImageObject\",\"inLanguage\":\"fr-FR\",\"@id\":\"https:\/\/www.spirit-us.eu\/index.php\/produit\/traite-des-influences-cosmo-magnetiques\/#primaryimage\",\"url\":\"https:\/\/www.spirit-us.eu\/wp-content\/uploads\/2025\/04\/cosmo-livre-image-produit-scaled.png\",\"contentUrl\":\"https:\/\/www.spirit-us.eu\/wp-content\/uploads\/2025\/04\/cosmo-livre-image-produit-scaled.png\",\"width\":2560,\"height\":2560},{\"@type\":\"BreadcrumbList\",\"@id\":\"https:\/\/www.spirit-us.eu\/index.php\/produit\/traite-des-influences-cosmo-magnetiques\/#breadcrumb\",\"itemListElement\":[{\"@type\":\"ListItem\",\"position\":1,\"name\":\"Accueil\",\"item\":\"https:\/\/www.spirit-us.eu\/\"},{\"@type\":\"ListItem\",\"position\":2,\"name\":\"Boutique\",\"item\":\"https:\/\/www.spirit-us.eu\/index.php\/boutique\/\"},{\"@type\":\"ListItem\",\"position\":3,\"name\":\"TRAITE DES INFLUENCES COSMO-MAGNETIQUES\"}]},{\"@type\":\"WebSite\",\"@id\":\"https:\/\/www.spirit-us.eu\/#website\",\"url\":\"https:\/\/www.spirit-us.eu\/\",\"name\":\"Spirit-US\",\"description\":\"\",\"publisher\":{\"@id\":\"https:\/\/www.spirit-us.eu\/#organization\"},\"potentialAction\":[{\"@type\":\"SearchAction\",\"target\":{\"@type\":\"EntryPoint\",\"urlTemplate\":\"https:\/\/www.spirit-us.eu\/?s={search_term_string}\"},\"query-input\":{\"@type\":\"PropertyValueSpecification\",\"valueRequired\":true,\"valueName\":\"search_term_string\"}}],\"inLanguage\":\"fr-FR\"},{\"@type\":\"Organization\",\"@id\":\"https:\/\/www.spirit-us.eu\/#organization\",\"name\":\"Spirit-US\",\"url\":\"https:\/\/www.spirit-us.eu\/\",\"logo\":{\"@type\":\"ImageObject\",\"inLanguage\":\"fr-FR\",\"@id\":\"https:\/\/www.spirit-us.eu\/#\/schema\/logo\/image\/\",\"url\":\"https:\/\/www.spirit-us.eu\/wp-content\/uploads\/2025\/11\/logo-regarde-linterlocutrice-sans-arrriere-plan.jpg\",\"contentUrl\":\"https:\/\/www.spirit-us.eu\/wp-content\/uploads\/2025\/11\/logo-regarde-linterlocutrice-sans-arrriere-plan.jpg\",\"width\":1080,\"height\":1080,\"caption\":\"Spirit-US\"},\"image\":{\"@id\":\"https:\/\/www.spirit-us.eu\/#\/schema\/logo\/image\/\"},\"sameAs\":[\"https:\/\/www.facebook.com\/spirit.us.deum\"]}]}<\/script>\n<!-- \/ Yoast SEO plugin. -->","yoast_head_json":{"title":"TRAITE DES INFLUENCES COSMO-MAGNETIQUES - Spirit-US","robots":{"index":"index","follow":"follow","max-snippet":"max-snippet:-1","max-image-preview":"max-image-preview:large","max-video-preview":"max-video-preview:-1"},"canonical":"https:\/\/www.spirit-us.eu\/index.php\/produit\/traite-des-influences-cosmo-magnetiques\/","og_locale":"fr_FR","og_type":"article","og_title":"TRAITE DES INFLUENCES COSMO-MAGNETIQUES - Spirit-US","og_description":"Actuellement en cours de r\u00e9impression ! 1 livre en stock !  Le livre est l'aboutissement de plusieurs ann\u00e9es de recherches dans le domaine passionnant des \u00e9nergies subtiles. II est le fruit d'un travail rigoureusement scientifique, effectu\u00e9 par un grand chercheur fran\u00e7ais le Dr. Francis Frandeau de Marly. Cet universitaire de talent (ing\u00e9nieur en \u00e9lectro-m\u00e9canique, pharmacien de l'universit\u00e9 de Bordeaux, docteur \"honoris causa\" de plusieurs universit\u00e9s \u00e9trang\u00e8res) a mis au point un pendentif que l'on utilise comme pendule radiesth\u00e9sique, mais aussi et surtout comme instrument radionique \u00e9metteur d'une \u00e9nergie bienfaisante. Le Dr. Francis Frandeau de Marly a appel\u00e9 son invention \"Pendentif Cosmo-Magn\u00e9tique\"(r) L'appareil se suffit \u00e0 lui-m\u00eame : il est complet, parfait, fiable et \u00e9quilibr\u00e9. Ses applications dans le domaine des \u00e9nergies micro-vibratoires \u00e0 bienfait vital, sont immenses. En faisant tourner volontairement et rapidement le \"Pendentif Cosmo-Magn\u00e9tique\"(r) dans le sens des aiguilles d'une montre, il se transforme en une v\u00e9ritable dynamo d'\u00e9nergie fluidique. II se substitue alors au magn\u00e9tisme humain et de ce fait, merveille des merveilles, il n'est alors nul besoin que vous ayez le DON pour que cela fonctionne. Toute les extraordinaires exp\u00e9riences qui en d\u00e9coulent sont d\u00e9crites avec pr\u00e9cision dans ce fabuleux ouvrage.   Capter des \u00e9nergies micro-vibratoires \u00e0 bienfaits biologiques.  Transmettre ces \u00e9nergies sur photo.  Neutraliser et \u00e9liminer les \u00e9nergies nocives de toutes provenances,    Francis Frandeau de Marly s'inscrit ainsi dans la lign\u00e9e de tous ces grands chercheurs ayant nom Louis Turenne, Bovis, Chaumery ou encore De B\u00e9lizal.","og_url":"https:\/\/www.spirit-us.eu\/index.php\/produit\/traite-des-influences-cosmo-magnetiques\/","og_site_name":"Spirit-US","article_publisher":"https:\/\/www.facebook.com\/spirit.us.deum","article_modified_time":"2025-12-21T12:06:12+00:00","og_image":[{"width":1024,"height":1024,"url":"https:\/\/www.spirit-us.eu\/wp-content\/uploads\/2025\/04\/cosmo-livre-image-produit-1024x1024.png","type":"image\/png"}],"twitter_card":"summary_large_image","schema":{"@context":"https:\/\/schema.org","@graph":[{"@type":"WebPage","@id":"https:\/\/www.spirit-us.eu\/index.php\/produit\/traite-des-influences-cosmo-magnetiques\/","url":"https:\/\/www.spirit-us.eu\/index.php\/produit\/traite-des-influences-cosmo-magnetiques\/","name":"TRAITE DES INFLUENCES COSMO-MAGNETIQUES - Spirit-US","isPartOf":{"@id":"https:\/\/www.spirit-us.eu\/#website"},"primaryImageOfPage":{"@id":"https:\/\/www.spirit-us.eu\/index.php\/produit\/traite-des-influences-cosmo-magnetiques\/#primaryimage"},"image":{"@id":"https:\/\/www.spirit-us.eu\/index.php\/produit\/traite-des-influences-cosmo-magnetiques\/#primaryimage"},"thumbnailUrl":"https:\/\/www.spirit-us.eu\/wp-content\/uploads\/2025\/04\/cosmo-livre-image-produit-scaled.png","datePublished":"2025-04-27T12:47:10+00:00","dateModified":"2025-12-21T12:06:12+00:00","breadcrumb":{"@id":"https:\/\/www.spirit-us.eu\/index.php\/produit\/traite-des-influences-cosmo-magnetiques\/#breadcrumb"},"inLanguage":"fr-FR","potentialAction":[{"@type":"ReadAction","target":["https:\/\/www.spirit-us.eu\/index.php\/produit\/traite-des-influences-cosmo-magnetiques\/"]}]},{"@type":"ImageObject","inLanguage":"fr-FR","@id":"https:\/\/www.spirit-us.eu\/index.php\/produit\/traite-des-influences-cosmo-magnetiques\/#primaryimage","url":"https:\/\/www.spirit-us.eu\/wp-content\/uploads\/2025\/04\/cosmo-livre-image-produit-scaled.png","contentUrl":"https:\/\/www.spirit-us.eu\/wp-content\/uploads\/2025\/04\/cosmo-livre-image-produit-scaled.png","width":2560,"height":2560},{"@type":"BreadcrumbList","@id":"https:\/\/www.spirit-us.eu\/index.php\/produit\/traite-des-influences-cosmo-magnetiques\/#breadcrumb","itemListElement":[{"@type":"ListItem","position":1,"name":"Accueil","item":"https:\/\/www.spirit-us.eu\/"},{"@type":"ListItem","position":2,"name":"Boutique","item":"https:\/\/www.spirit-us.eu\/index.php\/boutique\/"},{"@type":"ListItem","position":3,"name":"TRAITE DES INFLUENCES COSMO-MAGNETIQUES"}]},{"@type":"WebSite","@id":"https:\/\/www.spirit-us.eu\/#website","url":"https:\/\/www.spirit-us.eu\/","name":"Spirit-US","description":"","publisher":{"@id":"https:\/\/www.spirit-us.eu\/#organization"},"potentialAction":[{"@type":"SearchAction","target":{"@type":"EntryPoint","urlTemplate":"https:\/\/www.spirit-us.eu\/?s={search_term_string}"},"query-input":{"@type":"PropertyValueSpecification","valueRequired":true,"valueName":"search_term_string"}}],"inLanguage":"fr-FR"},{"@type":"Organization","@id":"https:\/\/www.spirit-us.eu\/#organization","name":"Spirit-US","url":"https:\/\/www.spirit-us.eu\/","logo":{"@type":"ImageObject","inLanguage":"fr-FR","@id":"https:\/\/www.spirit-us.eu\/#\/schema\/logo\/image\/","url":"https:\/\/www.spirit-us.eu\/wp-content\/uploads\/2025\/11\/logo-regarde-linterlocutrice-sans-arrriere-plan.jpg","contentUrl":"https:\/\/www.spirit-us.eu\/wp-content\/uploads\/2025\/11\/logo-regarde-linterlocutrice-sans-arrriere-plan.jpg","width":1080,"height":1080,"caption":"Spirit-US"},"image":{"@id":"https:\/\/www.spirit-us.eu\/#\/schema\/logo\/image\/"},"sameAs":["https:\/\/www.facebook.com\/spirit.us.deum"]}]}},"jetpack_sharing_enabled":true,"_links":{"self":[{"href":"https:\/\/www.spirit-us.eu\/index.php\/wp-json\/wp\/v2\/product\/1168","targetHints":{"allow":["GET"]}}],"collection":[{"href":"https:\/\/www.spirit-us.eu\/index.php\/wp-json\/wp\/v2\/product"}],"about":[{"href":"https:\/\/www.spirit-us.eu\/index.php\/wp-json\/wp\/v2\/types\/product"}],"replies":[{"embeddable":true,"href":"https:\/\/www.spirit-us.eu\/index.php\/wp-json\/wp\/v2\/comments?post=1168"}],"wp:featuredmedia":[{"embeddable":true,"href":"https:\/\/www.spirit-us.eu\/index.php\/wp-json\/wp\/v2\/media\/1169"}],"wp:attachment":[{"href":"https:\/\/www.spirit-us.eu\/index.php\/wp-json\/wp\/v2\/media?parent=1168"}],"wp:term":[{"taxonomy":"product_brand","embeddable":true,"href":"https:\/\/www.spirit-us.eu\/index.php\/wp-json\/wp\/v2\/product_brand?post=1168"},{"taxonomy":"product_cat","embeddable":true,"href":"https:\/\/www.spirit-us.eu\/index.php\/wp-json\/wp\/v2\/product_cat?post=1168"},{"taxonomy":"product_tag","embeddable":true,"href":"https:\/\/www.spirit-us.eu\/index.php\/wp-json\/wp\/v2\/product_tag?post=1168"},{"taxonomy":"mwb_booking_cost","embeddable":true,"href":"https:\/\/www.spirit-us.eu\/index.php\/wp-json\/wp\/v2\/mwb_booking_cost?post=1168"},{"taxonomy":"mwb_booking_service","embeddable":true,"href":"https:\/\/www.spirit-us.eu\/index.php\/wp-json\/wp\/v2\/mwb_booking_service?post=1168"}],"curies":[{"name":"wp","href":"https:\/\/api.w.org\/{rel}","templated":true}]}}