{"id":1164,"date":"2025-04-27T14:19:11","date_gmt":"2025-04-27T12:19:11","guid":{"rendered":"https:\/\/www.spirit-us.eu\/?post_type=product&#038;p=1164"},"modified":"2025-12-21T13:06:47","modified_gmt":"2025-12-21T12:06:47","slug":"pendule-cosmo-magnetique","status":"publish","type":"product","link":"https:\/\/www.spirit-us.eu\/index.php\/produit\/pendule-cosmo-magnetique\/","title":{"rendered":"PENDULE COSMO-MAGNETIQUE"},"content":{"rendered":"<p><strong>Taille du pendule<\/strong>\u00a0: 4 cm<\/p>\n<p><strong>Taille de la cha\u00eenette<\/strong>\u00a0: 20 cm<\/p>\n<p><strong>Couleur<\/strong>\u00a0: dor\u00e9e<\/p>\n<p><strong>Mat\u00e9riau<\/strong>\u00a0: laiton<\/p>\n<p>Livr\u00e9 dans son \u00e9tui de velours.<\/p>\n<p>Pour une parfaite utilisation et compr\u00e9hension de ce superbe outil de travail avec les ondes et l&rsquo;invisible, nous vous conseillons le livre : <u>Trait\u00e9 des influences Cosmo-Magn\u00e9tiques<\/u>, Francis Frandeau de Marly, 2006<\/p>\n","protected":false},"excerpt":{"rendered":"<p>Le Pendule cosmo-magn\u00e9tique repr\u00e9sente un ensemble \u00e9nerg\u00e9tique parfaitement \u00e9quilibr\u00e9 puisqu\u2019il est r\u00e9gl\u00e9 sur les fr\u00e9quences de l&rsquo;harmonie et de l&rsquo;\u00e9quilibre. Port\u00e9 sur soi, il permet de se recharger, de se tonifier et de s&rsquo;\u00e9quilibrer. C\u2019est un objet actif et b\u00e9n\u00e9fique, et il n\u2019est pas neutre. On peut parfaitement l\u2019utiliser aussi comme un pendule classique de radiesth\u00e9sie.<\/p>\n<p>D&rsquo;une grande sensibilit\u00e9, d&rsquo;un poids id\u00e9al, d&rsquo;un r\u00e9glage permanent sur l&rsquo;\u00e9quilibre parfait, il peut devenir le pendule de pr\u00e9dilection de nombreux radiesth\u00e9sistes.<\/p>\n<p>Contrairement \u00e0 ce que l&rsquo;on croit habituellement, le maniement d&rsquo;un pendule ne se limite pas \u00e0 une \u00a0\u00bbcaptation\u00a0\u00bb\u00a0d&rsquo;\u00e9nergie subtile en rapport avec les corps, les t\u00e9moins ou les objets de la recherche. L&rsquo;autre face de cet art-science est la possibilit\u00e9 de pouvoir \u00e9mettre avec un pendule. La radiesth\u00e9sie n\u2019est pas simplement une fa\u00e7on de percevoir, de recevoir et de d\u00e9tecter. Elle permet d\u2019\u00e9mettre des influences \u00e9nerg\u00e9tiques tout comme la radionique qui s&rsquo;efforce de le faire par divers appareils, dessins actifs, etc.<\/p>\n<p>Le pendule cosmo-magn\u00e9tique, par la riche \u00e9tendue des fr\u00e9quences avec lesquelles il peut entrer en correspondance, par la puissante onde-porteuse dont il est pourvu, s&rsquo;engage donc parfaitement dans le monde des pendules \u00e0 pouvoirs. Il offre aussit\u00f4t \u00e0 son utilisateur deux cat\u00e9gories d&rsquo;\u00e9nergies :<\/p>\n<p>&#8211; Celle produite par les girations volontaires pour une charge massive, au-dessus d\u2019un point du corps, d\u2019une photo ou d\u2019un objet.<\/p>\n<p>&#8211; Celle produite par les girations involontaires jusqu&rsquo;au blocage pour les charges plus subtiles avec ou sans t\u00e9moin radiesth\u00e9sique.<\/p>\n","protected":false},"featured_media":1165,"comment_status":"open","ping_status":"closed","template":"","meta":[],"product_brand":[],"product_cat":[499,160,17],"product_tag":[171],"mwb_booking_cost":[],"mwb_booking_service":[],"class_list":{"0":"post-1164","1":"product","2":"type-product","3":"status-publish","4":"has-post-thumbnail","6":"product_cat-03-energetique","7":"product_cat-08-pendules-accueil","8":"product_cat-tous-les-produits","9":"product_tag-voyance","11":"first","12":"instock","13":"shipping-taxable","14":"purchasable","15":"product-type-simple"},"yoast_head":"<!-- This site is optimized with the Yoast SEO plugin v27.1.1 - https:\/\/yoast.com\/product\/yoast-seo-wordpress\/ -->\n<title>PENDULE COSMO-MAGNETIQUE - Spirit-US<\/title>\n<meta name=\"robots\" content=\"index, follow, max-snippet:-1, max-image-preview:large, max-video-preview:-1\" \/>\n<link rel=\"canonical\" href=\"https:\/\/www.spirit-us.eu\/index.php\/produit\/pendule-cosmo-magnetique\/\" \/>\n<meta property=\"og:locale\" content=\"fr_FR\" \/>\n<meta property=\"og:type\" content=\"article\" \/>\n<meta property=\"og:title\" content=\"PENDULE COSMO-MAGNETIQUE - Spirit-US\" \/>\n<meta property=\"og:description\" content=\"Le Pendule cosmo-magn\u00e9tique repr\u00e9sente un ensemble \u00e9nerg\u00e9tique parfaitement \u00e9quilibr\u00e9 puisqu\u2019il est r\u00e9gl\u00e9 sur les fr\u00e9quences de l&#039;harmonie et de l&#039;\u00e9quilibre. Port\u00e9 sur soi, il permet de se recharger, de se tonifier et de s&#039;\u00e9quilibrer. C\u2019est un objet actif et b\u00e9n\u00e9fique, et il n\u2019est pas neutre. On peut parfaitement l\u2019utiliser aussi comme un pendule classique de radiesth\u00e9sie.  D&#039;une grande sensibilit\u00e9, d&#039;un poids id\u00e9al, d&#039;un r\u00e9glage permanent sur l&#039;\u00e9quilibre parfait, il peut devenir le pendule de pr\u00e9dilection de nombreux radiesth\u00e9sistes.  Contrairement \u00e0 ce que l&#039;on croit habituellement, le maniement d&#039;un pendule ne se limite pas \u00e0 une &#039;&#039;captation&#039;&#039;\u00a0d&#039;\u00e9nergie subtile en rapport avec les corps, les t\u00e9moins ou les objets de la recherche. L&#039;autre face de cet art-science est la possibilit\u00e9 de pouvoir \u00e9mettre avec un pendule. La radiesth\u00e9sie n\u2019est pas simplement une fa\u00e7on de percevoir, de recevoir et de d\u00e9tecter. Elle permet d\u2019\u00e9mettre des influences \u00e9nerg\u00e9tiques tout comme la radionique qui s&#039;efforce de le faire par divers appareils, dessins actifs, etc.  Le pendule cosmo-magn\u00e9tique, par la riche \u00e9tendue des fr\u00e9quences avec lesquelles il peut entrer en correspondance, par la puissante onde-porteuse dont il est pourvu, s&#039;engage donc parfaitement dans le monde des pendules \u00e0 pouvoirs. Il offre aussit\u00f4t \u00e0 son utilisateur deux cat\u00e9gories d&#039;\u00e9nergies :  - Celle produite par les girations volontaires pour une charge massive, au-dessus d\u2019un point du corps, d\u2019une photo ou d\u2019un objet.  - Celle produite par les girations involontaires jusqu&#039;au blocage pour les charges plus subtiles avec ou sans t\u00e9moin radiesth\u00e9sique.\" \/>\n<meta property=\"og:url\" content=\"https:\/\/www.spirit-us.eu\/index.php\/produit\/pendule-cosmo-magnetique\/\" \/>\n<meta property=\"og:site_name\" content=\"Spirit-US\" \/>\n<meta property=\"article:publisher\" content=\"https:\/\/www.facebook.com\/spirit.us.deum\" \/>\n<meta property=\"article:modified_time\" content=\"2025-12-21T12:06:47+00:00\" \/>\n<meta property=\"og:image\" content=\"https:\/\/www.spirit-us.eu\/wp-content\/uploads\/2025\/04\/cosmoimage-produit-1024x1024.png\" \/>\n\t<meta property=\"og:image:width\" content=\"1024\" \/>\n\t<meta property=\"og:image:height\" content=\"1024\" \/>\n\t<meta property=\"og:image:type\" content=\"image\/png\" \/>\n<meta name=\"twitter:card\" content=\"summary_large_image\" \/>\n<script type=\"application\/ld+json\" class=\"yoast-schema-graph\">{\"@context\":\"https:\/\/schema.org\",\"@graph\":[{\"@type\":\"WebPage\",\"@id\":\"https:\/\/www.spirit-us.eu\/index.php\/produit\/pendule-cosmo-magnetique\/\",\"url\":\"https:\/\/www.spirit-us.eu\/index.php\/produit\/pendule-cosmo-magnetique\/\",\"name\":\"PENDULE COSMO-MAGNETIQUE - Spirit-US\",\"isPartOf\":{\"@id\":\"https:\/\/www.spirit-us.eu\/#website\"},\"primaryImageOfPage\":{\"@id\":\"https:\/\/www.spirit-us.eu\/index.php\/produit\/pendule-cosmo-magnetique\/#primaryimage\"},\"image\":{\"@id\":\"https:\/\/www.spirit-us.eu\/index.php\/produit\/pendule-cosmo-magnetique\/#primaryimage\"},\"thumbnailUrl\":\"https:\/\/www.spirit-us.eu\/wp-content\/uploads\/2025\/04\/cosmoimage-produit-scaled.png\",\"datePublished\":\"2025-04-27T12:19:11+00:00\",\"dateModified\":\"2025-12-21T12:06:47+00:00\",\"breadcrumb\":{\"@id\":\"https:\/\/www.spirit-us.eu\/index.php\/produit\/pendule-cosmo-magnetique\/#breadcrumb\"},\"inLanguage\":\"fr-FR\",\"potentialAction\":[{\"@type\":\"ReadAction\",\"target\":[\"https:\/\/www.spirit-us.eu\/index.php\/produit\/pendule-cosmo-magnetique\/\"]}]},{\"@type\":\"ImageObject\",\"inLanguage\":\"fr-FR\",\"@id\":\"https:\/\/www.spirit-us.eu\/index.php\/produit\/pendule-cosmo-magnetique\/#primaryimage\",\"url\":\"https:\/\/www.spirit-us.eu\/wp-content\/uploads\/2025\/04\/cosmoimage-produit-scaled.png\",\"contentUrl\":\"https:\/\/www.spirit-us.eu\/wp-content\/uploads\/2025\/04\/cosmoimage-produit-scaled.png\",\"width\":2560,\"height\":2560},{\"@type\":\"BreadcrumbList\",\"@id\":\"https:\/\/www.spirit-us.eu\/index.php\/produit\/pendule-cosmo-magnetique\/#breadcrumb\",\"itemListElement\":[{\"@type\":\"ListItem\",\"position\":1,\"name\":\"Accueil\",\"item\":\"https:\/\/www.spirit-us.eu\/\"},{\"@type\":\"ListItem\",\"position\":2,\"name\":\"Boutique\",\"item\":\"https:\/\/www.spirit-us.eu\/index.php\/boutique\/\"},{\"@type\":\"ListItem\",\"position\":3,\"name\":\"PENDULE COSMO-MAGNETIQUE\"}]},{\"@type\":\"WebSite\",\"@id\":\"https:\/\/www.spirit-us.eu\/#website\",\"url\":\"https:\/\/www.spirit-us.eu\/\",\"name\":\"Spirit-US\",\"description\":\"\",\"publisher\":{\"@id\":\"https:\/\/www.spirit-us.eu\/#organization\"},\"potentialAction\":[{\"@type\":\"SearchAction\",\"target\":{\"@type\":\"EntryPoint\",\"urlTemplate\":\"https:\/\/www.spirit-us.eu\/?s={search_term_string}\"},\"query-input\":{\"@type\":\"PropertyValueSpecification\",\"valueRequired\":true,\"valueName\":\"search_term_string\"}}],\"inLanguage\":\"fr-FR\"},{\"@type\":\"Organization\",\"@id\":\"https:\/\/www.spirit-us.eu\/#organization\",\"name\":\"Spirit-US\",\"url\":\"https:\/\/www.spirit-us.eu\/\",\"logo\":{\"@type\":\"ImageObject\",\"inLanguage\":\"fr-FR\",\"@id\":\"https:\/\/www.spirit-us.eu\/#\/schema\/logo\/image\/\",\"url\":\"https:\/\/www.spirit-us.eu\/wp-content\/uploads\/2025\/11\/logo-regarde-linterlocutrice-sans-arrriere-plan.jpg\",\"contentUrl\":\"https:\/\/www.spirit-us.eu\/wp-content\/uploads\/2025\/11\/logo-regarde-linterlocutrice-sans-arrriere-plan.jpg\",\"width\":1080,\"height\":1080,\"caption\":\"Spirit-US\"},\"image\":{\"@id\":\"https:\/\/www.spirit-us.eu\/#\/schema\/logo\/image\/\"},\"sameAs\":[\"https:\/\/www.facebook.com\/spirit.us.deum\"]}]}<\/script>\n<!-- \/ Yoast SEO plugin. -->","yoast_head_json":{"title":"PENDULE COSMO-MAGNETIQUE - Spirit-US","robots":{"index":"index","follow":"follow","max-snippet":"max-snippet:-1","max-image-preview":"max-image-preview:large","max-video-preview":"max-video-preview:-1"},"canonical":"https:\/\/www.spirit-us.eu\/index.php\/produit\/pendule-cosmo-magnetique\/","og_locale":"fr_FR","og_type":"article","og_title":"PENDULE COSMO-MAGNETIQUE - Spirit-US","og_description":"Le Pendule cosmo-magn\u00e9tique repr\u00e9sente un ensemble \u00e9nerg\u00e9tique parfaitement \u00e9quilibr\u00e9 puisqu\u2019il est r\u00e9gl\u00e9 sur les fr\u00e9quences de l'harmonie et de l'\u00e9quilibre. Port\u00e9 sur soi, il permet de se recharger, de se tonifier et de s'\u00e9quilibrer. C\u2019est un objet actif et b\u00e9n\u00e9fique, et il n\u2019est pas neutre. On peut parfaitement l\u2019utiliser aussi comme un pendule classique de radiesth\u00e9sie.  D'une grande sensibilit\u00e9, d'un poids id\u00e9al, d'un r\u00e9glage permanent sur l'\u00e9quilibre parfait, il peut devenir le pendule de pr\u00e9dilection de nombreux radiesth\u00e9sistes.  Contrairement \u00e0 ce que l'on croit habituellement, le maniement d'un pendule ne se limite pas \u00e0 une ''captation''\u00a0d'\u00e9nergie subtile en rapport avec les corps, les t\u00e9moins ou les objets de la recherche. L'autre face de cet art-science est la possibilit\u00e9 de pouvoir \u00e9mettre avec un pendule. La radiesth\u00e9sie n\u2019est pas simplement une fa\u00e7on de percevoir, de recevoir et de d\u00e9tecter. Elle permet d\u2019\u00e9mettre des influences \u00e9nerg\u00e9tiques tout comme la radionique qui s'efforce de le faire par divers appareils, dessins actifs, etc.  Le pendule cosmo-magn\u00e9tique, par la riche \u00e9tendue des fr\u00e9quences avec lesquelles il peut entrer en correspondance, par la puissante onde-porteuse dont il est pourvu, s'engage donc parfaitement dans le monde des pendules \u00e0 pouvoirs. Il offre aussit\u00f4t \u00e0 son utilisateur deux cat\u00e9gories d'\u00e9nergies :  - Celle produite par les girations volontaires pour une charge massive, au-dessus d\u2019un point du corps, d\u2019une photo ou d\u2019un objet.  - Celle produite par les girations involontaires jusqu'au blocage pour les charges plus subtiles avec ou sans t\u00e9moin radiesth\u00e9sique.","og_url":"https:\/\/www.spirit-us.eu\/index.php\/produit\/pendule-cosmo-magnetique\/","og_site_name":"Spirit-US","article_publisher":"https:\/\/www.facebook.com\/spirit.us.deum","article_modified_time":"2025-12-21T12:06:47+00:00","og_image":[{"width":1024,"height":1024,"url":"https:\/\/www.spirit-us.eu\/wp-content\/uploads\/2025\/04\/cosmoimage-produit-1024x1024.png","type":"image\/png"}],"twitter_card":"summary_large_image","schema":{"@context":"https:\/\/schema.org","@graph":[{"@type":"WebPage","@id":"https:\/\/www.spirit-us.eu\/index.php\/produit\/pendule-cosmo-magnetique\/","url":"https:\/\/www.spirit-us.eu\/index.php\/produit\/pendule-cosmo-magnetique\/","name":"PENDULE COSMO-MAGNETIQUE - Spirit-US","isPartOf":{"@id":"https:\/\/www.spirit-us.eu\/#website"},"primaryImageOfPage":{"@id":"https:\/\/www.spirit-us.eu\/index.php\/produit\/pendule-cosmo-magnetique\/#primaryimage"},"image":{"@id":"https:\/\/www.spirit-us.eu\/index.php\/produit\/pendule-cosmo-magnetique\/#primaryimage"},"thumbnailUrl":"https:\/\/www.spirit-us.eu\/wp-content\/uploads\/2025\/04\/cosmoimage-produit-scaled.png","datePublished":"2025-04-27T12:19:11+00:00","dateModified":"2025-12-21T12:06:47+00:00","breadcrumb":{"@id":"https:\/\/www.spirit-us.eu\/index.php\/produit\/pendule-cosmo-magnetique\/#breadcrumb"},"inLanguage":"fr-FR","potentialAction":[{"@type":"ReadAction","target":["https:\/\/www.spirit-us.eu\/index.php\/produit\/pendule-cosmo-magnetique\/"]}]},{"@type":"ImageObject","inLanguage":"fr-FR","@id":"https:\/\/www.spirit-us.eu\/index.php\/produit\/pendule-cosmo-magnetique\/#primaryimage","url":"https:\/\/www.spirit-us.eu\/wp-content\/uploads\/2025\/04\/cosmoimage-produit-scaled.png","contentUrl":"https:\/\/www.spirit-us.eu\/wp-content\/uploads\/2025\/04\/cosmoimage-produit-scaled.png","width":2560,"height":2560},{"@type":"BreadcrumbList","@id":"https:\/\/www.spirit-us.eu\/index.php\/produit\/pendule-cosmo-magnetique\/#breadcrumb","itemListElement":[{"@type":"ListItem","position":1,"name":"Accueil","item":"https:\/\/www.spirit-us.eu\/"},{"@type":"ListItem","position":2,"name":"Boutique","item":"https:\/\/www.spirit-us.eu\/index.php\/boutique\/"},{"@type":"ListItem","position":3,"name":"PENDULE COSMO-MAGNETIQUE"}]},{"@type":"WebSite","@id":"https:\/\/www.spirit-us.eu\/#website","url":"https:\/\/www.spirit-us.eu\/","name":"Spirit-US","description":"","publisher":{"@id":"https:\/\/www.spirit-us.eu\/#organization"},"potentialAction":[{"@type":"SearchAction","target":{"@type":"EntryPoint","urlTemplate":"https:\/\/www.spirit-us.eu\/?s={search_term_string}"},"query-input":{"@type":"PropertyValueSpecification","valueRequired":true,"valueName":"search_term_string"}}],"inLanguage":"fr-FR"},{"@type":"Organization","@id":"https:\/\/www.spirit-us.eu\/#organization","name":"Spirit-US","url":"https:\/\/www.spirit-us.eu\/","logo":{"@type":"ImageObject","inLanguage":"fr-FR","@id":"https:\/\/www.spirit-us.eu\/#\/schema\/logo\/image\/","url":"https:\/\/www.spirit-us.eu\/wp-content\/uploads\/2025\/11\/logo-regarde-linterlocutrice-sans-arrriere-plan.jpg","contentUrl":"https:\/\/www.spirit-us.eu\/wp-content\/uploads\/2025\/11\/logo-regarde-linterlocutrice-sans-arrriere-plan.jpg","width":1080,"height":1080,"caption":"Spirit-US"},"image":{"@id":"https:\/\/www.spirit-us.eu\/#\/schema\/logo\/image\/"},"sameAs":["https:\/\/www.facebook.com\/spirit.us.deum"]}]}},"jetpack_sharing_enabled":true,"_links":{"self":[{"href":"https:\/\/www.spirit-us.eu\/index.php\/wp-json\/wp\/v2\/product\/1164","targetHints":{"allow":["GET"]}}],"collection":[{"href":"https:\/\/www.spirit-us.eu\/index.php\/wp-json\/wp\/v2\/product"}],"about":[{"href":"https:\/\/www.spirit-us.eu\/index.php\/wp-json\/wp\/v2\/types\/product"}],"replies":[{"embeddable":true,"href":"https:\/\/www.spirit-us.eu\/index.php\/wp-json\/wp\/v2\/comments?post=1164"}],"wp:featuredmedia":[{"embeddable":true,"href":"https:\/\/www.spirit-us.eu\/index.php\/wp-json\/wp\/v2\/media\/1165"}],"wp:attachment":[{"href":"https:\/\/www.spirit-us.eu\/index.php\/wp-json\/wp\/v2\/media?parent=1164"}],"wp:term":[{"taxonomy":"product_brand","embeddable":true,"href":"https:\/\/www.spirit-us.eu\/index.php\/wp-json\/wp\/v2\/product_brand?post=1164"},{"taxonomy":"product_cat","embeddable":true,"href":"https:\/\/www.spirit-us.eu\/index.php\/wp-json\/wp\/v2\/product_cat?post=1164"},{"taxonomy":"product_tag","embeddable":true,"href":"https:\/\/www.spirit-us.eu\/index.php\/wp-json\/wp\/v2\/product_tag?post=1164"},{"taxonomy":"mwb_booking_cost","embeddable":true,"href":"https:\/\/www.spirit-us.eu\/index.php\/wp-json\/wp\/v2\/mwb_booking_cost?post=1164"},{"taxonomy":"mwb_booking_service","embeddable":true,"href":"https:\/\/www.spirit-us.eu\/index.php\/wp-json\/wp\/v2\/mwb_booking_service?post=1164"}],"curies":[{"name":"wp","href":"https:\/\/api.w.org\/{rel}","templated":true}]}}