{"id":1153,"date":"2025-04-27T11:25:36","date_gmt":"2025-04-27T09:25:36","guid":{"rendered":"https:\/\/www.spirit-us.eu\/?post_type=product&#038;p=1153"},"modified":"2025-12-21T16:58:37","modified_gmt":"2025-12-21T15:58:37","slug":"voyance-generale","status":"publish","type":"product","link":"https:\/\/www.spirit-us.eu\/index.php\/produit\/voyance-generale\/","title":{"rendered":"Voyance g\u00e9n\u00e9rale &#038; rapport \u00e9crit"},"content":{"rendered":"","protected":false},"excerpt":{"rendered":"<p>&nbsp;<\/p>\n<p>Consultation d&rsquo;une dur\u00e9e de deux heures ou plus, en ligne ou sur analyse donnant lieu \u00e0 un rapport \u00e9crit, pour examiner en profondeur et analyser votre avenir, ce qu&rsquo;il vous r\u00e9serve et ce que vous pouvez changer si ce qui s&rsquo;annonce ne vous convient pas.\u00a0 Toutes les questions sont d\u00e9battues, tous les aspects sont pris en compte<strong>.\u00a0 <\/strong>Un diagnostic global de votre situation et une analyse approfondie sont au programme de cette consultation \u00e9labor\u00e9e.\u00a0 Cela vous permettra de savoir ce que r\u00e9serve l&rsquo;avenir et comment l&rsquo;aborder et le g\u00e9rer au mieux de vos int\u00e9r\u00eats. <a href=\"https:\/\/exorciser-liberer-guerir.com\/prise-de-rendez-vous-par-domaine-dintervention\/\" target=\"_blank\" rel=\"noopener\"><strong>Prenez rendez-vous ici. <\/strong><\/a>Vous pouvez \u00e9galement nous \u00e9crire un sms directement via WhatsApp [num\u00e9ro sur cette page en haut \u00e0 gauche] en pr\u00e9cisant vos pr\u00e9nom, nom, coordonn\u00e9es (mail et t\u00e9l\u00e9phone pour vous identifier) et le probl\u00e8me que vous rencontrez.<\/p>\n","protected":false},"featured_media":1155,"comment_status":"open","ping_status":"closed","template":"","meta":[],"product_brand":[],"product_cat":[499,161,17,502],"product_tag":[171],"mwb_booking_cost":[],"mwb_booking_service":[],"class_list":{"0":"post-1153","1":"product","2":"type-product","3":"status-publish","4":"has-post-thumbnail","6":"product_cat-03-energetique","7":"product_cat-09-tarots-voyance","8":"product_cat-tous-les-produits","9":"product_cat-voyance","10":"product_tag-voyance","12":"first","13":"instock","14":"virtual","15":"purchasable","16":"product-type-simple"},"yoast_head":"<!-- This site is optimized with the Yoast SEO plugin v27.1.1 - https:\/\/yoast.com\/product\/yoast-seo-wordpress\/ -->\n<title>Voyance g\u00e9n\u00e9rale &amp; rapport \u00e9crit - Spirit-US<\/title>\n<meta name=\"robots\" content=\"index, follow, max-snippet:-1, max-image-preview:large, max-video-preview:-1\" \/>\n<link rel=\"canonical\" href=\"https:\/\/www.spirit-us.eu\/index.php\/produit\/voyance-generale\/\" \/>\n<meta property=\"og:locale\" content=\"fr_FR\" \/>\n<meta property=\"og:type\" content=\"article\" \/>\n<meta property=\"og:title\" content=\"Voyance g\u00e9n\u00e9rale &amp; rapport \u00e9crit - Spirit-US\" \/>\n<meta property=\"og:description\" content=\"&nbsp;  Consultation d&#039;une dur\u00e9e de deux heures ou plus, en ligne ou sur analyse donnant lieu \u00e0 un rapport \u00e9crit, pour examiner en profondeur et analyser votre avenir, ce qu&#039;il vous r\u00e9serve et ce que vous pouvez changer si ce qui s&#039;annonce ne vous convient pas.\u00a0 Toutes les questions sont d\u00e9battues, tous les aspects sont pris en compte.\u00a0 Un diagnostic global de votre situation et une analyse approfondie sont au programme de cette consultation \u00e9labor\u00e9e.\u00a0 Cela vous permettra de savoir ce que r\u00e9serve l&#039;avenir et comment l&#039;aborder et le g\u00e9rer au mieux de vos int\u00e9r\u00eats. Prenez rendez-vous ici. Vous pouvez \u00e9galement nous \u00e9crire un sms directement via WhatsApp [num\u00e9ro sur cette page en haut \u00e0 gauche] en pr\u00e9cisant vos pr\u00e9nom, nom, coordonn\u00e9es (mail et t\u00e9l\u00e9phone pour vous identifier) et le probl\u00e8me que vous rencontrez.\" \/>\n<meta property=\"og:url\" content=\"https:\/\/www.spirit-us.eu\/index.php\/produit\/voyance-generale\/\" \/>\n<meta property=\"og:site_name\" content=\"Spirit-US\" \/>\n<meta property=\"article:publisher\" content=\"https:\/\/www.facebook.com\/spirit.us.deum\" \/>\n<meta property=\"article:modified_time\" content=\"2025-12-21T15:58:37+00:00\" \/>\n<meta property=\"og:image\" content=\"https:\/\/www.spirit-us.eu\/wp-content\/uploads\/2025\/04\/Voyance-generale-1024x1024.png\" \/>\n\t<meta property=\"og:image:width\" content=\"1024\" \/>\n\t<meta property=\"og:image:height\" content=\"1024\" \/>\n\t<meta property=\"og:image:type\" content=\"image\/png\" \/>\n<meta name=\"twitter:card\" content=\"summary_large_image\" \/>\n<script type=\"application\/ld+json\" class=\"yoast-schema-graph\">{\"@context\":\"https:\/\/schema.org\",\"@graph\":[{\"@type\":\"WebPage\",\"@id\":\"https:\/\/www.spirit-us.eu\/index.php\/produit\/voyance-generale\/\",\"url\":\"https:\/\/www.spirit-us.eu\/index.php\/produit\/voyance-generale\/\",\"name\":\"Voyance g\u00e9n\u00e9rale & rapport \u00e9crit - Spirit-US\",\"isPartOf\":{\"@id\":\"https:\/\/www.spirit-us.eu\/#website\"},\"primaryImageOfPage\":{\"@id\":\"https:\/\/www.spirit-us.eu\/index.php\/produit\/voyance-generale\/#primaryimage\"},\"image\":{\"@id\":\"https:\/\/www.spirit-us.eu\/index.php\/produit\/voyance-generale\/#primaryimage\"},\"thumbnailUrl\":\"https:\/\/www.spirit-us.eu\/wp-content\/uploads\/2025\/04\/Voyance-generale-scaled.png\",\"datePublished\":\"2025-04-27T09:25:36+00:00\",\"dateModified\":\"2025-12-21T15:58:37+00:00\",\"breadcrumb\":{\"@id\":\"https:\/\/www.spirit-us.eu\/index.php\/produit\/voyance-generale\/#breadcrumb\"},\"inLanguage\":\"fr-FR\",\"potentialAction\":[{\"@type\":\"ReadAction\",\"target\":[\"https:\/\/www.spirit-us.eu\/index.php\/produit\/voyance-generale\/\"]}]},{\"@type\":\"ImageObject\",\"inLanguage\":\"fr-FR\",\"@id\":\"https:\/\/www.spirit-us.eu\/index.php\/produit\/voyance-generale\/#primaryimage\",\"url\":\"https:\/\/www.spirit-us.eu\/wp-content\/uploads\/2025\/04\/Voyance-generale-scaled.png\",\"contentUrl\":\"https:\/\/www.spirit-us.eu\/wp-content\/uploads\/2025\/04\/Voyance-generale-scaled.png\",\"width\":2560,\"height\":2560},{\"@type\":\"BreadcrumbList\",\"@id\":\"https:\/\/www.spirit-us.eu\/index.php\/produit\/voyance-generale\/#breadcrumb\",\"itemListElement\":[{\"@type\":\"ListItem\",\"position\":1,\"name\":\"Accueil\",\"item\":\"https:\/\/www.spirit-us.eu\/\"},{\"@type\":\"ListItem\",\"position\":2,\"name\":\"Boutique\",\"item\":\"https:\/\/www.spirit-us.eu\/index.php\/boutique\/\"},{\"@type\":\"ListItem\",\"position\":3,\"name\":\"Voyance g\u00e9n\u00e9rale &#038; rapport \u00e9crit\"}]},{\"@type\":\"WebSite\",\"@id\":\"https:\/\/www.spirit-us.eu\/#website\",\"url\":\"https:\/\/www.spirit-us.eu\/\",\"name\":\"Spirit-US\",\"description\":\"\",\"publisher\":{\"@id\":\"https:\/\/www.spirit-us.eu\/#organization\"},\"potentialAction\":[{\"@type\":\"SearchAction\",\"target\":{\"@type\":\"EntryPoint\",\"urlTemplate\":\"https:\/\/www.spirit-us.eu\/?s={search_term_string}\"},\"query-input\":{\"@type\":\"PropertyValueSpecification\",\"valueRequired\":true,\"valueName\":\"search_term_string\"}}],\"inLanguage\":\"fr-FR\"},{\"@type\":\"Organization\",\"@id\":\"https:\/\/www.spirit-us.eu\/#organization\",\"name\":\"Spirit-US\",\"url\":\"https:\/\/www.spirit-us.eu\/\",\"logo\":{\"@type\":\"ImageObject\",\"inLanguage\":\"fr-FR\",\"@id\":\"https:\/\/www.spirit-us.eu\/#\/schema\/logo\/image\/\",\"url\":\"https:\/\/www.spirit-us.eu\/wp-content\/uploads\/2025\/11\/logo-regarde-linterlocutrice-sans-arrriere-plan.jpg\",\"contentUrl\":\"https:\/\/www.spirit-us.eu\/wp-content\/uploads\/2025\/11\/logo-regarde-linterlocutrice-sans-arrriere-plan.jpg\",\"width\":1080,\"height\":1080,\"caption\":\"Spirit-US\"},\"image\":{\"@id\":\"https:\/\/www.spirit-us.eu\/#\/schema\/logo\/image\/\"},\"sameAs\":[\"https:\/\/www.facebook.com\/spirit.us.deum\"]}]}<\/script>\n<!-- \/ Yoast SEO plugin. -->","yoast_head_json":{"title":"Voyance g\u00e9n\u00e9rale & rapport \u00e9crit - Spirit-US","robots":{"index":"index","follow":"follow","max-snippet":"max-snippet:-1","max-image-preview":"max-image-preview:large","max-video-preview":"max-video-preview:-1"},"canonical":"https:\/\/www.spirit-us.eu\/index.php\/produit\/voyance-generale\/","og_locale":"fr_FR","og_type":"article","og_title":"Voyance g\u00e9n\u00e9rale & rapport \u00e9crit - Spirit-US","og_description":"&nbsp;  Consultation d'une dur\u00e9e de deux heures ou plus, en ligne ou sur analyse donnant lieu \u00e0 un rapport \u00e9crit, pour examiner en profondeur et analyser votre avenir, ce qu'il vous r\u00e9serve et ce que vous pouvez changer si ce qui s'annonce ne vous convient pas.\u00a0 Toutes les questions sont d\u00e9battues, tous les aspects sont pris en compte.\u00a0 Un diagnostic global de votre situation et une analyse approfondie sont au programme de cette consultation \u00e9labor\u00e9e.\u00a0 Cela vous permettra de savoir ce que r\u00e9serve l'avenir et comment l'aborder et le g\u00e9rer au mieux de vos int\u00e9r\u00eats. Prenez rendez-vous ici. Vous pouvez \u00e9galement nous \u00e9crire un sms directement via WhatsApp [num\u00e9ro sur cette page en haut \u00e0 gauche] en pr\u00e9cisant vos pr\u00e9nom, nom, coordonn\u00e9es (mail et t\u00e9l\u00e9phone pour vous identifier) et le probl\u00e8me que vous rencontrez.","og_url":"https:\/\/www.spirit-us.eu\/index.php\/produit\/voyance-generale\/","og_site_name":"Spirit-US","article_publisher":"https:\/\/www.facebook.com\/spirit.us.deum","article_modified_time":"2025-12-21T15:58:37+00:00","og_image":[{"width":1024,"height":1024,"url":"https:\/\/www.spirit-us.eu\/wp-content\/uploads\/2025\/04\/Voyance-generale-1024x1024.png","type":"image\/png"}],"twitter_card":"summary_large_image","schema":{"@context":"https:\/\/schema.org","@graph":[{"@type":"WebPage","@id":"https:\/\/www.spirit-us.eu\/index.php\/produit\/voyance-generale\/","url":"https:\/\/www.spirit-us.eu\/index.php\/produit\/voyance-generale\/","name":"Voyance g\u00e9n\u00e9rale & rapport \u00e9crit - Spirit-US","isPartOf":{"@id":"https:\/\/www.spirit-us.eu\/#website"},"primaryImageOfPage":{"@id":"https:\/\/www.spirit-us.eu\/index.php\/produit\/voyance-generale\/#primaryimage"},"image":{"@id":"https:\/\/www.spirit-us.eu\/index.php\/produit\/voyance-generale\/#primaryimage"},"thumbnailUrl":"https:\/\/www.spirit-us.eu\/wp-content\/uploads\/2025\/04\/Voyance-generale-scaled.png","datePublished":"2025-04-27T09:25:36+00:00","dateModified":"2025-12-21T15:58:37+00:00","breadcrumb":{"@id":"https:\/\/www.spirit-us.eu\/index.php\/produit\/voyance-generale\/#breadcrumb"},"inLanguage":"fr-FR","potentialAction":[{"@type":"ReadAction","target":["https:\/\/www.spirit-us.eu\/index.php\/produit\/voyance-generale\/"]}]},{"@type":"ImageObject","inLanguage":"fr-FR","@id":"https:\/\/www.spirit-us.eu\/index.php\/produit\/voyance-generale\/#primaryimage","url":"https:\/\/www.spirit-us.eu\/wp-content\/uploads\/2025\/04\/Voyance-generale-scaled.png","contentUrl":"https:\/\/www.spirit-us.eu\/wp-content\/uploads\/2025\/04\/Voyance-generale-scaled.png","width":2560,"height":2560},{"@type":"BreadcrumbList","@id":"https:\/\/www.spirit-us.eu\/index.php\/produit\/voyance-generale\/#breadcrumb","itemListElement":[{"@type":"ListItem","position":1,"name":"Accueil","item":"https:\/\/www.spirit-us.eu\/"},{"@type":"ListItem","position":2,"name":"Boutique","item":"https:\/\/www.spirit-us.eu\/index.php\/boutique\/"},{"@type":"ListItem","position":3,"name":"Voyance g\u00e9n\u00e9rale &#038; rapport \u00e9crit"}]},{"@type":"WebSite","@id":"https:\/\/www.spirit-us.eu\/#website","url":"https:\/\/www.spirit-us.eu\/","name":"Spirit-US","description":"","publisher":{"@id":"https:\/\/www.spirit-us.eu\/#organization"},"potentialAction":[{"@type":"SearchAction","target":{"@type":"EntryPoint","urlTemplate":"https:\/\/www.spirit-us.eu\/?s={search_term_string}"},"query-input":{"@type":"PropertyValueSpecification","valueRequired":true,"valueName":"search_term_string"}}],"inLanguage":"fr-FR"},{"@type":"Organization","@id":"https:\/\/www.spirit-us.eu\/#organization","name":"Spirit-US","url":"https:\/\/www.spirit-us.eu\/","logo":{"@type":"ImageObject","inLanguage":"fr-FR","@id":"https:\/\/www.spirit-us.eu\/#\/schema\/logo\/image\/","url":"https:\/\/www.spirit-us.eu\/wp-content\/uploads\/2025\/11\/logo-regarde-linterlocutrice-sans-arrriere-plan.jpg","contentUrl":"https:\/\/www.spirit-us.eu\/wp-content\/uploads\/2025\/11\/logo-regarde-linterlocutrice-sans-arrriere-plan.jpg","width":1080,"height":1080,"caption":"Spirit-US"},"image":{"@id":"https:\/\/www.spirit-us.eu\/#\/schema\/logo\/image\/"},"sameAs":["https:\/\/www.facebook.com\/spirit.us.deum"]}]}},"jetpack_sharing_enabled":true,"_links":{"self":[{"href":"https:\/\/www.spirit-us.eu\/index.php\/wp-json\/wp\/v2\/product\/1153","targetHints":{"allow":["GET"]}}],"collection":[{"href":"https:\/\/www.spirit-us.eu\/index.php\/wp-json\/wp\/v2\/product"}],"about":[{"href":"https:\/\/www.spirit-us.eu\/index.php\/wp-json\/wp\/v2\/types\/product"}],"replies":[{"embeddable":true,"href":"https:\/\/www.spirit-us.eu\/index.php\/wp-json\/wp\/v2\/comments?post=1153"}],"wp:featuredmedia":[{"embeddable":true,"href":"https:\/\/www.spirit-us.eu\/index.php\/wp-json\/wp\/v2\/media\/1155"}],"wp:attachment":[{"href":"https:\/\/www.spirit-us.eu\/index.php\/wp-json\/wp\/v2\/media?parent=1153"}],"wp:term":[{"taxonomy":"product_brand","embeddable":true,"href":"https:\/\/www.spirit-us.eu\/index.php\/wp-json\/wp\/v2\/product_brand?post=1153"},{"taxonomy":"product_cat","embeddable":true,"href":"https:\/\/www.spirit-us.eu\/index.php\/wp-json\/wp\/v2\/product_cat?post=1153"},{"taxonomy":"product_tag","embeddable":true,"href":"https:\/\/www.spirit-us.eu\/index.php\/wp-json\/wp\/v2\/product_tag?post=1153"},{"taxonomy":"mwb_booking_cost","embeddable":true,"href":"https:\/\/www.spirit-us.eu\/index.php\/wp-json\/wp\/v2\/mwb_booking_cost?post=1153"},{"taxonomy":"mwb_booking_service","embeddable":true,"href":"https:\/\/www.spirit-us.eu\/index.php\/wp-json\/wp\/v2\/mwb_booking_service?post=1153"}],"curies":[{"name":"wp","href":"https:\/\/api.w.org\/{rel}","templated":true}]}}