{"id":1151,"date":"2025-04-27T11:16:51","date_gmt":"2025-04-27T09:16:51","guid":{"rendered":"https:\/\/www.spirit-us.eu\/?post_type=product&#038;p=1151"},"modified":"2025-12-21T16:58:52","modified_gmt":"2025-12-21T15:58:52","slug":"voyance-speciale-etes-vous-victime-dun-envoutement","status":"publish","type":"product","link":"https:\/\/www.spirit-us.eu\/index.php\/produit\/voyance-speciale-etes-vous-victime-dun-envoutement\/","title":{"rendered":"Voyance sp\u00e9ciale : \u00eates-vous victime d&rsquo;un ENVOUTEMENT ?"},"content":{"rendered":"","protected":false},"excerpt":{"rendered":"<p>Avez-vous l&rsquo;impression que, quoi que vous fassiez, c&rsquo;est vou\u00e9 \u00e0 l&rsquo;\u00e9chec ou tourne en boucle sans que vous compreniez pourquoi ? Quelqu&rsquo;un convoite-t-il ce que vous avez : une magnifique famille, une maison, un poste de travail rentable ? Cette personne ou ce groupe de personnes pervers et envieuses s&rsquo;adonnent peut-\u00eatre contre vous \u00e0 des pratiques occultes pouvant entra\u00eener les pires probl\u00e8mes et m\u00eame la mort. Mais il n&rsquo;y a pas de fatalit\u00e9, et la premi\u00e8re clef est la compr\u00e9hension et la seconde, l&rsquo;action juste qui r\u00e9soudra le probl\u00e8me en temps divin.\u00a0 La r\u00e9solution vous apportera\u00a0 la d\u00e9livrance et une grande puissance pour le reste de votre vie.\u00a0 Consultation sp\u00e9cifique d&rsquo;une dur\u00e9e de 60 minutes, qui permettra de d\u00e9terminer quelles actions seront n\u00e9cessaires pour magnifier vos finances si vous vivez un creux de la vague en cette mati\u00e8re, suite \u00e0 un \u00e9v\u00e9nement particulier, ou si le probl\u00e8me est plus ancr\u00e9 et que vous avez besoin d&rsquo;en conna\u00eetre les causes. <a href=\"https:\/\/exorciser-liberer-guerir.com\/prise-de-rendez-vous-par-domaine-dintervention\/\" target=\"_blank\" rel=\"noopener\"><strong>Prenez rendez-vous ici. <\/strong><\/a>Vous pouvez \u00e9galement nous \u00e9crire un sms via WhatsApp [num\u00e9ro sur cette page en haut \u00e0 gauche] en pr\u00e9cisant vos pr\u00e9nom, nom, coordonn\u00e9es (mail et t\u00e9l\u00e9phone pour vous identifier) et le probl\u00e8me que vous rencontrez.<\/p>\n","protected":false},"featured_media":1152,"comment_status":"open","ping_status":"closed","template":"","meta":[],"product_brand":[],"product_cat":[499,161,17,502],"product_tag":[171],"mwb_booking_cost":[],"mwb_booking_service":[],"class_list":{"0":"post-1151","1":"product","2":"type-product","3":"status-publish","4":"has-post-thumbnail","6":"product_cat-03-energetique","7":"product_cat-09-tarots-voyance","8":"product_cat-tous-les-produits","9":"product_cat-voyance","10":"product_tag-voyance","12":"first","13":"instock","14":"virtual","15":"purchasable","16":"product-type-simple"},"yoast_head":"<!-- This site is optimized with the Yoast SEO plugin v27.1.1 - https:\/\/yoast.com\/product\/yoast-seo-wordpress\/ -->\n<title>Voyance sp\u00e9ciale : \u00eates-vous victime d&#039;un ENVOUTEMENT ? - Spirit-US<\/title>\n<meta name=\"robots\" content=\"index, follow, max-snippet:-1, max-image-preview:large, max-video-preview:-1\" \/>\n<link rel=\"canonical\" href=\"https:\/\/www.spirit-us.eu\/index.php\/produit\/voyance-speciale-etes-vous-victime-dun-envoutement\/\" \/>\n<meta property=\"og:locale\" content=\"fr_FR\" \/>\n<meta property=\"og:type\" content=\"article\" \/>\n<meta property=\"og:title\" content=\"Voyance sp\u00e9ciale : \u00eates-vous victime d&#039;un ENVOUTEMENT ? - Spirit-US\" \/>\n<meta property=\"og:description\" content=\"Avez-vous l&#039;impression que, quoi que vous fassiez, c&#039;est vou\u00e9 \u00e0 l&#039;\u00e9chec ou tourne en boucle sans que vous compreniez pourquoi ? Quelqu&#039;un convoite-t-il ce que vous avez : une magnifique famille, une maison, un poste de travail rentable ? Cette personne ou ce groupe de personnes pervers et envieuses s&#039;adonnent peut-\u00eatre contre vous \u00e0 des pratiques occultes pouvant entra\u00eener les pires probl\u00e8mes et m\u00eame la mort. Mais il n&#039;y a pas de fatalit\u00e9, et la premi\u00e8re clef est la compr\u00e9hension et la seconde, l&#039;action juste qui r\u00e9soudra le probl\u00e8me en temps divin.\u00a0 La r\u00e9solution vous apportera\u00a0 la d\u00e9livrance et une grande puissance pour le reste de votre vie.\u00a0 Consultation sp\u00e9cifique d&#039;une dur\u00e9e de 60 minutes, qui permettra de d\u00e9terminer quelles actions seront n\u00e9cessaires pour magnifier vos finances si vous vivez un creux de la vague en cette mati\u00e8re, suite \u00e0 un \u00e9v\u00e9nement particulier, ou si le probl\u00e8me est plus ancr\u00e9 et que vous avez besoin d&#039;en conna\u00eetre les causes. Prenez rendez-vous ici. Vous pouvez \u00e9galement nous \u00e9crire un sms via WhatsApp [num\u00e9ro sur cette page en haut \u00e0 gauche] en pr\u00e9cisant vos pr\u00e9nom, nom, coordonn\u00e9es (mail et t\u00e9l\u00e9phone pour vous identifier) et le probl\u00e8me que vous rencontrez.\" \/>\n<meta property=\"og:url\" content=\"https:\/\/www.spirit-us.eu\/index.php\/produit\/voyance-speciale-etes-vous-victime-dun-envoutement\/\" \/>\n<meta property=\"og:site_name\" content=\"Spirit-US\" \/>\n<meta property=\"article:publisher\" content=\"https:\/\/www.facebook.com\/spirit.us.deum\" \/>\n<meta property=\"article:modified_time\" content=\"2025-12-21T15:58:52+00:00\" \/>\n<meta property=\"og:image\" content=\"https:\/\/www.spirit-us.eu\/wp-content\/uploads\/2025\/04\/Voyance-speciale-envoutement-1024x1024.png\" \/>\n\t<meta property=\"og:image:width\" content=\"1024\" \/>\n\t<meta property=\"og:image:height\" content=\"1024\" \/>\n\t<meta property=\"og:image:type\" content=\"image\/png\" \/>\n<meta name=\"twitter:card\" content=\"summary_large_image\" \/>\n<script type=\"application\/ld+json\" class=\"yoast-schema-graph\">{\"@context\":\"https:\/\/schema.org\",\"@graph\":[{\"@type\":\"WebPage\",\"@id\":\"https:\/\/www.spirit-us.eu\/index.php\/produit\/voyance-speciale-etes-vous-victime-dun-envoutement\/\",\"url\":\"https:\/\/www.spirit-us.eu\/index.php\/produit\/voyance-speciale-etes-vous-victime-dun-envoutement\/\",\"name\":\"Voyance sp\u00e9ciale : \u00eates-vous victime d'un ENVOUTEMENT ? - Spirit-US\",\"isPartOf\":{\"@id\":\"https:\/\/www.spirit-us.eu\/#website\"},\"primaryImageOfPage\":{\"@id\":\"https:\/\/www.spirit-us.eu\/index.php\/produit\/voyance-speciale-etes-vous-victime-dun-envoutement\/#primaryimage\"},\"image\":{\"@id\":\"https:\/\/www.spirit-us.eu\/index.php\/produit\/voyance-speciale-etes-vous-victime-dun-envoutement\/#primaryimage\"},\"thumbnailUrl\":\"https:\/\/www.spirit-us.eu\/wp-content\/uploads\/2025\/04\/Voyance-speciale-envoutement-scaled.png\",\"datePublished\":\"2025-04-27T09:16:51+00:00\",\"dateModified\":\"2025-12-21T15:58:52+00:00\",\"breadcrumb\":{\"@id\":\"https:\/\/www.spirit-us.eu\/index.php\/produit\/voyance-speciale-etes-vous-victime-dun-envoutement\/#breadcrumb\"},\"inLanguage\":\"fr-FR\",\"potentialAction\":[{\"@type\":\"ReadAction\",\"target\":[\"https:\/\/www.spirit-us.eu\/index.php\/produit\/voyance-speciale-etes-vous-victime-dun-envoutement\/\"]}]},{\"@type\":\"ImageObject\",\"inLanguage\":\"fr-FR\",\"@id\":\"https:\/\/www.spirit-us.eu\/index.php\/produit\/voyance-speciale-etes-vous-victime-dun-envoutement\/#primaryimage\",\"url\":\"https:\/\/www.spirit-us.eu\/wp-content\/uploads\/2025\/04\/Voyance-speciale-envoutement-scaled.png\",\"contentUrl\":\"https:\/\/www.spirit-us.eu\/wp-content\/uploads\/2025\/04\/Voyance-speciale-envoutement-scaled.png\",\"width\":2560,\"height\":2560},{\"@type\":\"BreadcrumbList\",\"@id\":\"https:\/\/www.spirit-us.eu\/index.php\/produit\/voyance-speciale-etes-vous-victime-dun-envoutement\/#breadcrumb\",\"itemListElement\":[{\"@type\":\"ListItem\",\"position\":1,\"name\":\"Accueil\",\"item\":\"https:\/\/www.spirit-us.eu\/\"},{\"@type\":\"ListItem\",\"position\":2,\"name\":\"Boutique\",\"item\":\"https:\/\/www.spirit-us.eu\/index.php\/boutique\/\"},{\"@type\":\"ListItem\",\"position\":3,\"name\":\"Voyance sp\u00e9ciale : \u00eates-vous victime d&rsquo;un ENVOUTEMENT ?\"}]},{\"@type\":\"WebSite\",\"@id\":\"https:\/\/www.spirit-us.eu\/#website\",\"url\":\"https:\/\/www.spirit-us.eu\/\",\"name\":\"Spirit-US\",\"description\":\"\",\"publisher\":{\"@id\":\"https:\/\/www.spirit-us.eu\/#organization\"},\"potentialAction\":[{\"@type\":\"SearchAction\",\"target\":{\"@type\":\"EntryPoint\",\"urlTemplate\":\"https:\/\/www.spirit-us.eu\/?s={search_term_string}\"},\"query-input\":{\"@type\":\"PropertyValueSpecification\",\"valueRequired\":true,\"valueName\":\"search_term_string\"}}],\"inLanguage\":\"fr-FR\"},{\"@type\":\"Organization\",\"@id\":\"https:\/\/www.spirit-us.eu\/#organization\",\"name\":\"Spirit-US\",\"url\":\"https:\/\/www.spirit-us.eu\/\",\"logo\":{\"@type\":\"ImageObject\",\"inLanguage\":\"fr-FR\",\"@id\":\"https:\/\/www.spirit-us.eu\/#\/schema\/logo\/image\/\",\"url\":\"https:\/\/www.spirit-us.eu\/wp-content\/uploads\/2025\/11\/logo-regarde-linterlocutrice-sans-arrriere-plan.jpg\",\"contentUrl\":\"https:\/\/www.spirit-us.eu\/wp-content\/uploads\/2025\/11\/logo-regarde-linterlocutrice-sans-arrriere-plan.jpg\",\"width\":1080,\"height\":1080,\"caption\":\"Spirit-US\"},\"image\":{\"@id\":\"https:\/\/www.spirit-us.eu\/#\/schema\/logo\/image\/\"},\"sameAs\":[\"https:\/\/www.facebook.com\/spirit.us.deum\"]}]}<\/script>\n<!-- \/ Yoast SEO plugin. -->","yoast_head_json":{"title":"Voyance sp\u00e9ciale : \u00eates-vous victime d'un ENVOUTEMENT ? - Spirit-US","robots":{"index":"index","follow":"follow","max-snippet":"max-snippet:-1","max-image-preview":"max-image-preview:large","max-video-preview":"max-video-preview:-1"},"canonical":"https:\/\/www.spirit-us.eu\/index.php\/produit\/voyance-speciale-etes-vous-victime-dun-envoutement\/","og_locale":"fr_FR","og_type":"article","og_title":"Voyance sp\u00e9ciale : \u00eates-vous victime d'un ENVOUTEMENT ? - Spirit-US","og_description":"Avez-vous l'impression que, quoi que vous fassiez, c'est vou\u00e9 \u00e0 l'\u00e9chec ou tourne en boucle sans que vous compreniez pourquoi ? Quelqu'un convoite-t-il ce que vous avez : une magnifique famille, une maison, un poste de travail rentable ? Cette personne ou ce groupe de personnes pervers et envieuses s'adonnent peut-\u00eatre contre vous \u00e0 des pratiques occultes pouvant entra\u00eener les pires probl\u00e8mes et m\u00eame la mort. Mais il n'y a pas de fatalit\u00e9, et la premi\u00e8re clef est la compr\u00e9hension et la seconde, l'action juste qui r\u00e9soudra le probl\u00e8me en temps divin.\u00a0 La r\u00e9solution vous apportera\u00a0 la d\u00e9livrance et une grande puissance pour le reste de votre vie.\u00a0 Consultation sp\u00e9cifique d'une dur\u00e9e de 60 minutes, qui permettra de d\u00e9terminer quelles actions seront n\u00e9cessaires pour magnifier vos finances si vous vivez un creux de la vague en cette mati\u00e8re, suite \u00e0 un \u00e9v\u00e9nement particulier, ou si le probl\u00e8me est plus ancr\u00e9 et que vous avez besoin d'en conna\u00eetre les causes. Prenez rendez-vous ici. Vous pouvez \u00e9galement nous \u00e9crire un sms via WhatsApp [num\u00e9ro sur cette page en haut \u00e0 gauche] en pr\u00e9cisant vos pr\u00e9nom, nom, coordonn\u00e9es (mail et t\u00e9l\u00e9phone pour vous identifier) et le probl\u00e8me que vous rencontrez.","og_url":"https:\/\/www.spirit-us.eu\/index.php\/produit\/voyance-speciale-etes-vous-victime-dun-envoutement\/","og_site_name":"Spirit-US","article_publisher":"https:\/\/www.facebook.com\/spirit.us.deum","article_modified_time":"2025-12-21T15:58:52+00:00","og_image":[{"width":1024,"height":1024,"url":"https:\/\/www.spirit-us.eu\/wp-content\/uploads\/2025\/04\/Voyance-speciale-envoutement-1024x1024.png","type":"image\/png"}],"twitter_card":"summary_large_image","schema":{"@context":"https:\/\/schema.org","@graph":[{"@type":"WebPage","@id":"https:\/\/www.spirit-us.eu\/index.php\/produit\/voyance-speciale-etes-vous-victime-dun-envoutement\/","url":"https:\/\/www.spirit-us.eu\/index.php\/produit\/voyance-speciale-etes-vous-victime-dun-envoutement\/","name":"Voyance sp\u00e9ciale : \u00eates-vous victime d'un ENVOUTEMENT ? - Spirit-US","isPartOf":{"@id":"https:\/\/www.spirit-us.eu\/#website"},"primaryImageOfPage":{"@id":"https:\/\/www.spirit-us.eu\/index.php\/produit\/voyance-speciale-etes-vous-victime-dun-envoutement\/#primaryimage"},"image":{"@id":"https:\/\/www.spirit-us.eu\/index.php\/produit\/voyance-speciale-etes-vous-victime-dun-envoutement\/#primaryimage"},"thumbnailUrl":"https:\/\/www.spirit-us.eu\/wp-content\/uploads\/2025\/04\/Voyance-speciale-envoutement-scaled.png","datePublished":"2025-04-27T09:16:51+00:00","dateModified":"2025-12-21T15:58:52+00:00","breadcrumb":{"@id":"https:\/\/www.spirit-us.eu\/index.php\/produit\/voyance-speciale-etes-vous-victime-dun-envoutement\/#breadcrumb"},"inLanguage":"fr-FR","potentialAction":[{"@type":"ReadAction","target":["https:\/\/www.spirit-us.eu\/index.php\/produit\/voyance-speciale-etes-vous-victime-dun-envoutement\/"]}]},{"@type":"ImageObject","inLanguage":"fr-FR","@id":"https:\/\/www.spirit-us.eu\/index.php\/produit\/voyance-speciale-etes-vous-victime-dun-envoutement\/#primaryimage","url":"https:\/\/www.spirit-us.eu\/wp-content\/uploads\/2025\/04\/Voyance-speciale-envoutement-scaled.png","contentUrl":"https:\/\/www.spirit-us.eu\/wp-content\/uploads\/2025\/04\/Voyance-speciale-envoutement-scaled.png","width":2560,"height":2560},{"@type":"BreadcrumbList","@id":"https:\/\/www.spirit-us.eu\/index.php\/produit\/voyance-speciale-etes-vous-victime-dun-envoutement\/#breadcrumb","itemListElement":[{"@type":"ListItem","position":1,"name":"Accueil","item":"https:\/\/www.spirit-us.eu\/"},{"@type":"ListItem","position":2,"name":"Boutique","item":"https:\/\/www.spirit-us.eu\/index.php\/boutique\/"},{"@type":"ListItem","position":3,"name":"Voyance sp\u00e9ciale : \u00eates-vous victime d&rsquo;un ENVOUTEMENT ?"}]},{"@type":"WebSite","@id":"https:\/\/www.spirit-us.eu\/#website","url":"https:\/\/www.spirit-us.eu\/","name":"Spirit-US","description":"","publisher":{"@id":"https:\/\/www.spirit-us.eu\/#organization"},"potentialAction":[{"@type":"SearchAction","target":{"@type":"EntryPoint","urlTemplate":"https:\/\/www.spirit-us.eu\/?s={search_term_string}"},"query-input":{"@type":"PropertyValueSpecification","valueRequired":true,"valueName":"search_term_string"}}],"inLanguage":"fr-FR"},{"@type":"Organization","@id":"https:\/\/www.spirit-us.eu\/#organization","name":"Spirit-US","url":"https:\/\/www.spirit-us.eu\/","logo":{"@type":"ImageObject","inLanguage":"fr-FR","@id":"https:\/\/www.spirit-us.eu\/#\/schema\/logo\/image\/","url":"https:\/\/www.spirit-us.eu\/wp-content\/uploads\/2025\/11\/logo-regarde-linterlocutrice-sans-arrriere-plan.jpg","contentUrl":"https:\/\/www.spirit-us.eu\/wp-content\/uploads\/2025\/11\/logo-regarde-linterlocutrice-sans-arrriere-plan.jpg","width":1080,"height":1080,"caption":"Spirit-US"},"image":{"@id":"https:\/\/www.spirit-us.eu\/#\/schema\/logo\/image\/"},"sameAs":["https:\/\/www.facebook.com\/spirit.us.deum"]}]}},"jetpack_sharing_enabled":true,"_links":{"self":[{"href":"https:\/\/www.spirit-us.eu\/index.php\/wp-json\/wp\/v2\/product\/1151","targetHints":{"allow":["GET"]}}],"collection":[{"href":"https:\/\/www.spirit-us.eu\/index.php\/wp-json\/wp\/v2\/product"}],"about":[{"href":"https:\/\/www.spirit-us.eu\/index.php\/wp-json\/wp\/v2\/types\/product"}],"replies":[{"embeddable":true,"href":"https:\/\/www.spirit-us.eu\/index.php\/wp-json\/wp\/v2\/comments?post=1151"}],"wp:featuredmedia":[{"embeddable":true,"href":"https:\/\/www.spirit-us.eu\/index.php\/wp-json\/wp\/v2\/media\/1152"}],"wp:attachment":[{"href":"https:\/\/www.spirit-us.eu\/index.php\/wp-json\/wp\/v2\/media?parent=1151"}],"wp:term":[{"taxonomy":"product_brand","embeddable":true,"href":"https:\/\/www.spirit-us.eu\/index.php\/wp-json\/wp\/v2\/product_brand?post=1151"},{"taxonomy":"product_cat","embeddable":true,"href":"https:\/\/www.spirit-us.eu\/index.php\/wp-json\/wp\/v2\/product_cat?post=1151"},{"taxonomy":"product_tag","embeddable":true,"href":"https:\/\/www.spirit-us.eu\/index.php\/wp-json\/wp\/v2\/product_tag?post=1151"},{"taxonomy":"mwb_booking_cost","embeddable":true,"href":"https:\/\/www.spirit-us.eu\/index.php\/wp-json\/wp\/v2\/mwb_booking_cost?post=1151"},{"taxonomy":"mwb_booking_service","embeddable":true,"href":"https:\/\/www.spirit-us.eu\/index.php\/wp-json\/wp\/v2\/mwb_booking_service?post=1151"}],"curies":[{"name":"wp","href":"https:\/\/api.w.org\/{rel}","templated":true}]}}