{"id":1149,"date":"2025-04-27T11:02:21","date_gmt":"2025-04-27T09:02:21","guid":{"rendered":"https:\/\/www.spirit-us.eu\/?post_type=product&#038;p=1149"},"modified":"2025-12-21T16:59:04","modified_gmt":"2025-12-21T15:59:04","slug":"voyance-speciale-karma-vies-anterieures","status":"publish","type":"product","link":"https:\/\/www.spirit-us.eu\/index.php\/produit\/voyance-speciale-karma-vies-anterieures\/","title":{"rendered":"Voyance sp\u00e9ciale : KARMA &#038; VIES ANTERIEURES"},"content":{"rendered":"","protected":false},"excerpt":{"rendered":"<p>Des sch\u00e9mas r\u00e9p\u00e9titifs se produisent-ils dans votre vie, sans que vous puissiez les stopper ? Avez-vous l&rsquo;impression que, quoi que vous fassiez, c&rsquo;est vou\u00e9 \u00e0 l&rsquo;\u00e9chec ou tourne en boucle sans que vous compreniez pourquoi ? Vous avez peut-\u00eatre import\u00e9 d&rsquo;une ancienne vie quelque chose qui a besoin d&rsquo;\u00eatre r\u00e9solu, rendu \u00e0 la Lumi\u00e8re. Car il n&rsquo;y a pas de fatalit\u00e9, et la premi\u00e8re clef est la compr\u00e9hension et la seconde, l&rsquo;action juste qui r\u00e9soudra ce sch\u00e9ma.\u00a0 La r\u00e9solution vous apportera une nouvelle force et une grande puissance pour le reste de votre vie.\u00a0 Consultation sp\u00e9cifique d&rsquo;une dur\u00e9e de 60 minutes, qui permettra de d\u00e9terminer quelles actions seront n\u00e9cessaires pour magnifier vos finances si vous vivez un creux de la vague en cette mati\u00e8re, suite \u00e0 un \u00e9v\u00e9nement particulier, ou si le probl\u00e8me est plus ancr\u00e9 et que vous avez besoin d&rsquo;en conna\u00eetre les causes. <a href=\"https:\/\/exorciser-liberer-guerir.com\/prise-de-rendez-vous-par-domaine-dintervention\/\" target=\"_blank\" rel=\"noopener\"><strong>Prenez rendez-vous ici. <\/strong><\/a>Vous pouvez \u00e9galement nous \u00e9crire un sms via WhatsApp [num\u00e9ro sur cette page en haut \u00e0 gauche] en pr\u00e9cisant vos pr\u00e9nom, nom, coordonn\u00e9es (mail et t\u00e9l\u00e9phone pour vous identifier).<\/p>\n","protected":false},"featured_media":1150,"comment_status":"open","ping_status":"closed","template":"","meta":[],"product_brand":[],"product_cat":[499,161,17,502],"product_tag":[171],"mwb_booking_cost":[],"mwb_booking_service":[],"class_list":{"0":"post-1149","1":"product","2":"type-product","3":"status-publish","4":"has-post-thumbnail","6":"product_cat-03-energetique","7":"product_cat-09-tarots-voyance","8":"product_cat-tous-les-produits","9":"product_cat-voyance","10":"product_tag-voyance","12":"first","13":"instock","14":"virtual","15":"purchasable","16":"product-type-simple"},"yoast_head":"<!-- This site is optimized with the Yoast SEO plugin v27.1.1 - https:\/\/yoast.com\/product\/yoast-seo-wordpress\/ -->\n<title>Voyance sp\u00e9ciale : KARMA &amp; VIES ANTERIEURES - Spirit-US<\/title>\n<meta name=\"robots\" content=\"index, follow, max-snippet:-1, max-image-preview:large, max-video-preview:-1\" \/>\n<link rel=\"canonical\" href=\"https:\/\/www.spirit-us.eu\/index.php\/produit\/voyance-speciale-karma-vies-anterieures\/\" \/>\n<meta property=\"og:locale\" content=\"fr_FR\" \/>\n<meta property=\"og:type\" content=\"article\" \/>\n<meta property=\"og:title\" content=\"Voyance sp\u00e9ciale : KARMA &amp; VIES ANTERIEURES - Spirit-US\" \/>\n<meta property=\"og:description\" content=\"Des sch\u00e9mas r\u00e9p\u00e9titifs se produisent-ils dans votre vie, sans que vous puissiez les stopper ? Avez-vous l&#039;impression que, quoi que vous fassiez, c&#039;est vou\u00e9 \u00e0 l&#039;\u00e9chec ou tourne en boucle sans que vous compreniez pourquoi ? Vous avez peut-\u00eatre import\u00e9 d&#039;une ancienne vie quelque chose qui a besoin d&#039;\u00eatre r\u00e9solu, rendu \u00e0 la Lumi\u00e8re. Car il n&#039;y a pas de fatalit\u00e9, et la premi\u00e8re clef est la compr\u00e9hension et la seconde, l&#039;action juste qui r\u00e9soudra ce sch\u00e9ma.\u00a0 La r\u00e9solution vous apportera une nouvelle force et une grande puissance pour le reste de votre vie.\u00a0 Consultation sp\u00e9cifique d&#039;une dur\u00e9e de 60 minutes, qui permettra de d\u00e9terminer quelles actions seront n\u00e9cessaires pour magnifier vos finances si vous vivez un creux de la vague en cette mati\u00e8re, suite \u00e0 un \u00e9v\u00e9nement particulier, ou si le probl\u00e8me est plus ancr\u00e9 et que vous avez besoin d&#039;en conna\u00eetre les causes. Prenez rendez-vous ici. Vous pouvez \u00e9galement nous \u00e9crire un sms via WhatsApp [num\u00e9ro sur cette page en haut \u00e0 gauche] en pr\u00e9cisant vos pr\u00e9nom, nom, coordonn\u00e9es (mail et t\u00e9l\u00e9phone pour vous identifier).\" \/>\n<meta property=\"og:url\" content=\"https:\/\/www.spirit-us.eu\/index.php\/produit\/voyance-speciale-karma-vies-anterieures\/\" \/>\n<meta property=\"og:site_name\" content=\"Spirit-US\" \/>\n<meta property=\"article:publisher\" content=\"https:\/\/www.facebook.com\/spirit.us.deum\" \/>\n<meta property=\"article:modified_time\" content=\"2025-12-21T15:59:04+00:00\" \/>\n<meta property=\"og:image\" content=\"https:\/\/www.spirit-us.eu\/wp-content\/uploads\/2025\/04\/Voyance-speciale-karma-et-vies-anterieures-1024x1024.png\" \/>\n\t<meta property=\"og:image:width\" content=\"1024\" \/>\n\t<meta property=\"og:image:height\" content=\"1024\" \/>\n\t<meta property=\"og:image:type\" content=\"image\/png\" \/>\n<meta name=\"twitter:card\" content=\"summary_large_image\" \/>\n<script type=\"application\/ld+json\" class=\"yoast-schema-graph\">{\"@context\":\"https:\/\/schema.org\",\"@graph\":[{\"@type\":\"WebPage\",\"@id\":\"https:\/\/www.spirit-us.eu\/index.php\/produit\/voyance-speciale-karma-vies-anterieures\/\",\"url\":\"https:\/\/www.spirit-us.eu\/index.php\/produit\/voyance-speciale-karma-vies-anterieures\/\",\"name\":\"Voyance sp\u00e9ciale : KARMA & VIES ANTERIEURES - Spirit-US\",\"isPartOf\":{\"@id\":\"https:\/\/www.spirit-us.eu\/#website\"},\"primaryImageOfPage\":{\"@id\":\"https:\/\/www.spirit-us.eu\/index.php\/produit\/voyance-speciale-karma-vies-anterieures\/#primaryimage\"},\"image\":{\"@id\":\"https:\/\/www.spirit-us.eu\/index.php\/produit\/voyance-speciale-karma-vies-anterieures\/#primaryimage\"},\"thumbnailUrl\":\"https:\/\/www.spirit-us.eu\/wp-content\/uploads\/2025\/04\/Voyance-speciale-karma-et-vies-anterieures-scaled.png\",\"datePublished\":\"2025-04-27T09:02:21+00:00\",\"dateModified\":\"2025-12-21T15:59:04+00:00\",\"breadcrumb\":{\"@id\":\"https:\/\/www.spirit-us.eu\/index.php\/produit\/voyance-speciale-karma-vies-anterieures\/#breadcrumb\"},\"inLanguage\":\"fr-FR\",\"potentialAction\":[{\"@type\":\"ReadAction\",\"target\":[\"https:\/\/www.spirit-us.eu\/index.php\/produit\/voyance-speciale-karma-vies-anterieures\/\"]}]},{\"@type\":\"ImageObject\",\"inLanguage\":\"fr-FR\",\"@id\":\"https:\/\/www.spirit-us.eu\/index.php\/produit\/voyance-speciale-karma-vies-anterieures\/#primaryimage\",\"url\":\"https:\/\/www.spirit-us.eu\/wp-content\/uploads\/2025\/04\/Voyance-speciale-karma-et-vies-anterieures-scaled.png\",\"contentUrl\":\"https:\/\/www.spirit-us.eu\/wp-content\/uploads\/2025\/04\/Voyance-speciale-karma-et-vies-anterieures-scaled.png\",\"width\":2560,\"height\":2560},{\"@type\":\"BreadcrumbList\",\"@id\":\"https:\/\/www.spirit-us.eu\/index.php\/produit\/voyance-speciale-karma-vies-anterieures\/#breadcrumb\",\"itemListElement\":[{\"@type\":\"ListItem\",\"position\":1,\"name\":\"Accueil\",\"item\":\"https:\/\/www.spirit-us.eu\/\"},{\"@type\":\"ListItem\",\"position\":2,\"name\":\"Boutique\",\"item\":\"https:\/\/www.spirit-us.eu\/index.php\/boutique\/\"},{\"@type\":\"ListItem\",\"position\":3,\"name\":\"Voyance sp\u00e9ciale : KARMA &#038; VIES ANTERIEURES\"}]},{\"@type\":\"WebSite\",\"@id\":\"https:\/\/www.spirit-us.eu\/#website\",\"url\":\"https:\/\/www.spirit-us.eu\/\",\"name\":\"Spirit-US\",\"description\":\"\",\"publisher\":{\"@id\":\"https:\/\/www.spirit-us.eu\/#organization\"},\"potentialAction\":[{\"@type\":\"SearchAction\",\"target\":{\"@type\":\"EntryPoint\",\"urlTemplate\":\"https:\/\/www.spirit-us.eu\/?s={search_term_string}\"},\"query-input\":{\"@type\":\"PropertyValueSpecification\",\"valueRequired\":true,\"valueName\":\"search_term_string\"}}],\"inLanguage\":\"fr-FR\"},{\"@type\":\"Organization\",\"@id\":\"https:\/\/www.spirit-us.eu\/#organization\",\"name\":\"Spirit-US\",\"url\":\"https:\/\/www.spirit-us.eu\/\",\"logo\":{\"@type\":\"ImageObject\",\"inLanguage\":\"fr-FR\",\"@id\":\"https:\/\/www.spirit-us.eu\/#\/schema\/logo\/image\/\",\"url\":\"https:\/\/www.spirit-us.eu\/wp-content\/uploads\/2025\/11\/logo-regarde-linterlocutrice-sans-arrriere-plan.jpg\",\"contentUrl\":\"https:\/\/www.spirit-us.eu\/wp-content\/uploads\/2025\/11\/logo-regarde-linterlocutrice-sans-arrriere-plan.jpg\",\"width\":1080,\"height\":1080,\"caption\":\"Spirit-US\"},\"image\":{\"@id\":\"https:\/\/www.spirit-us.eu\/#\/schema\/logo\/image\/\"},\"sameAs\":[\"https:\/\/www.facebook.com\/spirit.us.deum\"]}]}<\/script>\n<!-- \/ Yoast SEO plugin. -->","yoast_head_json":{"title":"Voyance sp\u00e9ciale : KARMA & VIES ANTERIEURES - Spirit-US","robots":{"index":"index","follow":"follow","max-snippet":"max-snippet:-1","max-image-preview":"max-image-preview:large","max-video-preview":"max-video-preview:-1"},"canonical":"https:\/\/www.spirit-us.eu\/index.php\/produit\/voyance-speciale-karma-vies-anterieures\/","og_locale":"fr_FR","og_type":"article","og_title":"Voyance sp\u00e9ciale : KARMA & VIES ANTERIEURES - Spirit-US","og_description":"Des sch\u00e9mas r\u00e9p\u00e9titifs se produisent-ils dans votre vie, sans que vous puissiez les stopper ? Avez-vous l'impression que, quoi que vous fassiez, c'est vou\u00e9 \u00e0 l'\u00e9chec ou tourne en boucle sans que vous compreniez pourquoi ? Vous avez peut-\u00eatre import\u00e9 d'une ancienne vie quelque chose qui a besoin d'\u00eatre r\u00e9solu, rendu \u00e0 la Lumi\u00e8re. Car il n'y a pas de fatalit\u00e9, et la premi\u00e8re clef est la compr\u00e9hension et la seconde, l'action juste qui r\u00e9soudra ce sch\u00e9ma.\u00a0 La r\u00e9solution vous apportera une nouvelle force et une grande puissance pour le reste de votre vie.\u00a0 Consultation sp\u00e9cifique d'une dur\u00e9e de 60 minutes, qui permettra de d\u00e9terminer quelles actions seront n\u00e9cessaires pour magnifier vos finances si vous vivez un creux de la vague en cette mati\u00e8re, suite \u00e0 un \u00e9v\u00e9nement particulier, ou si le probl\u00e8me est plus ancr\u00e9 et que vous avez besoin d'en conna\u00eetre les causes. Prenez rendez-vous ici. Vous pouvez \u00e9galement nous \u00e9crire un sms via WhatsApp [num\u00e9ro sur cette page en haut \u00e0 gauche] en pr\u00e9cisant vos pr\u00e9nom, nom, coordonn\u00e9es (mail et t\u00e9l\u00e9phone pour vous identifier).","og_url":"https:\/\/www.spirit-us.eu\/index.php\/produit\/voyance-speciale-karma-vies-anterieures\/","og_site_name":"Spirit-US","article_publisher":"https:\/\/www.facebook.com\/spirit.us.deum","article_modified_time":"2025-12-21T15:59:04+00:00","og_image":[{"width":1024,"height":1024,"url":"https:\/\/www.spirit-us.eu\/wp-content\/uploads\/2025\/04\/Voyance-speciale-karma-et-vies-anterieures-1024x1024.png","type":"image\/png"}],"twitter_card":"summary_large_image","schema":{"@context":"https:\/\/schema.org","@graph":[{"@type":"WebPage","@id":"https:\/\/www.spirit-us.eu\/index.php\/produit\/voyance-speciale-karma-vies-anterieures\/","url":"https:\/\/www.spirit-us.eu\/index.php\/produit\/voyance-speciale-karma-vies-anterieures\/","name":"Voyance sp\u00e9ciale : KARMA & VIES ANTERIEURES - Spirit-US","isPartOf":{"@id":"https:\/\/www.spirit-us.eu\/#website"},"primaryImageOfPage":{"@id":"https:\/\/www.spirit-us.eu\/index.php\/produit\/voyance-speciale-karma-vies-anterieures\/#primaryimage"},"image":{"@id":"https:\/\/www.spirit-us.eu\/index.php\/produit\/voyance-speciale-karma-vies-anterieures\/#primaryimage"},"thumbnailUrl":"https:\/\/www.spirit-us.eu\/wp-content\/uploads\/2025\/04\/Voyance-speciale-karma-et-vies-anterieures-scaled.png","datePublished":"2025-04-27T09:02:21+00:00","dateModified":"2025-12-21T15:59:04+00:00","breadcrumb":{"@id":"https:\/\/www.spirit-us.eu\/index.php\/produit\/voyance-speciale-karma-vies-anterieures\/#breadcrumb"},"inLanguage":"fr-FR","potentialAction":[{"@type":"ReadAction","target":["https:\/\/www.spirit-us.eu\/index.php\/produit\/voyance-speciale-karma-vies-anterieures\/"]}]},{"@type":"ImageObject","inLanguage":"fr-FR","@id":"https:\/\/www.spirit-us.eu\/index.php\/produit\/voyance-speciale-karma-vies-anterieures\/#primaryimage","url":"https:\/\/www.spirit-us.eu\/wp-content\/uploads\/2025\/04\/Voyance-speciale-karma-et-vies-anterieures-scaled.png","contentUrl":"https:\/\/www.spirit-us.eu\/wp-content\/uploads\/2025\/04\/Voyance-speciale-karma-et-vies-anterieures-scaled.png","width":2560,"height":2560},{"@type":"BreadcrumbList","@id":"https:\/\/www.spirit-us.eu\/index.php\/produit\/voyance-speciale-karma-vies-anterieures\/#breadcrumb","itemListElement":[{"@type":"ListItem","position":1,"name":"Accueil","item":"https:\/\/www.spirit-us.eu\/"},{"@type":"ListItem","position":2,"name":"Boutique","item":"https:\/\/www.spirit-us.eu\/index.php\/boutique\/"},{"@type":"ListItem","position":3,"name":"Voyance sp\u00e9ciale : KARMA &#038; VIES ANTERIEURES"}]},{"@type":"WebSite","@id":"https:\/\/www.spirit-us.eu\/#website","url":"https:\/\/www.spirit-us.eu\/","name":"Spirit-US","description":"","publisher":{"@id":"https:\/\/www.spirit-us.eu\/#organization"},"potentialAction":[{"@type":"SearchAction","target":{"@type":"EntryPoint","urlTemplate":"https:\/\/www.spirit-us.eu\/?s={search_term_string}"},"query-input":{"@type":"PropertyValueSpecification","valueRequired":true,"valueName":"search_term_string"}}],"inLanguage":"fr-FR"},{"@type":"Organization","@id":"https:\/\/www.spirit-us.eu\/#organization","name":"Spirit-US","url":"https:\/\/www.spirit-us.eu\/","logo":{"@type":"ImageObject","inLanguage":"fr-FR","@id":"https:\/\/www.spirit-us.eu\/#\/schema\/logo\/image\/","url":"https:\/\/www.spirit-us.eu\/wp-content\/uploads\/2025\/11\/logo-regarde-linterlocutrice-sans-arrriere-plan.jpg","contentUrl":"https:\/\/www.spirit-us.eu\/wp-content\/uploads\/2025\/11\/logo-regarde-linterlocutrice-sans-arrriere-plan.jpg","width":1080,"height":1080,"caption":"Spirit-US"},"image":{"@id":"https:\/\/www.spirit-us.eu\/#\/schema\/logo\/image\/"},"sameAs":["https:\/\/www.facebook.com\/spirit.us.deum"]}]}},"jetpack_sharing_enabled":true,"_links":{"self":[{"href":"https:\/\/www.spirit-us.eu\/index.php\/wp-json\/wp\/v2\/product\/1149","targetHints":{"allow":["GET"]}}],"collection":[{"href":"https:\/\/www.spirit-us.eu\/index.php\/wp-json\/wp\/v2\/product"}],"about":[{"href":"https:\/\/www.spirit-us.eu\/index.php\/wp-json\/wp\/v2\/types\/product"}],"replies":[{"embeddable":true,"href":"https:\/\/www.spirit-us.eu\/index.php\/wp-json\/wp\/v2\/comments?post=1149"}],"wp:featuredmedia":[{"embeddable":true,"href":"https:\/\/www.spirit-us.eu\/index.php\/wp-json\/wp\/v2\/media\/1150"}],"wp:attachment":[{"href":"https:\/\/www.spirit-us.eu\/index.php\/wp-json\/wp\/v2\/media?parent=1149"}],"wp:term":[{"taxonomy":"product_brand","embeddable":true,"href":"https:\/\/www.spirit-us.eu\/index.php\/wp-json\/wp\/v2\/product_brand?post=1149"},{"taxonomy":"product_cat","embeddable":true,"href":"https:\/\/www.spirit-us.eu\/index.php\/wp-json\/wp\/v2\/product_cat?post=1149"},{"taxonomy":"product_tag","embeddable":true,"href":"https:\/\/www.spirit-us.eu\/index.php\/wp-json\/wp\/v2\/product_tag?post=1149"},{"taxonomy":"mwb_booking_cost","embeddable":true,"href":"https:\/\/www.spirit-us.eu\/index.php\/wp-json\/wp\/v2\/mwb_booking_cost?post=1149"},{"taxonomy":"mwb_booking_service","embeddable":true,"href":"https:\/\/www.spirit-us.eu\/index.php\/wp-json\/wp\/v2\/mwb_booking_service?post=1149"}],"curies":[{"name":"wp","href":"https:\/\/api.w.org\/{rel}","templated":true}]}}