{"id":1142,"date":"2025-04-27T10:23:04","date_gmt":"2025-04-27T08:23:04","guid":{"rendered":"https:\/\/www.spirit-us.eu\/?post_type=product&#038;p=1142"},"modified":"2025-12-21T16:59:56","modified_gmt":"2025-12-21T15:59:56","slug":"voyance-speciale-finances","status":"publish","type":"product","link":"https:\/\/www.spirit-us.eu\/index.php\/produit\/voyance-speciale-finances\/","title":{"rendered":"Voyance sp\u00e9ciale : FINANCES"},"content":{"rendered":"","protected":false},"excerpt":{"rendered":"<p>Vous travaillez et vous n&rsquo;arrivez pourtant pas \u00e0 vous sentir en s\u00e9curit\u00e9 financi\u00e8re ? Vous rebouchez un trou et un autre se forme \u00e0 c\u00f4t\u00e9 ?\u00a0 Peut-\u00eatre existe-t-il un sch\u00e9ma pervers li\u00e9 \u00e0 votre destin, ou \u00e0 la jalousie de quelqu&rsquo;un qui envie votre vie &#8230; peut-\u00eatre avez-vous h\u00e9rit\u00e9 de dettes transg\u00e9n\u00e9rationnelles &#8211; car,\u00a0 oui cela existe &#8230; ! Consultation sp\u00e9cifique d&rsquo;une dur\u00e9e de 60 minutes, qui permettra de d\u00e9terminer quelles actions seront n\u00e9cessaires pour magnifier vos finances si vous vivez un creux de la vague en cette mati\u00e8re, suite \u00e0 un \u00e9v\u00e9nement particulier, ou si le probl\u00e8me est plus ancr\u00e9 et que vous avez besoin d&rsquo;en conna\u00eetre les causes. <a href=\"https:\/\/exorciser-liberer-guerir.com\/prise-de-rendez-vous-par-domaine-dintervention\/\" target=\"_blank\" rel=\"noopener\"><strong>Prenez rendez-vous ici.<\/strong><\/a><\/p>\n<p>Vous pouvez \u00e9galement nous \u00e9crire un sms via WhatsApp en pr\u00e9cisant vos pr\u00e9nom, nom, coordonn\u00e9es (mail et t\u00e9l\u00e9phone pour vous identifier). Vous pouvez aussi, au pr\u00e9alable, effectuer un test totalement gratuit, via ce lien et vous recevrez une proposition de rendez-vous par mail : <a href=\"https:\/\/exorciser-liberer-guerir.com\/contenu-annexe\/elementor-1082\/\" target=\"_blank\" rel=\"noopener\">TEST : FAUT-IL DESENVOUTER LES FINANCES DANS VOTRE VIE ? &#8211; Exorciser lib\u00e9rer gu\u00e9rir<\/a><\/p>\n","protected":false},"featured_media":1143,"comment_status":"open","ping_status":"closed","template":"","meta":[],"product_brand":[],"product_cat":[499,17,502],"product_tag":[171],"mwb_booking_cost":[],"mwb_booking_service":[],"class_list":{"0":"post-1142","1":"product","2":"type-product","3":"status-publish","4":"has-post-thumbnail","6":"product_cat-03-energetique","7":"product_cat-tous-les-produits","8":"product_cat-voyance","9":"product_tag-voyance","11":"first","12":"instock","13":"virtual","14":"purchasable","15":"product-type-simple"},"yoast_head":"<!-- This site is optimized with the Yoast SEO plugin v27.1.1 - https:\/\/yoast.com\/product\/yoast-seo-wordpress\/ -->\n<title>Voyance sp\u00e9ciale : FINANCES - Spirit-US<\/title>\n<meta name=\"robots\" content=\"index, follow, max-snippet:-1, max-image-preview:large, max-video-preview:-1\" \/>\n<link rel=\"canonical\" href=\"https:\/\/www.spirit-us.eu\/index.php\/produit\/voyance-speciale-finances\/\" \/>\n<meta property=\"og:locale\" content=\"fr_FR\" \/>\n<meta property=\"og:type\" content=\"article\" \/>\n<meta property=\"og:title\" content=\"Voyance sp\u00e9ciale : FINANCES - Spirit-US\" \/>\n<meta property=\"og:description\" content=\"Vous travaillez et vous n&#039;arrivez pourtant pas \u00e0 vous sentir en s\u00e9curit\u00e9 financi\u00e8re ? Vous rebouchez un trou et un autre se forme \u00e0 c\u00f4t\u00e9 ?\u00a0 Peut-\u00eatre existe-t-il un sch\u00e9ma pervers li\u00e9 \u00e0 votre destin, ou \u00e0 la jalousie de quelqu&#039;un qui envie votre vie ... peut-\u00eatre avez-vous h\u00e9rit\u00e9 de dettes transg\u00e9n\u00e9rationnelles - car,\u00a0 oui cela existe ... ! Consultation sp\u00e9cifique d&#039;une dur\u00e9e de 60 minutes, qui permettra de d\u00e9terminer quelles actions seront n\u00e9cessaires pour magnifier vos finances si vous vivez un creux de la vague en cette mati\u00e8re, suite \u00e0 un \u00e9v\u00e9nement particulier, ou si le probl\u00e8me est plus ancr\u00e9 et que vous avez besoin d&#039;en conna\u00eetre les causes. Prenez rendez-vous ici.  Vous pouvez \u00e9galement nous \u00e9crire un sms via WhatsApp en pr\u00e9cisant vos pr\u00e9nom, nom, coordonn\u00e9es (mail et t\u00e9l\u00e9phone pour vous identifier). Vous pouvez aussi, au pr\u00e9alable, effectuer un test totalement gratuit, via ce lien et vous recevrez une proposition de rendez-vous par mail : TEST : FAUT-IL DESENVOUTER LES FINANCES DANS VOTRE VIE ? - Exorciser lib\u00e9rer gu\u00e9rir\" \/>\n<meta property=\"og:url\" content=\"https:\/\/www.spirit-us.eu\/index.php\/produit\/voyance-speciale-finances\/\" \/>\n<meta property=\"og:site_name\" content=\"Spirit-US\" \/>\n<meta property=\"article:publisher\" content=\"https:\/\/www.facebook.com\/spirit.us.deum\" \/>\n<meta property=\"article:modified_time\" content=\"2025-12-21T15:59:56+00:00\" \/>\n<meta property=\"og:image\" content=\"https:\/\/www.spirit-us.eu\/wp-content\/uploads\/2025\/04\/Voyance-speciale-finances-1024x1024.png\" \/>\n\t<meta property=\"og:image:width\" content=\"1024\" \/>\n\t<meta property=\"og:image:height\" content=\"1024\" \/>\n\t<meta property=\"og:image:type\" content=\"image\/png\" \/>\n<meta name=\"twitter:card\" content=\"summary_large_image\" \/>\n<script type=\"application\/ld+json\" class=\"yoast-schema-graph\">{\"@context\":\"https:\/\/schema.org\",\"@graph\":[{\"@type\":\"WebPage\",\"@id\":\"https:\/\/www.spirit-us.eu\/index.php\/produit\/voyance-speciale-finances\/\",\"url\":\"https:\/\/www.spirit-us.eu\/index.php\/produit\/voyance-speciale-finances\/\",\"name\":\"Voyance sp\u00e9ciale : FINANCES - Spirit-US\",\"isPartOf\":{\"@id\":\"https:\/\/www.spirit-us.eu\/#website\"},\"primaryImageOfPage\":{\"@id\":\"https:\/\/www.spirit-us.eu\/index.php\/produit\/voyance-speciale-finances\/#primaryimage\"},\"image\":{\"@id\":\"https:\/\/www.spirit-us.eu\/index.php\/produit\/voyance-speciale-finances\/#primaryimage\"},\"thumbnailUrl\":\"https:\/\/www.spirit-us.eu\/wp-content\/uploads\/2025\/04\/Voyance-speciale-finances-scaled.png\",\"datePublished\":\"2025-04-27T08:23:04+00:00\",\"dateModified\":\"2025-12-21T15:59:56+00:00\",\"breadcrumb\":{\"@id\":\"https:\/\/www.spirit-us.eu\/index.php\/produit\/voyance-speciale-finances\/#breadcrumb\"},\"inLanguage\":\"fr-FR\",\"potentialAction\":[{\"@type\":\"ReadAction\",\"target\":[\"https:\/\/www.spirit-us.eu\/index.php\/produit\/voyance-speciale-finances\/\"]}]},{\"@type\":\"ImageObject\",\"inLanguage\":\"fr-FR\",\"@id\":\"https:\/\/www.spirit-us.eu\/index.php\/produit\/voyance-speciale-finances\/#primaryimage\",\"url\":\"https:\/\/www.spirit-us.eu\/wp-content\/uploads\/2025\/04\/Voyance-speciale-finances-scaled.png\",\"contentUrl\":\"https:\/\/www.spirit-us.eu\/wp-content\/uploads\/2025\/04\/Voyance-speciale-finances-scaled.png\",\"width\":2560,\"height\":2560},{\"@type\":\"BreadcrumbList\",\"@id\":\"https:\/\/www.spirit-us.eu\/index.php\/produit\/voyance-speciale-finances\/#breadcrumb\",\"itemListElement\":[{\"@type\":\"ListItem\",\"position\":1,\"name\":\"Accueil\",\"item\":\"https:\/\/www.spirit-us.eu\/\"},{\"@type\":\"ListItem\",\"position\":2,\"name\":\"Boutique\",\"item\":\"https:\/\/www.spirit-us.eu\/index.php\/boutique\/\"},{\"@type\":\"ListItem\",\"position\":3,\"name\":\"Voyance sp\u00e9ciale : FINANCES\"}]},{\"@type\":\"WebSite\",\"@id\":\"https:\/\/www.spirit-us.eu\/#website\",\"url\":\"https:\/\/www.spirit-us.eu\/\",\"name\":\"Spirit-US\",\"description\":\"\",\"publisher\":{\"@id\":\"https:\/\/www.spirit-us.eu\/#organization\"},\"potentialAction\":[{\"@type\":\"SearchAction\",\"target\":{\"@type\":\"EntryPoint\",\"urlTemplate\":\"https:\/\/www.spirit-us.eu\/?s={search_term_string}\"},\"query-input\":{\"@type\":\"PropertyValueSpecification\",\"valueRequired\":true,\"valueName\":\"search_term_string\"}}],\"inLanguage\":\"fr-FR\"},{\"@type\":\"Organization\",\"@id\":\"https:\/\/www.spirit-us.eu\/#organization\",\"name\":\"Spirit-US\",\"url\":\"https:\/\/www.spirit-us.eu\/\",\"logo\":{\"@type\":\"ImageObject\",\"inLanguage\":\"fr-FR\",\"@id\":\"https:\/\/www.spirit-us.eu\/#\/schema\/logo\/image\/\",\"url\":\"https:\/\/www.spirit-us.eu\/wp-content\/uploads\/2025\/11\/logo-regarde-linterlocutrice-sans-arrriere-plan.jpg\",\"contentUrl\":\"https:\/\/www.spirit-us.eu\/wp-content\/uploads\/2025\/11\/logo-regarde-linterlocutrice-sans-arrriere-plan.jpg\",\"width\":1080,\"height\":1080,\"caption\":\"Spirit-US\"},\"image\":{\"@id\":\"https:\/\/www.spirit-us.eu\/#\/schema\/logo\/image\/\"},\"sameAs\":[\"https:\/\/www.facebook.com\/spirit.us.deum\"]}]}<\/script>\n<!-- \/ Yoast SEO plugin. -->","yoast_head_json":{"title":"Voyance sp\u00e9ciale : FINANCES - Spirit-US","robots":{"index":"index","follow":"follow","max-snippet":"max-snippet:-1","max-image-preview":"max-image-preview:large","max-video-preview":"max-video-preview:-1"},"canonical":"https:\/\/www.spirit-us.eu\/index.php\/produit\/voyance-speciale-finances\/","og_locale":"fr_FR","og_type":"article","og_title":"Voyance sp\u00e9ciale : FINANCES - Spirit-US","og_description":"Vous travaillez et vous n'arrivez pourtant pas \u00e0 vous sentir en s\u00e9curit\u00e9 financi\u00e8re ? Vous rebouchez un trou et un autre se forme \u00e0 c\u00f4t\u00e9 ?\u00a0 Peut-\u00eatre existe-t-il un sch\u00e9ma pervers li\u00e9 \u00e0 votre destin, ou \u00e0 la jalousie de quelqu'un qui envie votre vie ... peut-\u00eatre avez-vous h\u00e9rit\u00e9 de dettes transg\u00e9n\u00e9rationnelles - car,\u00a0 oui cela existe ... ! Consultation sp\u00e9cifique d'une dur\u00e9e de 60 minutes, qui permettra de d\u00e9terminer quelles actions seront n\u00e9cessaires pour magnifier vos finances si vous vivez un creux de la vague en cette mati\u00e8re, suite \u00e0 un \u00e9v\u00e9nement particulier, ou si le probl\u00e8me est plus ancr\u00e9 et que vous avez besoin d'en conna\u00eetre les causes. Prenez rendez-vous ici.  Vous pouvez \u00e9galement nous \u00e9crire un sms via WhatsApp en pr\u00e9cisant vos pr\u00e9nom, nom, coordonn\u00e9es (mail et t\u00e9l\u00e9phone pour vous identifier). Vous pouvez aussi, au pr\u00e9alable, effectuer un test totalement gratuit, via ce lien et vous recevrez une proposition de rendez-vous par mail : TEST : FAUT-IL DESENVOUTER LES FINANCES DANS VOTRE VIE ? - Exorciser lib\u00e9rer gu\u00e9rir","og_url":"https:\/\/www.spirit-us.eu\/index.php\/produit\/voyance-speciale-finances\/","og_site_name":"Spirit-US","article_publisher":"https:\/\/www.facebook.com\/spirit.us.deum","article_modified_time":"2025-12-21T15:59:56+00:00","og_image":[{"width":1024,"height":1024,"url":"https:\/\/www.spirit-us.eu\/wp-content\/uploads\/2025\/04\/Voyance-speciale-finances-1024x1024.png","type":"image\/png"}],"twitter_card":"summary_large_image","schema":{"@context":"https:\/\/schema.org","@graph":[{"@type":"WebPage","@id":"https:\/\/www.spirit-us.eu\/index.php\/produit\/voyance-speciale-finances\/","url":"https:\/\/www.spirit-us.eu\/index.php\/produit\/voyance-speciale-finances\/","name":"Voyance sp\u00e9ciale : FINANCES - Spirit-US","isPartOf":{"@id":"https:\/\/www.spirit-us.eu\/#website"},"primaryImageOfPage":{"@id":"https:\/\/www.spirit-us.eu\/index.php\/produit\/voyance-speciale-finances\/#primaryimage"},"image":{"@id":"https:\/\/www.spirit-us.eu\/index.php\/produit\/voyance-speciale-finances\/#primaryimage"},"thumbnailUrl":"https:\/\/www.spirit-us.eu\/wp-content\/uploads\/2025\/04\/Voyance-speciale-finances-scaled.png","datePublished":"2025-04-27T08:23:04+00:00","dateModified":"2025-12-21T15:59:56+00:00","breadcrumb":{"@id":"https:\/\/www.spirit-us.eu\/index.php\/produit\/voyance-speciale-finances\/#breadcrumb"},"inLanguage":"fr-FR","potentialAction":[{"@type":"ReadAction","target":["https:\/\/www.spirit-us.eu\/index.php\/produit\/voyance-speciale-finances\/"]}]},{"@type":"ImageObject","inLanguage":"fr-FR","@id":"https:\/\/www.spirit-us.eu\/index.php\/produit\/voyance-speciale-finances\/#primaryimage","url":"https:\/\/www.spirit-us.eu\/wp-content\/uploads\/2025\/04\/Voyance-speciale-finances-scaled.png","contentUrl":"https:\/\/www.spirit-us.eu\/wp-content\/uploads\/2025\/04\/Voyance-speciale-finances-scaled.png","width":2560,"height":2560},{"@type":"BreadcrumbList","@id":"https:\/\/www.spirit-us.eu\/index.php\/produit\/voyance-speciale-finances\/#breadcrumb","itemListElement":[{"@type":"ListItem","position":1,"name":"Accueil","item":"https:\/\/www.spirit-us.eu\/"},{"@type":"ListItem","position":2,"name":"Boutique","item":"https:\/\/www.spirit-us.eu\/index.php\/boutique\/"},{"@type":"ListItem","position":3,"name":"Voyance sp\u00e9ciale : FINANCES"}]},{"@type":"WebSite","@id":"https:\/\/www.spirit-us.eu\/#website","url":"https:\/\/www.spirit-us.eu\/","name":"Spirit-US","description":"","publisher":{"@id":"https:\/\/www.spirit-us.eu\/#organization"},"potentialAction":[{"@type":"SearchAction","target":{"@type":"EntryPoint","urlTemplate":"https:\/\/www.spirit-us.eu\/?s={search_term_string}"},"query-input":{"@type":"PropertyValueSpecification","valueRequired":true,"valueName":"search_term_string"}}],"inLanguage":"fr-FR"},{"@type":"Organization","@id":"https:\/\/www.spirit-us.eu\/#organization","name":"Spirit-US","url":"https:\/\/www.spirit-us.eu\/","logo":{"@type":"ImageObject","inLanguage":"fr-FR","@id":"https:\/\/www.spirit-us.eu\/#\/schema\/logo\/image\/","url":"https:\/\/www.spirit-us.eu\/wp-content\/uploads\/2025\/11\/logo-regarde-linterlocutrice-sans-arrriere-plan.jpg","contentUrl":"https:\/\/www.spirit-us.eu\/wp-content\/uploads\/2025\/11\/logo-regarde-linterlocutrice-sans-arrriere-plan.jpg","width":1080,"height":1080,"caption":"Spirit-US"},"image":{"@id":"https:\/\/www.spirit-us.eu\/#\/schema\/logo\/image\/"},"sameAs":["https:\/\/www.facebook.com\/spirit.us.deum"]}]}},"jetpack_sharing_enabled":true,"_links":{"self":[{"href":"https:\/\/www.spirit-us.eu\/index.php\/wp-json\/wp\/v2\/product\/1142","targetHints":{"allow":["GET"]}}],"collection":[{"href":"https:\/\/www.spirit-us.eu\/index.php\/wp-json\/wp\/v2\/product"}],"about":[{"href":"https:\/\/www.spirit-us.eu\/index.php\/wp-json\/wp\/v2\/types\/product"}],"replies":[{"embeddable":true,"href":"https:\/\/www.spirit-us.eu\/index.php\/wp-json\/wp\/v2\/comments?post=1142"}],"wp:featuredmedia":[{"embeddable":true,"href":"https:\/\/www.spirit-us.eu\/index.php\/wp-json\/wp\/v2\/media\/1143"}],"wp:attachment":[{"href":"https:\/\/www.spirit-us.eu\/index.php\/wp-json\/wp\/v2\/media?parent=1142"}],"wp:term":[{"taxonomy":"product_brand","embeddable":true,"href":"https:\/\/www.spirit-us.eu\/index.php\/wp-json\/wp\/v2\/product_brand?post=1142"},{"taxonomy":"product_cat","embeddable":true,"href":"https:\/\/www.spirit-us.eu\/index.php\/wp-json\/wp\/v2\/product_cat?post=1142"},{"taxonomy":"product_tag","embeddable":true,"href":"https:\/\/www.spirit-us.eu\/index.php\/wp-json\/wp\/v2\/product_tag?post=1142"},{"taxonomy":"mwb_booking_cost","embeddable":true,"href":"https:\/\/www.spirit-us.eu\/index.php\/wp-json\/wp\/v2\/mwb_booking_cost?post=1142"},{"taxonomy":"mwb_booking_service","embeddable":true,"href":"https:\/\/www.spirit-us.eu\/index.php\/wp-json\/wp\/v2\/mwb_booking_service?post=1142"}],"curies":[{"name":"wp","href":"https:\/\/api.w.org\/{rel}","templated":true}]}}