{"id":1132,"date":"2025-04-26T19:19:52","date_gmt":"2025-04-26T17:19:52","guid":{"rendered":"https:\/\/www.spirit-us.eu\/?post_type=product&#038;p=1132"},"modified":"2025-12-20T11:53:27","modified_gmt":"2025-12-20T10:53:27","slug":"dodecaedre-en-bois-pour-la-mediation","status":"publish","type":"product","link":"https:\/\/www.spirit-us.eu\/index.php\/produit\/dodecaedre-en-bois-pour-la-mediation\/","title":{"rendered":"DODECAEDRE en BOIS pour la m\u00e9diation"},"content":{"rendered":"<p>Tr\u00e8s joli <strong>petit<\/strong> poly\u00e8dre en bois.\u00a0 Sa taille modeste le rend \u00e0 la fois maniable et discret.\u00a0 On l\u2019utilise sur un chakra, ou sur une photo, pour les dynamiser, leur rendre une \u00e9nergie solide et positive. Attention ! l&rsquo;image de l&rsquo;objet est grande, mais il est de dimensions modestes &#8211; voir ci-apr\u00e8s; il est livr\u00e9 b\u00e9ni et purifi\u00e9. La livraison comprend l&rsquo;objet seul (pas d&rsquo;\u00e9tui).<\/p>\n<p><strong>Dimensions\u00a0: <\/strong><\/p>\n<p><strong>Hauteur\u00a0<\/strong>: 3cm<\/p>\n<p><strong>Largeur\u00a0<\/strong>: 3,6 cm<\/p>\n<p><strong>Mesure d\u2019un c\u00f4t\u00e9 de pentacle<\/strong>\u00a0: 1cm<\/p>\n<p><strong>Mati\u00e8re\u00a0<\/strong>: bois<\/p>\n","protected":false},"excerpt":{"rendered":"<p>C&rsquo;est un outil spirituel d&rsquo;une extr\u00eame puissance.<\/p>\n<p><strong>Vertus\u00a0:<\/strong><\/p>\n<p>Au plan g\u00e9n\u00e9ral, un dod\u00e9ca\u00e8dre en bois augmente le pouvoir de concentration, aide \u00e0 la m\u00e9ditation et \u00e0 la relaxation, augmente fortement la chance, dynamise les chakras et favorise l\u2019\u00e9volution spirituelle. Il y a d\u2019autres dod\u00e9ca\u00e8dre, faits en pierres, comme l\u2019am\u00e9thyste aux vertus gu\u00e9risseuses : ceux-l\u00e0 seront donc utilis\u00e9s autrement.<\/p>\n","protected":false},"featured_media":1133,"comment_status":"open","ping_status":"closed","template":"","meta":[],"product_brand":[],"product_cat":[499,17],"product_tag":[],"mwb_booking_cost":[],"mwb_booking_service":[],"class_list":{"0":"post-1132","1":"product","2":"type-product","3":"status-publish","4":"has-post-thumbnail","6":"product_cat-03-energetique","7":"product_cat-tous-les-produits","9":"first","10":"instock","11":"shipping-taxable","12":"purchasable","13":"product-type-simple"},"yoast_head":"<!-- This site is optimized with the Yoast SEO plugin v27.1.1 - https:\/\/yoast.com\/product\/yoast-seo-wordpress\/ -->\n<title>DODECAEDRE en BOIS pour la m\u00e9diation - Spirit-US<\/title>\n<meta name=\"robots\" content=\"index, follow, max-snippet:-1, max-image-preview:large, max-video-preview:-1\" \/>\n<link rel=\"canonical\" href=\"https:\/\/www.spirit-us.eu\/index.php\/produit\/dodecaedre-en-bois-pour-la-mediation\/\" \/>\n<meta property=\"og:locale\" content=\"fr_FR\" \/>\n<meta property=\"og:type\" content=\"article\" \/>\n<meta property=\"og:title\" content=\"DODECAEDRE en BOIS pour la m\u00e9diation - Spirit-US\" \/>\n<meta property=\"og:description\" content=\"C&#039;est un outil spirituel d&#039;une extr\u00eame puissance.  Vertus\u00a0:  Au plan g\u00e9n\u00e9ral, un dod\u00e9ca\u00e8dre en bois augmente le pouvoir de concentration, aide \u00e0 la m\u00e9ditation et \u00e0 la relaxation, augmente fortement la chance, dynamise les chakras et favorise l\u2019\u00e9volution spirituelle. Il y a d\u2019autres dod\u00e9ca\u00e8dre, faits en pierres, comme l\u2019am\u00e9thyste aux vertus gu\u00e9risseuses : ceux-l\u00e0 seront donc utilis\u00e9s autrement.\" \/>\n<meta property=\"og:url\" content=\"https:\/\/www.spirit-us.eu\/index.php\/produit\/dodecaedre-en-bois-pour-la-mediation\/\" \/>\n<meta property=\"og:site_name\" content=\"Spirit-US\" \/>\n<meta property=\"article:publisher\" content=\"https:\/\/www.facebook.com\/spirit.us.deum\" \/>\n<meta property=\"article:modified_time\" content=\"2025-12-20T10:53:27+00:00\" \/>\n<meta property=\"og:image\" content=\"https:\/\/www.spirit-us.eu\/wp-content\/uploads\/2025\/04\/dodecaedre-bois-galerie.png\" \/>\n\t<meta property=\"og:image:width\" content=\"1080\" \/>\n\t<meta property=\"og:image:height\" content=\"1080\" \/>\n\t<meta property=\"og:image:type\" content=\"image\/png\" \/>\n<meta name=\"twitter:card\" content=\"summary_large_image\" \/>\n<script type=\"application\/ld+json\" class=\"yoast-schema-graph\">{\"@context\":\"https:\/\/schema.org\",\"@graph\":[{\"@type\":\"WebPage\",\"@id\":\"https:\/\/www.spirit-us.eu\/index.php\/produit\/dodecaedre-en-bois-pour-la-mediation\/\",\"url\":\"https:\/\/www.spirit-us.eu\/index.php\/produit\/dodecaedre-en-bois-pour-la-mediation\/\",\"name\":\"DODECAEDRE en BOIS pour la m\u00e9diation - Spirit-US\",\"isPartOf\":{\"@id\":\"https:\/\/www.spirit-us.eu\/#website\"},\"primaryImageOfPage\":{\"@id\":\"https:\/\/www.spirit-us.eu\/index.php\/produit\/dodecaedre-en-bois-pour-la-mediation\/#primaryimage\"},\"image\":{\"@id\":\"https:\/\/www.spirit-us.eu\/index.php\/produit\/dodecaedre-en-bois-pour-la-mediation\/#primaryimage\"},\"thumbnailUrl\":\"https:\/\/www.spirit-us.eu\/wp-content\/uploads\/2025\/04\/dodecaedre-bois-galerie.png\",\"datePublished\":\"2025-04-26T17:19:52+00:00\",\"dateModified\":\"2025-12-20T10:53:27+00:00\",\"breadcrumb\":{\"@id\":\"https:\/\/www.spirit-us.eu\/index.php\/produit\/dodecaedre-en-bois-pour-la-mediation\/#breadcrumb\"},\"inLanguage\":\"fr-FR\",\"potentialAction\":[{\"@type\":\"ReadAction\",\"target\":[\"https:\/\/www.spirit-us.eu\/index.php\/produit\/dodecaedre-en-bois-pour-la-mediation\/\"]}]},{\"@type\":\"ImageObject\",\"inLanguage\":\"fr-FR\",\"@id\":\"https:\/\/www.spirit-us.eu\/index.php\/produit\/dodecaedre-en-bois-pour-la-mediation\/#primaryimage\",\"url\":\"https:\/\/www.spirit-us.eu\/wp-content\/uploads\/2025\/04\/dodecaedre-bois-galerie.png\",\"contentUrl\":\"https:\/\/www.spirit-us.eu\/wp-content\/uploads\/2025\/04\/dodecaedre-bois-galerie.png\",\"width\":1080,\"height\":1080},{\"@type\":\"BreadcrumbList\",\"@id\":\"https:\/\/www.spirit-us.eu\/index.php\/produit\/dodecaedre-en-bois-pour-la-mediation\/#breadcrumb\",\"itemListElement\":[{\"@type\":\"ListItem\",\"position\":1,\"name\":\"Accueil\",\"item\":\"https:\/\/www.spirit-us.eu\/\"},{\"@type\":\"ListItem\",\"position\":2,\"name\":\"Boutique\",\"item\":\"https:\/\/www.spirit-us.eu\/index.php\/boutique\/\"},{\"@type\":\"ListItem\",\"position\":3,\"name\":\"DODECAEDRE en BOIS pour la m\u00e9diation\"}]},{\"@type\":\"WebSite\",\"@id\":\"https:\/\/www.spirit-us.eu\/#website\",\"url\":\"https:\/\/www.spirit-us.eu\/\",\"name\":\"Spirit-US\",\"description\":\"\",\"publisher\":{\"@id\":\"https:\/\/www.spirit-us.eu\/#organization\"},\"potentialAction\":[{\"@type\":\"SearchAction\",\"target\":{\"@type\":\"EntryPoint\",\"urlTemplate\":\"https:\/\/www.spirit-us.eu\/?s={search_term_string}\"},\"query-input\":{\"@type\":\"PropertyValueSpecification\",\"valueRequired\":true,\"valueName\":\"search_term_string\"}}],\"inLanguage\":\"fr-FR\"},{\"@type\":\"Organization\",\"@id\":\"https:\/\/www.spirit-us.eu\/#organization\",\"name\":\"Spirit-US\",\"url\":\"https:\/\/www.spirit-us.eu\/\",\"logo\":{\"@type\":\"ImageObject\",\"inLanguage\":\"fr-FR\",\"@id\":\"https:\/\/www.spirit-us.eu\/#\/schema\/logo\/image\/\",\"url\":\"https:\/\/www.spirit-us.eu\/wp-content\/uploads\/2025\/11\/logo-regarde-linterlocutrice-sans-arrriere-plan.jpg\",\"contentUrl\":\"https:\/\/www.spirit-us.eu\/wp-content\/uploads\/2025\/11\/logo-regarde-linterlocutrice-sans-arrriere-plan.jpg\",\"width\":1080,\"height\":1080,\"caption\":\"Spirit-US\"},\"image\":{\"@id\":\"https:\/\/www.spirit-us.eu\/#\/schema\/logo\/image\/\"},\"sameAs\":[\"https:\/\/www.facebook.com\/spirit.us.deum\"]}]}<\/script>\n<!-- \/ Yoast SEO plugin. -->","yoast_head_json":{"title":"DODECAEDRE en BOIS pour la m\u00e9diation - Spirit-US","robots":{"index":"index","follow":"follow","max-snippet":"max-snippet:-1","max-image-preview":"max-image-preview:large","max-video-preview":"max-video-preview:-1"},"canonical":"https:\/\/www.spirit-us.eu\/index.php\/produit\/dodecaedre-en-bois-pour-la-mediation\/","og_locale":"fr_FR","og_type":"article","og_title":"DODECAEDRE en BOIS pour la m\u00e9diation - Spirit-US","og_description":"C'est un outil spirituel d'une extr\u00eame puissance.  Vertus\u00a0:  Au plan g\u00e9n\u00e9ral, un dod\u00e9ca\u00e8dre en bois augmente le pouvoir de concentration, aide \u00e0 la m\u00e9ditation et \u00e0 la relaxation, augmente fortement la chance, dynamise les chakras et favorise l\u2019\u00e9volution spirituelle. Il y a d\u2019autres dod\u00e9ca\u00e8dre, faits en pierres, comme l\u2019am\u00e9thyste aux vertus gu\u00e9risseuses : ceux-l\u00e0 seront donc utilis\u00e9s autrement.","og_url":"https:\/\/www.spirit-us.eu\/index.php\/produit\/dodecaedre-en-bois-pour-la-mediation\/","og_site_name":"Spirit-US","article_publisher":"https:\/\/www.facebook.com\/spirit.us.deum","article_modified_time":"2025-12-20T10:53:27+00:00","og_image":[{"width":1080,"height":1080,"url":"https:\/\/www.spirit-us.eu\/wp-content\/uploads\/2025\/04\/dodecaedre-bois-galerie.png","type":"image\/png"}],"twitter_card":"summary_large_image","schema":{"@context":"https:\/\/schema.org","@graph":[{"@type":"WebPage","@id":"https:\/\/www.spirit-us.eu\/index.php\/produit\/dodecaedre-en-bois-pour-la-mediation\/","url":"https:\/\/www.spirit-us.eu\/index.php\/produit\/dodecaedre-en-bois-pour-la-mediation\/","name":"DODECAEDRE en BOIS pour la m\u00e9diation - Spirit-US","isPartOf":{"@id":"https:\/\/www.spirit-us.eu\/#website"},"primaryImageOfPage":{"@id":"https:\/\/www.spirit-us.eu\/index.php\/produit\/dodecaedre-en-bois-pour-la-mediation\/#primaryimage"},"image":{"@id":"https:\/\/www.spirit-us.eu\/index.php\/produit\/dodecaedre-en-bois-pour-la-mediation\/#primaryimage"},"thumbnailUrl":"https:\/\/www.spirit-us.eu\/wp-content\/uploads\/2025\/04\/dodecaedre-bois-galerie.png","datePublished":"2025-04-26T17:19:52+00:00","dateModified":"2025-12-20T10:53:27+00:00","breadcrumb":{"@id":"https:\/\/www.spirit-us.eu\/index.php\/produit\/dodecaedre-en-bois-pour-la-mediation\/#breadcrumb"},"inLanguage":"fr-FR","potentialAction":[{"@type":"ReadAction","target":["https:\/\/www.spirit-us.eu\/index.php\/produit\/dodecaedre-en-bois-pour-la-mediation\/"]}]},{"@type":"ImageObject","inLanguage":"fr-FR","@id":"https:\/\/www.spirit-us.eu\/index.php\/produit\/dodecaedre-en-bois-pour-la-mediation\/#primaryimage","url":"https:\/\/www.spirit-us.eu\/wp-content\/uploads\/2025\/04\/dodecaedre-bois-galerie.png","contentUrl":"https:\/\/www.spirit-us.eu\/wp-content\/uploads\/2025\/04\/dodecaedre-bois-galerie.png","width":1080,"height":1080},{"@type":"BreadcrumbList","@id":"https:\/\/www.spirit-us.eu\/index.php\/produit\/dodecaedre-en-bois-pour-la-mediation\/#breadcrumb","itemListElement":[{"@type":"ListItem","position":1,"name":"Accueil","item":"https:\/\/www.spirit-us.eu\/"},{"@type":"ListItem","position":2,"name":"Boutique","item":"https:\/\/www.spirit-us.eu\/index.php\/boutique\/"},{"@type":"ListItem","position":3,"name":"DODECAEDRE en BOIS pour la m\u00e9diation"}]},{"@type":"WebSite","@id":"https:\/\/www.spirit-us.eu\/#website","url":"https:\/\/www.spirit-us.eu\/","name":"Spirit-US","description":"","publisher":{"@id":"https:\/\/www.spirit-us.eu\/#organization"},"potentialAction":[{"@type":"SearchAction","target":{"@type":"EntryPoint","urlTemplate":"https:\/\/www.spirit-us.eu\/?s={search_term_string}"},"query-input":{"@type":"PropertyValueSpecification","valueRequired":true,"valueName":"search_term_string"}}],"inLanguage":"fr-FR"},{"@type":"Organization","@id":"https:\/\/www.spirit-us.eu\/#organization","name":"Spirit-US","url":"https:\/\/www.spirit-us.eu\/","logo":{"@type":"ImageObject","inLanguage":"fr-FR","@id":"https:\/\/www.spirit-us.eu\/#\/schema\/logo\/image\/","url":"https:\/\/www.spirit-us.eu\/wp-content\/uploads\/2025\/11\/logo-regarde-linterlocutrice-sans-arrriere-plan.jpg","contentUrl":"https:\/\/www.spirit-us.eu\/wp-content\/uploads\/2025\/11\/logo-regarde-linterlocutrice-sans-arrriere-plan.jpg","width":1080,"height":1080,"caption":"Spirit-US"},"image":{"@id":"https:\/\/www.spirit-us.eu\/#\/schema\/logo\/image\/"},"sameAs":["https:\/\/www.facebook.com\/spirit.us.deum"]}]}},"jetpack_sharing_enabled":true,"_links":{"self":[{"href":"https:\/\/www.spirit-us.eu\/index.php\/wp-json\/wp\/v2\/product\/1132","targetHints":{"allow":["GET"]}}],"collection":[{"href":"https:\/\/www.spirit-us.eu\/index.php\/wp-json\/wp\/v2\/product"}],"about":[{"href":"https:\/\/www.spirit-us.eu\/index.php\/wp-json\/wp\/v2\/types\/product"}],"replies":[{"embeddable":true,"href":"https:\/\/www.spirit-us.eu\/index.php\/wp-json\/wp\/v2\/comments?post=1132"}],"wp:featuredmedia":[{"embeddable":true,"href":"https:\/\/www.spirit-us.eu\/index.php\/wp-json\/wp\/v2\/media\/1133"}],"wp:attachment":[{"href":"https:\/\/www.spirit-us.eu\/index.php\/wp-json\/wp\/v2\/media?parent=1132"}],"wp:term":[{"taxonomy":"product_brand","embeddable":true,"href":"https:\/\/www.spirit-us.eu\/index.php\/wp-json\/wp\/v2\/product_brand?post=1132"},{"taxonomy":"product_cat","embeddable":true,"href":"https:\/\/www.spirit-us.eu\/index.php\/wp-json\/wp\/v2\/product_cat?post=1132"},{"taxonomy":"product_tag","embeddable":true,"href":"https:\/\/www.spirit-us.eu\/index.php\/wp-json\/wp\/v2\/product_tag?post=1132"},{"taxonomy":"mwb_booking_cost","embeddable":true,"href":"https:\/\/www.spirit-us.eu\/index.php\/wp-json\/wp\/v2\/mwb_booking_cost?post=1132"},{"taxonomy":"mwb_booking_service","embeddable":true,"href":"https:\/\/www.spirit-us.eu\/index.php\/wp-json\/wp\/v2\/mwb_booking_service?post=1132"}],"curies":[{"name":"wp","href":"https:\/\/api.w.org\/{rel}","templated":true}]}}