{"id":1128,"date":"2025-04-26T18:54:44","date_gmt":"2025-04-26T16:54:44","guid":{"rendered":"https:\/\/www.spirit-us.eu\/?post_type=product&#038;p=1128"},"modified":"2025-12-20T11:53:14","modified_gmt":"2025-12-20T10:53:14","slug":"dodecaedre-en-cristal-de-roche","status":"publish","type":"product","link":"https:\/\/www.spirit-us.eu\/index.php\/produit\/dodecaedre-en-cristal-de-roche\/","title":{"rendered":"DODECAEDRE en CRISTAL de ROCHE"},"content":{"rendered":"<p>Tr\u00e8s joli <strong>petit<\/strong> poly\u00e8dre en cristal de roche.\u00a0 Sa taille modeste le rend \u00e0 la fois maniable et discret.\u00a0 On l\u2019utilise sur un chakra, ou sur une photo, pour les dynamiser, leur rendre une \u00e9nergie cristalline et pure. Attention ! l&rsquo;image de l&rsquo;objet est grande, mais il est de dimensions modestes &#8211; voir ci-apr\u00e8s; il est livr\u00e9 b\u00e9ni et purifi\u00e9. La livraison comprend l&rsquo;objet seul (pas d&rsquo;\u00e9tui).<\/p>\n<p><strong>Dimensions\u00a0: <\/strong><\/p>\n<p><strong>Hauteur\u00a0<\/strong>: 3cm<\/p>\n<p><strong>Largeur\u00a0<\/strong>: 4cm<\/p>\n<p><strong>Mesure d\u2019un c\u00f4t\u00e9 de pentacle<\/strong>\u00a0: 1cm<\/p>\n<p><strong>Mati\u00e8re\u00a0<\/strong>: cristal de roche<\/p>\n","protected":false},"excerpt":{"rendered":"<p>C&rsquo;est un outil spirituel et de protection d&rsquo;une extr\u00eame puissance. En cas de probl\u00e8me, on peut le d\u00e9poser sur la photo d&rsquo;une personne, ou sur le dossier qui pose probl\u00e8me.\u00a0 Le dod\u00e9ca\u00e8dre ne r\u00e9soudra pas le probl\u00e8me, mais vous serez guid\u00e9.e vers la solution qui sera la meilleure pour vous, parfois par des chemins stup\u00e9fiants, mais toujours dans cette belle lumi\u00e8re qu&rsquo;il refl\u00e8te de toutes ses faces.<\/p>\n<p><strong>Vertus\u00a0:<\/strong><\/p>\n<p>Au plan g\u00e9n\u00e9ral, un dod\u00e9ca\u00e8dre en cristal de roche augmente le pouvoir de divination, aide \u00e0 la m\u00e9ditation et \u00e0 la relaxation, augmente fortement la chance, dynamise les chakras et favorise l\u2019\u00e9volution spirituelle. Il y a d\u2019autres dod\u00e9ca\u00e8dre, faits en d\u2019autres pierres, comme l\u2019am\u00e9thyste aux vertus gu\u00e9risseuses : ceux-l\u00e0 seront donc utilis\u00e9s autrement. Dans le cas particulier de l\u2019autoenvo\u00fbtement, le dod\u00e9ca\u00e8dre en cristal de roche, qui favorise l\u2019\u00e9volution spirituelle, constitue une aide pr\u00e9cieuse au d\u00e9blocage et \u00e0 la d\u00e9livrance d\u2019une spiritualit\u00e9 emprisonn\u00e9e dans des \u00e9nergies basses auto-g\u00e9n\u00e9r\u00e9es. Il chasse toute \u00e9nergie n\u00e9gative dans la pi\u00e8ce o\u00f9 il est plac\u00e9 ; on peut l\u2019utiliser sur soi en le pla\u00e7ant au niveau du chakra du plexus solaire, pour chasser les \u00e9nergies n\u00e9gatives engramm\u00e9es aussi bien issues du bas astral que des chakras sup\u00e9rieurs bloqu\u00e9s par ces \u00e9nergies. Sa mati\u00e8re, le cristal de roche potentialise cette action puissante.<\/p>\n","protected":false},"featured_media":1129,"comment_status":"open","ping_status":"closed","template":"","meta":[],"product_brand":[],"product_cat":[499,17],"product_tag":[],"mwb_booking_cost":[],"mwb_booking_service":[],"class_list":{"0":"post-1128","1":"product","2":"type-product","3":"status-publish","4":"has-post-thumbnail","6":"product_cat-03-energetique","7":"product_cat-tous-les-produits","9":"first","10":"instock","11":"shipping-taxable","12":"purchasable","13":"product-type-simple"},"yoast_head":"<!-- This site is optimized with the Yoast SEO plugin v27.1.1 - https:\/\/yoast.com\/product\/yoast-seo-wordpress\/ -->\n<title>DODECAEDRE en CRISTAL de ROCHE - Spirit-US<\/title>\n<meta name=\"robots\" content=\"index, follow, max-snippet:-1, max-image-preview:large, max-video-preview:-1\" \/>\n<link rel=\"canonical\" href=\"https:\/\/www.spirit-us.eu\/index.php\/produit\/dodecaedre-en-cristal-de-roche\/\" \/>\n<meta property=\"og:locale\" content=\"fr_FR\" \/>\n<meta property=\"og:type\" content=\"article\" \/>\n<meta property=\"og:title\" content=\"DODECAEDRE en CRISTAL de ROCHE - Spirit-US\" \/>\n<meta property=\"og:description\" content=\"C&#039;est un outil spirituel et de protection d&#039;une extr\u00eame puissance. En cas de probl\u00e8me, on peut le d\u00e9poser sur la photo d&#039;une personne, ou sur le dossier qui pose probl\u00e8me.\u00a0 Le dod\u00e9ca\u00e8dre ne r\u00e9soudra pas le probl\u00e8me, mais vous serez guid\u00e9.e vers la solution qui sera la meilleure pour vous, parfois par des chemins stup\u00e9fiants, mais toujours dans cette belle lumi\u00e8re qu&#039;il refl\u00e8te de toutes ses faces.  Vertus\u00a0:  Au plan g\u00e9n\u00e9ral, un dod\u00e9ca\u00e8dre en cristal de roche augmente le pouvoir de divination, aide \u00e0 la m\u00e9ditation et \u00e0 la relaxation, augmente fortement la chance, dynamise les chakras et favorise l\u2019\u00e9volution spirituelle. Il y a d\u2019autres dod\u00e9ca\u00e8dre, faits en d\u2019autres pierres, comme l\u2019am\u00e9thyste aux vertus gu\u00e9risseuses : ceux-l\u00e0 seront donc utilis\u00e9s autrement. Dans le cas particulier de l\u2019autoenvo\u00fbtement, le dod\u00e9ca\u00e8dre en cristal de roche, qui favorise l\u2019\u00e9volution spirituelle, constitue une aide pr\u00e9cieuse au d\u00e9blocage et \u00e0 la d\u00e9livrance d\u2019une spiritualit\u00e9 emprisonn\u00e9e dans des \u00e9nergies basses auto-g\u00e9n\u00e9r\u00e9es. Il chasse toute \u00e9nergie n\u00e9gative dans la pi\u00e8ce o\u00f9 il est plac\u00e9 ; on peut l\u2019utiliser sur soi en le pla\u00e7ant au niveau du chakra du plexus solaire, pour chasser les \u00e9nergies n\u00e9gatives engramm\u00e9es aussi bien issues du bas astral que des chakras sup\u00e9rieurs bloqu\u00e9s par ces \u00e9nergies. Sa mati\u00e8re, le cristal de roche potentialise cette action puissante.\" \/>\n<meta property=\"og:url\" content=\"https:\/\/www.spirit-us.eu\/index.php\/produit\/dodecaedre-en-cristal-de-roche\/\" \/>\n<meta property=\"og:site_name\" content=\"Spirit-US\" \/>\n<meta property=\"article:publisher\" content=\"https:\/\/www.facebook.com\/spirit.us.deum\" \/>\n<meta property=\"article:modified_time\" content=\"2025-12-20T10:53:14+00:00\" \/>\n<meta property=\"og:image\" content=\"https:\/\/www.spirit-us.eu\/wp-content\/uploads\/2025\/04\/dodecaedre-en-cristal-de-roche-1024x1024.png\" \/>\n\t<meta property=\"og:image:width\" content=\"1024\" \/>\n\t<meta property=\"og:image:height\" content=\"1024\" \/>\n\t<meta property=\"og:image:type\" content=\"image\/png\" \/>\n<meta name=\"twitter:card\" content=\"summary_large_image\" \/>\n<script type=\"application\/ld+json\" class=\"yoast-schema-graph\">{\"@context\":\"https:\/\/schema.org\",\"@graph\":[{\"@type\":\"WebPage\",\"@id\":\"https:\/\/www.spirit-us.eu\/index.php\/produit\/dodecaedre-en-cristal-de-roche\/\",\"url\":\"https:\/\/www.spirit-us.eu\/index.php\/produit\/dodecaedre-en-cristal-de-roche\/\",\"name\":\"DODECAEDRE en CRISTAL de ROCHE - Spirit-US\",\"isPartOf\":{\"@id\":\"https:\/\/www.spirit-us.eu\/#website\"},\"primaryImageOfPage\":{\"@id\":\"https:\/\/www.spirit-us.eu\/index.php\/produit\/dodecaedre-en-cristal-de-roche\/#primaryimage\"},\"image\":{\"@id\":\"https:\/\/www.spirit-us.eu\/index.php\/produit\/dodecaedre-en-cristal-de-roche\/#primaryimage\"},\"thumbnailUrl\":\"https:\/\/www.spirit-us.eu\/wp-content\/uploads\/2025\/04\/dodecaedre-en-cristal-de-roche-scaled.png\",\"datePublished\":\"2025-04-26T16:54:44+00:00\",\"dateModified\":\"2025-12-20T10:53:14+00:00\",\"breadcrumb\":{\"@id\":\"https:\/\/www.spirit-us.eu\/index.php\/produit\/dodecaedre-en-cristal-de-roche\/#breadcrumb\"},\"inLanguage\":\"fr-FR\",\"potentialAction\":[{\"@type\":\"ReadAction\",\"target\":[\"https:\/\/www.spirit-us.eu\/index.php\/produit\/dodecaedre-en-cristal-de-roche\/\"]}]},{\"@type\":\"ImageObject\",\"inLanguage\":\"fr-FR\",\"@id\":\"https:\/\/www.spirit-us.eu\/index.php\/produit\/dodecaedre-en-cristal-de-roche\/#primaryimage\",\"url\":\"https:\/\/www.spirit-us.eu\/wp-content\/uploads\/2025\/04\/dodecaedre-en-cristal-de-roche-scaled.png\",\"contentUrl\":\"https:\/\/www.spirit-us.eu\/wp-content\/uploads\/2025\/04\/dodecaedre-en-cristal-de-roche-scaled.png\",\"width\":2560,\"height\":2560},{\"@type\":\"BreadcrumbList\",\"@id\":\"https:\/\/www.spirit-us.eu\/index.php\/produit\/dodecaedre-en-cristal-de-roche\/#breadcrumb\",\"itemListElement\":[{\"@type\":\"ListItem\",\"position\":1,\"name\":\"Accueil\",\"item\":\"https:\/\/www.spirit-us.eu\/\"},{\"@type\":\"ListItem\",\"position\":2,\"name\":\"Boutique\",\"item\":\"https:\/\/www.spirit-us.eu\/index.php\/boutique\/\"},{\"@type\":\"ListItem\",\"position\":3,\"name\":\"DODECAEDRE en CRISTAL de ROCHE\"}]},{\"@type\":\"WebSite\",\"@id\":\"https:\/\/www.spirit-us.eu\/#website\",\"url\":\"https:\/\/www.spirit-us.eu\/\",\"name\":\"Spirit-US\",\"description\":\"\",\"publisher\":{\"@id\":\"https:\/\/www.spirit-us.eu\/#organization\"},\"potentialAction\":[{\"@type\":\"SearchAction\",\"target\":{\"@type\":\"EntryPoint\",\"urlTemplate\":\"https:\/\/www.spirit-us.eu\/?s={search_term_string}\"},\"query-input\":{\"@type\":\"PropertyValueSpecification\",\"valueRequired\":true,\"valueName\":\"search_term_string\"}}],\"inLanguage\":\"fr-FR\"},{\"@type\":\"Organization\",\"@id\":\"https:\/\/www.spirit-us.eu\/#organization\",\"name\":\"Spirit-US\",\"url\":\"https:\/\/www.spirit-us.eu\/\",\"logo\":{\"@type\":\"ImageObject\",\"inLanguage\":\"fr-FR\",\"@id\":\"https:\/\/www.spirit-us.eu\/#\/schema\/logo\/image\/\",\"url\":\"https:\/\/www.spirit-us.eu\/wp-content\/uploads\/2025\/11\/logo-regarde-linterlocutrice-sans-arrriere-plan.jpg\",\"contentUrl\":\"https:\/\/www.spirit-us.eu\/wp-content\/uploads\/2025\/11\/logo-regarde-linterlocutrice-sans-arrriere-plan.jpg\",\"width\":1080,\"height\":1080,\"caption\":\"Spirit-US\"},\"image\":{\"@id\":\"https:\/\/www.spirit-us.eu\/#\/schema\/logo\/image\/\"},\"sameAs\":[\"https:\/\/www.facebook.com\/spirit.us.deum\"]}]}<\/script>\n<!-- \/ Yoast SEO plugin. -->","yoast_head_json":{"title":"DODECAEDRE en CRISTAL de ROCHE - Spirit-US","robots":{"index":"index","follow":"follow","max-snippet":"max-snippet:-1","max-image-preview":"max-image-preview:large","max-video-preview":"max-video-preview:-1"},"canonical":"https:\/\/www.spirit-us.eu\/index.php\/produit\/dodecaedre-en-cristal-de-roche\/","og_locale":"fr_FR","og_type":"article","og_title":"DODECAEDRE en CRISTAL de ROCHE - Spirit-US","og_description":"C'est un outil spirituel et de protection d'une extr\u00eame puissance. En cas de probl\u00e8me, on peut le d\u00e9poser sur la photo d'une personne, ou sur le dossier qui pose probl\u00e8me.\u00a0 Le dod\u00e9ca\u00e8dre ne r\u00e9soudra pas le probl\u00e8me, mais vous serez guid\u00e9.e vers la solution qui sera la meilleure pour vous, parfois par des chemins stup\u00e9fiants, mais toujours dans cette belle lumi\u00e8re qu'il refl\u00e8te de toutes ses faces.  Vertus\u00a0:  Au plan g\u00e9n\u00e9ral, un dod\u00e9ca\u00e8dre en cristal de roche augmente le pouvoir de divination, aide \u00e0 la m\u00e9ditation et \u00e0 la relaxation, augmente fortement la chance, dynamise les chakras et favorise l\u2019\u00e9volution spirituelle. Il y a d\u2019autres dod\u00e9ca\u00e8dre, faits en d\u2019autres pierres, comme l\u2019am\u00e9thyste aux vertus gu\u00e9risseuses : ceux-l\u00e0 seront donc utilis\u00e9s autrement. Dans le cas particulier de l\u2019autoenvo\u00fbtement, le dod\u00e9ca\u00e8dre en cristal de roche, qui favorise l\u2019\u00e9volution spirituelle, constitue une aide pr\u00e9cieuse au d\u00e9blocage et \u00e0 la d\u00e9livrance d\u2019une spiritualit\u00e9 emprisonn\u00e9e dans des \u00e9nergies basses auto-g\u00e9n\u00e9r\u00e9es. Il chasse toute \u00e9nergie n\u00e9gative dans la pi\u00e8ce o\u00f9 il est plac\u00e9 ; on peut l\u2019utiliser sur soi en le pla\u00e7ant au niveau du chakra du plexus solaire, pour chasser les \u00e9nergies n\u00e9gatives engramm\u00e9es aussi bien issues du bas astral que des chakras sup\u00e9rieurs bloqu\u00e9s par ces \u00e9nergies. Sa mati\u00e8re, le cristal de roche potentialise cette action puissante.","og_url":"https:\/\/www.spirit-us.eu\/index.php\/produit\/dodecaedre-en-cristal-de-roche\/","og_site_name":"Spirit-US","article_publisher":"https:\/\/www.facebook.com\/spirit.us.deum","article_modified_time":"2025-12-20T10:53:14+00:00","og_image":[{"width":1024,"height":1024,"url":"https:\/\/www.spirit-us.eu\/wp-content\/uploads\/2025\/04\/dodecaedre-en-cristal-de-roche-1024x1024.png","type":"image\/png"}],"twitter_card":"summary_large_image","schema":{"@context":"https:\/\/schema.org","@graph":[{"@type":"WebPage","@id":"https:\/\/www.spirit-us.eu\/index.php\/produit\/dodecaedre-en-cristal-de-roche\/","url":"https:\/\/www.spirit-us.eu\/index.php\/produit\/dodecaedre-en-cristal-de-roche\/","name":"DODECAEDRE en CRISTAL de ROCHE - Spirit-US","isPartOf":{"@id":"https:\/\/www.spirit-us.eu\/#website"},"primaryImageOfPage":{"@id":"https:\/\/www.spirit-us.eu\/index.php\/produit\/dodecaedre-en-cristal-de-roche\/#primaryimage"},"image":{"@id":"https:\/\/www.spirit-us.eu\/index.php\/produit\/dodecaedre-en-cristal-de-roche\/#primaryimage"},"thumbnailUrl":"https:\/\/www.spirit-us.eu\/wp-content\/uploads\/2025\/04\/dodecaedre-en-cristal-de-roche-scaled.png","datePublished":"2025-04-26T16:54:44+00:00","dateModified":"2025-12-20T10:53:14+00:00","breadcrumb":{"@id":"https:\/\/www.spirit-us.eu\/index.php\/produit\/dodecaedre-en-cristal-de-roche\/#breadcrumb"},"inLanguage":"fr-FR","potentialAction":[{"@type":"ReadAction","target":["https:\/\/www.spirit-us.eu\/index.php\/produit\/dodecaedre-en-cristal-de-roche\/"]}]},{"@type":"ImageObject","inLanguage":"fr-FR","@id":"https:\/\/www.spirit-us.eu\/index.php\/produit\/dodecaedre-en-cristal-de-roche\/#primaryimage","url":"https:\/\/www.spirit-us.eu\/wp-content\/uploads\/2025\/04\/dodecaedre-en-cristal-de-roche-scaled.png","contentUrl":"https:\/\/www.spirit-us.eu\/wp-content\/uploads\/2025\/04\/dodecaedre-en-cristal-de-roche-scaled.png","width":2560,"height":2560},{"@type":"BreadcrumbList","@id":"https:\/\/www.spirit-us.eu\/index.php\/produit\/dodecaedre-en-cristal-de-roche\/#breadcrumb","itemListElement":[{"@type":"ListItem","position":1,"name":"Accueil","item":"https:\/\/www.spirit-us.eu\/"},{"@type":"ListItem","position":2,"name":"Boutique","item":"https:\/\/www.spirit-us.eu\/index.php\/boutique\/"},{"@type":"ListItem","position":3,"name":"DODECAEDRE en CRISTAL de ROCHE"}]},{"@type":"WebSite","@id":"https:\/\/www.spirit-us.eu\/#website","url":"https:\/\/www.spirit-us.eu\/","name":"Spirit-US","description":"","publisher":{"@id":"https:\/\/www.spirit-us.eu\/#organization"},"potentialAction":[{"@type":"SearchAction","target":{"@type":"EntryPoint","urlTemplate":"https:\/\/www.spirit-us.eu\/?s={search_term_string}"},"query-input":{"@type":"PropertyValueSpecification","valueRequired":true,"valueName":"search_term_string"}}],"inLanguage":"fr-FR"},{"@type":"Organization","@id":"https:\/\/www.spirit-us.eu\/#organization","name":"Spirit-US","url":"https:\/\/www.spirit-us.eu\/","logo":{"@type":"ImageObject","inLanguage":"fr-FR","@id":"https:\/\/www.spirit-us.eu\/#\/schema\/logo\/image\/","url":"https:\/\/www.spirit-us.eu\/wp-content\/uploads\/2025\/11\/logo-regarde-linterlocutrice-sans-arrriere-plan.jpg","contentUrl":"https:\/\/www.spirit-us.eu\/wp-content\/uploads\/2025\/11\/logo-regarde-linterlocutrice-sans-arrriere-plan.jpg","width":1080,"height":1080,"caption":"Spirit-US"},"image":{"@id":"https:\/\/www.spirit-us.eu\/#\/schema\/logo\/image\/"},"sameAs":["https:\/\/www.facebook.com\/spirit.us.deum"]}]}},"jetpack_sharing_enabled":true,"_links":{"self":[{"href":"https:\/\/www.spirit-us.eu\/index.php\/wp-json\/wp\/v2\/product\/1128","targetHints":{"allow":["GET"]}}],"collection":[{"href":"https:\/\/www.spirit-us.eu\/index.php\/wp-json\/wp\/v2\/product"}],"about":[{"href":"https:\/\/www.spirit-us.eu\/index.php\/wp-json\/wp\/v2\/types\/product"}],"replies":[{"embeddable":true,"href":"https:\/\/www.spirit-us.eu\/index.php\/wp-json\/wp\/v2\/comments?post=1128"}],"wp:featuredmedia":[{"embeddable":true,"href":"https:\/\/www.spirit-us.eu\/index.php\/wp-json\/wp\/v2\/media\/1129"}],"wp:attachment":[{"href":"https:\/\/www.spirit-us.eu\/index.php\/wp-json\/wp\/v2\/media?parent=1128"}],"wp:term":[{"taxonomy":"product_brand","embeddable":true,"href":"https:\/\/www.spirit-us.eu\/index.php\/wp-json\/wp\/v2\/product_brand?post=1128"},{"taxonomy":"product_cat","embeddable":true,"href":"https:\/\/www.spirit-us.eu\/index.php\/wp-json\/wp\/v2\/product_cat?post=1128"},{"taxonomy":"product_tag","embeddable":true,"href":"https:\/\/www.spirit-us.eu\/index.php\/wp-json\/wp\/v2\/product_tag?post=1128"},{"taxonomy":"mwb_booking_cost","embeddable":true,"href":"https:\/\/www.spirit-us.eu\/index.php\/wp-json\/wp\/v2\/mwb_booking_cost?post=1128"},{"taxonomy":"mwb_booking_service","embeddable":true,"href":"https:\/\/www.spirit-us.eu\/index.php\/wp-json\/wp\/v2\/mwb_booking_service?post=1128"}],"curies":[{"name":"wp","href":"https:\/\/api.w.org\/{rel}","templated":true}]}}