{"id":1123,"date":"2025-04-26T18:11:25","date_gmt":"2025-04-26T16:11:25","guid":{"rendered":"https:\/\/www.spirit-us.eu\/?post_type=product&#038;p=1123"},"modified":"2025-07-01T01:41:30","modified_gmt":"2025-06-30T23:41:30","slug":"soin-quand-la-douleur-se-transforme","status":"publish","type":"product","link":"https:\/\/www.spirit-us.eu\/index.php\/produit\/soin-quand-la-douleur-se-transforme\/","title":{"rendered":"Soin secret : anesth\u00e9sier la DOULEUR"},"content":{"rendered":"<p>Cette pri\u00e8re et ce soin vous sont pr\u00e9sent\u00e9s par l\u2019acad\u00e9mie des Paroles de Lumi\u00e8re, dans l\u2019\u00e9nergie sacr\u00e9e de l\u2019exorcisme, de la lib\u00e9ration et de la gu\u00e9rison th\u00e9rapeutiques psycho-spirituelle et psycho-\u00e9motionnelle.<br \/>\nLe texte, le montage audio et tout ce qui s\u2019y rapporte, sont r\u00e9alis\u00e9s, pens\u00e9s et con\u00e7us par Lola Lacroix, et fait partie de la cat\u00e9gorie des th\u00e9rapies spirituelles.<br \/>\nTous les enregistrements audios mp3 de Lola Lacroix sont prot\u00e9g\u00e9s par les droits d\u2019auteure partout dans le monde. La copie et la transmission de cet enregistrement sont interdites.<\/p>\n<p><strong>Auteure<\/strong> : Lola Lacroix<\/p>\n<p><strong>Audio<\/strong> en format mp3 t\u00e9l\u00e9chargeable \/ acc\u00e8s imm\u00e9diat<\/p>\n<p><strong>Dur\u00e9e<\/strong> : 30 minutes<\/p>\n<p><strong>Musique<\/strong> : 174 Hz originale &#8211; fr\u00e9quence d&rsquo;apaisement<\/p>\n","protected":false},"excerpt":{"rendered":"<p>Anesth\u00e9sier la douleur par transfert magn\u00e9tique. Ce soin d&rsquo;une dur\u00e9e de 30 minutes, mont\u00e9 avec musique a pour objectif d&rsquo;apaiser et de soulager les douleurs m\u00eame vives qu&rsquo;on peut subir dans diverses circonstances.\u00a0 Il s&rsquo;agit d&rsquo;une m\u00e9ditation utilisant le pouvoir des mots, des formes-pens\u00e9es de bien-\u00eatre.\u00a0 Ce soin ne remplace en rien les prescrits m\u00e9dicaux, il se positionne en soutien aux rem\u00e8des anti-douleur classiques. Une pri\u00e8re liminaire est une des composantes de ce soin \u00ab\u00a0SECRET\u00a0\u00bb; la puissance du Verbe r\u00e9parateur agit sur certaines zones du cerveau et, additionn\u00e9e \u00e0 des fr\u00e9quences musicales de r\u00e9paration, elle poss\u00e8de des effets apaisant incontestables.\u00a0 Si l&rsquo;on s&rsquo;endort durant le soin, la parole qui continue \u00e0 \u00eatre dite, continue aussi \u00e0 faire son effet, traversant la barri\u00e8re subliminale et atteignant les autres \u00e9tats de conscience, o\u00f9 elle demeure agissante.<\/p>\n","protected":false},"featured_media":1125,"comment_status":"open","ping_status":"closed","template":"","meta":[],"product_brand":[],"product_cat":[155,166,17],"product_tag":[],"mwb_booking_cost":[],"mwb_booking_service":[],"class_list":{"0":"post-1123","1":"product","2":"type-product","3":"status-publish","4":"has-post-thumbnail","6":"product_cat-02-soins-accueil","7":"product_cat-07-spiritualite-et-benedictions","8":"product_cat-tous-les-produits","10":"first","11":"instock","12":"downloadable","13":"virtual","14":"purchasable","15":"product-type-simple"},"yoast_head":"<!-- This site is optimized with the Yoast SEO plugin v27.1.1 - https:\/\/yoast.com\/product\/yoast-seo-wordpress\/ -->\n<title>Soin secret : anesth\u00e9sier la DOULEUR - Spirit-US<\/title>\n<meta name=\"robots\" content=\"index, follow, max-snippet:-1, max-image-preview:large, max-video-preview:-1\" \/>\n<link rel=\"canonical\" href=\"https:\/\/www.spirit-us.eu\/index.php\/produit\/soin-quand-la-douleur-se-transforme\/\" \/>\n<meta property=\"og:locale\" content=\"fr_FR\" \/>\n<meta property=\"og:type\" content=\"article\" \/>\n<meta property=\"og:title\" content=\"Soin secret : anesth\u00e9sier la DOULEUR - Spirit-US\" \/>\n<meta property=\"og:description\" content=\"Anesth\u00e9sier la douleur par transfert magn\u00e9tique. Ce soin d&#039;une dur\u00e9e de 30 minutes, mont\u00e9 avec musique a pour objectif d&#039;apaiser et de soulager les douleurs m\u00eame vives qu&#039;on peut subir dans diverses circonstances.\u00a0 Il s&#039;agit d&#039;une m\u00e9ditation utilisant le pouvoir des mots, des formes-pens\u00e9es de bien-\u00eatre.\u00a0 Ce soin ne remplace en rien les prescrits m\u00e9dicaux, il se positionne en soutien aux rem\u00e8des anti-douleur classiques. Une pri\u00e8re liminaire est une des composantes de ce soin &quot;SECRET&quot;; la puissance du Verbe r\u00e9parateur agit sur certaines zones du cerveau et, additionn\u00e9e \u00e0 des fr\u00e9quences musicales de r\u00e9paration, elle poss\u00e8de des effets apaisant incontestables.\u00a0 Si l&#039;on s&#039;endort durant le soin, la parole qui continue \u00e0 \u00eatre dite, continue aussi \u00e0 faire son effet, traversant la barri\u00e8re subliminale et atteignant les autres \u00e9tats de conscience, o\u00f9 elle demeure agissante.\" \/>\n<meta property=\"og:url\" content=\"https:\/\/www.spirit-us.eu\/index.php\/produit\/soin-quand-la-douleur-se-transforme\/\" \/>\n<meta property=\"og:site_name\" content=\"Spirit-US\" \/>\n<meta property=\"article:publisher\" content=\"https:\/\/www.facebook.com\/spirit.us.deum\" \/>\n<meta property=\"article:modified_time\" content=\"2025-06-30T23:41:30+00:00\" \/>\n<meta property=\"og:image\" content=\"https:\/\/www.spirit-us.eu\/wp-content\/uploads\/2025\/04\/Anesthesier-la-douleur-corrige.png\" \/>\n\t<meta property=\"og:image:width\" content=\"1080\" \/>\n\t<meta property=\"og:image:height\" content=\"1080\" \/>\n\t<meta property=\"og:image:type\" content=\"image\/png\" \/>\n<meta name=\"twitter:card\" content=\"summary_large_image\" \/>\n<meta name=\"twitter:label1\" content=\"Dur\u00e9e de lecture estim\u00e9e\" \/>\n\t<meta name=\"twitter:data1\" content=\"1 minute\" \/>\n<script type=\"application\/ld+json\" class=\"yoast-schema-graph\">{\"@context\":\"https:\/\/schema.org\",\"@graph\":[{\"@type\":\"WebPage\",\"@id\":\"https:\/\/www.spirit-us.eu\/index.php\/produit\/soin-quand-la-douleur-se-transforme\/\",\"url\":\"https:\/\/www.spirit-us.eu\/index.php\/produit\/soin-quand-la-douleur-se-transforme\/\",\"name\":\"Soin secret : anesth\u00e9sier la DOULEUR - Spirit-US\",\"isPartOf\":{\"@id\":\"https:\/\/www.spirit-us.eu\/#website\"},\"primaryImageOfPage\":{\"@id\":\"https:\/\/www.spirit-us.eu\/index.php\/produit\/soin-quand-la-douleur-se-transforme\/#primaryimage\"},\"image\":{\"@id\":\"https:\/\/www.spirit-us.eu\/index.php\/produit\/soin-quand-la-douleur-se-transforme\/#primaryimage\"},\"thumbnailUrl\":\"https:\/\/www.spirit-us.eu\/wp-content\/uploads\/2025\/04\/Anesthesier-la-douleur-corrige.png\",\"datePublished\":\"2025-04-26T16:11:25+00:00\",\"dateModified\":\"2025-06-30T23:41:30+00:00\",\"breadcrumb\":{\"@id\":\"https:\/\/www.spirit-us.eu\/index.php\/produit\/soin-quand-la-douleur-se-transforme\/#breadcrumb\"},\"inLanguage\":\"fr-FR\",\"potentialAction\":[{\"@type\":\"ReadAction\",\"target\":[\"https:\/\/www.spirit-us.eu\/index.php\/produit\/soin-quand-la-douleur-se-transforme\/\"]}]},{\"@type\":\"ImageObject\",\"inLanguage\":\"fr-FR\",\"@id\":\"https:\/\/www.spirit-us.eu\/index.php\/produit\/soin-quand-la-douleur-se-transforme\/#primaryimage\",\"url\":\"https:\/\/www.spirit-us.eu\/wp-content\/uploads\/2025\/04\/Anesthesier-la-douleur-corrige.png\",\"contentUrl\":\"https:\/\/www.spirit-us.eu\/wp-content\/uploads\/2025\/04\/Anesthesier-la-douleur-corrige.png\",\"width\":1080,\"height\":1080},{\"@type\":\"BreadcrumbList\",\"@id\":\"https:\/\/www.spirit-us.eu\/index.php\/produit\/soin-quand-la-douleur-se-transforme\/#breadcrumb\",\"itemListElement\":[{\"@type\":\"ListItem\",\"position\":1,\"name\":\"Accueil\",\"item\":\"https:\/\/www.spirit-us.eu\/\"},{\"@type\":\"ListItem\",\"position\":2,\"name\":\"Boutique\",\"item\":\"https:\/\/www.spirit-us.eu\/index.php\/boutique\/\"},{\"@type\":\"ListItem\",\"position\":3,\"name\":\"Soin secret : anesth\u00e9sier la DOULEUR\"}]},{\"@type\":\"WebSite\",\"@id\":\"https:\/\/www.spirit-us.eu\/#website\",\"url\":\"https:\/\/www.spirit-us.eu\/\",\"name\":\"Spirit-US\",\"description\":\"\",\"publisher\":{\"@id\":\"https:\/\/www.spirit-us.eu\/#organization\"},\"potentialAction\":[{\"@type\":\"SearchAction\",\"target\":{\"@type\":\"EntryPoint\",\"urlTemplate\":\"https:\/\/www.spirit-us.eu\/?s={search_term_string}\"},\"query-input\":{\"@type\":\"PropertyValueSpecification\",\"valueRequired\":true,\"valueName\":\"search_term_string\"}}],\"inLanguage\":\"fr-FR\"},{\"@type\":\"Organization\",\"@id\":\"https:\/\/www.spirit-us.eu\/#organization\",\"name\":\"Spirit-US\",\"url\":\"https:\/\/www.spirit-us.eu\/\",\"logo\":{\"@type\":\"ImageObject\",\"inLanguage\":\"fr-FR\",\"@id\":\"https:\/\/www.spirit-us.eu\/#\/schema\/logo\/image\/\",\"url\":\"https:\/\/www.spirit-us.eu\/wp-content\/uploads\/2025\/11\/logo-regarde-linterlocutrice-sans-arrriere-plan.jpg\",\"contentUrl\":\"https:\/\/www.spirit-us.eu\/wp-content\/uploads\/2025\/11\/logo-regarde-linterlocutrice-sans-arrriere-plan.jpg\",\"width\":1080,\"height\":1080,\"caption\":\"Spirit-US\"},\"image\":{\"@id\":\"https:\/\/www.spirit-us.eu\/#\/schema\/logo\/image\/\"},\"sameAs\":[\"https:\/\/www.facebook.com\/spirit.us.deum\"]}]}<\/script>\n<!-- \/ Yoast SEO plugin. -->","yoast_head_json":{"title":"Soin secret : anesth\u00e9sier la DOULEUR - Spirit-US","robots":{"index":"index","follow":"follow","max-snippet":"max-snippet:-1","max-image-preview":"max-image-preview:large","max-video-preview":"max-video-preview:-1"},"canonical":"https:\/\/www.spirit-us.eu\/index.php\/produit\/soin-quand-la-douleur-se-transforme\/","og_locale":"fr_FR","og_type":"article","og_title":"Soin secret : anesth\u00e9sier la DOULEUR - Spirit-US","og_description":"Anesth\u00e9sier la douleur par transfert magn\u00e9tique. Ce soin d'une dur\u00e9e de 30 minutes, mont\u00e9 avec musique a pour objectif d'apaiser et de soulager les douleurs m\u00eame vives qu'on peut subir dans diverses circonstances.\u00a0 Il s'agit d'une m\u00e9ditation utilisant le pouvoir des mots, des formes-pens\u00e9es de bien-\u00eatre.\u00a0 Ce soin ne remplace en rien les prescrits m\u00e9dicaux, il se positionne en soutien aux rem\u00e8des anti-douleur classiques. Une pri\u00e8re liminaire est une des composantes de ce soin \"SECRET\"; la puissance du Verbe r\u00e9parateur agit sur certaines zones du cerveau et, additionn\u00e9e \u00e0 des fr\u00e9quences musicales de r\u00e9paration, elle poss\u00e8de des effets apaisant incontestables.\u00a0 Si l'on s'endort durant le soin, la parole qui continue \u00e0 \u00eatre dite, continue aussi \u00e0 faire son effet, traversant la barri\u00e8re subliminale et atteignant les autres \u00e9tats de conscience, o\u00f9 elle demeure agissante.","og_url":"https:\/\/www.spirit-us.eu\/index.php\/produit\/soin-quand-la-douleur-se-transforme\/","og_site_name":"Spirit-US","article_publisher":"https:\/\/www.facebook.com\/spirit.us.deum","article_modified_time":"2025-06-30T23:41:30+00:00","og_image":[{"width":1080,"height":1080,"url":"https:\/\/www.spirit-us.eu\/wp-content\/uploads\/2025\/04\/Anesthesier-la-douleur-corrige.png","type":"image\/png"}],"twitter_card":"summary_large_image","twitter_misc":{"Dur\u00e9e de lecture estim\u00e9e":"1 minute"},"schema":{"@context":"https:\/\/schema.org","@graph":[{"@type":"WebPage","@id":"https:\/\/www.spirit-us.eu\/index.php\/produit\/soin-quand-la-douleur-se-transforme\/","url":"https:\/\/www.spirit-us.eu\/index.php\/produit\/soin-quand-la-douleur-se-transforme\/","name":"Soin secret : anesth\u00e9sier la DOULEUR - Spirit-US","isPartOf":{"@id":"https:\/\/www.spirit-us.eu\/#website"},"primaryImageOfPage":{"@id":"https:\/\/www.spirit-us.eu\/index.php\/produit\/soin-quand-la-douleur-se-transforme\/#primaryimage"},"image":{"@id":"https:\/\/www.spirit-us.eu\/index.php\/produit\/soin-quand-la-douleur-se-transforme\/#primaryimage"},"thumbnailUrl":"https:\/\/www.spirit-us.eu\/wp-content\/uploads\/2025\/04\/Anesthesier-la-douleur-corrige.png","datePublished":"2025-04-26T16:11:25+00:00","dateModified":"2025-06-30T23:41:30+00:00","breadcrumb":{"@id":"https:\/\/www.spirit-us.eu\/index.php\/produit\/soin-quand-la-douleur-se-transforme\/#breadcrumb"},"inLanguage":"fr-FR","potentialAction":[{"@type":"ReadAction","target":["https:\/\/www.spirit-us.eu\/index.php\/produit\/soin-quand-la-douleur-se-transforme\/"]}]},{"@type":"ImageObject","inLanguage":"fr-FR","@id":"https:\/\/www.spirit-us.eu\/index.php\/produit\/soin-quand-la-douleur-se-transforme\/#primaryimage","url":"https:\/\/www.spirit-us.eu\/wp-content\/uploads\/2025\/04\/Anesthesier-la-douleur-corrige.png","contentUrl":"https:\/\/www.spirit-us.eu\/wp-content\/uploads\/2025\/04\/Anesthesier-la-douleur-corrige.png","width":1080,"height":1080},{"@type":"BreadcrumbList","@id":"https:\/\/www.spirit-us.eu\/index.php\/produit\/soin-quand-la-douleur-se-transforme\/#breadcrumb","itemListElement":[{"@type":"ListItem","position":1,"name":"Accueil","item":"https:\/\/www.spirit-us.eu\/"},{"@type":"ListItem","position":2,"name":"Boutique","item":"https:\/\/www.spirit-us.eu\/index.php\/boutique\/"},{"@type":"ListItem","position":3,"name":"Soin secret : anesth\u00e9sier la DOULEUR"}]},{"@type":"WebSite","@id":"https:\/\/www.spirit-us.eu\/#website","url":"https:\/\/www.spirit-us.eu\/","name":"Spirit-US","description":"","publisher":{"@id":"https:\/\/www.spirit-us.eu\/#organization"},"potentialAction":[{"@type":"SearchAction","target":{"@type":"EntryPoint","urlTemplate":"https:\/\/www.spirit-us.eu\/?s={search_term_string}"},"query-input":{"@type":"PropertyValueSpecification","valueRequired":true,"valueName":"search_term_string"}}],"inLanguage":"fr-FR"},{"@type":"Organization","@id":"https:\/\/www.spirit-us.eu\/#organization","name":"Spirit-US","url":"https:\/\/www.spirit-us.eu\/","logo":{"@type":"ImageObject","inLanguage":"fr-FR","@id":"https:\/\/www.spirit-us.eu\/#\/schema\/logo\/image\/","url":"https:\/\/www.spirit-us.eu\/wp-content\/uploads\/2025\/11\/logo-regarde-linterlocutrice-sans-arrriere-plan.jpg","contentUrl":"https:\/\/www.spirit-us.eu\/wp-content\/uploads\/2025\/11\/logo-regarde-linterlocutrice-sans-arrriere-plan.jpg","width":1080,"height":1080,"caption":"Spirit-US"},"image":{"@id":"https:\/\/www.spirit-us.eu\/#\/schema\/logo\/image\/"},"sameAs":["https:\/\/www.facebook.com\/spirit.us.deum"]}]}},"jetpack_sharing_enabled":true,"_links":{"self":[{"href":"https:\/\/www.spirit-us.eu\/index.php\/wp-json\/wp\/v2\/product\/1123","targetHints":{"allow":["GET"]}}],"collection":[{"href":"https:\/\/www.spirit-us.eu\/index.php\/wp-json\/wp\/v2\/product"}],"about":[{"href":"https:\/\/www.spirit-us.eu\/index.php\/wp-json\/wp\/v2\/types\/product"}],"replies":[{"embeddable":true,"href":"https:\/\/www.spirit-us.eu\/index.php\/wp-json\/wp\/v2\/comments?post=1123"}],"wp:featuredmedia":[{"embeddable":true,"href":"https:\/\/www.spirit-us.eu\/index.php\/wp-json\/wp\/v2\/media\/1125"}],"wp:attachment":[{"href":"https:\/\/www.spirit-us.eu\/index.php\/wp-json\/wp\/v2\/media?parent=1123"}],"wp:term":[{"taxonomy":"product_brand","embeddable":true,"href":"https:\/\/www.spirit-us.eu\/index.php\/wp-json\/wp\/v2\/product_brand?post=1123"},{"taxonomy":"product_cat","embeddable":true,"href":"https:\/\/www.spirit-us.eu\/index.php\/wp-json\/wp\/v2\/product_cat?post=1123"},{"taxonomy":"product_tag","embeddable":true,"href":"https:\/\/www.spirit-us.eu\/index.php\/wp-json\/wp\/v2\/product_tag?post=1123"},{"taxonomy":"mwb_booking_cost","embeddable":true,"href":"https:\/\/www.spirit-us.eu\/index.php\/wp-json\/wp\/v2\/mwb_booking_cost?post=1123"},{"taxonomy":"mwb_booking_service","embeddable":true,"href":"https:\/\/www.spirit-us.eu\/index.php\/wp-json\/wp\/v2\/mwb_booking_service?post=1123"}],"curies":[{"name":"wp","href":"https:\/\/api.w.org\/{rel}","templated":true}]}}