{"id":1111,"date":"2025-04-26T17:10:01","date_gmt":"2025-04-26T15:10:01","guid":{"rendered":"https:\/\/www.spirit-us.eu\/?post_type=product&#038;p=1111"},"modified":"2025-12-20T10:27:45","modified_gmt":"2025-12-20T09:27:45","slug":"miniature-pour-leau-benite-vierge-miraculeuse","status":"publish","type":"product","link":"https:\/\/www.spirit-us.eu\/index.php\/produit\/miniature-pour-leau-benite-vierge-miraculeuse\/","title":{"rendered":"Miniature pour l&rsquo;eau b\u00e9nite : Vierge miraculeuse"},"content":{"rendered":"<p>&nbsp;<\/p>\n<p><strong>Capacit\u00e9\u00a0: <\/strong>15 ml<\/p>\n<p><strong>Hauteur : 6,7<\/strong>\u00a0cm<\/p>\n<p><strong>Largeur : <\/strong>4,2\u00a0cm<\/p>\n<p><strong>Profondeur\u00a0: <\/strong>3.1 cm<\/p>\n<p><strong>Forme<\/strong> : ronde<\/p>\n<p><strong>Capuchon<\/strong> : vissable en forme de rose et en laiton dor\u00e9<\/p>\n<p><strong>Mat\u00e9riau<\/strong> : verre transparent blanc, m\u00e9tal dor\u00e9, plastique<\/p>\n<p><strong>Origine : <\/strong>Italie<\/p>\n<p>Pour des raisons de contraintes d&rsquo;exp\u00e9dition et de douane, le flacon est livr\u00e9 vide.\u00a0 Vous pouvez vous procurer la c\u00e9r\u00e9monie de b\u00e9n\u00e9diction de l&rsquo;eau, compl\u00e8te, par ce lien : <a href=\"https:\/\/www.spirit-us.eu\/index.php\/produit\/eau-benite-benir-leau-chez-soi\/\" target=\"_blank\" rel=\"noopener\">https:\/\/www.spirit-us.eu\/index.php\/produit\/eau-benite-benir-leau-chez-soi\/<\/a><\/p>\n","protected":false},"excerpt":{"rendered":"<p>Flacon ovale, miniature, destin\u00e9 \u00e0 l&rsquo;eau b\u00e9nite, \u00e0 l&rsquo;effigie\u00a0 de la Vierge miraculeuse.\u00a0 Sa contenance est de 15ml.\u00a0 Id\u00e9al pour conserver pr\u00e8s de soi (dans un sac ou une poche)\u00a0 l&rsquo;indispensable eau b\u00e9nite utile en tout temps et en toute circonstance. La bouteille est en verre solide, transparent, et permet de conserver tr\u00e8s longtemps l&rsquo;eau b\u00e9nite \u00e0 l&rsquo;abri de la chaleur et de la lumi\u00e8re.\u00a0 L&rsquo;effigie sainte de la Vierge Marie est en m\u00e9tal dor\u00e9, une plaque joliment cisel\u00e9e et travaill\u00e9e.\u00a0 Le bouchon est vissable, pour \u00e9tanch\u00e9it\u00e9 parfaite; il est dor\u00e9 et en forme de rose.\u00a0 Ce produit est enti\u00e8rement manufactur\u00e9 et durable.<\/p>\n","protected":false},"featured_media":1112,"comment_status":"open","ping_status":"closed","template":"","meta":[],"product_brand":[],"product_cat":[507,17,504],"product_tag":[],"mwb_booking_cost":[],"mwb_booking_service":[],"class_list":{"0":"post-1111","1":"product","2":"type-product","3":"status-publish","4":"has-post-thumbnail","6":"product_cat-003-eau-benitiers","7":"product_cat-tous-les-produits","8":"product_cat-01-univers-sacre-accueil","10":"first","11":"instock","12":"shipping-taxable","13":"purchasable","14":"product-type-simple"},"yoast_head":"<!-- This site is optimized with the Yoast SEO plugin v27.1.1 - https:\/\/yoast.com\/product\/yoast-seo-wordpress\/ -->\n<title>Miniature pour l&#039;eau b\u00e9nite : Vierge miraculeuse - Spirit-US<\/title>\n<meta name=\"robots\" content=\"index, follow, max-snippet:-1, max-image-preview:large, max-video-preview:-1\" \/>\n<link rel=\"canonical\" href=\"https:\/\/www.spirit-us.eu\/index.php\/produit\/miniature-pour-leau-benite-vierge-miraculeuse\/\" \/>\n<meta property=\"og:locale\" content=\"fr_FR\" \/>\n<meta property=\"og:type\" content=\"article\" \/>\n<meta property=\"og:title\" content=\"Miniature pour l&#039;eau b\u00e9nite : Vierge miraculeuse - Spirit-US\" \/>\n<meta property=\"og:description\" content=\"Flacon ovale, miniature, destin\u00e9 \u00e0 l&#039;eau b\u00e9nite, \u00e0 l&#039;effigie\u00a0 de la Vierge miraculeuse.\u00a0 Sa contenance est de 15ml.\u00a0 Id\u00e9al pour conserver pr\u00e8s de soi (dans un sac ou une poche)\u00a0 l&#039;indispensable eau b\u00e9nite utile en tout temps et en toute circonstance. La bouteille est en verre solide, transparent, et permet de conserver tr\u00e8s longtemps l&#039;eau b\u00e9nite \u00e0 l&#039;abri de la chaleur et de la lumi\u00e8re.\u00a0 L&#039;effigie sainte de la Vierge Marie est en m\u00e9tal dor\u00e9, une plaque joliment cisel\u00e9e et travaill\u00e9e.\u00a0 Le bouchon est vissable, pour \u00e9tanch\u00e9it\u00e9 parfaite; il est dor\u00e9 et en forme de rose.\u00a0 Ce produit est enti\u00e8rement manufactur\u00e9 et durable.\" \/>\n<meta property=\"og:url\" content=\"https:\/\/www.spirit-us.eu\/index.php\/produit\/miniature-pour-leau-benite-vierge-miraculeuse\/\" \/>\n<meta property=\"og:site_name\" content=\"Spirit-US\" \/>\n<meta property=\"article:publisher\" content=\"https:\/\/www.facebook.com\/spirit.us.deum\" \/>\n<meta property=\"article:modified_time\" content=\"2025-12-20T09:27:45+00:00\" \/>\n<meta property=\"og:image\" content=\"https:\/\/www.spirit-us.eu\/wp-content\/uploads\/2025\/04\/bouteille-marie-image-produit-scaled.png\" \/>\n\t<meta property=\"og:image:width\" content=\"2560\" \/>\n\t<meta property=\"og:image:height\" content=\"2560\" \/>\n\t<meta property=\"og:image:type\" content=\"image\/png\" \/>\n<meta name=\"twitter:card\" content=\"summary_large_image\" \/>\n<script type=\"application\/ld+json\" class=\"yoast-schema-graph\">{\"@context\":\"https:\/\/schema.org\",\"@graph\":[{\"@type\":\"WebPage\",\"@id\":\"https:\/\/www.spirit-us.eu\/index.php\/produit\/miniature-pour-leau-benite-vierge-miraculeuse\/\",\"url\":\"https:\/\/www.spirit-us.eu\/index.php\/produit\/miniature-pour-leau-benite-vierge-miraculeuse\/\",\"name\":\"Miniature pour l'eau b\u00e9nite : Vierge miraculeuse - Spirit-US\",\"isPartOf\":{\"@id\":\"https:\/\/www.spirit-us.eu\/#website\"},\"primaryImageOfPage\":{\"@id\":\"https:\/\/www.spirit-us.eu\/index.php\/produit\/miniature-pour-leau-benite-vierge-miraculeuse\/#primaryimage\"},\"image\":{\"@id\":\"https:\/\/www.spirit-us.eu\/index.php\/produit\/miniature-pour-leau-benite-vierge-miraculeuse\/#primaryimage\"},\"thumbnailUrl\":\"https:\/\/www.spirit-us.eu\/wp-content\/uploads\/2025\/04\/bouteille-marie-image-produit-scaled.png\",\"datePublished\":\"2025-04-26T15:10:01+00:00\",\"dateModified\":\"2025-12-20T09:27:45+00:00\",\"breadcrumb\":{\"@id\":\"https:\/\/www.spirit-us.eu\/index.php\/produit\/miniature-pour-leau-benite-vierge-miraculeuse\/#breadcrumb\"},\"inLanguage\":\"fr-FR\",\"potentialAction\":[{\"@type\":\"ReadAction\",\"target\":[\"https:\/\/www.spirit-us.eu\/index.php\/produit\/miniature-pour-leau-benite-vierge-miraculeuse\/\"]}]},{\"@type\":\"ImageObject\",\"inLanguage\":\"fr-FR\",\"@id\":\"https:\/\/www.spirit-us.eu\/index.php\/produit\/miniature-pour-leau-benite-vierge-miraculeuse\/#primaryimage\",\"url\":\"https:\/\/www.spirit-us.eu\/wp-content\/uploads\/2025\/04\/bouteille-marie-image-produit-scaled.png\",\"contentUrl\":\"https:\/\/www.spirit-us.eu\/wp-content\/uploads\/2025\/04\/bouteille-marie-image-produit-scaled.png\",\"width\":2560,\"height\":2560},{\"@type\":\"BreadcrumbList\",\"@id\":\"https:\/\/www.spirit-us.eu\/index.php\/produit\/miniature-pour-leau-benite-vierge-miraculeuse\/#breadcrumb\",\"itemListElement\":[{\"@type\":\"ListItem\",\"position\":1,\"name\":\"Accueil\",\"item\":\"https:\/\/www.spirit-us.eu\/\"},{\"@type\":\"ListItem\",\"position\":2,\"name\":\"Boutique\",\"item\":\"https:\/\/www.spirit-us.eu\/index.php\/boutique\/\"},{\"@type\":\"ListItem\",\"position\":3,\"name\":\"Miniature pour l&rsquo;eau b\u00e9nite : Vierge miraculeuse\"}]},{\"@type\":\"WebSite\",\"@id\":\"https:\/\/www.spirit-us.eu\/#website\",\"url\":\"https:\/\/www.spirit-us.eu\/\",\"name\":\"Spirit-US\",\"description\":\"\",\"publisher\":{\"@id\":\"https:\/\/www.spirit-us.eu\/#organization\"},\"potentialAction\":[{\"@type\":\"SearchAction\",\"target\":{\"@type\":\"EntryPoint\",\"urlTemplate\":\"https:\/\/www.spirit-us.eu\/?s={search_term_string}\"},\"query-input\":{\"@type\":\"PropertyValueSpecification\",\"valueRequired\":true,\"valueName\":\"search_term_string\"}}],\"inLanguage\":\"fr-FR\"},{\"@type\":\"Organization\",\"@id\":\"https:\/\/www.spirit-us.eu\/#organization\",\"name\":\"Spirit-US\",\"url\":\"https:\/\/www.spirit-us.eu\/\",\"logo\":{\"@type\":\"ImageObject\",\"inLanguage\":\"fr-FR\",\"@id\":\"https:\/\/www.spirit-us.eu\/#\/schema\/logo\/image\/\",\"url\":\"https:\/\/www.spirit-us.eu\/wp-content\/uploads\/2025\/11\/logo-regarde-linterlocutrice-sans-arrriere-plan.jpg\",\"contentUrl\":\"https:\/\/www.spirit-us.eu\/wp-content\/uploads\/2025\/11\/logo-regarde-linterlocutrice-sans-arrriere-plan.jpg\",\"width\":1080,\"height\":1080,\"caption\":\"Spirit-US\"},\"image\":{\"@id\":\"https:\/\/www.spirit-us.eu\/#\/schema\/logo\/image\/\"},\"sameAs\":[\"https:\/\/www.facebook.com\/spirit.us.deum\"]}]}<\/script>\n<!-- \/ Yoast SEO plugin. -->","yoast_head_json":{"title":"Miniature pour l'eau b\u00e9nite : Vierge miraculeuse - Spirit-US","robots":{"index":"index","follow":"follow","max-snippet":"max-snippet:-1","max-image-preview":"max-image-preview:large","max-video-preview":"max-video-preview:-1"},"canonical":"https:\/\/www.spirit-us.eu\/index.php\/produit\/miniature-pour-leau-benite-vierge-miraculeuse\/","og_locale":"fr_FR","og_type":"article","og_title":"Miniature pour l'eau b\u00e9nite : Vierge miraculeuse - Spirit-US","og_description":"Flacon ovale, miniature, destin\u00e9 \u00e0 l'eau b\u00e9nite, \u00e0 l'effigie\u00a0 de la Vierge miraculeuse.\u00a0 Sa contenance est de 15ml.\u00a0 Id\u00e9al pour conserver pr\u00e8s de soi (dans un sac ou une poche)\u00a0 l'indispensable eau b\u00e9nite utile en tout temps et en toute circonstance. La bouteille est en verre solide, transparent, et permet de conserver tr\u00e8s longtemps l'eau b\u00e9nite \u00e0 l'abri de la chaleur et de la lumi\u00e8re.\u00a0 L'effigie sainte de la Vierge Marie est en m\u00e9tal dor\u00e9, une plaque joliment cisel\u00e9e et travaill\u00e9e.\u00a0 Le bouchon est vissable, pour \u00e9tanch\u00e9it\u00e9 parfaite; il est dor\u00e9 et en forme de rose.\u00a0 Ce produit est enti\u00e8rement manufactur\u00e9 et durable.","og_url":"https:\/\/www.spirit-us.eu\/index.php\/produit\/miniature-pour-leau-benite-vierge-miraculeuse\/","og_site_name":"Spirit-US","article_publisher":"https:\/\/www.facebook.com\/spirit.us.deum","article_modified_time":"2025-12-20T09:27:45+00:00","og_image":[{"width":2560,"height":2560,"url":"https:\/\/www.spirit-us.eu\/wp-content\/uploads\/2025\/04\/bouteille-marie-image-produit-scaled.png","type":"image\/png"}],"twitter_card":"summary_large_image","schema":{"@context":"https:\/\/schema.org","@graph":[{"@type":"WebPage","@id":"https:\/\/www.spirit-us.eu\/index.php\/produit\/miniature-pour-leau-benite-vierge-miraculeuse\/","url":"https:\/\/www.spirit-us.eu\/index.php\/produit\/miniature-pour-leau-benite-vierge-miraculeuse\/","name":"Miniature pour l'eau b\u00e9nite : Vierge miraculeuse - Spirit-US","isPartOf":{"@id":"https:\/\/www.spirit-us.eu\/#website"},"primaryImageOfPage":{"@id":"https:\/\/www.spirit-us.eu\/index.php\/produit\/miniature-pour-leau-benite-vierge-miraculeuse\/#primaryimage"},"image":{"@id":"https:\/\/www.spirit-us.eu\/index.php\/produit\/miniature-pour-leau-benite-vierge-miraculeuse\/#primaryimage"},"thumbnailUrl":"https:\/\/www.spirit-us.eu\/wp-content\/uploads\/2025\/04\/bouteille-marie-image-produit-scaled.png","datePublished":"2025-04-26T15:10:01+00:00","dateModified":"2025-12-20T09:27:45+00:00","breadcrumb":{"@id":"https:\/\/www.spirit-us.eu\/index.php\/produit\/miniature-pour-leau-benite-vierge-miraculeuse\/#breadcrumb"},"inLanguage":"fr-FR","potentialAction":[{"@type":"ReadAction","target":["https:\/\/www.spirit-us.eu\/index.php\/produit\/miniature-pour-leau-benite-vierge-miraculeuse\/"]}]},{"@type":"ImageObject","inLanguage":"fr-FR","@id":"https:\/\/www.spirit-us.eu\/index.php\/produit\/miniature-pour-leau-benite-vierge-miraculeuse\/#primaryimage","url":"https:\/\/www.spirit-us.eu\/wp-content\/uploads\/2025\/04\/bouteille-marie-image-produit-scaled.png","contentUrl":"https:\/\/www.spirit-us.eu\/wp-content\/uploads\/2025\/04\/bouteille-marie-image-produit-scaled.png","width":2560,"height":2560},{"@type":"BreadcrumbList","@id":"https:\/\/www.spirit-us.eu\/index.php\/produit\/miniature-pour-leau-benite-vierge-miraculeuse\/#breadcrumb","itemListElement":[{"@type":"ListItem","position":1,"name":"Accueil","item":"https:\/\/www.spirit-us.eu\/"},{"@type":"ListItem","position":2,"name":"Boutique","item":"https:\/\/www.spirit-us.eu\/index.php\/boutique\/"},{"@type":"ListItem","position":3,"name":"Miniature pour l&rsquo;eau b\u00e9nite : Vierge miraculeuse"}]},{"@type":"WebSite","@id":"https:\/\/www.spirit-us.eu\/#website","url":"https:\/\/www.spirit-us.eu\/","name":"Spirit-US","description":"","publisher":{"@id":"https:\/\/www.spirit-us.eu\/#organization"},"potentialAction":[{"@type":"SearchAction","target":{"@type":"EntryPoint","urlTemplate":"https:\/\/www.spirit-us.eu\/?s={search_term_string}"},"query-input":{"@type":"PropertyValueSpecification","valueRequired":true,"valueName":"search_term_string"}}],"inLanguage":"fr-FR"},{"@type":"Organization","@id":"https:\/\/www.spirit-us.eu\/#organization","name":"Spirit-US","url":"https:\/\/www.spirit-us.eu\/","logo":{"@type":"ImageObject","inLanguage":"fr-FR","@id":"https:\/\/www.spirit-us.eu\/#\/schema\/logo\/image\/","url":"https:\/\/www.spirit-us.eu\/wp-content\/uploads\/2025\/11\/logo-regarde-linterlocutrice-sans-arrriere-plan.jpg","contentUrl":"https:\/\/www.spirit-us.eu\/wp-content\/uploads\/2025\/11\/logo-regarde-linterlocutrice-sans-arrriere-plan.jpg","width":1080,"height":1080,"caption":"Spirit-US"},"image":{"@id":"https:\/\/www.spirit-us.eu\/#\/schema\/logo\/image\/"},"sameAs":["https:\/\/www.facebook.com\/spirit.us.deum"]}]}},"jetpack_sharing_enabled":true,"_links":{"self":[{"href":"https:\/\/www.spirit-us.eu\/index.php\/wp-json\/wp\/v2\/product\/1111","targetHints":{"allow":["GET"]}}],"collection":[{"href":"https:\/\/www.spirit-us.eu\/index.php\/wp-json\/wp\/v2\/product"}],"about":[{"href":"https:\/\/www.spirit-us.eu\/index.php\/wp-json\/wp\/v2\/types\/product"}],"replies":[{"embeddable":true,"href":"https:\/\/www.spirit-us.eu\/index.php\/wp-json\/wp\/v2\/comments?post=1111"}],"wp:featuredmedia":[{"embeddable":true,"href":"https:\/\/www.spirit-us.eu\/index.php\/wp-json\/wp\/v2\/media\/1112"}],"wp:attachment":[{"href":"https:\/\/www.spirit-us.eu\/index.php\/wp-json\/wp\/v2\/media?parent=1111"}],"wp:term":[{"taxonomy":"product_brand","embeddable":true,"href":"https:\/\/www.spirit-us.eu\/index.php\/wp-json\/wp\/v2\/product_brand?post=1111"},{"taxonomy":"product_cat","embeddable":true,"href":"https:\/\/www.spirit-us.eu\/index.php\/wp-json\/wp\/v2\/product_cat?post=1111"},{"taxonomy":"product_tag","embeddable":true,"href":"https:\/\/www.spirit-us.eu\/index.php\/wp-json\/wp\/v2\/product_tag?post=1111"},{"taxonomy":"mwb_booking_cost","embeddable":true,"href":"https:\/\/www.spirit-us.eu\/index.php\/wp-json\/wp\/v2\/mwb_booking_cost?post=1111"},{"taxonomy":"mwb_booking_service","embeddable":true,"href":"https:\/\/www.spirit-us.eu\/index.php\/wp-json\/wp\/v2\/mwb_booking_service?post=1111"}],"curies":[{"name":"wp","href":"https:\/\/api.w.org\/{rel}","templated":true}]}}