{"id":1102,"date":"2025-04-26T15:47:58","date_gmt":"2025-04-26T13:47:58","guid":{"rendered":"https:\/\/www.spirit-us.eu\/?post_type=product&#038;p=1102"},"modified":"2025-12-22T13:48:34","modified_gmt":"2025-12-22T12:48:34","slug":"attrape-soleil","status":"publish","type":"product","link":"https:\/\/www.spirit-us.eu\/index.php\/produit\/attrape-soleil\/","title":{"rendered":"ATTRAPE-SOLEIL Feng Shui"},"content":{"rendered":"<p><strong>Mat\u00e9riaux :\u00a0<\/strong>cristal et laiton dor\u00e9<\/p>\n<p><strong>Apparence :\u00a0<\/strong>translucide<\/p>\n<p><strong>Dimensions :\u00a0<\/strong>7,5 cm pour le cristal entour\u00e9 de deux cercles de laiton dor\u00e9; 39 cm pour la cordelette qui permet de suspendre l&rsquo;attrape-soleil<\/p>\n<p><strong>D\u00e9tail :\u00a0<\/strong>la cordelette est agr\u00e9ment\u00e9e de perles transparentes pour augmenter l&rsquo;effet \u00ab\u00a0jeu de lumi\u00e8re\u00a0\u00bb<\/p>\n","protected":false},"excerpt":{"rendered":"<p>Tr\u00e8s joli accessoire \u00e0 suspendre devant une fen\u00eatre ou sous une lampe.\u00a0 Fait en cristal et laiton dor\u00e9, cet attrape-soleil \u00e9gaye tous les endroits o\u00f9 on les place, d\u00e8s lors qu&rsquo;ils peuvent jouer avec la lumi\u00e8re. V\u00e9ritable capteur de lumi\u00e8re gr\u00e2ce \u00e0 son de prisme en cristal\u00a0 (pas besoin d&rsquo;\u00e9lectricit\u00e9). On utilise ce genre d&rsquo;accessoire dans le Feng Shui (l&rsquo;art du bien-vivre dans son milieu de vie, de travail et de loisirs), qui est tr\u00e8s pris\u00e9; sa pr\u00e9sence ajoute une dimension particuli\u00e8re \u00e0 l&rsquo;endroit o\u00f9 on le place.<\/p>\n","protected":false},"featured_media":1103,"comment_status":"open","ping_status":"closed","template":"","meta":[],"product_brand":[],"product_cat":[180,17],"product_tag":[],"mwb_booking_cost":[],"mwb_booking_service":[],"class_list":{"0":"post-1102","1":"product","2":"type-product","3":"status-publish","4":"has-post-thumbnail","6":"product_cat-09-decoration","7":"product_cat-tous-les-produits","9":"first","10":"instock","11":"shipping-taxable","12":"purchasable","13":"product-type-simple"},"yoast_head":"<!-- This site is optimized with the Yoast SEO plugin v27.1.1 - https:\/\/yoast.com\/product\/yoast-seo-wordpress\/ -->\n<title>ATTRAPE-SOLEIL Feng Shui - Spirit-US<\/title>\n<meta name=\"robots\" content=\"index, follow, max-snippet:-1, max-image-preview:large, max-video-preview:-1\" \/>\n<link rel=\"canonical\" href=\"https:\/\/www.spirit-us.eu\/index.php\/produit\/attrape-soleil\/\" \/>\n<meta property=\"og:locale\" content=\"fr_FR\" \/>\n<meta property=\"og:type\" content=\"article\" \/>\n<meta property=\"og:title\" content=\"ATTRAPE-SOLEIL Feng Shui - Spirit-US\" \/>\n<meta property=\"og:description\" content=\"Tr\u00e8s joli accessoire \u00e0 suspendre devant une fen\u00eatre ou sous une lampe.\u00a0 Fait en cristal et laiton dor\u00e9, cet attrape-soleil \u00e9gaye tous les endroits o\u00f9 on les place, d\u00e8s lors qu&#039;ils peuvent jouer avec la lumi\u00e8re. V\u00e9ritable capteur de lumi\u00e8re gr\u00e2ce \u00e0 son de prisme en cristal\u00a0 (pas besoin d&#039;\u00e9lectricit\u00e9). On utilise ce genre d&#039;accessoire dans le Feng Shui (l&#039;art du bien-vivre dans son milieu de vie, de travail et de loisirs), qui est tr\u00e8s pris\u00e9; sa pr\u00e9sence ajoute une dimension particuli\u00e8re \u00e0 l&#039;endroit o\u00f9 on le place.\" \/>\n<meta property=\"og:url\" content=\"https:\/\/www.spirit-us.eu\/index.php\/produit\/attrape-soleil\/\" \/>\n<meta property=\"og:site_name\" content=\"Spirit-US\" \/>\n<meta property=\"article:publisher\" content=\"https:\/\/www.facebook.com\/spirit.us.deum\" \/>\n<meta property=\"article:modified_time\" content=\"2025-12-22T12:48:34+00:00\" \/>\n<meta property=\"og:image\" content=\"https:\/\/www.spirit-us.eu\/wp-content\/uploads\/2025\/04\/attrape-soleil.png\" \/>\n\t<meta property=\"og:image:width\" content=\"551\" \/>\n\t<meta property=\"og:image:height\" content=\"561\" \/>\n\t<meta property=\"og:image:type\" content=\"image\/png\" \/>\n<meta name=\"twitter:card\" content=\"summary_large_image\" \/>\n<meta name=\"twitter:label1\" content=\"Dur\u00e9e de lecture estim\u00e9e\" \/>\n\t<meta name=\"twitter:data1\" content=\"1 minute\" \/>\n<script type=\"application\/ld+json\" class=\"yoast-schema-graph\">{\"@context\":\"https:\/\/schema.org\",\"@graph\":[{\"@type\":\"WebPage\",\"@id\":\"https:\/\/www.spirit-us.eu\/index.php\/produit\/attrape-soleil\/\",\"url\":\"https:\/\/www.spirit-us.eu\/index.php\/produit\/attrape-soleil\/\",\"name\":\"ATTRAPE-SOLEIL Feng Shui - Spirit-US\",\"isPartOf\":{\"@id\":\"https:\/\/www.spirit-us.eu\/#website\"},\"primaryImageOfPage\":{\"@id\":\"https:\/\/www.spirit-us.eu\/index.php\/produit\/attrape-soleil\/#primaryimage\"},\"image\":{\"@id\":\"https:\/\/www.spirit-us.eu\/index.php\/produit\/attrape-soleil\/#primaryimage\"},\"thumbnailUrl\":\"https:\/\/www.spirit-us.eu\/wp-content\/uploads\/2025\/04\/attrape-soleil.png\",\"datePublished\":\"2025-04-26T13:47:58+00:00\",\"dateModified\":\"2025-12-22T12:48:34+00:00\",\"breadcrumb\":{\"@id\":\"https:\/\/www.spirit-us.eu\/index.php\/produit\/attrape-soleil\/#breadcrumb\"},\"inLanguage\":\"fr-FR\",\"potentialAction\":[{\"@type\":\"ReadAction\",\"target\":[\"https:\/\/www.spirit-us.eu\/index.php\/produit\/attrape-soleil\/\"]}]},{\"@type\":\"ImageObject\",\"inLanguage\":\"fr-FR\",\"@id\":\"https:\/\/www.spirit-us.eu\/index.php\/produit\/attrape-soleil\/#primaryimage\",\"url\":\"https:\/\/www.spirit-us.eu\/wp-content\/uploads\/2025\/04\/attrape-soleil.png\",\"contentUrl\":\"https:\/\/www.spirit-us.eu\/wp-content\/uploads\/2025\/04\/attrape-soleil.png\",\"width\":551,\"height\":561},{\"@type\":\"BreadcrumbList\",\"@id\":\"https:\/\/www.spirit-us.eu\/index.php\/produit\/attrape-soleil\/#breadcrumb\",\"itemListElement\":[{\"@type\":\"ListItem\",\"position\":1,\"name\":\"Accueil\",\"item\":\"https:\/\/www.spirit-us.eu\/\"},{\"@type\":\"ListItem\",\"position\":2,\"name\":\"Boutique\",\"item\":\"https:\/\/www.spirit-us.eu\/index.php\/boutique\/\"},{\"@type\":\"ListItem\",\"position\":3,\"name\":\"ATTRAPE-SOLEIL Feng Shui\"}]},{\"@type\":\"WebSite\",\"@id\":\"https:\/\/www.spirit-us.eu\/#website\",\"url\":\"https:\/\/www.spirit-us.eu\/\",\"name\":\"Spirit-US\",\"description\":\"\",\"publisher\":{\"@id\":\"https:\/\/www.spirit-us.eu\/#organization\"},\"potentialAction\":[{\"@type\":\"SearchAction\",\"target\":{\"@type\":\"EntryPoint\",\"urlTemplate\":\"https:\/\/www.spirit-us.eu\/?s={search_term_string}\"},\"query-input\":{\"@type\":\"PropertyValueSpecification\",\"valueRequired\":true,\"valueName\":\"search_term_string\"}}],\"inLanguage\":\"fr-FR\"},{\"@type\":\"Organization\",\"@id\":\"https:\/\/www.spirit-us.eu\/#organization\",\"name\":\"Spirit-US\",\"url\":\"https:\/\/www.spirit-us.eu\/\",\"logo\":{\"@type\":\"ImageObject\",\"inLanguage\":\"fr-FR\",\"@id\":\"https:\/\/www.spirit-us.eu\/#\/schema\/logo\/image\/\",\"url\":\"https:\/\/www.spirit-us.eu\/wp-content\/uploads\/2025\/11\/logo-regarde-linterlocutrice-sans-arrriere-plan.jpg\",\"contentUrl\":\"https:\/\/www.spirit-us.eu\/wp-content\/uploads\/2025\/11\/logo-regarde-linterlocutrice-sans-arrriere-plan.jpg\",\"width\":1080,\"height\":1080,\"caption\":\"Spirit-US\"},\"image\":{\"@id\":\"https:\/\/www.spirit-us.eu\/#\/schema\/logo\/image\/\"},\"sameAs\":[\"https:\/\/www.facebook.com\/spirit.us.deum\"]}]}<\/script>\n<!-- \/ Yoast SEO plugin. -->","yoast_head_json":{"title":"ATTRAPE-SOLEIL Feng Shui - Spirit-US","robots":{"index":"index","follow":"follow","max-snippet":"max-snippet:-1","max-image-preview":"max-image-preview:large","max-video-preview":"max-video-preview:-1"},"canonical":"https:\/\/www.spirit-us.eu\/index.php\/produit\/attrape-soleil\/","og_locale":"fr_FR","og_type":"article","og_title":"ATTRAPE-SOLEIL Feng Shui - Spirit-US","og_description":"Tr\u00e8s joli accessoire \u00e0 suspendre devant une fen\u00eatre ou sous une lampe.\u00a0 Fait en cristal et laiton dor\u00e9, cet attrape-soleil \u00e9gaye tous les endroits o\u00f9 on les place, d\u00e8s lors qu'ils peuvent jouer avec la lumi\u00e8re. V\u00e9ritable capteur de lumi\u00e8re gr\u00e2ce \u00e0 son de prisme en cristal\u00a0 (pas besoin d'\u00e9lectricit\u00e9). On utilise ce genre d'accessoire dans le Feng Shui (l'art du bien-vivre dans son milieu de vie, de travail et de loisirs), qui est tr\u00e8s pris\u00e9; sa pr\u00e9sence ajoute une dimension particuli\u00e8re \u00e0 l'endroit o\u00f9 on le place.","og_url":"https:\/\/www.spirit-us.eu\/index.php\/produit\/attrape-soleil\/","og_site_name":"Spirit-US","article_publisher":"https:\/\/www.facebook.com\/spirit.us.deum","article_modified_time":"2025-12-22T12:48:34+00:00","og_image":[{"width":551,"height":561,"url":"https:\/\/www.spirit-us.eu\/wp-content\/uploads\/2025\/04\/attrape-soleil.png","type":"image\/png"}],"twitter_card":"summary_large_image","twitter_misc":{"Dur\u00e9e de lecture estim\u00e9e":"1 minute"},"schema":{"@context":"https:\/\/schema.org","@graph":[{"@type":"WebPage","@id":"https:\/\/www.spirit-us.eu\/index.php\/produit\/attrape-soleil\/","url":"https:\/\/www.spirit-us.eu\/index.php\/produit\/attrape-soleil\/","name":"ATTRAPE-SOLEIL Feng Shui - Spirit-US","isPartOf":{"@id":"https:\/\/www.spirit-us.eu\/#website"},"primaryImageOfPage":{"@id":"https:\/\/www.spirit-us.eu\/index.php\/produit\/attrape-soleil\/#primaryimage"},"image":{"@id":"https:\/\/www.spirit-us.eu\/index.php\/produit\/attrape-soleil\/#primaryimage"},"thumbnailUrl":"https:\/\/www.spirit-us.eu\/wp-content\/uploads\/2025\/04\/attrape-soleil.png","datePublished":"2025-04-26T13:47:58+00:00","dateModified":"2025-12-22T12:48:34+00:00","breadcrumb":{"@id":"https:\/\/www.spirit-us.eu\/index.php\/produit\/attrape-soleil\/#breadcrumb"},"inLanguage":"fr-FR","potentialAction":[{"@type":"ReadAction","target":["https:\/\/www.spirit-us.eu\/index.php\/produit\/attrape-soleil\/"]}]},{"@type":"ImageObject","inLanguage":"fr-FR","@id":"https:\/\/www.spirit-us.eu\/index.php\/produit\/attrape-soleil\/#primaryimage","url":"https:\/\/www.spirit-us.eu\/wp-content\/uploads\/2025\/04\/attrape-soleil.png","contentUrl":"https:\/\/www.spirit-us.eu\/wp-content\/uploads\/2025\/04\/attrape-soleil.png","width":551,"height":561},{"@type":"BreadcrumbList","@id":"https:\/\/www.spirit-us.eu\/index.php\/produit\/attrape-soleil\/#breadcrumb","itemListElement":[{"@type":"ListItem","position":1,"name":"Accueil","item":"https:\/\/www.spirit-us.eu\/"},{"@type":"ListItem","position":2,"name":"Boutique","item":"https:\/\/www.spirit-us.eu\/index.php\/boutique\/"},{"@type":"ListItem","position":3,"name":"ATTRAPE-SOLEIL Feng Shui"}]},{"@type":"WebSite","@id":"https:\/\/www.spirit-us.eu\/#website","url":"https:\/\/www.spirit-us.eu\/","name":"Spirit-US","description":"","publisher":{"@id":"https:\/\/www.spirit-us.eu\/#organization"},"potentialAction":[{"@type":"SearchAction","target":{"@type":"EntryPoint","urlTemplate":"https:\/\/www.spirit-us.eu\/?s={search_term_string}"},"query-input":{"@type":"PropertyValueSpecification","valueRequired":true,"valueName":"search_term_string"}}],"inLanguage":"fr-FR"},{"@type":"Organization","@id":"https:\/\/www.spirit-us.eu\/#organization","name":"Spirit-US","url":"https:\/\/www.spirit-us.eu\/","logo":{"@type":"ImageObject","inLanguage":"fr-FR","@id":"https:\/\/www.spirit-us.eu\/#\/schema\/logo\/image\/","url":"https:\/\/www.spirit-us.eu\/wp-content\/uploads\/2025\/11\/logo-regarde-linterlocutrice-sans-arrriere-plan.jpg","contentUrl":"https:\/\/www.spirit-us.eu\/wp-content\/uploads\/2025\/11\/logo-regarde-linterlocutrice-sans-arrriere-plan.jpg","width":1080,"height":1080,"caption":"Spirit-US"},"image":{"@id":"https:\/\/www.spirit-us.eu\/#\/schema\/logo\/image\/"},"sameAs":["https:\/\/www.facebook.com\/spirit.us.deum"]}]}},"jetpack_sharing_enabled":true,"_links":{"self":[{"href":"https:\/\/www.spirit-us.eu\/index.php\/wp-json\/wp\/v2\/product\/1102","targetHints":{"allow":["GET"]}}],"collection":[{"href":"https:\/\/www.spirit-us.eu\/index.php\/wp-json\/wp\/v2\/product"}],"about":[{"href":"https:\/\/www.spirit-us.eu\/index.php\/wp-json\/wp\/v2\/types\/product"}],"replies":[{"embeddable":true,"href":"https:\/\/www.spirit-us.eu\/index.php\/wp-json\/wp\/v2\/comments?post=1102"}],"wp:featuredmedia":[{"embeddable":true,"href":"https:\/\/www.spirit-us.eu\/index.php\/wp-json\/wp\/v2\/media\/1103"}],"wp:attachment":[{"href":"https:\/\/www.spirit-us.eu\/index.php\/wp-json\/wp\/v2\/media?parent=1102"}],"wp:term":[{"taxonomy":"product_brand","embeddable":true,"href":"https:\/\/www.spirit-us.eu\/index.php\/wp-json\/wp\/v2\/product_brand?post=1102"},{"taxonomy":"product_cat","embeddable":true,"href":"https:\/\/www.spirit-us.eu\/index.php\/wp-json\/wp\/v2\/product_cat?post=1102"},{"taxonomy":"product_tag","embeddable":true,"href":"https:\/\/www.spirit-us.eu\/index.php\/wp-json\/wp\/v2\/product_tag?post=1102"},{"taxonomy":"mwb_booking_cost","embeddable":true,"href":"https:\/\/www.spirit-us.eu\/index.php\/wp-json\/wp\/v2\/mwb_booking_cost?post=1102"},{"taxonomy":"mwb_booking_service","embeddable":true,"href":"https:\/\/www.spirit-us.eu\/index.php\/wp-json\/wp\/v2\/mwb_booking_service?post=1102"}],"curies":[{"name":"wp","href":"https:\/\/api.w.org\/{rel}","templated":true}]}}