{"id":1096,"date":"2025-04-26T15:14:29","date_gmt":"2025-04-26T13:14:29","guid":{"rendered":"https:\/\/www.spirit-us.eu\/?post_type=product&#038;p=1096"},"modified":"2025-12-20T10:32:07","modified_gmt":"2025-12-20T09:32:07","slug":"sachet-en-lin-pour-le-sel-de-protection-ou-les-talismans","status":"publish","type":"product","link":"https:\/\/www.spirit-us.eu\/index.php\/produit\/sachet-en-lin-pour-le-sel-de-protection-ou-les-talismans\/","title":{"rendered":"Sachet en lin (pour le sel de protection ou les talismans)"},"content":{"rendered":"<p>Enti\u00e8rement manufactur\u00e9 et b\u00e9ni avant exp\u00e9dition &#8211; comporte une pri\u00e8re de protection b\u00e9nie.<\/p>\n<p><strong>Dimensions\u00a0<\/strong>: \u00a08 cm de large \/ 10 cm de haut<\/p>\n<p><strong>Dimension de la cordelette :\u00a0<\/strong>14 cm<\/p>\n<p><strong>Mati\u00e8re<\/strong> : lin bio de couleur claire naturelle (cr\u00e8me) et broderie manufactur\u00e9e dor\u00e9e<\/p>\n<p>&nbsp;<\/p>\n","protected":false},"excerpt":{"rendered":"<p>Sachet en lin bio enti\u00e8rement manufactur\u00e9 et estampill\u00e9 de la croix ancr\u00e9e fleurdelys\u00e9e des reines et des rois catholiques. La forme \/ l&rsquo;onde de forme de cette croix traduit la stabilit\u00e9 et la loyaut\u00e9.\u00a0 Ind\u00e9pendamment de ce qui sera plac\u00e9 dans ce sachet, l&rsquo;effet de la protection est d\u00e9j\u00e0 effective gr\u00e2ce \u00e0 la pri\u00e8re livr\u00e9e avec le sachet.<\/p>\n","protected":false},"featured_media":1098,"comment_status":"open","ping_status":"closed","template":"","meta":[],"product_brand":[],"product_cat":[508,17,504],"product_tag":[],"mwb_booking_cost":[],"mwb_booking_service":[],"class_list":{"0":"post-1096","1":"product","2":"type-product","3":"status-publish","4":"has-post-thumbnail","6":"product_cat-004-images-bijoux-saints","7":"product_cat-tous-les-produits","8":"product_cat-01-univers-sacre-accueil","10":"first","11":"instock","12":"shipping-taxable","13":"purchasable","14":"product-type-simple"},"yoast_head":"<!-- This site is optimized with the Yoast SEO plugin v27.1.1 - https:\/\/yoast.com\/product\/yoast-seo-wordpress\/ -->\n<title>Sachet en lin (pour le sel de protection ou les talismans) - Spirit-US<\/title>\n<meta name=\"robots\" content=\"index, follow, max-snippet:-1, max-image-preview:large, max-video-preview:-1\" \/>\n<link rel=\"canonical\" href=\"https:\/\/www.spirit-us.eu\/index.php\/produit\/sachet-en-lin-pour-le-sel-de-protection-ou-les-talismans\/\" \/>\n<meta property=\"og:locale\" content=\"fr_FR\" \/>\n<meta property=\"og:type\" content=\"article\" \/>\n<meta property=\"og:title\" content=\"Sachet en lin (pour le sel de protection ou les talismans) - Spirit-US\" \/>\n<meta property=\"og:description\" content=\"Sachet en lin bio enti\u00e8rement manufactur\u00e9 et estampill\u00e9 de la croix ancr\u00e9e fleurdelys\u00e9e des reines et des rois catholiques. La forme \/ l&#039;onde de forme de cette croix traduit la stabilit\u00e9 et la loyaut\u00e9.\u00a0 Ind\u00e9pendamment de ce qui sera plac\u00e9 dans ce sachet, l&#039;effet de la protection est d\u00e9j\u00e0 effective gr\u00e2ce \u00e0 la pri\u00e8re livr\u00e9e avec le sachet.\" \/>\n<meta property=\"og:url\" content=\"https:\/\/www.spirit-us.eu\/index.php\/produit\/sachet-en-lin-pour-le-sel-de-protection-ou-les-talismans\/\" \/>\n<meta property=\"og:site_name\" content=\"Spirit-US\" \/>\n<meta property=\"article:publisher\" content=\"https:\/\/www.facebook.com\/spirit.us.deum\" \/>\n<meta property=\"article:modified_time\" content=\"2025-12-20T09:32:07+00:00\" \/>\n<meta property=\"og:image\" content=\"https:\/\/www.spirit-us.eu\/wp-content\/uploads\/2025\/04\/image-produit-sachet-bon-1024x1024.png\" \/>\n\t<meta property=\"og:image:width\" content=\"1024\" \/>\n\t<meta property=\"og:image:height\" content=\"1024\" \/>\n\t<meta property=\"og:image:type\" content=\"image\/png\" \/>\n<meta name=\"twitter:card\" content=\"summary_large_image\" \/>\n<script type=\"application\/ld+json\" class=\"yoast-schema-graph\">{\"@context\":\"https:\/\/schema.org\",\"@graph\":[{\"@type\":\"WebPage\",\"@id\":\"https:\/\/www.spirit-us.eu\/index.php\/produit\/sachet-en-lin-pour-le-sel-de-protection-ou-les-talismans\/\",\"url\":\"https:\/\/www.spirit-us.eu\/index.php\/produit\/sachet-en-lin-pour-le-sel-de-protection-ou-les-talismans\/\",\"name\":\"Sachet en lin (pour le sel de protection ou les talismans) - Spirit-US\",\"isPartOf\":{\"@id\":\"https:\/\/www.spirit-us.eu\/#website\"},\"primaryImageOfPage\":{\"@id\":\"https:\/\/www.spirit-us.eu\/index.php\/produit\/sachet-en-lin-pour-le-sel-de-protection-ou-les-talismans\/#primaryimage\"},\"image\":{\"@id\":\"https:\/\/www.spirit-us.eu\/index.php\/produit\/sachet-en-lin-pour-le-sel-de-protection-ou-les-talismans\/#primaryimage\"},\"thumbnailUrl\":\"https:\/\/www.spirit-us.eu\/wp-content\/uploads\/2025\/04\/image-produit-sachet-bon-scaled.png\",\"datePublished\":\"2025-04-26T13:14:29+00:00\",\"dateModified\":\"2025-12-20T09:32:07+00:00\",\"breadcrumb\":{\"@id\":\"https:\/\/www.spirit-us.eu\/index.php\/produit\/sachet-en-lin-pour-le-sel-de-protection-ou-les-talismans\/#breadcrumb\"},\"inLanguage\":\"fr-FR\",\"potentialAction\":[{\"@type\":\"ReadAction\",\"target\":[\"https:\/\/www.spirit-us.eu\/index.php\/produit\/sachet-en-lin-pour-le-sel-de-protection-ou-les-talismans\/\"]}]},{\"@type\":\"ImageObject\",\"inLanguage\":\"fr-FR\",\"@id\":\"https:\/\/www.spirit-us.eu\/index.php\/produit\/sachet-en-lin-pour-le-sel-de-protection-ou-les-talismans\/#primaryimage\",\"url\":\"https:\/\/www.spirit-us.eu\/wp-content\/uploads\/2025\/04\/image-produit-sachet-bon-scaled.png\",\"contentUrl\":\"https:\/\/www.spirit-us.eu\/wp-content\/uploads\/2025\/04\/image-produit-sachet-bon-scaled.png\",\"width\":2560,\"height\":2560},{\"@type\":\"BreadcrumbList\",\"@id\":\"https:\/\/www.spirit-us.eu\/index.php\/produit\/sachet-en-lin-pour-le-sel-de-protection-ou-les-talismans\/#breadcrumb\",\"itemListElement\":[{\"@type\":\"ListItem\",\"position\":1,\"name\":\"Accueil\",\"item\":\"https:\/\/www.spirit-us.eu\/\"},{\"@type\":\"ListItem\",\"position\":2,\"name\":\"Boutique\",\"item\":\"https:\/\/www.spirit-us.eu\/index.php\/boutique\/\"},{\"@type\":\"ListItem\",\"position\":3,\"name\":\"Sachet en lin (pour le sel de protection ou les talismans)\"}]},{\"@type\":\"WebSite\",\"@id\":\"https:\/\/www.spirit-us.eu\/#website\",\"url\":\"https:\/\/www.spirit-us.eu\/\",\"name\":\"Spirit-US\",\"description\":\"\",\"publisher\":{\"@id\":\"https:\/\/www.spirit-us.eu\/#organization\"},\"potentialAction\":[{\"@type\":\"SearchAction\",\"target\":{\"@type\":\"EntryPoint\",\"urlTemplate\":\"https:\/\/www.spirit-us.eu\/?s={search_term_string}\"},\"query-input\":{\"@type\":\"PropertyValueSpecification\",\"valueRequired\":true,\"valueName\":\"search_term_string\"}}],\"inLanguage\":\"fr-FR\"},{\"@type\":\"Organization\",\"@id\":\"https:\/\/www.spirit-us.eu\/#organization\",\"name\":\"Spirit-US\",\"url\":\"https:\/\/www.spirit-us.eu\/\",\"logo\":{\"@type\":\"ImageObject\",\"inLanguage\":\"fr-FR\",\"@id\":\"https:\/\/www.spirit-us.eu\/#\/schema\/logo\/image\/\",\"url\":\"https:\/\/www.spirit-us.eu\/wp-content\/uploads\/2025\/11\/logo-regarde-linterlocutrice-sans-arrriere-plan.jpg\",\"contentUrl\":\"https:\/\/www.spirit-us.eu\/wp-content\/uploads\/2025\/11\/logo-regarde-linterlocutrice-sans-arrriere-plan.jpg\",\"width\":1080,\"height\":1080,\"caption\":\"Spirit-US\"},\"image\":{\"@id\":\"https:\/\/www.spirit-us.eu\/#\/schema\/logo\/image\/\"},\"sameAs\":[\"https:\/\/www.facebook.com\/spirit.us.deum\"]}]}<\/script>\n<!-- \/ Yoast SEO plugin. -->","yoast_head_json":{"title":"Sachet en lin (pour le sel de protection ou les talismans) - Spirit-US","robots":{"index":"index","follow":"follow","max-snippet":"max-snippet:-1","max-image-preview":"max-image-preview:large","max-video-preview":"max-video-preview:-1"},"canonical":"https:\/\/www.spirit-us.eu\/index.php\/produit\/sachet-en-lin-pour-le-sel-de-protection-ou-les-talismans\/","og_locale":"fr_FR","og_type":"article","og_title":"Sachet en lin (pour le sel de protection ou les talismans) - Spirit-US","og_description":"Sachet en lin bio enti\u00e8rement manufactur\u00e9 et estampill\u00e9 de la croix ancr\u00e9e fleurdelys\u00e9e des reines et des rois catholiques. La forme \/ l'onde de forme de cette croix traduit la stabilit\u00e9 et la loyaut\u00e9.\u00a0 Ind\u00e9pendamment de ce qui sera plac\u00e9 dans ce sachet, l'effet de la protection est d\u00e9j\u00e0 effective gr\u00e2ce \u00e0 la pri\u00e8re livr\u00e9e avec le sachet.","og_url":"https:\/\/www.spirit-us.eu\/index.php\/produit\/sachet-en-lin-pour-le-sel-de-protection-ou-les-talismans\/","og_site_name":"Spirit-US","article_publisher":"https:\/\/www.facebook.com\/spirit.us.deum","article_modified_time":"2025-12-20T09:32:07+00:00","og_image":[{"width":1024,"height":1024,"url":"https:\/\/www.spirit-us.eu\/wp-content\/uploads\/2025\/04\/image-produit-sachet-bon-1024x1024.png","type":"image\/png"}],"twitter_card":"summary_large_image","schema":{"@context":"https:\/\/schema.org","@graph":[{"@type":"WebPage","@id":"https:\/\/www.spirit-us.eu\/index.php\/produit\/sachet-en-lin-pour-le-sel-de-protection-ou-les-talismans\/","url":"https:\/\/www.spirit-us.eu\/index.php\/produit\/sachet-en-lin-pour-le-sel-de-protection-ou-les-talismans\/","name":"Sachet en lin (pour le sel de protection ou les talismans) - Spirit-US","isPartOf":{"@id":"https:\/\/www.spirit-us.eu\/#website"},"primaryImageOfPage":{"@id":"https:\/\/www.spirit-us.eu\/index.php\/produit\/sachet-en-lin-pour-le-sel-de-protection-ou-les-talismans\/#primaryimage"},"image":{"@id":"https:\/\/www.spirit-us.eu\/index.php\/produit\/sachet-en-lin-pour-le-sel-de-protection-ou-les-talismans\/#primaryimage"},"thumbnailUrl":"https:\/\/www.spirit-us.eu\/wp-content\/uploads\/2025\/04\/image-produit-sachet-bon-scaled.png","datePublished":"2025-04-26T13:14:29+00:00","dateModified":"2025-12-20T09:32:07+00:00","breadcrumb":{"@id":"https:\/\/www.spirit-us.eu\/index.php\/produit\/sachet-en-lin-pour-le-sel-de-protection-ou-les-talismans\/#breadcrumb"},"inLanguage":"fr-FR","potentialAction":[{"@type":"ReadAction","target":["https:\/\/www.spirit-us.eu\/index.php\/produit\/sachet-en-lin-pour-le-sel-de-protection-ou-les-talismans\/"]}]},{"@type":"ImageObject","inLanguage":"fr-FR","@id":"https:\/\/www.spirit-us.eu\/index.php\/produit\/sachet-en-lin-pour-le-sel-de-protection-ou-les-talismans\/#primaryimage","url":"https:\/\/www.spirit-us.eu\/wp-content\/uploads\/2025\/04\/image-produit-sachet-bon-scaled.png","contentUrl":"https:\/\/www.spirit-us.eu\/wp-content\/uploads\/2025\/04\/image-produit-sachet-bon-scaled.png","width":2560,"height":2560},{"@type":"BreadcrumbList","@id":"https:\/\/www.spirit-us.eu\/index.php\/produit\/sachet-en-lin-pour-le-sel-de-protection-ou-les-talismans\/#breadcrumb","itemListElement":[{"@type":"ListItem","position":1,"name":"Accueil","item":"https:\/\/www.spirit-us.eu\/"},{"@type":"ListItem","position":2,"name":"Boutique","item":"https:\/\/www.spirit-us.eu\/index.php\/boutique\/"},{"@type":"ListItem","position":3,"name":"Sachet en lin (pour le sel de protection ou les talismans)"}]},{"@type":"WebSite","@id":"https:\/\/www.spirit-us.eu\/#website","url":"https:\/\/www.spirit-us.eu\/","name":"Spirit-US","description":"","publisher":{"@id":"https:\/\/www.spirit-us.eu\/#organization"},"potentialAction":[{"@type":"SearchAction","target":{"@type":"EntryPoint","urlTemplate":"https:\/\/www.spirit-us.eu\/?s={search_term_string}"},"query-input":{"@type":"PropertyValueSpecification","valueRequired":true,"valueName":"search_term_string"}}],"inLanguage":"fr-FR"},{"@type":"Organization","@id":"https:\/\/www.spirit-us.eu\/#organization","name":"Spirit-US","url":"https:\/\/www.spirit-us.eu\/","logo":{"@type":"ImageObject","inLanguage":"fr-FR","@id":"https:\/\/www.spirit-us.eu\/#\/schema\/logo\/image\/","url":"https:\/\/www.spirit-us.eu\/wp-content\/uploads\/2025\/11\/logo-regarde-linterlocutrice-sans-arrriere-plan.jpg","contentUrl":"https:\/\/www.spirit-us.eu\/wp-content\/uploads\/2025\/11\/logo-regarde-linterlocutrice-sans-arrriere-plan.jpg","width":1080,"height":1080,"caption":"Spirit-US"},"image":{"@id":"https:\/\/www.spirit-us.eu\/#\/schema\/logo\/image\/"},"sameAs":["https:\/\/www.facebook.com\/spirit.us.deum"]}]}},"jetpack_sharing_enabled":true,"_links":{"self":[{"href":"https:\/\/www.spirit-us.eu\/index.php\/wp-json\/wp\/v2\/product\/1096","targetHints":{"allow":["GET"]}}],"collection":[{"href":"https:\/\/www.spirit-us.eu\/index.php\/wp-json\/wp\/v2\/product"}],"about":[{"href":"https:\/\/www.spirit-us.eu\/index.php\/wp-json\/wp\/v2\/types\/product"}],"replies":[{"embeddable":true,"href":"https:\/\/www.spirit-us.eu\/index.php\/wp-json\/wp\/v2\/comments?post=1096"}],"wp:featuredmedia":[{"embeddable":true,"href":"https:\/\/www.spirit-us.eu\/index.php\/wp-json\/wp\/v2\/media\/1098"}],"wp:attachment":[{"href":"https:\/\/www.spirit-us.eu\/index.php\/wp-json\/wp\/v2\/media?parent=1096"}],"wp:term":[{"taxonomy":"product_brand","embeddable":true,"href":"https:\/\/www.spirit-us.eu\/index.php\/wp-json\/wp\/v2\/product_brand?post=1096"},{"taxonomy":"product_cat","embeddable":true,"href":"https:\/\/www.spirit-us.eu\/index.php\/wp-json\/wp\/v2\/product_cat?post=1096"},{"taxonomy":"product_tag","embeddable":true,"href":"https:\/\/www.spirit-us.eu\/index.php\/wp-json\/wp\/v2\/product_tag?post=1096"},{"taxonomy":"mwb_booking_cost","embeddable":true,"href":"https:\/\/www.spirit-us.eu\/index.php\/wp-json\/wp\/v2\/mwb_booking_cost?post=1096"},{"taxonomy":"mwb_booking_service","embeddable":true,"href":"https:\/\/www.spirit-us.eu\/index.php\/wp-json\/wp\/v2\/mwb_booking_service?post=1096"}],"curies":[{"name":"wp","href":"https:\/\/api.w.org\/{rel}","templated":true}]}}