{"id":1092,"date":"2025-04-26T14:20:55","date_gmt":"2025-04-26T12:20:55","guid":{"rendered":"https:\/\/www.spirit-us.eu\/?post_type=product&#038;p=1092"},"modified":"2025-12-20T10:32:52","modified_gmt":"2025-12-20T09:32:52","slug":"arche-dalliance-minitature","status":"publish","type":"product","link":"https:\/\/www.spirit-us.eu\/index.php\/produit\/arche-dalliance-minitature\/","title":{"rendered":"ARCHE D&rsquo;ALLIANCE (miniature)"},"content":{"rendered":"<p>M\u00e9tal, utilisation int\u00e9rieure et ext\u00e9rieure, aucune \u00e9lectricit\u00e9 n\u00e9cessaire<\/p>\n<p><strong>Mat\u00e9riau\u00a0: <\/strong>laiton<\/p>\n<p><strong>Couleur\u00a0: <\/strong>dor\u00e9e<\/p>\n<p><strong>Dimensions\u00a0: <\/strong>hauteur\u00a0: 6 cm \/ longueur\u00a0: 9,5 cm \/ profondeur 3,5 cm<\/p>\n<p><strong>Caract\u00e9ristique\u00a0: <\/strong>le couvercle comporte les deux anges de l\u2019Arche d\u2019Alliance de Salomon et s\u2019ouvre, d\u00e9couvrant un coffret de rangement<\/p>\n","protected":false},"excerpt":{"rendered":"<p>Arche d&rsquo;alliance pr\u00e9cieuse, jolie, dor\u00e9e, s&rsquo;ouvre sur le dessus pour y d\u00e9poser les objets sacr\u00e9s ou les bijoux.\u00a0 Sur un autel une fois consacr\u00e9e, elle a une pr\u00e9sence et une aura certaines qui accompagnent les rituels au Divin.\u00a0 Dans un tout autre lieu, elle d\u00e9core magnifiquement.\u00a0 Cette miniature comporte un coffre, quatre anses, un couvercle d\u00e9cor\u00e9 des deux anges de l&rsquo;Arche antique de Salomon.\u00a0 Les c\u00f4t\u00e9s sont d\u00e9licatement ouvrag\u00e9s.\u00a0 Elle est enti\u00e8rement manufactur\u00e9e.<\/p>\n","protected":false},"featured_media":1093,"comment_status":"open","ping_status":"closed","template":"","meta":[],"product_brand":[],"product_cat":[508,17,504],"product_tag":[],"mwb_booking_cost":[],"mwb_booking_service":[],"class_list":{"0":"post-1092","1":"product","2":"type-product","3":"status-publish","4":"has-post-thumbnail","6":"product_cat-004-images-bijoux-saints","7":"product_cat-tous-les-produits","8":"product_cat-01-univers-sacre-accueil","10":"first","11":"instock","12":"shipping-taxable","13":"purchasable","14":"product-type-simple"},"yoast_head":"<!-- This site is optimized with the Yoast SEO plugin v27.1.1 - https:\/\/yoast.com\/product\/yoast-seo-wordpress\/ -->\n<title>ARCHE D&#039;ALLIANCE (miniature) - Spirit-US<\/title>\n<meta name=\"robots\" content=\"index, follow, max-snippet:-1, max-image-preview:large, max-video-preview:-1\" \/>\n<link rel=\"canonical\" href=\"https:\/\/www.spirit-us.eu\/index.php\/produit\/arche-dalliance-minitature\/\" \/>\n<meta property=\"og:locale\" content=\"fr_FR\" \/>\n<meta property=\"og:type\" content=\"article\" \/>\n<meta property=\"og:title\" content=\"ARCHE D&#039;ALLIANCE (miniature) - Spirit-US\" \/>\n<meta property=\"og:description\" content=\"Arche d&#039;alliance pr\u00e9cieuse, jolie, dor\u00e9e, s&#039;ouvre sur le dessus pour y d\u00e9poser les objets sacr\u00e9s ou les bijoux.\u00a0 Sur un autel une fois consacr\u00e9e, elle a une pr\u00e9sence et une aura certaines qui accompagnent les rituels au Divin.\u00a0 Dans un tout autre lieu, elle d\u00e9core magnifiquement.\u00a0 Cette miniature comporte un coffre, quatre anses, un couvercle d\u00e9cor\u00e9 des deux anges de l&#039;Arche antique de Salomon.\u00a0 Les c\u00f4t\u00e9s sont d\u00e9licatement ouvrag\u00e9s.\u00a0 Elle est enti\u00e8rement manufactur\u00e9e.\" \/>\n<meta property=\"og:url\" content=\"https:\/\/www.spirit-us.eu\/index.php\/produit\/arche-dalliance-minitature\/\" \/>\n<meta property=\"og:site_name\" content=\"Spirit-US\" \/>\n<meta property=\"article:publisher\" content=\"https:\/\/www.facebook.com\/spirit.us.deum\" \/>\n<meta property=\"article:modified_time\" content=\"2025-12-20T09:32:52+00:00\" \/>\n<meta property=\"og:image\" content=\"https:\/\/www.spirit-us.eu\/wp-content\/uploads\/2025\/04\/arche-image-produit-1024x1024.png\" \/>\n\t<meta property=\"og:image:width\" content=\"1024\" \/>\n\t<meta property=\"og:image:height\" content=\"1024\" \/>\n\t<meta property=\"og:image:type\" content=\"image\/png\" \/>\n<meta name=\"twitter:card\" content=\"summary_large_image\" \/>\n<script type=\"application\/ld+json\" class=\"yoast-schema-graph\">{\"@context\":\"https:\/\/schema.org\",\"@graph\":[{\"@type\":\"WebPage\",\"@id\":\"https:\/\/www.spirit-us.eu\/index.php\/produit\/arche-dalliance-minitature\/\",\"url\":\"https:\/\/www.spirit-us.eu\/index.php\/produit\/arche-dalliance-minitature\/\",\"name\":\"ARCHE D'ALLIANCE (miniature) - Spirit-US\",\"isPartOf\":{\"@id\":\"https:\/\/www.spirit-us.eu\/#website\"},\"primaryImageOfPage\":{\"@id\":\"https:\/\/www.spirit-us.eu\/index.php\/produit\/arche-dalliance-minitature\/#primaryimage\"},\"image\":{\"@id\":\"https:\/\/www.spirit-us.eu\/index.php\/produit\/arche-dalliance-minitature\/#primaryimage\"},\"thumbnailUrl\":\"https:\/\/www.spirit-us.eu\/wp-content\/uploads\/2025\/04\/arche-image-produit-scaled.png\",\"datePublished\":\"2025-04-26T12:20:55+00:00\",\"dateModified\":\"2025-12-20T09:32:52+00:00\",\"breadcrumb\":{\"@id\":\"https:\/\/www.spirit-us.eu\/index.php\/produit\/arche-dalliance-minitature\/#breadcrumb\"},\"inLanguage\":\"fr-FR\",\"potentialAction\":[{\"@type\":\"ReadAction\",\"target\":[\"https:\/\/www.spirit-us.eu\/index.php\/produit\/arche-dalliance-minitature\/\"]}]},{\"@type\":\"ImageObject\",\"inLanguage\":\"fr-FR\",\"@id\":\"https:\/\/www.spirit-us.eu\/index.php\/produit\/arche-dalliance-minitature\/#primaryimage\",\"url\":\"https:\/\/www.spirit-us.eu\/wp-content\/uploads\/2025\/04\/arche-image-produit-scaled.png\",\"contentUrl\":\"https:\/\/www.spirit-us.eu\/wp-content\/uploads\/2025\/04\/arche-image-produit-scaled.png\",\"width\":2560,\"height\":2560},{\"@type\":\"BreadcrumbList\",\"@id\":\"https:\/\/www.spirit-us.eu\/index.php\/produit\/arche-dalliance-minitature\/#breadcrumb\",\"itemListElement\":[{\"@type\":\"ListItem\",\"position\":1,\"name\":\"Accueil\",\"item\":\"https:\/\/www.spirit-us.eu\/\"},{\"@type\":\"ListItem\",\"position\":2,\"name\":\"Boutique\",\"item\":\"https:\/\/www.spirit-us.eu\/index.php\/boutique\/\"},{\"@type\":\"ListItem\",\"position\":3,\"name\":\"ARCHE D&rsquo;ALLIANCE (miniature)\"}]},{\"@type\":\"WebSite\",\"@id\":\"https:\/\/www.spirit-us.eu\/#website\",\"url\":\"https:\/\/www.spirit-us.eu\/\",\"name\":\"Spirit-US\",\"description\":\"\",\"publisher\":{\"@id\":\"https:\/\/www.spirit-us.eu\/#organization\"},\"potentialAction\":[{\"@type\":\"SearchAction\",\"target\":{\"@type\":\"EntryPoint\",\"urlTemplate\":\"https:\/\/www.spirit-us.eu\/?s={search_term_string}\"},\"query-input\":{\"@type\":\"PropertyValueSpecification\",\"valueRequired\":true,\"valueName\":\"search_term_string\"}}],\"inLanguage\":\"fr-FR\"},{\"@type\":\"Organization\",\"@id\":\"https:\/\/www.spirit-us.eu\/#organization\",\"name\":\"Spirit-US\",\"url\":\"https:\/\/www.spirit-us.eu\/\",\"logo\":{\"@type\":\"ImageObject\",\"inLanguage\":\"fr-FR\",\"@id\":\"https:\/\/www.spirit-us.eu\/#\/schema\/logo\/image\/\",\"url\":\"https:\/\/www.spirit-us.eu\/wp-content\/uploads\/2025\/11\/logo-regarde-linterlocutrice-sans-arrriere-plan.jpg\",\"contentUrl\":\"https:\/\/www.spirit-us.eu\/wp-content\/uploads\/2025\/11\/logo-regarde-linterlocutrice-sans-arrriere-plan.jpg\",\"width\":1080,\"height\":1080,\"caption\":\"Spirit-US\"},\"image\":{\"@id\":\"https:\/\/www.spirit-us.eu\/#\/schema\/logo\/image\/\"},\"sameAs\":[\"https:\/\/www.facebook.com\/spirit.us.deum\"]}]}<\/script>\n<!-- \/ Yoast SEO plugin. -->","yoast_head_json":{"title":"ARCHE D'ALLIANCE (miniature) - Spirit-US","robots":{"index":"index","follow":"follow","max-snippet":"max-snippet:-1","max-image-preview":"max-image-preview:large","max-video-preview":"max-video-preview:-1"},"canonical":"https:\/\/www.spirit-us.eu\/index.php\/produit\/arche-dalliance-minitature\/","og_locale":"fr_FR","og_type":"article","og_title":"ARCHE D'ALLIANCE (miniature) - Spirit-US","og_description":"Arche d'alliance pr\u00e9cieuse, jolie, dor\u00e9e, s'ouvre sur le dessus pour y d\u00e9poser les objets sacr\u00e9s ou les bijoux.\u00a0 Sur un autel une fois consacr\u00e9e, elle a une pr\u00e9sence et une aura certaines qui accompagnent les rituels au Divin.\u00a0 Dans un tout autre lieu, elle d\u00e9core magnifiquement.\u00a0 Cette miniature comporte un coffre, quatre anses, un couvercle d\u00e9cor\u00e9 des deux anges de l'Arche antique de Salomon.\u00a0 Les c\u00f4t\u00e9s sont d\u00e9licatement ouvrag\u00e9s.\u00a0 Elle est enti\u00e8rement manufactur\u00e9e.","og_url":"https:\/\/www.spirit-us.eu\/index.php\/produit\/arche-dalliance-minitature\/","og_site_name":"Spirit-US","article_publisher":"https:\/\/www.facebook.com\/spirit.us.deum","article_modified_time":"2025-12-20T09:32:52+00:00","og_image":[{"width":1024,"height":1024,"url":"https:\/\/www.spirit-us.eu\/wp-content\/uploads\/2025\/04\/arche-image-produit-1024x1024.png","type":"image\/png"}],"twitter_card":"summary_large_image","schema":{"@context":"https:\/\/schema.org","@graph":[{"@type":"WebPage","@id":"https:\/\/www.spirit-us.eu\/index.php\/produit\/arche-dalliance-minitature\/","url":"https:\/\/www.spirit-us.eu\/index.php\/produit\/arche-dalliance-minitature\/","name":"ARCHE D'ALLIANCE (miniature) - Spirit-US","isPartOf":{"@id":"https:\/\/www.spirit-us.eu\/#website"},"primaryImageOfPage":{"@id":"https:\/\/www.spirit-us.eu\/index.php\/produit\/arche-dalliance-minitature\/#primaryimage"},"image":{"@id":"https:\/\/www.spirit-us.eu\/index.php\/produit\/arche-dalliance-minitature\/#primaryimage"},"thumbnailUrl":"https:\/\/www.spirit-us.eu\/wp-content\/uploads\/2025\/04\/arche-image-produit-scaled.png","datePublished":"2025-04-26T12:20:55+00:00","dateModified":"2025-12-20T09:32:52+00:00","breadcrumb":{"@id":"https:\/\/www.spirit-us.eu\/index.php\/produit\/arche-dalliance-minitature\/#breadcrumb"},"inLanguage":"fr-FR","potentialAction":[{"@type":"ReadAction","target":["https:\/\/www.spirit-us.eu\/index.php\/produit\/arche-dalliance-minitature\/"]}]},{"@type":"ImageObject","inLanguage":"fr-FR","@id":"https:\/\/www.spirit-us.eu\/index.php\/produit\/arche-dalliance-minitature\/#primaryimage","url":"https:\/\/www.spirit-us.eu\/wp-content\/uploads\/2025\/04\/arche-image-produit-scaled.png","contentUrl":"https:\/\/www.spirit-us.eu\/wp-content\/uploads\/2025\/04\/arche-image-produit-scaled.png","width":2560,"height":2560},{"@type":"BreadcrumbList","@id":"https:\/\/www.spirit-us.eu\/index.php\/produit\/arche-dalliance-minitature\/#breadcrumb","itemListElement":[{"@type":"ListItem","position":1,"name":"Accueil","item":"https:\/\/www.spirit-us.eu\/"},{"@type":"ListItem","position":2,"name":"Boutique","item":"https:\/\/www.spirit-us.eu\/index.php\/boutique\/"},{"@type":"ListItem","position":3,"name":"ARCHE D&rsquo;ALLIANCE (miniature)"}]},{"@type":"WebSite","@id":"https:\/\/www.spirit-us.eu\/#website","url":"https:\/\/www.spirit-us.eu\/","name":"Spirit-US","description":"","publisher":{"@id":"https:\/\/www.spirit-us.eu\/#organization"},"potentialAction":[{"@type":"SearchAction","target":{"@type":"EntryPoint","urlTemplate":"https:\/\/www.spirit-us.eu\/?s={search_term_string}"},"query-input":{"@type":"PropertyValueSpecification","valueRequired":true,"valueName":"search_term_string"}}],"inLanguage":"fr-FR"},{"@type":"Organization","@id":"https:\/\/www.spirit-us.eu\/#organization","name":"Spirit-US","url":"https:\/\/www.spirit-us.eu\/","logo":{"@type":"ImageObject","inLanguage":"fr-FR","@id":"https:\/\/www.spirit-us.eu\/#\/schema\/logo\/image\/","url":"https:\/\/www.spirit-us.eu\/wp-content\/uploads\/2025\/11\/logo-regarde-linterlocutrice-sans-arrriere-plan.jpg","contentUrl":"https:\/\/www.spirit-us.eu\/wp-content\/uploads\/2025\/11\/logo-regarde-linterlocutrice-sans-arrriere-plan.jpg","width":1080,"height":1080,"caption":"Spirit-US"},"image":{"@id":"https:\/\/www.spirit-us.eu\/#\/schema\/logo\/image\/"},"sameAs":["https:\/\/www.facebook.com\/spirit.us.deum"]}]}},"jetpack_sharing_enabled":true,"_links":{"self":[{"href":"https:\/\/www.spirit-us.eu\/index.php\/wp-json\/wp\/v2\/product\/1092","targetHints":{"allow":["GET"]}}],"collection":[{"href":"https:\/\/www.spirit-us.eu\/index.php\/wp-json\/wp\/v2\/product"}],"about":[{"href":"https:\/\/www.spirit-us.eu\/index.php\/wp-json\/wp\/v2\/types\/product"}],"replies":[{"embeddable":true,"href":"https:\/\/www.spirit-us.eu\/index.php\/wp-json\/wp\/v2\/comments?post=1092"}],"wp:featuredmedia":[{"embeddable":true,"href":"https:\/\/www.spirit-us.eu\/index.php\/wp-json\/wp\/v2\/media\/1093"}],"wp:attachment":[{"href":"https:\/\/www.spirit-us.eu\/index.php\/wp-json\/wp\/v2\/media?parent=1092"}],"wp:term":[{"taxonomy":"product_brand","embeddable":true,"href":"https:\/\/www.spirit-us.eu\/index.php\/wp-json\/wp\/v2\/product_brand?post=1092"},{"taxonomy":"product_cat","embeddable":true,"href":"https:\/\/www.spirit-us.eu\/index.php\/wp-json\/wp\/v2\/product_cat?post=1092"},{"taxonomy":"product_tag","embeddable":true,"href":"https:\/\/www.spirit-us.eu\/index.php\/wp-json\/wp\/v2\/product_tag?post=1092"},{"taxonomy":"mwb_booking_cost","embeddable":true,"href":"https:\/\/www.spirit-us.eu\/index.php\/wp-json\/wp\/v2\/mwb_booking_cost?post=1092"},{"taxonomy":"mwb_booking_service","embeddable":true,"href":"https:\/\/www.spirit-us.eu\/index.php\/wp-json\/wp\/v2\/mwb_booking_service?post=1092"}],"curies":[{"name":"wp","href":"https:\/\/api.w.org\/{rel}","templated":true}]}}