{"id":1084,"date":"2025-04-26T11:49:47","date_gmt":"2025-04-26T09:49:47","guid":{"rendered":"https:\/\/www.spirit-us.eu\/?post_type=product&#038;p=1084"},"modified":"2026-02-05T07:30:23","modified_gmt":"2026-02-05T06:30:23","slug":"ichtus-ensemble-collier-boucles-doreilles","status":"publish","type":"product","link":"https:\/\/www.spirit-us.eu\/index.php\/produit\/ichtus-ensemble-collier-boucles-doreilles\/","title":{"rendered":"ICHTUS Ensemble collier boucles d\u2019oreilles"},"content":{"rendered":"<p><strong>Mat\u00e9riel des incrustations<\/strong> :\u00a0Strass<\/p>\n<p><strong>Mat\u00e9riau <\/strong>:\u00a0alliage de m\u00e9taux<\/p>\n<p><strong>Placage<\/strong> :\u00a0dor\u00e9<\/p>\n<p><strong>Style<\/strong>:\u00a0classique<\/p>\n<p><strong>Dimensions des boucles d\u2019oreille<\/strong>\u00a0: 1,6 cm de largeur \/ 1,8 cm de hauteur<\/p>\n<p>Le pendentif a la m\u00eame dimension et est livr\u00e9 avec une cha\u00eene dor\u00e9e de 60 cm.<\/p>\n<p>Le tout est livr\u00e9 b\u00e9ni, dans un \u00e9l\u00e9gant coffret de velours.<\/p>\n<p>Se porte en toute occasion<\/p>\n","protected":false},"excerpt":{"rendered":"<p>Pendentif charmant en forme de poisson et boucles d&rsquo;oreilles, en strass et m\u00e9tal argent\u00e9, manufactur\u00e9. Le symbole de l\u2019\u1fd0\u03c7\u03b8\u03cd\u03c2 (ichtus, qui signifie poisson en grec ancien) est un signe de ralliement des premiers chr\u00e9tiens.\u00a0 Quand deux personnes se rencontraient, l\u2019une tra\u00e7ait un arrondi sur le sol avec son b\u00e2ton, tandis que l\u2019autre compl\u00e9tait le dessin avec un autre arrondi au-dessus.\u00a0 Le poisson est un symbole puissant de prosp\u00e9rit\u00e9, li\u00e9 \u00e0 l\u2019\u00e9pisode la p\u00eache miraculeuse du Christ.\u00a0 Ici le symbole est r\u00e9interpr\u00e9t\u00e9 avec 3 \u00e9l\u00e9ments\u00a0: les boucles d\u2019oreille et le pendentif.\u00a0 L\u2019ensemble est tr\u00e8s seyant et l\u2019onde de forme du poisson garantit la protection et la prosp\u00e9rit\u00e9 divines.<\/p>\n","protected":false},"featured_media":1085,"comment_status":"open","ping_status":"closed","template":"","meta":[],"product_brand":[],"product_cat":[156,466,508,463,17,504],"product_tag":[],"mwb_booking_cost":[],"mwb_booking_service":[],"class_list":{"0":"post-1084","1":"product","2":"type-product","3":"status-publish","4":"has-post-thumbnail","6":"product_cat-04-bijoux","7":"product_cat-004-piete-protection","8":"product_cat-004-images-bijoux-saints","9":"product_cat-pendentif","10":"product_cat-tous-les-produits","11":"product_cat-01-univers-sacre-accueil","13":"first","14":"instock","15":"shipping-taxable","16":"purchasable","17":"product-type-simple"},"yoast_head":"<!-- This site is optimized with the Yoast SEO plugin v27.1.1 - https:\/\/yoast.com\/product\/yoast-seo-wordpress\/ -->\n<title>ICHTUS Ensemble collier boucles d\u2019oreilles - Spirit-US<\/title>\n<meta name=\"robots\" content=\"index, follow, max-snippet:-1, max-image-preview:large, max-video-preview:-1\" \/>\n<link rel=\"canonical\" href=\"https:\/\/www.spirit-us.eu\/index.php\/produit\/ichtus-ensemble-collier-boucles-doreilles\/\" \/>\n<meta property=\"og:locale\" content=\"fr_FR\" \/>\n<meta property=\"og:type\" content=\"article\" \/>\n<meta property=\"og:title\" content=\"ICHTUS Ensemble collier boucles d\u2019oreilles - Spirit-US\" \/>\n<meta property=\"og:description\" content=\"Pendentif charmant en forme de poisson et boucles d&#039;oreilles, en strass et m\u00e9tal argent\u00e9, manufactur\u00e9. Le symbole de l\u2019\u1fd0\u03c7\u03b8\u03cd\u03c2 (ichtus, qui signifie poisson en grec ancien) est un signe de ralliement des premiers chr\u00e9tiens.\u00a0 Quand deux personnes se rencontraient, l\u2019une tra\u00e7ait un arrondi sur le sol avec son b\u00e2ton, tandis que l\u2019autre compl\u00e9tait le dessin avec un autre arrondi au-dessus.\u00a0 Le poisson est un symbole puissant de prosp\u00e9rit\u00e9, li\u00e9 \u00e0 l\u2019\u00e9pisode la p\u00eache miraculeuse du Christ.\u00a0 Ici le symbole est r\u00e9interpr\u00e9t\u00e9 avec 3 \u00e9l\u00e9ments\u00a0: les boucles d\u2019oreille et le pendentif.\u00a0 L\u2019ensemble est tr\u00e8s seyant et l\u2019onde de forme du poisson garantit la protection et la prosp\u00e9rit\u00e9 divines.\" \/>\n<meta property=\"og:url\" content=\"https:\/\/www.spirit-us.eu\/index.php\/produit\/ichtus-ensemble-collier-boucles-doreilles\/\" \/>\n<meta property=\"og:site_name\" content=\"Spirit-US\" \/>\n<meta property=\"article:publisher\" content=\"https:\/\/www.facebook.com\/spirit.us.deum\" \/>\n<meta property=\"article:modified_time\" content=\"2026-02-05T06:30:23+00:00\" \/>\n<meta property=\"og:image\" content=\"https:\/\/www.spirit-us.eu\/wp-content\/uploads\/2025\/04\/ichtus-bijou-image-produit-scaled.png\" \/>\n\t<meta property=\"og:image:width\" content=\"2560\" \/>\n\t<meta property=\"og:image:height\" content=\"2560\" \/>\n\t<meta property=\"og:image:type\" content=\"image\/png\" \/>\n<meta name=\"twitter:card\" content=\"summary_large_image\" \/>\n<script type=\"application\/ld+json\" class=\"yoast-schema-graph\">{\"@context\":\"https:\/\/schema.org\",\"@graph\":[{\"@type\":\"WebPage\",\"@id\":\"https:\/\/www.spirit-us.eu\/index.php\/produit\/ichtus-ensemble-collier-boucles-doreilles\/\",\"url\":\"https:\/\/www.spirit-us.eu\/index.php\/produit\/ichtus-ensemble-collier-boucles-doreilles\/\",\"name\":\"ICHTUS Ensemble collier boucles d\u2019oreilles - Spirit-US\",\"isPartOf\":{\"@id\":\"https:\/\/www.spirit-us.eu\/#website\"},\"primaryImageOfPage\":{\"@id\":\"https:\/\/www.spirit-us.eu\/index.php\/produit\/ichtus-ensemble-collier-boucles-doreilles\/#primaryimage\"},\"image\":{\"@id\":\"https:\/\/www.spirit-us.eu\/index.php\/produit\/ichtus-ensemble-collier-boucles-doreilles\/#primaryimage\"},\"thumbnailUrl\":\"https:\/\/www.spirit-us.eu\/wp-content\/uploads\/2025\/04\/ichtus-bijou-image-produit-scaled.png\",\"datePublished\":\"2025-04-26T09:49:47+00:00\",\"dateModified\":\"2026-02-05T06:30:23+00:00\",\"breadcrumb\":{\"@id\":\"https:\/\/www.spirit-us.eu\/index.php\/produit\/ichtus-ensemble-collier-boucles-doreilles\/#breadcrumb\"},\"inLanguage\":\"fr-FR\",\"potentialAction\":[{\"@type\":\"ReadAction\",\"target\":[\"https:\/\/www.spirit-us.eu\/index.php\/produit\/ichtus-ensemble-collier-boucles-doreilles\/\"]}]},{\"@type\":\"ImageObject\",\"inLanguage\":\"fr-FR\",\"@id\":\"https:\/\/www.spirit-us.eu\/index.php\/produit\/ichtus-ensemble-collier-boucles-doreilles\/#primaryimage\",\"url\":\"https:\/\/www.spirit-us.eu\/wp-content\/uploads\/2025\/04\/ichtus-bijou-image-produit-scaled.png\",\"contentUrl\":\"https:\/\/www.spirit-us.eu\/wp-content\/uploads\/2025\/04\/ichtus-bijou-image-produit-scaled.png\",\"width\":2560,\"height\":2560},{\"@type\":\"BreadcrumbList\",\"@id\":\"https:\/\/www.spirit-us.eu\/index.php\/produit\/ichtus-ensemble-collier-boucles-doreilles\/#breadcrumb\",\"itemListElement\":[{\"@type\":\"ListItem\",\"position\":1,\"name\":\"Accueil\",\"item\":\"https:\/\/www.spirit-us.eu\/\"},{\"@type\":\"ListItem\",\"position\":2,\"name\":\"Boutique\",\"item\":\"https:\/\/www.spirit-us.eu\/index.php\/boutique\/\"},{\"@type\":\"ListItem\",\"position\":3,\"name\":\"ICHTUS Ensemble collier boucles d\u2019oreilles\"}]},{\"@type\":\"WebSite\",\"@id\":\"https:\/\/www.spirit-us.eu\/#website\",\"url\":\"https:\/\/www.spirit-us.eu\/\",\"name\":\"Spirit-US\",\"description\":\"\",\"publisher\":{\"@id\":\"https:\/\/www.spirit-us.eu\/#organization\"},\"potentialAction\":[{\"@type\":\"SearchAction\",\"target\":{\"@type\":\"EntryPoint\",\"urlTemplate\":\"https:\/\/www.spirit-us.eu\/?s={search_term_string}\"},\"query-input\":{\"@type\":\"PropertyValueSpecification\",\"valueRequired\":true,\"valueName\":\"search_term_string\"}}],\"inLanguage\":\"fr-FR\"},{\"@type\":\"Organization\",\"@id\":\"https:\/\/www.spirit-us.eu\/#organization\",\"name\":\"Spirit-US\",\"url\":\"https:\/\/www.spirit-us.eu\/\",\"logo\":{\"@type\":\"ImageObject\",\"inLanguage\":\"fr-FR\",\"@id\":\"https:\/\/www.spirit-us.eu\/#\/schema\/logo\/image\/\",\"url\":\"https:\/\/www.spirit-us.eu\/wp-content\/uploads\/2025\/11\/logo-regarde-linterlocutrice-sans-arrriere-plan.jpg\",\"contentUrl\":\"https:\/\/www.spirit-us.eu\/wp-content\/uploads\/2025\/11\/logo-regarde-linterlocutrice-sans-arrriere-plan.jpg\",\"width\":1080,\"height\":1080,\"caption\":\"Spirit-US\"},\"image\":{\"@id\":\"https:\/\/www.spirit-us.eu\/#\/schema\/logo\/image\/\"},\"sameAs\":[\"https:\/\/www.facebook.com\/spirit.us.deum\"]}]}<\/script>\n<!-- \/ Yoast SEO plugin. -->","yoast_head_json":{"title":"ICHTUS Ensemble collier boucles d\u2019oreilles - Spirit-US","robots":{"index":"index","follow":"follow","max-snippet":"max-snippet:-1","max-image-preview":"max-image-preview:large","max-video-preview":"max-video-preview:-1"},"canonical":"https:\/\/www.spirit-us.eu\/index.php\/produit\/ichtus-ensemble-collier-boucles-doreilles\/","og_locale":"fr_FR","og_type":"article","og_title":"ICHTUS Ensemble collier boucles d\u2019oreilles - Spirit-US","og_description":"Pendentif charmant en forme de poisson et boucles d'oreilles, en strass et m\u00e9tal argent\u00e9, manufactur\u00e9. Le symbole de l\u2019\u1fd0\u03c7\u03b8\u03cd\u03c2 (ichtus, qui signifie poisson en grec ancien) est un signe de ralliement des premiers chr\u00e9tiens.\u00a0 Quand deux personnes se rencontraient, l\u2019une tra\u00e7ait un arrondi sur le sol avec son b\u00e2ton, tandis que l\u2019autre compl\u00e9tait le dessin avec un autre arrondi au-dessus.\u00a0 Le poisson est un symbole puissant de prosp\u00e9rit\u00e9, li\u00e9 \u00e0 l\u2019\u00e9pisode la p\u00eache miraculeuse du Christ.\u00a0 Ici le symbole est r\u00e9interpr\u00e9t\u00e9 avec 3 \u00e9l\u00e9ments\u00a0: les boucles d\u2019oreille et le pendentif.\u00a0 L\u2019ensemble est tr\u00e8s seyant et l\u2019onde de forme du poisson garantit la protection et la prosp\u00e9rit\u00e9 divines.","og_url":"https:\/\/www.spirit-us.eu\/index.php\/produit\/ichtus-ensemble-collier-boucles-doreilles\/","og_site_name":"Spirit-US","article_publisher":"https:\/\/www.facebook.com\/spirit.us.deum","article_modified_time":"2026-02-05T06:30:23+00:00","og_image":[{"width":2560,"height":2560,"url":"https:\/\/www.spirit-us.eu\/wp-content\/uploads\/2025\/04\/ichtus-bijou-image-produit-scaled.png","type":"image\/png"}],"twitter_card":"summary_large_image","schema":{"@context":"https:\/\/schema.org","@graph":[{"@type":"WebPage","@id":"https:\/\/www.spirit-us.eu\/index.php\/produit\/ichtus-ensemble-collier-boucles-doreilles\/","url":"https:\/\/www.spirit-us.eu\/index.php\/produit\/ichtus-ensemble-collier-boucles-doreilles\/","name":"ICHTUS Ensemble collier boucles d\u2019oreilles - Spirit-US","isPartOf":{"@id":"https:\/\/www.spirit-us.eu\/#website"},"primaryImageOfPage":{"@id":"https:\/\/www.spirit-us.eu\/index.php\/produit\/ichtus-ensemble-collier-boucles-doreilles\/#primaryimage"},"image":{"@id":"https:\/\/www.spirit-us.eu\/index.php\/produit\/ichtus-ensemble-collier-boucles-doreilles\/#primaryimage"},"thumbnailUrl":"https:\/\/www.spirit-us.eu\/wp-content\/uploads\/2025\/04\/ichtus-bijou-image-produit-scaled.png","datePublished":"2025-04-26T09:49:47+00:00","dateModified":"2026-02-05T06:30:23+00:00","breadcrumb":{"@id":"https:\/\/www.spirit-us.eu\/index.php\/produit\/ichtus-ensemble-collier-boucles-doreilles\/#breadcrumb"},"inLanguage":"fr-FR","potentialAction":[{"@type":"ReadAction","target":["https:\/\/www.spirit-us.eu\/index.php\/produit\/ichtus-ensemble-collier-boucles-doreilles\/"]}]},{"@type":"ImageObject","inLanguage":"fr-FR","@id":"https:\/\/www.spirit-us.eu\/index.php\/produit\/ichtus-ensemble-collier-boucles-doreilles\/#primaryimage","url":"https:\/\/www.spirit-us.eu\/wp-content\/uploads\/2025\/04\/ichtus-bijou-image-produit-scaled.png","contentUrl":"https:\/\/www.spirit-us.eu\/wp-content\/uploads\/2025\/04\/ichtus-bijou-image-produit-scaled.png","width":2560,"height":2560},{"@type":"BreadcrumbList","@id":"https:\/\/www.spirit-us.eu\/index.php\/produit\/ichtus-ensemble-collier-boucles-doreilles\/#breadcrumb","itemListElement":[{"@type":"ListItem","position":1,"name":"Accueil","item":"https:\/\/www.spirit-us.eu\/"},{"@type":"ListItem","position":2,"name":"Boutique","item":"https:\/\/www.spirit-us.eu\/index.php\/boutique\/"},{"@type":"ListItem","position":3,"name":"ICHTUS Ensemble collier boucles d\u2019oreilles"}]},{"@type":"WebSite","@id":"https:\/\/www.spirit-us.eu\/#website","url":"https:\/\/www.spirit-us.eu\/","name":"Spirit-US","description":"","publisher":{"@id":"https:\/\/www.spirit-us.eu\/#organization"},"potentialAction":[{"@type":"SearchAction","target":{"@type":"EntryPoint","urlTemplate":"https:\/\/www.spirit-us.eu\/?s={search_term_string}"},"query-input":{"@type":"PropertyValueSpecification","valueRequired":true,"valueName":"search_term_string"}}],"inLanguage":"fr-FR"},{"@type":"Organization","@id":"https:\/\/www.spirit-us.eu\/#organization","name":"Spirit-US","url":"https:\/\/www.spirit-us.eu\/","logo":{"@type":"ImageObject","inLanguage":"fr-FR","@id":"https:\/\/www.spirit-us.eu\/#\/schema\/logo\/image\/","url":"https:\/\/www.spirit-us.eu\/wp-content\/uploads\/2025\/11\/logo-regarde-linterlocutrice-sans-arrriere-plan.jpg","contentUrl":"https:\/\/www.spirit-us.eu\/wp-content\/uploads\/2025\/11\/logo-regarde-linterlocutrice-sans-arrriere-plan.jpg","width":1080,"height":1080,"caption":"Spirit-US"},"image":{"@id":"https:\/\/www.spirit-us.eu\/#\/schema\/logo\/image\/"},"sameAs":["https:\/\/www.facebook.com\/spirit.us.deum"]}]}},"jetpack_sharing_enabled":true,"_links":{"self":[{"href":"https:\/\/www.spirit-us.eu\/index.php\/wp-json\/wp\/v2\/product\/1084","targetHints":{"allow":["GET"]}}],"collection":[{"href":"https:\/\/www.spirit-us.eu\/index.php\/wp-json\/wp\/v2\/product"}],"about":[{"href":"https:\/\/www.spirit-us.eu\/index.php\/wp-json\/wp\/v2\/types\/product"}],"replies":[{"embeddable":true,"href":"https:\/\/www.spirit-us.eu\/index.php\/wp-json\/wp\/v2\/comments?post=1084"}],"wp:featuredmedia":[{"embeddable":true,"href":"https:\/\/www.spirit-us.eu\/index.php\/wp-json\/wp\/v2\/media\/1085"}],"wp:attachment":[{"href":"https:\/\/www.spirit-us.eu\/index.php\/wp-json\/wp\/v2\/media?parent=1084"}],"wp:term":[{"taxonomy":"product_brand","embeddable":true,"href":"https:\/\/www.spirit-us.eu\/index.php\/wp-json\/wp\/v2\/product_brand?post=1084"},{"taxonomy":"product_cat","embeddable":true,"href":"https:\/\/www.spirit-us.eu\/index.php\/wp-json\/wp\/v2\/product_cat?post=1084"},{"taxonomy":"product_tag","embeddable":true,"href":"https:\/\/www.spirit-us.eu\/index.php\/wp-json\/wp\/v2\/product_tag?post=1084"},{"taxonomy":"mwb_booking_cost","embeddable":true,"href":"https:\/\/www.spirit-us.eu\/index.php\/wp-json\/wp\/v2\/mwb_booking_cost?post=1084"},{"taxonomy":"mwb_booking_service","embeddable":true,"href":"https:\/\/www.spirit-us.eu\/index.php\/wp-json\/wp\/v2\/mwb_booking_service?post=1084"}],"curies":[{"name":"wp","href":"https:\/\/api.w.org\/{rel}","templated":true}]}}