{"id":1072,"date":"2025-04-25T14:53:16","date_gmt":"2025-04-25T12:53:16","guid":{"rendered":"https:\/\/www.spirit-us.eu\/?post_type=product&#038;p=1072"},"modified":"2025-12-20T10:35:21","modified_gmt":"2025-12-20T09:35:21","slug":"benitier-coeur-de-marie","status":"publish","type":"product","link":"https:\/\/www.spirit-us.eu\/index.php\/produit\/benitier-coeur-de-marie\/","title":{"rendered":"BENITIER C\u0153ur de MARIE"},"content":{"rendered":"<p><strong>Description <\/strong><\/p>\n<p><strong>Type de montage<\/strong> : Statuette comportant un r\u00e9cipient pour l&rsquo;eau b\u00e9nite<\/p>\n<p><strong>Mat\u00e9riau<\/strong> :\u00a0r\u00e9sine<\/p>\n<p><strong>Couleur<\/strong>\u00a0: blanche<\/p>\n<p><strong>Hauteur<\/strong> : 12 cm<\/p>\n<p><strong>Largeur<\/strong> : 8 cm<\/p>\n<p>Recevez &amp; t\u00e9l\u00e9chargez gratuitement la pri\u00e8re de b\u00e9n\u00e9diction des statues \u00e0 usage sacr\u00e9 par ce lien : <a href=\"https:\/\/exorciser-liberer-guerir.com\/benediction-et-imposition-dune-statue\/\" target=\"_blank\" rel=\"noopener\">https:\/\/exorciser-liberer-guerir.com\/benediction-et-imposition-dune-statue\/<\/a><\/p>\n<p>Offrez-vous de l&rsquo;eau b\u00e9nite en tout temps et sans restriction, quelles que soient les circonstances et appropriez-vous la c\u00e9r\u00e9monie de b\u00e9n\u00e9diction de l&rsquo;eau par ce lien : <a href=\"https:\/\/www.spirit-us.eu\/index.php\/produit\/eau-benite-benir-leau-chez-soi\/\" target=\"_blank\" rel=\"noopener\">https:\/\/www.spirit-us.eu\/index.php\/produit\/eau-benite-benir-leau-chez-soi\/<\/a><\/p>\n","protected":false},"excerpt":{"rendered":"<p>Statue du C\u0153ur de MARIE\u00a0 en r\u00e9sine blanche, sculpture religieuse, comportant une coupelle, pour recueillir l&rsquo;eau b\u00e9nite.\u00a0 Marie tient dans ses bras le c\u0153ur\u00a0 de l&rsquo;amour pur inconditionnel de toutes les m\u00e8res. L\u2019ensemble est discret (12 cm de haut sur 9 de large \u2013 voir description technique ci-apr\u00e8s), se pose partout o\u00f9 on le souhaite.\u00a0 Voir \u00e0 ce sujet la c\u00e9r\u00e9monie de b\u00e9n\u00e9diction de l\u2019eau (lien dans la description). A l\u2019achat de toute statue ou objet de culte sur ce site, recevez gratuitement la pri\u00e8re de b\u00e9n\u00e9diction des statues.\u00a0 Cet article est livr\u00e9 b\u00e9ni, quoi qu\u2019il en soit.<\/p>\n","protected":false},"featured_media":1073,"comment_status":"open","ping_status":"closed","template":"","meta":[],"product_brand":[],"product_cat":[507,17,504],"product_tag":[],"mwb_booking_cost":[],"mwb_booking_service":[],"class_list":{"0":"post-1072","1":"product","2":"type-product","3":"status-publish","4":"has-post-thumbnail","6":"product_cat-003-eau-benitiers","7":"product_cat-tous-les-produits","8":"product_cat-01-univers-sacre-accueil","10":"first","11":"instock","12":"sale","13":"shipping-taxable","14":"purchasable","15":"product-type-simple"},"yoast_head":"<!-- This site is optimized with the Yoast SEO plugin v27.1.1 - https:\/\/yoast.com\/product\/yoast-seo-wordpress\/ -->\n<title>BENITIER C\u0153ur de MARIE - Spirit-US<\/title>\n<meta name=\"robots\" content=\"index, follow, max-snippet:-1, max-image-preview:large, max-video-preview:-1\" \/>\n<link rel=\"canonical\" href=\"https:\/\/www.spirit-us.eu\/index.php\/produit\/benitier-coeur-de-marie\/\" \/>\n<meta property=\"og:locale\" content=\"fr_FR\" \/>\n<meta property=\"og:type\" content=\"article\" \/>\n<meta property=\"og:title\" content=\"BENITIER C\u0153ur de MARIE - Spirit-US\" \/>\n<meta property=\"og:description\" content=\"Statue du C\u0153ur de MARIE\u00a0 en r\u00e9sine blanche, sculpture religieuse, comportant une coupelle, pour recueillir l&#039;eau b\u00e9nite.\u00a0 Marie tient dans ses bras le c\u0153ur\u00a0 de l&#039;amour pur inconditionnel de toutes les m\u00e8res. L\u2019ensemble est discret (12 cm de haut sur 9 de large \u2013 voir description technique ci-apr\u00e8s), se pose partout o\u00f9 on le souhaite.\u00a0 Voir \u00e0 ce sujet la c\u00e9r\u00e9monie de b\u00e9n\u00e9diction de l\u2019eau (lien dans la description). A l\u2019achat de toute statue ou objet de culte sur ce site, recevez gratuitement la pri\u00e8re de b\u00e9n\u00e9diction des statues.\u00a0 Cet article est livr\u00e9 b\u00e9ni, quoi qu\u2019il en soit.\" \/>\n<meta property=\"og:url\" content=\"https:\/\/www.spirit-us.eu\/index.php\/produit\/benitier-coeur-de-marie\/\" \/>\n<meta property=\"og:site_name\" content=\"Spirit-US\" \/>\n<meta property=\"article:publisher\" content=\"https:\/\/www.facebook.com\/spirit.us.deum\" \/>\n<meta property=\"article:modified_time\" content=\"2025-12-20T09:35:21+00:00\" \/>\n<meta property=\"og:image\" content=\"https:\/\/www.spirit-us.eu\/wp-content\/uploads\/2025\/04\/benitier-marie-bleu-1024x1024.png\" \/>\n\t<meta property=\"og:image:width\" content=\"1024\" \/>\n\t<meta property=\"og:image:height\" content=\"1024\" \/>\n\t<meta property=\"og:image:type\" content=\"image\/png\" \/>\n<meta name=\"twitter:card\" content=\"summary_large_image\" \/>\n<script type=\"application\/ld+json\" class=\"yoast-schema-graph\">{\"@context\":\"https:\/\/schema.org\",\"@graph\":[{\"@type\":\"WebPage\",\"@id\":\"https:\/\/www.spirit-us.eu\/index.php\/produit\/benitier-coeur-de-marie\/\",\"url\":\"https:\/\/www.spirit-us.eu\/index.php\/produit\/benitier-coeur-de-marie\/\",\"name\":\"BENITIER C\u0153ur de MARIE - Spirit-US\",\"isPartOf\":{\"@id\":\"https:\/\/www.spirit-us.eu\/#website\"},\"primaryImageOfPage\":{\"@id\":\"https:\/\/www.spirit-us.eu\/index.php\/produit\/benitier-coeur-de-marie\/#primaryimage\"},\"image\":{\"@id\":\"https:\/\/www.spirit-us.eu\/index.php\/produit\/benitier-coeur-de-marie\/#primaryimage\"},\"thumbnailUrl\":\"https:\/\/www.spirit-us.eu\/wp-content\/uploads\/2025\/04\/benitier-marie-bleu-scaled.png\",\"datePublished\":\"2025-04-25T12:53:16+00:00\",\"dateModified\":\"2025-12-20T09:35:21+00:00\",\"breadcrumb\":{\"@id\":\"https:\/\/www.spirit-us.eu\/index.php\/produit\/benitier-coeur-de-marie\/#breadcrumb\"},\"inLanguage\":\"fr-FR\",\"potentialAction\":[{\"@type\":\"ReadAction\",\"target\":[\"https:\/\/www.spirit-us.eu\/index.php\/produit\/benitier-coeur-de-marie\/\"]}]},{\"@type\":\"ImageObject\",\"inLanguage\":\"fr-FR\",\"@id\":\"https:\/\/www.spirit-us.eu\/index.php\/produit\/benitier-coeur-de-marie\/#primaryimage\",\"url\":\"https:\/\/www.spirit-us.eu\/wp-content\/uploads\/2025\/04\/benitier-marie-bleu-scaled.png\",\"contentUrl\":\"https:\/\/www.spirit-us.eu\/wp-content\/uploads\/2025\/04\/benitier-marie-bleu-scaled.png\",\"width\":2560,\"height\":2560},{\"@type\":\"BreadcrumbList\",\"@id\":\"https:\/\/www.spirit-us.eu\/index.php\/produit\/benitier-coeur-de-marie\/#breadcrumb\",\"itemListElement\":[{\"@type\":\"ListItem\",\"position\":1,\"name\":\"Accueil\",\"item\":\"https:\/\/www.spirit-us.eu\/\"},{\"@type\":\"ListItem\",\"position\":2,\"name\":\"Boutique\",\"item\":\"https:\/\/www.spirit-us.eu\/index.php\/boutique\/\"},{\"@type\":\"ListItem\",\"position\":3,\"name\":\"BENITIER C\u0153ur de MARIE\"}]},{\"@type\":\"WebSite\",\"@id\":\"https:\/\/www.spirit-us.eu\/#website\",\"url\":\"https:\/\/www.spirit-us.eu\/\",\"name\":\"Spirit-US\",\"description\":\"\",\"publisher\":{\"@id\":\"https:\/\/www.spirit-us.eu\/#organization\"},\"potentialAction\":[{\"@type\":\"SearchAction\",\"target\":{\"@type\":\"EntryPoint\",\"urlTemplate\":\"https:\/\/www.spirit-us.eu\/?s={search_term_string}\"},\"query-input\":{\"@type\":\"PropertyValueSpecification\",\"valueRequired\":true,\"valueName\":\"search_term_string\"}}],\"inLanguage\":\"fr-FR\"},{\"@type\":\"Organization\",\"@id\":\"https:\/\/www.spirit-us.eu\/#organization\",\"name\":\"Spirit-US\",\"url\":\"https:\/\/www.spirit-us.eu\/\",\"logo\":{\"@type\":\"ImageObject\",\"inLanguage\":\"fr-FR\",\"@id\":\"https:\/\/www.spirit-us.eu\/#\/schema\/logo\/image\/\",\"url\":\"https:\/\/www.spirit-us.eu\/wp-content\/uploads\/2025\/11\/logo-regarde-linterlocutrice-sans-arrriere-plan.jpg\",\"contentUrl\":\"https:\/\/www.spirit-us.eu\/wp-content\/uploads\/2025\/11\/logo-regarde-linterlocutrice-sans-arrriere-plan.jpg\",\"width\":1080,\"height\":1080,\"caption\":\"Spirit-US\"},\"image\":{\"@id\":\"https:\/\/www.spirit-us.eu\/#\/schema\/logo\/image\/\"},\"sameAs\":[\"https:\/\/www.facebook.com\/spirit.us.deum\"]}]}<\/script>\n<!-- \/ Yoast SEO plugin. -->","yoast_head_json":{"title":"BENITIER C\u0153ur de MARIE - Spirit-US","robots":{"index":"index","follow":"follow","max-snippet":"max-snippet:-1","max-image-preview":"max-image-preview:large","max-video-preview":"max-video-preview:-1"},"canonical":"https:\/\/www.spirit-us.eu\/index.php\/produit\/benitier-coeur-de-marie\/","og_locale":"fr_FR","og_type":"article","og_title":"BENITIER C\u0153ur de MARIE - Spirit-US","og_description":"Statue du C\u0153ur de MARIE\u00a0 en r\u00e9sine blanche, sculpture religieuse, comportant une coupelle, pour recueillir l'eau b\u00e9nite.\u00a0 Marie tient dans ses bras le c\u0153ur\u00a0 de l'amour pur inconditionnel de toutes les m\u00e8res. L\u2019ensemble est discret (12 cm de haut sur 9 de large \u2013 voir description technique ci-apr\u00e8s), se pose partout o\u00f9 on le souhaite.\u00a0 Voir \u00e0 ce sujet la c\u00e9r\u00e9monie de b\u00e9n\u00e9diction de l\u2019eau (lien dans la description). A l\u2019achat de toute statue ou objet de culte sur ce site, recevez gratuitement la pri\u00e8re de b\u00e9n\u00e9diction des statues.\u00a0 Cet article est livr\u00e9 b\u00e9ni, quoi qu\u2019il en soit.","og_url":"https:\/\/www.spirit-us.eu\/index.php\/produit\/benitier-coeur-de-marie\/","og_site_name":"Spirit-US","article_publisher":"https:\/\/www.facebook.com\/spirit.us.deum","article_modified_time":"2025-12-20T09:35:21+00:00","og_image":[{"width":1024,"height":1024,"url":"https:\/\/www.spirit-us.eu\/wp-content\/uploads\/2025\/04\/benitier-marie-bleu-1024x1024.png","type":"image\/png"}],"twitter_card":"summary_large_image","schema":{"@context":"https:\/\/schema.org","@graph":[{"@type":"WebPage","@id":"https:\/\/www.spirit-us.eu\/index.php\/produit\/benitier-coeur-de-marie\/","url":"https:\/\/www.spirit-us.eu\/index.php\/produit\/benitier-coeur-de-marie\/","name":"BENITIER C\u0153ur de MARIE - Spirit-US","isPartOf":{"@id":"https:\/\/www.spirit-us.eu\/#website"},"primaryImageOfPage":{"@id":"https:\/\/www.spirit-us.eu\/index.php\/produit\/benitier-coeur-de-marie\/#primaryimage"},"image":{"@id":"https:\/\/www.spirit-us.eu\/index.php\/produit\/benitier-coeur-de-marie\/#primaryimage"},"thumbnailUrl":"https:\/\/www.spirit-us.eu\/wp-content\/uploads\/2025\/04\/benitier-marie-bleu-scaled.png","datePublished":"2025-04-25T12:53:16+00:00","dateModified":"2025-12-20T09:35:21+00:00","breadcrumb":{"@id":"https:\/\/www.spirit-us.eu\/index.php\/produit\/benitier-coeur-de-marie\/#breadcrumb"},"inLanguage":"fr-FR","potentialAction":[{"@type":"ReadAction","target":["https:\/\/www.spirit-us.eu\/index.php\/produit\/benitier-coeur-de-marie\/"]}]},{"@type":"ImageObject","inLanguage":"fr-FR","@id":"https:\/\/www.spirit-us.eu\/index.php\/produit\/benitier-coeur-de-marie\/#primaryimage","url":"https:\/\/www.spirit-us.eu\/wp-content\/uploads\/2025\/04\/benitier-marie-bleu-scaled.png","contentUrl":"https:\/\/www.spirit-us.eu\/wp-content\/uploads\/2025\/04\/benitier-marie-bleu-scaled.png","width":2560,"height":2560},{"@type":"BreadcrumbList","@id":"https:\/\/www.spirit-us.eu\/index.php\/produit\/benitier-coeur-de-marie\/#breadcrumb","itemListElement":[{"@type":"ListItem","position":1,"name":"Accueil","item":"https:\/\/www.spirit-us.eu\/"},{"@type":"ListItem","position":2,"name":"Boutique","item":"https:\/\/www.spirit-us.eu\/index.php\/boutique\/"},{"@type":"ListItem","position":3,"name":"BENITIER C\u0153ur de MARIE"}]},{"@type":"WebSite","@id":"https:\/\/www.spirit-us.eu\/#website","url":"https:\/\/www.spirit-us.eu\/","name":"Spirit-US","description":"","publisher":{"@id":"https:\/\/www.spirit-us.eu\/#organization"},"potentialAction":[{"@type":"SearchAction","target":{"@type":"EntryPoint","urlTemplate":"https:\/\/www.spirit-us.eu\/?s={search_term_string}"},"query-input":{"@type":"PropertyValueSpecification","valueRequired":true,"valueName":"search_term_string"}}],"inLanguage":"fr-FR"},{"@type":"Organization","@id":"https:\/\/www.spirit-us.eu\/#organization","name":"Spirit-US","url":"https:\/\/www.spirit-us.eu\/","logo":{"@type":"ImageObject","inLanguage":"fr-FR","@id":"https:\/\/www.spirit-us.eu\/#\/schema\/logo\/image\/","url":"https:\/\/www.spirit-us.eu\/wp-content\/uploads\/2025\/11\/logo-regarde-linterlocutrice-sans-arrriere-plan.jpg","contentUrl":"https:\/\/www.spirit-us.eu\/wp-content\/uploads\/2025\/11\/logo-regarde-linterlocutrice-sans-arrriere-plan.jpg","width":1080,"height":1080,"caption":"Spirit-US"},"image":{"@id":"https:\/\/www.spirit-us.eu\/#\/schema\/logo\/image\/"},"sameAs":["https:\/\/www.facebook.com\/spirit.us.deum"]}]}},"jetpack_sharing_enabled":true,"_links":{"self":[{"href":"https:\/\/www.spirit-us.eu\/index.php\/wp-json\/wp\/v2\/product\/1072","targetHints":{"allow":["GET"]}}],"collection":[{"href":"https:\/\/www.spirit-us.eu\/index.php\/wp-json\/wp\/v2\/product"}],"about":[{"href":"https:\/\/www.spirit-us.eu\/index.php\/wp-json\/wp\/v2\/types\/product"}],"replies":[{"embeddable":true,"href":"https:\/\/www.spirit-us.eu\/index.php\/wp-json\/wp\/v2\/comments?post=1072"}],"wp:featuredmedia":[{"embeddable":true,"href":"https:\/\/www.spirit-us.eu\/index.php\/wp-json\/wp\/v2\/media\/1073"}],"wp:attachment":[{"href":"https:\/\/www.spirit-us.eu\/index.php\/wp-json\/wp\/v2\/media?parent=1072"}],"wp:term":[{"taxonomy":"product_brand","embeddable":true,"href":"https:\/\/www.spirit-us.eu\/index.php\/wp-json\/wp\/v2\/product_brand?post=1072"},{"taxonomy":"product_cat","embeddable":true,"href":"https:\/\/www.spirit-us.eu\/index.php\/wp-json\/wp\/v2\/product_cat?post=1072"},{"taxonomy":"product_tag","embeddable":true,"href":"https:\/\/www.spirit-us.eu\/index.php\/wp-json\/wp\/v2\/product_tag?post=1072"},{"taxonomy":"mwb_booking_cost","embeddable":true,"href":"https:\/\/www.spirit-us.eu\/index.php\/wp-json\/wp\/v2\/mwb_booking_cost?post=1072"},{"taxonomy":"mwb_booking_service","embeddable":true,"href":"https:\/\/www.spirit-us.eu\/index.php\/wp-json\/wp\/v2\/mwb_booking_service?post=1072"}],"curies":[{"name":"wp","href":"https:\/\/api.w.org\/{rel}","templated":true}]}}