{"id":1050,"date":"2025-04-25T13:19:38","date_gmt":"2025-04-25T11:19:38","guid":{"rendered":"https:\/\/www.spirit-us.eu\/?post_type=product&#038;p=1050"},"modified":"2025-04-25T13:33:49","modified_gmt":"2025-04-25T11:33:49","slug":"tee-shirt-saint-michel-archange-femme-manches-longues-2","status":"publish","type":"product","link":"https:\/\/www.spirit-us.eu\/index.php\/produit\/tee-shirt-saint-michel-archange-femme-manches-longues-2\/","title":{"rendered":"Tee Shirt SAINT MICHEL archange &#8211; femme, manches longues"},"content":{"rendered":"<p><strong>Tailles\u00a0<\/strong>: S, M, XL, XXL<\/p>\n<p><strong>Motifs<\/strong> :\u00a0Imprim\u00e9<\/p>\n<p><strong>Transparent<\/strong> :\u00a0Non<\/p>\n<p><strong>Tissu<\/strong> :\u00a0\u00e9tirement souple<\/p>\n<p><strong>Style de col<\/strong> :\u00a0col rond ras du cou<\/p>\n<p><strong>Saison<\/strong> :\u00a0toutes<\/p>\n<p><strong>Conseils d&rsquo;entretien<\/strong> :\u00a0Lavage en machine, ne pas nettoyer \u00e0 sec<\/p>\n<p><strong>Style<\/strong> :\u00a0D\u00e9contract\u00e9<\/p>\n<p><strong>Mat\u00e9riau<\/strong> :\u00a0Polyester &amp; coton<\/p>\n<p><strong>Type d&rsquo;imprim\u00e9<\/strong> :\u00a0Positionnement d&rsquo;impression<\/p>\n<p><strong>M\u00e9thode de tissage<\/strong> :\u00a0tissu en mailles<\/p>\n","protected":false},"excerpt":{"rendered":"<p>Superbe tee shirt bleu, pour femme, \u00e0 manches longues, portant l\u2019effigie de saint Michel archange terrassant le mal.\u00a0 L\u2019\u00e9p\u00e9e forme une croix parfaitement plant\u00e9e \u00e0 l\u2019endroit dans les enfers.\u00a0 L&rsquo;effigie de saint Michel est blanche avec des motifs gris\u00e9s; l&rsquo;inscription est noire. Porter ce v\u00eatement qui vous sera livr\u00e9 b\u00e9ni, c\u2019est vous mettre en toute circonstances sous la protection de saint Michel.\u00a0 Si vous avez besoin de vous pr\u00e9munir d\u2019attaques aussi bien terrestres que psychiques, vous serez r\u00e9confort\u00e9e en portant sur vous, bien visible, l\u2019archange protecteur.<\/p>\n","protected":false},"featured_media":1051,"comment_status":"open","ping_status":"closed","template":"","meta":[],"product_brand":[],"product_cat":[17],"product_tag":[170],"mwb_booking_cost":[],"mwb_booking_service":[],"class_list":{"0":"post-1050","1":"product","2":"type-product","3":"status-publish","4":"has-post-thumbnail","6":"product_cat-tous-les-produits","7":"product_tag-saint-michel","9":"first","10":"instock","11":"shipping-taxable","12":"purchasable","13":"product-type-simple"},"yoast_head":"<!-- This site is optimized with the Yoast SEO plugin v27.1.1 - https:\/\/yoast.com\/product\/yoast-seo-wordpress\/ -->\n<title>Tee Shirt SAINT MICHEL archange - femme, manches longues - Spirit-US<\/title>\n<meta name=\"robots\" content=\"index, follow, max-snippet:-1, max-image-preview:large, max-video-preview:-1\" \/>\n<link rel=\"canonical\" href=\"https:\/\/www.spirit-us.eu\/index.php\/produit\/tee-shirt-saint-michel-archange-femme-manches-longues-2\/\" \/>\n<meta property=\"og:locale\" content=\"fr_FR\" \/>\n<meta property=\"og:type\" content=\"article\" \/>\n<meta property=\"og:title\" content=\"Tee Shirt SAINT MICHEL archange - femme, manches longues - Spirit-US\" \/>\n<meta property=\"og:description\" content=\"Superbe tee shirt bleu, pour femme, \u00e0 manches longues, portant l\u2019effigie de saint Michel archange terrassant le mal.\u00a0 L\u2019\u00e9p\u00e9e forme une croix parfaitement plant\u00e9e \u00e0 l\u2019endroit dans les enfers.\u00a0 L&#039;effigie de saint Michel est blanche avec des motifs gris\u00e9s; l&#039;inscription est noire. Porter ce v\u00eatement qui vous sera livr\u00e9 b\u00e9ni, c\u2019est vous mettre en toute circonstances sous la protection de saint Michel.\u00a0 Si vous avez besoin de vous pr\u00e9munir d\u2019attaques aussi bien terrestres que psychiques, vous serez r\u00e9confort\u00e9e en portant sur vous, bien visible, l\u2019archange protecteur.\" \/>\n<meta property=\"og:url\" content=\"https:\/\/www.spirit-us.eu\/index.php\/produit\/tee-shirt-saint-michel-archange-femme-manches-longues-2\/\" \/>\n<meta property=\"og:site_name\" content=\"Spirit-US\" \/>\n<meta property=\"article:publisher\" content=\"https:\/\/www.facebook.com\/spirit.us.deum\" \/>\n<meta property=\"article:modified_time\" content=\"2025-04-25T11:33:49+00:00\" \/>\n<meta property=\"og:image\" content=\"https:\/\/www.spirit-us.eu\/wp-content\/uploads\/2025\/04\/t-shir-femme-saint-michel-bleu-image-produit-1024x1024.png\" \/>\n\t<meta property=\"og:image:width\" content=\"1024\" \/>\n\t<meta property=\"og:image:height\" content=\"1024\" \/>\n\t<meta property=\"og:image:type\" content=\"image\/png\" \/>\n<meta name=\"twitter:card\" content=\"summary_large_image\" \/>\n<script type=\"application\/ld+json\" class=\"yoast-schema-graph\">{\"@context\":\"https:\/\/schema.org\",\"@graph\":[{\"@type\":\"WebPage\",\"@id\":\"https:\/\/www.spirit-us.eu\/index.php\/produit\/tee-shirt-saint-michel-archange-femme-manches-longues-2\/\",\"url\":\"https:\/\/www.spirit-us.eu\/index.php\/produit\/tee-shirt-saint-michel-archange-femme-manches-longues-2\/\",\"name\":\"Tee Shirt SAINT MICHEL archange - femme, manches longues - Spirit-US\",\"isPartOf\":{\"@id\":\"https:\/\/www.spirit-us.eu\/#website\"},\"primaryImageOfPage\":{\"@id\":\"https:\/\/www.spirit-us.eu\/index.php\/produit\/tee-shirt-saint-michel-archange-femme-manches-longues-2\/#primaryimage\"},\"image\":{\"@id\":\"https:\/\/www.spirit-us.eu\/index.php\/produit\/tee-shirt-saint-michel-archange-femme-manches-longues-2\/#primaryimage\"},\"thumbnailUrl\":\"https:\/\/www.spirit-us.eu\/wp-content\/uploads\/2025\/04\/t-shir-femme-saint-michel-bleu-image-produit-scaled.png\",\"datePublished\":\"2025-04-25T11:19:38+00:00\",\"dateModified\":\"2025-04-25T11:33:49+00:00\",\"breadcrumb\":{\"@id\":\"https:\/\/www.spirit-us.eu\/index.php\/produit\/tee-shirt-saint-michel-archange-femme-manches-longues-2\/#breadcrumb\"},\"inLanguage\":\"fr-FR\",\"potentialAction\":[{\"@type\":\"ReadAction\",\"target\":[\"https:\/\/www.spirit-us.eu\/index.php\/produit\/tee-shirt-saint-michel-archange-femme-manches-longues-2\/\"]}]},{\"@type\":\"ImageObject\",\"inLanguage\":\"fr-FR\",\"@id\":\"https:\/\/www.spirit-us.eu\/index.php\/produit\/tee-shirt-saint-michel-archange-femme-manches-longues-2\/#primaryimage\",\"url\":\"https:\/\/www.spirit-us.eu\/wp-content\/uploads\/2025\/04\/t-shir-femme-saint-michel-bleu-image-produit-scaled.png\",\"contentUrl\":\"https:\/\/www.spirit-us.eu\/wp-content\/uploads\/2025\/04\/t-shir-femme-saint-michel-bleu-image-produit-scaled.png\",\"width\":2560,\"height\":2560},{\"@type\":\"BreadcrumbList\",\"@id\":\"https:\/\/www.spirit-us.eu\/index.php\/produit\/tee-shirt-saint-michel-archange-femme-manches-longues-2\/#breadcrumb\",\"itemListElement\":[{\"@type\":\"ListItem\",\"position\":1,\"name\":\"Accueil\",\"item\":\"https:\/\/www.spirit-us.eu\/\"},{\"@type\":\"ListItem\",\"position\":2,\"name\":\"Boutique\",\"item\":\"https:\/\/www.spirit-us.eu\/index.php\/boutique\/\"},{\"@type\":\"ListItem\",\"position\":3,\"name\":\"Tee Shirt SAINT MICHEL archange &#8211; femme, manches longues\"}]},{\"@type\":\"WebSite\",\"@id\":\"https:\/\/www.spirit-us.eu\/#website\",\"url\":\"https:\/\/www.spirit-us.eu\/\",\"name\":\"Spirit-US\",\"description\":\"\",\"publisher\":{\"@id\":\"https:\/\/www.spirit-us.eu\/#organization\"},\"potentialAction\":[{\"@type\":\"SearchAction\",\"target\":{\"@type\":\"EntryPoint\",\"urlTemplate\":\"https:\/\/www.spirit-us.eu\/?s={search_term_string}\"},\"query-input\":{\"@type\":\"PropertyValueSpecification\",\"valueRequired\":true,\"valueName\":\"search_term_string\"}}],\"inLanguage\":\"fr-FR\"},{\"@type\":\"Organization\",\"@id\":\"https:\/\/www.spirit-us.eu\/#organization\",\"name\":\"Spirit-US\",\"url\":\"https:\/\/www.spirit-us.eu\/\",\"logo\":{\"@type\":\"ImageObject\",\"inLanguage\":\"fr-FR\",\"@id\":\"https:\/\/www.spirit-us.eu\/#\/schema\/logo\/image\/\",\"url\":\"https:\/\/www.spirit-us.eu\/wp-content\/uploads\/2025\/11\/logo-regarde-linterlocutrice-sans-arrriere-plan.jpg\",\"contentUrl\":\"https:\/\/www.spirit-us.eu\/wp-content\/uploads\/2025\/11\/logo-regarde-linterlocutrice-sans-arrriere-plan.jpg\",\"width\":1080,\"height\":1080,\"caption\":\"Spirit-US\"},\"image\":{\"@id\":\"https:\/\/www.spirit-us.eu\/#\/schema\/logo\/image\/\"},\"sameAs\":[\"https:\/\/www.facebook.com\/spirit.us.deum\"]}]}<\/script>\n<!-- \/ Yoast SEO plugin. -->","yoast_head_json":{"title":"Tee Shirt SAINT MICHEL archange - femme, manches longues - Spirit-US","robots":{"index":"index","follow":"follow","max-snippet":"max-snippet:-1","max-image-preview":"max-image-preview:large","max-video-preview":"max-video-preview:-1"},"canonical":"https:\/\/www.spirit-us.eu\/index.php\/produit\/tee-shirt-saint-michel-archange-femme-manches-longues-2\/","og_locale":"fr_FR","og_type":"article","og_title":"Tee Shirt SAINT MICHEL archange - femme, manches longues - Spirit-US","og_description":"Superbe tee shirt bleu, pour femme, \u00e0 manches longues, portant l\u2019effigie de saint Michel archange terrassant le mal.\u00a0 L\u2019\u00e9p\u00e9e forme une croix parfaitement plant\u00e9e \u00e0 l\u2019endroit dans les enfers.\u00a0 L'effigie de saint Michel est blanche avec des motifs gris\u00e9s; l'inscription est noire. Porter ce v\u00eatement qui vous sera livr\u00e9 b\u00e9ni, c\u2019est vous mettre en toute circonstances sous la protection de saint Michel.\u00a0 Si vous avez besoin de vous pr\u00e9munir d\u2019attaques aussi bien terrestres que psychiques, vous serez r\u00e9confort\u00e9e en portant sur vous, bien visible, l\u2019archange protecteur.","og_url":"https:\/\/www.spirit-us.eu\/index.php\/produit\/tee-shirt-saint-michel-archange-femme-manches-longues-2\/","og_site_name":"Spirit-US","article_publisher":"https:\/\/www.facebook.com\/spirit.us.deum","article_modified_time":"2025-04-25T11:33:49+00:00","og_image":[{"width":1024,"height":1024,"url":"https:\/\/www.spirit-us.eu\/wp-content\/uploads\/2025\/04\/t-shir-femme-saint-michel-bleu-image-produit-1024x1024.png","type":"image\/png"}],"twitter_card":"summary_large_image","schema":{"@context":"https:\/\/schema.org","@graph":[{"@type":"WebPage","@id":"https:\/\/www.spirit-us.eu\/index.php\/produit\/tee-shirt-saint-michel-archange-femme-manches-longues-2\/","url":"https:\/\/www.spirit-us.eu\/index.php\/produit\/tee-shirt-saint-michel-archange-femme-manches-longues-2\/","name":"Tee Shirt SAINT MICHEL archange - femme, manches longues - Spirit-US","isPartOf":{"@id":"https:\/\/www.spirit-us.eu\/#website"},"primaryImageOfPage":{"@id":"https:\/\/www.spirit-us.eu\/index.php\/produit\/tee-shirt-saint-michel-archange-femme-manches-longues-2\/#primaryimage"},"image":{"@id":"https:\/\/www.spirit-us.eu\/index.php\/produit\/tee-shirt-saint-michel-archange-femme-manches-longues-2\/#primaryimage"},"thumbnailUrl":"https:\/\/www.spirit-us.eu\/wp-content\/uploads\/2025\/04\/t-shir-femme-saint-michel-bleu-image-produit-scaled.png","datePublished":"2025-04-25T11:19:38+00:00","dateModified":"2025-04-25T11:33:49+00:00","breadcrumb":{"@id":"https:\/\/www.spirit-us.eu\/index.php\/produit\/tee-shirt-saint-michel-archange-femme-manches-longues-2\/#breadcrumb"},"inLanguage":"fr-FR","potentialAction":[{"@type":"ReadAction","target":["https:\/\/www.spirit-us.eu\/index.php\/produit\/tee-shirt-saint-michel-archange-femme-manches-longues-2\/"]}]},{"@type":"ImageObject","inLanguage":"fr-FR","@id":"https:\/\/www.spirit-us.eu\/index.php\/produit\/tee-shirt-saint-michel-archange-femme-manches-longues-2\/#primaryimage","url":"https:\/\/www.spirit-us.eu\/wp-content\/uploads\/2025\/04\/t-shir-femme-saint-michel-bleu-image-produit-scaled.png","contentUrl":"https:\/\/www.spirit-us.eu\/wp-content\/uploads\/2025\/04\/t-shir-femme-saint-michel-bleu-image-produit-scaled.png","width":2560,"height":2560},{"@type":"BreadcrumbList","@id":"https:\/\/www.spirit-us.eu\/index.php\/produit\/tee-shirt-saint-michel-archange-femme-manches-longues-2\/#breadcrumb","itemListElement":[{"@type":"ListItem","position":1,"name":"Accueil","item":"https:\/\/www.spirit-us.eu\/"},{"@type":"ListItem","position":2,"name":"Boutique","item":"https:\/\/www.spirit-us.eu\/index.php\/boutique\/"},{"@type":"ListItem","position":3,"name":"Tee Shirt SAINT MICHEL archange &#8211; femme, manches longues"}]},{"@type":"WebSite","@id":"https:\/\/www.spirit-us.eu\/#website","url":"https:\/\/www.spirit-us.eu\/","name":"Spirit-US","description":"","publisher":{"@id":"https:\/\/www.spirit-us.eu\/#organization"},"potentialAction":[{"@type":"SearchAction","target":{"@type":"EntryPoint","urlTemplate":"https:\/\/www.spirit-us.eu\/?s={search_term_string}"},"query-input":{"@type":"PropertyValueSpecification","valueRequired":true,"valueName":"search_term_string"}}],"inLanguage":"fr-FR"},{"@type":"Organization","@id":"https:\/\/www.spirit-us.eu\/#organization","name":"Spirit-US","url":"https:\/\/www.spirit-us.eu\/","logo":{"@type":"ImageObject","inLanguage":"fr-FR","@id":"https:\/\/www.spirit-us.eu\/#\/schema\/logo\/image\/","url":"https:\/\/www.spirit-us.eu\/wp-content\/uploads\/2025\/11\/logo-regarde-linterlocutrice-sans-arrriere-plan.jpg","contentUrl":"https:\/\/www.spirit-us.eu\/wp-content\/uploads\/2025\/11\/logo-regarde-linterlocutrice-sans-arrriere-plan.jpg","width":1080,"height":1080,"caption":"Spirit-US"},"image":{"@id":"https:\/\/www.spirit-us.eu\/#\/schema\/logo\/image\/"},"sameAs":["https:\/\/www.facebook.com\/spirit.us.deum"]}]}},"jetpack_sharing_enabled":true,"_links":{"self":[{"href":"https:\/\/www.spirit-us.eu\/index.php\/wp-json\/wp\/v2\/product\/1050","targetHints":{"allow":["GET"]}}],"collection":[{"href":"https:\/\/www.spirit-us.eu\/index.php\/wp-json\/wp\/v2\/product"}],"about":[{"href":"https:\/\/www.spirit-us.eu\/index.php\/wp-json\/wp\/v2\/types\/product"}],"replies":[{"embeddable":true,"href":"https:\/\/www.spirit-us.eu\/index.php\/wp-json\/wp\/v2\/comments?post=1050"}],"wp:featuredmedia":[{"embeddable":true,"href":"https:\/\/www.spirit-us.eu\/index.php\/wp-json\/wp\/v2\/media\/1051"}],"wp:attachment":[{"href":"https:\/\/www.spirit-us.eu\/index.php\/wp-json\/wp\/v2\/media?parent=1050"}],"wp:term":[{"taxonomy":"product_brand","embeddable":true,"href":"https:\/\/www.spirit-us.eu\/index.php\/wp-json\/wp\/v2\/product_brand?post=1050"},{"taxonomy":"product_cat","embeddable":true,"href":"https:\/\/www.spirit-us.eu\/index.php\/wp-json\/wp\/v2\/product_cat?post=1050"},{"taxonomy":"product_tag","embeddable":true,"href":"https:\/\/www.spirit-us.eu\/index.php\/wp-json\/wp\/v2\/product_tag?post=1050"},{"taxonomy":"mwb_booking_cost","embeddable":true,"href":"https:\/\/www.spirit-us.eu\/index.php\/wp-json\/wp\/v2\/mwb_booking_cost?post=1050"},{"taxonomy":"mwb_booking_service","embeddable":true,"href":"https:\/\/www.spirit-us.eu\/index.php\/wp-json\/wp\/v2\/mwb_booking_service?post=1050"}],"curies":[{"name":"wp","href":"https:\/\/api.w.org\/{rel}","templated":true}]}}