{"id":1041,"date":"2025-04-23T15:15:28","date_gmt":"2025-04-23T13:15:28","guid":{"rendered":"https:\/\/www.spirit-us.eu\/?post_type=product&#038;p=1041"},"modified":"2025-12-20T10:36:00","modified_gmt":"2025-12-20T09:36:00","slug":"ampoule-precieuse-pour-lhuile-sainte","status":"publish","type":"product","link":"https:\/\/www.spirit-us.eu\/index.php\/produit\/ampoule-precieuse-pour-lhuile-sainte\/","title":{"rendered":"AMPOULE PRECIEUSE pour l\u2019HUILE SAINTE"},"content":{"rendered":"<p><strong>Description <\/strong><\/p>\n<p><strong>Hauteur\u00a0: <\/strong>15 cm<\/p>\n<p><strong>Diam\u00e8tre interne\u00a0: <\/strong>7 cm<\/p>\n<p><strong>Poids de livraison : <\/strong>0.2 Kg<\/p>\n<p><strong>Mat\u00e9riaux<\/strong>\u00a0: Verre, laiton<\/p>\n<p><strong>Origine : <\/strong>Italie<\/p>\n<p>Livr\u00e9e vide<\/p>\n<p>Procurez-vous la c\u00e9r\u00e9monie de b\u00e9n\u00e9diction de l\u2019huile par ce lien : <a href=\"https:\/\/www.spirit-us.eu\/index.php\/produit\/ceremonie-de-benediction-de-lhuile-sainte\/\" target=\"_blank\" rel=\"noopener\">https:\/\/www.spirit-us.eu\/index.php\/produit\/ceremonie-de-benediction-de-lhuile-sainte\/<\/a><\/p>\n","protected":false},"excerpt":{"rendered":"<p>Magnifique ampoule avec bouchon pour huiles saintes (100 ml). Ampoule pr\u00e9cieuse pour l\u2019huile des malades et d\u2019onction, avec inscription INF.\u00a0 En verre grav\u00e9, de 15 cm de hauteur, diam\u00e8tre de base de 7 cm et dot\u00e9e d\u2019un support en laiton dor\u00e9 joliment ouvrag\u00e9. Ampoule manufactur\u00e9e avec soin, respectueuse de la tradition, qui permet d\u2019accueillir un \u00e9l\u00e9ment de b\u00e9n\u00e9diction tr\u00e8s ancien \u2013 ancien de plus de 3.000 ans &#8211; et perp\u00e9tuellement renouvel\u00e9 dans la pri\u00e8re.\u00a0 L\u2019huile sainte sert \u00e0 consacrer et oindre aussi bien les personnes, que les lieux ou les animaux\u00a0; elle sert aux malades et permet en magn\u00e9tisme de potentialiser les effets des soins dispens\u00e9s.\u00a0 Cette huile miraculeuse m\u00e9rite un \u00e9crin pr\u00e9cieux\u00a0: en voici un, qui conservera parfaitement et longtemps l\u2019huile, une fois que vous l\u2019aurez b\u00e9nie. Trouvez la c\u00e9r\u00e9monie de b\u00e9n\u00e9diction de l\u2019huile dans la description. Procurez-vous la c\u00e9r\u00e9monie de b\u00e9n\u00e9diction de l\u2019huile\u00a0: le lien se trouve dans la description.<\/p>\n","protected":false},"featured_media":1042,"comment_status":"open","ping_status":"closed","template":"","meta":[],"product_brand":[],"product_cat":[507,163,157,17,504],"product_tag":[],"mwb_booking_cost":[],"mwb_booking_service":[],"class_list":{"0":"post-1041","1":"product","2":"type-product","3":"status-publish","4":"has-post-thumbnail","6":"product_cat-003-eau-benitiers","7":"product_cat-07-plantes-huiles-remedes","8":"product_cat-06-rituels-et-protection","9":"product_cat-tous-les-produits","10":"product_cat-01-univers-sacre-accueil","12":"first","13":"instock","14":"shipping-taxable","15":"purchasable","16":"product-type-simple"},"yoast_head":"<!-- This site is optimized with the Yoast SEO plugin v27.1.1 - https:\/\/yoast.com\/product\/yoast-seo-wordpress\/ -->\n<title>AMPOULE PRECIEUSE pour l\u2019HUILE SAINTE - Spirit-US<\/title>\n<meta name=\"robots\" content=\"index, follow, max-snippet:-1, max-image-preview:large, max-video-preview:-1\" \/>\n<link rel=\"canonical\" href=\"https:\/\/www.spirit-us.eu\/index.php\/produit\/ampoule-precieuse-pour-lhuile-sainte\/\" \/>\n<meta property=\"og:locale\" content=\"fr_FR\" \/>\n<meta property=\"og:type\" content=\"article\" \/>\n<meta property=\"og:title\" content=\"AMPOULE PRECIEUSE pour l\u2019HUILE SAINTE - Spirit-US\" \/>\n<meta property=\"og:description\" content=\"Magnifique ampoule avec bouchon pour huiles saintes (100 ml). Ampoule pr\u00e9cieuse pour l\u2019huile des malades et d\u2019onction, avec inscription INF.\u00a0 En verre grav\u00e9, de 15 cm de hauteur, diam\u00e8tre de base de 7 cm et dot\u00e9e d\u2019un support en laiton dor\u00e9 joliment ouvrag\u00e9. Ampoule manufactur\u00e9e avec soin, respectueuse de la tradition, qui permet d\u2019accueillir un \u00e9l\u00e9ment de b\u00e9n\u00e9diction tr\u00e8s ancien \u2013 ancien de plus de 3.000 ans - et perp\u00e9tuellement renouvel\u00e9 dans la pri\u00e8re.\u00a0 L\u2019huile sainte sert \u00e0 consacrer et oindre aussi bien les personnes, que les lieux ou les animaux\u00a0; elle sert aux malades et permet en magn\u00e9tisme de potentialiser les effets des soins dispens\u00e9s.\u00a0 Cette huile miraculeuse m\u00e9rite un \u00e9crin pr\u00e9cieux\u00a0: en voici un, qui conservera parfaitement et longtemps l\u2019huile, une fois que vous l\u2019aurez b\u00e9nie. Trouvez la c\u00e9r\u00e9monie de b\u00e9n\u00e9diction de l\u2019huile dans la description. Procurez-vous la c\u00e9r\u00e9monie de b\u00e9n\u00e9diction de l\u2019huile\u00a0: le lien se trouve dans la description.\" \/>\n<meta property=\"og:url\" content=\"https:\/\/www.spirit-us.eu\/index.php\/produit\/ampoule-precieuse-pour-lhuile-sainte\/\" \/>\n<meta property=\"og:site_name\" content=\"Spirit-US\" \/>\n<meta property=\"article:publisher\" content=\"https:\/\/www.facebook.com\/spirit.us.deum\" \/>\n<meta property=\"article:modified_time\" content=\"2025-12-20T09:36:00+00:00\" \/>\n<meta property=\"og:image\" content=\"https:\/\/www.spirit-us.eu\/wp-content\/uploads\/2025\/04\/ampoule-avec-bouchon-a-visser-pour-huiles-saintes-couleur-or-chr-100-ml-1.jpg\" \/>\n\t<meta property=\"og:image:width\" content=\"487\" \/>\n\t<meta property=\"og:image:height\" content=\"500\" \/>\n\t<meta property=\"og:image:type\" content=\"image\/jpeg\" \/>\n<meta name=\"twitter:card\" content=\"summary_large_image\" \/>\n<script type=\"application\/ld+json\" class=\"yoast-schema-graph\">{\"@context\":\"https:\/\/schema.org\",\"@graph\":[{\"@type\":\"WebPage\",\"@id\":\"https:\/\/www.spirit-us.eu\/index.php\/produit\/ampoule-precieuse-pour-lhuile-sainte\/\",\"url\":\"https:\/\/www.spirit-us.eu\/index.php\/produit\/ampoule-precieuse-pour-lhuile-sainte\/\",\"name\":\"AMPOULE PRECIEUSE pour l\u2019HUILE SAINTE - Spirit-US\",\"isPartOf\":{\"@id\":\"https:\/\/www.spirit-us.eu\/#website\"},\"primaryImageOfPage\":{\"@id\":\"https:\/\/www.spirit-us.eu\/index.php\/produit\/ampoule-precieuse-pour-lhuile-sainte\/#primaryimage\"},\"image\":{\"@id\":\"https:\/\/www.spirit-us.eu\/index.php\/produit\/ampoule-precieuse-pour-lhuile-sainte\/#primaryimage\"},\"thumbnailUrl\":\"https:\/\/www.spirit-us.eu\/wp-content\/uploads\/2025\/04\/ampoule-avec-bouchon-a-visser-pour-huiles-saintes-couleur-or-chr-100-ml-1.jpg\",\"datePublished\":\"2025-04-23T13:15:28+00:00\",\"dateModified\":\"2025-12-20T09:36:00+00:00\",\"breadcrumb\":{\"@id\":\"https:\/\/www.spirit-us.eu\/index.php\/produit\/ampoule-precieuse-pour-lhuile-sainte\/#breadcrumb\"},\"inLanguage\":\"fr-FR\",\"potentialAction\":[{\"@type\":\"ReadAction\",\"target\":[\"https:\/\/www.spirit-us.eu\/index.php\/produit\/ampoule-precieuse-pour-lhuile-sainte\/\"]}]},{\"@type\":\"ImageObject\",\"inLanguage\":\"fr-FR\",\"@id\":\"https:\/\/www.spirit-us.eu\/index.php\/produit\/ampoule-precieuse-pour-lhuile-sainte\/#primaryimage\",\"url\":\"https:\/\/www.spirit-us.eu\/wp-content\/uploads\/2025\/04\/ampoule-avec-bouchon-a-visser-pour-huiles-saintes-couleur-or-chr-100-ml-1.jpg\",\"contentUrl\":\"https:\/\/www.spirit-us.eu\/wp-content\/uploads\/2025\/04\/ampoule-avec-bouchon-a-visser-pour-huiles-saintes-couleur-or-chr-100-ml-1.jpg\",\"width\":487,\"height\":500},{\"@type\":\"BreadcrumbList\",\"@id\":\"https:\/\/www.spirit-us.eu\/index.php\/produit\/ampoule-precieuse-pour-lhuile-sainte\/#breadcrumb\",\"itemListElement\":[{\"@type\":\"ListItem\",\"position\":1,\"name\":\"Accueil\",\"item\":\"https:\/\/www.spirit-us.eu\/\"},{\"@type\":\"ListItem\",\"position\":2,\"name\":\"Boutique\",\"item\":\"https:\/\/www.spirit-us.eu\/index.php\/boutique\/\"},{\"@type\":\"ListItem\",\"position\":3,\"name\":\"AMPOULE PRECIEUSE pour l\u2019HUILE SAINTE\"}]},{\"@type\":\"WebSite\",\"@id\":\"https:\/\/www.spirit-us.eu\/#website\",\"url\":\"https:\/\/www.spirit-us.eu\/\",\"name\":\"Spirit-US\",\"description\":\"\",\"publisher\":{\"@id\":\"https:\/\/www.spirit-us.eu\/#organization\"},\"potentialAction\":[{\"@type\":\"SearchAction\",\"target\":{\"@type\":\"EntryPoint\",\"urlTemplate\":\"https:\/\/www.spirit-us.eu\/?s={search_term_string}\"},\"query-input\":{\"@type\":\"PropertyValueSpecification\",\"valueRequired\":true,\"valueName\":\"search_term_string\"}}],\"inLanguage\":\"fr-FR\"},{\"@type\":\"Organization\",\"@id\":\"https:\/\/www.spirit-us.eu\/#organization\",\"name\":\"Spirit-US\",\"url\":\"https:\/\/www.spirit-us.eu\/\",\"logo\":{\"@type\":\"ImageObject\",\"inLanguage\":\"fr-FR\",\"@id\":\"https:\/\/www.spirit-us.eu\/#\/schema\/logo\/image\/\",\"url\":\"https:\/\/www.spirit-us.eu\/wp-content\/uploads\/2025\/11\/logo-regarde-linterlocutrice-sans-arrriere-plan.jpg\",\"contentUrl\":\"https:\/\/www.spirit-us.eu\/wp-content\/uploads\/2025\/11\/logo-regarde-linterlocutrice-sans-arrriere-plan.jpg\",\"width\":1080,\"height\":1080,\"caption\":\"Spirit-US\"},\"image\":{\"@id\":\"https:\/\/www.spirit-us.eu\/#\/schema\/logo\/image\/\"},\"sameAs\":[\"https:\/\/www.facebook.com\/spirit.us.deum\"]}]}<\/script>\n<!-- \/ Yoast SEO plugin. -->","yoast_head_json":{"title":"AMPOULE PRECIEUSE pour l\u2019HUILE SAINTE - Spirit-US","robots":{"index":"index","follow":"follow","max-snippet":"max-snippet:-1","max-image-preview":"max-image-preview:large","max-video-preview":"max-video-preview:-1"},"canonical":"https:\/\/www.spirit-us.eu\/index.php\/produit\/ampoule-precieuse-pour-lhuile-sainte\/","og_locale":"fr_FR","og_type":"article","og_title":"AMPOULE PRECIEUSE pour l\u2019HUILE SAINTE - Spirit-US","og_description":"Magnifique ampoule avec bouchon pour huiles saintes (100 ml). Ampoule pr\u00e9cieuse pour l\u2019huile des malades et d\u2019onction, avec inscription INF.\u00a0 En verre grav\u00e9, de 15 cm de hauteur, diam\u00e8tre de base de 7 cm et dot\u00e9e d\u2019un support en laiton dor\u00e9 joliment ouvrag\u00e9. Ampoule manufactur\u00e9e avec soin, respectueuse de la tradition, qui permet d\u2019accueillir un \u00e9l\u00e9ment de b\u00e9n\u00e9diction tr\u00e8s ancien \u2013 ancien de plus de 3.000 ans - et perp\u00e9tuellement renouvel\u00e9 dans la pri\u00e8re.\u00a0 L\u2019huile sainte sert \u00e0 consacrer et oindre aussi bien les personnes, que les lieux ou les animaux\u00a0; elle sert aux malades et permet en magn\u00e9tisme de potentialiser les effets des soins dispens\u00e9s.\u00a0 Cette huile miraculeuse m\u00e9rite un \u00e9crin pr\u00e9cieux\u00a0: en voici un, qui conservera parfaitement et longtemps l\u2019huile, une fois que vous l\u2019aurez b\u00e9nie. Trouvez la c\u00e9r\u00e9monie de b\u00e9n\u00e9diction de l\u2019huile dans la description. Procurez-vous la c\u00e9r\u00e9monie de b\u00e9n\u00e9diction de l\u2019huile\u00a0: le lien se trouve dans la description.","og_url":"https:\/\/www.spirit-us.eu\/index.php\/produit\/ampoule-precieuse-pour-lhuile-sainte\/","og_site_name":"Spirit-US","article_publisher":"https:\/\/www.facebook.com\/spirit.us.deum","article_modified_time":"2025-12-20T09:36:00+00:00","og_image":[{"width":487,"height":500,"url":"https:\/\/www.spirit-us.eu\/wp-content\/uploads\/2025\/04\/ampoule-avec-bouchon-a-visser-pour-huiles-saintes-couleur-or-chr-100-ml-1.jpg","type":"image\/jpeg"}],"twitter_card":"summary_large_image","schema":{"@context":"https:\/\/schema.org","@graph":[{"@type":"WebPage","@id":"https:\/\/www.spirit-us.eu\/index.php\/produit\/ampoule-precieuse-pour-lhuile-sainte\/","url":"https:\/\/www.spirit-us.eu\/index.php\/produit\/ampoule-precieuse-pour-lhuile-sainte\/","name":"AMPOULE PRECIEUSE pour l\u2019HUILE SAINTE - Spirit-US","isPartOf":{"@id":"https:\/\/www.spirit-us.eu\/#website"},"primaryImageOfPage":{"@id":"https:\/\/www.spirit-us.eu\/index.php\/produit\/ampoule-precieuse-pour-lhuile-sainte\/#primaryimage"},"image":{"@id":"https:\/\/www.spirit-us.eu\/index.php\/produit\/ampoule-precieuse-pour-lhuile-sainte\/#primaryimage"},"thumbnailUrl":"https:\/\/www.spirit-us.eu\/wp-content\/uploads\/2025\/04\/ampoule-avec-bouchon-a-visser-pour-huiles-saintes-couleur-or-chr-100-ml-1.jpg","datePublished":"2025-04-23T13:15:28+00:00","dateModified":"2025-12-20T09:36:00+00:00","breadcrumb":{"@id":"https:\/\/www.spirit-us.eu\/index.php\/produit\/ampoule-precieuse-pour-lhuile-sainte\/#breadcrumb"},"inLanguage":"fr-FR","potentialAction":[{"@type":"ReadAction","target":["https:\/\/www.spirit-us.eu\/index.php\/produit\/ampoule-precieuse-pour-lhuile-sainte\/"]}]},{"@type":"ImageObject","inLanguage":"fr-FR","@id":"https:\/\/www.spirit-us.eu\/index.php\/produit\/ampoule-precieuse-pour-lhuile-sainte\/#primaryimage","url":"https:\/\/www.spirit-us.eu\/wp-content\/uploads\/2025\/04\/ampoule-avec-bouchon-a-visser-pour-huiles-saintes-couleur-or-chr-100-ml-1.jpg","contentUrl":"https:\/\/www.spirit-us.eu\/wp-content\/uploads\/2025\/04\/ampoule-avec-bouchon-a-visser-pour-huiles-saintes-couleur-or-chr-100-ml-1.jpg","width":487,"height":500},{"@type":"BreadcrumbList","@id":"https:\/\/www.spirit-us.eu\/index.php\/produit\/ampoule-precieuse-pour-lhuile-sainte\/#breadcrumb","itemListElement":[{"@type":"ListItem","position":1,"name":"Accueil","item":"https:\/\/www.spirit-us.eu\/"},{"@type":"ListItem","position":2,"name":"Boutique","item":"https:\/\/www.spirit-us.eu\/index.php\/boutique\/"},{"@type":"ListItem","position":3,"name":"AMPOULE PRECIEUSE pour l\u2019HUILE SAINTE"}]},{"@type":"WebSite","@id":"https:\/\/www.spirit-us.eu\/#website","url":"https:\/\/www.spirit-us.eu\/","name":"Spirit-US","description":"","publisher":{"@id":"https:\/\/www.spirit-us.eu\/#organization"},"potentialAction":[{"@type":"SearchAction","target":{"@type":"EntryPoint","urlTemplate":"https:\/\/www.spirit-us.eu\/?s={search_term_string}"},"query-input":{"@type":"PropertyValueSpecification","valueRequired":true,"valueName":"search_term_string"}}],"inLanguage":"fr-FR"},{"@type":"Organization","@id":"https:\/\/www.spirit-us.eu\/#organization","name":"Spirit-US","url":"https:\/\/www.spirit-us.eu\/","logo":{"@type":"ImageObject","inLanguage":"fr-FR","@id":"https:\/\/www.spirit-us.eu\/#\/schema\/logo\/image\/","url":"https:\/\/www.spirit-us.eu\/wp-content\/uploads\/2025\/11\/logo-regarde-linterlocutrice-sans-arrriere-plan.jpg","contentUrl":"https:\/\/www.spirit-us.eu\/wp-content\/uploads\/2025\/11\/logo-regarde-linterlocutrice-sans-arrriere-plan.jpg","width":1080,"height":1080,"caption":"Spirit-US"},"image":{"@id":"https:\/\/www.spirit-us.eu\/#\/schema\/logo\/image\/"},"sameAs":["https:\/\/www.facebook.com\/spirit.us.deum"]}]}},"jetpack_sharing_enabled":true,"_links":{"self":[{"href":"https:\/\/www.spirit-us.eu\/index.php\/wp-json\/wp\/v2\/product\/1041","targetHints":{"allow":["GET"]}}],"collection":[{"href":"https:\/\/www.spirit-us.eu\/index.php\/wp-json\/wp\/v2\/product"}],"about":[{"href":"https:\/\/www.spirit-us.eu\/index.php\/wp-json\/wp\/v2\/types\/product"}],"replies":[{"embeddable":true,"href":"https:\/\/www.spirit-us.eu\/index.php\/wp-json\/wp\/v2\/comments?post=1041"}],"wp:featuredmedia":[{"embeddable":true,"href":"https:\/\/www.spirit-us.eu\/index.php\/wp-json\/wp\/v2\/media\/1042"}],"wp:attachment":[{"href":"https:\/\/www.spirit-us.eu\/index.php\/wp-json\/wp\/v2\/media?parent=1041"}],"wp:term":[{"taxonomy":"product_brand","embeddable":true,"href":"https:\/\/www.spirit-us.eu\/index.php\/wp-json\/wp\/v2\/product_brand?post=1041"},{"taxonomy":"product_cat","embeddable":true,"href":"https:\/\/www.spirit-us.eu\/index.php\/wp-json\/wp\/v2\/product_cat?post=1041"},{"taxonomy":"product_tag","embeddable":true,"href":"https:\/\/www.spirit-us.eu\/index.php\/wp-json\/wp\/v2\/product_tag?post=1041"},{"taxonomy":"mwb_booking_cost","embeddable":true,"href":"https:\/\/www.spirit-us.eu\/index.php\/wp-json\/wp\/v2\/mwb_booking_cost?post=1041"},{"taxonomy":"mwb_booking_service","embeddable":true,"href":"https:\/\/www.spirit-us.eu\/index.php\/wp-json\/wp\/v2\/mwb_booking_service?post=1041"}],"curies":[{"name":"wp","href":"https:\/\/api.w.org\/{rel}","templated":true}]}}