{"id":1036,"date":"2025-04-23T15:04:53","date_gmt":"2025-04-23T13:04:53","guid":{"rendered":"https:\/\/www.spirit-us.eu\/?post_type=product&#038;p=1036"},"modified":"2025-12-20T10:36:29","modified_gmt":"2025-12-20T09:36:29","slug":"ceremonie-de-benediction-de-lhuile-sainte","status":"publish","type":"product","link":"https:\/\/www.spirit-us.eu\/index.php\/produit\/ceremonie-de-benediction-de-lhuile-sainte\/","title":{"rendered":"CEREMONIE de BENEDICTION  de L&rsquo;HUILE SAINTE"},"content":{"rendered":"<p><span style=\"color: #333333;\">Trois huiles saintes sont utilis\u00e9es dans les exorcismes et les b\u00e9n\u00e9dictions.<\/span><\/p>\n<ol>\n<li><span style=\"color: #333333;\"><b>L&rsquo;huile des exorcismes <\/b>(<i>oleum sanctum<\/i>) pour lutter contre le mal.<\/span><\/li>\n<li><span style=\"color: #333333;\"><b>L&rsquo;huile des malades<\/b>(<i>oleum infirmorum<\/i>) pour lutter contre la maladie spirituelle, de l\u2019\u00e2me et il arrive qu\u2019elle accomplisse des miracles pour le corps.<\/span><\/li>\n<li><span style=\"color: #333333;\"><b>L\u2019huile chrismale <\/b>ou saint chr\u00eame(<i>sanctum chrisma<\/i>) pour l&rsquo;onction d\u2019un \u00eatre ou d\u2019un objet, c\u2019est-\u00e0-dire, pour sa cons\u00e9cration au Divin. Sa composition inclut le baume de Galaad, un onguent puissant.<\/span><\/li>\n<\/ol>\n<p><span style=\"color: #333333;\"><a style=\"color: #333333;\" href=\"https:\/\/fr.wikipedia.org\/wiki\/Huile_sainte\"><b>\u03c7\u03c1<\/b><b>\u03b9<\/b><b>\u03c3\u03bc\u03b1<\/b> \u00a0<\/a>signifie <i>onguent <\/i>en grec ancien.\u00a0 Christ, est celui dont Dieu a oint le front, en signe de sa royaut\u00e9 sur terre.<\/span><\/p>\n<p><span style=\"color: #333333;\">L&rsquo;huile est \u00e9galement un rem\u00e8de, un fortifiant, un parfum, une nourriture ou un \u00e9clairage. En ce sens, elle fait r\u00e9f\u00e9rence \u00e0 l\u2019action de l\u2019Esprit saint, qui \u00e9claire ce qui est cach\u00e9.\u00a0 Elle est donc un auxiliaire puissant pour les Proph\u00e8tes, les pr\u00e9cognitifs.<\/span><\/p>\n<p><span style=\"color: #333333;\">Une belle fa\u00e7on de se consacrer avant une s\u00e9ance de pr\u00e9cognition ou\u2014dit autrement\u2014de voyance, est d\u2019oindre le 3\u00e8me \u0153il avec cette huile chrismale.<\/span><\/p>\n<p><span style=\"color: #333333;\"><strong>Auteure<\/strong> : Lola Lacroix<\/span><\/p>\n<p><span style=\"color: #333333;\"><strong>Format<\/strong> : enregistrement audio mp3 &#8211; t\u00e9l\u00e9chargeable imm\u00e9diatement<\/span><\/p>\n<p><span style=\"color: #333333;\"><strong>Dur\u00e9e<\/strong> : 13 minutes<\/span><\/p>\n<p><span style=\"color: #333333;\"><strong>Musique<\/strong> : <em>Exsultate Justi\u00a0<\/em>(texte de la Renaissance en moyen fran\u00e7ais \/ auteur inconnu)<\/span><\/p>\n<p><span style=\"color: #333333;\"><strong>Taux vibratoire<\/strong> : 432 Hz (musique de la Joie) &#8211; E<strong>motion<\/strong> : la s\u00e9r\u00e9nit\u00e9<\/span><\/p>\n<p><span style=\"color: #333333;\"><strong>Niveau de conscience<\/strong> : 540 sur l&rsquo;\u00e9chelle de conscience de HAWKINS<\/span><\/p>\n","protected":false},"excerpt":{"rendered":"<p><span style=\"color: #333333;\">Enregistrement audio mp3, d&rsquo;une dur\u00e9e de 13 minutes, avec musique de Joie (<em>Exsultate Justi in Domino).<\/em><\/span><\/p>\n<p><span style=\"color: #333333;\">L&rsquo;exorcisme de l&rsquo;Huile est dit en latin, le livret t\u00e9l\u00e9chargeable qui accompagne l&rsquo;audio comporte les traductions. L&rsquo;audio est constitu\u00e9 de trois parties : l&rsquo;introduction, l&rsquo;exorcisme et une m\u00e9ditation sur cet outil spirituel extr\u00eamement puissant.<\/span><\/p>\n<p><span style=\"color: #333333;\">Huile de Justice, de Joie, de b\u00e9n\u00e9diction, huile qui apporte la prosp\u00e9rit\u00e9 divine et son abondance sacr\u00e9e.<\/span><\/p>\n<p><span style=\"color: #333333;\">Cet audio vous permet de disposer \u00e0 volont\u00e9 et \u00e0 vie de cette substance sacr\u00e9e qui est d&rsquo;un grand secours pour les malades, les ritu\u00e9lies d&rsquo;exorcismes &amp; pour la cons\u00e9cration d&rsquo;une personne, d&rsquo;un animal, d&rsquo;un v\u00e9g\u00e9tal ou d&rsquo;un objet, au Divin Cr\u00e9ateur.<\/span><\/p>\n<p>&nbsp;<\/p>\n","protected":false},"featured_media":1040,"comment_status":"open","ping_status":"closed","template":"","meta":[],"product_brand":[],"product_cat":[507,163,166,17,504],"product_tag":[],"mwb_booking_cost":[],"mwb_booking_service":[],"class_list":{"0":"post-1036","1":"product","2":"type-product","3":"status-publish","4":"has-post-thumbnail","6":"product_cat-003-eau-benitiers","7":"product_cat-07-plantes-huiles-remedes","8":"product_cat-07-spiritualite-et-benedictions","9":"product_cat-tous-les-produits","10":"product_cat-01-univers-sacre-accueil","12":"first","13":"instock","14":"downloadable","15":"virtual","16":"purchasable","17":"product-type-simple"},"yoast_head":"<!-- This site is optimized with the Yoast SEO plugin v27.1.1 - https:\/\/yoast.com\/product\/yoast-seo-wordpress\/ -->\n<title>CEREMONIE de BENEDICTION de L&#039;HUILE SAINTE - Spirit-US<\/title>\n<meta name=\"robots\" content=\"index, follow, max-snippet:-1, max-image-preview:large, max-video-preview:-1\" \/>\n<link rel=\"canonical\" href=\"https:\/\/www.spirit-us.eu\/index.php\/produit\/ceremonie-de-benediction-de-lhuile-sainte\/\" \/>\n<meta property=\"og:locale\" content=\"fr_FR\" \/>\n<meta property=\"og:type\" content=\"article\" \/>\n<meta property=\"og:title\" content=\"CEREMONIE de BENEDICTION de L&#039;HUILE SAINTE - Spirit-US\" \/>\n<meta property=\"og:description\" content=\"Enregistrement audio mp3, d&#039;une dur\u00e9e de 13 minutes, avec musique de Joie (Exsultate Justi in Domino).  L&#039;exorcisme de l&#039;Huile est dit en latin, le livret t\u00e9l\u00e9chargeable qui accompagne l&#039;audio comporte les traductions. L&#039;audio est constitu\u00e9 de trois parties : l&#039;introduction, l&#039;exorcisme et une m\u00e9ditation sur cet outil spirituel extr\u00eamement puissant.  Huile de Justice, de Joie, de b\u00e9n\u00e9diction, huile qui apporte la prosp\u00e9rit\u00e9 divine et son abondance sacr\u00e9e.  Cet audio vous permet de disposer \u00e0 volont\u00e9 et \u00e0 vie de cette substance sacr\u00e9e qui est d&#039;un grand secours pour les malades, les ritu\u00e9lies d&#039;exorcismes &amp; pour la cons\u00e9cration d&#039;une personne, d&#039;un animal, d&#039;un v\u00e9g\u00e9tal ou d&#039;un objet, au Divin Cr\u00e9ateur.  &nbsp;\" \/>\n<meta property=\"og:url\" content=\"https:\/\/www.spirit-us.eu\/index.php\/produit\/ceremonie-de-benediction-de-lhuile-sainte\/\" \/>\n<meta property=\"og:site_name\" content=\"Spirit-US\" \/>\n<meta property=\"article:publisher\" content=\"https:\/\/www.facebook.com\/spirit.us.deum\" \/>\n<meta property=\"article:modified_time\" content=\"2025-12-20T09:36:29+00:00\" \/>\n<meta property=\"og:image\" content=\"https:\/\/www.spirit-us.eu\/wp-content\/uploads\/2025\/04\/exorcisme-huile-image-produit.jpg\" \/>\n\t<meta property=\"og:image:width\" content=\"1080\" \/>\n\t<meta property=\"og:image:height\" content=\"1080\" \/>\n\t<meta property=\"og:image:type\" content=\"image\/jpeg\" \/>\n<meta name=\"twitter:card\" content=\"summary_large_image\" \/>\n<meta name=\"twitter:label1\" content=\"Dur\u00e9e de lecture estim\u00e9e\" \/>\n\t<meta name=\"twitter:data1\" content=\"1 minute\" \/>\n<script type=\"application\/ld+json\" class=\"yoast-schema-graph\">{\"@context\":\"https:\/\/schema.org\",\"@graph\":[{\"@type\":\"WebPage\",\"@id\":\"https:\/\/www.spirit-us.eu\/index.php\/produit\/ceremonie-de-benediction-de-lhuile-sainte\/\",\"url\":\"https:\/\/www.spirit-us.eu\/index.php\/produit\/ceremonie-de-benediction-de-lhuile-sainte\/\",\"name\":\"CEREMONIE de BENEDICTION de L'HUILE SAINTE - Spirit-US\",\"isPartOf\":{\"@id\":\"https:\/\/www.spirit-us.eu\/#website\"},\"primaryImageOfPage\":{\"@id\":\"https:\/\/www.spirit-us.eu\/index.php\/produit\/ceremonie-de-benediction-de-lhuile-sainte\/#primaryimage\"},\"image\":{\"@id\":\"https:\/\/www.spirit-us.eu\/index.php\/produit\/ceremonie-de-benediction-de-lhuile-sainte\/#primaryimage\"},\"thumbnailUrl\":\"https:\/\/www.spirit-us.eu\/wp-content\/uploads\/2025\/04\/exorcisme-huile-image-produit.jpg\",\"datePublished\":\"2025-04-23T13:04:53+00:00\",\"dateModified\":\"2025-12-20T09:36:29+00:00\",\"breadcrumb\":{\"@id\":\"https:\/\/www.spirit-us.eu\/index.php\/produit\/ceremonie-de-benediction-de-lhuile-sainte\/#breadcrumb\"},\"inLanguage\":\"fr-FR\",\"potentialAction\":[{\"@type\":\"ReadAction\",\"target\":[\"https:\/\/www.spirit-us.eu\/index.php\/produit\/ceremonie-de-benediction-de-lhuile-sainte\/\"]}]},{\"@type\":\"ImageObject\",\"inLanguage\":\"fr-FR\",\"@id\":\"https:\/\/www.spirit-us.eu\/index.php\/produit\/ceremonie-de-benediction-de-lhuile-sainte\/#primaryimage\",\"url\":\"https:\/\/www.spirit-us.eu\/wp-content\/uploads\/2025\/04\/exorcisme-huile-image-produit.jpg\",\"contentUrl\":\"https:\/\/www.spirit-us.eu\/wp-content\/uploads\/2025\/04\/exorcisme-huile-image-produit.jpg\",\"width\":1080,\"height\":1080},{\"@type\":\"BreadcrumbList\",\"@id\":\"https:\/\/www.spirit-us.eu\/index.php\/produit\/ceremonie-de-benediction-de-lhuile-sainte\/#breadcrumb\",\"itemListElement\":[{\"@type\":\"ListItem\",\"position\":1,\"name\":\"Accueil\",\"item\":\"https:\/\/www.spirit-us.eu\/\"},{\"@type\":\"ListItem\",\"position\":2,\"name\":\"Boutique\",\"item\":\"https:\/\/www.spirit-us.eu\/index.php\/boutique\/\"},{\"@type\":\"ListItem\",\"position\":3,\"name\":\"CEREMONIE de BENEDICTION de L&rsquo;HUILE SAINTE\"}]},{\"@type\":\"WebSite\",\"@id\":\"https:\/\/www.spirit-us.eu\/#website\",\"url\":\"https:\/\/www.spirit-us.eu\/\",\"name\":\"Spirit-US\",\"description\":\"\",\"publisher\":{\"@id\":\"https:\/\/www.spirit-us.eu\/#organization\"},\"potentialAction\":[{\"@type\":\"SearchAction\",\"target\":{\"@type\":\"EntryPoint\",\"urlTemplate\":\"https:\/\/www.spirit-us.eu\/?s={search_term_string}\"},\"query-input\":{\"@type\":\"PropertyValueSpecification\",\"valueRequired\":true,\"valueName\":\"search_term_string\"}}],\"inLanguage\":\"fr-FR\"},{\"@type\":\"Organization\",\"@id\":\"https:\/\/www.spirit-us.eu\/#organization\",\"name\":\"Spirit-US\",\"url\":\"https:\/\/www.spirit-us.eu\/\",\"logo\":{\"@type\":\"ImageObject\",\"inLanguage\":\"fr-FR\",\"@id\":\"https:\/\/www.spirit-us.eu\/#\/schema\/logo\/image\/\",\"url\":\"https:\/\/www.spirit-us.eu\/wp-content\/uploads\/2025\/11\/logo-regarde-linterlocutrice-sans-arrriere-plan.jpg\",\"contentUrl\":\"https:\/\/www.spirit-us.eu\/wp-content\/uploads\/2025\/11\/logo-regarde-linterlocutrice-sans-arrriere-plan.jpg\",\"width\":1080,\"height\":1080,\"caption\":\"Spirit-US\"},\"image\":{\"@id\":\"https:\/\/www.spirit-us.eu\/#\/schema\/logo\/image\/\"},\"sameAs\":[\"https:\/\/www.facebook.com\/spirit.us.deum\"]}]}<\/script>\n<!-- \/ Yoast SEO plugin. -->","yoast_head_json":{"title":"CEREMONIE de BENEDICTION de L'HUILE SAINTE - Spirit-US","robots":{"index":"index","follow":"follow","max-snippet":"max-snippet:-1","max-image-preview":"max-image-preview:large","max-video-preview":"max-video-preview:-1"},"canonical":"https:\/\/www.spirit-us.eu\/index.php\/produit\/ceremonie-de-benediction-de-lhuile-sainte\/","og_locale":"fr_FR","og_type":"article","og_title":"CEREMONIE de BENEDICTION de L'HUILE SAINTE - Spirit-US","og_description":"Enregistrement audio mp3, d'une dur\u00e9e de 13 minutes, avec musique de Joie (Exsultate Justi in Domino).  L'exorcisme de l'Huile est dit en latin, le livret t\u00e9l\u00e9chargeable qui accompagne l'audio comporte les traductions. L'audio est constitu\u00e9 de trois parties : l'introduction, l'exorcisme et une m\u00e9ditation sur cet outil spirituel extr\u00eamement puissant.  Huile de Justice, de Joie, de b\u00e9n\u00e9diction, huile qui apporte la prosp\u00e9rit\u00e9 divine et son abondance sacr\u00e9e.  Cet audio vous permet de disposer \u00e0 volont\u00e9 et \u00e0 vie de cette substance sacr\u00e9e qui est d'un grand secours pour les malades, les ritu\u00e9lies d'exorcismes &amp; pour la cons\u00e9cration d'une personne, d'un animal, d'un v\u00e9g\u00e9tal ou d'un objet, au Divin Cr\u00e9ateur.  &nbsp;","og_url":"https:\/\/www.spirit-us.eu\/index.php\/produit\/ceremonie-de-benediction-de-lhuile-sainte\/","og_site_name":"Spirit-US","article_publisher":"https:\/\/www.facebook.com\/spirit.us.deum","article_modified_time":"2025-12-20T09:36:29+00:00","og_image":[{"width":1080,"height":1080,"url":"https:\/\/www.spirit-us.eu\/wp-content\/uploads\/2025\/04\/exorcisme-huile-image-produit.jpg","type":"image\/jpeg"}],"twitter_card":"summary_large_image","twitter_misc":{"Dur\u00e9e de lecture estim\u00e9e":"1 minute"},"schema":{"@context":"https:\/\/schema.org","@graph":[{"@type":"WebPage","@id":"https:\/\/www.spirit-us.eu\/index.php\/produit\/ceremonie-de-benediction-de-lhuile-sainte\/","url":"https:\/\/www.spirit-us.eu\/index.php\/produit\/ceremonie-de-benediction-de-lhuile-sainte\/","name":"CEREMONIE de BENEDICTION de L'HUILE SAINTE - Spirit-US","isPartOf":{"@id":"https:\/\/www.spirit-us.eu\/#website"},"primaryImageOfPage":{"@id":"https:\/\/www.spirit-us.eu\/index.php\/produit\/ceremonie-de-benediction-de-lhuile-sainte\/#primaryimage"},"image":{"@id":"https:\/\/www.spirit-us.eu\/index.php\/produit\/ceremonie-de-benediction-de-lhuile-sainte\/#primaryimage"},"thumbnailUrl":"https:\/\/www.spirit-us.eu\/wp-content\/uploads\/2025\/04\/exorcisme-huile-image-produit.jpg","datePublished":"2025-04-23T13:04:53+00:00","dateModified":"2025-12-20T09:36:29+00:00","breadcrumb":{"@id":"https:\/\/www.spirit-us.eu\/index.php\/produit\/ceremonie-de-benediction-de-lhuile-sainte\/#breadcrumb"},"inLanguage":"fr-FR","potentialAction":[{"@type":"ReadAction","target":["https:\/\/www.spirit-us.eu\/index.php\/produit\/ceremonie-de-benediction-de-lhuile-sainte\/"]}]},{"@type":"ImageObject","inLanguage":"fr-FR","@id":"https:\/\/www.spirit-us.eu\/index.php\/produit\/ceremonie-de-benediction-de-lhuile-sainte\/#primaryimage","url":"https:\/\/www.spirit-us.eu\/wp-content\/uploads\/2025\/04\/exorcisme-huile-image-produit.jpg","contentUrl":"https:\/\/www.spirit-us.eu\/wp-content\/uploads\/2025\/04\/exorcisme-huile-image-produit.jpg","width":1080,"height":1080},{"@type":"BreadcrumbList","@id":"https:\/\/www.spirit-us.eu\/index.php\/produit\/ceremonie-de-benediction-de-lhuile-sainte\/#breadcrumb","itemListElement":[{"@type":"ListItem","position":1,"name":"Accueil","item":"https:\/\/www.spirit-us.eu\/"},{"@type":"ListItem","position":2,"name":"Boutique","item":"https:\/\/www.spirit-us.eu\/index.php\/boutique\/"},{"@type":"ListItem","position":3,"name":"CEREMONIE de BENEDICTION de L&rsquo;HUILE SAINTE"}]},{"@type":"WebSite","@id":"https:\/\/www.spirit-us.eu\/#website","url":"https:\/\/www.spirit-us.eu\/","name":"Spirit-US","description":"","publisher":{"@id":"https:\/\/www.spirit-us.eu\/#organization"},"potentialAction":[{"@type":"SearchAction","target":{"@type":"EntryPoint","urlTemplate":"https:\/\/www.spirit-us.eu\/?s={search_term_string}"},"query-input":{"@type":"PropertyValueSpecification","valueRequired":true,"valueName":"search_term_string"}}],"inLanguage":"fr-FR"},{"@type":"Organization","@id":"https:\/\/www.spirit-us.eu\/#organization","name":"Spirit-US","url":"https:\/\/www.spirit-us.eu\/","logo":{"@type":"ImageObject","inLanguage":"fr-FR","@id":"https:\/\/www.spirit-us.eu\/#\/schema\/logo\/image\/","url":"https:\/\/www.spirit-us.eu\/wp-content\/uploads\/2025\/11\/logo-regarde-linterlocutrice-sans-arrriere-plan.jpg","contentUrl":"https:\/\/www.spirit-us.eu\/wp-content\/uploads\/2025\/11\/logo-regarde-linterlocutrice-sans-arrriere-plan.jpg","width":1080,"height":1080,"caption":"Spirit-US"},"image":{"@id":"https:\/\/www.spirit-us.eu\/#\/schema\/logo\/image\/"},"sameAs":["https:\/\/www.facebook.com\/spirit.us.deum"]}]}},"jetpack_sharing_enabled":true,"_links":{"self":[{"href":"https:\/\/www.spirit-us.eu\/index.php\/wp-json\/wp\/v2\/product\/1036","targetHints":{"allow":["GET"]}}],"collection":[{"href":"https:\/\/www.spirit-us.eu\/index.php\/wp-json\/wp\/v2\/product"}],"about":[{"href":"https:\/\/www.spirit-us.eu\/index.php\/wp-json\/wp\/v2\/types\/product"}],"replies":[{"embeddable":true,"href":"https:\/\/www.spirit-us.eu\/index.php\/wp-json\/wp\/v2\/comments?post=1036"}],"wp:featuredmedia":[{"embeddable":true,"href":"https:\/\/www.spirit-us.eu\/index.php\/wp-json\/wp\/v2\/media\/1040"}],"wp:attachment":[{"href":"https:\/\/www.spirit-us.eu\/index.php\/wp-json\/wp\/v2\/media?parent=1036"}],"wp:term":[{"taxonomy":"product_brand","embeddable":true,"href":"https:\/\/www.spirit-us.eu\/index.php\/wp-json\/wp\/v2\/product_brand?post=1036"},{"taxonomy":"product_cat","embeddable":true,"href":"https:\/\/www.spirit-us.eu\/index.php\/wp-json\/wp\/v2\/product_cat?post=1036"},{"taxonomy":"product_tag","embeddable":true,"href":"https:\/\/www.spirit-us.eu\/index.php\/wp-json\/wp\/v2\/product_tag?post=1036"},{"taxonomy":"mwb_booking_cost","embeddable":true,"href":"https:\/\/www.spirit-us.eu\/index.php\/wp-json\/wp\/v2\/mwb_booking_cost?post=1036"},{"taxonomy":"mwb_booking_service","embeddable":true,"href":"https:\/\/www.spirit-us.eu\/index.php\/wp-json\/wp\/v2\/mwb_booking_service?post=1036"}],"curies":[{"name":"wp","href":"https:\/\/api.w.org\/{rel}","templated":true}]}}