{"id":1028,"date":"2025-04-23T14:56:30","date_gmt":"2025-04-23T12:56:30","guid":{"rendered":"https:\/\/www.spirit-us.eu\/?post_type=product&#038;p=1028"},"modified":"2025-12-20T10:37:21","modified_gmt":"2025-12-20T09:37:21","slug":"ampoules-huile-sainte-en-ceramique","status":"publish","type":"product","link":"https:\/\/www.spirit-us.eu\/index.php\/produit\/ampoules-huile-sainte-en-ceramique\/","title":{"rendered":"AMPOULES HUILE SAINTE EN CERAMIQUE"},"content":{"rendered":"<p>Disponibles en 2 couleurs [terracotta &amp; bleue] :<\/p>\n<p><strong>Hauteur : <\/strong>9.5 cm<\/p>\n<p><strong>Diam\u00e8tre : <\/strong>5.4 cm<\/p>\n<p><strong>Largeur petite assiette : <\/strong>23.5 cm<\/p>\n<p><strong>Mat\u00e9riau<\/strong>\u00a0: c\u00e9ramique<\/p>\n<p><strong>Origine : <\/strong>Italie<\/p>\n<p><strong>Couleur<\/strong>\u00a0: terracotta et or<\/p>\n<p>Ecoresponsable et respectueux des artisan.es<\/p>\n<p>Procurez-vous la c\u00e9r\u00e9monie de b\u00e9n\u00e9diction de l&rsquo;huile et de l&rsquo;huile des malades de Jean Semp\u00e9 par ce lien : <a href=\"https:\/\/www.spirit-us.eu\/index.php\/produit\/ceremonie-de-benediction-de-lhuile-sainte\/\" target=\"_blank\" rel=\"noopener\">https:\/\/www.spirit-us.eu\/index.php\/produit\/ceremonie-de-benediction-de-lhuile-sainte\/<\/a><\/p>\n","protected":false},"excerpt":{"rendered":"<p>Ampoules r\u00e9alis\u00e9es et peintes \u00e0 la main, r\u00e9solument modernes, pour accueillir un \u00e9l\u00e9ment de b\u00e9n\u00e9diction tr\u00e8s ancien \u2013 ancien de plus de 3.000 ans &#8211; et perp\u00e9tuellement renouvel\u00e9 dans la pri\u00e8re.\u00a0 L\u2019huile sainte sert \u00e0 consacrer et oindre aussi bien les personnes, que les lieux ou les animaux\u00a0; elle sert aux malades et permet en magn\u00e9tisme de potentialiser les effets des soins dispens\u00e9s.\u00a0 Cette huile miraculeuse m\u00e9rite un \u00e9crin pr\u00e9cieux\u00a0: en voici un, qui conservera l\u2019huile une fois que vous l\u2019aurez b\u00e9nie. Trouvez la c\u00e9r\u00e9monie de b\u00e9n\u00e9diction de l\u2019huile dans la description.<\/p>\n","protected":false},"featured_media":1029,"comment_status":"open","ping_status":"closed","template":"","meta":[],"product_brand":[],"product_cat":[507,17,504],"product_tag":[],"mwb_booking_cost":[],"mwb_booking_service":[],"class_list":{"0":"post-1028","1":"product","2":"type-product","3":"status-publish","4":"has-post-thumbnail","6":"product_cat-003-eau-benitiers","7":"product_cat-tous-les-produits","8":"product_cat-01-univers-sacre-accueil","10":"first","11":"instock","12":"shipping-taxable","13":"purchasable","14":"product-type-simple"},"yoast_head":"<!-- This site is optimized with the Yoast SEO plugin v27.1.1 - https:\/\/yoast.com\/product\/yoast-seo-wordpress\/ -->\n<title>AMPOULES HUILE SAINTE EN CERAMIQUE - Spirit-US<\/title>\n<meta name=\"robots\" content=\"index, follow, max-snippet:-1, max-image-preview:large, max-video-preview:-1\" \/>\n<link rel=\"canonical\" href=\"https:\/\/www.spirit-us.eu\/index.php\/produit\/ampoules-huile-sainte-en-ceramique\/\" \/>\n<meta property=\"og:locale\" content=\"fr_FR\" \/>\n<meta property=\"og:type\" content=\"article\" \/>\n<meta property=\"og:title\" content=\"AMPOULES HUILE SAINTE EN CERAMIQUE - Spirit-US\" \/>\n<meta property=\"og:description\" content=\"Ampoules r\u00e9alis\u00e9es et peintes \u00e0 la main, r\u00e9solument modernes, pour accueillir un \u00e9l\u00e9ment de b\u00e9n\u00e9diction tr\u00e8s ancien \u2013 ancien de plus de 3.000 ans - et perp\u00e9tuellement renouvel\u00e9 dans la pri\u00e8re.\u00a0 L\u2019huile sainte sert \u00e0 consacrer et oindre aussi bien les personnes, que les lieux ou les animaux\u00a0; elle sert aux malades et permet en magn\u00e9tisme de potentialiser les effets des soins dispens\u00e9s.\u00a0 Cette huile miraculeuse m\u00e9rite un \u00e9crin pr\u00e9cieux\u00a0: en voici un, qui conservera l\u2019huile une fois que vous l\u2019aurez b\u00e9nie. Trouvez la c\u00e9r\u00e9monie de b\u00e9n\u00e9diction de l\u2019huile dans la description.\" \/>\n<meta property=\"og:url\" content=\"https:\/\/www.spirit-us.eu\/index.php\/produit\/ampoules-huile-sainte-en-ceramique\/\" \/>\n<meta property=\"og:site_name\" content=\"Spirit-US\" \/>\n<meta property=\"article:publisher\" content=\"https:\/\/www.facebook.com\/spirit.us.deum\" \/>\n<meta property=\"article:modified_time\" content=\"2025-12-20T09:37:21+00:00\" \/>\n<meta property=\"og:image\" content=\"https:\/\/www.spirit-us.eu\/wp-content\/uploads\/2025\/04\/image-produit-terracotta-scaled.png\" \/>\n\t<meta property=\"og:image:width\" content=\"2560\" \/>\n\t<meta property=\"og:image:height\" content=\"2560\" \/>\n\t<meta property=\"og:image:type\" content=\"image\/png\" \/>\n<meta name=\"twitter:card\" content=\"summary_large_image\" \/>\n<script type=\"application\/ld+json\" class=\"yoast-schema-graph\">{\"@context\":\"https:\/\/schema.org\",\"@graph\":[{\"@type\":\"WebPage\",\"@id\":\"https:\/\/www.spirit-us.eu\/index.php\/produit\/ampoules-huile-sainte-en-ceramique\/\",\"url\":\"https:\/\/www.spirit-us.eu\/index.php\/produit\/ampoules-huile-sainte-en-ceramique\/\",\"name\":\"AMPOULES HUILE SAINTE EN CERAMIQUE - Spirit-US\",\"isPartOf\":{\"@id\":\"https:\/\/www.spirit-us.eu\/#website\"},\"primaryImageOfPage\":{\"@id\":\"https:\/\/www.spirit-us.eu\/index.php\/produit\/ampoules-huile-sainte-en-ceramique\/#primaryimage\"},\"image\":{\"@id\":\"https:\/\/www.spirit-us.eu\/index.php\/produit\/ampoules-huile-sainte-en-ceramique\/#primaryimage\"},\"thumbnailUrl\":\"https:\/\/www.spirit-us.eu\/wp-content\/uploads\/2025\/04\/image-produit-terracotta-scaled.png\",\"datePublished\":\"2025-04-23T12:56:30+00:00\",\"dateModified\":\"2025-12-20T09:37:21+00:00\",\"breadcrumb\":{\"@id\":\"https:\/\/www.spirit-us.eu\/index.php\/produit\/ampoules-huile-sainte-en-ceramique\/#breadcrumb\"},\"inLanguage\":\"fr-FR\",\"potentialAction\":[{\"@type\":\"ReadAction\",\"target\":[\"https:\/\/www.spirit-us.eu\/index.php\/produit\/ampoules-huile-sainte-en-ceramique\/\"]}]},{\"@type\":\"ImageObject\",\"inLanguage\":\"fr-FR\",\"@id\":\"https:\/\/www.spirit-us.eu\/index.php\/produit\/ampoules-huile-sainte-en-ceramique\/#primaryimage\",\"url\":\"https:\/\/www.spirit-us.eu\/wp-content\/uploads\/2025\/04\/image-produit-terracotta-scaled.png\",\"contentUrl\":\"https:\/\/www.spirit-us.eu\/wp-content\/uploads\/2025\/04\/image-produit-terracotta-scaled.png\",\"width\":2560,\"height\":2560},{\"@type\":\"BreadcrumbList\",\"@id\":\"https:\/\/www.spirit-us.eu\/index.php\/produit\/ampoules-huile-sainte-en-ceramique\/#breadcrumb\",\"itemListElement\":[{\"@type\":\"ListItem\",\"position\":1,\"name\":\"Accueil\",\"item\":\"https:\/\/www.spirit-us.eu\/\"},{\"@type\":\"ListItem\",\"position\":2,\"name\":\"Boutique\",\"item\":\"https:\/\/www.spirit-us.eu\/index.php\/boutique\/\"},{\"@type\":\"ListItem\",\"position\":3,\"name\":\"AMPOULES HUILE SAINTE EN CERAMIQUE\"}]},{\"@type\":\"WebSite\",\"@id\":\"https:\/\/www.spirit-us.eu\/#website\",\"url\":\"https:\/\/www.spirit-us.eu\/\",\"name\":\"Spirit-US\",\"description\":\"\",\"publisher\":{\"@id\":\"https:\/\/www.spirit-us.eu\/#organization\"},\"potentialAction\":[{\"@type\":\"SearchAction\",\"target\":{\"@type\":\"EntryPoint\",\"urlTemplate\":\"https:\/\/www.spirit-us.eu\/?s={search_term_string}\"},\"query-input\":{\"@type\":\"PropertyValueSpecification\",\"valueRequired\":true,\"valueName\":\"search_term_string\"}}],\"inLanguage\":\"fr-FR\"},{\"@type\":\"Organization\",\"@id\":\"https:\/\/www.spirit-us.eu\/#organization\",\"name\":\"Spirit-US\",\"url\":\"https:\/\/www.spirit-us.eu\/\",\"logo\":{\"@type\":\"ImageObject\",\"inLanguage\":\"fr-FR\",\"@id\":\"https:\/\/www.spirit-us.eu\/#\/schema\/logo\/image\/\",\"url\":\"https:\/\/www.spirit-us.eu\/wp-content\/uploads\/2025\/11\/logo-regarde-linterlocutrice-sans-arrriere-plan.jpg\",\"contentUrl\":\"https:\/\/www.spirit-us.eu\/wp-content\/uploads\/2025\/11\/logo-regarde-linterlocutrice-sans-arrriere-plan.jpg\",\"width\":1080,\"height\":1080,\"caption\":\"Spirit-US\"},\"image\":{\"@id\":\"https:\/\/www.spirit-us.eu\/#\/schema\/logo\/image\/\"},\"sameAs\":[\"https:\/\/www.facebook.com\/spirit.us.deum\"]}]}<\/script>\n<!-- \/ Yoast SEO plugin. -->","yoast_head_json":{"title":"AMPOULES HUILE SAINTE EN CERAMIQUE - Spirit-US","robots":{"index":"index","follow":"follow","max-snippet":"max-snippet:-1","max-image-preview":"max-image-preview:large","max-video-preview":"max-video-preview:-1"},"canonical":"https:\/\/www.spirit-us.eu\/index.php\/produit\/ampoules-huile-sainte-en-ceramique\/","og_locale":"fr_FR","og_type":"article","og_title":"AMPOULES HUILE SAINTE EN CERAMIQUE - Spirit-US","og_description":"Ampoules r\u00e9alis\u00e9es et peintes \u00e0 la main, r\u00e9solument modernes, pour accueillir un \u00e9l\u00e9ment de b\u00e9n\u00e9diction tr\u00e8s ancien \u2013 ancien de plus de 3.000 ans - et perp\u00e9tuellement renouvel\u00e9 dans la pri\u00e8re.\u00a0 L\u2019huile sainte sert \u00e0 consacrer et oindre aussi bien les personnes, que les lieux ou les animaux\u00a0; elle sert aux malades et permet en magn\u00e9tisme de potentialiser les effets des soins dispens\u00e9s.\u00a0 Cette huile miraculeuse m\u00e9rite un \u00e9crin pr\u00e9cieux\u00a0: en voici un, qui conservera l\u2019huile une fois que vous l\u2019aurez b\u00e9nie. Trouvez la c\u00e9r\u00e9monie de b\u00e9n\u00e9diction de l\u2019huile dans la description.","og_url":"https:\/\/www.spirit-us.eu\/index.php\/produit\/ampoules-huile-sainte-en-ceramique\/","og_site_name":"Spirit-US","article_publisher":"https:\/\/www.facebook.com\/spirit.us.deum","article_modified_time":"2025-12-20T09:37:21+00:00","og_image":[{"width":2560,"height":2560,"url":"https:\/\/www.spirit-us.eu\/wp-content\/uploads\/2025\/04\/image-produit-terracotta-scaled.png","type":"image\/png"}],"twitter_card":"summary_large_image","schema":{"@context":"https:\/\/schema.org","@graph":[{"@type":"WebPage","@id":"https:\/\/www.spirit-us.eu\/index.php\/produit\/ampoules-huile-sainte-en-ceramique\/","url":"https:\/\/www.spirit-us.eu\/index.php\/produit\/ampoules-huile-sainte-en-ceramique\/","name":"AMPOULES HUILE SAINTE EN CERAMIQUE - Spirit-US","isPartOf":{"@id":"https:\/\/www.spirit-us.eu\/#website"},"primaryImageOfPage":{"@id":"https:\/\/www.spirit-us.eu\/index.php\/produit\/ampoules-huile-sainte-en-ceramique\/#primaryimage"},"image":{"@id":"https:\/\/www.spirit-us.eu\/index.php\/produit\/ampoules-huile-sainte-en-ceramique\/#primaryimage"},"thumbnailUrl":"https:\/\/www.spirit-us.eu\/wp-content\/uploads\/2025\/04\/image-produit-terracotta-scaled.png","datePublished":"2025-04-23T12:56:30+00:00","dateModified":"2025-12-20T09:37:21+00:00","breadcrumb":{"@id":"https:\/\/www.spirit-us.eu\/index.php\/produit\/ampoules-huile-sainte-en-ceramique\/#breadcrumb"},"inLanguage":"fr-FR","potentialAction":[{"@type":"ReadAction","target":["https:\/\/www.spirit-us.eu\/index.php\/produit\/ampoules-huile-sainte-en-ceramique\/"]}]},{"@type":"ImageObject","inLanguage":"fr-FR","@id":"https:\/\/www.spirit-us.eu\/index.php\/produit\/ampoules-huile-sainte-en-ceramique\/#primaryimage","url":"https:\/\/www.spirit-us.eu\/wp-content\/uploads\/2025\/04\/image-produit-terracotta-scaled.png","contentUrl":"https:\/\/www.spirit-us.eu\/wp-content\/uploads\/2025\/04\/image-produit-terracotta-scaled.png","width":2560,"height":2560},{"@type":"BreadcrumbList","@id":"https:\/\/www.spirit-us.eu\/index.php\/produit\/ampoules-huile-sainte-en-ceramique\/#breadcrumb","itemListElement":[{"@type":"ListItem","position":1,"name":"Accueil","item":"https:\/\/www.spirit-us.eu\/"},{"@type":"ListItem","position":2,"name":"Boutique","item":"https:\/\/www.spirit-us.eu\/index.php\/boutique\/"},{"@type":"ListItem","position":3,"name":"AMPOULES HUILE SAINTE EN CERAMIQUE"}]},{"@type":"WebSite","@id":"https:\/\/www.spirit-us.eu\/#website","url":"https:\/\/www.spirit-us.eu\/","name":"Spirit-US","description":"","publisher":{"@id":"https:\/\/www.spirit-us.eu\/#organization"},"potentialAction":[{"@type":"SearchAction","target":{"@type":"EntryPoint","urlTemplate":"https:\/\/www.spirit-us.eu\/?s={search_term_string}"},"query-input":{"@type":"PropertyValueSpecification","valueRequired":true,"valueName":"search_term_string"}}],"inLanguage":"fr-FR"},{"@type":"Organization","@id":"https:\/\/www.spirit-us.eu\/#organization","name":"Spirit-US","url":"https:\/\/www.spirit-us.eu\/","logo":{"@type":"ImageObject","inLanguage":"fr-FR","@id":"https:\/\/www.spirit-us.eu\/#\/schema\/logo\/image\/","url":"https:\/\/www.spirit-us.eu\/wp-content\/uploads\/2025\/11\/logo-regarde-linterlocutrice-sans-arrriere-plan.jpg","contentUrl":"https:\/\/www.spirit-us.eu\/wp-content\/uploads\/2025\/11\/logo-regarde-linterlocutrice-sans-arrriere-plan.jpg","width":1080,"height":1080,"caption":"Spirit-US"},"image":{"@id":"https:\/\/www.spirit-us.eu\/#\/schema\/logo\/image\/"},"sameAs":["https:\/\/www.facebook.com\/spirit.us.deum"]}]}},"jetpack_sharing_enabled":true,"_links":{"self":[{"href":"https:\/\/www.spirit-us.eu\/index.php\/wp-json\/wp\/v2\/product\/1028","targetHints":{"allow":["GET"]}}],"collection":[{"href":"https:\/\/www.spirit-us.eu\/index.php\/wp-json\/wp\/v2\/product"}],"about":[{"href":"https:\/\/www.spirit-us.eu\/index.php\/wp-json\/wp\/v2\/types\/product"}],"replies":[{"embeddable":true,"href":"https:\/\/www.spirit-us.eu\/index.php\/wp-json\/wp\/v2\/comments?post=1028"}],"wp:featuredmedia":[{"embeddable":true,"href":"https:\/\/www.spirit-us.eu\/index.php\/wp-json\/wp\/v2\/media\/1029"}],"wp:attachment":[{"href":"https:\/\/www.spirit-us.eu\/index.php\/wp-json\/wp\/v2\/media?parent=1028"}],"wp:term":[{"taxonomy":"product_brand","embeddable":true,"href":"https:\/\/www.spirit-us.eu\/index.php\/wp-json\/wp\/v2\/product_brand?post=1028"},{"taxonomy":"product_cat","embeddable":true,"href":"https:\/\/www.spirit-us.eu\/index.php\/wp-json\/wp\/v2\/product_cat?post=1028"},{"taxonomy":"product_tag","embeddable":true,"href":"https:\/\/www.spirit-us.eu\/index.php\/wp-json\/wp\/v2\/product_tag?post=1028"},{"taxonomy":"mwb_booking_cost","embeddable":true,"href":"https:\/\/www.spirit-us.eu\/index.php\/wp-json\/wp\/v2\/mwb_booking_cost?post=1028"},{"taxonomy":"mwb_booking_service","embeddable":true,"href":"https:\/\/www.spirit-us.eu\/index.php\/wp-json\/wp\/v2\/mwb_booking_service?post=1028"}],"curies":[{"name":"wp","href":"https:\/\/api.w.org\/{rel}","templated":true}]}}